{"id":26700,"date":"2026-01-20T16:42:59","date_gmt":"2026-01-20T13:42:59","guid":{"rendered":"https:\/\/www.facecorner.lv\/?post_type=product&#038;p=26700"},"modified":"2026-03-05T13:17:02","modified_gmt":"2026-03-05T10:17:02","slug":"growus-damage-therapy-hair-treatment-intensiva-atjaunojosa-kopsana-bojatiem-matiem-220g","status":"publish","type":"product","link":"https:\/\/www.facecorner.lv\/en\/shop\/growus-damage-therapy-hair-treatment-intensiva-atjaunojosa-kopsana-bojatiem-matiem-220g\/","title":{"rendered":"Growus Damage Therapy Hair Treatment intens\u012bva atjaunojo\u0161a kop\u0161ana boj\u0101tiem matiem 220g"},"content":{"rendered":"<p>Growus Damage Therapy Hair Treatment \u2014 profesion\u0101ls atjaunojo\u0161s l\u012bdzeklis, kas izstr\u0101d\u0101ts sausiem, trausliem un boj\u0101tiem matiem dzi\u013cai re\u0123ener\u0101cijai. \u0160\u012b atjaunojo\u0161\u0101 maska-terapija iek\u013c\u016bst matu strukt\u016br\u0101, nostiprina un nosl\u0113dz kutikulu, pie\u0161\u0137ir gludumu, maigumu un aizsardz\u012bbu pret turpm\u0101kiem boj\u0101jumiem.<\/p>\n<p>Regul\u0101ra lieto\u0161ana pal\u012bdz iev\u0113rojami uzlabot matu tekst\u016bru, samazin\u0101t l\u016b\u0161anu, nov\u0113rst p\u016bkain\u012bbu un padar\u012bt matus paklaus\u012bg\u0101kus, mitrin\u0101tus un sp\u012bd\u012bgus.Growus Damage Therapy Hair Treatment \u2014 intens\u012bva atjaunojo\u0161a kop\u0161ana boj\u0101tiem matiem.<\/p>\n<h6>Priek\u0161roc\u012bbas:<\/h6>\n<ul>\n<li>dzi\u013ci atjauno matu strukt\u016bru<\/li>\n<li>intens\u012bvi mitrina<\/li>\n<li>nostiprina un palielina elast\u012bbu<\/li>\n<li>izl\u012bdzina un pie\u0161\u0137ir sp\u012bdumu<\/li>\n<li>atvieglo \u0137emm\u0113\u0161anu<\/li>\n<li>piem\u0113rots visiem boj\u0101tu matu tipiem<\/li>\n<\/ul>\n<p><strong>How to use:<\/strong> P\u0113c matu mazg\u0101\u0161anas uzkl\u0101jiet l\u012bdzekli uz ar dvieli nosusin\u0101tiem matiem, izl\u012bdziniet pa visu garumu, izvairoties no sakn\u0113m. Atst\u0101jiet uz 3\u20135 min\u016bt\u0113m, p\u0113c tam r\u016bp\u012bgi noskalojiet ar siltu \u016bdeni. Lai pastiprin\u0101tu efektu, lietojiet 1\u20132 reizes ned\u0113\u013c\u0101.<\/p>\n<p><strong>Sast\u0101vs: <\/strong>Aqua, Cetearyl Alcohol, Behentrimonium Chloride, Argania Spinosa Kernel Oil, Hydrolyzed Keratin, Panthenol, Shea Butter (Butyrospermum Parkii), Glycerin, Hydrolyzed Silk Protein, Dimethicone, Citric Acid, Phenoxyethanol, Ethylhexylglycerin, Parfum.<\/p>","protected":false},"excerpt":{"rendered":"<p>Growus Damage Therapy Hair Treatment \u2014 profesion\u0101ls atjaunojo\u0161s l\u012bdzeklis, kas izstr\u0101d\u0101ts sausiem, trausliem un boj\u0101tiem matiem dzi\u013cai re\u0123ener\u0101cijai.<\/p>","protected":false},"featured_media":26701,"comment_status":"open","ping_status":"closed","template":"","meta":{"site-sidebar-layout":"default","site-content-layout":"","ast-site-content-layout":"default","site-content-style":"default","site-sidebar-style":"default","ast-global-header-display":"","ast-banner-title-visibility":"","ast-main-header-display":"","ast-hfb-above-header-display":"","ast-hfb-below-header-display":"","ast-hfb-mobile-header-display":"","site-post-title":"","ast-breadcrumbs-content":"","ast-featured-img":"","footer-sml-layout":"","theme-transparent-header-meta":"default","adv-header-id-meta":"","stick-header-meta":"","header-above-stick-meta":"","header-main-stick-meta":"","header-below-stick-meta":"","astra-migrate-meta-layouts":"set","ast-page-background-enabled":"default","ast-page-background-meta":{"desktop":{"background-color":"var(--ast-global-color-4)","background-image":"","background-repeat":"repeat","background-position":"center center","background-size":"auto","background-attachment":"scroll","background-type":"","background-media":"","overlay-type":"","overlay-color":"","overlay-opacity":"","overlay-gradient":""},"tablet":{"background-color":"","background-image":"","background-repeat":"repeat","background-position":"center center","background-size":"auto","background-attachment":"scroll","background-type":"","background-media":"","overlay-type":"","overlay-color":"","overlay-opacity":"","overlay-gradient":""},"mobile":{"background-color":"","background-image":"","background-repeat":"repeat","background-position":"center center","background-size":"auto","background-attachment":"scroll","background-type":"","background-media":"","overlay-type":"","overlay-color":"","overlay-opacity":"","overlay-gradient":""}},"ast-content-background-meta":{"desktop":{"background-color":"var(--ast-global-color-5)","background-image":"","background-repeat":"repeat","background-position":"center center","background-size":"auto","background-attachment":"scroll","background-type":"","background-media":"","overlay-type":"","overlay-color":"","overlay-opacity":"","overlay-gradient":""},"tablet":{"background-color":"var(--ast-global-color-5)","background-image":"","background-repeat":"repeat","background-position":"center center","background-size":"auto","background-attachment":"scroll","background-type":"","background-media":"","overlay-type":"","overlay-color":"","overlay-opacity":"","overlay-gradient":""},"mobile":{"background-color":"var(--ast-global-color-5)","background-image":"","background-repeat":"repeat","background-position":"center center","background-size":"auto","background-attachment":"scroll","background-type":"","background-media":"","overlay-type":"","overlay-color":"","overlay-opacity":"","overlay-gradient":""}}},"product_brand":[],"product_cat":[330,351],"product_tag":[],"berocket_brand":[679],"class_list":{"0":"post-26700","1":"product","2":"type-product","3":"status-publish","4":"has-post-thumbnail","6":"product_cat-matiem","7":"product_cat-matu-maskas","8":"berocket_brand-growus","9":"desktop-align-left","10":"tablet-align-left","11":"mobile-align-left","13":"first","14":"instock","15":"taxable","16":"shipping-taxable","17":"purchasable","18":"product-type-simple","19":"add-to-wishlist-before_image"},"yoast_head":"<!-- This site is optimized with the Yoast SEO plugin v27.4 - https:\/\/yoast.com\/product\/yoast-seo-wordpress\/ -->\n<title>Growus Damage Therapy Hair Treatment intens\u012bva atjaunojo\u0161a kop\u0161ana boj\u0101tiem matiem 220g - FACECORNER<\/title>\n<meta name=\"description\" content=\"Growus Damage Therapy Hair Treatment \u2014 profesion\u0101ls atjaunojo\u0161s l\u012bdzeklis, kas izstr\u0101d\u0101ts sausiem, trausliem un boj\u0101tiem matiem dzi\u013cai re\u0123ener\u0101cijai.\" \/>\n<meta name=\"robots\" content=\"index, follow, max-snippet:-1, max-image-preview:large, max-video-preview:-1\" \/>\n<link rel=\"canonical\" href=\"https:\/\/www.facecorner.lv\/en\/shop\/growus-damage-therapy-hair-treatment-intensiva-atjaunojosa-kopsana-bojatiem-matiem-220g\/\" \/>\n<meta property=\"og:locale\" content=\"en_US\" \/>\n<meta property=\"og:type\" content=\"article\" \/>\n<meta property=\"og:title\" content=\"Growus Damage Therapy Hair Treatment intens\u012bva atjaunojo\u0161a kop\u0161ana boj\u0101tiem matiem 220g - FACECORNER\" \/>\n<meta property=\"og:description\" content=\"Growus Damage Therapy Hair Treatment \u2014 profesion\u0101ls atjaunojo\u0161s l\u012bdzeklis, kas izstr\u0101d\u0101ts sausiem, trausliem un boj\u0101tiem matiem dzi\u013cai re\u0123ener\u0101cijai.\" \/>\n<meta property=\"og:url\" content=\"https:\/\/www.facecorner.lv\/en\/shop\/growus-damage-therapy-hair-treatment-intensiva-atjaunojosa-kopsana-bojatiem-matiem-220g\/\" \/>\n<meta property=\"og:site_name\" content=\"FACECORNER\" \/>\n<meta property=\"article:publisher\" content=\"https:\/\/www.facebook.com\/profile.php?id=100063824551839\" \/>\n<meta property=\"article:modified_time\" content=\"2026-03-05T10:17:02+00:00\" \/>\n<meta property=\"og:image\" content=\"https:\/\/www.facecorner.lv\/wp-content\/uploads\/2026\/01\/41AmihMgKYL._AC_UF10001000_QL80_.jpg\" \/>\n\t<meta property=\"og:image:width\" content=\"936\" \/>\n\t<meta property=\"og:image:height\" content=\"1000\" \/>\n\t<meta property=\"og:image:type\" content=\"image\/jpeg\" \/>\n<meta name=\"twitter:card\" content=\"summary_large_image\" \/>\n<meta name=\"twitter:label1\" content=\"Price\" \/>\n\t<meta name=\"twitter:data1\" content=\"&euro;19.95\" \/>\n\t<meta name=\"twitter:label2\" content=\"Availability\" \/>\n\t<meta name=\"twitter:data2\" content=\"In stock\" \/>\n<script type=\"application\/ld+json\" class=\"yoast-schema-graph\">{\"@context\":\"https:\\\/\\\/schema.org\",\"@graph\":[{\"@type\":\"WebPage\",\"@id\":\"https:\\\/\\\/www.facecorner.lv\\\/shop\\\/growus-damage-therapy-hair-treatment-intensiva-atjaunojosa-kopsana-bojatiem-matiem-220g\\\/\",\"url\":\"https:\\\/\\\/www.facecorner.lv\\\/shop\\\/growus-damage-therapy-hair-treatment-intensiva-atjaunojosa-kopsana-bojatiem-matiem-220g\\\/\",\"name\":\"Growus Damage Therapy Hair Treatment intens\u012bva atjaunojo\u0161a kop\u0161ana boj\u0101tiem matiem 220g - FACECORNER\",\"isPartOf\":{\"@id\":\"https:\\\/\\\/www.facecorner.lv\\\/#website\"},\"primaryImageOfPage\":{\"@id\":\"https:\\\/\\\/www.facecorner.lv\\\/shop\\\/growus-damage-therapy-hair-treatment-intensiva-atjaunojosa-kopsana-bojatiem-matiem-220g\\\/#primaryimage\"},\"image\":{\"@id\":\"https:\\\/\\\/www.facecorner.lv\\\/shop\\\/growus-damage-therapy-hair-treatment-intensiva-atjaunojosa-kopsana-bojatiem-matiem-220g\\\/#primaryimage\"},\"thumbnailUrl\":\"https:\\\/\\\/www.facecorner.lv\\\/wp-content\\\/uploads\\\/2026\\\/01\\\/41AmihMgKYL._AC_UF10001000_QL80_.jpg\",\"datePublished\":\"2026-01-20T13:42:59+00:00\",\"dateModified\":\"2026-03-05T10:17:02+00:00\",\"description\":\"Growus Damage Therapy Hair Treatment \u2014 profesion\u0101ls atjaunojo\u0161s l\u012bdzeklis, kas izstr\u0101d\u0101ts sausiem, trausliem un boj\u0101tiem matiem dzi\u013cai re\u0123ener\u0101cijai.\",\"breadcrumb\":{\"@id\":\"https:\\\/\\\/www.facecorner.lv\\\/shop\\\/growus-damage-therapy-hair-treatment-intensiva-atjaunojosa-kopsana-bojatiem-matiem-220g\\\/#breadcrumb\"},\"inLanguage\":\"en-US\",\"potentialAction\":[{\"@type\":\"ReadAction\",\"target\":[\"https:\\\/\\\/www.facecorner.lv\\\/shop\\\/growus-damage-therapy-hair-treatment-intensiva-atjaunojosa-kopsana-bojatiem-matiem-220g\\\/\"]}]},{\"@type\":\"ImageObject\",\"inLanguage\":\"en-US\",\"@id\":\"https:\\\/\\\/www.facecorner.lv\\\/shop\\\/growus-damage-therapy-hair-treatment-intensiva-atjaunojosa-kopsana-bojatiem-matiem-220g\\\/#primaryimage\",\"url\":\"https:\\\/\\\/www.facecorner.lv\\\/wp-content\\\/uploads\\\/2026\\\/01\\\/41AmihMgKYL._AC_UF10001000_QL80_.jpg\",\"contentUrl\":\"https:\\\/\\\/www.facecorner.lv\\\/wp-content\\\/uploads\\\/2026\\\/01\\\/41AmihMgKYL._AC_UF10001000_QL80_.jpg\",\"width\":936,\"height\":1000,\"caption\":\"Growus Damage Therapy Hair Treatment\"},{\"@type\":\"BreadcrumbList\",\"@id\":\"https:\\\/\\\/www.facecorner.lv\\\/shop\\\/growus-damage-therapy-hair-treatment-intensiva-atjaunojosa-kopsana-bojatiem-matiem-220g\\\/#breadcrumb\",\"itemListElement\":[{\"@type\":\"ListItem\",\"position\":1,\"name\":\"Home\",\"item\":\"https:\\\/\\\/www.facecorner.lv\\\/\"},{\"@type\":\"ListItem\",\"position\":2,\"name\":\"Veikals\",\"item\":\"https:\\\/\\\/www.facecorner.lv\\\/shop\\\/\"},{\"@type\":\"ListItem\",\"position\":3,\"name\":\"Growus Damage Therapy Hair Treatment intens\u012bva atjaunojo\u0161a kop\u0161ana boj\u0101tiem matiem 220g\"}]},{\"@type\":\"WebSite\",\"@id\":\"https:\\\/\\\/www.facecorner.lv\\\/#website\",\"url\":\"https:\\\/\\\/www.facecorner.lv\\\/\",\"name\":\"Facecorner\",\"description\":\"\",\"publisher\":{\"@id\":\"https:\\\/\\\/www.facecorner.lv\\\/#organization\"},\"potentialAction\":[{\"@type\":\"SearchAction\",\"target\":{\"@type\":\"EntryPoint\",\"urlTemplate\":\"https:\\\/\\\/www.facecorner.lv\\\/?s={search_term_string}\"},\"query-input\":{\"@type\":\"PropertyValueSpecification\",\"valueRequired\":true,\"valueName\":\"search_term_string\"}}],\"inLanguage\":\"en-US\"},{\"@type\":\"Organization\",\"@id\":\"https:\\\/\\\/www.facecorner.lv\\\/#organization\",\"name\":\"Facecorner\",\"url\":\"https:\\\/\\\/www.facecorner.lv\\\/\",\"logo\":{\"@type\":\"ImageObject\",\"inLanguage\":\"en-US\",\"@id\":\"https:\\\/\\\/www.facecorner.lv\\\/#\\\/schema\\\/logo\\\/image\\\/\",\"url\":\"https:\\\/\\\/www.facecorner.lv\\\/wp-content\\\/uploads\\\/2024\\\/04\\\/fc-logo.jpg\",\"contentUrl\":\"https:\\\/\\\/www.facecorner.lv\\\/wp-content\\\/uploads\\\/2024\\\/04\\\/fc-logo.jpg\",\"width\":174,\"height\":28,\"caption\":\"Facecorner\"},\"image\":{\"@id\":\"https:\\\/\\\/www.facecorner.lv\\\/#\\\/schema\\\/logo\\\/image\\\/\"},\"sameAs\":[\"https:\\\/\\\/www.facebook.com\\\/profile.php?id=100063824551839\",\"https:\\\/\\\/www.instagram.com\\\/facecorner_shop\\\/\"]}]}<\/script>\n<meta property=\"product:price:amount\" content=\"19.95\" \/>\n<meta property=\"product:price:currency\" content=\"EUR\" \/>\n<meta property=\"og:availability\" content=\"instock\" \/>\n<meta property=\"product:availability\" content=\"instock\" \/>\n<meta property=\"product:condition\" content=\"new\" \/>\n<!-- \/ Yoast SEO plugin. -->","yoast_head_json":{"title":"Growus Damage Therapy Hair Treatment intens\u012bva atjaunojo\u0161a kop\u0161ana boj\u0101tiem matiem 220g - FACECORNER","description":"Growus Damage Therapy Hair Treatment \u2014 profesion\u0101ls atjaunojo\u0161s l\u012bdzeklis, kas izstr\u0101d\u0101ts sausiem, trausliem un boj\u0101tiem matiem dzi\u013cai re\u0123ener\u0101cijai.","robots":{"index":"index","follow":"follow","max-snippet":"max-snippet:-1","max-image-preview":"max-image-preview:large","max-video-preview":"max-video-preview:-1"},"canonical":"https:\/\/www.facecorner.lv\/en\/shop\/growus-damage-therapy-hair-treatment-intensiva-atjaunojosa-kopsana-bojatiem-matiem-220g\/","og_locale":"en_US","og_type":"article","og_title":"Growus Damage Therapy Hair Treatment intens\u012bva atjaunojo\u0161a kop\u0161ana boj\u0101tiem matiem 220g - FACECORNER","og_description":"Growus Damage Therapy Hair Treatment \u2014 profesion\u0101ls atjaunojo\u0161s l\u012bdzeklis, kas izstr\u0101d\u0101ts sausiem, trausliem un boj\u0101tiem matiem dzi\u013cai re\u0123ener\u0101cijai.","og_url":"https:\/\/www.facecorner.lv\/en\/shop\/growus-damage-therapy-hair-treatment-intensiva-atjaunojosa-kopsana-bojatiem-matiem-220g\/","og_site_name":"FACECORNER","article_publisher":"https:\/\/www.facebook.com\/profile.php?id=100063824551839","article_modified_time":"2026-03-05T10:17:02+00:00","og_image":[{"width":936,"height":1000,"url":"https:\/\/www.facecorner.lv\/wp-content\/uploads\/2026\/01\/41AmihMgKYL._AC_UF10001000_QL80_.jpg","type":"image\/jpeg"}],"twitter_card":"summary_large_image","twitter_misc":{"Price":"&euro;19.95","Availability":"In stock"},"schema":{"@context":"https:\/\/schema.org","@graph":[{"@type":"WebPage","@id":"https:\/\/www.facecorner.lv\/shop\/growus-damage-therapy-hair-treatment-intensiva-atjaunojosa-kopsana-bojatiem-matiem-220g\/","url":"https:\/\/www.facecorner.lv\/shop\/growus-damage-therapy-hair-treatment-intensiva-atjaunojosa-kopsana-bojatiem-matiem-220g\/","name":"Growus Damage Therapy Hair Treatment intens\u012bva atjaunojo\u0161a kop\u0161ana boj\u0101tiem matiem 220g - FACECORNER","isPartOf":{"@id":"https:\/\/www.facecorner.lv\/#website"},"primaryImageOfPage":{"@id":"https:\/\/www.facecorner.lv\/shop\/growus-damage-therapy-hair-treatment-intensiva-atjaunojosa-kopsana-bojatiem-matiem-220g\/#primaryimage"},"image":{"@id":"https:\/\/www.facecorner.lv\/shop\/growus-damage-therapy-hair-treatment-intensiva-atjaunojosa-kopsana-bojatiem-matiem-220g\/#primaryimage"},"thumbnailUrl":"https:\/\/www.facecorner.lv\/wp-content\/uploads\/2026\/01\/41AmihMgKYL._AC_UF10001000_QL80_.jpg","datePublished":"2026-01-20T13:42:59+00:00","dateModified":"2026-03-05T10:17:02+00:00","description":"Growus Damage Therapy Hair Treatment \u2014 profesion\u0101ls atjaunojo\u0161s l\u012bdzeklis, kas izstr\u0101d\u0101ts sausiem, trausliem un boj\u0101tiem matiem dzi\u013cai re\u0123ener\u0101cijai.","breadcrumb":{"@id":"https:\/\/www.facecorner.lv\/shop\/growus-damage-therapy-hair-treatment-intensiva-atjaunojosa-kopsana-bojatiem-matiem-220g\/#breadcrumb"},"inLanguage":"en-US","potentialAction":[{"@type":"ReadAction","target":["https:\/\/www.facecorner.lv\/shop\/growus-damage-therapy-hair-treatment-intensiva-atjaunojosa-kopsana-bojatiem-matiem-220g\/"]}]},{"@type":"ImageObject","inLanguage":"en-US","@id":"https:\/\/www.facecorner.lv\/shop\/growus-damage-therapy-hair-treatment-intensiva-atjaunojosa-kopsana-bojatiem-matiem-220g\/#primaryimage","url":"https:\/\/www.facecorner.lv\/wp-content\/uploads\/2026\/01\/41AmihMgKYL._AC_UF10001000_QL80_.jpg","contentUrl":"https:\/\/www.facecorner.lv\/wp-content\/uploads\/2026\/01\/41AmihMgKYL._AC_UF10001000_QL80_.jpg","width":936,"height":1000,"caption":"Growus Damage Therapy Hair Treatment"},{"@type":"BreadcrumbList","@id":"https:\/\/www.facecorner.lv\/shop\/growus-damage-therapy-hair-treatment-intensiva-atjaunojosa-kopsana-bojatiem-matiem-220g\/#breadcrumb","itemListElement":[{"@type":"ListItem","position":1,"name":"Home","item":"https:\/\/www.facecorner.lv\/"},{"@type":"ListItem","position":2,"name":"Veikals","item":"https:\/\/www.facecorner.lv\/shop\/"},{"@type":"ListItem","position":3,"name":"Growus Damage Therapy Hair Treatment intens\u012bva atjaunojo\u0161a kop\u0161ana boj\u0101tiem matiem 220g"}]},{"@type":"WebSite","@id":"https:\/\/www.facecorner.lv\/#website","url":"https:\/\/www.facecorner.lv\/","name":"Facecorner","description":"","publisher":{"@id":"https:\/\/www.facecorner.lv\/#organization"},"potentialAction":[{"@type":"SearchAction","target":{"@type":"EntryPoint","urlTemplate":"https:\/\/www.facecorner.lv\/?s={search_term_string}"},"query-input":{"@type":"PropertyValueSpecification","valueRequired":true,"valueName":"search_term_string"}}],"inLanguage":"en-US"},{"@type":"Organization","@id":"https:\/\/www.facecorner.lv\/#organization","name":"Facecorner","url":"https:\/\/www.facecorner.lv\/","logo":{"@type":"ImageObject","inLanguage":"en-US","@id":"https:\/\/www.facecorner.lv\/#\/schema\/logo\/image\/","url":"https:\/\/www.facecorner.lv\/wp-content\/uploads\/2024\/04\/fc-logo.jpg","contentUrl":"https:\/\/www.facecorner.lv\/wp-content\/uploads\/2024\/04\/fc-logo.jpg","width":174,"height":28,"caption":"Facecorner"},"image":{"@id":"https:\/\/www.facecorner.lv\/#\/schema\/logo\/image\/"},"sameAs":["https:\/\/www.facebook.com\/profile.php?id=100063824551839","https:\/\/www.instagram.com\/facecorner_shop\/"]}]},"product_price_amount":"19.95","product_price_currency":"EUR","og_availability":"instock","product_availability":"instock","product_condition":"new"},"_links":{"self":[{"href":"https:\/\/www.facecorner.lv\/en\/wp-json\/wp\/v2\/product\/26700","targetHints":{"allow":["GET"]}}],"collection":[{"href":"https:\/\/www.facecorner.lv\/en\/wp-json\/wp\/v2\/product"}],"about":[{"href":"https:\/\/www.facecorner.lv\/en\/wp-json\/wp\/v2\/types\/product"}],"replies":[{"embeddable":true,"href":"https:\/\/www.facecorner.lv\/en\/wp-json\/wp\/v2\/comments?post=26700"}],"wp:featuredmedia":[{"embeddable":true,"href":"https:\/\/www.facecorner.lv\/en\/wp-json\/wp\/v2\/media\/26701"}],"wp:attachment":[{"href":"https:\/\/www.facecorner.lv\/en\/wp-json\/wp\/v2\/media?parent=26700"}],"wp:term":[{"taxonomy":"product_brand","embeddable":true,"href":"https:\/\/www.facecorner.lv\/en\/wp-json\/wp\/v2\/product_brand?post=26700"},{"taxonomy":"product_cat","embeddable":true,"href":"https:\/\/www.facecorner.lv\/en\/wp-json\/wp\/v2\/product_cat?post=26700"},{"taxonomy":"product_tag","embeddable":true,"href":"https:\/\/www.facecorner.lv\/en\/wp-json\/wp\/v2\/product_tag?post=26700"},{"taxonomy":"berocket_brand","embeddable":true,"href":"https:\/\/www.facecorner.lv\/en\/wp-json\/wp\/v2\/berocket_brand?post=26700"}],"curies":[{"name":"wp","href":"https:\/\/api.w.org\/{rel}","templated":true}]}}