{"id":26693,"date":"2026-01-20T16:20:29","date_gmt":"2026-01-20T13:20:29","guid":{"rendered":"https:\/\/www.facecorner.lv\/?post_type=product&#038;p=26693"},"modified":"2026-01-20T16:20:30","modified_gmt":"2026-01-20T13:20:30","slug":"growus-sea-salt-therapy-shampoo-terapeitiskais-sampuns-ar-juras-sali-500ml","status":"publish","type":"product","link":"https:\/\/www.facecorner.lv\/en\/shop\/growus-sea-salt-therapy-shampoo-terapeitiskais-sampuns-ar-juras-sali-500ml\/","title":{"rendered":"Growus Sea Salt Therapy Shampoo  terapeitiskais \u0161amp\u016bns ar j\u016bras s\u0101li 500ml"},"content":{"rendered":"<p>Growus Sea Salt Therapy Shampoo ir terapeitiskais \u0161amp\u016bns ar j\u016bras s\u0101li, kas izstr\u0101d\u0101ts, lai dzi\u013ci att\u012br\u012btu galvas \u0101du un atjaunotu t\u0101s dabisko l\u012bdzsvaru. Formula efekt\u012bvi no\u0146em net\u012brumus, lieko sebumu un stila l\u012bdzek\u013cu paliekas, vienlaikus atsvaidzina un stiprina matus.<\/p>\n<p>J\u016bras s\u0101ls stimul\u0113 mikrocirkul\u0101ciju, veicina t\u012br\u012bbas un viegluma saj\u016btu, bet mati k\u013c\u016bst bl\u012bv\u0101ki, sp\u0113c\u012bg\u0101ki un apjom\u012bg\u0101ki. \u0160amp\u016bns ir ide\u0101li piem\u0113rots regul\u0101rai kop\u0161anai un \u012bpa\u0161i ieteicams taukainai un jaukta tipa galvas \u0101dai.<\/p>\n<h6>Priek\u0161roc\u012bbas:<\/h6>\n<ul>\n<li>dzi\u013ci att\u012bra galvas \u0101du<\/li>\n<li>normaliz\u0113 sebuma izdal\u012b\u0161anos<\/li>\n<li>atsvaidzina un toniz\u0113<\/li>\n<li>pie\u0161\u0137ir matiem apjomu un bl\u012bvumu<\/li>\n<li>pal\u012bdz uztur\u0113t galvas \u0101das vesel\u012bbu<\/li>\n<li>piem\u0113rots ikdienas lieto\u0161anai<\/li>\n<\/ul>\n<p><strong>How to use:\nAfter cleansing and toning, place the mask sheet on your face and let it rest for 30 minutes. <\/strong>uzkl\u0101jiet nepiecie\u0161amo \u0161amp\u016bna daudzumu uz mitriem matiem, uzputiniet ar mas\u0101\u017eas kust\u012bb\u0101m, piev\u0113r\u0161ot uzman\u012bbu galvas \u0101dai, p\u0113c tam r\u016bp\u012bgi noskalojiet ar \u016bdeni. Ja nepiecie\u0161ams, atk\u0101rtojiet.<\/p>\n<p><strong>Ingredientes:<\/strong> Aqua, Sodium C14-16 Olefin Sulfonate, Cocamidopropyl Betaine, Marine Salt (Sea Salt), Glycerin, Cocamide DEA, Sodium Chloride, Panthenol (Pro-Vitamin B5), Hydrolyzed Wheat Protein, Aloe Barbadensis Leaf Juice, Polyquaternium-10, Citric Acid, Phenoxyethanol, Ethylhexylglycerin, Parfum.<\/p>","protected":false},"excerpt":{"rendered":"<p>Growus Sea Salt Therapy Shampoo ir terapeitiskais \u0161amp\u016bns ar j\u016bras s\u0101li, kas izstr\u0101d\u0101ts, lai dzi\u013ci att\u012br\u012btu galvas \u0101du un atjaunotu t\u0101s dabisko l\u012bdzsvaru. Formula efekt\u012bvi no\u0146em net\u012brumus, lieko sebumu un stila l\u012bdzek\u013cu paliekas, vienlaikus atsvaidzina un stiprina matus.<\/p>","protected":false},"featured_media":26694,"comment_status":"open","ping_status":"closed","template":"","meta":{"site-sidebar-layout":"default","site-content-layout":"","ast-site-content-layout":"default","site-content-style":"default","site-sidebar-style":"default","ast-global-header-display":"","ast-banner-title-visibility":"","ast-main-header-display":"","ast-hfb-above-header-display":"","ast-hfb-below-header-display":"","ast-hfb-mobile-header-display":"","site-post-title":"","ast-breadcrumbs-content":"","ast-featured-img":"","footer-sml-layout":"","theme-transparent-header-meta":"default","adv-header-id-meta":"","stick-header-meta":"","header-above-stick-meta":"","header-main-stick-meta":"","header-below-stick-meta":"","astra-migrate-meta-layouts":"set","ast-page-background-enabled":"default","ast-page-background-meta":{"desktop":{"background-color":"var(--ast-global-color-4)","background-image":"","background-repeat":"repeat","background-position":"center center","background-size":"auto","background-attachment":"scroll","background-type":"","background-media":"","overlay-type":"","overlay-color":"","overlay-opacity":"","overlay-gradient":""},"tablet":{"background-color":"","background-image":"","background-repeat":"repeat","background-position":"center center","background-size":"auto","background-attachment":"scroll","background-type":"","background-media":"","overlay-type":"","overlay-color":"","overlay-opacity":"","overlay-gradient":""},"mobile":{"background-color":"","background-image":"","background-repeat":"repeat","background-position":"center center","background-size":"auto","background-attachment":"scroll","background-type":"","background-media":"","overlay-type":"","overlay-color":"","overlay-opacity":"","overlay-gradient":""}},"ast-content-background-meta":{"desktop":{"background-color":"var(--ast-global-color-5)","background-image":"","background-repeat":"repeat","background-position":"center center","background-size":"auto","background-attachment":"scroll","background-type":"","background-media":"","overlay-type":"","overlay-color":"","overlay-opacity":"","overlay-gradient":""},"tablet":{"background-color":"var(--ast-global-color-5)","background-image":"","background-repeat":"repeat","background-position":"center center","background-size":"auto","background-attachment":"scroll","background-type":"","background-media":"","overlay-type":"","overlay-color":"","overlay-opacity":"","overlay-gradient":""},"mobile":{"background-color":"var(--ast-global-color-5)","background-image":"","background-repeat":"repeat","background-position":"center center","background-size":"auto","background-attachment":"scroll","background-type":"","background-media":"","overlay-type":"","overlay-color":"","overlay-opacity":"","overlay-gradient":""}}},"product_brand":[],"product_cat":[330,357],"product_tag":[],"berocket_brand":[679],"class_list":{"0":"post-26693","1":"product","2":"type-product","3":"status-publish","4":"has-post-thumbnail","6":"product_cat-matiem","7":"product_cat-sampuni","8":"berocket_brand-growus","9":"desktop-align-left","10":"tablet-align-left","11":"mobile-align-left","13":"first","14":"instock","15":"taxable","16":"shipping-taxable","17":"purchasable","18":"product-type-simple","19":"add-to-wishlist-before_image"},"yoast_head":"<!-- This site is optimized with the Yoast SEO plugin v27.4 - https:\/\/yoast.com\/product\/yoast-seo-wordpress\/ -->\n<title>Growus Sea Salt Therapy Shampoo terapeitiskais \u0161amp\u016bns ar j\u016bras s\u0101li 500ml - FACECORNER<\/title>\n<meta name=\"description\" content=\"Growus Sea Salt Therapy Shampoo ir terapeitiskais \u0161amp\u016bns ar j\u016bras s\u0101li, kas izstr\u0101d\u0101ts, lai dzi\u013ci att\u012br\u012btu galvas \u0101du un atjaunotu t\u0101s dabisko l\u012bdzsvaru. Formula efekt\u012bvi no\u0146em net\u012brumus, lieko sebumu un stila l\u012bdzek\u013cu paliekas, vienlaikus atsvaidzina un stiprina matus.\" \/>\n<meta name=\"robots\" content=\"index, follow, max-snippet:-1, max-image-preview:large, max-video-preview:-1\" \/>\n<link rel=\"canonical\" href=\"https:\/\/www.facecorner.lv\/en\/shop\/growus-sea-salt-therapy-shampoo-terapeitiskais-sampuns-ar-juras-sali-500ml\/\" \/>\n<meta property=\"og:locale\" content=\"en_US\" \/>\n<meta property=\"og:type\" content=\"article\" \/>\n<meta property=\"og:title\" content=\"Growus Sea Salt Therapy Shampoo terapeitiskais \u0161amp\u016bns ar j\u016bras s\u0101li 500ml - FACECORNER\" \/>\n<meta property=\"og:description\" content=\"Growus Sea Salt Therapy Shampoo ir terapeitiskais \u0161amp\u016bns ar j\u016bras s\u0101li, kas izstr\u0101d\u0101ts, lai dzi\u013ci att\u012br\u012btu galvas \u0101du un atjaunotu t\u0101s dabisko l\u012bdzsvaru. Formula efekt\u012bvi no\u0146em net\u012brumus, lieko sebumu un stila l\u012bdzek\u013cu paliekas, vienlaikus atsvaidzina un stiprina matus.\" \/>\n<meta property=\"og:url\" content=\"https:\/\/www.facecorner.lv\/en\/shop\/growus-sea-salt-therapy-shampoo-terapeitiskais-sampuns-ar-juras-sali-500ml\/\" \/>\n<meta property=\"og:site_name\" content=\"FACECORNER\" \/>\n<meta property=\"article:publisher\" content=\"https:\/\/www.facebook.com\/profile.php?id=100063824551839\" \/>\n<meta property=\"article:modified_time\" content=\"2026-01-20T13:20:30+00:00\" \/>\n<meta property=\"og:image\" content=\"https:\/\/www.facecorner.lv\/wp-content\/uploads\/2026\/01\/71Ud2EmsK5L._AC_UF10001000_QL80_.jpg\" \/>\n\t<meta property=\"og:image:width\" content=\"1000\" \/>\n\t<meta property=\"og:image:height\" content=\"940\" \/>\n\t<meta property=\"og:image:type\" content=\"image\/jpeg\" \/>\n<meta name=\"twitter:card\" content=\"summary_large_image\" \/>\n<meta name=\"twitter:label1\" content=\"Price\" \/>\n\t<meta name=\"twitter:data1\" content=\"&euro;19.95\" \/>\n\t<meta name=\"twitter:label2\" content=\"Availability\" \/>\n\t<meta name=\"twitter:data2\" content=\"In stock\" \/>\n<script type=\"application\/ld+json\" class=\"yoast-schema-graph\">{\"@context\":\"https:\\\/\\\/schema.org\",\"@graph\":[{\"@type\":\"WebPage\",\"@id\":\"https:\\\/\\\/www.facecorner.lv\\\/shop\\\/growus-sea-salt-therapy-shampoo-terapeitiskais-sampuns-ar-juras-sali-500ml\\\/\",\"url\":\"https:\\\/\\\/www.facecorner.lv\\\/shop\\\/growus-sea-salt-therapy-shampoo-terapeitiskais-sampuns-ar-juras-sali-500ml\\\/\",\"name\":\"Growus Sea Salt Therapy Shampoo terapeitiskais \u0161amp\u016bns ar j\u016bras s\u0101li 500ml - FACECORNER\",\"isPartOf\":{\"@id\":\"https:\\\/\\\/www.facecorner.lv\\\/#website\"},\"primaryImageOfPage\":{\"@id\":\"https:\\\/\\\/www.facecorner.lv\\\/shop\\\/growus-sea-salt-therapy-shampoo-terapeitiskais-sampuns-ar-juras-sali-500ml\\\/#primaryimage\"},\"image\":{\"@id\":\"https:\\\/\\\/www.facecorner.lv\\\/shop\\\/growus-sea-salt-therapy-shampoo-terapeitiskais-sampuns-ar-juras-sali-500ml\\\/#primaryimage\"},\"thumbnailUrl\":\"https:\\\/\\\/www.facecorner.lv\\\/wp-content\\\/uploads\\\/2026\\\/01\\\/71Ud2EmsK5L._AC_UF10001000_QL80_.jpg\",\"datePublished\":\"2026-01-20T13:20:29+00:00\",\"dateModified\":\"2026-01-20T13:20:30+00:00\",\"description\":\"Growus Sea Salt Therapy Shampoo ir terapeitiskais \u0161amp\u016bns ar j\u016bras s\u0101li, kas izstr\u0101d\u0101ts, lai dzi\u013ci att\u012br\u012btu galvas \u0101du un atjaunotu t\u0101s dabisko l\u012bdzsvaru. Formula efekt\u012bvi no\u0146em net\u012brumus, lieko sebumu un stila l\u012bdzek\u013cu paliekas, vienlaikus atsvaidzina un stiprina matus.\",\"breadcrumb\":{\"@id\":\"https:\\\/\\\/www.facecorner.lv\\\/shop\\\/growus-sea-salt-therapy-shampoo-terapeitiskais-sampuns-ar-juras-sali-500ml\\\/#breadcrumb\"},\"inLanguage\":\"en-US\",\"potentialAction\":[{\"@type\":\"ReadAction\",\"target\":[\"https:\\\/\\\/www.facecorner.lv\\\/shop\\\/growus-sea-salt-therapy-shampoo-terapeitiskais-sampuns-ar-juras-sali-500ml\\\/\"]}]},{\"@type\":\"ImageObject\",\"inLanguage\":\"en-US\",\"@id\":\"https:\\\/\\\/www.facecorner.lv\\\/shop\\\/growus-sea-salt-therapy-shampoo-terapeitiskais-sampuns-ar-juras-sali-500ml\\\/#primaryimage\",\"url\":\"https:\\\/\\\/www.facecorner.lv\\\/wp-content\\\/uploads\\\/2026\\\/01\\\/71Ud2EmsK5L._AC_UF10001000_QL80_.jpg\",\"contentUrl\":\"https:\\\/\\\/www.facecorner.lv\\\/wp-content\\\/uploads\\\/2026\\\/01\\\/71Ud2EmsK5L._AC_UF10001000_QL80_.jpg\",\"width\":1000,\"height\":940,\"caption\":\"Growus Sea Salt Therapy Shampoo\"},{\"@type\":\"BreadcrumbList\",\"@id\":\"https:\\\/\\\/www.facecorner.lv\\\/shop\\\/growus-sea-salt-therapy-shampoo-terapeitiskais-sampuns-ar-juras-sali-500ml\\\/#breadcrumb\",\"itemListElement\":[{\"@type\":\"ListItem\",\"position\":1,\"name\":\"Home\",\"item\":\"https:\\\/\\\/www.facecorner.lv\\\/\"},{\"@type\":\"ListItem\",\"position\":2,\"name\":\"Veikals\",\"item\":\"https:\\\/\\\/www.facecorner.lv\\\/shop\\\/\"},{\"@type\":\"ListItem\",\"position\":3,\"name\":\"Growus Sea Salt Therapy Shampoo terapeitiskais \u0161amp\u016bns ar j\u016bras s\u0101li 500ml\"}]},{\"@type\":\"WebSite\",\"@id\":\"https:\\\/\\\/www.facecorner.lv\\\/#website\",\"url\":\"https:\\\/\\\/www.facecorner.lv\\\/\",\"name\":\"Facecorner\",\"description\":\"\",\"publisher\":{\"@id\":\"https:\\\/\\\/www.facecorner.lv\\\/#organization\"},\"potentialAction\":[{\"@type\":\"SearchAction\",\"target\":{\"@type\":\"EntryPoint\",\"urlTemplate\":\"https:\\\/\\\/www.facecorner.lv\\\/?s={search_term_string}\"},\"query-input\":{\"@type\":\"PropertyValueSpecification\",\"valueRequired\":true,\"valueName\":\"search_term_string\"}}],\"inLanguage\":\"en-US\"},{\"@type\":\"Organization\",\"@id\":\"https:\\\/\\\/www.facecorner.lv\\\/#organization\",\"name\":\"Facecorner\",\"url\":\"https:\\\/\\\/www.facecorner.lv\\\/\",\"logo\":{\"@type\":\"ImageObject\",\"inLanguage\":\"en-US\",\"@id\":\"https:\\\/\\\/www.facecorner.lv\\\/#\\\/schema\\\/logo\\\/image\\\/\",\"url\":\"https:\\\/\\\/www.facecorner.lv\\\/wp-content\\\/uploads\\\/2024\\\/04\\\/fc-logo.jpg\",\"contentUrl\":\"https:\\\/\\\/www.facecorner.lv\\\/wp-content\\\/uploads\\\/2024\\\/04\\\/fc-logo.jpg\",\"width\":174,\"height\":28,\"caption\":\"Facecorner\"},\"image\":{\"@id\":\"https:\\\/\\\/www.facecorner.lv\\\/#\\\/schema\\\/logo\\\/image\\\/\"},\"sameAs\":[\"https:\\\/\\\/www.facebook.com\\\/profile.php?id=100063824551839\",\"https:\\\/\\\/www.instagram.com\\\/facecorner_shop\\\/\"]}]}<\/script>\n<meta property=\"product:price:amount\" content=\"19.95\" \/>\n<meta property=\"product:price:currency\" content=\"EUR\" \/>\n<meta property=\"og:availability\" content=\"instock\" \/>\n<meta property=\"product:availability\" content=\"instock\" \/>\n<meta property=\"product:condition\" content=\"new\" \/>\n<!-- \/ Yoast SEO plugin. -->","yoast_head_json":{"title":"Growus Sea Salt Therapy Shampoo terapeitiskais \u0161amp\u016bns ar j\u016bras s\u0101li 500ml - FACECORNER","description":"Growus Sea Salt Therapy Shampoo ir terapeitiskais \u0161amp\u016bns ar j\u016bras s\u0101li, kas izstr\u0101d\u0101ts, lai dzi\u013ci att\u012br\u012btu galvas \u0101du un atjaunotu t\u0101s dabisko l\u012bdzsvaru. Formula efekt\u012bvi no\u0146em net\u012brumus, lieko sebumu un stila l\u012bdzek\u013cu paliekas, vienlaikus atsvaidzina un stiprina matus.","robots":{"index":"index","follow":"follow","max-snippet":"max-snippet:-1","max-image-preview":"max-image-preview:large","max-video-preview":"max-video-preview:-1"},"canonical":"https:\/\/www.facecorner.lv\/en\/shop\/growus-sea-salt-therapy-shampoo-terapeitiskais-sampuns-ar-juras-sali-500ml\/","og_locale":"en_US","og_type":"article","og_title":"Growus Sea Salt Therapy Shampoo terapeitiskais \u0161amp\u016bns ar j\u016bras s\u0101li 500ml - FACECORNER","og_description":"Growus Sea Salt Therapy Shampoo ir terapeitiskais \u0161amp\u016bns ar j\u016bras s\u0101li, kas izstr\u0101d\u0101ts, lai dzi\u013ci att\u012br\u012btu galvas \u0101du un atjaunotu t\u0101s dabisko l\u012bdzsvaru. Formula efekt\u012bvi no\u0146em net\u012brumus, lieko sebumu un stila l\u012bdzek\u013cu paliekas, vienlaikus atsvaidzina un stiprina matus.","og_url":"https:\/\/www.facecorner.lv\/en\/shop\/growus-sea-salt-therapy-shampoo-terapeitiskais-sampuns-ar-juras-sali-500ml\/","og_site_name":"FACECORNER","article_publisher":"https:\/\/www.facebook.com\/profile.php?id=100063824551839","article_modified_time":"2026-01-20T13:20:30+00:00","og_image":[{"width":1000,"height":940,"url":"https:\/\/www.facecorner.lv\/wp-content\/uploads\/2026\/01\/71Ud2EmsK5L._AC_UF10001000_QL80_.jpg","type":"image\/jpeg"}],"twitter_card":"summary_large_image","twitter_misc":{"Price":"&euro;19.95","Availability":"In stock"},"schema":{"@context":"https:\/\/schema.org","@graph":[{"@type":"WebPage","@id":"https:\/\/www.facecorner.lv\/shop\/growus-sea-salt-therapy-shampoo-terapeitiskais-sampuns-ar-juras-sali-500ml\/","url":"https:\/\/www.facecorner.lv\/shop\/growus-sea-salt-therapy-shampoo-terapeitiskais-sampuns-ar-juras-sali-500ml\/","name":"Growus Sea Salt Therapy Shampoo terapeitiskais \u0161amp\u016bns ar j\u016bras s\u0101li 500ml - FACECORNER","isPartOf":{"@id":"https:\/\/www.facecorner.lv\/#website"},"primaryImageOfPage":{"@id":"https:\/\/www.facecorner.lv\/shop\/growus-sea-salt-therapy-shampoo-terapeitiskais-sampuns-ar-juras-sali-500ml\/#primaryimage"},"image":{"@id":"https:\/\/www.facecorner.lv\/shop\/growus-sea-salt-therapy-shampoo-terapeitiskais-sampuns-ar-juras-sali-500ml\/#primaryimage"},"thumbnailUrl":"https:\/\/www.facecorner.lv\/wp-content\/uploads\/2026\/01\/71Ud2EmsK5L._AC_UF10001000_QL80_.jpg","datePublished":"2026-01-20T13:20:29+00:00","dateModified":"2026-01-20T13:20:30+00:00","description":"Growus Sea Salt Therapy Shampoo ir terapeitiskais \u0161amp\u016bns ar j\u016bras s\u0101li, kas izstr\u0101d\u0101ts, lai dzi\u013ci att\u012br\u012btu galvas \u0101du un atjaunotu t\u0101s dabisko l\u012bdzsvaru. Formula efekt\u012bvi no\u0146em net\u012brumus, lieko sebumu un stila l\u012bdzek\u013cu paliekas, vienlaikus atsvaidzina un stiprina matus.","breadcrumb":{"@id":"https:\/\/www.facecorner.lv\/shop\/growus-sea-salt-therapy-shampoo-terapeitiskais-sampuns-ar-juras-sali-500ml\/#breadcrumb"},"inLanguage":"en-US","potentialAction":[{"@type":"ReadAction","target":["https:\/\/www.facecorner.lv\/shop\/growus-sea-salt-therapy-shampoo-terapeitiskais-sampuns-ar-juras-sali-500ml\/"]}]},{"@type":"ImageObject","inLanguage":"en-US","@id":"https:\/\/www.facecorner.lv\/shop\/growus-sea-salt-therapy-shampoo-terapeitiskais-sampuns-ar-juras-sali-500ml\/#primaryimage","url":"https:\/\/www.facecorner.lv\/wp-content\/uploads\/2026\/01\/71Ud2EmsK5L._AC_UF10001000_QL80_.jpg","contentUrl":"https:\/\/www.facecorner.lv\/wp-content\/uploads\/2026\/01\/71Ud2EmsK5L._AC_UF10001000_QL80_.jpg","width":1000,"height":940,"caption":"Growus Sea Salt Therapy Shampoo"},{"@type":"BreadcrumbList","@id":"https:\/\/www.facecorner.lv\/shop\/growus-sea-salt-therapy-shampoo-terapeitiskais-sampuns-ar-juras-sali-500ml\/#breadcrumb","itemListElement":[{"@type":"ListItem","position":1,"name":"Home","item":"https:\/\/www.facecorner.lv\/"},{"@type":"ListItem","position":2,"name":"Veikals","item":"https:\/\/www.facecorner.lv\/shop\/"},{"@type":"ListItem","position":3,"name":"Growus Sea Salt Therapy Shampoo terapeitiskais \u0161amp\u016bns ar j\u016bras s\u0101li 500ml"}]},{"@type":"WebSite","@id":"https:\/\/www.facecorner.lv\/#website","url":"https:\/\/www.facecorner.lv\/","name":"Facecorner","description":"","publisher":{"@id":"https:\/\/www.facecorner.lv\/#organization"},"potentialAction":[{"@type":"SearchAction","target":{"@type":"EntryPoint","urlTemplate":"https:\/\/www.facecorner.lv\/?s={search_term_string}"},"query-input":{"@type":"PropertyValueSpecification","valueRequired":true,"valueName":"search_term_string"}}],"inLanguage":"en-US"},{"@type":"Organization","@id":"https:\/\/www.facecorner.lv\/#organization","name":"Facecorner","url":"https:\/\/www.facecorner.lv\/","logo":{"@type":"ImageObject","inLanguage":"en-US","@id":"https:\/\/www.facecorner.lv\/#\/schema\/logo\/image\/","url":"https:\/\/www.facecorner.lv\/wp-content\/uploads\/2024\/04\/fc-logo.jpg","contentUrl":"https:\/\/www.facecorner.lv\/wp-content\/uploads\/2024\/04\/fc-logo.jpg","width":174,"height":28,"caption":"Facecorner"},"image":{"@id":"https:\/\/www.facecorner.lv\/#\/schema\/logo\/image\/"},"sameAs":["https:\/\/www.facebook.com\/profile.php?id=100063824551839","https:\/\/www.instagram.com\/facecorner_shop\/"]}]},"product_price_amount":"19.95","product_price_currency":"EUR","og_availability":"instock","product_availability":"instock","product_condition":"new"},"_links":{"self":[{"href":"https:\/\/www.facecorner.lv\/en\/wp-json\/wp\/v2\/product\/26693","targetHints":{"allow":["GET"]}}],"collection":[{"href":"https:\/\/www.facecorner.lv\/en\/wp-json\/wp\/v2\/product"}],"about":[{"href":"https:\/\/www.facecorner.lv\/en\/wp-json\/wp\/v2\/types\/product"}],"replies":[{"embeddable":true,"href":"https:\/\/www.facecorner.lv\/en\/wp-json\/wp\/v2\/comments?post=26693"}],"wp:featuredmedia":[{"embeddable":true,"href":"https:\/\/www.facecorner.lv\/en\/wp-json\/wp\/v2\/media\/26694"}],"wp:attachment":[{"href":"https:\/\/www.facecorner.lv\/en\/wp-json\/wp\/v2\/media?parent=26693"}],"wp:term":[{"taxonomy":"product_brand","embeddable":true,"href":"https:\/\/www.facecorner.lv\/en\/wp-json\/wp\/v2\/product_brand?post=26693"},{"taxonomy":"product_cat","embeddable":true,"href":"https:\/\/www.facecorner.lv\/en\/wp-json\/wp\/v2\/product_cat?post=26693"},{"taxonomy":"product_tag","embeddable":true,"href":"https:\/\/www.facecorner.lv\/en\/wp-json\/wp\/v2\/product_tag?post=26693"},{"taxonomy":"berocket_brand","embeddable":true,"href":"https:\/\/www.facecorner.lv\/en\/wp-json\/wp\/v2\/berocket_brand?post=26693"}],"curies":[{"name":"wp","href":"https:\/\/api.w.org\/{rel}","templated":true}]}}