{"id":26555,"date":"2026-01-07T15:36:54","date_gmt":"2026-01-07T12:36:54","guid":{"rendered":"https:\/\/www.facecorner.lv\/?post_type=product&#038;p=26555"},"modified":"2026-01-22T08:17:16","modified_gmt":"2026-01-22T05:17:16","slug":"sungboon-editor-deep-collagen-retinol-power-boosting-capsule-cream-pretnovecosanas-krems-ar-retinolu-un-kolagenu-50ml","status":"publish","type":"product","link":"https:\/\/www.facecorner.lv\/en\/shop\/sungboon-editor-deep-collagen-retinol-power-boosting-capsule-cream-pretnovecosanas-krems-ar-retinolu-un-kolagenu-50ml\/","title":{"rendered":"SUNGBOON EDITOR Deep Collagen Retinol Power Boosting Capsule Cream pretnoveco\u0161an\u0101s kr\u0113ms ar retinolu un kolag\u0113nu 50ml"},"content":{"rendered":"<p>SUNGBOON EDITOR Deep Collagen Retinol Power Boosting Capsule Cream pretnoveco\u0161an\u0101s kr\u0113ms ar retinolu un kolag\u0113nu inovat\u012bv\u0101 kapsulu formul\u0101, kas rad\u012bts, lai uzlabotu \u0101das elast\u012bbu, samazin\u0101tu grumbu veido\u0161anos un uzlabotu sejas tekst\u016bru.<\/p>\n<p>Kr\u0113ms apvieno dzi\u013cu mitrin\u0101\u0161anu, liftinga efektu un akt\u012bvu \u0101das atjauno\u0161anu, pateicoties mikrokapsulu un spikul\u012b\u0161u tehnolo\u0123ijai, kas pastiprina akt\u012bvo sast\u0101vda\u013cu ies\u016bk\u0161anos.<\/p>\n<h6>Galven\u0101s priek\u0161roc\u012bbas:<\/h6>\n<ul>\n<li>Retinols kapsul\u0101s \u2014 stimul\u0113 \u0101das atjauno\u0161anos, izl\u012bdzina grumbu un izl\u012bdzina \u0101das toni.<\/li>\n<li>Dzi\u013cais kolag\u0113ns (zemas molekulmasas) \u2014 palielina \u0101das elast\u012bbu un stingr\u012bbu.<\/li>\n<li>Spikulu tehnolo\u0123ija \u2014 uzlabo akt\u012bvo vielu uzs\u016bk\u0161anos un pastiprina to iedarb\u012bbu.<\/li>\n<li>8 veidu hialuronsk\u0101be \u2014 intens\u012bvi mitrina un nov\u0113r\u0161 sausumu.<\/li>\n<li>Pantenols un nomierino\u0161as sast\u0101vda\u013cas \u2014 samazina kairin\u0101jumu un stiprina \u0101das barjeru.<\/li>\n<li>Piel\u0101gojama tekst\u016bra \u2014 var regul\u0113t kapsulu un g\u0113la proporcijas atbilsto\u0161i \u0101das vajadz\u012bb\u0101m<\/li>\n<\/ul>\n<h6>Kam piem\u0113rots:<\/h6>\n<ul>\n<li>Bl\u0101va, nogurusi \u0101da<\/li>\n<li>Pirm\u0101s un izteiktas vecuma izmai\u0146as<\/li>\n<li>Nevienm\u0113r\u012bga tekst\u016bra, elast\u012bbas samazin\u0101\u0161an\u0101s<\/li>\n<li>Norm\u0101la, sausa un jaukta tipa \u0101da<\/li>\n<\/ul>\n<p><strong>How to use:<\/strong> Uzkl\u0101jiet vakar\u0101 uz att\u012br\u012btas un sausas sejas \u0101das, izvairoties no zonas ap ac\u012bm.<br \/>\nS\u0101ciet ar 2\u20133 reiz\u0113m ned\u0113\u013c\u0101, pak\u0101peniski palielinot lieto\u0161anas bie\u017eumu.<br \/>\nDien\u0101 oblig\u0101ti lietojiet SPF 30+.<\/p>\n<p><strong>Sast\u0101vs:<\/strong> Water, Glycerin, Methylpropanediol, Dipropylene Glycol, 1,2-Hexanediol, Niacinamide, Caprylic\/Capric Triglyceride, Ethylhexyl Palmitate, Carbomer, Arginine, Butylene Glycol, Cetearyl Alcohol, Hydrogenated Polyisobutene, Propanediol, Cetearyl Olivate, Glyceryl Stearate, Dimethicone, Sorbitan Olivate, C14-22 Alcohols, Sorbitan Stearate, Hydrolyzed Sponge, Collagen Extract (1,000ppm), Simmondsia Chinensis (Jojoba) Seed Oil, Adenosine, C12-20 Alkyl Glucoside, Sodium Hyaluronate, Panthenol, Trehalose, Rosmarinus Officinalis (Rosemary) Leaf Extract, Olea Europaea (Olive) Fruit Oil, Beta-carotene, Hydrolyzed Collagen (0.47ppm), Hydroxypropyltrimonium Hyaluronate, Retinol (0.03ppm), Polyglyceryl-10 Laurate, HDI\/Trimethylol Hexyllactone Crosspolymer, Polyvinyl Alcohol, Hydrolyzed Hyaluronic Acid, Sodium Acetylated Hyaluronate, Tocopherol, Collagen (2.36ppb), Collagen Amino Acids (2.36ppb), Soluble Collagen (2.36ppb), Soluble Collagen Crosspolymer (2.36ppb), Zinc Hydrolyzed Collagen (2.36ppb), Ethylhexylglycerin, Hyaluronic Acid, Tripeptide-1, Caprylyl Glycol, Sodium Hyaluronate Crosspolymer, Hydrolyzed Sodium Hyaluronate, Xanthan Gum, Phenylpropanol, Potassium Hyaluronate, Copper Tripeptide-1, Palmitoyl Pentapeptide-4, Palmitoyl Tripeptide-1, Hexapeptide-9, Hexapeptide-11, Acetyl Tetrapeptide-2, Acetyl Tetrapeptide-5, Palmitoyl Tripeptide-5<\/p>","protected":false},"excerpt":{"rendered":"<p>SUNGBOON EDITOR Deep Collagen Retinol Power Boosting Capsule Cream pretnoveco\u0161an\u0101s kr\u0113ms ar retinolu un kolag\u0113nu inovat\u012bv\u0101 kapsulu formul\u0101, kas rad\u012bts, lai uzlabotu \u0101das elast\u012bbu, samazin\u0101tu grumbu veido\u0161anos un uzlabotu sejas tekst\u016bru.<\/p>","protected":false},"featured_media":26556,"comment_status":"open","ping_status":"closed","template":"","meta":{"site-sidebar-layout":"default","site-content-layout":"","ast-site-content-layout":"default","site-content-style":"default","site-sidebar-style":"default","ast-global-header-display":"","ast-banner-title-visibility":"","ast-main-header-display":"","ast-hfb-above-header-display":"","ast-hfb-below-header-display":"","ast-hfb-mobile-header-display":"","site-post-title":"","ast-breadcrumbs-content":"","ast-featured-img":"","footer-sml-layout":"","theme-transparent-header-meta":"default","adv-header-id-meta":"","stick-header-meta":"","header-above-stick-meta":"","header-main-stick-meta":"","header-below-stick-meta":"","astra-migrate-meta-layouts":"set","ast-page-background-enabled":"default","ast-page-background-meta":{"desktop":{"background-color":"var(--ast-global-color-4)","background-image":"","background-repeat":"repeat","background-position":"center center","background-size":"auto","background-attachment":"scroll","background-type":"","background-media":"","overlay-type":"","overlay-color":"","overlay-opacity":"","overlay-gradient":""},"tablet":{"background-color":"","background-image":"","background-repeat":"repeat","background-position":"center center","background-size":"auto","background-attachment":"scroll","background-type":"","background-media":"","overlay-type":"","overlay-color":"","overlay-opacity":"","overlay-gradient":""},"mobile":{"background-color":"","background-image":"","background-repeat":"repeat","background-position":"center center","background-size":"auto","background-attachment":"scroll","background-type":"","background-media":"","overlay-type":"","overlay-color":"","overlay-opacity":"","overlay-gradient":""}},"ast-content-background-meta":{"desktop":{"background-color":"var(--ast-global-color-5)","background-image":"","background-repeat":"repeat","background-position":"center center","background-size":"auto","background-attachment":"scroll","background-type":"","background-media":"","overlay-type":"","overlay-color":"","overlay-opacity":"","overlay-gradient":""},"tablet":{"background-color":"var(--ast-global-color-5)","background-image":"","background-repeat":"repeat","background-position":"center center","background-size":"auto","background-attachment":"scroll","background-type":"","background-media":"","overlay-type":"","overlay-color":"","overlay-opacity":"","overlay-gradient":""},"mobile":{"background-color":"var(--ast-global-color-5)","background-image":"","background-repeat":"repeat","background-position":"center center","background-size":"auto","background-attachment":"scroll","background-type":"","background-media":"","overlay-type":"","overlay-color":"","overlay-opacity":"","overlay-gradient":""}}},"product_brand":[],"product_cat":[366,652,368,362],"product_tag":[],"berocket_brand":[651],"class_list":{"0":"post-26555","1":"product","2":"type-product","3":"status-publish","4":"has-post-thumbnail","6":"product_cat-mitrinoss","7":"product_cat-pdrn","8":"product_cat-pret-grumbam","9":"product_cat-sejas-krems","10":"berocket_brand-sungboon-editor","11":"desktop-align-left","12":"tablet-align-left","13":"mobile-align-left","15":"first","16":"outofstock","17":"taxable","18":"shipping-taxable","19":"purchasable","20":"product-type-simple","21":"add-to-wishlist-before_image"},"yoast_head":"<!-- This site is optimized with the Yoast SEO plugin v27.4 - https:\/\/yoast.com\/product\/yoast-seo-wordpress\/ -->\n<title>SUNGBOON EDITOR Deep Collagen Retinol Power Boosting Capsule Cream pretnoveco\u0161an\u0101s kr\u0113ms ar retinolu un kolag\u0113nu 50ml - FACECORNER<\/title>\n<meta name=\"description\" content=\"SUNGBOON EDITOR Deep Collagen Retinol Power Boosting Capsule Cream pretnoveco\u0161an\u0101s kr\u0113ms ar retinolu un kolag\u0113nu inovat\u012bv\u0101 kapsulu formul\u0101, kas rad\u012bts, lai uzlabotu \u0101das elast\u012bbu, samazin\u0101tu grumbu veido\u0161anos un uzlabotu sejas tekst\u016bru.\" \/>\n<meta name=\"robots\" content=\"index, follow, max-snippet:-1, max-image-preview:large, max-video-preview:-1\" \/>\n<link rel=\"canonical\" href=\"https:\/\/www.facecorner.lv\/en\/shop\/sungboon-editor-deep-collagen-retinol-power-boosting-capsule-cream-pretnovecosanas-krems-ar-retinolu-un-kolagenu-50ml\/\" \/>\n<meta property=\"og:locale\" content=\"en_US\" \/>\n<meta property=\"og:type\" content=\"article\" \/>\n<meta property=\"og:title\" content=\"SUNGBOON EDITOR Deep Collagen Retinol Power Boosting Capsule Cream pretnoveco\u0161an\u0101s kr\u0113ms ar retinolu un kolag\u0113nu 50ml - FACECORNER\" \/>\n<meta property=\"og:description\" content=\"SUNGBOON EDITOR Deep Collagen Retinol Power Boosting Capsule Cream pretnoveco\u0161an\u0101s kr\u0113ms ar retinolu un kolag\u0113nu inovat\u012bv\u0101 kapsulu formul\u0101, kas rad\u012bts, lai uzlabotu \u0101das elast\u012bbu, samazin\u0101tu grumbu veido\u0161anos un uzlabotu sejas tekst\u016bru.\" \/>\n<meta property=\"og:url\" content=\"https:\/\/www.facecorner.lv\/en\/shop\/sungboon-editor-deep-collagen-retinol-power-boosting-capsule-cream-pretnovecosanas-krems-ar-retinolu-un-kolagenu-50ml\/\" \/>\n<meta property=\"og:site_name\" content=\"FACECORNER\" \/>\n<meta property=\"article:publisher\" content=\"https:\/\/www.facebook.com\/profile.php?id=100063824551839\" \/>\n<meta property=\"article:modified_time\" content=\"2026-01-22T05:17:16+00:00\" \/>\n<meta property=\"og:image\" content=\"https:\/\/www.facecorner.lv\/wp-content\/uploads\/2026\/01\/XXL_p0214802211.webp\" \/>\n\t<meta property=\"og:image:width\" content=\"640\" \/>\n\t<meta property=\"og:image:height\" content=\"640\" \/>\n\t<meta property=\"og:image:type\" content=\"image\/webp\" \/>\n<meta name=\"twitter:card\" content=\"summary_large_image\" \/>\n<meta name=\"twitter:label1\" content=\"Price\" \/>\n\t<meta name=\"twitter:data1\" content=\"&euro;21.90\" \/>\n\t<meta name=\"twitter:label2\" content=\"Availability\" \/>\n\t<meta name=\"twitter:data2\" content=\"Out of stock\" \/>\n<script type=\"application\/ld+json\" class=\"yoast-schema-graph\">{\"@context\":\"https:\\\/\\\/schema.org\",\"@graph\":[{\"@type\":\"WebPage\",\"@id\":\"https:\\\/\\\/www.facecorner.lv\\\/shop\\\/sungboon-editor-deep-collagen-retinol-power-boosting-capsule-cream-pretnovecosanas-krems-ar-retinolu-un-kolagenu-50ml\\\/\",\"url\":\"https:\\\/\\\/www.facecorner.lv\\\/shop\\\/sungboon-editor-deep-collagen-retinol-power-boosting-capsule-cream-pretnovecosanas-krems-ar-retinolu-un-kolagenu-50ml\\\/\",\"name\":\"SUNGBOON EDITOR Deep Collagen Retinol Power Boosting Capsule Cream pretnoveco\u0161an\u0101s kr\u0113ms ar retinolu un kolag\u0113nu 50ml - FACECORNER\",\"isPartOf\":{\"@id\":\"https:\\\/\\\/www.facecorner.lv\\\/#website\"},\"primaryImageOfPage\":{\"@id\":\"https:\\\/\\\/www.facecorner.lv\\\/shop\\\/sungboon-editor-deep-collagen-retinol-power-boosting-capsule-cream-pretnovecosanas-krems-ar-retinolu-un-kolagenu-50ml\\\/#primaryimage\"},\"image\":{\"@id\":\"https:\\\/\\\/www.facecorner.lv\\\/shop\\\/sungboon-editor-deep-collagen-retinol-power-boosting-capsule-cream-pretnovecosanas-krems-ar-retinolu-un-kolagenu-50ml\\\/#primaryimage\"},\"thumbnailUrl\":\"https:\\\/\\\/www.facecorner.lv\\\/wp-content\\\/uploads\\\/2026\\\/01\\\/XXL_p0214802211.webp\",\"datePublished\":\"2026-01-07T12:36:54+00:00\",\"dateModified\":\"2026-01-22T05:17:16+00:00\",\"description\":\"SUNGBOON EDITOR Deep Collagen Retinol Power Boosting Capsule Cream pretnoveco\u0161an\u0101s kr\u0113ms ar retinolu un kolag\u0113nu inovat\u012bv\u0101 kapsulu formul\u0101, kas rad\u012bts, lai uzlabotu \u0101das elast\u012bbu, samazin\u0101tu grumbu veido\u0161anos un uzlabotu sejas tekst\u016bru.\",\"breadcrumb\":{\"@id\":\"https:\\\/\\\/www.facecorner.lv\\\/shop\\\/sungboon-editor-deep-collagen-retinol-power-boosting-capsule-cream-pretnovecosanas-krems-ar-retinolu-un-kolagenu-50ml\\\/#breadcrumb\"},\"inLanguage\":\"en-US\",\"potentialAction\":[{\"@type\":\"ReadAction\",\"target\":[\"https:\\\/\\\/www.facecorner.lv\\\/shop\\\/sungboon-editor-deep-collagen-retinol-power-boosting-capsule-cream-pretnovecosanas-krems-ar-retinolu-un-kolagenu-50ml\\\/\"]}]},{\"@type\":\"ImageObject\",\"inLanguage\":\"en-US\",\"@id\":\"https:\\\/\\\/www.facecorner.lv\\\/shop\\\/sungboon-editor-deep-collagen-retinol-power-boosting-capsule-cream-pretnovecosanas-krems-ar-retinolu-un-kolagenu-50ml\\\/#primaryimage\",\"url\":\"https:\\\/\\\/www.facecorner.lv\\\/wp-content\\\/uploads\\\/2026\\\/01\\\/XXL_p0214802211.webp\",\"contentUrl\":\"https:\\\/\\\/www.facecorner.lv\\\/wp-content\\\/uploads\\\/2026\\\/01\\\/XXL_p0214802211.webp\",\"width\":640,\"height\":640,\"caption\":\"SUNGBOON EDITOR Deep Collagen Retinol Power Boosting Capsule Cream\"},{\"@type\":\"BreadcrumbList\",\"@id\":\"https:\\\/\\\/www.facecorner.lv\\\/shop\\\/sungboon-editor-deep-collagen-retinol-power-boosting-capsule-cream-pretnovecosanas-krems-ar-retinolu-un-kolagenu-50ml\\\/#breadcrumb\",\"itemListElement\":[{\"@type\":\"ListItem\",\"position\":1,\"name\":\"Home\",\"item\":\"https:\\\/\\\/www.facecorner.lv\\\/\"},{\"@type\":\"ListItem\",\"position\":2,\"name\":\"Veikals\",\"item\":\"https:\\\/\\\/www.facecorner.lv\\\/shop\\\/\"},{\"@type\":\"ListItem\",\"position\":3,\"name\":\"SUNGBOON EDITOR Deep Collagen Retinol Power Boosting Capsule Cream pretnoveco\u0161an\u0101s kr\u0113ms ar retinolu un kolag\u0113nu 50ml\"}]},{\"@type\":\"WebSite\",\"@id\":\"https:\\\/\\\/www.facecorner.lv\\\/#website\",\"url\":\"https:\\\/\\\/www.facecorner.lv\\\/\",\"name\":\"Facecorner\",\"description\":\"\",\"publisher\":{\"@id\":\"https:\\\/\\\/www.facecorner.lv\\\/#organization\"},\"potentialAction\":[{\"@type\":\"SearchAction\",\"target\":{\"@type\":\"EntryPoint\",\"urlTemplate\":\"https:\\\/\\\/www.facecorner.lv\\\/?s={search_term_string}\"},\"query-input\":{\"@type\":\"PropertyValueSpecification\",\"valueRequired\":true,\"valueName\":\"search_term_string\"}}],\"inLanguage\":\"en-US\"},{\"@type\":\"Organization\",\"@id\":\"https:\\\/\\\/www.facecorner.lv\\\/#organization\",\"name\":\"Facecorner\",\"url\":\"https:\\\/\\\/www.facecorner.lv\\\/\",\"logo\":{\"@type\":\"ImageObject\",\"inLanguage\":\"en-US\",\"@id\":\"https:\\\/\\\/www.facecorner.lv\\\/#\\\/schema\\\/logo\\\/image\\\/\",\"url\":\"https:\\\/\\\/www.facecorner.lv\\\/wp-content\\\/uploads\\\/2024\\\/04\\\/fc-logo.jpg\",\"contentUrl\":\"https:\\\/\\\/www.facecorner.lv\\\/wp-content\\\/uploads\\\/2024\\\/04\\\/fc-logo.jpg\",\"width\":174,\"height\":28,\"caption\":\"Facecorner\"},\"image\":{\"@id\":\"https:\\\/\\\/www.facecorner.lv\\\/#\\\/schema\\\/logo\\\/image\\\/\"},\"sameAs\":[\"https:\\\/\\\/www.facebook.com\\\/profile.php?id=100063824551839\",\"https:\\\/\\\/www.instagram.com\\\/facecorner_shop\\\/\"]}]}<\/script>\n<meta property=\"product:price:amount\" content=\"21.90\" \/>\n<meta property=\"product:price:currency\" content=\"EUR\" \/>\n<meta property=\"og:availability\" content=\"out of stock\" \/>\n<meta property=\"product:availability\" content=\"out of stock\" \/>\n<meta property=\"product:condition\" content=\"new\" \/>\n<!-- \/ Yoast SEO plugin. -->","yoast_head_json":{"title":"SUNGBOON EDITOR Deep Collagen Retinol Power Boosting Capsule Cream pretnoveco\u0161an\u0101s kr\u0113ms ar retinolu un kolag\u0113nu 50ml - FACECORNER","description":"SUNGBOON EDITOR Deep Collagen Retinol Power Boosting Capsule Cream pretnoveco\u0161an\u0101s kr\u0113ms ar retinolu un kolag\u0113nu inovat\u012bv\u0101 kapsulu formul\u0101, kas rad\u012bts, lai uzlabotu \u0101das elast\u012bbu, samazin\u0101tu grumbu veido\u0161anos un uzlabotu sejas tekst\u016bru.","robots":{"index":"index","follow":"follow","max-snippet":"max-snippet:-1","max-image-preview":"max-image-preview:large","max-video-preview":"max-video-preview:-1"},"canonical":"https:\/\/www.facecorner.lv\/en\/shop\/sungboon-editor-deep-collagen-retinol-power-boosting-capsule-cream-pretnovecosanas-krems-ar-retinolu-un-kolagenu-50ml\/","og_locale":"en_US","og_type":"article","og_title":"SUNGBOON EDITOR Deep Collagen Retinol Power Boosting Capsule Cream pretnoveco\u0161an\u0101s kr\u0113ms ar retinolu un kolag\u0113nu 50ml - FACECORNER","og_description":"SUNGBOON EDITOR Deep Collagen Retinol Power Boosting Capsule Cream pretnoveco\u0161an\u0101s kr\u0113ms ar retinolu un kolag\u0113nu inovat\u012bv\u0101 kapsulu formul\u0101, kas rad\u012bts, lai uzlabotu \u0101das elast\u012bbu, samazin\u0101tu grumbu veido\u0161anos un uzlabotu sejas tekst\u016bru.","og_url":"https:\/\/www.facecorner.lv\/en\/shop\/sungboon-editor-deep-collagen-retinol-power-boosting-capsule-cream-pretnovecosanas-krems-ar-retinolu-un-kolagenu-50ml\/","og_site_name":"FACECORNER","article_publisher":"https:\/\/www.facebook.com\/profile.php?id=100063824551839","article_modified_time":"2026-01-22T05:17:16+00:00","og_image":[{"width":640,"height":640,"url":"https:\/\/www.facecorner.lv\/wp-content\/uploads\/2026\/01\/XXL_p0214802211.webp","type":"image\/webp"}],"twitter_card":"summary_large_image","twitter_misc":{"Price":"&euro;21.90","Availability":"Out of stock"},"schema":{"@context":"https:\/\/schema.org","@graph":[{"@type":"WebPage","@id":"https:\/\/www.facecorner.lv\/shop\/sungboon-editor-deep-collagen-retinol-power-boosting-capsule-cream-pretnovecosanas-krems-ar-retinolu-un-kolagenu-50ml\/","url":"https:\/\/www.facecorner.lv\/shop\/sungboon-editor-deep-collagen-retinol-power-boosting-capsule-cream-pretnovecosanas-krems-ar-retinolu-un-kolagenu-50ml\/","name":"SUNGBOON EDITOR Deep Collagen Retinol Power Boosting Capsule Cream pretnoveco\u0161an\u0101s kr\u0113ms ar retinolu un kolag\u0113nu 50ml - FACECORNER","isPartOf":{"@id":"https:\/\/www.facecorner.lv\/#website"},"primaryImageOfPage":{"@id":"https:\/\/www.facecorner.lv\/shop\/sungboon-editor-deep-collagen-retinol-power-boosting-capsule-cream-pretnovecosanas-krems-ar-retinolu-un-kolagenu-50ml\/#primaryimage"},"image":{"@id":"https:\/\/www.facecorner.lv\/shop\/sungboon-editor-deep-collagen-retinol-power-boosting-capsule-cream-pretnovecosanas-krems-ar-retinolu-un-kolagenu-50ml\/#primaryimage"},"thumbnailUrl":"https:\/\/www.facecorner.lv\/wp-content\/uploads\/2026\/01\/XXL_p0214802211.webp","datePublished":"2026-01-07T12:36:54+00:00","dateModified":"2026-01-22T05:17:16+00:00","description":"SUNGBOON EDITOR Deep Collagen Retinol Power Boosting Capsule Cream pretnoveco\u0161an\u0101s kr\u0113ms ar retinolu un kolag\u0113nu inovat\u012bv\u0101 kapsulu formul\u0101, kas rad\u012bts, lai uzlabotu \u0101das elast\u012bbu, samazin\u0101tu grumbu veido\u0161anos un uzlabotu sejas tekst\u016bru.","breadcrumb":{"@id":"https:\/\/www.facecorner.lv\/shop\/sungboon-editor-deep-collagen-retinol-power-boosting-capsule-cream-pretnovecosanas-krems-ar-retinolu-un-kolagenu-50ml\/#breadcrumb"},"inLanguage":"en-US","potentialAction":[{"@type":"ReadAction","target":["https:\/\/www.facecorner.lv\/shop\/sungboon-editor-deep-collagen-retinol-power-boosting-capsule-cream-pretnovecosanas-krems-ar-retinolu-un-kolagenu-50ml\/"]}]},{"@type":"ImageObject","inLanguage":"en-US","@id":"https:\/\/www.facecorner.lv\/shop\/sungboon-editor-deep-collagen-retinol-power-boosting-capsule-cream-pretnovecosanas-krems-ar-retinolu-un-kolagenu-50ml\/#primaryimage","url":"https:\/\/www.facecorner.lv\/wp-content\/uploads\/2026\/01\/XXL_p0214802211.webp","contentUrl":"https:\/\/www.facecorner.lv\/wp-content\/uploads\/2026\/01\/XXL_p0214802211.webp","width":640,"height":640,"caption":"SUNGBOON EDITOR Deep Collagen Retinol Power Boosting Capsule Cream"},{"@type":"BreadcrumbList","@id":"https:\/\/www.facecorner.lv\/shop\/sungboon-editor-deep-collagen-retinol-power-boosting-capsule-cream-pretnovecosanas-krems-ar-retinolu-un-kolagenu-50ml\/#breadcrumb","itemListElement":[{"@type":"ListItem","position":1,"name":"Home","item":"https:\/\/www.facecorner.lv\/"},{"@type":"ListItem","position":2,"name":"Veikals","item":"https:\/\/www.facecorner.lv\/shop\/"},{"@type":"ListItem","position":3,"name":"SUNGBOON EDITOR Deep Collagen Retinol Power Boosting Capsule Cream pretnoveco\u0161an\u0101s kr\u0113ms ar retinolu un kolag\u0113nu 50ml"}]},{"@type":"WebSite","@id":"https:\/\/www.facecorner.lv\/#website","url":"https:\/\/www.facecorner.lv\/","name":"Facecorner","description":"","publisher":{"@id":"https:\/\/www.facecorner.lv\/#organization"},"potentialAction":[{"@type":"SearchAction","target":{"@type":"EntryPoint","urlTemplate":"https:\/\/www.facecorner.lv\/?s={search_term_string}"},"query-input":{"@type":"PropertyValueSpecification","valueRequired":true,"valueName":"search_term_string"}}],"inLanguage":"en-US"},{"@type":"Organization","@id":"https:\/\/www.facecorner.lv\/#organization","name":"Facecorner","url":"https:\/\/www.facecorner.lv\/","logo":{"@type":"ImageObject","inLanguage":"en-US","@id":"https:\/\/www.facecorner.lv\/#\/schema\/logo\/image\/","url":"https:\/\/www.facecorner.lv\/wp-content\/uploads\/2024\/04\/fc-logo.jpg","contentUrl":"https:\/\/www.facecorner.lv\/wp-content\/uploads\/2024\/04\/fc-logo.jpg","width":174,"height":28,"caption":"Facecorner"},"image":{"@id":"https:\/\/www.facecorner.lv\/#\/schema\/logo\/image\/"},"sameAs":["https:\/\/www.facebook.com\/profile.php?id=100063824551839","https:\/\/www.instagram.com\/facecorner_shop\/"]}]},"product_price_amount":"21.90","product_price_currency":"EUR","og_availability":"out of stock","product_availability":"out of stock","product_condition":"new"},"_links":{"self":[{"href":"https:\/\/www.facecorner.lv\/en\/wp-json\/wp\/v2\/product\/26555","targetHints":{"allow":["GET"]}}],"collection":[{"href":"https:\/\/www.facecorner.lv\/en\/wp-json\/wp\/v2\/product"}],"about":[{"href":"https:\/\/www.facecorner.lv\/en\/wp-json\/wp\/v2\/types\/product"}],"replies":[{"embeddable":true,"href":"https:\/\/www.facecorner.lv\/en\/wp-json\/wp\/v2\/comments?post=26555"}],"wp:featuredmedia":[{"embeddable":true,"href":"https:\/\/www.facecorner.lv\/en\/wp-json\/wp\/v2\/media\/26556"}],"wp:attachment":[{"href":"https:\/\/www.facecorner.lv\/en\/wp-json\/wp\/v2\/media?parent=26555"}],"wp:term":[{"taxonomy":"product_brand","embeddable":true,"href":"https:\/\/www.facecorner.lv\/en\/wp-json\/wp\/v2\/product_brand?post=26555"},{"taxonomy":"product_cat","embeddable":true,"href":"https:\/\/www.facecorner.lv\/en\/wp-json\/wp\/v2\/product_cat?post=26555"},{"taxonomy":"product_tag","embeddable":true,"href":"https:\/\/www.facecorner.lv\/en\/wp-json\/wp\/v2\/product_tag?post=26555"},{"taxonomy":"berocket_brand","embeddable":true,"href":"https:\/\/www.facecorner.lv\/en\/wp-json\/wp\/v2\/berocket_brand?post=26555"}],"curies":[{"name":"wp","href":"https:\/\/api.w.org\/{rel}","templated":true}]}}