{"id":26544,"date":"2026-01-06T15:27:51","date_gmt":"2026-01-06T12:27:51","guid":{"rendered":"https:\/\/www.facecorner.lv\/?post_type=product&#038;p=26544"},"modified":"2026-02-17T14:39:30","modified_gmt":"2026-02-17T11:39:30","slug":"abib-pdrn-collagen-overnight-mask-firming-jelly-nakts-maska-ar-pdrn-un-kolagenu-80ml","status":"publish","type":"product","link":"https:\/\/www.facecorner.lv\/en\/shop\/abib-pdrn-collagen-overnight-mask-firming-jelly-nakts-maska-ar-pdrn-un-kolagenu-80ml\/","title":{"rendered":"Abib PDRN Collagen Overnight Mask Firming Jelly nakts maska ar PDRN un kolag\u0113nu 80ml"},"content":{"rendered":"<p>Abib PDRN Collagen Overnight Mask Firming Jelly nakts maska ir intens\u012bva kop\u0161ana miega laik\u0101, kas v\u0113rsta uz \u0101das atjauno\u0161anu, elast\u012bbas un stingr\u012bbas uzlabo\u0161anu.<\/p>\n<p>Formula ar PDRN (polideoksiribonukleot\u012bdiem) un kolag\u0113nu pal\u012bdz uzlabot \u0101das strukt\u016bru, padarot to bl\u012bv\u0101ku, glud\u0101ku un mitrin\u0101tu l\u012bdz r\u012btam.<\/p>\n<p>Viegla \u017eelejveida tekst\u016bra \u0101tri ies\u016bcas, nel\u012bpst un neatst\u0101j p\u0113das uz spilvena, nodro\u0161inot komfortablu lieto\u0161anu visu nakti.<\/p>\n<h6>Bubble Pop Cleanser products fine, soft foam to cleanse away dead skin, sebum and makeup residue from your face, while hyaluronic acid moisturizes your skin.<\/h6>\n<ul>\n<li>PDRN \u2014 atbalsta \u0101das re\u0123ener\u0101cijas procesus, pal\u012bdz stiprin\u0101t \u0101das barjeru.<\/li>\n<li>Kolag\u0113ns \u2014 veicina \u0101das elast\u012bbas un bl\u012bvuma palielin\u0101\u0161anos.<\/li>\n<li>Mitrino\u0161as sast\u0101vda\u013cas \u2014 nov\u0113r\u0161 \u0101das dehidrat\u0101ciju un sausumu.<\/li>\n<\/ul>\n<p><strong>Kam piem\u0113rots<\/strong>: Piem\u0113rots visiem \u0101das tipiem, \u012bpa\u0161i \u0101dai, kas zaud\u0113jusi elast\u012bbu, ir bl\u0101va un dehidr\u0113ta. Var lietot pat jut\u012bgai \u0101dai.<\/p>\n<p><strong>How to use:<\/strong> Uzkl\u0101jiet masku vienm\u0113r\u012bg\u0101 sl\u0101n\u012b uz att\u012br\u012btas sejas \u0101das vakara kop\u0161anas p\u0113d\u0113j\u0101 posm\u0101. Atst\u0101jiet uz nakti, no r\u012bta noskalojiet ar siltu \u016bdeni.<\/p>\n<p><strong>Ingredientes:<\/strong> Water, Dipropylene Glycol, Glycerin, Glyceryl Polymethacrylate, 1,2-Hexanediol, Niacinamide, Diglycerin, Ammonium Acryloyldimethyltaurate\/VP Copolymer, Acrylates\/C10-30 Alkyl Acrylate Crosspolymer, Tromethamine, Ethylhexylglycerin, Butylene Glycol, Panthenol, Adenosine, Sodium Hyaluronate, Allantoin, Melia Azadirachta Flower Extract, Melia Azadirachta Leaf Extract, Collagen, Ocimum Sanctum Leaf Extract, Betaine, Propanediol, Sodium DNA (PDRN), Pantolactone, Corallina Officinalis Extract, Centella Asiatica Extract, Curcuma Longa (Turmeric) Root Extract, Coccinia Indica Fruit Extract, Ginkgo Biloba Leaf Extract, Benzyl Glycol, Hydrolyzed Glycosaminoglycans, Phyllostachys Pubescens Shoot Bark Extract, Sodium Hyaluronate Crosspolymer, Polyglyceryl-10 Laurate, Hydrolyzed Hyaluronic Acid, Hydroxypropyltrimonium Hyaluronate, Tripeptide-1, Hyaluronic Acid, Squalane, Copper Tripeptide-1, Acetyl Tetrapeptide-5, Palmitoyl Tripeptide-1, Hexapeptide-9, Hexapeptide-11, Acetyl Tetrapeptide-2, Palmitoyl Pentapeptide-4, Sodium Acetylated Hyaluronate, Hydrogenated Lecithin, Palmitoyl Tripeptide-5, Ceramide NP, Disodium EDTA<\/p>","protected":false},"excerpt":{"rendered":"<p>Abib PDRN Collagen Overnight Mask Firming Jelly nakts maska ir intens\u012bva kop\u0161ana miega laik\u0101, kas v\u0113rsta uz \u0101das atjauno\u0161anu, elast\u012bbas un stingr\u012bbas uzlabo\u0161anu.<\/p>","protected":false},"featured_media":26551,"comment_status":"open","ping_status":"closed","template":"","meta":{"site-sidebar-layout":"default","site-content-layout":"","ast-site-content-layout":"default","site-content-style":"default","site-sidebar-style":"default","ast-global-header-display":"","ast-banner-title-visibility":"","ast-main-header-display":"","ast-hfb-above-header-display":"","ast-hfb-below-header-display":"","ast-hfb-mobile-header-display":"","site-post-title":"","ast-breadcrumbs-content":"","ast-featured-img":"","footer-sml-layout":"","theme-transparent-header-meta":"default","adv-header-id-meta":"","stick-header-meta":"","header-above-stick-meta":"","header-main-stick-meta":"","header-below-stick-meta":"","astra-migrate-meta-layouts":"set","ast-page-background-enabled":"default","ast-page-background-meta":{"desktop":{"background-color":"var(--ast-global-color-4)","background-image":"","background-repeat":"repeat","background-position":"center center","background-size":"auto","background-attachment":"scroll","background-type":"","background-media":"","overlay-type":"","overlay-color":"","overlay-opacity":"","overlay-gradient":""},"tablet":{"background-color":"","background-image":"","background-repeat":"repeat","background-position":"center center","background-size":"auto","background-attachment":"scroll","background-type":"","background-media":"","overlay-type":"","overlay-color":"","overlay-opacity":"","overlay-gradient":""},"mobile":{"background-color":"","background-image":"","background-repeat":"repeat","background-position":"center center","background-size":"auto","background-attachment":"scroll","background-type":"","background-media":"","overlay-type":"","overlay-color":"","overlay-opacity":"","overlay-gradient":""}},"ast-content-background-meta":{"desktop":{"background-color":"var(--ast-global-color-5)","background-image":"","background-repeat":"repeat","background-position":"center center","background-size":"auto","background-attachment":"scroll","background-type":"","background-media":"","overlay-type":"","overlay-color":"","overlay-opacity":"","overlay-gradient":""},"tablet":{"background-color":"var(--ast-global-color-5)","background-image":"","background-repeat":"repeat","background-position":"center center","background-size":"auto","background-attachment":"scroll","background-type":"","background-media":"","overlay-type":"","overlay-color":"","overlay-opacity":"","overlay-gradient":""},"mobile":{"background-color":"var(--ast-global-color-5)","background-image":"","background-repeat":"repeat","background-position":"center center","background-size":"auto","background-attachment":"scroll","background-type":"","background-media":"","overlay-type":"","overlay-color":"","overlay-opacity":"","overlay-gradient":""}}},"product_brand":[],"product_cat":[315,322],"product_tag":[],"berocket_brand":[627],"class_list":{"0":"post-26544","1":"product","2":"type-product","3":"status-publish","4":"has-post-thumbnail","6":"product_cat-maskas","7":"product_cat-nakts","8":"berocket_brand-abib","9":"desktop-align-left","10":"tablet-align-left","11":"mobile-align-left","13":"first","14":"outofstock","15":"taxable","16":"shipping-taxable","17":"purchasable","18":"product-type-simple","19":"add-to-wishlist-before_image"},"yoast_head":"<!-- This site is optimized with the Yoast SEO plugin v27.4 - https:\/\/yoast.com\/product\/yoast-seo-wordpress\/ -->\n<title>Abib PDRN Collagen Overnight Mask Firming Jelly nakts maska ar PDRN un kolag\u0113nu 80ml - FACECORNER<\/title>\n<meta name=\"description\" content=\"Abib PDRN Collagen Overnight Mask Firming Jelly nakts maska ir intens\u012bva kop\u0161ana miega laik\u0101, kas v\u0113rsta uz \u0101das atjauno\u0161anu, elast\u012bbas un stingr\u012bbas uzlabo\u0161anu.\" \/>\n<meta name=\"robots\" content=\"index, follow, max-snippet:-1, max-image-preview:large, max-video-preview:-1\" \/>\n<link rel=\"canonical\" href=\"https:\/\/www.facecorner.lv\/en\/shop\/abib-pdrn-collagen-overnight-mask-firming-jelly-nakts-maska-ar-pdrn-un-kolagenu-80ml\/\" \/>\n<meta property=\"og:locale\" content=\"en_US\" \/>\n<meta property=\"og:type\" content=\"article\" \/>\n<meta property=\"og:title\" content=\"Abib PDRN Collagen Overnight Mask Firming Jelly nakts maska ar PDRN un kolag\u0113nu 80ml - FACECORNER\" \/>\n<meta property=\"og:description\" content=\"Abib PDRN Collagen Overnight Mask Firming Jelly nakts maska ir intens\u012bva kop\u0161ana miega laik\u0101, kas v\u0113rsta uz \u0101das atjauno\u0161anu, elast\u012bbas un stingr\u012bbas uzlabo\u0161anu.\" \/>\n<meta property=\"og:url\" content=\"https:\/\/www.facecorner.lv\/en\/shop\/abib-pdrn-collagen-overnight-mask-firming-jelly-nakts-maska-ar-pdrn-un-kolagenu-80ml\/\" \/>\n<meta property=\"og:site_name\" content=\"FACECORNER\" \/>\n<meta property=\"article:publisher\" content=\"https:\/\/www.facebook.com\/profile.php?id=100063824551839\" \/>\n<meta property=\"article:modified_time\" content=\"2026-02-17T11:39:30+00:00\" \/>\n<meta property=\"og:image\" content=\"https:\/\/www.facecorner.lv\/wp-content\/uploads\/2026\/01\/FJ_631dcd2d-2399-4ce7-b1ba-a430de4a7a7c.webp\" \/>\n\t<meta property=\"og:image:width\" content=\"1600\" \/>\n\t<meta property=\"og:image:height\" content=\"1600\" \/>\n\t<meta property=\"og:image:type\" content=\"image\/webp\" \/>\n<meta name=\"twitter:card\" content=\"summary_large_image\" \/>\n<meta name=\"twitter:label1\" content=\"Price\" \/>\n\t<meta name=\"twitter:data1\" content=\"&euro;21.95\" \/>\n\t<meta name=\"twitter:label2\" content=\"Availability\" \/>\n\t<meta name=\"twitter:data2\" content=\"Out of stock\" \/>\n<script type=\"application\/ld+json\" class=\"yoast-schema-graph\">{\"@context\":\"https:\\\/\\\/schema.org\",\"@graph\":[{\"@type\":\"WebPage\",\"@id\":\"https:\\\/\\\/www.facecorner.lv\\\/shop\\\/abib-pdrn-collagen-overnight-mask-firming-jelly-nakts-maska-ar-pdrn-un-kolagenu-80ml\\\/\",\"url\":\"https:\\\/\\\/www.facecorner.lv\\\/shop\\\/abib-pdrn-collagen-overnight-mask-firming-jelly-nakts-maska-ar-pdrn-un-kolagenu-80ml\\\/\",\"name\":\"Abib PDRN Collagen Overnight Mask Firming Jelly nakts maska ar PDRN un kolag\u0113nu 80ml - FACECORNER\",\"isPartOf\":{\"@id\":\"https:\\\/\\\/www.facecorner.lv\\\/#website\"},\"primaryImageOfPage\":{\"@id\":\"https:\\\/\\\/www.facecorner.lv\\\/shop\\\/abib-pdrn-collagen-overnight-mask-firming-jelly-nakts-maska-ar-pdrn-un-kolagenu-80ml\\\/#primaryimage\"},\"image\":{\"@id\":\"https:\\\/\\\/www.facecorner.lv\\\/shop\\\/abib-pdrn-collagen-overnight-mask-firming-jelly-nakts-maska-ar-pdrn-un-kolagenu-80ml\\\/#primaryimage\"},\"thumbnailUrl\":\"https:\\\/\\\/www.facecorner.lv\\\/wp-content\\\/uploads\\\/2026\\\/01\\\/FJ_631dcd2d-2399-4ce7-b1ba-a430de4a7a7c.webp\",\"datePublished\":\"2026-01-06T12:27:51+00:00\",\"dateModified\":\"2026-02-17T11:39:30+00:00\",\"description\":\"Abib PDRN Collagen Overnight Mask Firming Jelly nakts maska ir intens\u012bva kop\u0161ana miega laik\u0101, kas v\u0113rsta uz \u0101das atjauno\u0161anu, elast\u012bbas un stingr\u012bbas uzlabo\u0161anu.\",\"breadcrumb\":{\"@id\":\"https:\\\/\\\/www.facecorner.lv\\\/shop\\\/abib-pdrn-collagen-overnight-mask-firming-jelly-nakts-maska-ar-pdrn-un-kolagenu-80ml\\\/#breadcrumb\"},\"inLanguage\":\"en-US\",\"potentialAction\":[{\"@type\":\"ReadAction\",\"target\":[\"https:\\\/\\\/www.facecorner.lv\\\/shop\\\/abib-pdrn-collagen-overnight-mask-firming-jelly-nakts-maska-ar-pdrn-un-kolagenu-80ml\\\/\"]}]},{\"@type\":\"ImageObject\",\"inLanguage\":\"en-US\",\"@id\":\"https:\\\/\\\/www.facecorner.lv\\\/shop\\\/abib-pdrn-collagen-overnight-mask-firming-jelly-nakts-maska-ar-pdrn-un-kolagenu-80ml\\\/#primaryimage\",\"url\":\"https:\\\/\\\/www.facecorner.lv\\\/wp-content\\\/uploads\\\/2026\\\/01\\\/FJ_631dcd2d-2399-4ce7-b1ba-a430de4a7a7c.webp\",\"contentUrl\":\"https:\\\/\\\/www.facecorner.lv\\\/wp-content\\\/uploads\\\/2026\\\/01\\\/FJ_631dcd2d-2399-4ce7-b1ba-a430de4a7a7c.webp\",\"width\":1600,\"height\":1600},{\"@type\":\"BreadcrumbList\",\"@id\":\"https:\\\/\\\/www.facecorner.lv\\\/shop\\\/abib-pdrn-collagen-overnight-mask-firming-jelly-nakts-maska-ar-pdrn-un-kolagenu-80ml\\\/#breadcrumb\",\"itemListElement\":[{\"@type\":\"ListItem\",\"position\":1,\"name\":\"Home\",\"item\":\"https:\\\/\\\/www.facecorner.lv\\\/\"},{\"@type\":\"ListItem\",\"position\":2,\"name\":\"Veikals\",\"item\":\"https:\\\/\\\/www.facecorner.lv\\\/shop\\\/\"},{\"@type\":\"ListItem\",\"position\":3,\"name\":\"Abib PDRN Collagen Overnight Mask Firming Jelly nakts maska ar PDRN un kolag\u0113nu 80ml\"}]},{\"@type\":\"WebSite\",\"@id\":\"https:\\\/\\\/www.facecorner.lv\\\/#website\",\"url\":\"https:\\\/\\\/www.facecorner.lv\\\/\",\"name\":\"Facecorner\",\"description\":\"\",\"publisher\":{\"@id\":\"https:\\\/\\\/www.facecorner.lv\\\/#organization\"},\"potentialAction\":[{\"@type\":\"SearchAction\",\"target\":{\"@type\":\"EntryPoint\",\"urlTemplate\":\"https:\\\/\\\/www.facecorner.lv\\\/?s={search_term_string}\"},\"query-input\":{\"@type\":\"PropertyValueSpecification\",\"valueRequired\":true,\"valueName\":\"search_term_string\"}}],\"inLanguage\":\"en-US\"},{\"@type\":\"Organization\",\"@id\":\"https:\\\/\\\/www.facecorner.lv\\\/#organization\",\"name\":\"Facecorner\",\"url\":\"https:\\\/\\\/www.facecorner.lv\\\/\",\"logo\":{\"@type\":\"ImageObject\",\"inLanguage\":\"en-US\",\"@id\":\"https:\\\/\\\/www.facecorner.lv\\\/#\\\/schema\\\/logo\\\/image\\\/\",\"url\":\"https:\\\/\\\/www.facecorner.lv\\\/wp-content\\\/uploads\\\/2024\\\/04\\\/fc-logo.jpg\",\"contentUrl\":\"https:\\\/\\\/www.facecorner.lv\\\/wp-content\\\/uploads\\\/2024\\\/04\\\/fc-logo.jpg\",\"width\":174,\"height\":28,\"caption\":\"Facecorner\"},\"image\":{\"@id\":\"https:\\\/\\\/www.facecorner.lv\\\/#\\\/schema\\\/logo\\\/image\\\/\"},\"sameAs\":[\"https:\\\/\\\/www.facebook.com\\\/profile.php?id=100063824551839\",\"https:\\\/\\\/www.instagram.com\\\/facecorner_shop\\\/\"]}]}<\/script>\n<meta property=\"product:price:amount\" content=\"21.95\" \/>\n<meta property=\"product:price:currency\" content=\"EUR\" \/>\n<meta property=\"og:availability\" content=\"out of stock\" \/>\n<meta property=\"product:availability\" content=\"out of stock\" \/>\n<meta property=\"product:condition\" content=\"new\" \/>\n<!-- \/ Yoast SEO plugin. -->","yoast_head_json":{"title":"Abib PDRN Collagen Overnight Mask Firming Jelly nakts maska ar PDRN un kolag\u0113nu 80ml - FACECORNER","description":"Abib PDRN Collagen Overnight Mask Firming Jelly nakts maska ir intens\u012bva kop\u0161ana miega laik\u0101, kas v\u0113rsta uz \u0101das atjauno\u0161anu, elast\u012bbas un stingr\u012bbas uzlabo\u0161anu.","robots":{"index":"index","follow":"follow","max-snippet":"max-snippet:-1","max-image-preview":"max-image-preview:large","max-video-preview":"max-video-preview:-1"},"canonical":"https:\/\/www.facecorner.lv\/en\/shop\/abib-pdrn-collagen-overnight-mask-firming-jelly-nakts-maska-ar-pdrn-un-kolagenu-80ml\/","og_locale":"en_US","og_type":"article","og_title":"Abib PDRN Collagen Overnight Mask Firming Jelly nakts maska ar PDRN un kolag\u0113nu 80ml - FACECORNER","og_description":"Abib PDRN Collagen Overnight Mask Firming Jelly nakts maska ir intens\u012bva kop\u0161ana miega laik\u0101, kas v\u0113rsta uz \u0101das atjauno\u0161anu, elast\u012bbas un stingr\u012bbas uzlabo\u0161anu.","og_url":"https:\/\/www.facecorner.lv\/en\/shop\/abib-pdrn-collagen-overnight-mask-firming-jelly-nakts-maska-ar-pdrn-un-kolagenu-80ml\/","og_site_name":"FACECORNER","article_publisher":"https:\/\/www.facebook.com\/profile.php?id=100063824551839","article_modified_time":"2026-02-17T11:39:30+00:00","og_image":[{"width":1600,"height":1600,"url":"https:\/\/www.facecorner.lv\/wp-content\/uploads\/2026\/01\/FJ_631dcd2d-2399-4ce7-b1ba-a430de4a7a7c.webp","type":"image\/webp"}],"twitter_card":"summary_large_image","twitter_misc":{"Price":"&euro;21.95","Availability":"Out of stock"},"schema":{"@context":"https:\/\/schema.org","@graph":[{"@type":"WebPage","@id":"https:\/\/www.facecorner.lv\/shop\/abib-pdrn-collagen-overnight-mask-firming-jelly-nakts-maska-ar-pdrn-un-kolagenu-80ml\/","url":"https:\/\/www.facecorner.lv\/shop\/abib-pdrn-collagen-overnight-mask-firming-jelly-nakts-maska-ar-pdrn-un-kolagenu-80ml\/","name":"Abib PDRN Collagen Overnight Mask Firming Jelly nakts maska ar PDRN un kolag\u0113nu 80ml - FACECORNER","isPartOf":{"@id":"https:\/\/www.facecorner.lv\/#website"},"primaryImageOfPage":{"@id":"https:\/\/www.facecorner.lv\/shop\/abib-pdrn-collagen-overnight-mask-firming-jelly-nakts-maska-ar-pdrn-un-kolagenu-80ml\/#primaryimage"},"image":{"@id":"https:\/\/www.facecorner.lv\/shop\/abib-pdrn-collagen-overnight-mask-firming-jelly-nakts-maska-ar-pdrn-un-kolagenu-80ml\/#primaryimage"},"thumbnailUrl":"https:\/\/www.facecorner.lv\/wp-content\/uploads\/2026\/01\/FJ_631dcd2d-2399-4ce7-b1ba-a430de4a7a7c.webp","datePublished":"2026-01-06T12:27:51+00:00","dateModified":"2026-02-17T11:39:30+00:00","description":"Abib PDRN Collagen Overnight Mask Firming Jelly nakts maska ir intens\u012bva kop\u0161ana miega laik\u0101, kas v\u0113rsta uz \u0101das atjauno\u0161anu, elast\u012bbas un stingr\u012bbas uzlabo\u0161anu.","breadcrumb":{"@id":"https:\/\/www.facecorner.lv\/shop\/abib-pdrn-collagen-overnight-mask-firming-jelly-nakts-maska-ar-pdrn-un-kolagenu-80ml\/#breadcrumb"},"inLanguage":"en-US","potentialAction":[{"@type":"ReadAction","target":["https:\/\/www.facecorner.lv\/shop\/abib-pdrn-collagen-overnight-mask-firming-jelly-nakts-maska-ar-pdrn-un-kolagenu-80ml\/"]}]},{"@type":"ImageObject","inLanguage":"en-US","@id":"https:\/\/www.facecorner.lv\/shop\/abib-pdrn-collagen-overnight-mask-firming-jelly-nakts-maska-ar-pdrn-un-kolagenu-80ml\/#primaryimage","url":"https:\/\/www.facecorner.lv\/wp-content\/uploads\/2026\/01\/FJ_631dcd2d-2399-4ce7-b1ba-a430de4a7a7c.webp","contentUrl":"https:\/\/www.facecorner.lv\/wp-content\/uploads\/2026\/01\/FJ_631dcd2d-2399-4ce7-b1ba-a430de4a7a7c.webp","width":1600,"height":1600},{"@type":"BreadcrumbList","@id":"https:\/\/www.facecorner.lv\/shop\/abib-pdrn-collagen-overnight-mask-firming-jelly-nakts-maska-ar-pdrn-un-kolagenu-80ml\/#breadcrumb","itemListElement":[{"@type":"ListItem","position":1,"name":"Home","item":"https:\/\/www.facecorner.lv\/"},{"@type":"ListItem","position":2,"name":"Veikals","item":"https:\/\/www.facecorner.lv\/shop\/"},{"@type":"ListItem","position":3,"name":"Abib PDRN Collagen Overnight Mask Firming Jelly nakts maska ar PDRN un kolag\u0113nu 80ml"}]},{"@type":"WebSite","@id":"https:\/\/www.facecorner.lv\/#website","url":"https:\/\/www.facecorner.lv\/","name":"Facecorner","description":"","publisher":{"@id":"https:\/\/www.facecorner.lv\/#organization"},"potentialAction":[{"@type":"SearchAction","target":{"@type":"EntryPoint","urlTemplate":"https:\/\/www.facecorner.lv\/?s={search_term_string}"},"query-input":{"@type":"PropertyValueSpecification","valueRequired":true,"valueName":"search_term_string"}}],"inLanguage":"en-US"},{"@type":"Organization","@id":"https:\/\/www.facecorner.lv\/#organization","name":"Facecorner","url":"https:\/\/www.facecorner.lv\/","logo":{"@type":"ImageObject","inLanguage":"en-US","@id":"https:\/\/www.facecorner.lv\/#\/schema\/logo\/image\/","url":"https:\/\/www.facecorner.lv\/wp-content\/uploads\/2024\/04\/fc-logo.jpg","contentUrl":"https:\/\/www.facecorner.lv\/wp-content\/uploads\/2024\/04\/fc-logo.jpg","width":174,"height":28,"caption":"Facecorner"},"image":{"@id":"https:\/\/www.facecorner.lv\/#\/schema\/logo\/image\/"},"sameAs":["https:\/\/www.facebook.com\/profile.php?id=100063824551839","https:\/\/www.instagram.com\/facecorner_shop\/"]}]},"product_price_amount":"21.95","product_price_currency":"EUR","og_availability":"out of stock","product_availability":"out of stock","product_condition":"new"},"_links":{"self":[{"href":"https:\/\/www.facecorner.lv\/en\/wp-json\/wp\/v2\/product\/26544","targetHints":{"allow":["GET"]}}],"collection":[{"href":"https:\/\/www.facecorner.lv\/en\/wp-json\/wp\/v2\/product"}],"about":[{"href":"https:\/\/www.facecorner.lv\/en\/wp-json\/wp\/v2\/types\/product"}],"replies":[{"embeddable":true,"href":"https:\/\/www.facecorner.lv\/en\/wp-json\/wp\/v2\/comments?post=26544"}],"wp:featuredmedia":[{"embeddable":true,"href":"https:\/\/www.facecorner.lv\/en\/wp-json\/wp\/v2\/media\/26551"}],"wp:attachment":[{"href":"https:\/\/www.facecorner.lv\/en\/wp-json\/wp\/v2\/media?parent=26544"}],"wp:term":[{"taxonomy":"product_brand","embeddable":true,"href":"https:\/\/www.facecorner.lv\/en\/wp-json\/wp\/v2\/product_brand?post=26544"},{"taxonomy":"product_cat","embeddable":true,"href":"https:\/\/www.facecorner.lv\/en\/wp-json\/wp\/v2\/product_cat?post=26544"},{"taxonomy":"product_tag","embeddable":true,"href":"https:\/\/www.facecorner.lv\/en\/wp-json\/wp\/v2\/product_tag?post=26544"},{"taxonomy":"berocket_brand","embeddable":true,"href":"https:\/\/www.facecorner.lv\/en\/wp-json\/wp\/v2\/berocket_brand?post=26544"}],"curies":[{"name":"wp","href":"https:\/\/api.w.org\/{rel}","templated":true}]}}