{"id":26434,"date":"2025-12-18T15:32:21","date_gmt":"2025-12-18T12:32:21","guid":{"rendered":"https:\/\/www.facecorner.lv\/?post_type=product&#038;p=26434"},"modified":"2026-04-10T10:49:03","modified_gmt":"2026-04-10T07:49:03","slug":"centellian24-pdrn-glow-gel-mask","status":"publish","type":"product","link":"https:\/\/www.facecorner.lv\/en\/shop\/centellian24-pdrn-glow-gel-mask\/","title":{"rendered":"Centellian24 PDRN Glow Gel Mask"},"content":{"rendered":"<p>Centellian24 PDRN Glow Gel Mask intens\u012bva stiprino\u0161a \u017eelejas maska, bag\u0101tin\u0101ta ar augstu PDRN un TECA koncentr\u0101ciju, lai \u0101da b\u016btu redzami nostiepta, mitrin\u0101ta un mirdzo\u0161a.<\/p>\n<p>Nodro\u0161ina m\u0113r\u0137tiec\u012bgu galveno grumbu zonu kop\u0161anu ar bl\u012bvas \u017eelejas pl\u0113ves pal\u012bdz\u012bbu, kas cie\u0161i piek\u013caujas \u0101dai, nesl\u012bdot.<\/p>\n<h6>Bubble Pop Cleanser products fine, soft foam to cleanse away dead skin, sebum and makeup residue from your face, while hyaluronic acid moisturizes your skin.<\/h6>\n<ul>\n<li>TECA komplekss ir titr\u0113ts ekstrakts (jaukts \u0161\u0137\u012bdums), kas sast\u0101v no azijsk\u0101bes (Asiatic Acid), azijkoz\u012bda (Asiaticoside) un madekas\u012bnsk\u0101bes (Madecassic Acid) kombin\u0101cijas un ir izstr\u0101d\u0101ts farmaceitu, lai pastiprin\u0101tu \u0100zijas centellas akt\u012bv\u0101s \u012bpa\u0161\u012bbas.TECA komplekss pastiprina \u0101das re\u0123ener\u0101ciju, atjauno \u0101du p\u0113c boj\u0101jumiem un \u0137\u012bmiskajiem p\u012blingiem, nom\u0101c br\u012bvos radik\u0101\u013cus \u0101d\u0101 un stimul\u0113 kolag\u0113na veido\u0161anos;<\/li>\n<li>PDRN (polideoksiribonukleot\u012bds) \u2014 re\u0123enerat\u012bvs savienojums uz DNS b\u0101zes, kas ieg\u016bts no la\u0161veid\u012bgaj\u0101m ziv\u012bm. Tas dab\u012bgi atrodams organism\u0101 un sp\u0113l\u0113 galveno lomu audu veido\u0161an\u0101 un \u0161\u016bnu dal\u012b\u0161an\u0101, pal\u012bdzot uzlabot \u0101das re\u0123ener\u0101ciju \u012bs\u0101 laika period\u0101;<\/li>\n<li>Hidroliz\u0113ts kolag\u0113ns \u2013 nodro\u0161ina intens\u012bvu mitrin\u0101\u0161anu, \u013cauj saglab\u0101t mitrumu \u0101d\u0101, nov\u0113r\u0161 sausuma un saspringuma saj\u016btu, nov\u0113r\u0161 noveco\u0161anos un grumbu veido\u0161anos, no\u0146em \u0101das saspringumu un nogurumu;<\/li>\n<\/ul>\n<p><strong>How to use:<\/strong>: Uzkl\u0101jiet masku uz att\u012br\u012btas sejas. Uzkl\u0101jiet to uz \u0101das un atst\u0101jiet uz 20-30 min\u016bt\u0113m. Kad maska k\u013c\u016bs caursp\u012bd\u012bga, no\u0146emiet to. Uz sejas paliku\u0161o esenci uzman\u012bgi izl\u012bdziniet ar mas\u0113jo\u0161\u0101m kust\u012bb\u0101m, l\u012bdz t\u0101 piln\u012bb\u0101 ies\u016bksies. Nav nepiecie\u0161ams noskalot.<\/p>\n<p><strong>Sast\u0101vs:<\/strong> Water, Glycerin, Polyglycerin-3, Tripropylene Glycol, Niacinamide, Chondrus Crispus, Dipropylene Glycol, Glycereth-26, Methylpropanediol, 1,2-hexanediol, Butylene Glycol, Hydroxyacetophenone, Trehalose, Ceratonia Siliqua (Carob) Gum, Potassium Chloride, Xanthan Gum, Glucomannan, Sucrose, Methyl Diisopropyl Propionamide, Curcuma Longa (Turmeric) Root Extract, Adenosine, Disodium Edta, Dipotassium Glycyrrhizate, Sodium Dna, Hydrogenated Lecithin, Polyglyceryl-10 Oleate, Madecassic Acid, Cyanocobalamin, Asiaticoside, Asiatic Acid, Ethylhexylglycerin, Propanediol, Hydrolyzed Elastin, Pentylene Glycol, Centella Asiatica Extract, Ficus Carica (Fig) Fruit Extract, Beta-glucan, Caprylyl Glycol, Ceramide Np, Hydrolyzed Collagen, Hydroxycinnamic Acid, Rutin, Acetyl Hexapeptide-1<\/p>","protected":false},"excerpt":{"rendered":"<p>Centellian24 PDRN Glow Gel Mask intens\u012bva stiprino\u0161a \u017eelejas maska, bag\u0101tin\u0101ta ar augstu PDRN un TECA koncentr\u0101ciju, lai \u0101da b\u016btu redzami nostiepta, mitrin\u0101ta un mirdzo\u0161a.<\/p>","protected":false},"featured_media":26435,"comment_status":"open","ping_status":"closed","template":"","meta":{"site-sidebar-layout":"default","site-content-layout":"","ast-site-content-layout":"default","site-content-style":"default","site-sidebar-style":"default","ast-global-header-display":"","ast-banner-title-visibility":"","ast-main-header-display":"","ast-hfb-above-header-display":"","ast-hfb-below-header-display":"","ast-hfb-mobile-header-display":"","site-post-title":"","ast-breadcrumbs-content":"","ast-featured-img":"","footer-sml-layout":"","theme-transparent-header-meta":"default","adv-header-id-meta":"","stick-header-meta":"","header-above-stick-meta":"","header-main-stick-meta":"","header-below-stick-meta":"","astra-migrate-meta-layouts":"set","ast-page-background-enabled":"default","ast-page-background-meta":{"desktop":{"background-color":"var(--ast-global-color-4)","background-image":"","background-repeat":"repeat","background-position":"center center","background-size":"auto","background-attachment":"scroll","background-type":"","background-media":"","overlay-type":"","overlay-color":"","overlay-opacity":"","overlay-gradient":""},"tablet":{"background-color":"","background-image":"","background-repeat":"repeat","background-position":"center center","background-size":"auto","background-attachment":"scroll","background-type":"","background-media":"","overlay-type":"","overlay-color":"","overlay-opacity":"","overlay-gradient":""},"mobile":{"background-color":"","background-image":"","background-repeat":"repeat","background-position":"center center","background-size":"auto","background-attachment":"scroll","background-type":"","background-media":"","overlay-type":"","overlay-color":"","overlay-opacity":"","overlay-gradient":""}},"ast-content-background-meta":{"desktop":{"background-color":"var(--ast-global-color-5)","background-image":"","background-repeat":"repeat","background-position":"center center","background-size":"auto","background-attachment":"scroll","background-type":"","background-media":"","overlay-type":"","overlay-color":"","overlay-opacity":"","overlay-gradient":""},"tablet":{"background-color":"var(--ast-global-color-5)","background-image":"","background-repeat":"repeat","background-position":"center center","background-size":"auto","background-attachment":"scroll","background-type":"","background-media":"","overlay-type":"","overlay-color":"","overlay-opacity":"","overlay-gradient":""},"mobile":{"background-color":"var(--ast-global-color-5)","background-image":"","background-repeat":"repeat","background-position":"center center","background-size":"auto","background-attachment":"scroll","background-type":"","background-media":"","overlay-type":"","overlay-color":"","overlay-opacity":"","overlay-gradient":""}}},"product_brand":[676],"product_cat":[325,315,652],"product_tag":[],"berocket_brand":[682],"class_list":{"0":"post-26434","1":"product","2":"type-product","3":"status-publish","4":"has-post-thumbnail","6":"product_brand-centellian24","7":"product_cat-hidrogela","8":"product_cat-maskas","9":"product_cat-pdrn","10":"berocket_brand-centellian24","11":"desktop-align-left","12":"tablet-align-left","13":"mobile-align-left","15":"first","16":"instock","17":"taxable","18":"shipping-taxable","19":"purchasable","20":"product-type-simple","21":"add-to-wishlist-before_image"},"yoast_head":"<!-- This site is optimized with the Yoast SEO plugin v27.4 - https:\/\/yoast.com\/product\/yoast-seo-wordpress\/ -->\n<title>Centellian24 PDRN Glow Gel Mask - FACECORNER<\/title>\n<meta name=\"description\" content=\"Centellian24 PDRN Glow Gel Mask intens\u012bva stiprino\u0161a \u017eelejas maska, bag\u0101tin\u0101ta ar augstu PDRN un TECA koncentr\u0101ciju, lai \u0101da b\u016btu redzami nostiepta, mitrin\u0101ta un mirdzo\u0161a.\" \/>\n<meta name=\"robots\" content=\"index, follow, max-snippet:-1, max-image-preview:large, max-video-preview:-1\" \/>\n<link rel=\"canonical\" href=\"https:\/\/www.facecorner.lv\/en\/shop\/centellian24-pdrn-glow-gel-mask\/\" \/>\n<meta property=\"og:locale\" content=\"en_US\" \/>\n<meta property=\"og:type\" content=\"article\" \/>\n<meta property=\"og:title\" content=\"Centellian24 PDRN Glow Gel Mask - FACECORNER\" \/>\n<meta property=\"og:description\" content=\"Centellian24 PDRN Glow Gel Mask intens\u012bva stiprino\u0161a \u017eelejas maska, bag\u0101tin\u0101ta ar augstu PDRN un TECA koncentr\u0101ciju, lai \u0101da b\u016btu redzami nostiepta, mitrin\u0101ta un mirdzo\u0161a.\" \/>\n<meta property=\"og:url\" content=\"https:\/\/www.facecorner.lv\/en\/shop\/centellian24-pdrn-glow-gel-mask\/\" \/>\n<meta property=\"og:site_name\" content=\"FACECORNER\" \/>\n<meta property=\"article:publisher\" content=\"https:\/\/www.facebook.com\/profile.php?id=100063824551839\" \/>\n<meta property=\"article:modified_time\" content=\"2026-04-10T07:49:03+00:00\" \/>\n<meta property=\"og:image\" content=\"https:\/\/www.facecorner.lv\/wp-content\/uploads\/2025\/12\/Centellian24-PDRN-Skin-Tightening-Glow-Gel-Mask-3-01e7c135.jpg\" \/>\n\t<meta property=\"og:image:width\" content=\"800\" \/>\n\t<meta property=\"og:image:height\" content=\"800\" \/>\n\t<meta property=\"og:image:type\" content=\"image\/jpeg\" \/>\n<meta name=\"twitter:card\" content=\"summary_large_image\" \/>\n<meta name=\"twitter:label1\" content=\"Price\" \/>\n\t<meta name=\"twitter:data1\" content=\"&euro;3.99\" \/>\n\t<meta name=\"twitter:label2\" content=\"Availability\" \/>\n\t<meta name=\"twitter:data2\" content=\"In stock\" \/>\n<script type=\"application\/ld+json\" class=\"yoast-schema-graph\">{\"@context\":\"https:\\\/\\\/schema.org\",\"@graph\":[{\"@type\":\"WebPage\",\"@id\":\"https:\\\/\\\/www.facecorner.lv\\\/shop\\\/centellian24-pdrn-glow-gel-mask\\\/\",\"url\":\"https:\\\/\\\/www.facecorner.lv\\\/shop\\\/centellian24-pdrn-glow-gel-mask\\\/\",\"name\":\"Centellian24 PDRN Glow Gel Mask - FACECORNER\",\"isPartOf\":{\"@id\":\"https:\\\/\\\/www.facecorner.lv\\\/#website\"},\"primaryImageOfPage\":{\"@id\":\"https:\\\/\\\/www.facecorner.lv\\\/shop\\\/centellian24-pdrn-glow-gel-mask\\\/#primaryimage\"},\"image\":{\"@id\":\"https:\\\/\\\/www.facecorner.lv\\\/shop\\\/centellian24-pdrn-glow-gel-mask\\\/#primaryimage\"},\"thumbnailUrl\":\"https:\\\/\\\/www.facecorner.lv\\\/wp-content\\\/uploads\\\/2025\\\/12\\\/Centellian24-PDRN-Skin-Tightening-Glow-Gel-Mask-3-01e7c135.jpg\",\"datePublished\":\"2025-12-18T12:32:21+00:00\",\"dateModified\":\"2026-04-10T07:49:03+00:00\",\"description\":\"Centellian24 PDRN Glow Gel Mask intens\u012bva stiprino\u0161a \u017eelejas maska, bag\u0101tin\u0101ta ar augstu PDRN un TECA koncentr\u0101ciju, lai \u0101da b\u016btu redzami nostiepta, mitrin\u0101ta un mirdzo\u0161a.\",\"breadcrumb\":{\"@id\":\"https:\\\/\\\/www.facecorner.lv\\\/shop\\\/centellian24-pdrn-glow-gel-mask\\\/#breadcrumb\"},\"inLanguage\":\"en-US\",\"potentialAction\":[{\"@type\":\"ReadAction\",\"target\":[\"https:\\\/\\\/www.facecorner.lv\\\/shop\\\/centellian24-pdrn-glow-gel-mask\\\/\"]}]},{\"@type\":\"ImageObject\",\"inLanguage\":\"en-US\",\"@id\":\"https:\\\/\\\/www.facecorner.lv\\\/shop\\\/centellian24-pdrn-glow-gel-mask\\\/#primaryimage\",\"url\":\"https:\\\/\\\/www.facecorner.lv\\\/wp-content\\\/uploads\\\/2025\\\/12\\\/Centellian24-PDRN-Skin-Tightening-Glow-Gel-Mask-3-01e7c135.jpg\",\"contentUrl\":\"https:\\\/\\\/www.facecorner.lv\\\/wp-content\\\/uploads\\\/2025\\\/12\\\/Centellian24-PDRN-Skin-Tightening-Glow-Gel-Mask-3-01e7c135.jpg\",\"width\":800,\"height\":800,\"caption\":\"Centellian24 PDRN Glow Gel Mask\"},{\"@type\":\"BreadcrumbList\",\"@id\":\"https:\\\/\\\/www.facecorner.lv\\\/shop\\\/centellian24-pdrn-glow-gel-mask\\\/#breadcrumb\",\"itemListElement\":[{\"@type\":\"ListItem\",\"position\":1,\"name\":\"Home\",\"item\":\"https:\\\/\\\/www.facecorner.lv\\\/\"},{\"@type\":\"ListItem\",\"position\":2,\"name\":\"Veikals\",\"item\":\"https:\\\/\\\/www.facecorner.lv\\\/shop\\\/\"},{\"@type\":\"ListItem\",\"position\":3,\"name\":\"Centellian24 PDRN Glow Gel Mask\"}]},{\"@type\":\"WebSite\",\"@id\":\"https:\\\/\\\/www.facecorner.lv\\\/#website\",\"url\":\"https:\\\/\\\/www.facecorner.lv\\\/\",\"name\":\"Facecorner\",\"description\":\"\",\"publisher\":{\"@id\":\"https:\\\/\\\/www.facecorner.lv\\\/#organization\"},\"potentialAction\":[{\"@type\":\"SearchAction\",\"target\":{\"@type\":\"EntryPoint\",\"urlTemplate\":\"https:\\\/\\\/www.facecorner.lv\\\/?s={search_term_string}\"},\"query-input\":{\"@type\":\"PropertyValueSpecification\",\"valueRequired\":true,\"valueName\":\"search_term_string\"}}],\"inLanguage\":\"en-US\"},{\"@type\":\"Organization\",\"@id\":\"https:\\\/\\\/www.facecorner.lv\\\/#organization\",\"name\":\"Facecorner\",\"url\":\"https:\\\/\\\/www.facecorner.lv\\\/\",\"logo\":{\"@type\":\"ImageObject\",\"inLanguage\":\"en-US\",\"@id\":\"https:\\\/\\\/www.facecorner.lv\\\/#\\\/schema\\\/logo\\\/image\\\/\",\"url\":\"https:\\\/\\\/www.facecorner.lv\\\/wp-content\\\/uploads\\\/2024\\\/04\\\/fc-logo.jpg\",\"contentUrl\":\"https:\\\/\\\/www.facecorner.lv\\\/wp-content\\\/uploads\\\/2024\\\/04\\\/fc-logo.jpg\",\"width\":174,\"height\":28,\"caption\":\"Facecorner\"},\"image\":{\"@id\":\"https:\\\/\\\/www.facecorner.lv\\\/#\\\/schema\\\/logo\\\/image\\\/\"},\"sameAs\":[\"https:\\\/\\\/www.facebook.com\\\/profile.php?id=100063824551839\",\"https:\\\/\\\/www.instagram.com\\\/facecorner_shop\\\/\"]}]}<\/script>\n<meta property=\"product:brand\" content=\"Centellian24\" \/>\n<meta property=\"product:price:amount\" content=\"3.99\" \/>\n<meta property=\"product:price:currency\" content=\"EUR\" \/>\n<meta property=\"og:availability\" content=\"instock\" \/>\n<meta property=\"product:availability\" content=\"instock\" \/>\n<meta property=\"product:condition\" content=\"new\" \/>\n<!-- \/ Yoast SEO plugin. -->","yoast_head_json":{"title":"Centellian24 PDRN Glow Gel Mask - FACECORNER","description":"Centellian24 PDRN Glow Gel Mask intens\u012bva stiprino\u0161a \u017eelejas maska, bag\u0101tin\u0101ta ar augstu PDRN un TECA koncentr\u0101ciju, lai \u0101da b\u016btu redzami nostiepta, mitrin\u0101ta un mirdzo\u0161a.","robots":{"index":"index","follow":"follow","max-snippet":"max-snippet:-1","max-image-preview":"max-image-preview:large","max-video-preview":"max-video-preview:-1"},"canonical":"https:\/\/www.facecorner.lv\/en\/shop\/centellian24-pdrn-glow-gel-mask\/","og_locale":"en_US","og_type":"article","og_title":"Centellian24 PDRN Glow Gel Mask - FACECORNER","og_description":"Centellian24 PDRN Glow Gel Mask intens\u012bva stiprino\u0161a \u017eelejas maska, bag\u0101tin\u0101ta ar augstu PDRN un TECA koncentr\u0101ciju, lai \u0101da b\u016btu redzami nostiepta, mitrin\u0101ta un mirdzo\u0161a.","og_url":"https:\/\/www.facecorner.lv\/en\/shop\/centellian24-pdrn-glow-gel-mask\/","og_site_name":"FACECORNER","article_publisher":"https:\/\/www.facebook.com\/profile.php?id=100063824551839","article_modified_time":"2026-04-10T07:49:03+00:00","og_image":[{"width":800,"height":800,"url":"https:\/\/www.facecorner.lv\/wp-content\/uploads\/2025\/12\/Centellian24-PDRN-Skin-Tightening-Glow-Gel-Mask-3-01e7c135.jpg","type":"image\/jpeg"}],"twitter_card":"summary_large_image","twitter_misc":{"Price":"&euro;3.99","Availability":"In stock"},"schema":{"@context":"https:\/\/schema.org","@graph":[{"@type":"WebPage","@id":"https:\/\/www.facecorner.lv\/shop\/centellian24-pdrn-glow-gel-mask\/","url":"https:\/\/www.facecorner.lv\/shop\/centellian24-pdrn-glow-gel-mask\/","name":"Centellian24 PDRN Glow Gel Mask - FACECORNER","isPartOf":{"@id":"https:\/\/www.facecorner.lv\/#website"},"primaryImageOfPage":{"@id":"https:\/\/www.facecorner.lv\/shop\/centellian24-pdrn-glow-gel-mask\/#primaryimage"},"image":{"@id":"https:\/\/www.facecorner.lv\/shop\/centellian24-pdrn-glow-gel-mask\/#primaryimage"},"thumbnailUrl":"https:\/\/www.facecorner.lv\/wp-content\/uploads\/2025\/12\/Centellian24-PDRN-Skin-Tightening-Glow-Gel-Mask-3-01e7c135.jpg","datePublished":"2025-12-18T12:32:21+00:00","dateModified":"2026-04-10T07:49:03+00:00","description":"Centellian24 PDRN Glow Gel Mask intens\u012bva stiprino\u0161a \u017eelejas maska, bag\u0101tin\u0101ta ar augstu PDRN un TECA koncentr\u0101ciju, lai \u0101da b\u016btu redzami nostiepta, mitrin\u0101ta un mirdzo\u0161a.","breadcrumb":{"@id":"https:\/\/www.facecorner.lv\/shop\/centellian24-pdrn-glow-gel-mask\/#breadcrumb"},"inLanguage":"en-US","potentialAction":[{"@type":"ReadAction","target":["https:\/\/www.facecorner.lv\/shop\/centellian24-pdrn-glow-gel-mask\/"]}]},{"@type":"ImageObject","inLanguage":"en-US","@id":"https:\/\/www.facecorner.lv\/shop\/centellian24-pdrn-glow-gel-mask\/#primaryimage","url":"https:\/\/www.facecorner.lv\/wp-content\/uploads\/2025\/12\/Centellian24-PDRN-Skin-Tightening-Glow-Gel-Mask-3-01e7c135.jpg","contentUrl":"https:\/\/www.facecorner.lv\/wp-content\/uploads\/2025\/12\/Centellian24-PDRN-Skin-Tightening-Glow-Gel-Mask-3-01e7c135.jpg","width":800,"height":800,"caption":"Centellian24 PDRN Glow Gel Mask"},{"@type":"BreadcrumbList","@id":"https:\/\/www.facecorner.lv\/shop\/centellian24-pdrn-glow-gel-mask\/#breadcrumb","itemListElement":[{"@type":"ListItem","position":1,"name":"Home","item":"https:\/\/www.facecorner.lv\/"},{"@type":"ListItem","position":2,"name":"Veikals","item":"https:\/\/www.facecorner.lv\/shop\/"},{"@type":"ListItem","position":3,"name":"Centellian24 PDRN Glow Gel Mask"}]},{"@type":"WebSite","@id":"https:\/\/www.facecorner.lv\/#website","url":"https:\/\/www.facecorner.lv\/","name":"Facecorner","description":"","publisher":{"@id":"https:\/\/www.facecorner.lv\/#organization"},"potentialAction":[{"@type":"SearchAction","target":{"@type":"EntryPoint","urlTemplate":"https:\/\/www.facecorner.lv\/?s={search_term_string}"},"query-input":{"@type":"PropertyValueSpecification","valueRequired":true,"valueName":"search_term_string"}}],"inLanguage":"en-US"},{"@type":"Organization","@id":"https:\/\/www.facecorner.lv\/#organization","name":"Facecorner","url":"https:\/\/www.facecorner.lv\/","logo":{"@type":"ImageObject","inLanguage":"en-US","@id":"https:\/\/www.facecorner.lv\/#\/schema\/logo\/image\/","url":"https:\/\/www.facecorner.lv\/wp-content\/uploads\/2024\/04\/fc-logo.jpg","contentUrl":"https:\/\/www.facecorner.lv\/wp-content\/uploads\/2024\/04\/fc-logo.jpg","width":174,"height":28,"caption":"Facecorner"},"image":{"@id":"https:\/\/www.facecorner.lv\/#\/schema\/logo\/image\/"},"sameAs":["https:\/\/www.facebook.com\/profile.php?id=100063824551839","https:\/\/www.instagram.com\/facecorner_shop\/"]}]},"product_brand":"Centellian24","product_price_amount":"3.99","product_price_currency":"EUR","og_availability":"instock","product_availability":"instock","product_condition":"new"},"_links":{"self":[{"href":"https:\/\/www.facecorner.lv\/en\/wp-json\/wp\/v2\/product\/26434","targetHints":{"allow":["GET"]}}],"collection":[{"href":"https:\/\/www.facecorner.lv\/en\/wp-json\/wp\/v2\/product"}],"about":[{"href":"https:\/\/www.facecorner.lv\/en\/wp-json\/wp\/v2\/types\/product"}],"replies":[{"embeddable":true,"href":"https:\/\/www.facecorner.lv\/en\/wp-json\/wp\/v2\/comments?post=26434"}],"wp:featuredmedia":[{"embeddable":true,"href":"https:\/\/www.facecorner.lv\/en\/wp-json\/wp\/v2\/media\/26435"}],"wp:attachment":[{"href":"https:\/\/www.facecorner.lv\/en\/wp-json\/wp\/v2\/media?parent=26434"}],"wp:term":[{"taxonomy":"product_brand","embeddable":true,"href":"https:\/\/www.facecorner.lv\/en\/wp-json\/wp\/v2\/product_brand?post=26434"},{"taxonomy":"product_cat","embeddable":true,"href":"https:\/\/www.facecorner.lv\/en\/wp-json\/wp\/v2\/product_cat?post=26434"},{"taxonomy":"product_tag","embeddable":true,"href":"https:\/\/www.facecorner.lv\/en\/wp-json\/wp\/v2\/product_tag?post=26434"},{"taxonomy":"berocket_brand","embeddable":true,"href":"https:\/\/www.facecorner.lv\/en\/wp-json\/wp\/v2\/berocket_brand?post=26434"}],"curies":[{"name":"wp","href":"https:\/\/api.w.org\/{rel}","templated":true}]}}