{"id":26411,"date":"2025-12-16T15:39:08","date_gmt":"2025-12-16T12:39:08","guid":{"rendered":"https:\/\/www.facecorner.lv\/?post_type=product&#038;p=26411"},"modified":"2026-02-25T16:24:40","modified_gmt":"2026-02-25T13:24:40","slug":"centellian24-pdrn-firming-boosting-ampoule-nostiprinosa-un-atjaunojosa-ampula-30ml","status":"publish","type":"product","link":"https:\/\/www.facecorner.lv\/en\/shop\/centellian24-pdrn-firming-boosting-ampoule-nostiprinosa-un-atjaunojosa-ampula-30ml\/","title":{"rendered":"Centellian24 PDRN Firming Boosting Ampoule nostiprino\u0161a un atjaunojo\u0161a ampula 30ml"},"content":{"rendered":"<p>Centellian24 PDRN Firming Boosting Ampoule \u2014 nostiprino\u0161a un atjaunojo\u0161a ampula intens\u012bvai \u0101das kop\u0161anai ar noveco\u0161an\u0101s paz\u012bm\u0113m un elast\u012bbas zudumu.<\/p>\n<p>Formula satur PDRN (polideoksiribonukleot\u012bdus) \u2014 komponentu, kas paz\u012bstams ar sav\u0101m sp\u0113c\u012bgaj\u0101m re\u0123ener\u0113jo\u0161aj\u0101m \u012bpa\u0161\u012bb\u0101m, kas pal\u012bdz atjaunot \u0101das strukt\u016bru, palielin\u0101t t\u0101s bl\u012bvumu un elast\u012bbu. Kombin\u0101cij\u0101 ar akt\u012bvaj\u0101m sast\u0101vda\u013c\u0101m ampula stimul\u0113 \u0101das atjauno\u0161anos, uzlabo toni un veicina grumbu izl\u012bdzin\u0101\u0161anu.<\/p>\n<p>Viegla koncentr\u0113ta tekst\u016bra \u0101tri ies\u016bcas, neatst\u0101jot lip\u012bgumu, un pastiprina turpm\u0101k\u0101s kop\u0161anas iedarb\u012bbu. Piem\u0113rota ikdienas lieto\u0161anai, ieskaitot jut\u012bgu \u0101du.<\/p>\n<h6>Efekts:<\/h6>\n<ul>\n<li>\u0101das elast\u012bbas un bl\u012bvuma palielin\u0101\u0161ana<\/li>\n<li>tekst\u016bras un tonusa uzlabo\u0161ana<\/li>\n<li>intens\u012bva atjauno\u0161ana un mitrin\u0101\u0161ana<\/li>\n<li>glud\u0101ka un stingr\u0101ka \u0101da<\/li>\n<\/ul>\n<p><strong>How to use:<\/strong> P\u0113c sejas att\u012br\u012b\u0161anas un toniz\u0113\u0161anas uzkl\u0101jiet uz \u0101das atbilsto\u0161u ampulas daudzumu un viegli iemaset.<\/p>\n<p><strong>Sast\u0101vs:<\/strong> Water, Glycerin, Bis-Peg-18 Methyl Ether Dimethyl Silane, Propanediol, Methylpropanediol, Dipropylene Glycol, Glycereth-26, Butylene Glycol, Niacinamide, Methyl Gluceth-20, 1,2-Hexanediol, Raffinose, Cyclohexasiloxane, Trehalose, Pentylene Glycol, Curcuma Longa (Turmeric) Root Extract, Dioscorea Japonica Root Extract, Theobroma Cacao (Cocoa) Seed Extract, Panax Ginseng Root Extract, Hydrogenated Lecithin, Calendula Officinalis Flower Oil, Hydrolyzed Collagen, Hydrolyzed Elastin, Sodium Dna, Lactobacillus Ferment, Ceramide NP, Panax Ginseng Vesicles, Glyceryl Polymethacrylate, Glycosyl Trehalose, Sodium Polyacrylate, Pvm\/Ma Copolymer, Hydrogenated Starch Hydrolysate, Dextrin, Dimethicone\/Vinyl Dimethicone Crosspolymer, Sucrose Distearate, Lecithin, Polyquaternium-51, Glyceryl Stearate, Cyanocobalamin, Biosaccharide Gum-1, Acrylates\/C10-30 Alkyl Acrylate Crosspolymer, Xanthan Gum, Adenosine, Palmitoyl Pentapeptide-4, Carnosine, Retinol, Carbomer, Tromethamine, Polysorbate 20, Ethylhexylglycerin<\/p>","protected":false},"excerpt":{"rendered":"<p>Centellian24 PDRN Firming Boosting Ampoule \u2014 nostiprino\u0161a un atjaunojo\u0161a ampula intens\u012bvai \u0101das kop\u0161anai ar noveco\u0161an\u0101s paz\u012bm\u0113m un elast\u012bbas zudumu.<\/p>","protected":false},"featured_media":26413,"comment_status":"open","ping_status":"closed","template":"","meta":{"site-sidebar-layout":"default","site-content-layout":"","ast-site-content-layout":"default","site-content-style":"default","site-sidebar-style":"default","ast-global-header-display":"","ast-banner-title-visibility":"","ast-main-header-display":"","ast-hfb-above-header-display":"","ast-hfb-below-header-display":"","ast-hfb-mobile-header-display":"","site-post-title":"","ast-breadcrumbs-content":"","ast-featured-img":"","footer-sml-layout":"","theme-transparent-header-meta":"default","adv-header-id-meta":"","stick-header-meta":"","header-above-stick-meta":"","header-main-stick-meta":"","header-below-stick-meta":"","astra-migrate-meta-layouts":"set","ast-page-background-enabled":"default","ast-page-background-meta":{"desktop":{"background-color":"var(--ast-global-color-4)","background-image":"","background-repeat":"repeat","background-position":"center center","background-size":"auto","background-attachment":"scroll","background-type":"","background-media":"","overlay-type":"","overlay-color":"","overlay-opacity":"","overlay-gradient":""},"tablet":{"background-color":"","background-image":"","background-repeat":"repeat","background-position":"center center","background-size":"auto","background-attachment":"scroll","background-type":"","background-media":"","overlay-type":"","overlay-color":"","overlay-opacity":"","overlay-gradient":""},"mobile":{"background-color":"","background-image":"","background-repeat":"repeat","background-position":"center center","background-size":"auto","background-attachment":"scroll","background-type":"","background-media":"","overlay-type":"","overlay-color":"","overlay-opacity":"","overlay-gradient":""}},"ast-content-background-meta":{"desktop":{"background-color":"var(--ast-global-color-5)","background-image":"","background-repeat":"repeat","background-position":"center center","background-size":"auto","background-attachment":"scroll","background-type":"","background-media":"","overlay-type":"","overlay-color":"","overlay-opacity":"","overlay-gradient":""},"tablet":{"background-color":"var(--ast-global-color-5)","background-image":"","background-repeat":"repeat","background-position":"center center","background-size":"auto","background-attachment":"scroll","background-type":"","background-media":"","overlay-type":"","overlay-color":"","overlay-opacity":"","overlay-gradient":""},"mobile":{"background-color":"var(--ast-global-color-5)","background-image":"","background-repeat":"repeat","background-position":"center center","background-size":"auto","background-attachment":"scroll","background-type":"","background-media":"","overlay-type":"","overlay-color":"","overlay-opacity":"","overlay-gradient":""}}},"product_brand":[676],"product_cat":[370,371,652,363],"product_tag":[],"berocket_brand":[682],"class_list":{"0":"post-26411","1":"product","2":"type-product","3":"status-publish","4":"has-post-thumbnail","6":"product_brand-centellian24","7":"product_cat-adas-mirdzumam","8":"product_cat-anti-age","9":"product_cat-pdrn","10":"product_cat-serumi","11":"berocket_brand-centellian24","12":"desktop-align-left","13":"tablet-align-left","14":"mobile-align-left","16":"first","17":"outofstock","18":"taxable","19":"shipping-taxable","20":"purchasable","21":"product-type-simple","22":"add-to-wishlist-before_image"},"yoast_head":"<!-- This site is optimized with the Yoast SEO plugin v27.4 - https:\/\/yoast.com\/product\/yoast-seo-wordpress\/ -->\n<title>Centellian24 PDRN Firming Boosting Ampoule nostiprino\u0161a un atjaunojo\u0161a ampula 30ml - FACECORNER<\/title>\n<meta name=\"description\" content=\"Centellian24 PDRN Firming Boosting Ampoule \u2014 nostiprino\u0161a un atjaunojo\u0161a ampula intens\u012bvai \u0101das kop\u0161anai ar noveco\u0161an\u0101s paz\u012bm\u0113m un elast\u012bbas zudumu.\" \/>\n<meta name=\"robots\" content=\"index, follow, max-snippet:-1, max-image-preview:large, max-video-preview:-1\" \/>\n<link rel=\"canonical\" href=\"https:\/\/www.facecorner.lv\/en\/shop\/centellian24-pdrn-firming-boosting-ampoule-nostiprinosa-un-atjaunojosa-ampula-30ml\/\" \/>\n<meta property=\"og:locale\" content=\"en_US\" \/>\n<meta property=\"og:type\" content=\"article\" \/>\n<meta property=\"og:title\" content=\"Centellian24 PDRN Firming Boosting Ampoule nostiprino\u0161a un atjaunojo\u0161a ampula 30ml - FACECORNER\" \/>\n<meta property=\"og:description\" content=\"Centellian24 PDRN Firming Boosting Ampoule \u2014 nostiprino\u0161a un atjaunojo\u0161a ampula intens\u012bvai \u0101das kop\u0161anai ar noveco\u0161an\u0101s paz\u012bm\u0113m un elast\u012bbas zudumu.\" \/>\n<meta property=\"og:url\" content=\"https:\/\/www.facecorner.lv\/en\/shop\/centellian24-pdrn-firming-boosting-ampoule-nostiprinosa-un-atjaunojosa-ampula-30ml\/\" \/>\n<meta property=\"og:site_name\" content=\"FACECORNER\" \/>\n<meta property=\"article:publisher\" content=\"https:\/\/www.facebook.com\/profile.php?id=100063824551839\" \/>\n<meta property=\"article:modified_time\" content=\"2026-02-25T13:24:40+00:00\" \/>\n<meta property=\"og:image\" content=\"https:\/\/www.facecorner.lv\/wp-content\/uploads\/2025\/12\/618u3ebdwiL.jpg\" \/>\n\t<meta property=\"og:image:width\" content=\"1500\" \/>\n\t<meta property=\"og:image:height\" content=\"1500\" \/>\n\t<meta property=\"og:image:type\" content=\"image\/jpeg\" \/>\n<meta name=\"twitter:card\" content=\"summary_large_image\" \/>\n<meta name=\"twitter:label1\" content=\"Price\" \/>\n\t<meta name=\"twitter:data1\" content=\"&euro;29.95\" \/>\n\t<meta name=\"twitter:label2\" content=\"Availability\" \/>\n\t<meta name=\"twitter:data2\" content=\"Out of stock\" \/>\n<script type=\"application\/ld+json\" class=\"yoast-schema-graph\">{\"@context\":\"https:\\\/\\\/schema.org\",\"@graph\":[{\"@type\":\"WebPage\",\"@id\":\"https:\\\/\\\/www.facecorner.lv\\\/shop\\\/centellian24-pdrn-firming-boosting-ampoule-nostiprinosa-un-atjaunojosa-ampula-30ml\\\/\",\"url\":\"https:\\\/\\\/www.facecorner.lv\\\/shop\\\/centellian24-pdrn-firming-boosting-ampoule-nostiprinosa-un-atjaunojosa-ampula-30ml\\\/\",\"name\":\"Centellian24 PDRN Firming Boosting Ampoule nostiprino\u0161a un atjaunojo\u0161a ampula 30ml - FACECORNER\",\"isPartOf\":{\"@id\":\"https:\\\/\\\/www.facecorner.lv\\\/#website\"},\"primaryImageOfPage\":{\"@id\":\"https:\\\/\\\/www.facecorner.lv\\\/shop\\\/centellian24-pdrn-firming-boosting-ampoule-nostiprinosa-un-atjaunojosa-ampula-30ml\\\/#primaryimage\"},\"image\":{\"@id\":\"https:\\\/\\\/www.facecorner.lv\\\/shop\\\/centellian24-pdrn-firming-boosting-ampoule-nostiprinosa-un-atjaunojosa-ampula-30ml\\\/#primaryimage\"},\"thumbnailUrl\":\"https:\\\/\\\/www.facecorner.lv\\\/wp-content\\\/uploads\\\/2025\\\/12\\\/618u3ebdwiL.jpg\",\"datePublished\":\"2025-12-16T12:39:08+00:00\",\"dateModified\":\"2026-02-25T13:24:40+00:00\",\"description\":\"Centellian24 PDRN Firming Boosting Ampoule \u2014 nostiprino\u0161a un atjaunojo\u0161a ampula intens\u012bvai \u0101das kop\u0161anai ar noveco\u0161an\u0101s paz\u012bm\u0113m un elast\u012bbas zudumu.\",\"breadcrumb\":{\"@id\":\"https:\\\/\\\/www.facecorner.lv\\\/shop\\\/centellian24-pdrn-firming-boosting-ampoule-nostiprinosa-un-atjaunojosa-ampula-30ml\\\/#breadcrumb\"},\"inLanguage\":\"en-US\",\"potentialAction\":[{\"@type\":\"ReadAction\",\"target\":[\"https:\\\/\\\/www.facecorner.lv\\\/shop\\\/centellian24-pdrn-firming-boosting-ampoule-nostiprinosa-un-atjaunojosa-ampula-30ml\\\/\"]}]},{\"@type\":\"ImageObject\",\"inLanguage\":\"en-US\",\"@id\":\"https:\\\/\\\/www.facecorner.lv\\\/shop\\\/centellian24-pdrn-firming-boosting-ampoule-nostiprinosa-un-atjaunojosa-ampula-30ml\\\/#primaryimage\",\"url\":\"https:\\\/\\\/www.facecorner.lv\\\/wp-content\\\/uploads\\\/2025\\\/12\\\/618u3ebdwiL.jpg\",\"contentUrl\":\"https:\\\/\\\/www.facecorner.lv\\\/wp-content\\\/uploads\\\/2025\\\/12\\\/618u3ebdwiL.jpg\",\"width\":1500,\"height\":1500,\"caption\":\"Centellian24 PDRN Firming Boosting Ampoule\"},{\"@type\":\"BreadcrumbList\",\"@id\":\"https:\\\/\\\/www.facecorner.lv\\\/shop\\\/centellian24-pdrn-firming-boosting-ampoule-nostiprinosa-un-atjaunojosa-ampula-30ml\\\/#breadcrumb\",\"itemListElement\":[{\"@type\":\"ListItem\",\"position\":1,\"name\":\"Home\",\"item\":\"https:\\\/\\\/www.facecorner.lv\\\/\"},{\"@type\":\"ListItem\",\"position\":2,\"name\":\"Veikals\",\"item\":\"https:\\\/\\\/www.facecorner.lv\\\/shop\\\/\"},{\"@type\":\"ListItem\",\"position\":3,\"name\":\"Centellian24 PDRN Firming Boosting Ampoule nostiprino\u0161a un atjaunojo\u0161a ampula 30ml\"}]},{\"@type\":\"WebSite\",\"@id\":\"https:\\\/\\\/www.facecorner.lv\\\/#website\",\"url\":\"https:\\\/\\\/www.facecorner.lv\\\/\",\"name\":\"Facecorner\",\"description\":\"\",\"publisher\":{\"@id\":\"https:\\\/\\\/www.facecorner.lv\\\/#organization\"},\"potentialAction\":[{\"@type\":\"SearchAction\",\"target\":{\"@type\":\"EntryPoint\",\"urlTemplate\":\"https:\\\/\\\/www.facecorner.lv\\\/?s={search_term_string}\"},\"query-input\":{\"@type\":\"PropertyValueSpecification\",\"valueRequired\":true,\"valueName\":\"search_term_string\"}}],\"inLanguage\":\"en-US\"},{\"@type\":\"Organization\",\"@id\":\"https:\\\/\\\/www.facecorner.lv\\\/#organization\",\"name\":\"Facecorner\",\"url\":\"https:\\\/\\\/www.facecorner.lv\\\/\",\"logo\":{\"@type\":\"ImageObject\",\"inLanguage\":\"en-US\",\"@id\":\"https:\\\/\\\/www.facecorner.lv\\\/#\\\/schema\\\/logo\\\/image\\\/\",\"url\":\"https:\\\/\\\/www.facecorner.lv\\\/wp-content\\\/uploads\\\/2024\\\/04\\\/fc-logo.jpg\",\"contentUrl\":\"https:\\\/\\\/www.facecorner.lv\\\/wp-content\\\/uploads\\\/2024\\\/04\\\/fc-logo.jpg\",\"width\":174,\"height\":28,\"caption\":\"Facecorner\"},\"image\":{\"@id\":\"https:\\\/\\\/www.facecorner.lv\\\/#\\\/schema\\\/logo\\\/image\\\/\"},\"sameAs\":[\"https:\\\/\\\/www.facebook.com\\\/profile.php?id=100063824551839\",\"https:\\\/\\\/www.instagram.com\\\/facecorner_shop\\\/\"]}]}<\/script>\n<meta property=\"product:brand\" content=\"Centellian24\" \/>\n<meta property=\"product:price:amount\" content=\"29.95\" \/>\n<meta property=\"product:price:currency\" content=\"EUR\" \/>\n<meta property=\"og:availability\" content=\"out of stock\" \/>\n<meta property=\"product:availability\" content=\"out of stock\" \/>\n<meta property=\"product:condition\" content=\"new\" \/>\n<!-- \/ Yoast SEO plugin. -->","yoast_head_json":{"title":"Centellian24 PDRN Firming Boosting Ampoule nostiprino\u0161a un atjaunojo\u0161a ampula 30ml - FACECORNER","description":"Centellian24 PDRN Firming Boosting Ampoule \u2014 nostiprino\u0161a un atjaunojo\u0161a ampula intens\u012bvai \u0101das kop\u0161anai ar noveco\u0161an\u0101s paz\u012bm\u0113m un elast\u012bbas zudumu.","robots":{"index":"index","follow":"follow","max-snippet":"max-snippet:-1","max-image-preview":"max-image-preview:large","max-video-preview":"max-video-preview:-1"},"canonical":"https:\/\/www.facecorner.lv\/en\/shop\/centellian24-pdrn-firming-boosting-ampoule-nostiprinosa-un-atjaunojosa-ampula-30ml\/","og_locale":"en_US","og_type":"article","og_title":"Centellian24 PDRN Firming Boosting Ampoule nostiprino\u0161a un atjaunojo\u0161a ampula 30ml - FACECORNER","og_description":"Centellian24 PDRN Firming Boosting Ampoule \u2014 nostiprino\u0161a un atjaunojo\u0161a ampula intens\u012bvai \u0101das kop\u0161anai ar noveco\u0161an\u0101s paz\u012bm\u0113m un elast\u012bbas zudumu.","og_url":"https:\/\/www.facecorner.lv\/en\/shop\/centellian24-pdrn-firming-boosting-ampoule-nostiprinosa-un-atjaunojosa-ampula-30ml\/","og_site_name":"FACECORNER","article_publisher":"https:\/\/www.facebook.com\/profile.php?id=100063824551839","article_modified_time":"2026-02-25T13:24:40+00:00","og_image":[{"width":1500,"height":1500,"url":"https:\/\/www.facecorner.lv\/wp-content\/uploads\/2025\/12\/618u3ebdwiL.jpg","type":"image\/jpeg"}],"twitter_card":"summary_large_image","twitter_misc":{"Price":"&euro;29.95","Availability":"Out of stock"},"schema":{"@context":"https:\/\/schema.org","@graph":[{"@type":"WebPage","@id":"https:\/\/www.facecorner.lv\/shop\/centellian24-pdrn-firming-boosting-ampoule-nostiprinosa-un-atjaunojosa-ampula-30ml\/","url":"https:\/\/www.facecorner.lv\/shop\/centellian24-pdrn-firming-boosting-ampoule-nostiprinosa-un-atjaunojosa-ampula-30ml\/","name":"Centellian24 PDRN Firming Boosting Ampoule nostiprino\u0161a un atjaunojo\u0161a ampula 30ml - FACECORNER","isPartOf":{"@id":"https:\/\/www.facecorner.lv\/#website"},"primaryImageOfPage":{"@id":"https:\/\/www.facecorner.lv\/shop\/centellian24-pdrn-firming-boosting-ampoule-nostiprinosa-un-atjaunojosa-ampula-30ml\/#primaryimage"},"image":{"@id":"https:\/\/www.facecorner.lv\/shop\/centellian24-pdrn-firming-boosting-ampoule-nostiprinosa-un-atjaunojosa-ampula-30ml\/#primaryimage"},"thumbnailUrl":"https:\/\/www.facecorner.lv\/wp-content\/uploads\/2025\/12\/618u3ebdwiL.jpg","datePublished":"2025-12-16T12:39:08+00:00","dateModified":"2026-02-25T13:24:40+00:00","description":"Centellian24 PDRN Firming Boosting Ampoule \u2014 nostiprino\u0161a un atjaunojo\u0161a ampula intens\u012bvai \u0101das kop\u0161anai ar noveco\u0161an\u0101s paz\u012bm\u0113m un elast\u012bbas zudumu.","breadcrumb":{"@id":"https:\/\/www.facecorner.lv\/shop\/centellian24-pdrn-firming-boosting-ampoule-nostiprinosa-un-atjaunojosa-ampula-30ml\/#breadcrumb"},"inLanguage":"en-US","potentialAction":[{"@type":"ReadAction","target":["https:\/\/www.facecorner.lv\/shop\/centellian24-pdrn-firming-boosting-ampoule-nostiprinosa-un-atjaunojosa-ampula-30ml\/"]}]},{"@type":"ImageObject","inLanguage":"en-US","@id":"https:\/\/www.facecorner.lv\/shop\/centellian24-pdrn-firming-boosting-ampoule-nostiprinosa-un-atjaunojosa-ampula-30ml\/#primaryimage","url":"https:\/\/www.facecorner.lv\/wp-content\/uploads\/2025\/12\/618u3ebdwiL.jpg","contentUrl":"https:\/\/www.facecorner.lv\/wp-content\/uploads\/2025\/12\/618u3ebdwiL.jpg","width":1500,"height":1500,"caption":"Centellian24 PDRN Firming Boosting Ampoule"},{"@type":"BreadcrumbList","@id":"https:\/\/www.facecorner.lv\/shop\/centellian24-pdrn-firming-boosting-ampoule-nostiprinosa-un-atjaunojosa-ampula-30ml\/#breadcrumb","itemListElement":[{"@type":"ListItem","position":1,"name":"Home","item":"https:\/\/www.facecorner.lv\/"},{"@type":"ListItem","position":2,"name":"Veikals","item":"https:\/\/www.facecorner.lv\/shop\/"},{"@type":"ListItem","position":3,"name":"Centellian24 PDRN Firming Boosting Ampoule nostiprino\u0161a un atjaunojo\u0161a ampula 30ml"}]},{"@type":"WebSite","@id":"https:\/\/www.facecorner.lv\/#website","url":"https:\/\/www.facecorner.lv\/","name":"Facecorner","description":"","publisher":{"@id":"https:\/\/www.facecorner.lv\/#organization"},"potentialAction":[{"@type":"SearchAction","target":{"@type":"EntryPoint","urlTemplate":"https:\/\/www.facecorner.lv\/?s={search_term_string}"},"query-input":{"@type":"PropertyValueSpecification","valueRequired":true,"valueName":"search_term_string"}}],"inLanguage":"en-US"},{"@type":"Organization","@id":"https:\/\/www.facecorner.lv\/#organization","name":"Facecorner","url":"https:\/\/www.facecorner.lv\/","logo":{"@type":"ImageObject","inLanguage":"en-US","@id":"https:\/\/www.facecorner.lv\/#\/schema\/logo\/image\/","url":"https:\/\/www.facecorner.lv\/wp-content\/uploads\/2024\/04\/fc-logo.jpg","contentUrl":"https:\/\/www.facecorner.lv\/wp-content\/uploads\/2024\/04\/fc-logo.jpg","width":174,"height":28,"caption":"Facecorner"},"image":{"@id":"https:\/\/www.facecorner.lv\/#\/schema\/logo\/image\/"},"sameAs":["https:\/\/www.facebook.com\/profile.php?id=100063824551839","https:\/\/www.instagram.com\/facecorner_shop\/"]}]},"product_brand":"Centellian24","product_price_amount":"29.95","product_price_currency":"EUR","og_availability":"out of stock","product_availability":"out of stock","product_condition":"new"},"_links":{"self":[{"href":"https:\/\/www.facecorner.lv\/en\/wp-json\/wp\/v2\/product\/26411","targetHints":{"allow":["GET"]}}],"collection":[{"href":"https:\/\/www.facecorner.lv\/en\/wp-json\/wp\/v2\/product"}],"about":[{"href":"https:\/\/www.facecorner.lv\/en\/wp-json\/wp\/v2\/types\/product"}],"replies":[{"embeddable":true,"href":"https:\/\/www.facecorner.lv\/en\/wp-json\/wp\/v2\/comments?post=26411"}],"wp:featuredmedia":[{"embeddable":true,"href":"https:\/\/www.facecorner.lv\/en\/wp-json\/wp\/v2\/media\/26413"}],"wp:attachment":[{"href":"https:\/\/www.facecorner.lv\/en\/wp-json\/wp\/v2\/media?parent=26411"}],"wp:term":[{"taxonomy":"product_brand","embeddable":true,"href":"https:\/\/www.facecorner.lv\/en\/wp-json\/wp\/v2\/product_brand?post=26411"},{"taxonomy":"product_cat","embeddable":true,"href":"https:\/\/www.facecorner.lv\/en\/wp-json\/wp\/v2\/product_cat?post=26411"},{"taxonomy":"product_tag","embeddable":true,"href":"https:\/\/www.facecorner.lv\/en\/wp-json\/wp\/v2\/product_tag?post=26411"},{"taxonomy":"berocket_brand","embeddable":true,"href":"https:\/\/www.facecorner.lv\/en\/wp-json\/wp\/v2\/berocket_brand?post=26411"}],"curies":[{"name":"wp","href":"https:\/\/api.w.org\/{rel}","templated":true}]}}