{"id":26329,"date":"2025-12-08T15:17:16","date_gmt":"2025-12-08T12:17:16","guid":{"rendered":"https:\/\/www.facecorner.lv\/?post_type=product&#038;p=26329"},"modified":"2026-03-22T14:07:09","modified_gmt":"2026-03-22T11:07:09","slug":"k-secret-seoul-1988-cream-snail-mucin-93-rice-sejas-krems-ar-gliemezu-mucina-koncentraciju-100ml","status":"publish","type":"product","link":"https:\/\/www.facecorner.lv\/en\/shop\/k-secret-seoul-1988-cream-snail-mucin-93-rice-sejas-krems-ar-gliemezu-mucina-koncentraciju-100ml\/","title":{"rendered":"K-SECRET Seoul 1988 Cream: Snail Mucin 93% + Rice sejas kr\u0113ms ar glieme\u017eu muc\u012bna koncentr\u0101ciju 100ml"},"content":{"rendered":"<p>K-SECRET Seoul 1988 Cream: Snail Mucin 93% + Rice\u00a0 tas ir kopjo\u0161s sejas kr\u0113ms ar \u013coti augstu glieme\u017eu muc\u012bna koncentr\u0101ciju (93 %) un r\u012bsu kompleksu. Tas ir rad\u012bts, lai dzi\u013ci mitrin\u0101tu, atjaunotu \u0101du, uzlabotu t\u0101s tekst\u016bru un pie\u0161\u0137irtu vesel\u012bgu mirdzumu.<\/p>\n<h6>Galven\u0101s \u012bpa\u0161\u012bbas un iedarb\u012bba:<\/h6>\n<ul>\n<li>Dzi\u013ci mitrina un atjauno: glieme\u017eu g\u013cotas pal\u012bdz saglab\u0101t mitrumu, veicina \u0101das \u0161\u016bnu atjauno\u0161anos, uzlabo t\u0101s elast\u012bbu un padara tekst\u016bru glud\u0101ku.<\/li>\n<li>Sp\u012bdums un izl\u012bdzin\u0101ts tonis: r\u012bsu ekstrakts un r\u012bsu fermenti pal\u012bdz atsvaidzin\u0101t sejas kr\u0101su, pie\u0161\u0137ir \u0101dai vesel\u012bgu, izl\u012bdzin\u0101tu toni un dabisku sp\u012bdumu.<\/li>\n<li>Nomierino\u0161s un aizsarg\u0101jo\u0161s efekts: papildu sast\u0101vda\u013cas, piem\u0113ram, pantenols un ekit\u012bns, pal\u012bdz atjaunot \u0101das barjeru, nomierina kairin\u0101tu vai jut\u012bgu \u0101du.<\/li>\n<li>Viegla, netaukaina tekst\u016bra: kr\u0113mam ir viegla g\u0113la-kr\u0113ma konsistence, tas \u0101tri ies\u016bcas, neatst\u0101jot lip\u012bgumu un taukain\u012bbu \u2014 piem\u0113rots ikdienas kop\u0161anai.<\/li>\n<\/ul>\n<p><strong>How to use:<\/strong> P\u0113c \u0101das att\u012br\u012b\u0161anas un toniz\u0113\u0161anas uzkl\u0101jiet nelielu daudzumu kr\u0113ma uz sejas un kakla. Ar viegliem kust\u012bb\u0101m vienm\u0113r\u012bgi izl\u012bdziniet un viegli \u201cpiesitiet\u201d, lai kr\u0113ms lab\u0101k ies\u016bktos. Lietojiet k\u0101 p\u0113d\u0113jo kop\u0161anas posmu \u2014 no r\u012bta un\/vai vakar\u0101.<\/p>\n<p><strong>Sast\u0101vs:<\/strong> <span style=\"font-size: 16px;\">Snail Secretion Filtrate, 1,2-Hexanediol, Caprylic\/Capric Triglyceride, Dimethicone, Cetearyl Alcohol, Cetearyl Olivate, Sorbitan Olivate, Arginine, Benzyl Glycol, Ethylhexylglycerin, Carbomer, Water, 1,2-Hexanediol, Oryza Sativa (Rice) Extract, Water, 1,2-Hexanediol, Rice Ferment Filtrate (Sake), Ethylhexylglycerin, Oryza Sativa (Rice) Bran Water, Butylene Glycol, 1,2-Hexanediol, Allantoin, Sodium Polyacrylate, Water, Disodium EDTA, Water, 1,2-Hexanediol, Sodium Hyaluronate, Panthenol, Water, Ectoin.<\/span><\/p>\n<div>\n<div class=\"widget-header\"><\/div>\n<\/div>","protected":false},"excerpt":{"rendered":"<p>K-SECRET Seoul 1988 Cream: Snail Mucin 93% + Rice\u00a0 tas ir kopjo\u0161s sejas kr\u0113ms ar \u013coti augstu glieme\u017eu muc\u012bna koncentr\u0101ciju (93 %) un r\u012bsu kompleksu.<\/p>","protected":false},"featured_media":26330,"comment_status":"open","ping_status":"closed","template":"","meta":{"site-sidebar-layout":"default","site-content-layout":"","ast-site-content-layout":"default","site-content-style":"default","site-sidebar-style":"default","ast-global-header-display":"","ast-banner-title-visibility":"","ast-main-header-display":"","ast-hfb-above-header-display":"","ast-hfb-below-header-display":"","ast-hfb-mobile-header-display":"","site-post-title":"","ast-breadcrumbs-content":"","ast-featured-img":"","footer-sml-layout":"","theme-transparent-header-meta":"default","adv-header-id-meta":"","stick-header-meta":"","header-above-stick-meta":"","header-main-stick-meta":"","header-below-stick-meta":"","astra-migrate-meta-layouts":"set","ast-page-background-enabled":"default","ast-page-background-meta":{"desktop":{"background-color":"var(--ast-global-color-4)","background-image":"","background-repeat":"repeat","background-position":"center center","background-size":"auto","background-attachment":"scroll","background-type":"","background-media":"","overlay-type":"","overlay-color":"","overlay-opacity":"","overlay-gradient":""},"tablet":{"background-color":"","background-image":"","background-repeat":"repeat","background-position":"center center","background-size":"auto","background-attachment":"scroll","background-type":"","background-media":"","overlay-type":"","overlay-color":"","overlay-opacity":"","overlay-gradient":""},"mobile":{"background-color":"","background-image":"","background-repeat":"repeat","background-position":"center center","background-size":"auto","background-attachment":"scroll","background-type":"","background-media":"","overlay-type":"","overlay-color":"","overlay-opacity":"","overlay-gradient":""}},"ast-content-background-meta":{"desktop":{"background-color":"var(--ast-global-color-5)","background-image":"","background-repeat":"repeat","background-position":"center center","background-size":"auto","background-attachment":"scroll","background-type":"","background-media":"","overlay-type":"","overlay-color":"","overlay-opacity":"","overlay-gradient":""},"tablet":{"background-color":"var(--ast-global-color-5)","background-image":"","background-repeat":"repeat","background-position":"center center","background-size":"auto","background-attachment":"scroll","background-type":"","background-media":"","overlay-type":"","overlay-color":"","overlay-opacity":"","overlay-gradient":""},"mobile":{"background-color":"var(--ast-global-color-5)","background-image":"","background-repeat":"repeat","background-position":"center center","background-size":"auto","background-attachment":"scroll","background-type":"","background-media":"","overlay-type":"","overlay-color":"","overlay-opacity":"","overlay-gradient":""}}},"product_brand":[],"product_cat":[365,366,362],"product_tag":[],"berocket_brand":[628],"class_list":{"0":"post-26329","1":"product","2":"type-product","3":"status-publish","4":"has-post-thumbnail","6":"product_cat-barojoss","7":"product_cat-mitrinoss","8":"product_cat-sejas-krems","9":"berocket_brand-k-secret","10":"desktop-align-left","11":"tablet-align-left","12":"mobile-align-left","14":"first","15":"instock","16":"taxable","17":"shipping-taxable","18":"purchasable","19":"product-type-simple","20":"add-to-wishlist-before_image"},"yoast_head":"<!-- This site is optimized with the Yoast SEO plugin v27.4 - https:\/\/yoast.com\/product\/yoast-seo-wordpress\/ -->\n<title>K-SECRET Seoul 1988 Cream: Snail Mucin 93% + Rice sejas kr\u0113ms ar glieme\u017eu muc\u012bna koncentr\u0101ciju 100ml - FACECORNER<\/title>\n<meta name=\"description\" content=\"K-SECRET Seoul 1988 Cream: Snail Mucin 93% + Rice\u00a0 tas ir kopjo\u0161s sejas kr\u0113ms ar \u013coti augstu glieme\u017eu muc\u012bna koncentr\u0101ciju (93 %) un r\u012bsu kompleksu.\" \/>\n<meta name=\"robots\" content=\"index, follow, max-snippet:-1, max-image-preview:large, max-video-preview:-1\" \/>\n<link rel=\"canonical\" href=\"https:\/\/www.facecorner.lv\/en\/shop\/k-secret-seoul-1988-cream-snail-mucin-93-rice-sejas-krems-ar-gliemezu-mucina-koncentraciju-100ml\/\" \/>\n<meta property=\"og:locale\" content=\"en_US\" \/>\n<meta property=\"og:type\" content=\"article\" \/>\n<meta property=\"og:title\" content=\"K-SECRET Seoul 1988 Cream: Snail Mucin 93% + Rice sejas kr\u0113ms ar glieme\u017eu muc\u012bna koncentr\u0101ciju 100ml - FACECORNER\" \/>\n<meta property=\"og:description\" content=\"K-SECRET Seoul 1988 Cream: Snail Mucin 93% + Rice\u00a0 tas ir kopjo\u0161s sejas kr\u0113ms ar \u013coti augstu glieme\u017eu muc\u012bna koncentr\u0101ciju (93 %) un r\u012bsu kompleksu.\" \/>\n<meta property=\"og:url\" content=\"https:\/\/www.facecorner.lv\/en\/shop\/k-secret-seoul-1988-cream-snail-mucin-93-rice-sejas-krems-ar-gliemezu-mucina-koncentraciju-100ml\/\" \/>\n<meta property=\"og:site_name\" content=\"FACECORNER\" \/>\n<meta property=\"article:publisher\" content=\"https:\/\/www.facebook.com\/profile.php?id=100063824551839\" \/>\n<meta property=\"article:modified_time\" content=\"2026-03-22T11:07:09+00:00\" \/>\n<meta property=\"og:image\" content=\"https:\/\/www.facecorner.lv\/wp-content\/uploads\/2025\/12\/eng_pl_K-SECRET-SEOUL-1988-Cream-Snail-Mucin-93-Rice-Soothing-Face-Cream-with-Snail-Mucus-Filter-and-Rice-100ml-23986_1.webp\" \/>\n\t<meta property=\"og:image:width\" content=\"1500\" \/>\n\t<meta property=\"og:image:height\" content=\"1500\" \/>\n\t<meta property=\"og:image:type\" content=\"image\/webp\" \/>\n<meta name=\"twitter:card\" content=\"summary_large_image\" \/>\n<meta name=\"twitter:label1\" content=\"Price\" \/>\n\t<meta name=\"twitter:data1\" content=\"&euro;18.90\" \/>\n\t<meta name=\"twitter:label2\" content=\"Availability\" \/>\n\t<meta name=\"twitter:data2\" content=\"In stock\" \/>\n<script type=\"application\/ld+json\" class=\"yoast-schema-graph\">{\"@context\":\"https:\\\/\\\/schema.org\",\"@graph\":[{\"@type\":\"WebPage\",\"@id\":\"https:\\\/\\\/www.facecorner.lv\\\/shop\\\/k-secret-seoul-1988-cream-snail-mucin-93-rice-sejas-krems-ar-gliemezu-mucina-koncentraciju-100ml\\\/\",\"url\":\"https:\\\/\\\/www.facecorner.lv\\\/shop\\\/k-secret-seoul-1988-cream-snail-mucin-93-rice-sejas-krems-ar-gliemezu-mucina-koncentraciju-100ml\\\/\",\"name\":\"K-SECRET Seoul 1988 Cream: Snail Mucin 93% + Rice sejas kr\u0113ms ar glieme\u017eu muc\u012bna koncentr\u0101ciju 100ml - FACECORNER\",\"isPartOf\":{\"@id\":\"https:\\\/\\\/www.facecorner.lv\\\/#website\"},\"primaryImageOfPage\":{\"@id\":\"https:\\\/\\\/www.facecorner.lv\\\/shop\\\/k-secret-seoul-1988-cream-snail-mucin-93-rice-sejas-krems-ar-gliemezu-mucina-koncentraciju-100ml\\\/#primaryimage\"},\"image\":{\"@id\":\"https:\\\/\\\/www.facecorner.lv\\\/shop\\\/k-secret-seoul-1988-cream-snail-mucin-93-rice-sejas-krems-ar-gliemezu-mucina-koncentraciju-100ml\\\/#primaryimage\"},\"thumbnailUrl\":\"https:\\\/\\\/www.facecorner.lv\\\/wp-content\\\/uploads\\\/2025\\\/12\\\/eng_pl_K-SECRET-SEOUL-1988-Cream-Snail-Mucin-93-Rice-Soothing-Face-Cream-with-Snail-Mucus-Filter-and-Rice-100ml-23986_1.webp\",\"datePublished\":\"2025-12-08T12:17:16+00:00\",\"dateModified\":\"2026-03-22T11:07:09+00:00\",\"description\":\"K-SECRET Seoul 1988 Cream: Snail Mucin 93% + Rice\u00a0 tas ir kopjo\u0161s sejas kr\u0113ms ar \u013coti augstu glieme\u017eu muc\u012bna koncentr\u0101ciju (93 %) un r\u012bsu kompleksu.\",\"breadcrumb\":{\"@id\":\"https:\\\/\\\/www.facecorner.lv\\\/shop\\\/k-secret-seoul-1988-cream-snail-mucin-93-rice-sejas-krems-ar-gliemezu-mucina-koncentraciju-100ml\\\/#breadcrumb\"},\"inLanguage\":\"en-US\",\"potentialAction\":[{\"@type\":\"ReadAction\",\"target\":[\"https:\\\/\\\/www.facecorner.lv\\\/shop\\\/k-secret-seoul-1988-cream-snail-mucin-93-rice-sejas-krems-ar-gliemezu-mucina-koncentraciju-100ml\\\/\"]}]},{\"@type\":\"ImageObject\",\"inLanguage\":\"en-US\",\"@id\":\"https:\\\/\\\/www.facecorner.lv\\\/shop\\\/k-secret-seoul-1988-cream-snail-mucin-93-rice-sejas-krems-ar-gliemezu-mucina-koncentraciju-100ml\\\/#primaryimage\",\"url\":\"https:\\\/\\\/www.facecorner.lv\\\/wp-content\\\/uploads\\\/2025\\\/12\\\/eng_pl_K-SECRET-SEOUL-1988-Cream-Snail-Mucin-93-Rice-Soothing-Face-Cream-with-Snail-Mucus-Filter-and-Rice-100ml-23986_1.webp\",\"contentUrl\":\"https:\\\/\\\/www.facecorner.lv\\\/wp-content\\\/uploads\\\/2025\\\/12\\\/eng_pl_K-SECRET-SEOUL-1988-Cream-Snail-Mucin-93-Rice-Soothing-Face-Cream-with-Snail-Mucus-Filter-and-Rice-100ml-23986_1.webp\",\"width\":1500,\"height\":1500,\"caption\":\"K-SECRET Seoul 1988 Cream: Snail Mucin 93% + Rice\"},{\"@type\":\"BreadcrumbList\",\"@id\":\"https:\\\/\\\/www.facecorner.lv\\\/shop\\\/k-secret-seoul-1988-cream-snail-mucin-93-rice-sejas-krems-ar-gliemezu-mucina-koncentraciju-100ml\\\/#breadcrumb\",\"itemListElement\":[{\"@type\":\"ListItem\",\"position\":1,\"name\":\"Home\",\"item\":\"https:\\\/\\\/www.facecorner.lv\\\/\"},{\"@type\":\"ListItem\",\"position\":2,\"name\":\"Veikals\",\"item\":\"https:\\\/\\\/www.facecorner.lv\\\/shop\\\/\"},{\"@type\":\"ListItem\",\"position\":3,\"name\":\"K-SECRET Seoul 1988 Cream: Snail Mucin 93% + Rice sejas kr\u0113ms ar glieme\u017eu muc\u012bna koncentr\u0101ciju 100ml\"}]},{\"@type\":\"WebSite\",\"@id\":\"https:\\\/\\\/www.facecorner.lv\\\/#website\",\"url\":\"https:\\\/\\\/www.facecorner.lv\\\/\",\"name\":\"Facecorner\",\"description\":\"\",\"publisher\":{\"@id\":\"https:\\\/\\\/www.facecorner.lv\\\/#organization\"},\"potentialAction\":[{\"@type\":\"SearchAction\",\"target\":{\"@type\":\"EntryPoint\",\"urlTemplate\":\"https:\\\/\\\/www.facecorner.lv\\\/?s={search_term_string}\"},\"query-input\":{\"@type\":\"PropertyValueSpecification\",\"valueRequired\":true,\"valueName\":\"search_term_string\"}}],\"inLanguage\":\"en-US\"},{\"@type\":\"Organization\",\"@id\":\"https:\\\/\\\/www.facecorner.lv\\\/#organization\",\"name\":\"Facecorner\",\"url\":\"https:\\\/\\\/www.facecorner.lv\\\/\",\"logo\":{\"@type\":\"ImageObject\",\"inLanguage\":\"en-US\",\"@id\":\"https:\\\/\\\/www.facecorner.lv\\\/#\\\/schema\\\/logo\\\/image\\\/\",\"url\":\"https:\\\/\\\/www.facecorner.lv\\\/wp-content\\\/uploads\\\/2024\\\/04\\\/fc-logo.jpg\",\"contentUrl\":\"https:\\\/\\\/www.facecorner.lv\\\/wp-content\\\/uploads\\\/2024\\\/04\\\/fc-logo.jpg\",\"width\":174,\"height\":28,\"caption\":\"Facecorner\"},\"image\":{\"@id\":\"https:\\\/\\\/www.facecorner.lv\\\/#\\\/schema\\\/logo\\\/image\\\/\"},\"sameAs\":[\"https:\\\/\\\/www.facebook.com\\\/profile.php?id=100063824551839\",\"https:\\\/\\\/www.instagram.com\\\/facecorner_shop\\\/\"]}]}<\/script>\n<meta property=\"product:price:amount\" content=\"18.90\" \/>\n<meta property=\"product:price:currency\" content=\"EUR\" \/>\n<meta property=\"og:availability\" content=\"instock\" \/>\n<meta property=\"product:availability\" content=\"instock\" \/>\n<meta property=\"product:condition\" content=\"new\" \/>\n<!-- \/ Yoast SEO plugin. -->","yoast_head_json":{"title":"K-SECRET Seoul 1988 Cream: Snail Mucin 93% + Rice sejas kr\u0113ms ar glieme\u017eu muc\u012bna koncentr\u0101ciju 100ml - FACECORNER","description":"K-SECRET Seoul 1988 Cream: Snail Mucin 93% + Rice\u00a0 tas ir kopjo\u0161s sejas kr\u0113ms ar \u013coti augstu glieme\u017eu muc\u012bna koncentr\u0101ciju (93 %) un r\u012bsu kompleksu.","robots":{"index":"index","follow":"follow","max-snippet":"max-snippet:-1","max-image-preview":"max-image-preview:large","max-video-preview":"max-video-preview:-1"},"canonical":"https:\/\/www.facecorner.lv\/en\/shop\/k-secret-seoul-1988-cream-snail-mucin-93-rice-sejas-krems-ar-gliemezu-mucina-koncentraciju-100ml\/","og_locale":"en_US","og_type":"article","og_title":"K-SECRET Seoul 1988 Cream: Snail Mucin 93% + Rice sejas kr\u0113ms ar glieme\u017eu muc\u012bna koncentr\u0101ciju 100ml - FACECORNER","og_description":"K-SECRET Seoul 1988 Cream: Snail Mucin 93% + Rice\u00a0 tas ir kopjo\u0161s sejas kr\u0113ms ar \u013coti augstu glieme\u017eu muc\u012bna koncentr\u0101ciju (93 %) un r\u012bsu kompleksu.","og_url":"https:\/\/www.facecorner.lv\/en\/shop\/k-secret-seoul-1988-cream-snail-mucin-93-rice-sejas-krems-ar-gliemezu-mucina-koncentraciju-100ml\/","og_site_name":"FACECORNER","article_publisher":"https:\/\/www.facebook.com\/profile.php?id=100063824551839","article_modified_time":"2026-03-22T11:07:09+00:00","og_image":[{"width":1500,"height":1500,"url":"https:\/\/www.facecorner.lv\/wp-content\/uploads\/2025\/12\/eng_pl_K-SECRET-SEOUL-1988-Cream-Snail-Mucin-93-Rice-Soothing-Face-Cream-with-Snail-Mucus-Filter-and-Rice-100ml-23986_1.webp","type":"image\/webp"}],"twitter_card":"summary_large_image","twitter_misc":{"Price":"&euro;18.90","Availability":"In stock"},"schema":{"@context":"https:\/\/schema.org","@graph":[{"@type":"WebPage","@id":"https:\/\/www.facecorner.lv\/shop\/k-secret-seoul-1988-cream-snail-mucin-93-rice-sejas-krems-ar-gliemezu-mucina-koncentraciju-100ml\/","url":"https:\/\/www.facecorner.lv\/shop\/k-secret-seoul-1988-cream-snail-mucin-93-rice-sejas-krems-ar-gliemezu-mucina-koncentraciju-100ml\/","name":"K-SECRET Seoul 1988 Cream: Snail Mucin 93% + Rice sejas kr\u0113ms ar glieme\u017eu muc\u012bna koncentr\u0101ciju 100ml - FACECORNER","isPartOf":{"@id":"https:\/\/www.facecorner.lv\/#website"},"primaryImageOfPage":{"@id":"https:\/\/www.facecorner.lv\/shop\/k-secret-seoul-1988-cream-snail-mucin-93-rice-sejas-krems-ar-gliemezu-mucina-koncentraciju-100ml\/#primaryimage"},"image":{"@id":"https:\/\/www.facecorner.lv\/shop\/k-secret-seoul-1988-cream-snail-mucin-93-rice-sejas-krems-ar-gliemezu-mucina-koncentraciju-100ml\/#primaryimage"},"thumbnailUrl":"https:\/\/www.facecorner.lv\/wp-content\/uploads\/2025\/12\/eng_pl_K-SECRET-SEOUL-1988-Cream-Snail-Mucin-93-Rice-Soothing-Face-Cream-with-Snail-Mucus-Filter-and-Rice-100ml-23986_1.webp","datePublished":"2025-12-08T12:17:16+00:00","dateModified":"2026-03-22T11:07:09+00:00","description":"K-SECRET Seoul 1988 Cream: Snail Mucin 93% + Rice\u00a0 tas ir kopjo\u0161s sejas kr\u0113ms ar \u013coti augstu glieme\u017eu muc\u012bna koncentr\u0101ciju (93 %) un r\u012bsu kompleksu.","breadcrumb":{"@id":"https:\/\/www.facecorner.lv\/shop\/k-secret-seoul-1988-cream-snail-mucin-93-rice-sejas-krems-ar-gliemezu-mucina-koncentraciju-100ml\/#breadcrumb"},"inLanguage":"en-US","potentialAction":[{"@type":"ReadAction","target":["https:\/\/www.facecorner.lv\/shop\/k-secret-seoul-1988-cream-snail-mucin-93-rice-sejas-krems-ar-gliemezu-mucina-koncentraciju-100ml\/"]}]},{"@type":"ImageObject","inLanguage":"en-US","@id":"https:\/\/www.facecorner.lv\/shop\/k-secret-seoul-1988-cream-snail-mucin-93-rice-sejas-krems-ar-gliemezu-mucina-koncentraciju-100ml\/#primaryimage","url":"https:\/\/www.facecorner.lv\/wp-content\/uploads\/2025\/12\/eng_pl_K-SECRET-SEOUL-1988-Cream-Snail-Mucin-93-Rice-Soothing-Face-Cream-with-Snail-Mucus-Filter-and-Rice-100ml-23986_1.webp","contentUrl":"https:\/\/www.facecorner.lv\/wp-content\/uploads\/2025\/12\/eng_pl_K-SECRET-SEOUL-1988-Cream-Snail-Mucin-93-Rice-Soothing-Face-Cream-with-Snail-Mucus-Filter-and-Rice-100ml-23986_1.webp","width":1500,"height":1500,"caption":"K-SECRET Seoul 1988 Cream: Snail Mucin 93% + Rice"},{"@type":"BreadcrumbList","@id":"https:\/\/www.facecorner.lv\/shop\/k-secret-seoul-1988-cream-snail-mucin-93-rice-sejas-krems-ar-gliemezu-mucina-koncentraciju-100ml\/#breadcrumb","itemListElement":[{"@type":"ListItem","position":1,"name":"Home","item":"https:\/\/www.facecorner.lv\/"},{"@type":"ListItem","position":2,"name":"Veikals","item":"https:\/\/www.facecorner.lv\/shop\/"},{"@type":"ListItem","position":3,"name":"K-SECRET Seoul 1988 Cream: Snail Mucin 93% + Rice sejas kr\u0113ms ar glieme\u017eu muc\u012bna koncentr\u0101ciju 100ml"}]},{"@type":"WebSite","@id":"https:\/\/www.facecorner.lv\/#website","url":"https:\/\/www.facecorner.lv\/","name":"Facecorner","description":"","publisher":{"@id":"https:\/\/www.facecorner.lv\/#organization"},"potentialAction":[{"@type":"SearchAction","target":{"@type":"EntryPoint","urlTemplate":"https:\/\/www.facecorner.lv\/?s={search_term_string}"},"query-input":{"@type":"PropertyValueSpecification","valueRequired":true,"valueName":"search_term_string"}}],"inLanguage":"en-US"},{"@type":"Organization","@id":"https:\/\/www.facecorner.lv\/#organization","name":"Facecorner","url":"https:\/\/www.facecorner.lv\/","logo":{"@type":"ImageObject","inLanguage":"en-US","@id":"https:\/\/www.facecorner.lv\/#\/schema\/logo\/image\/","url":"https:\/\/www.facecorner.lv\/wp-content\/uploads\/2024\/04\/fc-logo.jpg","contentUrl":"https:\/\/www.facecorner.lv\/wp-content\/uploads\/2024\/04\/fc-logo.jpg","width":174,"height":28,"caption":"Facecorner"},"image":{"@id":"https:\/\/www.facecorner.lv\/#\/schema\/logo\/image\/"},"sameAs":["https:\/\/www.facebook.com\/profile.php?id=100063824551839","https:\/\/www.instagram.com\/facecorner_shop\/"]}]},"product_price_amount":"18.90","product_price_currency":"EUR","og_availability":"instock","product_availability":"instock","product_condition":"new"},"_links":{"self":[{"href":"https:\/\/www.facecorner.lv\/en\/wp-json\/wp\/v2\/product\/26329","targetHints":{"allow":["GET"]}}],"collection":[{"href":"https:\/\/www.facecorner.lv\/en\/wp-json\/wp\/v2\/product"}],"about":[{"href":"https:\/\/www.facecorner.lv\/en\/wp-json\/wp\/v2\/types\/product"}],"replies":[{"embeddable":true,"href":"https:\/\/www.facecorner.lv\/en\/wp-json\/wp\/v2\/comments?post=26329"}],"wp:featuredmedia":[{"embeddable":true,"href":"https:\/\/www.facecorner.lv\/en\/wp-json\/wp\/v2\/media\/26330"}],"wp:attachment":[{"href":"https:\/\/www.facecorner.lv\/en\/wp-json\/wp\/v2\/media?parent=26329"}],"wp:term":[{"taxonomy":"product_brand","embeddable":true,"href":"https:\/\/www.facecorner.lv\/en\/wp-json\/wp\/v2\/product_brand?post=26329"},{"taxonomy":"product_cat","embeddable":true,"href":"https:\/\/www.facecorner.lv\/en\/wp-json\/wp\/v2\/product_cat?post=26329"},{"taxonomy":"product_tag","embeddable":true,"href":"https:\/\/www.facecorner.lv\/en\/wp-json\/wp\/v2\/product_tag?post=26329"},{"taxonomy":"berocket_brand","embeddable":true,"href":"https:\/\/www.facecorner.lv\/en\/wp-json\/wp\/v2\/berocket_brand?post=26329"}],"curies":[{"name":"wp","href":"https:\/\/api.w.org\/{rel}","templated":true}]}}