{"id":26311,"date":"2025-12-05T14:44:25","date_gmt":"2025-12-05T11:44:25","guid":{"rendered":"https:\/\/www.facecorner.lv\/?post_type=product&#038;p=26311"},"modified":"2026-03-06T14:28:16","modified_gmt":"2026-03-06T11:28:16","slug":"rejuran-biome-healer-youth-formula-ampoule-30ml","status":"publish","type":"product","link":"https:\/\/www.facecorner.lv\/en\/shop\/rejuran-biome-healer-youth-formula-ampoule-30ml\/","title":{"rendered":"REJURAN Biome Healer Youth Formula Ampoule 30ml"},"content":{"rendered":"<p>REJURAN Biome Healer Youth Formula Ampoule\u00a0 augst\u0101k\u0101s kvalit\u0101tes atjaunojo\u0161a ampulu formula, kas izstr\u0101d\u0101ta, lai dzi\u013ci atjaunotu, stiprin\u0101tu un pastiprin\u0101tu \u0101das dabisko re\u0123ener\u0101cijas sp\u0113ju.<\/p>\n<p>Pamatojoties uz biopept\u012bdu, prebiotiku un augsti efekt\u012bvu mitrino\u0161o komponentu siner\u0123iju, ampula pal\u012bdz \u0101dai izskat\u012bties glud\u0101kai, elast\u012bg\u0101kai un mirdzo\u0161\u0101kai.<\/p>\n<h6>Galven\u0101s \u012bpa\u0161\u012bbas:<\/h6>\n<ul>\n<li><strong>\u0100das barjeras atjauno\u0161ana un stiprin\u0101\u0161ana.<\/strong>Mikrobioma komplekss uztur vesel\u012bgu \u0101das ekosist\u0113mu, palielinot t\u0101s iztur\u012bbu pret ikdienas stresu.<\/li>\n<li><strong>Izteikts mitrino\u0161s efekts<\/strong>.Viegla, koncentr\u0113ta tekst\u016bra dzi\u013ci ies\u016bcas, padarot \u0101du maigu un barotu.<\/li>\n<li><strong>Elast\u012bbas un bl\u012bvuma uzlabo\u0161ana.<\/strong>Pept\u012bdi pal\u012bdz \u0101dai izskat\u012bties stingr\u0101ka, glud\u0101ka un kopta.<\/li>\n<li><strong>Sp\u012bdums un vienm\u0113r\u012bgs tonis.<\/strong>Formula pal\u012bdz samazin\u0101t bl\u0101vumu, padara \u0101du vizu\u0101li svaig\u0101ku un \u201catp\u016btu\u0161os\u201d.<\/li>\n<\/ul>\n<h6>Piem\u0113rots:<\/h6>\n<ul>\n<li>bl\u0101vai, noguru\u0161ai un dehidr\u0113tai \u0101dai<\/li>\n<li>\u0101dai ar trauc\u0113tu barjeru<\/li>\n<li>jut\u012bgai \u0101dai<\/li>\n<li>kop\u0161anai stresa period\u0101 un sezonas p\u0101rmai\u0146u laik\u0101<\/li>\n<\/ul>\n<p><strong>How to use:<\/strong> No r\u012bta un vakar\u0101 uzkl\u0101jiet da\u017eus pilienus ampulas satura uz att\u012br\u012btas sejas un kakla \u0101das. Viegli iemas\u0113jiet l\u012bdz piln\u012bgai uzs\u016bk\u0161anai un papildiniet ar ikdienas kop\u0161anas l\u012bdzek\u013ciem.<\/p>\n<p><strong>Sast\u0101vs:<\/strong> Water, Glycerin, Caprylic\/Capric Triglyceride, Squalane, 1,2-Hexanediol, Behenyl Alcohol, Niacinamide, Olea Europaea (Olive) Fruit Oil, Polyglyceryl-3 Methylglucose Distearate, Cutibacterium Acnes Ferment Filtrate, Streptococcus Thermophilus Ferment, Staphylococcus Epidermidis Ferment Filtrate, Enhydrobacter Aerosaccus Ferment Extract Filtrate, Hydrolyzed DNA, Beta-Glucan, Tocopherol, Ceramide NP, Butyrospermum Parkii (Shea) Butter, Chondrus Crispus Extract, Xylitylglucoside, Chlorella Vulgaris Extract, Saccharum Officinarum (Sugarcane) Extract, Xylitol, Butylene Glycol, Hydrogenated Lecithin, Ammonium Acryloyldimethyltaurate\/VP Copolymer, Panthenol, Glucose, Anhydroxylitol, Fructooligosaccharides, Fructose, Ethylhexylglycerin, Adenosine, Sodium Phytate, Dipropylene Glycol, Pentylene Glycol, Choleth-24, Cetearyl Alcohol<\/p>","protected":false},"excerpt":{"rendered":"<p>REJURAN Biome Healer Youth Formula Ampoule\u00a0 augst\u0101k\u0101s kvalit\u0101tes atjaunojo\u0161a ampulu formula, kas izstr\u0101d\u0101ta, lai dzi\u013ci atjaunotu, stiprin\u0101tu un pastiprin\u0101tu \u0101das dabisko re\u0123ener\u0101cijas sp\u0113ju.<\/p>","protected":false},"featured_media":26312,"comment_status":"open","ping_status":"closed","template":"","meta":{"site-sidebar-layout":"default","site-content-layout":"","ast-site-content-layout":"default","site-content-style":"default","site-sidebar-style":"default","ast-global-header-display":"","ast-banner-title-visibility":"","ast-main-header-display":"","ast-hfb-above-header-display":"","ast-hfb-below-header-display":"","ast-hfb-mobile-header-display":"","site-post-title":"","ast-breadcrumbs-content":"","ast-featured-img":"","footer-sml-layout":"","theme-transparent-header-meta":"default","adv-header-id-meta":"","stick-header-meta":"","header-above-stick-meta":"","header-main-stick-meta":"","header-below-stick-meta":"","astra-migrate-meta-layouts":"set","ast-page-background-enabled":"default","ast-page-background-meta":{"desktop":{"background-color":"var(--ast-global-color-4)","background-image":"","background-repeat":"repeat","background-position":"center center","background-size":"auto","background-attachment":"scroll","background-type":"","background-media":"","overlay-type":"","overlay-color":"","overlay-opacity":"","overlay-gradient":""},"tablet":{"background-color":"","background-image":"","background-repeat":"repeat","background-position":"center center","background-size":"auto","background-attachment":"scroll","background-type":"","background-media":"","overlay-type":"","overlay-color":"","overlay-opacity":"","overlay-gradient":""},"mobile":{"background-color":"","background-image":"","background-repeat":"repeat","background-position":"center center","background-size":"auto","background-attachment":"scroll","background-type":"","background-media":"","overlay-type":"","overlay-color":"","overlay-opacity":"","overlay-gradient":""}},"ast-content-background-meta":{"desktop":{"background-color":"var(--ast-global-color-5)","background-image":"","background-repeat":"repeat","background-position":"center center","background-size":"auto","background-attachment":"scroll","background-type":"","background-media":"","overlay-type":"","overlay-color":"","overlay-opacity":"","overlay-gradient":""},"tablet":{"background-color":"var(--ast-global-color-5)","background-image":"","background-repeat":"repeat","background-position":"center center","background-size":"auto","background-attachment":"scroll","background-type":"","background-media":"","overlay-type":"","overlay-color":"","overlay-opacity":"","overlay-gradient":""},"mobile":{"background-color":"var(--ast-global-color-5)","background-image":"","background-repeat":"repeat","background-position":"center center","background-size":"auto","background-attachment":"scroll","background-type":"","background-media":"","overlay-type":"","overlay-color":"","overlay-opacity":"","overlay-gradient":""}}},"product_brand":[],"product_cat":[370,371,363],"product_tag":[],"berocket_brand":[639],"class_list":{"0":"post-26311","1":"product","2":"type-product","3":"status-publish","4":"has-post-thumbnail","6":"product_cat-adas-mirdzumam","7":"product_cat-anti-age","8":"product_cat-serumi","9":"berocket_brand-rejuran","10":"desktop-align-left","11":"tablet-align-left","12":"mobile-align-left","14":"first","15":"outofstock","16":"taxable","17":"shipping-taxable","18":"purchasable","19":"product-type-simple","20":"add-to-wishlist-before_image"},"yoast_head":"<!-- This site is optimized with the Yoast SEO plugin v27.4 - https:\/\/yoast.com\/product\/yoast-seo-wordpress\/ -->\n<title>REJURAN Biome Healer Youth Formula Ampoule 30ml - FACECORNER<\/title>\n<meta name=\"description\" content=\"REJURAN Biome Healer Youth Formula Ampoule\u00a0 augst\u0101k\u0101s kvalit\u0101tes atjaunojo\u0161a ampulu formula, kas izstr\u0101d\u0101ta, lai dzi\u013ci atjaunotu, stiprin\u0101tu un pastiprin\u0101tu \u0101das dabisko re\u0123ener\u0101cijas sp\u0113ju.\" \/>\n<meta name=\"robots\" content=\"index, follow, max-snippet:-1, max-image-preview:large, max-video-preview:-1\" \/>\n<link rel=\"canonical\" href=\"https:\/\/www.facecorner.lv\/en\/shop\/rejuran-biome-healer-youth-formula-ampoule-30ml\/\" \/>\n<meta property=\"og:locale\" content=\"en_US\" \/>\n<meta property=\"og:type\" content=\"article\" \/>\n<meta property=\"og:title\" content=\"REJURAN Biome Healer Youth Formula Ampoule 30ml - FACECORNER\" \/>\n<meta property=\"og:description\" content=\"REJURAN Biome Healer Youth Formula Ampoule\u00a0 augst\u0101k\u0101s kvalit\u0101tes atjaunojo\u0161a ampulu formula, kas izstr\u0101d\u0101ta, lai dzi\u013ci atjaunotu, stiprin\u0101tu un pastiprin\u0101tu \u0101das dabisko re\u0123ener\u0101cijas sp\u0113ju.\" \/>\n<meta property=\"og:url\" content=\"https:\/\/www.facecorner.lv\/en\/shop\/rejuran-biome-healer-youth-formula-ampoule-30ml\/\" \/>\n<meta property=\"og:site_name\" content=\"FACECORNER\" \/>\n<meta property=\"article:publisher\" content=\"https:\/\/www.facebook.com\/profile.php?id=100063824551839\" \/>\n<meta property=\"article:modified_time\" content=\"2026-03-06T11:28:16+00:00\" \/>\n<meta property=\"og:image\" content=\"https:\/\/www.facecorner.lv\/wp-content\/uploads\/2025\/12\/1449ae4f-8211-4312-b2f4-832215b9b0f5.webp\" \/>\n\t<meta property=\"og:image:width\" content=\"1500\" \/>\n\t<meta property=\"og:image:height\" content=\"1500\" \/>\n\t<meta property=\"og:image:type\" content=\"image\/webp\" \/>\n<meta name=\"twitter:card\" content=\"summary_large_image\" \/>\n<meta name=\"twitter:label1\" content=\"Price\" \/>\n\t<meta name=\"twitter:data1\" content=\"&euro;65.00\" \/>\n\t<meta name=\"twitter:label2\" content=\"Availability\" \/>\n\t<meta name=\"twitter:data2\" content=\"Out of stock\" \/>\n<script type=\"application\/ld+json\" class=\"yoast-schema-graph\">{\"@context\":\"https:\\\/\\\/schema.org\",\"@graph\":[{\"@type\":\"WebPage\",\"@id\":\"https:\\\/\\\/www.facecorner.lv\\\/shop\\\/rejuran-biome-healer-youth-formula-ampoule-30ml\\\/\",\"url\":\"https:\\\/\\\/www.facecorner.lv\\\/shop\\\/rejuran-biome-healer-youth-formula-ampoule-30ml\\\/\",\"name\":\"REJURAN Biome Healer Youth Formula Ampoule 30ml - FACECORNER\",\"isPartOf\":{\"@id\":\"https:\\\/\\\/www.facecorner.lv\\\/#website\"},\"primaryImageOfPage\":{\"@id\":\"https:\\\/\\\/www.facecorner.lv\\\/shop\\\/rejuran-biome-healer-youth-formula-ampoule-30ml\\\/#primaryimage\"},\"image\":{\"@id\":\"https:\\\/\\\/www.facecorner.lv\\\/shop\\\/rejuran-biome-healer-youth-formula-ampoule-30ml\\\/#primaryimage\"},\"thumbnailUrl\":\"https:\\\/\\\/www.facecorner.lv\\\/wp-content\\\/uploads\\\/2025\\\/12\\\/1449ae4f-8211-4312-b2f4-832215b9b0f5.webp\",\"datePublished\":\"2025-12-05T11:44:25+00:00\",\"dateModified\":\"2026-03-06T11:28:16+00:00\",\"description\":\"REJURAN Biome Healer Youth Formula Ampoule\u00a0 augst\u0101k\u0101s kvalit\u0101tes atjaunojo\u0161a ampulu formula, kas izstr\u0101d\u0101ta, lai dzi\u013ci atjaunotu, stiprin\u0101tu un pastiprin\u0101tu \u0101das dabisko re\u0123ener\u0101cijas sp\u0113ju.\",\"breadcrumb\":{\"@id\":\"https:\\\/\\\/www.facecorner.lv\\\/shop\\\/rejuran-biome-healer-youth-formula-ampoule-30ml\\\/#breadcrumb\"},\"inLanguage\":\"en-US\",\"potentialAction\":[{\"@type\":\"ReadAction\",\"target\":[\"https:\\\/\\\/www.facecorner.lv\\\/shop\\\/rejuran-biome-healer-youth-formula-ampoule-30ml\\\/\"]}]},{\"@type\":\"ImageObject\",\"inLanguage\":\"en-US\",\"@id\":\"https:\\\/\\\/www.facecorner.lv\\\/shop\\\/rejuran-biome-healer-youth-formula-ampoule-30ml\\\/#primaryimage\",\"url\":\"https:\\\/\\\/www.facecorner.lv\\\/wp-content\\\/uploads\\\/2025\\\/12\\\/1449ae4f-8211-4312-b2f4-832215b9b0f5.webp\",\"contentUrl\":\"https:\\\/\\\/www.facecorner.lv\\\/wp-content\\\/uploads\\\/2025\\\/12\\\/1449ae4f-8211-4312-b2f4-832215b9b0f5.webp\",\"width\":1500,\"height\":1500,\"caption\":\"REJURAN Biome Healer Youth Formula Ampoule 30m\"},{\"@type\":\"BreadcrumbList\",\"@id\":\"https:\\\/\\\/www.facecorner.lv\\\/shop\\\/rejuran-biome-healer-youth-formula-ampoule-30ml\\\/#breadcrumb\",\"itemListElement\":[{\"@type\":\"ListItem\",\"position\":1,\"name\":\"Home\",\"item\":\"https:\\\/\\\/www.facecorner.lv\\\/\"},{\"@type\":\"ListItem\",\"position\":2,\"name\":\"Veikals\",\"item\":\"https:\\\/\\\/www.facecorner.lv\\\/shop\\\/\"},{\"@type\":\"ListItem\",\"position\":3,\"name\":\"REJURAN Biome Healer Youth Formula Ampoule 30ml\"}]},{\"@type\":\"WebSite\",\"@id\":\"https:\\\/\\\/www.facecorner.lv\\\/#website\",\"url\":\"https:\\\/\\\/www.facecorner.lv\\\/\",\"name\":\"Facecorner\",\"description\":\"\",\"publisher\":{\"@id\":\"https:\\\/\\\/www.facecorner.lv\\\/#organization\"},\"potentialAction\":[{\"@type\":\"SearchAction\",\"target\":{\"@type\":\"EntryPoint\",\"urlTemplate\":\"https:\\\/\\\/www.facecorner.lv\\\/?s={search_term_string}\"},\"query-input\":{\"@type\":\"PropertyValueSpecification\",\"valueRequired\":true,\"valueName\":\"search_term_string\"}}],\"inLanguage\":\"en-US\"},{\"@type\":\"Organization\",\"@id\":\"https:\\\/\\\/www.facecorner.lv\\\/#organization\",\"name\":\"Facecorner\",\"url\":\"https:\\\/\\\/www.facecorner.lv\\\/\",\"logo\":{\"@type\":\"ImageObject\",\"inLanguage\":\"en-US\",\"@id\":\"https:\\\/\\\/www.facecorner.lv\\\/#\\\/schema\\\/logo\\\/image\\\/\",\"url\":\"https:\\\/\\\/www.facecorner.lv\\\/wp-content\\\/uploads\\\/2024\\\/04\\\/fc-logo.jpg\",\"contentUrl\":\"https:\\\/\\\/www.facecorner.lv\\\/wp-content\\\/uploads\\\/2024\\\/04\\\/fc-logo.jpg\",\"width\":174,\"height\":28,\"caption\":\"Facecorner\"},\"image\":{\"@id\":\"https:\\\/\\\/www.facecorner.lv\\\/#\\\/schema\\\/logo\\\/image\\\/\"},\"sameAs\":[\"https:\\\/\\\/www.facebook.com\\\/profile.php?id=100063824551839\",\"https:\\\/\\\/www.instagram.com\\\/facecorner_shop\\\/\"]}]}<\/script>\n<meta property=\"product:price:amount\" content=\"65.00\" \/>\n<meta property=\"product:price:currency\" content=\"EUR\" \/>\n<meta property=\"og:availability\" content=\"out of stock\" \/>\n<meta property=\"product:availability\" content=\"out of stock\" \/>\n<meta property=\"product:condition\" content=\"new\" \/>\n<!-- \/ Yoast SEO plugin. -->","yoast_head_json":{"title":"REJURAN Biome Healer Youth Formula Ampoule 30ml - FACECORNER","description":"REJURAN Biome Healer Youth Formula Ampoule\u00a0 augst\u0101k\u0101s kvalit\u0101tes atjaunojo\u0161a ampulu formula, kas izstr\u0101d\u0101ta, lai dzi\u013ci atjaunotu, stiprin\u0101tu un pastiprin\u0101tu \u0101das dabisko re\u0123ener\u0101cijas sp\u0113ju.","robots":{"index":"index","follow":"follow","max-snippet":"max-snippet:-1","max-image-preview":"max-image-preview:large","max-video-preview":"max-video-preview:-1"},"canonical":"https:\/\/www.facecorner.lv\/en\/shop\/rejuran-biome-healer-youth-formula-ampoule-30ml\/","og_locale":"en_US","og_type":"article","og_title":"REJURAN Biome Healer Youth Formula Ampoule 30ml - FACECORNER","og_description":"REJURAN Biome Healer Youth Formula Ampoule\u00a0 augst\u0101k\u0101s kvalit\u0101tes atjaunojo\u0161a ampulu formula, kas izstr\u0101d\u0101ta, lai dzi\u013ci atjaunotu, stiprin\u0101tu un pastiprin\u0101tu \u0101das dabisko re\u0123ener\u0101cijas sp\u0113ju.","og_url":"https:\/\/www.facecorner.lv\/en\/shop\/rejuran-biome-healer-youth-formula-ampoule-30ml\/","og_site_name":"FACECORNER","article_publisher":"https:\/\/www.facebook.com\/profile.php?id=100063824551839","article_modified_time":"2026-03-06T11:28:16+00:00","og_image":[{"width":1500,"height":1500,"url":"https:\/\/www.facecorner.lv\/wp-content\/uploads\/2025\/12\/1449ae4f-8211-4312-b2f4-832215b9b0f5.webp","type":"image\/webp"}],"twitter_card":"summary_large_image","twitter_misc":{"Price":"&euro;65.00","Availability":"Out of stock"},"schema":{"@context":"https:\/\/schema.org","@graph":[{"@type":"WebPage","@id":"https:\/\/www.facecorner.lv\/shop\/rejuran-biome-healer-youth-formula-ampoule-30ml\/","url":"https:\/\/www.facecorner.lv\/shop\/rejuran-biome-healer-youth-formula-ampoule-30ml\/","name":"REJURAN Biome Healer Youth Formula Ampoule 30ml - FACECORNER","isPartOf":{"@id":"https:\/\/www.facecorner.lv\/#website"},"primaryImageOfPage":{"@id":"https:\/\/www.facecorner.lv\/shop\/rejuran-biome-healer-youth-formula-ampoule-30ml\/#primaryimage"},"image":{"@id":"https:\/\/www.facecorner.lv\/shop\/rejuran-biome-healer-youth-formula-ampoule-30ml\/#primaryimage"},"thumbnailUrl":"https:\/\/www.facecorner.lv\/wp-content\/uploads\/2025\/12\/1449ae4f-8211-4312-b2f4-832215b9b0f5.webp","datePublished":"2025-12-05T11:44:25+00:00","dateModified":"2026-03-06T11:28:16+00:00","description":"REJURAN Biome Healer Youth Formula Ampoule\u00a0 augst\u0101k\u0101s kvalit\u0101tes atjaunojo\u0161a ampulu formula, kas izstr\u0101d\u0101ta, lai dzi\u013ci atjaunotu, stiprin\u0101tu un pastiprin\u0101tu \u0101das dabisko re\u0123ener\u0101cijas sp\u0113ju.","breadcrumb":{"@id":"https:\/\/www.facecorner.lv\/shop\/rejuran-biome-healer-youth-formula-ampoule-30ml\/#breadcrumb"},"inLanguage":"en-US","potentialAction":[{"@type":"ReadAction","target":["https:\/\/www.facecorner.lv\/shop\/rejuran-biome-healer-youth-formula-ampoule-30ml\/"]}]},{"@type":"ImageObject","inLanguage":"en-US","@id":"https:\/\/www.facecorner.lv\/shop\/rejuran-biome-healer-youth-formula-ampoule-30ml\/#primaryimage","url":"https:\/\/www.facecorner.lv\/wp-content\/uploads\/2025\/12\/1449ae4f-8211-4312-b2f4-832215b9b0f5.webp","contentUrl":"https:\/\/www.facecorner.lv\/wp-content\/uploads\/2025\/12\/1449ae4f-8211-4312-b2f4-832215b9b0f5.webp","width":1500,"height":1500,"caption":"REJURAN Biome Healer Youth Formula Ampoule 30m"},{"@type":"BreadcrumbList","@id":"https:\/\/www.facecorner.lv\/shop\/rejuran-biome-healer-youth-formula-ampoule-30ml\/#breadcrumb","itemListElement":[{"@type":"ListItem","position":1,"name":"Home","item":"https:\/\/www.facecorner.lv\/"},{"@type":"ListItem","position":2,"name":"Veikals","item":"https:\/\/www.facecorner.lv\/shop\/"},{"@type":"ListItem","position":3,"name":"REJURAN Biome Healer Youth Formula Ampoule 30ml"}]},{"@type":"WebSite","@id":"https:\/\/www.facecorner.lv\/#website","url":"https:\/\/www.facecorner.lv\/","name":"Facecorner","description":"","publisher":{"@id":"https:\/\/www.facecorner.lv\/#organization"},"potentialAction":[{"@type":"SearchAction","target":{"@type":"EntryPoint","urlTemplate":"https:\/\/www.facecorner.lv\/?s={search_term_string}"},"query-input":{"@type":"PropertyValueSpecification","valueRequired":true,"valueName":"search_term_string"}}],"inLanguage":"en-US"},{"@type":"Organization","@id":"https:\/\/www.facecorner.lv\/#organization","name":"Facecorner","url":"https:\/\/www.facecorner.lv\/","logo":{"@type":"ImageObject","inLanguage":"en-US","@id":"https:\/\/www.facecorner.lv\/#\/schema\/logo\/image\/","url":"https:\/\/www.facecorner.lv\/wp-content\/uploads\/2024\/04\/fc-logo.jpg","contentUrl":"https:\/\/www.facecorner.lv\/wp-content\/uploads\/2024\/04\/fc-logo.jpg","width":174,"height":28,"caption":"Facecorner"},"image":{"@id":"https:\/\/www.facecorner.lv\/#\/schema\/logo\/image\/"},"sameAs":["https:\/\/www.facebook.com\/profile.php?id=100063824551839","https:\/\/www.instagram.com\/facecorner_shop\/"]}]},"product_price_amount":"65.00","product_price_currency":"EUR","og_availability":"out of stock","product_availability":"out of stock","product_condition":"new"},"_links":{"self":[{"href":"https:\/\/www.facecorner.lv\/en\/wp-json\/wp\/v2\/product\/26311","targetHints":{"allow":["GET"]}}],"collection":[{"href":"https:\/\/www.facecorner.lv\/en\/wp-json\/wp\/v2\/product"}],"about":[{"href":"https:\/\/www.facecorner.lv\/en\/wp-json\/wp\/v2\/types\/product"}],"replies":[{"embeddable":true,"href":"https:\/\/www.facecorner.lv\/en\/wp-json\/wp\/v2\/comments?post=26311"}],"wp:featuredmedia":[{"embeddable":true,"href":"https:\/\/www.facecorner.lv\/en\/wp-json\/wp\/v2\/media\/26312"}],"wp:attachment":[{"href":"https:\/\/www.facecorner.lv\/en\/wp-json\/wp\/v2\/media?parent=26311"}],"wp:term":[{"taxonomy":"product_brand","embeddable":true,"href":"https:\/\/www.facecorner.lv\/en\/wp-json\/wp\/v2\/product_brand?post=26311"},{"taxonomy":"product_cat","embeddable":true,"href":"https:\/\/www.facecorner.lv\/en\/wp-json\/wp\/v2\/product_cat?post=26311"},{"taxonomy":"product_tag","embeddable":true,"href":"https:\/\/www.facecorner.lv\/en\/wp-json\/wp\/v2\/product_tag?post=26311"},{"taxonomy":"berocket_brand","embeddable":true,"href":"https:\/\/www.facecorner.lv\/en\/wp-json\/wp\/v2\/berocket_brand?post=26311"}],"curies":[{"name":"wp","href":"https:\/\/api.w.org\/{rel}","templated":true}]}}