{"id":26245,"date":"2025-12-01T15:42:21","date_gmt":"2025-12-01T12:42:21","guid":{"rendered":"https:\/\/www.facecorner.lv\/?post_type=product&#038;p=26245"},"modified":"2026-02-10T15:56:34","modified_gmt":"2026-02-10T12:56:34","slug":"sungboon-editor-blackhead-melting-clear-pad-attirosie-diski-30gab","status":"publish","type":"product","link":"https:\/\/www.facecorner.lv\/en\/shop\/sungboon-editor-blackhead-melting-clear-pad-attirosie-diski-30gab\/","title":{"rendered":"SUNGBOON EDITOR  Blackhead Melting Clear Pad att\u012bro\u0161ie diski 30gab"},"content":{"rendered":"<p>SUNGBOON EDITOR Blackhead Melting Clear Pad ir inovat\u012bvi att\u012bro\u0161i spilventi\u0146i, kas izstr\u0101d\u0101ti, lai efekt\u012bvi no\u0146emtu un nov\u0113rstu melno punktu veido\u0161anos, neradot kairin\u0101jumu.<\/p>\n<p>\u201cMelting\u201d formula maigi iz\u0161\u0137\u012bdina sebumu un net\u012brumus por\u0101s, padarot \u0101du t\u012br\u0101ku, glud\u0101ku un vienm\u0113r\u012bg\u0101ku jau p\u0113c pirmajiem lieto\u0161anas reiz\u0113m.<\/p>\n<h6>K\u0101 produkts darbojas:<\/h6>\n<ul>\n<li>Iz\u0161\u0137\u012bdina melnos punkti\u0146us un bl\u012bvas sebuma aizsprostojumus.<\/li>\n<li>Sa\u0161aurina papla\u0161in\u0101tas poras un uzlabo \u0101das tekst\u016bru.<\/li>\n<li>Regul\u0113 sebuma izdal\u012b\u0161anos.<\/li>\n<li>Nodro\u0161ina maigu p\u012blingu bez saspringuma saj\u016btas.<\/li>\n<li>Nomierina \u0101du un uztur optim\u0101lu mitruma l\u012bdzsvaru.<\/li>\n<\/ul>\n<h6>It is a total care mask that tightens the skin.<\/h6>\n<ul>\n<li>PHA un BHA sk\u0101bes \u2014 maigi att\u012bra poras un atjauno \u0101das virsmu<\/li>\n<li>T\u0113jas koka ekstrakts \u2014 samazina iekaisumu un nov\u0113r\u0161 jaunu izsitumu veido\u0161anos<\/li>\n<li>Salicil\u0101ta betaina \u2014 efekt\u012bva, bet maiga sast\u0101vda\u013ca sebuma iz\u0161\u0137\u012bdin\u0101\u0161anai<\/li>\n<li>Mitrino\u0161i augu ekstrakti \u2014 saglab\u0101 \u0101das mieru un komfortu<\/li>\n<\/ul>\n<p><strong>How to use:<\/strong> Uzkl\u0101jiet salveti uz att\u012br\u012btas \u0101das uz 10\u201315 min\u016bt\u0113m. P\u0113c no\u0146em\u0161anas no\u0146emiet lieko sebumu, att\u012briet tauku aizsprostojumus ar vates koci\u0146u un nomazg\u0101jieties. Lai pan\u0101ktu sp\u0113c\u012bg\u0101ku efektu, izmantojiet divk\u0101r\u0161u sl\u0101ni vai polietil\u0113na pl\u0113vi.<\/p>\n<p><strong>Sast\u0101vs:<\/strong> <span style=\"font-size: 16px;\">Water, Hamamelis Virginiana (Witch Hazel) Water, Butylene Glycol, Salvia Officinalis (Sage) Leaf Extract, 1,2-Hexanediol, Methylpropanediol, Arctium Majus Root Extract, Juniperus Communis Fruit Extract, Melissa Officinalis Leaf Extract, Mentha Piperita (Peppermint) Leaf Extract, Pentylene Glycol, Hypericum Perforatum Flower\/Leaf\/Stem Extract, Saponaria Officinalis Leaf Extract, Hydroxyacetophenone, Chlorella Vulgaris Extract, Glucose, Allantoin, Fructooligosaccharides, Fructose, Caprylyl Glycol, Ethylhexylglycerin, Glycerin, Disodium EDTA, Acetyl Glucosamine, Sodium Hyaluronate, Cynanchum Atratum Extract, Althaea Rosea Flower Extract, Sodium Hyaluronate Crosspolymer.<\/span><\/p>\n<div class=\"info_ext_block ordered-block char\"><\/div>","protected":false},"excerpt":{"rendered":"<p>SUNGBOON EDITOR Blackhead Melting Clear Pad ir inovat\u012bvi att\u012bro\u0161i spilventi\u0146i, kas izstr\u0101d\u0101ti, lai efekt\u012bvi no\u0146emtu un nov\u0113rstu melno punktu veido\u0161anos, neradot kairin\u0101jumu.<\/p>","protected":false},"featured_media":26246,"comment_status":"open","ping_status":"closed","template":"","meta":{"site-sidebar-layout":"default","site-content-layout":"","ast-site-content-layout":"default","site-content-style":"default","site-sidebar-style":"default","ast-global-header-display":"","ast-banner-title-visibility":"","ast-main-header-display":"","ast-hfb-above-header-display":"","ast-hfb-below-header-display":"","ast-hfb-mobile-header-display":"","site-post-title":"","ast-breadcrumbs-content":"","ast-featured-img":"","footer-sml-layout":"","theme-transparent-header-meta":"default","adv-header-id-meta":"","stick-header-meta":"","header-above-stick-meta":"","header-main-stick-meta":"","header-below-stick-meta":"","astra-migrate-meta-layouts":"set","ast-page-background-enabled":"default","ast-page-background-meta":{"desktop":{"background-color":"var(--ast-global-color-4)","background-image":"","background-repeat":"repeat","background-position":"center center","background-size":"auto","background-attachment":"scroll","background-type":"","background-media":"","overlay-type":"","overlay-color":"","overlay-opacity":"","overlay-gradient":""},"tablet":{"background-color":"","background-image":"","background-repeat":"repeat","background-position":"center center","background-size":"auto","background-attachment":"scroll","background-type":"","background-media":"","overlay-type":"","overlay-color":"","overlay-opacity":"","overlay-gradient":""},"mobile":{"background-color":"","background-image":"","background-repeat":"repeat","background-position":"center center","background-size":"auto","background-attachment":"scroll","background-type":"","background-media":"","overlay-type":"","overlay-color":"","overlay-opacity":"","overlay-gradient":""}},"ast-content-background-meta":{"desktop":{"background-color":"var(--ast-global-color-5)","background-image":"","background-repeat":"repeat","background-position":"center center","background-size":"auto","background-attachment":"scroll","background-type":"","background-media":"","overlay-type":"","overlay-color":"","overlay-opacity":"","overlay-gradient":""},"tablet":{"background-color":"var(--ast-global-color-5)","background-image":"","background-repeat":"repeat","background-position":"center center","background-size":"auto","background-attachment":"scroll","background-type":"","background-media":"","overlay-type":"","overlay-color":"","overlay-opacity":"","overlay-gradient":""},"mobile":{"background-color":"var(--ast-global-color-5)","background-image":"","background-repeat":"repeat","background-position":"center center","background-size":"auto","background-attachment":"scroll","background-type":"","background-media":"","overlay-type":"","overlay-color":"","overlay-opacity":"","overlay-gradient":""}}},"product_brand":[],"product_cat":[670,328],"product_tag":[],"berocket_brand":[651],"class_list":{"0":"post-26245","1":"product","2":"type-product","3":"status-publish","4":"has-post-thumbnail","6":"product_cat-pilinga-diski","7":"product_cat-pilingi-un-skrubji","8":"berocket_brand-sungboon-editor","9":"desktop-align-left","10":"tablet-align-left","11":"mobile-align-left","13":"first","14":"instock","15":"taxable","16":"shipping-taxable","17":"purchasable","18":"product-type-simple","19":"add-to-wishlist-before_image"},"yoast_head":"<!-- This site is optimized with the Yoast SEO plugin v27.4 - https:\/\/yoast.com\/product\/yoast-seo-wordpress\/ -->\n<title>SUNGBOON EDITOR Blackhead Melting Clear Pad att\u012bro\u0161ie diski 30gab - FACECORNER<\/title>\n<meta name=\"description\" content=\"SUNGBOON EDITOR Blackhead Melting Clear Pad ir inovat\u012bvi att\u012bro\u0161i spilventi\u0146i, kas izstr\u0101d\u0101ti, lai efekt\u012bvi no\u0146emtu un nov\u0113rstu melno punktu veido\u0161anos, neradot kairin\u0101jumu.\" \/>\n<meta name=\"robots\" content=\"index, follow, max-snippet:-1, max-image-preview:large, max-video-preview:-1\" \/>\n<link rel=\"canonical\" href=\"https:\/\/www.facecorner.lv\/en\/shop\/sungboon-editor-blackhead-melting-clear-pad-attirosie-diski-30gab\/\" \/>\n<meta property=\"og:locale\" content=\"en_US\" \/>\n<meta property=\"og:type\" content=\"article\" \/>\n<meta property=\"og:title\" content=\"SUNGBOON EDITOR Blackhead Melting Clear Pad att\u012bro\u0161ie diski 30gab - FACECORNER\" \/>\n<meta property=\"og:description\" content=\"SUNGBOON EDITOR Blackhead Melting Clear Pad ir inovat\u012bvi att\u012bro\u0161i spilventi\u0146i, kas izstr\u0101d\u0101ti, lai efekt\u012bvi no\u0146emtu un nov\u0113rstu melno punktu veido\u0161anos, neradot kairin\u0101jumu.\" \/>\n<meta property=\"og:url\" content=\"https:\/\/www.facecorner.lv\/en\/shop\/sungboon-editor-blackhead-melting-clear-pad-attirosie-diski-30gab\/\" \/>\n<meta property=\"og:site_name\" content=\"FACECORNER\" \/>\n<meta property=\"article:publisher\" content=\"https:\/\/www.facebook.com\/profile.php?id=100063824551839\" \/>\n<meta property=\"article:modified_time\" content=\"2026-02-10T12:56:34+00:00\" \/>\n<meta property=\"og:image\" content=\"https:\/\/www.facecorner.lv\/wp-content\/uploads\/2025\/12\/XXL_p0195355675.webp\" \/>\n\t<meta property=\"og:image:width\" content=\"640\" \/>\n\t<meta property=\"og:image:height\" content=\"640\" \/>\n\t<meta property=\"og:image:type\" content=\"image\/webp\" \/>\n<meta name=\"twitter:card\" content=\"summary_large_image\" \/>\n<meta name=\"twitter:label1\" content=\"Price\" \/>\n\t<meta name=\"twitter:data1\" content=\"&euro;29.90\" \/>\n\t<meta name=\"twitter:label2\" content=\"Availability\" \/>\n\t<meta name=\"twitter:data2\" content=\"In stock\" \/>\n<script type=\"application\/ld+json\" class=\"yoast-schema-graph\">{\"@context\":\"https:\\\/\\\/schema.org\",\"@graph\":[{\"@type\":\"WebPage\",\"@id\":\"https:\\\/\\\/www.facecorner.lv\\\/shop\\\/sungboon-editor-blackhead-melting-clear-pad-attirosie-diski-30gab\\\/\",\"url\":\"https:\\\/\\\/www.facecorner.lv\\\/shop\\\/sungboon-editor-blackhead-melting-clear-pad-attirosie-diski-30gab\\\/\",\"name\":\"SUNGBOON EDITOR Blackhead Melting Clear Pad att\u012bro\u0161ie diski 30gab - FACECORNER\",\"isPartOf\":{\"@id\":\"https:\\\/\\\/www.facecorner.lv\\\/#website\"},\"primaryImageOfPage\":{\"@id\":\"https:\\\/\\\/www.facecorner.lv\\\/shop\\\/sungboon-editor-blackhead-melting-clear-pad-attirosie-diski-30gab\\\/#primaryimage\"},\"image\":{\"@id\":\"https:\\\/\\\/www.facecorner.lv\\\/shop\\\/sungboon-editor-blackhead-melting-clear-pad-attirosie-diski-30gab\\\/#primaryimage\"},\"thumbnailUrl\":\"https:\\\/\\\/www.facecorner.lv\\\/wp-content\\\/uploads\\\/2025\\\/12\\\/XXL_p0195355675.webp\",\"datePublished\":\"2025-12-01T12:42:21+00:00\",\"dateModified\":\"2026-02-10T12:56:34+00:00\",\"description\":\"SUNGBOON EDITOR Blackhead Melting Clear Pad ir inovat\u012bvi att\u012bro\u0161i spilventi\u0146i, kas izstr\u0101d\u0101ti, lai efekt\u012bvi no\u0146emtu un nov\u0113rstu melno punktu veido\u0161anos, neradot kairin\u0101jumu.\",\"breadcrumb\":{\"@id\":\"https:\\\/\\\/www.facecorner.lv\\\/shop\\\/sungboon-editor-blackhead-melting-clear-pad-attirosie-diski-30gab\\\/#breadcrumb\"},\"inLanguage\":\"en-US\",\"potentialAction\":[{\"@type\":\"ReadAction\",\"target\":[\"https:\\\/\\\/www.facecorner.lv\\\/shop\\\/sungboon-editor-blackhead-melting-clear-pad-attirosie-diski-30gab\\\/\"]}]},{\"@type\":\"ImageObject\",\"inLanguage\":\"en-US\",\"@id\":\"https:\\\/\\\/www.facecorner.lv\\\/shop\\\/sungboon-editor-blackhead-melting-clear-pad-attirosie-diski-30gab\\\/#primaryimage\",\"url\":\"https:\\\/\\\/www.facecorner.lv\\\/wp-content\\\/uploads\\\/2025\\\/12\\\/XXL_p0195355675.webp\",\"contentUrl\":\"https:\\\/\\\/www.facecorner.lv\\\/wp-content\\\/uploads\\\/2025\\\/12\\\/XXL_p0195355675.webp\",\"width\":640,\"height\":640,\"caption\":\"SUNGBOON EDITOR \u2013 Blackhead Melting Clear Pad\"},{\"@type\":\"BreadcrumbList\",\"@id\":\"https:\\\/\\\/www.facecorner.lv\\\/shop\\\/sungboon-editor-blackhead-melting-clear-pad-attirosie-diski-30gab\\\/#breadcrumb\",\"itemListElement\":[{\"@type\":\"ListItem\",\"position\":1,\"name\":\"Home\",\"item\":\"https:\\\/\\\/www.facecorner.lv\\\/\"},{\"@type\":\"ListItem\",\"position\":2,\"name\":\"Veikals\",\"item\":\"https:\\\/\\\/www.facecorner.lv\\\/shop\\\/\"},{\"@type\":\"ListItem\",\"position\":3,\"name\":\"SUNGBOON EDITOR Blackhead Melting Clear Pad att\u012bro\u0161ie diski 30gab\"}]},{\"@type\":\"WebSite\",\"@id\":\"https:\\\/\\\/www.facecorner.lv\\\/#website\",\"url\":\"https:\\\/\\\/www.facecorner.lv\\\/\",\"name\":\"Facecorner\",\"description\":\"\",\"publisher\":{\"@id\":\"https:\\\/\\\/www.facecorner.lv\\\/#organization\"},\"potentialAction\":[{\"@type\":\"SearchAction\",\"target\":{\"@type\":\"EntryPoint\",\"urlTemplate\":\"https:\\\/\\\/www.facecorner.lv\\\/?s={search_term_string}\"},\"query-input\":{\"@type\":\"PropertyValueSpecification\",\"valueRequired\":true,\"valueName\":\"search_term_string\"}}],\"inLanguage\":\"en-US\"},{\"@type\":\"Organization\",\"@id\":\"https:\\\/\\\/www.facecorner.lv\\\/#organization\",\"name\":\"Facecorner\",\"url\":\"https:\\\/\\\/www.facecorner.lv\\\/\",\"logo\":{\"@type\":\"ImageObject\",\"inLanguage\":\"en-US\",\"@id\":\"https:\\\/\\\/www.facecorner.lv\\\/#\\\/schema\\\/logo\\\/image\\\/\",\"url\":\"https:\\\/\\\/www.facecorner.lv\\\/wp-content\\\/uploads\\\/2024\\\/04\\\/fc-logo.jpg\",\"contentUrl\":\"https:\\\/\\\/www.facecorner.lv\\\/wp-content\\\/uploads\\\/2024\\\/04\\\/fc-logo.jpg\",\"width\":174,\"height\":28,\"caption\":\"Facecorner\"},\"image\":{\"@id\":\"https:\\\/\\\/www.facecorner.lv\\\/#\\\/schema\\\/logo\\\/image\\\/\"},\"sameAs\":[\"https:\\\/\\\/www.facebook.com\\\/profile.php?id=100063824551839\",\"https:\\\/\\\/www.instagram.com\\\/facecorner_shop\\\/\"]}]}<\/script>\n<meta property=\"product:price:amount\" content=\"29.90\" \/>\n<meta property=\"product:price:currency\" content=\"EUR\" \/>\n<meta property=\"og:availability\" content=\"instock\" \/>\n<meta property=\"product:availability\" content=\"instock\" \/>\n<meta property=\"product:condition\" content=\"new\" \/>\n<!-- \/ Yoast SEO plugin. -->","yoast_head_json":{"title":"SUNGBOON EDITOR Blackhead Melting Clear Pad att\u012bro\u0161ie diski 30gab - FACECORNER","description":"SUNGBOON EDITOR Blackhead Melting Clear Pad ir inovat\u012bvi att\u012bro\u0161i spilventi\u0146i, kas izstr\u0101d\u0101ti, lai efekt\u012bvi no\u0146emtu un nov\u0113rstu melno punktu veido\u0161anos, neradot kairin\u0101jumu.","robots":{"index":"index","follow":"follow","max-snippet":"max-snippet:-1","max-image-preview":"max-image-preview:large","max-video-preview":"max-video-preview:-1"},"canonical":"https:\/\/www.facecorner.lv\/en\/shop\/sungboon-editor-blackhead-melting-clear-pad-attirosie-diski-30gab\/","og_locale":"en_US","og_type":"article","og_title":"SUNGBOON EDITOR Blackhead Melting Clear Pad att\u012bro\u0161ie diski 30gab - FACECORNER","og_description":"SUNGBOON EDITOR Blackhead Melting Clear Pad ir inovat\u012bvi att\u012bro\u0161i spilventi\u0146i, kas izstr\u0101d\u0101ti, lai efekt\u012bvi no\u0146emtu un nov\u0113rstu melno punktu veido\u0161anos, neradot kairin\u0101jumu.","og_url":"https:\/\/www.facecorner.lv\/en\/shop\/sungboon-editor-blackhead-melting-clear-pad-attirosie-diski-30gab\/","og_site_name":"FACECORNER","article_publisher":"https:\/\/www.facebook.com\/profile.php?id=100063824551839","article_modified_time":"2026-02-10T12:56:34+00:00","og_image":[{"width":640,"height":640,"url":"https:\/\/www.facecorner.lv\/wp-content\/uploads\/2025\/12\/XXL_p0195355675.webp","type":"image\/webp"}],"twitter_card":"summary_large_image","twitter_misc":{"Price":"&euro;29.90","Availability":"In stock"},"schema":{"@context":"https:\/\/schema.org","@graph":[{"@type":"WebPage","@id":"https:\/\/www.facecorner.lv\/shop\/sungboon-editor-blackhead-melting-clear-pad-attirosie-diski-30gab\/","url":"https:\/\/www.facecorner.lv\/shop\/sungboon-editor-blackhead-melting-clear-pad-attirosie-diski-30gab\/","name":"SUNGBOON EDITOR Blackhead Melting Clear Pad att\u012bro\u0161ie diski 30gab - FACECORNER","isPartOf":{"@id":"https:\/\/www.facecorner.lv\/#website"},"primaryImageOfPage":{"@id":"https:\/\/www.facecorner.lv\/shop\/sungboon-editor-blackhead-melting-clear-pad-attirosie-diski-30gab\/#primaryimage"},"image":{"@id":"https:\/\/www.facecorner.lv\/shop\/sungboon-editor-blackhead-melting-clear-pad-attirosie-diski-30gab\/#primaryimage"},"thumbnailUrl":"https:\/\/www.facecorner.lv\/wp-content\/uploads\/2025\/12\/XXL_p0195355675.webp","datePublished":"2025-12-01T12:42:21+00:00","dateModified":"2026-02-10T12:56:34+00:00","description":"SUNGBOON EDITOR Blackhead Melting Clear Pad ir inovat\u012bvi att\u012bro\u0161i spilventi\u0146i, kas izstr\u0101d\u0101ti, lai efekt\u012bvi no\u0146emtu un nov\u0113rstu melno punktu veido\u0161anos, neradot kairin\u0101jumu.","breadcrumb":{"@id":"https:\/\/www.facecorner.lv\/shop\/sungboon-editor-blackhead-melting-clear-pad-attirosie-diski-30gab\/#breadcrumb"},"inLanguage":"en-US","potentialAction":[{"@type":"ReadAction","target":["https:\/\/www.facecorner.lv\/shop\/sungboon-editor-blackhead-melting-clear-pad-attirosie-diski-30gab\/"]}]},{"@type":"ImageObject","inLanguage":"en-US","@id":"https:\/\/www.facecorner.lv\/shop\/sungboon-editor-blackhead-melting-clear-pad-attirosie-diski-30gab\/#primaryimage","url":"https:\/\/www.facecorner.lv\/wp-content\/uploads\/2025\/12\/XXL_p0195355675.webp","contentUrl":"https:\/\/www.facecorner.lv\/wp-content\/uploads\/2025\/12\/XXL_p0195355675.webp","width":640,"height":640,"caption":"SUNGBOON EDITOR \u2013 Blackhead Melting Clear Pad"},{"@type":"BreadcrumbList","@id":"https:\/\/www.facecorner.lv\/shop\/sungboon-editor-blackhead-melting-clear-pad-attirosie-diski-30gab\/#breadcrumb","itemListElement":[{"@type":"ListItem","position":1,"name":"Home","item":"https:\/\/www.facecorner.lv\/"},{"@type":"ListItem","position":2,"name":"Veikals","item":"https:\/\/www.facecorner.lv\/shop\/"},{"@type":"ListItem","position":3,"name":"SUNGBOON EDITOR Blackhead Melting Clear Pad att\u012bro\u0161ie diski 30gab"}]},{"@type":"WebSite","@id":"https:\/\/www.facecorner.lv\/#website","url":"https:\/\/www.facecorner.lv\/","name":"Facecorner","description":"","publisher":{"@id":"https:\/\/www.facecorner.lv\/#organization"},"potentialAction":[{"@type":"SearchAction","target":{"@type":"EntryPoint","urlTemplate":"https:\/\/www.facecorner.lv\/?s={search_term_string}"},"query-input":{"@type":"PropertyValueSpecification","valueRequired":true,"valueName":"search_term_string"}}],"inLanguage":"en-US"},{"@type":"Organization","@id":"https:\/\/www.facecorner.lv\/#organization","name":"Facecorner","url":"https:\/\/www.facecorner.lv\/","logo":{"@type":"ImageObject","inLanguage":"en-US","@id":"https:\/\/www.facecorner.lv\/#\/schema\/logo\/image\/","url":"https:\/\/www.facecorner.lv\/wp-content\/uploads\/2024\/04\/fc-logo.jpg","contentUrl":"https:\/\/www.facecorner.lv\/wp-content\/uploads\/2024\/04\/fc-logo.jpg","width":174,"height":28,"caption":"Facecorner"},"image":{"@id":"https:\/\/www.facecorner.lv\/#\/schema\/logo\/image\/"},"sameAs":["https:\/\/www.facebook.com\/profile.php?id=100063824551839","https:\/\/www.instagram.com\/facecorner_shop\/"]}]},"product_price_amount":"29.90","product_price_currency":"EUR","og_availability":"instock","product_availability":"instock","product_condition":"new"},"_links":{"self":[{"href":"https:\/\/www.facecorner.lv\/en\/wp-json\/wp\/v2\/product\/26245","targetHints":{"allow":["GET"]}}],"collection":[{"href":"https:\/\/www.facecorner.lv\/en\/wp-json\/wp\/v2\/product"}],"about":[{"href":"https:\/\/www.facecorner.lv\/en\/wp-json\/wp\/v2\/types\/product"}],"replies":[{"embeddable":true,"href":"https:\/\/www.facecorner.lv\/en\/wp-json\/wp\/v2\/comments?post=26245"}],"wp:featuredmedia":[{"embeddable":true,"href":"https:\/\/www.facecorner.lv\/en\/wp-json\/wp\/v2\/media\/26246"}],"wp:attachment":[{"href":"https:\/\/www.facecorner.lv\/en\/wp-json\/wp\/v2\/media?parent=26245"}],"wp:term":[{"taxonomy":"product_brand","embeddable":true,"href":"https:\/\/www.facecorner.lv\/en\/wp-json\/wp\/v2\/product_brand?post=26245"},{"taxonomy":"product_cat","embeddable":true,"href":"https:\/\/www.facecorner.lv\/en\/wp-json\/wp\/v2\/product_cat?post=26245"},{"taxonomy":"product_tag","embeddable":true,"href":"https:\/\/www.facecorner.lv\/en\/wp-json\/wp\/v2\/product_tag?post=26245"},{"taxonomy":"berocket_brand","embeddable":true,"href":"https:\/\/www.facecorner.lv\/en\/wp-json\/wp\/v2\/berocket_brand?post=26245"}],"curies":[{"name":"wp","href":"https:\/\/api.w.org\/{rel}","templated":true}]}}