{"id":26212,"date":"2025-11-28T14:43:56","date_gmt":"2025-11-28T11:43:56","guid":{"rendered":"https:\/\/www.facecorner.lv\/?post_type=product&#038;p=26212"},"modified":"2025-11-29T12:35:24","modified_gmt":"2025-11-29T09:35:24","slug":"eqqualberry-swimming-pool-toner-pads-tonizejosas-pads-poru-attirisanai-70psc","status":"publish","type":"product","link":"https:\/\/www.facecorner.lv\/en\/shop\/eqqualberry-swimming-pool-toner-pads-tonizejosas-pads-poru-attirisanai-70psc\/","title":{"rendered":"EQQUALBERRY Swimming Pool Toner Pads toniz\u0113jo\u0161as pads poru att\u012br\u012b\u0161anai 70psc"},"content":{"rendered":"<p>EQQUALBERRY Swimming Pool Toner Pads \u2014 daudzfunkcion\u0101las tonera pads, kas pies\u016bcin\u0101tas ar vieglu esenci, kas dzi\u013ci mitrina \u0101du, maigi no\u0146em atmiru\u0161\u0101s \u0161\u016bnas un pal\u012bdz sa\u0161aurin\u0101t poras.<\/p>\n<p>Ide\u0101li piem\u0113rotas tiem, kas v\u0113las t\u012bru, gludu, svaigu un mirdzo\u0161u \u0101du bez kairin\u0101juma.<\/p>\n<h6>Galven\u0101s iedarb\u012bbas un priek\u0161roc\u012bbas:<\/h6>\n<ul>\n<li>Maiga ikdienas p\u012blinga iedarb\u012bba \u2014 pateicoties dab\u012bgajam eksfoliantam \u201eGalactoarabinan\u201d, p\u012blinga pl\u0101ksn\u012btes no\u0146em atmiru\u0161\u0101s \u0101das \u0161\u016bnas, nesaboj\u0101jot aizsargbarjeru.<\/li>\n<li>Poru sa\u0161aurin\u0101\u0161ana un sebuma kontrole \u2014 patent\u0113tais komplekss \u00abAnti Sebum P\u00bb pal\u012bdz no\u0146emt lieko sebumu un att\u012br\u012bt poras, padarot t\u0101s maz\u0101k paman\u0101mas.<\/li>\n<li>Dzi\u013ci mitrina un aizsarg\u0101 \u2014 pateicoties hialuronsk\u0101bes kompleksam (Hyal\u20118 Complex), pl\u0101ksteri intens\u012bvi mitrina \u0101du un saglab\u0101 mitrumu.<\/li>\n<li>Nomierino\u0161s efekts un kairin\u0101juma mazin\u0101\u0161ana \u2014 Centella Asiatica ekstrakti un citi augu komponenti (CICA komplekss) pal\u012bdz nomierin\u0101t jut\u012bgu \u0101du.<\/li>\n<\/ul>\n<h6>Galven\u0101s akt\u012bv\u0101s sast\u0101vda\u013cas un to \u012bpa\u0161\u012bbas:<\/h6>\n<ul>\n<li>Galaktoarabinan \u2014 dab\u012bgs eksfoliants, maigi no\u0146em atmiru\u0161\u0101s \u0161\u016bnas, neizjaucot barjeru.<\/li>\n<li>Anti Sebum P (augu sast\u0101vda\u013cu komplekss) \u2014 regul\u0113 sebuma izdal\u012b\u0161anos, att\u012bra poras un nov\u0113r\u0161 to papla\u0161in\u0101\u0161anos.<\/li>\n<li>Hyal\u20118 Complex \u2014 8 veidu hialuronsk\u0101bes kombin\u0101cija nodro\u0161ina dzi\u013cu un ilgsto\u0161u \u0101das mitrin\u0101\u0161anu.<\/li>\n<li>Centella Asiatica ekstrakts + madekaso\u012bds \/ madekas\u012bnsk\u0101be \/ aziatikos\u012bds \/ aziat\u012bnsk\u0101be \u2014 nomierina kairin\u0101jumu, mazina iekaisumu, pal\u012bdz \u0101dai atjaunoties.<\/li>\n<\/ul>\n<p><strong>How to use:<\/strong> Viegli noslaukiet seju \u0101das virzien\u0101, izvairoties no acs un l\u016bpu zonas. Ar plakanu pusi viegli mitriniet, ar reljefo pusi no\u0146emiet atmiru\u0161\u0101s \u0161\u016bnas un sebumu.<\/p>\n<p><strong>Sast\u0101vs:<\/strong> Aqua\/Water\/Eau, Glycerin, Butylene Glycol, Centella Asiatica Extract, Madecassoside, Madecassic Acid, Asiaticoside, Asiatic Acid, 1,2-Hexanediol, Hydroxyacetophenone, Sodium Hyaluronate, Allantoin, Fructan, Ethylhexylglycerin, Propanediol, Paeonia Suffruticosa Root Extract, Galactoarabinan, Xanthan Gum, Pinus Palustris Leaf Extract, Ulmus Davidiana Root Extract, Oenothera Biennis (Evening Primrose) Flower Extract, Pueraria Lobata Root Extract, Styrene\/VP Copolymer, Rubus Fruticosus (Blackberry) Fruit Extract, Vaccinium Macrocarpon (Cranberry) Fruit Extract, Vaccinium Angustifolium (Blueberry) Fruit Extract, Rubus Idaeus (Raspberry) Fruit Extract, Sambucus Nigra Fruit Extract, Hydroxypropyltrimonium Hyaluronate, Hydrolyzed Hyaluronic Acid, Sodium Acetylated Hyaluronate, Hyaluronic Acid, Sodium Hyaluronate Crosspolymer, Hydrolyzed Sodium Hyaluronate, Potassium Hyaluronate.<\/p>","protected":false},"excerpt":{"rendered":"<p>EQQUALBERRY Swimming Pool Toner Pads \u2014 daudzfunkcion\u0101las tonera pads, kas pies\u016bcin\u0101tas ar vieglu esenci, kas dzi\u013ci mitrina \u0101du, maigi no\u0146em atmiru\u0161\u0101s \u0161\u016bnas un pal\u012bdz sa\u0161aurin\u0101t poras.<\/p>","protected":false},"featured_media":26239,"comment_status":"open","ping_status":"closed","template":"","meta":{"site-sidebar-layout":"default","site-content-layout":"","ast-site-content-layout":"default","site-content-style":"default","site-sidebar-style":"default","ast-global-header-display":"","ast-banner-title-visibility":"","ast-main-header-display":"","ast-hfb-above-header-display":"","ast-hfb-below-header-display":"","ast-hfb-mobile-header-display":"","site-post-title":"","ast-breadcrumbs-content":"","ast-featured-img":"","footer-sml-layout":"","theme-transparent-header-meta":"default","adv-header-id-meta":"","stick-header-meta":"","header-above-stick-meta":"","header-main-stick-meta":"","header-below-stick-meta":"","astra-migrate-meta-layouts":"set","ast-page-background-enabled":"default","ast-page-background-meta":{"desktop":{"background-color":"var(--ast-global-color-4)","background-image":"","background-repeat":"repeat","background-position":"center center","background-size":"auto","background-attachment":"scroll","background-type":"","background-media":"","overlay-type":"","overlay-color":"","overlay-opacity":"","overlay-gradient":""},"tablet":{"background-color":"","background-image":"","background-repeat":"repeat","background-position":"center center","background-size":"auto","background-attachment":"scroll","background-type":"","background-media":"","overlay-type":"","overlay-color":"","overlay-opacity":"","overlay-gradient":""},"mobile":{"background-color":"","background-image":"","background-repeat":"repeat","background-position":"center center","background-size":"auto","background-attachment":"scroll","background-type":"","background-media":"","overlay-type":"","overlay-color":"","overlay-opacity":"","overlay-gradient":""}},"ast-content-background-meta":{"desktop":{"background-color":"var(--ast-global-color-5)","background-image":"","background-repeat":"repeat","background-position":"center center","background-size":"auto","background-attachment":"scroll","background-type":"","background-media":"","overlay-type":"","overlay-color":"","overlay-opacity":"","overlay-gradient":""},"tablet":{"background-color":"var(--ast-global-color-5)","background-image":"","background-repeat":"repeat","background-position":"center center","background-size":"auto","background-attachment":"scroll","background-type":"","background-media":"","overlay-type":"","overlay-color":"","overlay-opacity":"","overlay-gradient":""},"mobile":{"background-color":"var(--ast-global-color-5)","background-image":"","background-repeat":"repeat","background-position":"center center","background-size":"auto","background-attachment":"scroll","background-type":"","background-media":"","overlay-type":"","overlay-color":"","overlay-opacity":"","overlay-gradient":""}}},"product_brand":[],"product_cat":[375,670,377,378,364,376],"product_tag":[],"berocket_brand":[631],"class_list":{"0":"post-26212","1":"product","2":"type-product","3":"status-publish","4":"has-post-thumbnail","6":"product_cat-jutigai-adai-toneri","7":"product_cat-pilinga-diski","8":"product_cat-problematiskai-adai-toneri","9":"product_cat-sausai-adai-toneri","10":"product_cat-toneri","11":"product_cat-kombinetai-adai-toneri","12":"berocket_brand-eqqualberry","13":"desktop-align-left","14":"tablet-align-left","15":"mobile-align-left","17":"first","18":"instock","19":"taxable","20":"shipping-taxable","21":"purchasable","22":"product-type-simple","23":"add-to-wishlist-before_image"},"yoast_head":"<!-- This site is optimized with the Yoast SEO plugin v27.3 - https:\/\/yoast.com\/product\/yoast-seo-wordpress\/ -->\n<title>EQQUALBERRY Swimming Pool Toner Pads toniz\u0113jo\u0161as pads poru att\u012br\u012b\u0161anai 70psc - FACECORNER<\/title>\n<meta name=\"description\" content=\"EQQUALBERRY Swimming Pool Toner Pads \u2014 daudzfunkcion\u0101las tonera pads, kas pies\u016bcin\u0101tas ar vieglu esenci, kas dzi\u013ci mitrina \u0101du, maigi no\u0146em atmiru\u0161\u0101s \u0161\u016bnas un pal\u012bdz sa\u0161aurin\u0101t poras.\" \/>\n<meta name=\"robots\" content=\"index, follow, max-snippet:-1, max-image-preview:large, max-video-preview:-1\" \/>\n<link rel=\"canonical\" href=\"https:\/\/www.facecorner.lv\/en\/shop\/eqqualberry-swimming-pool-toner-pads-tonizejosas-pads-poru-attirisanai-70psc\/\" \/>\n<meta property=\"og:locale\" content=\"en_US\" \/>\n<meta property=\"og:type\" content=\"article\" \/>\n<meta property=\"og:title\" content=\"EQQUALBERRY Swimming Pool Toner Pads toniz\u0113jo\u0161as pads poru att\u012br\u012b\u0161anai 70psc - FACECORNER\" \/>\n<meta property=\"og:description\" content=\"EQQUALBERRY Swimming Pool Toner Pads \u2014 daudzfunkcion\u0101las tonera pads, kas pies\u016bcin\u0101tas ar vieglu esenci, kas dzi\u013ci mitrina \u0101du, maigi no\u0146em atmiru\u0161\u0101s \u0161\u016bnas un pal\u012bdz sa\u0161aurin\u0101t poras.\" \/>\n<meta property=\"og:url\" content=\"https:\/\/www.facecorner.lv\/en\/shop\/eqqualberry-swimming-pool-toner-pads-tonizejosas-pads-poru-attirisanai-70psc\/\" \/>\n<meta property=\"og:site_name\" content=\"FACECORNER\" \/>\n<meta property=\"article:publisher\" content=\"https:\/\/www.facebook.com\/profile.php?id=100063824551839\" \/>\n<meta property=\"article:modified_time\" content=\"2025-11-29T09:35:24+00:00\" \/>\n<meta property=\"og:image\" content=\"https:\/\/www.facecorner.lv\/wp-content\/uploads\/2025\/11\/1__39462-1.webp\" \/>\n\t<meta property=\"og:image:width\" content=\"1280\" \/>\n\t<meta property=\"og:image:height\" content=\"1280\" \/>\n\t<meta property=\"og:image:type\" content=\"image\/webp\" \/>\n<meta name=\"twitter:card\" content=\"summary_large_image\" \/>\n<meta name=\"twitter:label1\" content=\"Price\" \/>\n\t<meta name=\"twitter:data1\" content=\"&euro;20.95\" \/>\n\t<meta name=\"twitter:label2\" content=\"Availability\" \/>\n\t<meta name=\"twitter:data2\" content=\"In stock\" \/>\n<script type=\"application\/ld+json\" class=\"yoast-schema-graph\">{\"@context\":\"https:\\\/\\\/schema.org\",\"@graph\":[{\"@type\":\"WebPage\",\"@id\":\"https:\\\/\\\/www.facecorner.lv\\\/shop\\\/eqqualberry-swimming-pool-toner-pads-tonizejosas-pads-poru-attirisanai-70psc\\\/\",\"url\":\"https:\\\/\\\/www.facecorner.lv\\\/shop\\\/eqqualberry-swimming-pool-toner-pads-tonizejosas-pads-poru-attirisanai-70psc\\\/\",\"name\":\"EQQUALBERRY Swimming Pool Toner Pads toniz\u0113jo\u0161as pads poru att\u012br\u012b\u0161anai 70psc - FACECORNER\",\"isPartOf\":{\"@id\":\"https:\\\/\\\/www.facecorner.lv\\\/#website\"},\"primaryImageOfPage\":{\"@id\":\"https:\\\/\\\/www.facecorner.lv\\\/shop\\\/eqqualberry-swimming-pool-toner-pads-tonizejosas-pads-poru-attirisanai-70psc\\\/#primaryimage\"},\"image\":{\"@id\":\"https:\\\/\\\/www.facecorner.lv\\\/shop\\\/eqqualberry-swimming-pool-toner-pads-tonizejosas-pads-poru-attirisanai-70psc\\\/#primaryimage\"},\"thumbnailUrl\":\"https:\\\/\\\/www.facecorner.lv\\\/wp-content\\\/uploads\\\/2025\\\/11\\\/1__39462-1.webp\",\"datePublished\":\"2025-11-28T11:43:56+00:00\",\"dateModified\":\"2025-11-29T09:35:24+00:00\",\"description\":\"EQQUALBERRY Swimming Pool Toner Pads \u2014 daudzfunkcion\u0101las tonera pads, kas pies\u016bcin\u0101tas ar vieglu esenci, kas dzi\u013ci mitrina \u0101du, maigi no\u0146em atmiru\u0161\u0101s \u0161\u016bnas un pal\u012bdz sa\u0161aurin\u0101t poras.\",\"breadcrumb\":{\"@id\":\"https:\\\/\\\/www.facecorner.lv\\\/shop\\\/eqqualberry-swimming-pool-toner-pads-tonizejosas-pads-poru-attirisanai-70psc\\\/#breadcrumb\"},\"inLanguage\":\"en-US\",\"potentialAction\":[{\"@type\":\"ReadAction\",\"target\":[\"https:\\\/\\\/www.facecorner.lv\\\/shop\\\/eqqualberry-swimming-pool-toner-pads-tonizejosas-pads-poru-attirisanai-70psc\\\/\"]}]},{\"@type\":\"ImageObject\",\"inLanguage\":\"en-US\",\"@id\":\"https:\\\/\\\/www.facecorner.lv\\\/shop\\\/eqqualberry-swimming-pool-toner-pads-tonizejosas-pads-poru-attirisanai-70psc\\\/#primaryimage\",\"url\":\"https:\\\/\\\/www.facecorner.lv\\\/wp-content\\\/uploads\\\/2025\\\/11\\\/1__39462-1.webp\",\"contentUrl\":\"https:\\\/\\\/www.facecorner.lv\\\/wp-content\\\/uploads\\\/2025\\\/11\\\/1__39462-1.webp\",\"width\":1280,\"height\":1280},{\"@type\":\"BreadcrumbList\",\"@id\":\"https:\\\/\\\/www.facecorner.lv\\\/shop\\\/eqqualberry-swimming-pool-toner-pads-tonizejosas-pads-poru-attirisanai-70psc\\\/#breadcrumb\",\"itemListElement\":[{\"@type\":\"ListItem\",\"position\":1,\"name\":\"Home\",\"item\":\"https:\\\/\\\/www.facecorner.lv\\\/\"},{\"@type\":\"ListItem\",\"position\":2,\"name\":\"Veikals\",\"item\":\"https:\\\/\\\/www.facecorner.lv\\\/shop\\\/\"},{\"@type\":\"ListItem\",\"position\":3,\"name\":\"EQQUALBERRY Swimming Pool Toner Pads toniz\u0113jo\u0161as pads poru att\u012br\u012b\u0161anai 70psc\"}]},{\"@type\":\"WebSite\",\"@id\":\"https:\\\/\\\/www.facecorner.lv\\\/#website\",\"url\":\"https:\\\/\\\/www.facecorner.lv\\\/\",\"name\":\"Facecorner\",\"description\":\"\",\"publisher\":{\"@id\":\"https:\\\/\\\/www.facecorner.lv\\\/#organization\"},\"potentialAction\":[{\"@type\":\"SearchAction\",\"target\":{\"@type\":\"EntryPoint\",\"urlTemplate\":\"https:\\\/\\\/www.facecorner.lv\\\/?s={search_term_string}\"},\"query-input\":{\"@type\":\"PropertyValueSpecification\",\"valueRequired\":true,\"valueName\":\"search_term_string\"}}],\"inLanguage\":\"en-US\"},{\"@type\":\"Organization\",\"@id\":\"https:\\\/\\\/www.facecorner.lv\\\/#organization\",\"name\":\"Facecorner\",\"url\":\"https:\\\/\\\/www.facecorner.lv\\\/\",\"logo\":{\"@type\":\"ImageObject\",\"inLanguage\":\"en-US\",\"@id\":\"https:\\\/\\\/www.facecorner.lv\\\/#\\\/schema\\\/logo\\\/image\\\/\",\"url\":\"https:\\\/\\\/www.facecorner.lv\\\/wp-content\\\/uploads\\\/2024\\\/04\\\/fc-logo.jpg\",\"contentUrl\":\"https:\\\/\\\/www.facecorner.lv\\\/wp-content\\\/uploads\\\/2024\\\/04\\\/fc-logo.jpg\",\"width\":174,\"height\":28,\"caption\":\"Facecorner\"},\"image\":{\"@id\":\"https:\\\/\\\/www.facecorner.lv\\\/#\\\/schema\\\/logo\\\/image\\\/\"},\"sameAs\":[\"https:\\\/\\\/www.facebook.com\\\/profile.php?id=100063824551839\",\"https:\\\/\\\/www.instagram.com\\\/facecorner_shop\\\/\"]}]}<\/script>\n<meta property=\"product:price:amount\" content=\"20.95\" \/>\n<meta property=\"product:price:currency\" content=\"EUR\" \/>\n<meta property=\"og:availability\" content=\"instock\" \/>\n<meta property=\"product:availability\" content=\"instock\" \/>\n<meta property=\"product:condition\" content=\"new\" \/>\n<!-- \/ Yoast SEO plugin. -->","yoast_head_json":{"title":"EQQUALBERRY Swimming Pool Toner Pads toniz\u0113jo\u0161as pads poru att\u012br\u012b\u0161anai 70psc - FACECORNER","description":"EQQUALBERRY Swimming Pool Toner Pads \u2014 daudzfunkcion\u0101las tonera pads, kas pies\u016bcin\u0101tas ar vieglu esenci, kas dzi\u013ci mitrina \u0101du, maigi no\u0146em atmiru\u0161\u0101s \u0161\u016bnas un pal\u012bdz sa\u0161aurin\u0101t poras.","robots":{"index":"index","follow":"follow","max-snippet":"max-snippet:-1","max-image-preview":"max-image-preview:large","max-video-preview":"max-video-preview:-1"},"canonical":"https:\/\/www.facecorner.lv\/en\/shop\/eqqualberry-swimming-pool-toner-pads-tonizejosas-pads-poru-attirisanai-70psc\/","og_locale":"en_US","og_type":"article","og_title":"EQQUALBERRY Swimming Pool Toner Pads toniz\u0113jo\u0161as pads poru att\u012br\u012b\u0161anai 70psc - FACECORNER","og_description":"EQQUALBERRY Swimming Pool Toner Pads \u2014 daudzfunkcion\u0101las tonera pads, kas pies\u016bcin\u0101tas ar vieglu esenci, kas dzi\u013ci mitrina \u0101du, maigi no\u0146em atmiru\u0161\u0101s \u0161\u016bnas un pal\u012bdz sa\u0161aurin\u0101t poras.","og_url":"https:\/\/www.facecorner.lv\/en\/shop\/eqqualberry-swimming-pool-toner-pads-tonizejosas-pads-poru-attirisanai-70psc\/","og_site_name":"FACECORNER","article_publisher":"https:\/\/www.facebook.com\/profile.php?id=100063824551839","article_modified_time":"2025-11-29T09:35:24+00:00","og_image":[{"width":1280,"height":1280,"url":"https:\/\/www.facecorner.lv\/wp-content\/uploads\/2025\/11\/1__39462-1.webp","type":"image\/webp"}],"twitter_card":"summary_large_image","twitter_misc":{"Price":"&euro;20.95","Availability":"In stock"},"schema":{"@context":"https:\/\/schema.org","@graph":[{"@type":"WebPage","@id":"https:\/\/www.facecorner.lv\/shop\/eqqualberry-swimming-pool-toner-pads-tonizejosas-pads-poru-attirisanai-70psc\/","url":"https:\/\/www.facecorner.lv\/shop\/eqqualberry-swimming-pool-toner-pads-tonizejosas-pads-poru-attirisanai-70psc\/","name":"EQQUALBERRY Swimming Pool Toner Pads toniz\u0113jo\u0161as pads poru att\u012br\u012b\u0161anai 70psc - FACECORNER","isPartOf":{"@id":"https:\/\/www.facecorner.lv\/#website"},"primaryImageOfPage":{"@id":"https:\/\/www.facecorner.lv\/shop\/eqqualberry-swimming-pool-toner-pads-tonizejosas-pads-poru-attirisanai-70psc\/#primaryimage"},"image":{"@id":"https:\/\/www.facecorner.lv\/shop\/eqqualberry-swimming-pool-toner-pads-tonizejosas-pads-poru-attirisanai-70psc\/#primaryimage"},"thumbnailUrl":"https:\/\/www.facecorner.lv\/wp-content\/uploads\/2025\/11\/1__39462-1.webp","datePublished":"2025-11-28T11:43:56+00:00","dateModified":"2025-11-29T09:35:24+00:00","description":"EQQUALBERRY Swimming Pool Toner Pads \u2014 daudzfunkcion\u0101las tonera pads, kas pies\u016bcin\u0101tas ar vieglu esenci, kas dzi\u013ci mitrina \u0101du, maigi no\u0146em atmiru\u0161\u0101s \u0161\u016bnas un pal\u012bdz sa\u0161aurin\u0101t poras.","breadcrumb":{"@id":"https:\/\/www.facecorner.lv\/shop\/eqqualberry-swimming-pool-toner-pads-tonizejosas-pads-poru-attirisanai-70psc\/#breadcrumb"},"inLanguage":"en-US","potentialAction":[{"@type":"ReadAction","target":["https:\/\/www.facecorner.lv\/shop\/eqqualberry-swimming-pool-toner-pads-tonizejosas-pads-poru-attirisanai-70psc\/"]}]},{"@type":"ImageObject","inLanguage":"en-US","@id":"https:\/\/www.facecorner.lv\/shop\/eqqualberry-swimming-pool-toner-pads-tonizejosas-pads-poru-attirisanai-70psc\/#primaryimage","url":"https:\/\/www.facecorner.lv\/wp-content\/uploads\/2025\/11\/1__39462-1.webp","contentUrl":"https:\/\/www.facecorner.lv\/wp-content\/uploads\/2025\/11\/1__39462-1.webp","width":1280,"height":1280},{"@type":"BreadcrumbList","@id":"https:\/\/www.facecorner.lv\/shop\/eqqualberry-swimming-pool-toner-pads-tonizejosas-pads-poru-attirisanai-70psc\/#breadcrumb","itemListElement":[{"@type":"ListItem","position":1,"name":"Home","item":"https:\/\/www.facecorner.lv\/"},{"@type":"ListItem","position":2,"name":"Veikals","item":"https:\/\/www.facecorner.lv\/shop\/"},{"@type":"ListItem","position":3,"name":"EQQUALBERRY Swimming Pool Toner Pads toniz\u0113jo\u0161as pads poru att\u012br\u012b\u0161anai 70psc"}]},{"@type":"WebSite","@id":"https:\/\/www.facecorner.lv\/#website","url":"https:\/\/www.facecorner.lv\/","name":"Facecorner","description":"","publisher":{"@id":"https:\/\/www.facecorner.lv\/#organization"},"potentialAction":[{"@type":"SearchAction","target":{"@type":"EntryPoint","urlTemplate":"https:\/\/www.facecorner.lv\/?s={search_term_string}"},"query-input":{"@type":"PropertyValueSpecification","valueRequired":true,"valueName":"search_term_string"}}],"inLanguage":"en-US"},{"@type":"Organization","@id":"https:\/\/www.facecorner.lv\/#organization","name":"Facecorner","url":"https:\/\/www.facecorner.lv\/","logo":{"@type":"ImageObject","inLanguage":"en-US","@id":"https:\/\/www.facecorner.lv\/#\/schema\/logo\/image\/","url":"https:\/\/www.facecorner.lv\/wp-content\/uploads\/2024\/04\/fc-logo.jpg","contentUrl":"https:\/\/www.facecorner.lv\/wp-content\/uploads\/2024\/04\/fc-logo.jpg","width":174,"height":28,"caption":"Facecorner"},"image":{"@id":"https:\/\/www.facecorner.lv\/#\/schema\/logo\/image\/"},"sameAs":["https:\/\/www.facebook.com\/profile.php?id=100063824551839","https:\/\/www.instagram.com\/facecorner_shop\/"]}]},"product_price_amount":"20.95","product_price_currency":"EUR","og_availability":"instock","product_availability":"instock","product_condition":"new"},"_links":{"self":[{"href":"https:\/\/www.facecorner.lv\/en\/wp-json\/wp\/v2\/product\/26212","targetHints":{"allow":["GET"]}}],"collection":[{"href":"https:\/\/www.facecorner.lv\/en\/wp-json\/wp\/v2\/product"}],"about":[{"href":"https:\/\/www.facecorner.lv\/en\/wp-json\/wp\/v2\/types\/product"}],"replies":[{"embeddable":true,"href":"https:\/\/www.facecorner.lv\/en\/wp-json\/wp\/v2\/comments?post=26212"}],"wp:featuredmedia":[{"embeddable":true,"href":"https:\/\/www.facecorner.lv\/en\/wp-json\/wp\/v2\/media\/26239"}],"wp:attachment":[{"href":"https:\/\/www.facecorner.lv\/en\/wp-json\/wp\/v2\/media?parent=26212"}],"wp:term":[{"taxonomy":"product_brand","embeddable":true,"href":"https:\/\/www.facecorner.lv\/en\/wp-json\/wp\/v2\/product_brand?post=26212"},{"taxonomy":"product_cat","embeddable":true,"href":"https:\/\/www.facecorner.lv\/en\/wp-json\/wp\/v2\/product_cat?post=26212"},{"taxonomy":"product_tag","embeddable":true,"href":"https:\/\/www.facecorner.lv\/en\/wp-json\/wp\/v2\/product_tag?post=26212"},{"taxonomy":"berocket_brand","embeddable":true,"href":"https:\/\/www.facecorner.lv\/en\/wp-json\/wp\/v2\/berocket_brand?post=26212"}],"curies":[{"name":"wp","href":"https:\/\/api.w.org\/{rel}","templated":true}]}}