{"id":26209,"date":"2025-11-28T14:29:58","date_gmt":"2025-11-28T11:29:58","guid":{"rendered":"https:\/\/www.facecorner.lv\/?post_type=product&#038;p=26209"},"modified":"2025-11-28T15:27:22","modified_gmt":"2025-11-28T12:27:22","slug":"eqqualberry-collagen-pore-tight-up-gel-toner-pads-poru-sasaurinasanai-un-adas-mitrinasanai-60pcs","status":"publish","type":"product","link":"https:\/\/www.facecorner.lv\/en\/shop\/eqqualberry-collagen-pore-tight-up-gel-toner-pads-poru-sasaurinasanai-un-adas-mitrinasanai-60pcs\/","title":{"rendered":"EQQUALBERRY Collagen Pore-Tight Up Gel Toner Pads poru sa\u0161aurin\u0101\u0161anai un \u0101das mitrin\u0101\u0161anai 60pcs"},"content":{"rendered":"<p>EQQUALBERRY Collagen Pore-Tight Up Gel Toner Pads kolag\u0113na \u017eelejas tonika pads poru sa\u0161aurin\u0101\u0161anai un \u0101das mitrin\u0101\u0161anai.<\/p>\n<p>Tie pal\u012bdz sa\u0161aurin\u0101t poras, uzlabot \u0101das tekst\u016bru, mitrin\u0101t un saglab\u0101t t\u0101s elast\u012bbu. Lieliska izv\u0113le tiem, kas v\u0113las gludu, svaigu un koptu \u0101du bez liekas piep\u016bles.<\/p>\n<h6>Galven\u0101s iedarb\u012bbas un priek\u0161roc\u012bbas:<\/h6>\n<ul>\n<li>Poru sa\u0161aurin\u0101\u0161ana un sebuma kontrole \u2014 p\u0101rsegi pal\u012bdz samazin\u0101t papla\u0161in\u0101tu poru redzam\u012bbu un l\u012bdzsvarot \u0101das sebuma ra\u017eo\u0161anu.<\/li>\n<li>Mitrin\u0101\u0161ana un baro\u0161ana \u2014 pateicoties kolag\u0113na \u016bdenim, hialuronsk\u0101bei un mitrino\u0161aj\u0101m sast\u0101vda\u013c\u0101m, \u0101da k\u013c\u016bst m\u012bksta, mitrin\u0101ta un elast\u012bga.<\/li>\n<li>\u0100das tekst\u016bras uzlabo\u0161ana un gludums \u2014 regul\u0101ra lieto\u0161ana izl\u012bdzina \u0101das toni, padara \u0101du glud\u0101ku un t\u012br\u0101ku.<\/li>\n<li>Nomierino\u0161s un aizsarg\u0101jo\u0161s efekts \u2014 augu ekstrakti (piem\u0113ram, centella, hamamelis) un nomierino\u0161as sast\u0101vda\u013cas pal\u012bdz samazin\u0101t kairin\u0101jumu, \u012bpa\u0161i uz jut\u012bgai \u0101dai.<\/li>\n<li>Elast\u012bbas un elast\u012bguma uzlabo\u0161ana \u2014 zemas molekulmasas kolag\u0113ns \u0101tri uzs\u016bcas un veicina \u0101das stiprin\u0101\u0161anu un t\u0101s bl\u012bvuma palielin\u0101\u0161anu.<\/li>\n<\/ul>\n<h6>Galven\u0101s akt\u012bv\u0101s sast\u0101vda\u013cas un \u012bpa\u0161\u012bbas:<\/h6>\n<ul>\n<li>Kolag\u0113ns\u00a0 \u2014 pal\u012bdz palielin\u0101t \u0101das elast\u012bbu un uzlabot t\u0101s elast\u012bgumu.<\/li>\n<li>Niac\u012bnam\u012bds \u2014 izl\u012bdzina \u0101das toni, regul\u0113 sebuma izdal\u012b\u0161anos, pal\u012bdz nov\u0113rst \u0101das nepiln\u012bbas.<\/li>\n<li>Hialuronsk\u0101be\u2014 intens\u012bvi mitrina, saglab\u0101 mitrumu \u0101d\u0101, padara to maigu.<\/li>\n<\/ul>\n<p><strong>How to use:<\/strong> Viegli noslaukiet seju, izvairoties no zonas ap ac\u012bm un l\u016bp\u0101m. Lai pan\u0101ktu intens\u012bv\u0101ku efektu, p\u0101rs\u0113ju var atst\u0101t uz 10\u201315 min\u016bt\u0113m k\u0101 \u0101trdarb\u012bgu masku.<\/p>\n<p><strong>Sast\u0101vs:<\/strong> <span style=\"font-size: 16px;\">Collagen Water, Aqua\/Water\/Eau, Butylene Glycol, Glycerin, Glycereth-26, Niacinamide, 1, 2-Hexanediol, Hydroxyacetophenone, Allantoin, Glyceryl Glucoside, Ammonium Acryloyldimethyltaurate\/VP Copolymer, Ethylhexylglycerin, Adenosine, Sodium Polyacrylate, Xanthan Gum, Hamamelis Virginiana (Witch Hazel) Water, Salvia Officinalis (Sage) Leaf Extract, Nelumbium Speciosum Flower Extract, Hydrolyzed Collagen, Melissa Officinalis Leaf Extract, Eucalyptus Globulus Leaf Extract, Chamaecyparis Obtusa Water, Arctium Majus Root Extract, Hypericum Perforatum Flower\/Leaf\/Stem Extract, Sodium Hyaluronate, Disodium EDTA, Saponaria Officinalis Leaf Extract, Tuber Magnatum Extract, Centella Asiatica Extract, Cyanocobalamin, Sodium DNA.<\/span><\/p>\n<div>\n<div class=\"widget-header\"><\/div>\n<\/div>","protected":false},"excerpt":{"rendered":"<p>EQQUALBERRY Collagen Pore-Tight Up Gel Toner Pads kolag\u0113na \u017eelejas tonika pads poru sa\u0161aurin\u0101\u0161anai un \u0101das mitrin\u0101\u0161anai.<\/p>","protected":false},"featured_media":26210,"comment_status":"open","ping_status":"closed","template":"","meta":{"site-sidebar-layout":"default","site-content-layout":"","ast-site-content-layout":"default","site-content-style":"default","site-sidebar-style":"default","ast-global-header-display":"","ast-banner-title-visibility":"","ast-main-header-display":"","ast-hfb-above-header-display":"","ast-hfb-below-header-display":"","ast-hfb-mobile-header-display":"","site-post-title":"","ast-breadcrumbs-content":"","ast-featured-img":"","footer-sml-layout":"","theme-transparent-header-meta":"default","adv-header-id-meta":"","stick-header-meta":"","header-above-stick-meta":"","header-main-stick-meta":"","header-below-stick-meta":"","astra-migrate-meta-layouts":"set","ast-page-background-enabled":"default","ast-page-background-meta":{"desktop":{"background-color":"var(--ast-global-color-4)","background-image":"","background-repeat":"repeat","background-position":"center center","background-size":"auto","background-attachment":"scroll","background-type":"","background-media":"","overlay-type":"","overlay-color":"","overlay-opacity":"","overlay-gradient":""},"tablet":{"background-color":"","background-image":"","background-repeat":"repeat","background-position":"center center","background-size":"auto","background-attachment":"scroll","background-type":"","background-media":"","overlay-type":"","overlay-color":"","overlay-opacity":"","overlay-gradient":""},"mobile":{"background-color":"","background-image":"","background-repeat":"repeat","background-position":"center center","background-size":"auto","background-attachment":"scroll","background-type":"","background-media":"","overlay-type":"","overlay-color":"","overlay-opacity":"","overlay-gradient":""}},"ast-content-background-meta":{"desktop":{"background-color":"var(--ast-global-color-5)","background-image":"","background-repeat":"repeat","background-position":"center center","background-size":"auto","background-attachment":"scroll","background-type":"","background-media":"","overlay-type":"","overlay-color":"","overlay-opacity":"","overlay-gradient":""},"tablet":{"background-color":"var(--ast-global-color-5)","background-image":"","background-repeat":"repeat","background-position":"center center","background-size":"auto","background-attachment":"scroll","background-type":"","background-media":"","overlay-type":"","overlay-color":"","overlay-opacity":"","overlay-gradient":""},"mobile":{"background-color":"var(--ast-global-color-5)","background-image":"","background-repeat":"repeat","background-position":"center center","background-size":"auto","background-attachment":"scroll","background-type":"","background-media":"","overlay-type":"","overlay-color":"","overlay-opacity":"","overlay-gradient":""}}},"product_brand":[],"product_cat":[375,670,377,378,364,376],"product_tag":[],"berocket_brand":[631],"class_list":{"0":"post-26209","1":"product","2":"type-product","3":"status-publish","4":"has-post-thumbnail","6":"product_cat-jutigai-adai-toneri","7":"product_cat-pilinga-diski","8":"product_cat-problematiskai-adai-toneri","9":"product_cat-sausai-adai-toneri","10":"product_cat-toneri","11":"product_cat-kombinetai-adai-toneri","12":"berocket_brand-eqqualberry","13":"desktop-align-left","14":"tablet-align-left","15":"mobile-align-left","17":"first","18":"instock","19":"taxable","20":"shipping-taxable","21":"purchasable","22":"product-type-simple","23":"add-to-wishlist-before_image"},"yoast_head":"<!-- This site is optimized with the Yoast SEO plugin v27.3 - https:\/\/yoast.com\/product\/yoast-seo-wordpress\/ -->\n<title>EQQUALBERRY Collagen Pore-Tight Up Gel Toner Pads poru sa\u0161aurin\u0101\u0161anai un \u0101das mitrin\u0101\u0161anai 60pcs - FACECORNER<\/title>\n<meta name=\"description\" content=\"EQQUALBERRY Collagen Pore-Tight Up Gel Toner Pads kolag\u0113na \u017eelejas tonika pads poru sa\u0161aurin\u0101\u0161anai un \u0101das mitrin\u0101\u0161anai.\" \/>\n<meta name=\"robots\" content=\"index, follow, max-snippet:-1, max-image-preview:large, max-video-preview:-1\" \/>\n<link rel=\"canonical\" href=\"https:\/\/www.facecorner.lv\/en\/shop\/eqqualberry-collagen-pore-tight-up-gel-toner-pads-poru-sasaurinasanai-un-adas-mitrinasanai-60pcs\/\" \/>\n<meta property=\"og:locale\" content=\"en_US\" \/>\n<meta property=\"og:type\" content=\"article\" \/>\n<meta property=\"og:title\" content=\"EQQUALBERRY Collagen Pore-Tight Up Gel Toner Pads poru sa\u0161aurin\u0101\u0161anai un \u0101das mitrin\u0101\u0161anai 60pcs - FACECORNER\" \/>\n<meta property=\"og:description\" content=\"EQQUALBERRY Collagen Pore-Tight Up Gel Toner Pads kolag\u0113na \u017eelejas tonika pads poru sa\u0161aurin\u0101\u0161anai un \u0101das mitrin\u0101\u0161anai.\" \/>\n<meta property=\"og:url\" content=\"https:\/\/www.facecorner.lv\/en\/shop\/eqqualberry-collagen-pore-tight-up-gel-toner-pads-poru-sasaurinasanai-un-adas-mitrinasanai-60pcs\/\" \/>\n<meta property=\"og:site_name\" content=\"FACECORNER\" \/>\n<meta property=\"article:publisher\" content=\"https:\/\/www.facebook.com\/profile.php?id=100063824551839\" \/>\n<meta property=\"article:modified_time\" content=\"2025-11-28T12:27:22+00:00\" \/>\n<meta property=\"og:image\" content=\"https:\/\/www.facecorner.lv\/wp-content\/uploads\/2025\/11\/EQQUALBERRYCollagenPore-tightUpGelTonerPads.webp\" \/>\n\t<meta property=\"og:image:width\" content=\"1200\" \/>\n\t<meta property=\"og:image:height\" content=\"1200\" \/>\n\t<meta property=\"og:image:type\" content=\"image\/webp\" \/>\n<meta name=\"twitter:card\" content=\"summary_large_image\" \/>\n<meta name=\"twitter:label1\" content=\"Price\" \/>\n\t<meta name=\"twitter:data1\" content=\"&euro;23.85\" \/>\n\t<meta name=\"twitter:label2\" content=\"Availability\" \/>\n\t<meta name=\"twitter:data2\" content=\"In stock\" \/>\n<script type=\"application\/ld+json\" class=\"yoast-schema-graph\">{\"@context\":\"https:\\\/\\\/schema.org\",\"@graph\":[{\"@type\":\"WebPage\",\"@id\":\"https:\\\/\\\/www.facecorner.lv\\\/shop\\\/eqqualberry-collagen-pore-tight-up-gel-toner-pads-poru-sasaurinasanai-un-adas-mitrinasanai-60pcs\\\/\",\"url\":\"https:\\\/\\\/www.facecorner.lv\\\/shop\\\/eqqualberry-collagen-pore-tight-up-gel-toner-pads-poru-sasaurinasanai-un-adas-mitrinasanai-60pcs\\\/\",\"name\":\"EQQUALBERRY Collagen Pore-Tight Up Gel Toner Pads poru sa\u0161aurin\u0101\u0161anai un \u0101das mitrin\u0101\u0161anai 60pcs - FACECORNER\",\"isPartOf\":{\"@id\":\"https:\\\/\\\/www.facecorner.lv\\\/#website\"},\"primaryImageOfPage\":{\"@id\":\"https:\\\/\\\/www.facecorner.lv\\\/shop\\\/eqqualberry-collagen-pore-tight-up-gel-toner-pads-poru-sasaurinasanai-un-adas-mitrinasanai-60pcs\\\/#primaryimage\"},\"image\":{\"@id\":\"https:\\\/\\\/www.facecorner.lv\\\/shop\\\/eqqualberry-collagen-pore-tight-up-gel-toner-pads-poru-sasaurinasanai-un-adas-mitrinasanai-60pcs\\\/#primaryimage\"},\"thumbnailUrl\":\"https:\\\/\\\/www.facecorner.lv\\\/wp-content\\\/uploads\\\/2025\\\/11\\\/EQQUALBERRYCollagenPore-tightUpGelTonerPads.webp\",\"datePublished\":\"2025-11-28T11:29:58+00:00\",\"dateModified\":\"2025-11-28T12:27:22+00:00\",\"description\":\"EQQUALBERRY Collagen Pore-Tight Up Gel Toner Pads kolag\u0113na \u017eelejas tonika pads poru sa\u0161aurin\u0101\u0161anai un \u0101das mitrin\u0101\u0161anai.\",\"breadcrumb\":{\"@id\":\"https:\\\/\\\/www.facecorner.lv\\\/shop\\\/eqqualberry-collagen-pore-tight-up-gel-toner-pads-poru-sasaurinasanai-un-adas-mitrinasanai-60pcs\\\/#breadcrumb\"},\"inLanguage\":\"en-US\",\"potentialAction\":[{\"@type\":\"ReadAction\",\"target\":[\"https:\\\/\\\/www.facecorner.lv\\\/shop\\\/eqqualberry-collagen-pore-tight-up-gel-toner-pads-poru-sasaurinasanai-un-adas-mitrinasanai-60pcs\\\/\"]}]},{\"@type\":\"ImageObject\",\"inLanguage\":\"en-US\",\"@id\":\"https:\\\/\\\/www.facecorner.lv\\\/shop\\\/eqqualberry-collagen-pore-tight-up-gel-toner-pads-poru-sasaurinasanai-un-adas-mitrinasanai-60pcs\\\/#primaryimage\",\"url\":\"https:\\\/\\\/www.facecorner.lv\\\/wp-content\\\/uploads\\\/2025\\\/11\\\/EQQUALBERRYCollagenPore-tightUpGelTonerPads.webp\",\"contentUrl\":\"https:\\\/\\\/www.facecorner.lv\\\/wp-content\\\/uploads\\\/2025\\\/11\\\/EQQUALBERRYCollagenPore-tightUpGelTonerPads.webp\",\"width\":1200,\"height\":1200,\"caption\":\"EQQUALBERRY Collagen Pore-Tight Up Gel Toner Pads\"},{\"@type\":\"BreadcrumbList\",\"@id\":\"https:\\\/\\\/www.facecorner.lv\\\/shop\\\/eqqualberry-collagen-pore-tight-up-gel-toner-pads-poru-sasaurinasanai-un-adas-mitrinasanai-60pcs\\\/#breadcrumb\",\"itemListElement\":[{\"@type\":\"ListItem\",\"position\":1,\"name\":\"Home\",\"item\":\"https:\\\/\\\/www.facecorner.lv\\\/\"},{\"@type\":\"ListItem\",\"position\":2,\"name\":\"Veikals\",\"item\":\"https:\\\/\\\/www.facecorner.lv\\\/shop\\\/\"},{\"@type\":\"ListItem\",\"position\":3,\"name\":\"EQQUALBERRY Collagen Pore-Tight Up Gel Toner Pads poru sa\u0161aurin\u0101\u0161anai un \u0101das mitrin\u0101\u0161anai 60pcs\"}]},{\"@type\":\"WebSite\",\"@id\":\"https:\\\/\\\/www.facecorner.lv\\\/#website\",\"url\":\"https:\\\/\\\/www.facecorner.lv\\\/\",\"name\":\"Facecorner\",\"description\":\"\",\"publisher\":{\"@id\":\"https:\\\/\\\/www.facecorner.lv\\\/#organization\"},\"potentialAction\":[{\"@type\":\"SearchAction\",\"target\":{\"@type\":\"EntryPoint\",\"urlTemplate\":\"https:\\\/\\\/www.facecorner.lv\\\/?s={search_term_string}\"},\"query-input\":{\"@type\":\"PropertyValueSpecification\",\"valueRequired\":true,\"valueName\":\"search_term_string\"}}],\"inLanguage\":\"en-US\"},{\"@type\":\"Organization\",\"@id\":\"https:\\\/\\\/www.facecorner.lv\\\/#organization\",\"name\":\"Facecorner\",\"url\":\"https:\\\/\\\/www.facecorner.lv\\\/\",\"logo\":{\"@type\":\"ImageObject\",\"inLanguage\":\"en-US\",\"@id\":\"https:\\\/\\\/www.facecorner.lv\\\/#\\\/schema\\\/logo\\\/image\\\/\",\"url\":\"https:\\\/\\\/www.facecorner.lv\\\/wp-content\\\/uploads\\\/2024\\\/04\\\/fc-logo.jpg\",\"contentUrl\":\"https:\\\/\\\/www.facecorner.lv\\\/wp-content\\\/uploads\\\/2024\\\/04\\\/fc-logo.jpg\",\"width\":174,\"height\":28,\"caption\":\"Facecorner\"},\"image\":{\"@id\":\"https:\\\/\\\/www.facecorner.lv\\\/#\\\/schema\\\/logo\\\/image\\\/\"},\"sameAs\":[\"https:\\\/\\\/www.facebook.com\\\/profile.php?id=100063824551839\",\"https:\\\/\\\/www.instagram.com\\\/facecorner_shop\\\/\"]}]}<\/script>\n<meta property=\"product:price:amount\" content=\"23.85\" \/>\n<meta property=\"product:price:currency\" content=\"EUR\" \/>\n<meta property=\"og:availability\" content=\"instock\" \/>\n<meta property=\"product:availability\" content=\"instock\" \/>\n<meta property=\"product:condition\" content=\"new\" \/>\n<!-- \/ Yoast SEO plugin. -->","yoast_head_json":{"title":"EQQUALBERRY Collagen Pore-Tight Up Gel Toner Pads poru sa\u0161aurin\u0101\u0161anai un \u0101das mitrin\u0101\u0161anai 60pcs - FACECORNER","description":"EQQUALBERRY Collagen Pore-Tight Up Gel Toner Pads kolag\u0113na \u017eelejas tonika pads poru sa\u0161aurin\u0101\u0161anai un \u0101das mitrin\u0101\u0161anai.","robots":{"index":"index","follow":"follow","max-snippet":"max-snippet:-1","max-image-preview":"max-image-preview:large","max-video-preview":"max-video-preview:-1"},"canonical":"https:\/\/www.facecorner.lv\/en\/shop\/eqqualberry-collagen-pore-tight-up-gel-toner-pads-poru-sasaurinasanai-un-adas-mitrinasanai-60pcs\/","og_locale":"en_US","og_type":"article","og_title":"EQQUALBERRY Collagen Pore-Tight Up Gel Toner Pads poru sa\u0161aurin\u0101\u0161anai un \u0101das mitrin\u0101\u0161anai 60pcs - FACECORNER","og_description":"EQQUALBERRY Collagen Pore-Tight Up Gel Toner Pads kolag\u0113na \u017eelejas tonika pads poru sa\u0161aurin\u0101\u0161anai un \u0101das mitrin\u0101\u0161anai.","og_url":"https:\/\/www.facecorner.lv\/en\/shop\/eqqualberry-collagen-pore-tight-up-gel-toner-pads-poru-sasaurinasanai-un-adas-mitrinasanai-60pcs\/","og_site_name":"FACECORNER","article_publisher":"https:\/\/www.facebook.com\/profile.php?id=100063824551839","article_modified_time":"2025-11-28T12:27:22+00:00","og_image":[{"width":1200,"height":1200,"url":"https:\/\/www.facecorner.lv\/wp-content\/uploads\/2025\/11\/EQQUALBERRYCollagenPore-tightUpGelTonerPads.webp","type":"image\/webp"}],"twitter_card":"summary_large_image","twitter_misc":{"Price":"&euro;23.85","Availability":"In stock"},"schema":{"@context":"https:\/\/schema.org","@graph":[{"@type":"WebPage","@id":"https:\/\/www.facecorner.lv\/shop\/eqqualberry-collagen-pore-tight-up-gel-toner-pads-poru-sasaurinasanai-un-adas-mitrinasanai-60pcs\/","url":"https:\/\/www.facecorner.lv\/shop\/eqqualberry-collagen-pore-tight-up-gel-toner-pads-poru-sasaurinasanai-un-adas-mitrinasanai-60pcs\/","name":"EQQUALBERRY Collagen Pore-Tight Up Gel Toner Pads poru sa\u0161aurin\u0101\u0161anai un \u0101das mitrin\u0101\u0161anai 60pcs - FACECORNER","isPartOf":{"@id":"https:\/\/www.facecorner.lv\/#website"},"primaryImageOfPage":{"@id":"https:\/\/www.facecorner.lv\/shop\/eqqualberry-collagen-pore-tight-up-gel-toner-pads-poru-sasaurinasanai-un-adas-mitrinasanai-60pcs\/#primaryimage"},"image":{"@id":"https:\/\/www.facecorner.lv\/shop\/eqqualberry-collagen-pore-tight-up-gel-toner-pads-poru-sasaurinasanai-un-adas-mitrinasanai-60pcs\/#primaryimage"},"thumbnailUrl":"https:\/\/www.facecorner.lv\/wp-content\/uploads\/2025\/11\/EQQUALBERRYCollagenPore-tightUpGelTonerPads.webp","datePublished":"2025-11-28T11:29:58+00:00","dateModified":"2025-11-28T12:27:22+00:00","description":"EQQUALBERRY Collagen Pore-Tight Up Gel Toner Pads kolag\u0113na \u017eelejas tonika pads poru sa\u0161aurin\u0101\u0161anai un \u0101das mitrin\u0101\u0161anai.","breadcrumb":{"@id":"https:\/\/www.facecorner.lv\/shop\/eqqualberry-collagen-pore-tight-up-gel-toner-pads-poru-sasaurinasanai-un-adas-mitrinasanai-60pcs\/#breadcrumb"},"inLanguage":"en-US","potentialAction":[{"@type":"ReadAction","target":["https:\/\/www.facecorner.lv\/shop\/eqqualberry-collagen-pore-tight-up-gel-toner-pads-poru-sasaurinasanai-un-adas-mitrinasanai-60pcs\/"]}]},{"@type":"ImageObject","inLanguage":"en-US","@id":"https:\/\/www.facecorner.lv\/shop\/eqqualberry-collagen-pore-tight-up-gel-toner-pads-poru-sasaurinasanai-un-adas-mitrinasanai-60pcs\/#primaryimage","url":"https:\/\/www.facecorner.lv\/wp-content\/uploads\/2025\/11\/EQQUALBERRYCollagenPore-tightUpGelTonerPads.webp","contentUrl":"https:\/\/www.facecorner.lv\/wp-content\/uploads\/2025\/11\/EQQUALBERRYCollagenPore-tightUpGelTonerPads.webp","width":1200,"height":1200,"caption":"EQQUALBERRY Collagen Pore-Tight Up Gel Toner Pads"},{"@type":"BreadcrumbList","@id":"https:\/\/www.facecorner.lv\/shop\/eqqualberry-collagen-pore-tight-up-gel-toner-pads-poru-sasaurinasanai-un-adas-mitrinasanai-60pcs\/#breadcrumb","itemListElement":[{"@type":"ListItem","position":1,"name":"Home","item":"https:\/\/www.facecorner.lv\/"},{"@type":"ListItem","position":2,"name":"Veikals","item":"https:\/\/www.facecorner.lv\/shop\/"},{"@type":"ListItem","position":3,"name":"EQQUALBERRY Collagen Pore-Tight Up Gel Toner Pads poru sa\u0161aurin\u0101\u0161anai un \u0101das mitrin\u0101\u0161anai 60pcs"}]},{"@type":"WebSite","@id":"https:\/\/www.facecorner.lv\/#website","url":"https:\/\/www.facecorner.lv\/","name":"Facecorner","description":"","publisher":{"@id":"https:\/\/www.facecorner.lv\/#organization"},"potentialAction":[{"@type":"SearchAction","target":{"@type":"EntryPoint","urlTemplate":"https:\/\/www.facecorner.lv\/?s={search_term_string}"},"query-input":{"@type":"PropertyValueSpecification","valueRequired":true,"valueName":"search_term_string"}}],"inLanguage":"en-US"},{"@type":"Organization","@id":"https:\/\/www.facecorner.lv\/#organization","name":"Facecorner","url":"https:\/\/www.facecorner.lv\/","logo":{"@type":"ImageObject","inLanguage":"en-US","@id":"https:\/\/www.facecorner.lv\/#\/schema\/logo\/image\/","url":"https:\/\/www.facecorner.lv\/wp-content\/uploads\/2024\/04\/fc-logo.jpg","contentUrl":"https:\/\/www.facecorner.lv\/wp-content\/uploads\/2024\/04\/fc-logo.jpg","width":174,"height":28,"caption":"Facecorner"},"image":{"@id":"https:\/\/www.facecorner.lv\/#\/schema\/logo\/image\/"},"sameAs":["https:\/\/www.facebook.com\/profile.php?id=100063824551839","https:\/\/www.instagram.com\/facecorner_shop\/"]}]},"product_price_amount":"23.85","product_price_currency":"EUR","og_availability":"instock","product_availability":"instock","product_condition":"new"},"_links":{"self":[{"href":"https:\/\/www.facecorner.lv\/en\/wp-json\/wp\/v2\/product\/26209","targetHints":{"allow":["GET"]}}],"collection":[{"href":"https:\/\/www.facecorner.lv\/en\/wp-json\/wp\/v2\/product"}],"about":[{"href":"https:\/\/www.facecorner.lv\/en\/wp-json\/wp\/v2\/types\/product"}],"replies":[{"embeddable":true,"href":"https:\/\/www.facecorner.lv\/en\/wp-json\/wp\/v2\/comments?post=26209"}],"wp:featuredmedia":[{"embeddable":true,"href":"https:\/\/www.facecorner.lv\/en\/wp-json\/wp\/v2\/media\/26210"}],"wp:attachment":[{"href":"https:\/\/www.facecorner.lv\/en\/wp-json\/wp\/v2\/media?parent=26209"}],"wp:term":[{"taxonomy":"product_brand","embeddable":true,"href":"https:\/\/www.facecorner.lv\/en\/wp-json\/wp\/v2\/product_brand?post=26209"},{"taxonomy":"product_cat","embeddable":true,"href":"https:\/\/www.facecorner.lv\/en\/wp-json\/wp\/v2\/product_cat?post=26209"},{"taxonomy":"product_tag","embeddable":true,"href":"https:\/\/www.facecorner.lv\/en\/wp-json\/wp\/v2\/product_tag?post=26209"},{"taxonomy":"berocket_brand","embeddable":true,"href":"https:\/\/www.facecorner.lv\/en\/wp-json\/wp\/v2\/berocket_brand?post=26209"}],"curies":[{"name":"wp","href":"https:\/\/api.w.org\/{rel}","templated":true}]}}