{"id":26173,"date":"2025-11-25T16:41:16","date_gmt":"2025-11-25T13:41:16","guid":{"rendered":"https:\/\/www.facecorner.lv\/?post_type=product&#038;p=26173"},"modified":"2025-12-13T12:36:41","modified_gmt":"2025-12-13T09:36:41","slug":"needly-mild-deep-cleansing-oil-maiga-hidrofila-ella-dzilai-attirisanai-240ml","status":"publish","type":"product","link":"https:\/\/www.facecorner.lv\/en\/shop\/needly-mild-deep-cleansing-oil-maiga-hidrofila-ella-dzilai-attirisanai-240ml\/","title":{"rendered":"Needly Mild Deep Cleansing Oil maiga hidrofil\u0101 e\u013c\u013ca dzi\u013cai att\u012br\u012b\u0161anai 240ml"},"content":{"rendered":"<p>Needly Mild Deep Cleansing Oil ir maigs hidrofilais e\u013c\u013cas veida sejas mazg\u0101\u0161anas l\u012bdzeklis, kas efekt\u012bvi no\u0146em grimu (ieskaitot \u016bdensiztur\u012bgo), saules aizsargl\u012bdzek\u013cus, lieko sebumu un net\u012brumus, neizjaucot \u0101das dabisko barjeru.<\/p>\n<p>Piem\u0113rots visiem \u0101das tipiem, ieskaitot jut\u012bgu \u0101du.<\/p>\n<h6>Priek\u0161roc\u012bbas:<\/h6>\n<ul>\n<li>Dzi\u013ci, bet maigi att\u012bra \u2014 no\u0146em grimu, SPF un net\u012brumus, neradot saspringuma saj\u016btu.<\/li>\n<li>Viegla emulg\u0113jo\u0161a tekst\u016bra \u2014 pievienojot \u016bdeni, p\u0101rv\u0113r\u0161as maig\u0101 pien\u0101 un viegli noskalojas.<\/li>\n<li>Baro\u0161ana un mitrin\u0101\u0161ana \u2014 ferment\u0113ta kam\u0113lijas, argana, jojobas un ol\u012bvu e\u013c\u013ca padara \u0101du maigu un samtainu.<\/li>\n<li>Antioksidantu aizsardz\u012bba \u2014 r\u012bsu kliju, v\u012bnogu kauli\u0146u un saulespu\u0137u e\u013c\u013cas aizsarg\u0101 \u0101du no br\u012bvajiem radik\u0101\u013ciem.<\/li>\n<li>Dro\u0161a formula \u2014 nekairina \u0101du, neizraisa sausumu, piem\u0113rota ikdienas lieto\u0161anai.<\/li>\n<\/ul>\n<p><strong>How to use:<\/strong>: Uzkl\u0101jiet nelielu daudzumu e\u013c\u013cas uz sausas sejas \u0101das, mas\u0113jot, lai iz\u0161\u0137\u012bdin\u0101tu kosm\u0113tiku un net\u012brumus.Pievienojiet nedaudz \u016bdens, lai e\u013c\u013ca p\u0101rv\u0113rstos m\u012bkst\u0101 emulsij\u0101.Noskalojiet ar siltu \u016bdeni un, ja nepiecie\u0161ams, turpiniet att\u012br\u012b\u0161anu ar maigu putu.<\/p>\n<p><strong>Sast\u0101vs<\/strong>: Ethylhexyl Palmitate, Sorbeth\u201130 Tetraoleate, Triethylhexanoin, Caprylic\/Capric Triglyceride, Olea Europaea (Olive) Fruit Oil, Pogostemon Cablin (Patchouli) Oil, Rosmarinus Officinalis (Rosemary) Leaf Oil, Camellia Japonica Seed Oil, Argania Spinosa (Argan) Kernel Oil, Camellia Sinensis (Green Tea) Seed Oil, Cocos Nucifera (Coconut) Oil, Helianthus Annuus (Sunflower) Seed Oil, Oryza Sativa (Rice) Bran Oil, Simmondsia Chinensis (Jojoba) Seed Oil, Vitis Vinifera (Grape) Seed Oil, \u0432\u043e\u0434\u0430, Butylene Glycol, 1,2-Hexanediol, Saponaria Officinalis Leaf Extract, Limonene, Linalool.<\/p>","protected":false},"excerpt":{"rendered":"<p>Needly Mild Deep Cleansing Oil ir maigs hidrofilais e\u013c\u013cas veida sejas mazg\u0101\u0161anas l\u012bdzeklis, kas efekt\u012bvi no\u0146em grimu (ieskaitot \u016bdensiztur\u012bgo), saules aizsargl\u012bdzek\u013cus, lieko sebumu un net\u012brumus, neizjaucot \u0101das dabisko barjeru.<\/p>","protected":false},"featured_media":26174,"comment_status":"open","ping_status":"closed","template":"","meta":{"site-sidebar-layout":"default","site-content-layout":"","ast-site-content-layout":"default","site-content-style":"default","site-sidebar-style":"default","ast-global-header-display":"","ast-banner-title-visibility":"","ast-main-header-display":"","ast-hfb-above-header-display":"","ast-hfb-below-header-display":"","ast-hfb-mobile-header-display":"","site-post-title":"","ast-breadcrumbs-content":"","ast-featured-img":"","footer-sml-layout":"","theme-transparent-header-meta":"default","adv-header-id-meta":"","stick-header-meta":"","header-above-stick-meta":"","header-main-stick-meta":"","header-below-stick-meta":"","astra-migrate-meta-layouts":"set","ast-page-background-enabled":"default","ast-page-background-meta":{"desktop":{"background-color":"var(--ast-global-color-4)","background-image":"","background-repeat":"repeat","background-position":"center center","background-size":"auto","background-attachment":"scroll","background-type":"","background-media":"","overlay-type":"","overlay-color":"","overlay-opacity":"","overlay-gradient":""},"tablet":{"background-color":"","background-image":"","background-repeat":"repeat","background-position":"center center","background-size":"auto","background-attachment":"scroll","background-type":"","background-media":"","overlay-type":"","overlay-color":"","overlay-opacity":"","overlay-gradient":""},"mobile":{"background-color":"","background-image":"","background-repeat":"repeat","background-position":"center center","background-size":"auto","background-attachment":"scroll","background-type":"","background-media":"","overlay-type":"","overlay-color":"","overlay-opacity":"","overlay-gradient":""}},"ast-content-background-meta":{"desktop":{"background-color":"var(--ast-global-color-5)","background-image":"","background-repeat":"repeat","background-position":"center center","background-size":"auto","background-attachment":"scroll","background-type":"","background-media":"","overlay-type":"","overlay-color":"","overlay-opacity":"","overlay-gradient":""},"tablet":{"background-color":"var(--ast-global-color-5)","background-image":"","background-repeat":"repeat","background-position":"center center","background-size":"auto","background-attachment":"scroll","background-type":"","background-media":"","overlay-type":"","overlay-color":"","overlay-opacity":"","overlay-gradient":""},"mobile":{"background-color":"var(--ast-global-color-5)","background-image":"","background-repeat":"repeat","background-position":"center center","background-size":"auto","background-attachment":"scroll","background-type":"","background-media":"","overlay-type":"","overlay-color":"","overlay-opacity":"","overlay-gradient":""}}},"product_brand":[],"product_cat":[321],"product_tag":[],"berocket_brand":[669],"class_list":{"0":"post-26173","1":"product","2":"type-product","3":"status-publish","4":"has-post-thumbnail","6":"product_cat-hidrofila-ella","7":"berocket_brand-needly","8":"desktop-align-left","9":"tablet-align-left","10":"mobile-align-left","12":"first","13":"outofstock","14":"taxable","15":"shipping-taxable","16":"purchasable","17":"product-type-simple","18":"add-to-wishlist-before_image"},"yoast_head":"<!-- This site is optimized with the Yoast SEO plugin v27.4 - https:\/\/yoast.com\/product\/yoast-seo-wordpress\/ -->\n<title>Needly Mild Deep Cleansing Oil maiga hidrofil\u0101 e\u013c\u013ca dzi\u013cai att\u012br\u012b\u0161anai 240ml - FACECORNER<\/title>\n<meta name=\"description\" content=\"Needly Mild Deep Cleansing Oil ir maigs hidrofilais e\u013c\u013cas veida sejas mazg\u0101\u0161anas l\u012bdzeklis, kas efekt\u012bvi no\u0146em grimu (ieskaitot \u016bdensiztur\u012bgo), saules aizsargl\u012bdzek\u013cus, lieko sebumu un net\u012brumus, neizjaucot \u0101das dabisko barjeru.\" \/>\n<meta name=\"robots\" content=\"index, follow, max-snippet:-1, max-image-preview:large, max-video-preview:-1\" \/>\n<link rel=\"canonical\" href=\"https:\/\/www.facecorner.lv\/en\/shop\/needly-mild-deep-cleansing-oil-maiga-hidrofila-ella-dzilai-attirisanai-240ml\/\" \/>\n<meta property=\"og:locale\" content=\"en_US\" \/>\n<meta property=\"og:type\" content=\"article\" \/>\n<meta property=\"og:title\" content=\"Needly Mild Deep Cleansing Oil maiga hidrofil\u0101 e\u013c\u013ca dzi\u013cai att\u012br\u012b\u0161anai 240ml - FACECORNER\" \/>\n<meta property=\"og:description\" content=\"Needly Mild Deep Cleansing Oil ir maigs hidrofilais e\u013c\u013cas veida sejas mazg\u0101\u0161anas l\u012bdzeklis, kas efekt\u012bvi no\u0146em grimu (ieskaitot \u016bdensiztur\u012bgo), saules aizsargl\u012bdzek\u013cus, lieko sebumu un net\u012brumus, neizjaucot \u0101das dabisko barjeru.\" \/>\n<meta property=\"og:url\" content=\"https:\/\/www.facecorner.lv\/en\/shop\/needly-mild-deep-cleansing-oil-maiga-hidrofila-ella-dzilai-attirisanai-240ml\/\" \/>\n<meta property=\"og:site_name\" content=\"FACECORNER\" \/>\n<meta property=\"article:publisher\" content=\"https:\/\/www.facebook.com\/profile.php?id=100063824551839\" \/>\n<meta property=\"article:modified_time\" content=\"2025-12-13T09:36:41+00:00\" \/>\n<meta property=\"og:image\" content=\"https:\/\/www.facecorner.lv\/wp-content\/uploads\/2025\/11\/Needly-Mild-Deep-Cleansing-Oil-240-ml.webp\" \/>\n\t<meta property=\"og:image:width\" content=\"1000\" \/>\n\t<meta property=\"og:image:height\" content=\"1000\" \/>\n\t<meta property=\"og:image:type\" content=\"image\/webp\" \/>\n<meta name=\"twitter:card\" content=\"summary_large_image\" \/>\n<meta name=\"twitter:label1\" content=\"Price\" \/>\n\t<meta name=\"twitter:data1\" content=\"&euro;26.00\" \/>\n\t<meta name=\"twitter:label2\" content=\"Availability\" \/>\n\t<meta name=\"twitter:data2\" content=\"Out of stock\" \/>\n<script type=\"application\/ld+json\" class=\"yoast-schema-graph\">{\"@context\":\"https:\\\/\\\/schema.org\",\"@graph\":[{\"@type\":\"WebPage\",\"@id\":\"https:\\\/\\\/www.facecorner.lv\\\/shop\\\/needly-mild-deep-cleansing-oil-maiga-hidrofila-ella-dzilai-attirisanai-240ml\\\/\",\"url\":\"https:\\\/\\\/www.facecorner.lv\\\/shop\\\/needly-mild-deep-cleansing-oil-maiga-hidrofila-ella-dzilai-attirisanai-240ml\\\/\",\"name\":\"Needly Mild Deep Cleansing Oil maiga hidrofil\u0101 e\u013c\u013ca dzi\u013cai att\u012br\u012b\u0161anai 240ml - FACECORNER\",\"isPartOf\":{\"@id\":\"https:\\\/\\\/www.facecorner.lv\\\/#website\"},\"primaryImageOfPage\":{\"@id\":\"https:\\\/\\\/www.facecorner.lv\\\/shop\\\/needly-mild-deep-cleansing-oil-maiga-hidrofila-ella-dzilai-attirisanai-240ml\\\/#primaryimage\"},\"image\":{\"@id\":\"https:\\\/\\\/www.facecorner.lv\\\/shop\\\/needly-mild-deep-cleansing-oil-maiga-hidrofila-ella-dzilai-attirisanai-240ml\\\/#primaryimage\"},\"thumbnailUrl\":\"https:\\\/\\\/www.facecorner.lv\\\/wp-content\\\/uploads\\\/2025\\\/11\\\/Needly-Mild-Deep-Cleansing-Oil-240-ml.webp\",\"datePublished\":\"2025-11-25T13:41:16+00:00\",\"dateModified\":\"2025-12-13T09:36:41+00:00\",\"description\":\"Needly Mild Deep Cleansing Oil ir maigs hidrofilais e\u013c\u013cas veida sejas mazg\u0101\u0161anas l\u012bdzeklis, kas efekt\u012bvi no\u0146em grimu (ieskaitot \u016bdensiztur\u012bgo), saules aizsargl\u012bdzek\u013cus, lieko sebumu un net\u012brumus, neizjaucot \u0101das dabisko barjeru.\",\"breadcrumb\":{\"@id\":\"https:\\\/\\\/www.facecorner.lv\\\/shop\\\/needly-mild-deep-cleansing-oil-maiga-hidrofila-ella-dzilai-attirisanai-240ml\\\/#breadcrumb\"},\"inLanguage\":\"en-US\",\"potentialAction\":[{\"@type\":\"ReadAction\",\"target\":[\"https:\\\/\\\/www.facecorner.lv\\\/shop\\\/needly-mild-deep-cleansing-oil-maiga-hidrofila-ella-dzilai-attirisanai-240ml\\\/\"]}]},{\"@type\":\"ImageObject\",\"inLanguage\":\"en-US\",\"@id\":\"https:\\\/\\\/www.facecorner.lv\\\/shop\\\/needly-mild-deep-cleansing-oil-maiga-hidrofila-ella-dzilai-attirisanai-240ml\\\/#primaryimage\",\"url\":\"https:\\\/\\\/www.facecorner.lv\\\/wp-content\\\/uploads\\\/2025\\\/11\\\/Needly-Mild-Deep-Cleansing-Oil-240-ml.webp\",\"contentUrl\":\"https:\\\/\\\/www.facecorner.lv\\\/wp-content\\\/uploads\\\/2025\\\/11\\\/Needly-Mild-Deep-Cleansing-Oil-240-ml.webp\",\"width\":1000,\"height\":1000,\"caption\":\"Needly Mild Deep Cleansing Oil\"},{\"@type\":\"BreadcrumbList\",\"@id\":\"https:\\\/\\\/www.facecorner.lv\\\/shop\\\/needly-mild-deep-cleansing-oil-maiga-hidrofila-ella-dzilai-attirisanai-240ml\\\/#breadcrumb\",\"itemListElement\":[{\"@type\":\"ListItem\",\"position\":1,\"name\":\"Home\",\"item\":\"https:\\\/\\\/www.facecorner.lv\\\/\"},{\"@type\":\"ListItem\",\"position\":2,\"name\":\"Veikals\",\"item\":\"https:\\\/\\\/www.facecorner.lv\\\/shop\\\/\"},{\"@type\":\"ListItem\",\"position\":3,\"name\":\"Needly Mild Deep Cleansing Oil maiga hidrofil\u0101 e\u013c\u013ca dzi\u013cai att\u012br\u012b\u0161anai 240ml\"}]},{\"@type\":\"WebSite\",\"@id\":\"https:\\\/\\\/www.facecorner.lv\\\/#website\",\"url\":\"https:\\\/\\\/www.facecorner.lv\\\/\",\"name\":\"Facecorner\",\"description\":\"\",\"publisher\":{\"@id\":\"https:\\\/\\\/www.facecorner.lv\\\/#organization\"},\"potentialAction\":[{\"@type\":\"SearchAction\",\"target\":{\"@type\":\"EntryPoint\",\"urlTemplate\":\"https:\\\/\\\/www.facecorner.lv\\\/?s={search_term_string}\"},\"query-input\":{\"@type\":\"PropertyValueSpecification\",\"valueRequired\":true,\"valueName\":\"search_term_string\"}}],\"inLanguage\":\"en-US\"},{\"@type\":\"Organization\",\"@id\":\"https:\\\/\\\/www.facecorner.lv\\\/#organization\",\"name\":\"Facecorner\",\"url\":\"https:\\\/\\\/www.facecorner.lv\\\/\",\"logo\":{\"@type\":\"ImageObject\",\"inLanguage\":\"en-US\",\"@id\":\"https:\\\/\\\/www.facecorner.lv\\\/#\\\/schema\\\/logo\\\/image\\\/\",\"url\":\"https:\\\/\\\/www.facecorner.lv\\\/wp-content\\\/uploads\\\/2024\\\/04\\\/fc-logo.jpg\",\"contentUrl\":\"https:\\\/\\\/www.facecorner.lv\\\/wp-content\\\/uploads\\\/2024\\\/04\\\/fc-logo.jpg\",\"width\":174,\"height\":28,\"caption\":\"Facecorner\"},\"image\":{\"@id\":\"https:\\\/\\\/www.facecorner.lv\\\/#\\\/schema\\\/logo\\\/image\\\/\"},\"sameAs\":[\"https:\\\/\\\/www.facebook.com\\\/profile.php?id=100063824551839\",\"https:\\\/\\\/www.instagram.com\\\/facecorner_shop\\\/\"]}]}<\/script>\n<meta property=\"product:price:amount\" content=\"26.00\" \/>\n<meta property=\"product:price:currency\" content=\"EUR\" \/>\n<meta property=\"og:availability\" content=\"out of stock\" \/>\n<meta property=\"product:availability\" content=\"out of stock\" \/>\n<meta property=\"product:condition\" content=\"new\" \/>\n<!-- \/ Yoast SEO plugin. -->","yoast_head_json":{"title":"Needly Mild Deep Cleansing Oil maiga hidrofil\u0101 e\u013c\u013ca dzi\u013cai att\u012br\u012b\u0161anai 240ml - FACECORNER","description":"Needly Mild Deep Cleansing Oil ir maigs hidrofilais e\u013c\u013cas veida sejas mazg\u0101\u0161anas l\u012bdzeklis, kas efekt\u012bvi no\u0146em grimu (ieskaitot \u016bdensiztur\u012bgo), saules aizsargl\u012bdzek\u013cus, lieko sebumu un net\u012brumus, neizjaucot \u0101das dabisko barjeru.","robots":{"index":"index","follow":"follow","max-snippet":"max-snippet:-1","max-image-preview":"max-image-preview:large","max-video-preview":"max-video-preview:-1"},"canonical":"https:\/\/www.facecorner.lv\/en\/shop\/needly-mild-deep-cleansing-oil-maiga-hidrofila-ella-dzilai-attirisanai-240ml\/","og_locale":"en_US","og_type":"article","og_title":"Needly Mild Deep Cleansing Oil maiga hidrofil\u0101 e\u013c\u013ca dzi\u013cai att\u012br\u012b\u0161anai 240ml - FACECORNER","og_description":"Needly Mild Deep Cleansing Oil ir maigs hidrofilais e\u013c\u013cas veida sejas mazg\u0101\u0161anas l\u012bdzeklis, kas efekt\u012bvi no\u0146em grimu (ieskaitot \u016bdensiztur\u012bgo), saules aizsargl\u012bdzek\u013cus, lieko sebumu un net\u012brumus, neizjaucot \u0101das dabisko barjeru.","og_url":"https:\/\/www.facecorner.lv\/en\/shop\/needly-mild-deep-cleansing-oil-maiga-hidrofila-ella-dzilai-attirisanai-240ml\/","og_site_name":"FACECORNER","article_publisher":"https:\/\/www.facebook.com\/profile.php?id=100063824551839","article_modified_time":"2025-12-13T09:36:41+00:00","og_image":[{"width":1000,"height":1000,"url":"https:\/\/www.facecorner.lv\/wp-content\/uploads\/2025\/11\/Needly-Mild-Deep-Cleansing-Oil-240-ml.webp","type":"image\/webp"}],"twitter_card":"summary_large_image","twitter_misc":{"Price":"&euro;26.00","Availability":"Out of stock"},"schema":{"@context":"https:\/\/schema.org","@graph":[{"@type":"WebPage","@id":"https:\/\/www.facecorner.lv\/shop\/needly-mild-deep-cleansing-oil-maiga-hidrofila-ella-dzilai-attirisanai-240ml\/","url":"https:\/\/www.facecorner.lv\/shop\/needly-mild-deep-cleansing-oil-maiga-hidrofila-ella-dzilai-attirisanai-240ml\/","name":"Needly Mild Deep Cleansing Oil maiga hidrofil\u0101 e\u013c\u013ca dzi\u013cai att\u012br\u012b\u0161anai 240ml - FACECORNER","isPartOf":{"@id":"https:\/\/www.facecorner.lv\/#website"},"primaryImageOfPage":{"@id":"https:\/\/www.facecorner.lv\/shop\/needly-mild-deep-cleansing-oil-maiga-hidrofila-ella-dzilai-attirisanai-240ml\/#primaryimage"},"image":{"@id":"https:\/\/www.facecorner.lv\/shop\/needly-mild-deep-cleansing-oil-maiga-hidrofila-ella-dzilai-attirisanai-240ml\/#primaryimage"},"thumbnailUrl":"https:\/\/www.facecorner.lv\/wp-content\/uploads\/2025\/11\/Needly-Mild-Deep-Cleansing-Oil-240-ml.webp","datePublished":"2025-11-25T13:41:16+00:00","dateModified":"2025-12-13T09:36:41+00:00","description":"Needly Mild Deep Cleansing Oil ir maigs hidrofilais e\u013c\u013cas veida sejas mazg\u0101\u0161anas l\u012bdzeklis, kas efekt\u012bvi no\u0146em grimu (ieskaitot \u016bdensiztur\u012bgo), saules aizsargl\u012bdzek\u013cus, lieko sebumu un net\u012brumus, neizjaucot \u0101das dabisko barjeru.","breadcrumb":{"@id":"https:\/\/www.facecorner.lv\/shop\/needly-mild-deep-cleansing-oil-maiga-hidrofila-ella-dzilai-attirisanai-240ml\/#breadcrumb"},"inLanguage":"en-US","potentialAction":[{"@type":"ReadAction","target":["https:\/\/www.facecorner.lv\/shop\/needly-mild-deep-cleansing-oil-maiga-hidrofila-ella-dzilai-attirisanai-240ml\/"]}]},{"@type":"ImageObject","inLanguage":"en-US","@id":"https:\/\/www.facecorner.lv\/shop\/needly-mild-deep-cleansing-oil-maiga-hidrofila-ella-dzilai-attirisanai-240ml\/#primaryimage","url":"https:\/\/www.facecorner.lv\/wp-content\/uploads\/2025\/11\/Needly-Mild-Deep-Cleansing-Oil-240-ml.webp","contentUrl":"https:\/\/www.facecorner.lv\/wp-content\/uploads\/2025\/11\/Needly-Mild-Deep-Cleansing-Oil-240-ml.webp","width":1000,"height":1000,"caption":"Needly Mild Deep Cleansing Oil"},{"@type":"BreadcrumbList","@id":"https:\/\/www.facecorner.lv\/shop\/needly-mild-deep-cleansing-oil-maiga-hidrofila-ella-dzilai-attirisanai-240ml\/#breadcrumb","itemListElement":[{"@type":"ListItem","position":1,"name":"Home","item":"https:\/\/www.facecorner.lv\/"},{"@type":"ListItem","position":2,"name":"Veikals","item":"https:\/\/www.facecorner.lv\/shop\/"},{"@type":"ListItem","position":3,"name":"Needly Mild Deep Cleansing Oil maiga hidrofil\u0101 e\u013c\u013ca dzi\u013cai att\u012br\u012b\u0161anai 240ml"}]},{"@type":"WebSite","@id":"https:\/\/www.facecorner.lv\/#website","url":"https:\/\/www.facecorner.lv\/","name":"Facecorner","description":"","publisher":{"@id":"https:\/\/www.facecorner.lv\/#organization"},"potentialAction":[{"@type":"SearchAction","target":{"@type":"EntryPoint","urlTemplate":"https:\/\/www.facecorner.lv\/?s={search_term_string}"},"query-input":{"@type":"PropertyValueSpecification","valueRequired":true,"valueName":"search_term_string"}}],"inLanguage":"en-US"},{"@type":"Organization","@id":"https:\/\/www.facecorner.lv\/#organization","name":"Facecorner","url":"https:\/\/www.facecorner.lv\/","logo":{"@type":"ImageObject","inLanguage":"en-US","@id":"https:\/\/www.facecorner.lv\/#\/schema\/logo\/image\/","url":"https:\/\/www.facecorner.lv\/wp-content\/uploads\/2024\/04\/fc-logo.jpg","contentUrl":"https:\/\/www.facecorner.lv\/wp-content\/uploads\/2024\/04\/fc-logo.jpg","width":174,"height":28,"caption":"Facecorner"},"image":{"@id":"https:\/\/www.facecorner.lv\/#\/schema\/logo\/image\/"},"sameAs":["https:\/\/www.facebook.com\/profile.php?id=100063824551839","https:\/\/www.instagram.com\/facecorner_shop\/"]}]},"product_price_amount":"26.00","product_price_currency":"EUR","og_availability":"out of stock","product_availability":"out of stock","product_condition":"new"},"_links":{"self":[{"href":"https:\/\/www.facecorner.lv\/en\/wp-json\/wp\/v2\/product\/26173","targetHints":{"allow":["GET"]}}],"collection":[{"href":"https:\/\/www.facecorner.lv\/en\/wp-json\/wp\/v2\/product"}],"about":[{"href":"https:\/\/www.facecorner.lv\/en\/wp-json\/wp\/v2\/types\/product"}],"replies":[{"embeddable":true,"href":"https:\/\/www.facecorner.lv\/en\/wp-json\/wp\/v2\/comments?post=26173"}],"wp:featuredmedia":[{"embeddable":true,"href":"https:\/\/www.facecorner.lv\/en\/wp-json\/wp\/v2\/media\/26174"}],"wp:attachment":[{"href":"https:\/\/www.facecorner.lv\/en\/wp-json\/wp\/v2\/media?parent=26173"}],"wp:term":[{"taxonomy":"product_brand","embeddable":true,"href":"https:\/\/www.facecorner.lv\/en\/wp-json\/wp\/v2\/product_brand?post=26173"},{"taxonomy":"product_cat","embeddable":true,"href":"https:\/\/www.facecorner.lv\/en\/wp-json\/wp\/v2\/product_cat?post=26173"},{"taxonomy":"product_tag","embeddable":true,"href":"https:\/\/www.facecorner.lv\/en\/wp-json\/wp\/v2\/product_tag?post=26173"},{"taxonomy":"berocket_brand","embeddable":true,"href":"https:\/\/www.facecorner.lv\/en\/wp-json\/wp\/v2\/berocket_brand?post=26173"}],"curies":[{"name":"wp","href":"https:\/\/api.w.org\/{rel}","templated":true}]}}