{"id":26156,"date":"2025-11-25T15:33:38","date_gmt":"2025-11-25T12:33:38","guid":{"rendered":"https:\/\/www.facecorner.lv\/?post_type=product&#038;p=26156"},"modified":"2026-01-06T16:04:18","modified_gmt":"2026-01-06T13:04:18","slug":"vt-niacinamide-glutathione-yellow-micro-bubble-serum-70ml","status":"publish","type":"product","link":"https:\/\/www.facecorner.lv\/en\/shop\/vt-niacinamide-glutathione-yellow-micro-bubble-serum-70ml\/","title":{"rendered":"VT Niacinamide Glutathione Yellow Micro Bubble Serum 70ml"},"content":{"rendered":"<p>VT Niacinamide Glutathione Yellow Micro Bubble Serum ir inovat\u012bva mikroburbuli\u0146u seruma no Korejas z\u012bmola VT Cosmetics, kas izl\u012bdzina \u0101das toni, izgaismo pigmentu plankumus un pie\u0161\u0137ir dabisku mirdzumu.<\/p>\n<p>Pateicoties mikro burbu\u013cu tehnolo\u0123ijai, bl\u012bvie akt\u012bvo sast\u0101vda\u013cu burbu\u013ci iek\u013c\u016bst dzi\u013c\u0101k \u0101d\u0101, pastiprinot efektu.<\/p>\n<ul>\n<li>Galven\u0101s akt\u012bv\u0101s sast\u0101vda\u013cas: niac\u012bnam\u012bds (B3 vitam\u012bns), kas izl\u012bdzina \u0101das tekst\u016bru, samazina poras un pal\u012bdz c\u012bn\u012bties ar nel\u012bdzenumiem, un glutationa \u2014 sp\u0113c\u012bgs antioksidants, kas pie\u0161\u0137ir \u0101dai gai\u0161\u0101ku un dz\u012bv\u012bg\u0101ku toni.<\/li>\n<li>Papildus formul\u0101 ir iek\u013cauts citrona aug\u013cu \u016bdens (68 %) maigai toniz\u0113\u0161anai, skval\u0101ns un \u0161\u012b un makad\u0101mijas e\u013c\u013cas baro\u0161anai, k\u0101 ar\u012b alfa-arbut\u012bns, holester\u012bns un ceram\u012bds NP \u0101das barjeras stiprin\u0101\u0161anai.<\/li>\n<li>Tekst\u016bra \u2014 viegla, gais\u012bga putas. Sakratot flakonu, aktiviz\u0113jas burbu\u013ci, uzkl\u0101jot tie sadal\u0101s un p\u0101rv\u0113r\u0161as m\u012bkst\u0101s put\u0101s, kuras var iemas\u0113t, l\u012bdz l\u012bdzeklis piln\u012bb\u0101 ies\u016bcas.<\/li>\n<\/ul>\n<p>Piem\u0113rots ikdienas lieto\u0161anai. Var lietot gan no r\u012bta, gan vakar\u0101. P\u0113c sejas att\u012br\u012b\u0161anas un toniz\u0113\u0161anas uzkl\u0101j serumu, p\u0113c tam iemas\u0113, l\u012bdz par\u0101d\u0101s burbu\u013ci, un ar viegliem piesk\u0101rieniem pal\u012bdzi l\u012bdzeklim ies\u016bkties.<\/p>\n<p>&nbsp;<\/p>\n<h6>VT Niacinamide seruma priek\u0161roc\u012bbas:<\/h6>\n<ul>\n<li>\u0100das tonis k\u013c\u016bst gai\u0161\u0101ks un vienm\u0113r\u012bg\u0101ks \u2014 niacinam\u012bds un alfa-arbut\u012bns samazina pigment\u0101ciju un pinnes p\u0113das.<\/li>\n<li>Antioksidantu aizsardz\u012bba \u2014 glutationa c\u012bn\u0101s ar br\u012bvajiem radik\u0101\u013ciem un nov\u0113r\u0161 sejas \u0101das bl\u0101vumu.<\/li>\n<li>Dzi\u013ci mitrina un baro \u2014 \u0161\u012b, makad\u0101mijas un skval\u0101na e\u013c\u013cas m\u012bkstina \u0101du un saglab\u0101 mitrumu.<\/li>\n<li>\u0100das barjeras stiprin\u0101\u0161ana \u2014 ceram\u012bds NP, holester\u012bns un fitosfingoz\u012bns atbalsta \u0101das aizsargfunkciju.<\/li>\n<li>Inovat\u012bva mikroburbuli\u0146u tekst\u016bra \u2014 akt\u012bv\u0101s sast\u0101vda\u013cas dzi\u013c\u0101k ies\u016bcas \u0101d\u0101, nodro\u0161inot \u0101tru redzamu efektu.<\/li>\n<\/ul>\n<h6>Kam tas ir piem\u0113rots:<\/h6>\n<ul>\n<li>Bl\u0101vai un noguru\u0161ai \u0101dai<\/li>\n<li>\u0100dai ar pigmentu plankumiem un nevienm\u0113r\u012bgu toni<\/li>\n<li>Sausai, jaukta tipa un norm\u0101lai \u0101dai<\/li>\n<\/ul>\n<p><strong>How to use:<\/strong>: Sakratiet flakonu, lai aktiviz\u0113tu mikroburbuli\u0146as.Uzkl\u0101jiet nelielu daudzumu seruma uz att\u012br\u012btas sejas \u0101das.Mas\u0113jiet, l\u012bdz burbu\u013ci p\u0101rv\u0113r\u0161as m\u012bkst\u0101 put\u0101.Viegli uzsitiet uz \u0101das, lai serums lab\u0101k ies\u016bktos.Pabeidziet kop\u0161anu ar kr\u0113mu vai e\u013c\u013cu, ja nepiecie\u0161ams.<\/p>\n<p><strong>Sast\u0101vs:<\/strong> Citrus Limon (Lemon) Fruit Water, Glycerin, Propanediol, Niacinamide (50\u202f000 ppm), Water, Glyceryth-26, Dipropylene Glycol, 1,2-Hexanediol, Panthenol, Polyglyceryl-10 Laurate, Polyglyceryl-10 Myristate, Tripropylene Glycol, Hydroxyacetophenone, Olea Europaea (Olive) Fruit Oil, Butyrospermum Parkii (Shea) Butter, Caprylic\/Capric Triglyceride, Hydrogenated Lecithin, Squalane, Sodium Citrate, Glutathione (500 ppm), Adenosine, Gardenia Florida Fruit Extract, Tocopherol, Citric Acid, Disodium EDTA, Dextrin, Allantoin, Macadamia Ternifolia Seed Oil, Ceramide NP, Cholesterol, Phytosphingosine, Stearic Acid, Alpha-Arbutin.<\/p>","protected":false},"excerpt":{"rendered":"<p>VT Niacinamide Glutathione Yellow Micro Bubble Serum ir inovat\u012bva mikroburbuli\u0146u seruma no Korejas z\u012bmola VT Cosmetics, kas izl\u012bdzina \u0101das toni, izgaismo pigmentu plankumus un pie\u0161\u0137ir dabisku mirdzumu.<\/p>","protected":false},"featured_media":26157,"comment_status":"open","ping_status":"closed","template":"","meta":{"site-sidebar-layout":"default","site-content-layout":"","ast-site-content-layout":"default","site-content-style":"default","site-sidebar-style":"default","ast-global-header-display":"","ast-banner-title-visibility":"","ast-main-header-display":"","ast-hfb-above-header-display":"","ast-hfb-below-header-display":"","ast-hfb-mobile-header-display":"","site-post-title":"","ast-breadcrumbs-content":"","ast-featured-img":"","footer-sml-layout":"","theme-transparent-header-meta":"default","adv-header-id-meta":"","stick-header-meta":"","header-above-stick-meta":"","header-main-stick-meta":"","header-below-stick-meta":"","astra-migrate-meta-layouts":"set","ast-page-background-enabled":"default","ast-page-background-meta":{"desktop":{"background-color":"var(--ast-global-color-4)","background-image":"","background-repeat":"repeat","background-position":"center center","background-size":"auto","background-attachment":"scroll","background-type":"","background-media":"","overlay-type":"","overlay-color":"","overlay-opacity":"","overlay-gradient":""},"tablet":{"background-color":"","background-image":"","background-repeat":"repeat","background-position":"center center","background-size":"auto","background-attachment":"scroll","background-type":"","background-media":"","overlay-type":"","overlay-color":"","overlay-opacity":"","overlay-gradient":""},"mobile":{"background-color":"","background-image":"","background-repeat":"repeat","background-position":"center center","background-size":"auto","background-attachment":"scroll","background-type":"","background-media":"","overlay-type":"","overlay-color":"","overlay-opacity":"","overlay-gradient":""}},"ast-content-background-meta":{"desktop":{"background-color":"var(--ast-global-color-5)","background-image":"","background-repeat":"repeat","background-position":"center center","background-size":"auto","background-attachment":"scroll","background-type":"","background-media":"","overlay-type":"","overlay-color":"","overlay-opacity":"","overlay-gradient":""},"tablet":{"background-color":"var(--ast-global-color-5)","background-image":"","background-repeat":"repeat","background-position":"center center","background-size":"auto","background-attachment":"scroll","background-type":"","background-media":"","overlay-type":"","overlay-color":"","overlay-opacity":"","overlay-gradient":""},"mobile":{"background-color":"var(--ast-global-color-5)","background-image":"","background-repeat":"repeat","background-position":"center center","background-size":"auto","background-attachment":"scroll","background-type":"","background-media":"","overlay-type":"","overlay-color":"","overlay-opacity":"","overlay-gradient":""}}},"product_brand":[],"product_cat":[370,371,363],"product_tag":[],"berocket_brand":[582],"class_list":{"0":"post-26156","1":"product","2":"type-product","3":"status-publish","4":"has-post-thumbnail","6":"product_cat-adas-mirdzumam","7":"product_cat-anti-age","8":"product_cat-serumi","9":"berocket_brand-vt","10":"desktop-align-left","11":"tablet-align-left","12":"mobile-align-left","14":"first","15":"outofstock","16":"taxable","17":"shipping-taxable","18":"purchasable","19":"product-type-simple","20":"add-to-wishlist-before_image"},"yoast_head":"<!-- This site is optimized with the Yoast SEO plugin v27.4 - https:\/\/yoast.com\/product\/yoast-seo-wordpress\/ -->\n<title>VT Niacinamide Glutathione Yellow Micro Bubble Serum 70ml - FACECORNER<\/title>\n<meta name=\"description\" content=\"VT Niacinamide Glutathione Yellow Micro Bubble Serum ir inovat\u012bva mikroburbuli\u0146u seruma no Korejas z\u012bmola VT Cosmetics, kas izl\u012bdzina \u0101das toni, izgaismo pigmentu plankumus un pie\u0161\u0137ir dabisku mirdzumu.\" \/>\n<meta name=\"robots\" content=\"index, follow, max-snippet:-1, max-image-preview:large, max-video-preview:-1\" \/>\n<link rel=\"canonical\" href=\"https:\/\/www.facecorner.lv\/en\/shop\/vt-niacinamide-glutathione-yellow-micro-bubble-serum-70ml\/\" \/>\n<meta property=\"og:locale\" content=\"en_US\" \/>\n<meta property=\"og:type\" content=\"article\" \/>\n<meta property=\"og:title\" content=\"VT Niacinamide Glutathione Yellow Micro Bubble Serum 70ml - FACECORNER\" \/>\n<meta property=\"og:description\" content=\"VT Niacinamide Glutathione Yellow Micro Bubble Serum ir inovat\u012bva mikroburbuli\u0146u seruma no Korejas z\u012bmola VT Cosmetics, kas izl\u012bdzina \u0101das toni, izgaismo pigmentu plankumus un pie\u0161\u0137ir dabisku mirdzumu.\" \/>\n<meta property=\"og:url\" content=\"https:\/\/www.facecorner.lv\/en\/shop\/vt-niacinamide-glutathione-yellow-micro-bubble-serum-70ml\/\" \/>\n<meta property=\"og:site_name\" content=\"FACECORNER\" \/>\n<meta property=\"article:publisher\" content=\"https:\/\/www.facebook.com\/profile.php?id=100063824551839\" \/>\n<meta property=\"article:modified_time\" content=\"2026-01-06T13:04:18+00:00\" \/>\n<meta property=\"og:image\" content=\"https:\/\/www.facecorner.lv\/wp-content\/uploads\/2025\/11\/1_7dfcb0cb-34ff-4358-a891-5b49233ce2be.webp\" \/>\n\t<meta property=\"og:image:width\" content=\"800\" \/>\n\t<meta property=\"og:image:height\" content=\"800\" \/>\n\t<meta property=\"og:image:type\" content=\"image\/webp\" \/>\n<meta name=\"twitter:card\" content=\"summary_large_image\" \/>\n<meta name=\"twitter:label1\" content=\"Price\" \/>\n\t<meta name=\"twitter:data1\" content=\"&euro;27.50\" \/>\n\t<meta name=\"twitter:label2\" content=\"Availability\" \/>\n\t<meta name=\"twitter:data2\" content=\"Out of stock\" \/>\n<script type=\"application\/ld+json\" class=\"yoast-schema-graph\">{\"@context\":\"https:\\\/\\\/schema.org\",\"@graph\":[{\"@type\":\"WebPage\",\"@id\":\"https:\\\/\\\/www.facecorner.lv\\\/shop\\\/vt-niacinamide-glutathione-yellow-micro-bubble-serum-70ml\\\/\",\"url\":\"https:\\\/\\\/www.facecorner.lv\\\/shop\\\/vt-niacinamide-glutathione-yellow-micro-bubble-serum-70ml\\\/\",\"name\":\"VT Niacinamide Glutathione Yellow Micro Bubble Serum 70ml - FACECORNER\",\"isPartOf\":{\"@id\":\"https:\\\/\\\/www.facecorner.lv\\\/#website\"},\"primaryImageOfPage\":{\"@id\":\"https:\\\/\\\/www.facecorner.lv\\\/shop\\\/vt-niacinamide-glutathione-yellow-micro-bubble-serum-70ml\\\/#primaryimage\"},\"image\":{\"@id\":\"https:\\\/\\\/www.facecorner.lv\\\/shop\\\/vt-niacinamide-glutathione-yellow-micro-bubble-serum-70ml\\\/#primaryimage\"},\"thumbnailUrl\":\"https:\\\/\\\/www.facecorner.lv\\\/wp-content\\\/uploads\\\/2025\\\/11\\\/1_7dfcb0cb-34ff-4358-a891-5b49233ce2be.webp\",\"datePublished\":\"2025-11-25T12:33:38+00:00\",\"dateModified\":\"2026-01-06T13:04:18+00:00\",\"description\":\"VT Niacinamide Glutathione Yellow Micro Bubble Serum ir inovat\u012bva mikroburbuli\u0146u seruma no Korejas z\u012bmola VT Cosmetics, kas izl\u012bdzina \u0101das toni, izgaismo pigmentu plankumus un pie\u0161\u0137ir dabisku mirdzumu.\",\"breadcrumb\":{\"@id\":\"https:\\\/\\\/www.facecorner.lv\\\/shop\\\/vt-niacinamide-glutathione-yellow-micro-bubble-serum-70ml\\\/#breadcrumb\"},\"inLanguage\":\"en-US\",\"potentialAction\":[{\"@type\":\"ReadAction\",\"target\":[\"https:\\\/\\\/www.facecorner.lv\\\/shop\\\/vt-niacinamide-glutathione-yellow-micro-bubble-serum-70ml\\\/\"]}]},{\"@type\":\"ImageObject\",\"inLanguage\":\"en-US\",\"@id\":\"https:\\\/\\\/www.facecorner.lv\\\/shop\\\/vt-niacinamide-glutathione-yellow-micro-bubble-serum-70ml\\\/#primaryimage\",\"url\":\"https:\\\/\\\/www.facecorner.lv\\\/wp-content\\\/uploads\\\/2025\\\/11\\\/1_7dfcb0cb-34ff-4358-a891-5b49233ce2be.webp\",\"contentUrl\":\"https:\\\/\\\/www.facecorner.lv\\\/wp-content\\\/uploads\\\/2025\\\/11\\\/1_7dfcb0cb-34ff-4358-a891-5b49233ce2be.webp\",\"width\":800,\"height\":800,\"caption\":\"VT Niacinamide Glutathione Yellow Micro Bubble Serum\"},{\"@type\":\"BreadcrumbList\",\"@id\":\"https:\\\/\\\/www.facecorner.lv\\\/shop\\\/vt-niacinamide-glutathione-yellow-micro-bubble-serum-70ml\\\/#breadcrumb\",\"itemListElement\":[{\"@type\":\"ListItem\",\"position\":1,\"name\":\"Home\",\"item\":\"https:\\\/\\\/www.facecorner.lv\\\/\"},{\"@type\":\"ListItem\",\"position\":2,\"name\":\"Veikals\",\"item\":\"https:\\\/\\\/www.facecorner.lv\\\/shop\\\/\"},{\"@type\":\"ListItem\",\"position\":3,\"name\":\"VT Niacinamide Glutathione Yellow Micro Bubble Serum 70ml\"}]},{\"@type\":\"WebSite\",\"@id\":\"https:\\\/\\\/www.facecorner.lv\\\/#website\",\"url\":\"https:\\\/\\\/www.facecorner.lv\\\/\",\"name\":\"Facecorner\",\"description\":\"\",\"publisher\":{\"@id\":\"https:\\\/\\\/www.facecorner.lv\\\/#organization\"},\"potentialAction\":[{\"@type\":\"SearchAction\",\"target\":{\"@type\":\"EntryPoint\",\"urlTemplate\":\"https:\\\/\\\/www.facecorner.lv\\\/?s={search_term_string}\"},\"query-input\":{\"@type\":\"PropertyValueSpecification\",\"valueRequired\":true,\"valueName\":\"search_term_string\"}}],\"inLanguage\":\"en-US\"},{\"@type\":\"Organization\",\"@id\":\"https:\\\/\\\/www.facecorner.lv\\\/#organization\",\"name\":\"Facecorner\",\"url\":\"https:\\\/\\\/www.facecorner.lv\\\/\",\"logo\":{\"@type\":\"ImageObject\",\"inLanguage\":\"en-US\",\"@id\":\"https:\\\/\\\/www.facecorner.lv\\\/#\\\/schema\\\/logo\\\/image\\\/\",\"url\":\"https:\\\/\\\/www.facecorner.lv\\\/wp-content\\\/uploads\\\/2024\\\/04\\\/fc-logo.jpg\",\"contentUrl\":\"https:\\\/\\\/www.facecorner.lv\\\/wp-content\\\/uploads\\\/2024\\\/04\\\/fc-logo.jpg\",\"width\":174,\"height\":28,\"caption\":\"Facecorner\"},\"image\":{\"@id\":\"https:\\\/\\\/www.facecorner.lv\\\/#\\\/schema\\\/logo\\\/image\\\/\"},\"sameAs\":[\"https:\\\/\\\/www.facebook.com\\\/profile.php?id=100063824551839\",\"https:\\\/\\\/www.instagram.com\\\/facecorner_shop\\\/\"]}]}<\/script>\n<meta property=\"product:price:amount\" content=\"27.50\" \/>\n<meta property=\"product:price:currency\" content=\"EUR\" \/>\n<meta property=\"og:availability\" content=\"out of stock\" \/>\n<meta property=\"product:availability\" content=\"out of stock\" \/>\n<meta property=\"product:condition\" content=\"new\" \/>\n<!-- \/ Yoast SEO plugin. -->","yoast_head_json":{"title":"VT Niacinamide Glutathione Yellow Micro Bubble Serum 70ml - FACECORNER","description":"VT Niacinamide Glutathione Yellow Micro Bubble Serum ir inovat\u012bva mikroburbuli\u0146u seruma no Korejas z\u012bmola VT Cosmetics, kas izl\u012bdzina \u0101das toni, izgaismo pigmentu plankumus un pie\u0161\u0137ir dabisku mirdzumu.","robots":{"index":"index","follow":"follow","max-snippet":"max-snippet:-1","max-image-preview":"max-image-preview:large","max-video-preview":"max-video-preview:-1"},"canonical":"https:\/\/www.facecorner.lv\/en\/shop\/vt-niacinamide-glutathione-yellow-micro-bubble-serum-70ml\/","og_locale":"en_US","og_type":"article","og_title":"VT Niacinamide Glutathione Yellow Micro Bubble Serum 70ml - FACECORNER","og_description":"VT Niacinamide Glutathione Yellow Micro Bubble Serum ir inovat\u012bva mikroburbuli\u0146u seruma no Korejas z\u012bmola VT Cosmetics, kas izl\u012bdzina \u0101das toni, izgaismo pigmentu plankumus un pie\u0161\u0137ir dabisku mirdzumu.","og_url":"https:\/\/www.facecorner.lv\/en\/shop\/vt-niacinamide-glutathione-yellow-micro-bubble-serum-70ml\/","og_site_name":"FACECORNER","article_publisher":"https:\/\/www.facebook.com\/profile.php?id=100063824551839","article_modified_time":"2026-01-06T13:04:18+00:00","og_image":[{"width":800,"height":800,"url":"https:\/\/www.facecorner.lv\/wp-content\/uploads\/2025\/11\/1_7dfcb0cb-34ff-4358-a891-5b49233ce2be.webp","type":"image\/webp"}],"twitter_card":"summary_large_image","twitter_misc":{"Price":"&euro;27.50","Availability":"Out of stock"},"schema":{"@context":"https:\/\/schema.org","@graph":[{"@type":"WebPage","@id":"https:\/\/www.facecorner.lv\/shop\/vt-niacinamide-glutathione-yellow-micro-bubble-serum-70ml\/","url":"https:\/\/www.facecorner.lv\/shop\/vt-niacinamide-glutathione-yellow-micro-bubble-serum-70ml\/","name":"VT Niacinamide Glutathione Yellow Micro Bubble Serum 70ml - FACECORNER","isPartOf":{"@id":"https:\/\/www.facecorner.lv\/#website"},"primaryImageOfPage":{"@id":"https:\/\/www.facecorner.lv\/shop\/vt-niacinamide-glutathione-yellow-micro-bubble-serum-70ml\/#primaryimage"},"image":{"@id":"https:\/\/www.facecorner.lv\/shop\/vt-niacinamide-glutathione-yellow-micro-bubble-serum-70ml\/#primaryimage"},"thumbnailUrl":"https:\/\/www.facecorner.lv\/wp-content\/uploads\/2025\/11\/1_7dfcb0cb-34ff-4358-a891-5b49233ce2be.webp","datePublished":"2025-11-25T12:33:38+00:00","dateModified":"2026-01-06T13:04:18+00:00","description":"VT Niacinamide Glutathione Yellow Micro Bubble Serum ir inovat\u012bva mikroburbuli\u0146u seruma no Korejas z\u012bmola VT Cosmetics, kas izl\u012bdzina \u0101das toni, izgaismo pigmentu plankumus un pie\u0161\u0137ir dabisku mirdzumu.","breadcrumb":{"@id":"https:\/\/www.facecorner.lv\/shop\/vt-niacinamide-glutathione-yellow-micro-bubble-serum-70ml\/#breadcrumb"},"inLanguage":"en-US","potentialAction":[{"@type":"ReadAction","target":["https:\/\/www.facecorner.lv\/shop\/vt-niacinamide-glutathione-yellow-micro-bubble-serum-70ml\/"]}]},{"@type":"ImageObject","inLanguage":"en-US","@id":"https:\/\/www.facecorner.lv\/shop\/vt-niacinamide-glutathione-yellow-micro-bubble-serum-70ml\/#primaryimage","url":"https:\/\/www.facecorner.lv\/wp-content\/uploads\/2025\/11\/1_7dfcb0cb-34ff-4358-a891-5b49233ce2be.webp","contentUrl":"https:\/\/www.facecorner.lv\/wp-content\/uploads\/2025\/11\/1_7dfcb0cb-34ff-4358-a891-5b49233ce2be.webp","width":800,"height":800,"caption":"VT Niacinamide Glutathione Yellow Micro Bubble Serum"},{"@type":"BreadcrumbList","@id":"https:\/\/www.facecorner.lv\/shop\/vt-niacinamide-glutathione-yellow-micro-bubble-serum-70ml\/#breadcrumb","itemListElement":[{"@type":"ListItem","position":1,"name":"Home","item":"https:\/\/www.facecorner.lv\/"},{"@type":"ListItem","position":2,"name":"Veikals","item":"https:\/\/www.facecorner.lv\/shop\/"},{"@type":"ListItem","position":3,"name":"VT Niacinamide Glutathione Yellow Micro Bubble Serum 70ml"}]},{"@type":"WebSite","@id":"https:\/\/www.facecorner.lv\/#website","url":"https:\/\/www.facecorner.lv\/","name":"Facecorner","description":"","publisher":{"@id":"https:\/\/www.facecorner.lv\/#organization"},"potentialAction":[{"@type":"SearchAction","target":{"@type":"EntryPoint","urlTemplate":"https:\/\/www.facecorner.lv\/?s={search_term_string}"},"query-input":{"@type":"PropertyValueSpecification","valueRequired":true,"valueName":"search_term_string"}}],"inLanguage":"en-US"},{"@type":"Organization","@id":"https:\/\/www.facecorner.lv\/#organization","name":"Facecorner","url":"https:\/\/www.facecorner.lv\/","logo":{"@type":"ImageObject","inLanguage":"en-US","@id":"https:\/\/www.facecorner.lv\/#\/schema\/logo\/image\/","url":"https:\/\/www.facecorner.lv\/wp-content\/uploads\/2024\/04\/fc-logo.jpg","contentUrl":"https:\/\/www.facecorner.lv\/wp-content\/uploads\/2024\/04\/fc-logo.jpg","width":174,"height":28,"caption":"Facecorner"},"image":{"@id":"https:\/\/www.facecorner.lv\/#\/schema\/logo\/image\/"},"sameAs":["https:\/\/www.facebook.com\/profile.php?id=100063824551839","https:\/\/www.instagram.com\/facecorner_shop\/"]}]},"product_price_amount":"27.50","product_price_currency":"EUR","og_availability":"out of stock","product_availability":"out of stock","product_condition":"new"},"_links":{"self":[{"href":"https:\/\/www.facecorner.lv\/en\/wp-json\/wp\/v2\/product\/26156","targetHints":{"allow":["GET"]}}],"collection":[{"href":"https:\/\/www.facecorner.lv\/en\/wp-json\/wp\/v2\/product"}],"about":[{"href":"https:\/\/www.facecorner.lv\/en\/wp-json\/wp\/v2\/types\/product"}],"replies":[{"embeddable":true,"href":"https:\/\/www.facecorner.lv\/en\/wp-json\/wp\/v2\/comments?post=26156"}],"wp:featuredmedia":[{"embeddable":true,"href":"https:\/\/www.facecorner.lv\/en\/wp-json\/wp\/v2\/media\/26157"}],"wp:attachment":[{"href":"https:\/\/www.facecorner.lv\/en\/wp-json\/wp\/v2\/media?parent=26156"}],"wp:term":[{"taxonomy":"product_brand","embeddable":true,"href":"https:\/\/www.facecorner.lv\/en\/wp-json\/wp\/v2\/product_brand?post=26156"},{"taxonomy":"product_cat","embeddable":true,"href":"https:\/\/www.facecorner.lv\/en\/wp-json\/wp\/v2\/product_cat?post=26156"},{"taxonomy":"product_tag","embeddable":true,"href":"https:\/\/www.facecorner.lv\/en\/wp-json\/wp\/v2\/product_tag?post=26156"},{"taxonomy":"berocket_brand","embeddable":true,"href":"https:\/\/www.facecorner.lv\/en\/wp-json\/wp\/v2\/berocket_brand?post=26156"}],"curies":[{"name":"wp","href":"https:\/\/api.w.org\/{rel}","templated":true}]}}