{"id":26151,"date":"2025-11-25T15:21:02","date_gmt":"2025-11-25T12:21:02","guid":{"rendered":"https:\/\/www.facecorner.lv\/?post_type=product&#038;p=26151"},"modified":"2026-02-02T14:46:45","modified_gmt":"2026-02-02T11:46:45","slug":"medicube-pdrn-pink-tension-up-mask","status":"publish","type":"product","link":"https:\/\/www.facecorner.lv\/en\/shop\/medicube-pdrn-pink-tension-up-mask\/","title":{"rendered":"Medicube PDRN Pink Tension Up Mask"},"content":{"rendered":"<p>Medicube PDRN Pink Tension Up Mask ir auduma liftinga maska, kas izstr\u0101d\u0101ta, lai uzreiz sasniegtu sejas liftinga efektu.<\/p>\n<p>T\u0101 ir paredz\u0113ta sejas vidusda\u013cai, dubultzodam un smaida l\u012bnijai. Pateicoties elast\u012bgajam \u201cDiamond Lifting Fabric\u201d materi\u0101lam, maska nodro\u0161ina sp\u0113c\u012bgu stiep\u0161anu un cie\u0161u piegul\u0161anu \u0101dai, radot izteiktu liftinga efektu.<\/p>\n<ul>\n<li>Maska satur 99 % augstas t\u012br\u012bbas pak\u0101pes PDRN \u2014 sp\u0113c\u012bgu atjaunojo\u0161u sast\u0101vda\u013cu, kas pastiprina mitrin\u0101\u0161anu, stimul\u0113 \u0101das re\u0123ener\u0101ciju un pal\u012bdz atg\u016bt elast\u012bbu. Kl\u012bnisk\u0101 lieto\u0161an\u0101 t\u0101 nodro\u0161ina iev\u0113rojamu \u0101das elast\u012bbas atjauno\u0161anos.<\/li>\n<li>Masku formula satur ar\u012b kofe\u012bnu, kas pal\u012bdz samazin\u0101t piet\u016bkumu un stimul\u0113 mikrocirkul\u0101ciju, kas pastiprina liftinga efektu un vizu\u0101li kori\u0123\u0113 sejas kont\u016bras.<\/li>\n<\/ul>\n<h6>Priek\u0161roc\u012bbas:<\/h6>\n<ul>\n<li>T\u016bl\u012bt\u0113js liftinga efekts \u2014 pacil\u0101 vaigus, zoda zonu un sejas V-l\u012bniju.<\/li>\n<li>Dzi\u013ci mitrina un atjauno, pateicoties augstai PDRN koncentr\u0101cijai.<\/li>\n<li>Sejas kont\u016bru veido\u0161ana bez injekcij\u0101m: audums ar sp\u0113c\u012bgu elast\u012bbu cie\u0161i piek\u013caujas \u0101dai.<\/li>\n<li>Piet\u016bkuma samazin\u0101\u0161ana pateicoties kofeinam.<\/li>\n<li>Tr\u012bs l\u012bme\u0146u stiepjo\u0161\u0101 konstrukcija nodro\u0161ina cie\u0161\u0101ku fiks\u0101ciju un efektivit\u0101ti.<\/li>\n<li>Kl\u012bniski test\u0113ts: redzamas izmai\u0146as \u012bs\u0101 laik\u0101.<\/li>\n<\/ul>\n<p><strong>How to use:<\/strong> Not\u012briet \u0101du un uzkl\u0101jiet toniku (ja nepiecie\u0161ams).Izvelciet masku, uzlieciet \u0101\u0137us aiz aus\u012bm.Pavelciet uz aug\u0161u s\u0101nu da\u013cas, tad V-veida str\u012bpu, lai pan\u0101ktu nepiecie\u0161amo spriedzi.Atst\u0101jiet masku uz 10 min\u016bt\u0113m.No\u0146emiet masku un viegli iemas\u0113jiet atliku\u0161o esenci ar pirkstu galiem, lai t\u0101 lab\u0101k ies\u016bktos.<\/p>\n<p><strong>Sast\u0101vs:<\/strong> Purified Water, Niacinamide, Glycereth\u201126, Glycerin, Butylene Glycol, 1,2\u2011Hexanediol, Cetyl Ethylhexanoate, Hydrogenated Poly(C6\u201114 Olefin), Polyglyceryl\u20113 Methylglucose Distearate, Caprylic\/Capric Triglyceride, Glyceryl Stearate, Hydroxyacetophenone, Arginine, Carbomer, Adenosine, Xanthan Gum, Disodium EDTA, Ethylhexylglycerin, Sodium Polyacrylate, Cyanocobalamin, Sodium Hyaluronate, Sodium DNA (PDRN, 10 ppm), Hydrolyzed Gardenia Extract, Maltodextrin, Polylactic Acid, Propanediol, Chlorella Ferment, Coffee Bean Extract, Hydrolyzed Hyaluronic Acid, Hydrolyzed Extensin, Pea Peptide, Collagen Extract, Hydrogenated Lecithin, Adenosine Triphosphate, Nicotinamide Adenine Dinucleotide, Resveratrol<\/p>","protected":false},"excerpt":{"rendered":"<p>Medicube PDRN Pink Tension Up Mask ir auduma liftinga maska, kas izstr\u0101d\u0101ta, lai uzreiz sasniegtu sejas liftinga efektu.<\/p>","protected":false},"featured_media":26153,"comment_status":"open","ping_status":"closed","template":"","meta":{"site-sidebar-layout":"default","site-content-layout":"","ast-site-content-layout":"default","site-content-style":"default","site-sidebar-style":"default","ast-global-header-display":"","ast-banner-title-visibility":"","ast-main-header-display":"","ast-hfb-above-header-display":"","ast-hfb-below-header-display":"","ast-hfb-mobile-header-display":"","site-post-title":"","ast-breadcrumbs-content":"","ast-featured-img":"","footer-sml-layout":"","theme-transparent-header-meta":"default","adv-header-id-meta":"","stick-header-meta":"","header-above-stick-meta":"","header-main-stick-meta":"","header-below-stick-meta":"","astra-migrate-meta-layouts":"set","ast-page-background-enabled":"default","ast-page-background-meta":{"desktop":{"background-color":"var(--ast-global-color-4)","background-image":"","background-repeat":"repeat","background-position":"center center","background-size":"auto","background-attachment":"scroll","background-type":"","background-media":"","overlay-type":"","overlay-color":"","overlay-opacity":"","overlay-gradient":""},"tablet":{"background-color":"","background-image":"","background-repeat":"repeat","background-position":"center center","background-size":"auto","background-attachment":"scroll","background-type":"","background-media":"","overlay-type":"","overlay-color":"","overlay-opacity":"","overlay-gradient":""},"mobile":{"background-color":"","background-image":"","background-repeat":"repeat","background-position":"center center","background-size":"auto","background-attachment":"scroll","background-type":"","background-media":"","overlay-type":"","overlay-color":"","overlay-opacity":"","overlay-gradient":""}},"ast-content-background-meta":{"desktop":{"background-color":"var(--ast-global-color-5)","background-image":"","background-repeat":"repeat","background-position":"center center","background-size":"auto","background-attachment":"scroll","background-type":"","background-media":"","overlay-type":"","overlay-color":"","overlay-opacity":"","overlay-gradient":""},"tablet":{"background-color":"var(--ast-global-color-5)","background-image":"","background-repeat":"repeat","background-position":"center center","background-size":"auto","background-attachment":"scroll","background-type":"","background-media":"","overlay-type":"","overlay-color":"","overlay-opacity":"","overlay-gradient":""},"mobile":{"background-color":"var(--ast-global-color-5)","background-image":"","background-repeat":"repeat","background-position":"center center","background-size":"auto","background-attachment":"scroll","background-type":"","background-media":"","overlay-type":"","overlay-color":"","overlay-opacity":"","overlay-gradient":""}}},"product_brand":[],"product_cat":[324,315,326],"product_tag":[],"berocket_brand":[579],"class_list":{"0":"post-26151","1":"product","2":"type-product","3":"status-publish","4":"has-post-thumbnail","6":"product_cat-auduma","7":"product_cat-maskas","8":"product_cat-mitrinosas","9":"berocket_brand-medicube","10":"desktop-align-left","11":"tablet-align-left","12":"mobile-align-left","14":"first","15":"outofstock","16":"taxable","17":"shipping-taxable","18":"purchasable","19":"product-type-simple","20":"add-to-wishlist-before_image"},"yoast_head":"<!-- This site is optimized with the Yoast SEO plugin v27.4 - https:\/\/yoast.com\/product\/yoast-seo-wordpress\/ -->\n<title>Medicube PDRN Pink Tension Up Mask - FACECORNER<\/title>\n<meta name=\"description\" content=\"Medicube PDRN Pink Tension Up Mask ir auduma liftinga maska, kas izstr\u0101d\u0101ta, lai uzreiz sasniegtu sejas liftinga efektu.\" \/>\n<meta name=\"robots\" content=\"index, follow, max-snippet:-1, max-image-preview:large, max-video-preview:-1\" \/>\n<link rel=\"canonical\" href=\"https:\/\/www.facecorner.lv\/en\/shop\/medicube-pdrn-pink-tension-up-mask\/\" \/>\n<meta property=\"og:locale\" content=\"en_US\" \/>\n<meta property=\"og:type\" content=\"article\" \/>\n<meta property=\"og:title\" content=\"Medicube PDRN Pink Tension Up Mask - FACECORNER\" \/>\n<meta property=\"og:description\" content=\"Medicube PDRN Pink Tension Up Mask ir auduma liftinga maska, kas izstr\u0101d\u0101ta, lai uzreiz sasniegtu sejas liftinga efektu.\" \/>\n<meta property=\"og:url\" content=\"https:\/\/www.facecorner.lv\/en\/shop\/medicube-pdrn-pink-tension-up-mask\/\" \/>\n<meta property=\"og:site_name\" content=\"FACECORNER\" \/>\n<meta property=\"article:publisher\" content=\"https:\/\/www.facebook.com\/profile.php?id=100063824551839\" \/>\n<meta property=\"article:modified_time\" content=\"2026-02-02T11:46:45+00:00\" \/>\n<meta property=\"og:image\" content=\"https:\/\/www.facecorner.lv\/wp-content\/uploads\/2025\/11\/medicube-pdrn-pink-tension-up-mask-01.webp\" \/>\n\t<meta property=\"og:image:width\" content=\"1000\" \/>\n\t<meta property=\"og:image:height\" content=\"1000\" \/>\n\t<meta property=\"og:image:type\" content=\"image\/webp\" \/>\n<meta name=\"twitter:card\" content=\"summary_large_image\" \/>\n<meta name=\"twitter:label1\" content=\"Price\" \/>\n\t<meta name=\"twitter:data1\" content=\"&euro;9.90\" \/>\n\t<meta name=\"twitter:label2\" content=\"Availability\" \/>\n\t<meta name=\"twitter:data2\" content=\"Out of stock\" \/>\n<script type=\"application\/ld+json\" class=\"yoast-schema-graph\">{\"@context\":\"https:\\\/\\\/schema.org\",\"@graph\":[{\"@type\":\"WebPage\",\"@id\":\"https:\\\/\\\/www.facecorner.lv\\\/shop\\\/medicube-pdrn-pink-tension-up-mask\\\/\",\"url\":\"https:\\\/\\\/www.facecorner.lv\\\/shop\\\/medicube-pdrn-pink-tension-up-mask\\\/\",\"name\":\"Medicube PDRN Pink Tension Up Mask - FACECORNER\",\"isPartOf\":{\"@id\":\"https:\\\/\\\/www.facecorner.lv\\\/#website\"},\"primaryImageOfPage\":{\"@id\":\"https:\\\/\\\/www.facecorner.lv\\\/shop\\\/medicube-pdrn-pink-tension-up-mask\\\/#primaryimage\"},\"image\":{\"@id\":\"https:\\\/\\\/www.facecorner.lv\\\/shop\\\/medicube-pdrn-pink-tension-up-mask\\\/#primaryimage\"},\"thumbnailUrl\":\"https:\\\/\\\/www.facecorner.lv\\\/wp-content\\\/uploads\\\/2025\\\/11\\\/medicube-pdrn-pink-tension-up-mask-01.webp\",\"datePublished\":\"2025-11-25T12:21:02+00:00\",\"dateModified\":\"2026-02-02T11:46:45+00:00\",\"description\":\"Medicube PDRN Pink Tension Up Mask ir auduma liftinga maska, kas izstr\u0101d\u0101ta, lai uzreiz sasniegtu sejas liftinga efektu.\",\"breadcrumb\":{\"@id\":\"https:\\\/\\\/www.facecorner.lv\\\/shop\\\/medicube-pdrn-pink-tension-up-mask\\\/#breadcrumb\"},\"inLanguage\":\"en-US\",\"potentialAction\":[{\"@type\":\"ReadAction\",\"target\":[\"https:\\\/\\\/www.facecorner.lv\\\/shop\\\/medicube-pdrn-pink-tension-up-mask\\\/\"]}]},{\"@type\":\"ImageObject\",\"inLanguage\":\"en-US\",\"@id\":\"https:\\\/\\\/www.facecorner.lv\\\/shop\\\/medicube-pdrn-pink-tension-up-mask\\\/#primaryimage\",\"url\":\"https:\\\/\\\/www.facecorner.lv\\\/wp-content\\\/uploads\\\/2025\\\/11\\\/medicube-pdrn-pink-tension-up-mask-01.webp\",\"contentUrl\":\"https:\\\/\\\/www.facecorner.lv\\\/wp-content\\\/uploads\\\/2025\\\/11\\\/medicube-pdrn-pink-tension-up-mask-01.webp\",\"width\":1000,\"height\":1000,\"caption\":\"Medicube PDRN Pink Tension Up Mask\"},{\"@type\":\"BreadcrumbList\",\"@id\":\"https:\\\/\\\/www.facecorner.lv\\\/shop\\\/medicube-pdrn-pink-tension-up-mask\\\/#breadcrumb\",\"itemListElement\":[{\"@type\":\"ListItem\",\"position\":1,\"name\":\"Home\",\"item\":\"https:\\\/\\\/www.facecorner.lv\\\/\"},{\"@type\":\"ListItem\",\"position\":2,\"name\":\"Veikals\",\"item\":\"https:\\\/\\\/www.facecorner.lv\\\/shop\\\/\"},{\"@type\":\"ListItem\",\"position\":3,\"name\":\"Medicube PDRN Pink Tension Up Mask\"}]},{\"@type\":\"WebSite\",\"@id\":\"https:\\\/\\\/www.facecorner.lv\\\/#website\",\"url\":\"https:\\\/\\\/www.facecorner.lv\\\/\",\"name\":\"Facecorner\",\"description\":\"\",\"publisher\":{\"@id\":\"https:\\\/\\\/www.facecorner.lv\\\/#organization\"},\"potentialAction\":[{\"@type\":\"SearchAction\",\"target\":{\"@type\":\"EntryPoint\",\"urlTemplate\":\"https:\\\/\\\/www.facecorner.lv\\\/?s={search_term_string}\"},\"query-input\":{\"@type\":\"PropertyValueSpecification\",\"valueRequired\":true,\"valueName\":\"search_term_string\"}}],\"inLanguage\":\"en-US\"},{\"@type\":\"Organization\",\"@id\":\"https:\\\/\\\/www.facecorner.lv\\\/#organization\",\"name\":\"Facecorner\",\"url\":\"https:\\\/\\\/www.facecorner.lv\\\/\",\"logo\":{\"@type\":\"ImageObject\",\"inLanguage\":\"en-US\",\"@id\":\"https:\\\/\\\/www.facecorner.lv\\\/#\\\/schema\\\/logo\\\/image\\\/\",\"url\":\"https:\\\/\\\/www.facecorner.lv\\\/wp-content\\\/uploads\\\/2024\\\/04\\\/fc-logo.jpg\",\"contentUrl\":\"https:\\\/\\\/www.facecorner.lv\\\/wp-content\\\/uploads\\\/2024\\\/04\\\/fc-logo.jpg\",\"width\":174,\"height\":28,\"caption\":\"Facecorner\"},\"image\":{\"@id\":\"https:\\\/\\\/www.facecorner.lv\\\/#\\\/schema\\\/logo\\\/image\\\/\"},\"sameAs\":[\"https:\\\/\\\/www.facebook.com\\\/profile.php?id=100063824551839\",\"https:\\\/\\\/www.instagram.com\\\/facecorner_shop\\\/\"]}]}<\/script>\n<meta property=\"product:price:amount\" content=\"9.90\" \/>\n<meta property=\"product:price:currency\" content=\"EUR\" \/>\n<meta property=\"og:availability\" content=\"out of stock\" \/>\n<meta property=\"product:availability\" content=\"out of stock\" \/>\n<meta property=\"product:condition\" content=\"new\" \/>\n<!-- \/ Yoast SEO plugin. -->","yoast_head_json":{"title":"Medicube PDRN Pink Tension Up Mask - FACECORNER","description":"Medicube PDRN Pink Tension Up Mask ir auduma liftinga maska, kas izstr\u0101d\u0101ta, lai uzreiz sasniegtu sejas liftinga efektu.","robots":{"index":"index","follow":"follow","max-snippet":"max-snippet:-1","max-image-preview":"max-image-preview:large","max-video-preview":"max-video-preview:-1"},"canonical":"https:\/\/www.facecorner.lv\/en\/shop\/medicube-pdrn-pink-tension-up-mask\/","og_locale":"en_US","og_type":"article","og_title":"Medicube PDRN Pink Tension Up Mask - FACECORNER","og_description":"Medicube PDRN Pink Tension Up Mask ir auduma liftinga maska, kas izstr\u0101d\u0101ta, lai uzreiz sasniegtu sejas liftinga efektu.","og_url":"https:\/\/www.facecorner.lv\/en\/shop\/medicube-pdrn-pink-tension-up-mask\/","og_site_name":"FACECORNER","article_publisher":"https:\/\/www.facebook.com\/profile.php?id=100063824551839","article_modified_time":"2026-02-02T11:46:45+00:00","og_image":[{"width":1000,"height":1000,"url":"https:\/\/www.facecorner.lv\/wp-content\/uploads\/2025\/11\/medicube-pdrn-pink-tension-up-mask-01.webp","type":"image\/webp"}],"twitter_card":"summary_large_image","twitter_misc":{"Price":"&euro;9.90","Availability":"Out of stock"},"schema":{"@context":"https:\/\/schema.org","@graph":[{"@type":"WebPage","@id":"https:\/\/www.facecorner.lv\/shop\/medicube-pdrn-pink-tension-up-mask\/","url":"https:\/\/www.facecorner.lv\/shop\/medicube-pdrn-pink-tension-up-mask\/","name":"Medicube PDRN Pink Tension Up Mask - FACECORNER","isPartOf":{"@id":"https:\/\/www.facecorner.lv\/#website"},"primaryImageOfPage":{"@id":"https:\/\/www.facecorner.lv\/shop\/medicube-pdrn-pink-tension-up-mask\/#primaryimage"},"image":{"@id":"https:\/\/www.facecorner.lv\/shop\/medicube-pdrn-pink-tension-up-mask\/#primaryimage"},"thumbnailUrl":"https:\/\/www.facecorner.lv\/wp-content\/uploads\/2025\/11\/medicube-pdrn-pink-tension-up-mask-01.webp","datePublished":"2025-11-25T12:21:02+00:00","dateModified":"2026-02-02T11:46:45+00:00","description":"Medicube PDRN Pink Tension Up Mask ir auduma liftinga maska, kas izstr\u0101d\u0101ta, lai uzreiz sasniegtu sejas liftinga efektu.","breadcrumb":{"@id":"https:\/\/www.facecorner.lv\/shop\/medicube-pdrn-pink-tension-up-mask\/#breadcrumb"},"inLanguage":"en-US","potentialAction":[{"@type":"ReadAction","target":["https:\/\/www.facecorner.lv\/shop\/medicube-pdrn-pink-tension-up-mask\/"]}]},{"@type":"ImageObject","inLanguage":"en-US","@id":"https:\/\/www.facecorner.lv\/shop\/medicube-pdrn-pink-tension-up-mask\/#primaryimage","url":"https:\/\/www.facecorner.lv\/wp-content\/uploads\/2025\/11\/medicube-pdrn-pink-tension-up-mask-01.webp","contentUrl":"https:\/\/www.facecorner.lv\/wp-content\/uploads\/2025\/11\/medicube-pdrn-pink-tension-up-mask-01.webp","width":1000,"height":1000,"caption":"Medicube PDRN Pink Tension Up Mask"},{"@type":"BreadcrumbList","@id":"https:\/\/www.facecorner.lv\/shop\/medicube-pdrn-pink-tension-up-mask\/#breadcrumb","itemListElement":[{"@type":"ListItem","position":1,"name":"Home","item":"https:\/\/www.facecorner.lv\/"},{"@type":"ListItem","position":2,"name":"Veikals","item":"https:\/\/www.facecorner.lv\/shop\/"},{"@type":"ListItem","position":3,"name":"Medicube PDRN Pink Tension Up Mask"}]},{"@type":"WebSite","@id":"https:\/\/www.facecorner.lv\/#website","url":"https:\/\/www.facecorner.lv\/","name":"Facecorner","description":"","publisher":{"@id":"https:\/\/www.facecorner.lv\/#organization"},"potentialAction":[{"@type":"SearchAction","target":{"@type":"EntryPoint","urlTemplate":"https:\/\/www.facecorner.lv\/?s={search_term_string}"},"query-input":{"@type":"PropertyValueSpecification","valueRequired":true,"valueName":"search_term_string"}}],"inLanguage":"en-US"},{"@type":"Organization","@id":"https:\/\/www.facecorner.lv\/#organization","name":"Facecorner","url":"https:\/\/www.facecorner.lv\/","logo":{"@type":"ImageObject","inLanguage":"en-US","@id":"https:\/\/www.facecorner.lv\/#\/schema\/logo\/image\/","url":"https:\/\/www.facecorner.lv\/wp-content\/uploads\/2024\/04\/fc-logo.jpg","contentUrl":"https:\/\/www.facecorner.lv\/wp-content\/uploads\/2024\/04\/fc-logo.jpg","width":174,"height":28,"caption":"Facecorner"},"image":{"@id":"https:\/\/www.facecorner.lv\/#\/schema\/logo\/image\/"},"sameAs":["https:\/\/www.facebook.com\/profile.php?id=100063824551839","https:\/\/www.instagram.com\/facecorner_shop\/"]}]},"product_price_amount":"9.90","product_price_currency":"EUR","og_availability":"out of stock","product_availability":"out of stock","product_condition":"new"},"_links":{"self":[{"href":"https:\/\/www.facecorner.lv\/en\/wp-json\/wp\/v2\/product\/26151","targetHints":{"allow":["GET"]}}],"collection":[{"href":"https:\/\/www.facecorner.lv\/en\/wp-json\/wp\/v2\/product"}],"about":[{"href":"https:\/\/www.facecorner.lv\/en\/wp-json\/wp\/v2\/types\/product"}],"replies":[{"embeddable":true,"href":"https:\/\/www.facecorner.lv\/en\/wp-json\/wp\/v2\/comments?post=26151"}],"wp:featuredmedia":[{"embeddable":true,"href":"https:\/\/www.facecorner.lv\/en\/wp-json\/wp\/v2\/media\/26153"}],"wp:attachment":[{"href":"https:\/\/www.facecorner.lv\/en\/wp-json\/wp\/v2\/media?parent=26151"}],"wp:term":[{"taxonomy":"product_brand","embeddable":true,"href":"https:\/\/www.facecorner.lv\/en\/wp-json\/wp\/v2\/product_brand?post=26151"},{"taxonomy":"product_cat","embeddable":true,"href":"https:\/\/www.facecorner.lv\/en\/wp-json\/wp\/v2\/product_cat?post=26151"},{"taxonomy":"product_tag","embeddable":true,"href":"https:\/\/www.facecorner.lv\/en\/wp-json\/wp\/v2\/product_tag?post=26151"},{"taxonomy":"berocket_brand","embeddable":true,"href":"https:\/\/www.facecorner.lv\/en\/wp-json\/wp\/v2\/berocket_brand?post=26151"}],"curies":[{"name":"wp","href":"https:\/\/api.w.org\/{rel}","templated":true}]}}