{"id":26035,"date":"2025-11-10T15:06:16","date_gmt":"2025-11-10T12:06:16","guid":{"rendered":"https:\/\/www.facecorner.lv\/?post_type=product&#038;p=26035"},"modified":"2026-05-07T23:35:57","modified_gmt":"2026-05-07T20:35:57","slug":"medicube-pdrn-pink-collagen-bubble-serum-serums-ar-izgaismojosu-un-liftinga-efektu-95ml","status":"publish","type":"product","link":"https:\/\/www.facecorner.lv\/en\/shop\/medicube-pdrn-pink-collagen-bubble-serum-serums-ar-izgaismojosu-un-liftinga-efektu-95ml\/","title":{"rendered":"MEDICUBE PDRN Pink Collagen Bubble Serum  serums ar izgaismojo\u0161u un liftinga efektu 95ml"},"content":{"rendered":"<p>Atkl\u0101jiet elast\u012bgas, mirdzo\u0161as \u0101das nosl\u0113pumu ar inovat\u012bvo MEDICUBE PDRN Pink Collagen Bubble Serum serums ar izgaismojo\u0161u un liftinga efektu.<\/p>\n<p>Formula ar burbu\u013cveida tekst\u016bru apvieno PDRN, kolag\u0113na un 7 veidu hialuronsk\u0101bes re\u0123ener\u0113jo\u0161o komponentu sp\u0113ku, nodro\u0161inot \u0101dai dzi\u013cu mitrin\u0101\u0161anu, gludumu un vesel\u012bgu mirdzumu.<\/p>\n<p><strong>Galven\u0101s priek\u0161roc\u012bbas:<\/strong><\/p>\n<ul>\n<li>Elast\u012bba un liftinga efekts: PDRN komplekss un zemas molekulmasas kolag\u0113ns stimul\u0113 \u0161\u016bnu atjauno\u0161anos un nostiprina \u0101du.<\/li>\n<li>Sp\u012bdums un vienm\u0113r\u012bgs tonis: Niac\u012bnam\u012bds izgaismo \u0101du un pie\u0161\u0137ir tai dabisku \u201estikla \u0101das\u201d sp\u012bdumu.<\/li>\n<li>Intens\u012bva mitrin\u0101\u0161ana: 7 veidu hialuronsk\u0101be un ceram\u012bdi piepilda \u0101du ar mitrumu un atjauno t\u0101s aizsargbarjeru.<\/li>\n<li>Viegla putu tekst\u016bra: \u201cBubble serum\u201d formula uzs\u016bcas uzreiz, neatst\u0101jot lip\u012bgumu, un nodro\u0161ina svaiguma saj\u016btu.<\/li>\n<\/ul>\n<p><strong>Galven\u0101s akt\u012bv\u0101s vielas:<\/strong><\/p>\n<ul>\n<li>PDRN (polideoksiribonukleot\u012bds) \u2014 atjauno un atjaunina \u0101du.<\/li>\n<li>Kolag\u0113ns 200 Da \u2014 palielina elast\u012bbu.<\/li>\n<li>Niac\u012bnam\u012bds 5 % \u2014 izl\u012bdzina \u0101das toni un samazina bl\u0101vumu.<\/li>\n<li>Hialuronsk\u0101be \u00d77 \u2014 nodro\u0161ina ilgsto\u0161u mitrin\u0101\u0161anu.<\/li>\n<li>Ceram\u012bdi un pantenols \u2014 nostiprina \u0101das barjeru<\/li>\n<\/ul>\n<p><strong>Piem\u0113rots:<\/strong><\/p>\n<ul>\n<li>Bl\u0101vai, noguru\u0161ai, dehidr\u0113tai \u0101dai.<\/li>\n<li>\u0100dai ar pirmaj\u0101m noveco\u0161an\u0101s paz\u012bm\u0113m (elast\u012bbas zudums, s\u012bkas grumbi\u0146as).<\/li>\n<li>Visiem \u0101das tipiem, iz\u0146emot \u013coti taukainu un uz akni tend\u0113tu \u0101du (ieteicams veikt pl\u0101kstera testu).<\/li>\n<\/ul>\n<p><strong>How to use:\nAfter cleansing and toning, place the mask sheet on your face and let it rest for 30 minutes.<\/strong>Sakratiet flakonu, lai sajauktu sl\u0101\u0146us.Uzkl\u0101jiet 2\u20133 s\u0113k\u013cus seruma uz att\u012br\u012btas sejas un kakla \u0101das.Viegli izl\u012bdziniet un \u013caujiet ies\u016bkties.Ja nepiecie\u0161ams, uzkl\u0101jiet otro pl\u0101nu sl\u0101ni, lai ieg\u016btu papildu mirdzumu.Pabeidziet kop\u0161anu ar mitrino\u0161u kr\u0113mu.<\/p>\n<p><strong>Sast\u0101vs:<\/strong> Purified Water, Niacinamide, Sunflower Seed Oil, Glycerin, Hydrogenated Poly(C6-14 Olefin), C12-14 Alkyl-12, 1,2-Hexanediol, Propanediol, Isododecane, Ethylhexyl Palmitate, Cetyl Ethylhexanoate, Ethylhexylglycerin, Ammonium Acryloyldimethyltaurate\/VP Copolymer, Triethyl Citrate, Adenosine, Tocopherol, Disodium EDTA, Cyanocobalamin (\u0432\u0438\u0442\u0430\u043c\u0438\u043d B12), Collagen, Birch Bark\/Leaf Extract, Sodium DNA (PDRN), Sedum Castor Seed Oil, Star Anise Fruit\/Seed Oil, Lemongrass Leaf Oil, Collagen Extract, Xanthan Gum, Retinol, Panthenol, Hydrolyzed Collagen, Butylene Glycol, Caprylic\/Capric Triglyceride, Ceramide NP, Hydrogenated Lecithin, Sodium Hyaluronate, Hyaluronic Acid, Sodium Hyaluronate Crosspolymer, Serine, Milk Protein Extract, Hydrolyzed Sodium Hyaluronate, Hydrolyzed Hyaluronic Acid, Glutamic Acid, Aspartic Acid, Sodium Acetylated Hyaluronate, Hydroxypropyltrimonium Hyaluronate.<\/p>","protected":false},"excerpt":{"rendered":"<p>Atkl\u0101jiet elast\u012bgas, mirdzo\u0161as \u0101das nosl\u0113pumu ar inovat\u012bvo MEDICUBE PDRN Pink Collagen Bubble Serum serums ar izgaismojo\u0161u un liftinga efektu.<\/p>","protected":false},"featured_media":26036,"comment_status":"open","ping_status":"closed","template":"","meta":{"site-sidebar-layout":"default","site-content-layout":"","ast-site-content-layout":"default","site-content-style":"default","site-sidebar-style":"default","ast-global-header-display":"","ast-banner-title-visibility":"","ast-main-header-display":"","ast-hfb-above-header-display":"","ast-hfb-below-header-display":"","ast-hfb-mobile-header-display":"","site-post-title":"","ast-breadcrumbs-content":"","ast-featured-img":"","footer-sml-layout":"","theme-transparent-header-meta":"default","adv-header-id-meta":"","stick-header-meta":"","header-above-stick-meta":"","header-main-stick-meta":"","header-below-stick-meta":"","astra-migrate-meta-layouts":"set","ast-page-background-enabled":"default","ast-page-background-meta":{"desktop":{"background-color":"var(--ast-global-color-4)","background-image":"","background-repeat":"repeat","background-position":"center center","background-size":"auto","background-attachment":"scroll","background-type":"","background-media":"","overlay-type":"","overlay-color":"","overlay-opacity":"","overlay-gradient":""},"tablet":{"background-color":"","background-image":"","background-repeat":"repeat","background-position":"center center","background-size":"auto","background-attachment":"scroll","background-type":"","background-media":"","overlay-type":"","overlay-color":"","overlay-opacity":"","overlay-gradient":""},"mobile":{"background-color":"","background-image":"","background-repeat":"repeat","background-position":"center center","background-size":"auto","background-attachment":"scroll","background-type":"","background-media":"","overlay-type":"","overlay-color":"","overlay-opacity":"","overlay-gradient":""}},"ast-content-background-meta":{"desktop":{"background-color":"var(--ast-global-color-5)","background-image":"","background-repeat":"repeat","background-position":"center center","background-size":"auto","background-attachment":"scroll","background-type":"","background-media":"","overlay-type":"","overlay-color":"","overlay-opacity":"","overlay-gradient":""},"tablet":{"background-color":"var(--ast-global-color-5)","background-image":"","background-repeat":"repeat","background-position":"center center","background-size":"auto","background-attachment":"scroll","background-type":"","background-media":"","overlay-type":"","overlay-color":"","overlay-opacity":"","overlay-gradient":""},"mobile":{"background-color":"var(--ast-global-color-5)","background-image":"","background-repeat":"repeat","background-position":"center center","background-size":"auto","background-attachment":"scroll","background-type":"","background-media":"","overlay-type":"","overlay-color":"","overlay-opacity":"","overlay-gradient":""}}},"product_brand":[],"product_cat":[370,371,652,363],"product_tag":[],"berocket_brand":[579],"class_list":{"0":"post-26035","1":"product","2":"type-product","3":"status-publish","4":"has-post-thumbnail","6":"product_cat-adas-mirdzumam","7":"product_cat-anti-age","8":"product_cat-pdrn","9":"product_cat-serumi","10":"berocket_brand-medicube","11":"desktop-align-left","12":"tablet-align-left","13":"mobile-align-left","15":"first","16":"instock","17":"sale","18":"taxable","19":"shipping-taxable","20":"purchasable","21":"product-type-simple","22":"add-to-wishlist-before_image"},"yoast_head":"<!-- This site is optimized with the Yoast SEO plugin v27.4 - https:\/\/yoast.com\/product\/yoast-seo-wordpress\/ -->\n<title>MEDICUBE PDRN Pink Collagen Bubble Serum serums ar izgaismojo\u0161u un liftinga efektu 95ml - FACECORNER<\/title>\n<meta name=\"description\" content=\"Atkl\u0101jiet elast\u012bgas, mirdzo\u0161as \u0101das nosl\u0113pumu ar inovat\u012bvo MEDICUBE PDRN Pink Collagen Bubble Serum serums ar izgaismojo\u0161u un liftinga efektu.\" \/>\n<meta name=\"robots\" content=\"index, follow, max-snippet:-1, max-image-preview:large, max-video-preview:-1\" \/>\n<link rel=\"canonical\" href=\"https:\/\/www.facecorner.lv\/en\/shop\/medicube-pdrn-pink-collagen-bubble-serum-serums-ar-izgaismojosu-un-liftinga-efektu-95ml\/\" \/>\n<meta property=\"og:locale\" content=\"en_US\" \/>\n<meta property=\"og:type\" content=\"article\" \/>\n<meta property=\"og:title\" content=\"MEDICUBE PDRN Pink Collagen Bubble Serum serums ar izgaismojo\u0161u un liftinga efektu 95ml - FACECORNER\" \/>\n<meta property=\"og:description\" content=\"Atkl\u0101jiet elast\u012bgas, mirdzo\u0161as \u0101das nosl\u0113pumu ar inovat\u012bvo MEDICUBE PDRN Pink Collagen Bubble Serum serums ar izgaismojo\u0161u un liftinga efektu.\" \/>\n<meta property=\"og:url\" content=\"https:\/\/www.facecorner.lv\/en\/shop\/medicube-pdrn-pink-collagen-bubble-serum-serums-ar-izgaismojosu-un-liftinga-efektu-95ml\/\" \/>\n<meta property=\"og:site_name\" content=\"FACECORNER\" \/>\n<meta property=\"article:publisher\" content=\"https:\/\/www.facebook.com\/profile.php?id=100063824551839\" \/>\n<meta property=\"article:modified_time\" content=\"2026-05-07T20:35:57+00:00\" \/>\n<meta property=\"og:image\" content=\"https:\/\/www.facecorner.lv\/wp-content\/uploads\/2025\/11\/product.8904.175935987456215.jpg\" \/>\n\t<meta property=\"og:image:width\" content=\"500\" \/>\n\t<meta property=\"og:image:height\" content=\"500\" \/>\n\t<meta property=\"og:image:type\" content=\"image\/jpeg\" \/>\n<meta name=\"twitter:card\" content=\"summary_large_image\" \/>\n<meta name=\"twitter:label1\" content=\"Price\" \/>\n\t<meta name=\"twitter:data1\" content=\"&euro;39.99\" \/>\n\t<meta name=\"twitter:label2\" content=\"Availability\" \/>\n\t<meta name=\"twitter:data2\" content=\"In stock\" \/>\n<script type=\"application\/ld+json\" class=\"yoast-schema-graph\">{\"@context\":\"https:\\\/\\\/schema.org\",\"@graph\":[{\"@type\":\"WebPage\",\"@id\":\"https:\\\/\\\/www.facecorner.lv\\\/shop\\\/medicube-pdrn-pink-collagen-bubble-serum-serums-ar-izgaismojosu-un-liftinga-efektu-95ml\\\/\",\"url\":\"https:\\\/\\\/www.facecorner.lv\\\/shop\\\/medicube-pdrn-pink-collagen-bubble-serum-serums-ar-izgaismojosu-un-liftinga-efektu-95ml\\\/\",\"name\":\"MEDICUBE PDRN Pink Collagen Bubble Serum serums ar izgaismojo\u0161u un liftinga efektu 95ml - FACECORNER\",\"isPartOf\":{\"@id\":\"https:\\\/\\\/www.facecorner.lv\\\/#website\"},\"primaryImageOfPage\":{\"@id\":\"https:\\\/\\\/www.facecorner.lv\\\/shop\\\/medicube-pdrn-pink-collagen-bubble-serum-serums-ar-izgaismojosu-un-liftinga-efektu-95ml\\\/#primaryimage\"},\"image\":{\"@id\":\"https:\\\/\\\/www.facecorner.lv\\\/shop\\\/medicube-pdrn-pink-collagen-bubble-serum-serums-ar-izgaismojosu-un-liftinga-efektu-95ml\\\/#primaryimage\"},\"thumbnailUrl\":\"https:\\\/\\\/www.facecorner.lv\\\/wp-content\\\/uploads\\\/2025\\\/11\\\/product.8904.175935987456215.jpg\",\"datePublished\":\"2025-11-10T12:06:16+00:00\",\"dateModified\":\"2026-05-07T20:35:57+00:00\",\"description\":\"Atkl\u0101jiet elast\u012bgas, mirdzo\u0161as \u0101das nosl\u0113pumu ar inovat\u012bvo MEDICUBE PDRN Pink Collagen Bubble Serum serums ar izgaismojo\u0161u un liftinga efektu.\",\"breadcrumb\":{\"@id\":\"https:\\\/\\\/www.facecorner.lv\\\/shop\\\/medicube-pdrn-pink-collagen-bubble-serum-serums-ar-izgaismojosu-un-liftinga-efektu-95ml\\\/#breadcrumb\"},\"inLanguage\":\"en-US\",\"potentialAction\":[{\"@type\":\"ReadAction\",\"target\":[\"https:\\\/\\\/www.facecorner.lv\\\/shop\\\/medicube-pdrn-pink-collagen-bubble-serum-serums-ar-izgaismojosu-un-liftinga-efektu-95ml\\\/\"]}]},{\"@type\":\"ImageObject\",\"inLanguage\":\"en-US\",\"@id\":\"https:\\\/\\\/www.facecorner.lv\\\/shop\\\/medicube-pdrn-pink-collagen-bubble-serum-serums-ar-izgaismojosu-un-liftinga-efektu-95ml\\\/#primaryimage\",\"url\":\"https:\\\/\\\/www.facecorner.lv\\\/wp-content\\\/uploads\\\/2025\\\/11\\\/product.8904.175935987456215.jpg\",\"contentUrl\":\"https:\\\/\\\/www.facecorner.lv\\\/wp-content\\\/uploads\\\/2025\\\/11\\\/product.8904.175935987456215.jpg\",\"width\":500,\"height\":500,\"caption\":\"MEDICUBE PDRN Pink Collagen Bubble Serum\"},{\"@type\":\"BreadcrumbList\",\"@id\":\"https:\\\/\\\/www.facecorner.lv\\\/shop\\\/medicube-pdrn-pink-collagen-bubble-serum-serums-ar-izgaismojosu-un-liftinga-efektu-95ml\\\/#breadcrumb\",\"itemListElement\":[{\"@type\":\"ListItem\",\"position\":1,\"name\":\"Home\",\"item\":\"https:\\\/\\\/www.facecorner.lv\\\/\"},{\"@type\":\"ListItem\",\"position\":2,\"name\":\"Veikals\",\"item\":\"https:\\\/\\\/www.facecorner.lv\\\/shop\\\/\"},{\"@type\":\"ListItem\",\"position\":3,\"name\":\"MEDICUBE PDRN Pink Collagen Bubble Serum serums ar izgaismojo\u0161u un liftinga efektu 95ml\"}]},{\"@type\":\"WebSite\",\"@id\":\"https:\\\/\\\/www.facecorner.lv\\\/#website\",\"url\":\"https:\\\/\\\/www.facecorner.lv\\\/\",\"name\":\"Facecorner\",\"description\":\"\",\"publisher\":{\"@id\":\"https:\\\/\\\/www.facecorner.lv\\\/#organization\"},\"potentialAction\":[{\"@type\":\"SearchAction\",\"target\":{\"@type\":\"EntryPoint\",\"urlTemplate\":\"https:\\\/\\\/www.facecorner.lv\\\/?s={search_term_string}\"},\"query-input\":{\"@type\":\"PropertyValueSpecification\",\"valueRequired\":true,\"valueName\":\"search_term_string\"}}],\"inLanguage\":\"en-US\"},{\"@type\":\"Organization\",\"@id\":\"https:\\\/\\\/www.facecorner.lv\\\/#organization\",\"name\":\"Facecorner\",\"url\":\"https:\\\/\\\/www.facecorner.lv\\\/\",\"logo\":{\"@type\":\"ImageObject\",\"inLanguage\":\"en-US\",\"@id\":\"https:\\\/\\\/www.facecorner.lv\\\/#\\\/schema\\\/logo\\\/image\\\/\",\"url\":\"https:\\\/\\\/www.facecorner.lv\\\/wp-content\\\/uploads\\\/2024\\\/04\\\/fc-logo.jpg\",\"contentUrl\":\"https:\\\/\\\/www.facecorner.lv\\\/wp-content\\\/uploads\\\/2024\\\/04\\\/fc-logo.jpg\",\"width\":174,\"height\":28,\"caption\":\"Facecorner\"},\"image\":{\"@id\":\"https:\\\/\\\/www.facecorner.lv\\\/#\\\/schema\\\/logo\\\/image\\\/\"},\"sameAs\":[\"https:\\\/\\\/www.facebook.com\\\/profile.php?id=100063824551839\",\"https:\\\/\\\/www.instagram.com\\\/facecorner_shop\\\/\"]}]}<\/script>\n<meta property=\"product:price:amount\" content=\"39.99\" \/>\n<meta property=\"product:price:currency\" content=\"EUR\" \/>\n<meta property=\"og:availability\" content=\"instock\" \/>\n<meta property=\"product:availability\" content=\"instock\" \/>\n<meta property=\"product:condition\" content=\"new\" \/>\n<!-- \/ Yoast SEO plugin. -->","yoast_head_json":{"title":"MEDICUBE PDRN Pink Collagen Bubble Serum serums ar izgaismojo\u0161u un liftinga efektu 95ml - FACECORNER","description":"Atkl\u0101jiet elast\u012bgas, mirdzo\u0161as \u0101das nosl\u0113pumu ar inovat\u012bvo MEDICUBE PDRN Pink Collagen Bubble Serum serums ar izgaismojo\u0161u un liftinga efektu.","robots":{"index":"index","follow":"follow","max-snippet":"max-snippet:-1","max-image-preview":"max-image-preview:large","max-video-preview":"max-video-preview:-1"},"canonical":"https:\/\/www.facecorner.lv\/en\/shop\/medicube-pdrn-pink-collagen-bubble-serum-serums-ar-izgaismojosu-un-liftinga-efektu-95ml\/","og_locale":"en_US","og_type":"article","og_title":"MEDICUBE PDRN Pink Collagen Bubble Serum serums ar izgaismojo\u0161u un liftinga efektu 95ml - FACECORNER","og_description":"Atkl\u0101jiet elast\u012bgas, mirdzo\u0161as \u0101das nosl\u0113pumu ar inovat\u012bvo MEDICUBE PDRN Pink Collagen Bubble Serum serums ar izgaismojo\u0161u un liftinga efektu.","og_url":"https:\/\/www.facecorner.lv\/en\/shop\/medicube-pdrn-pink-collagen-bubble-serum-serums-ar-izgaismojosu-un-liftinga-efektu-95ml\/","og_site_name":"FACECORNER","article_publisher":"https:\/\/www.facebook.com\/profile.php?id=100063824551839","article_modified_time":"2026-05-07T20:35:57+00:00","og_image":[{"width":500,"height":500,"url":"https:\/\/www.facecorner.lv\/wp-content\/uploads\/2025\/11\/product.8904.175935987456215.jpg","type":"image\/jpeg"}],"twitter_card":"summary_large_image","twitter_misc":{"Price":"&euro;39.99","Availability":"In stock"},"schema":{"@context":"https:\/\/schema.org","@graph":[{"@type":"WebPage","@id":"https:\/\/www.facecorner.lv\/shop\/medicube-pdrn-pink-collagen-bubble-serum-serums-ar-izgaismojosu-un-liftinga-efektu-95ml\/","url":"https:\/\/www.facecorner.lv\/shop\/medicube-pdrn-pink-collagen-bubble-serum-serums-ar-izgaismojosu-un-liftinga-efektu-95ml\/","name":"MEDICUBE PDRN Pink Collagen Bubble Serum serums ar izgaismojo\u0161u un liftinga efektu 95ml - FACECORNER","isPartOf":{"@id":"https:\/\/www.facecorner.lv\/#website"},"primaryImageOfPage":{"@id":"https:\/\/www.facecorner.lv\/shop\/medicube-pdrn-pink-collagen-bubble-serum-serums-ar-izgaismojosu-un-liftinga-efektu-95ml\/#primaryimage"},"image":{"@id":"https:\/\/www.facecorner.lv\/shop\/medicube-pdrn-pink-collagen-bubble-serum-serums-ar-izgaismojosu-un-liftinga-efektu-95ml\/#primaryimage"},"thumbnailUrl":"https:\/\/www.facecorner.lv\/wp-content\/uploads\/2025\/11\/product.8904.175935987456215.jpg","datePublished":"2025-11-10T12:06:16+00:00","dateModified":"2026-05-07T20:35:57+00:00","description":"Atkl\u0101jiet elast\u012bgas, mirdzo\u0161as \u0101das nosl\u0113pumu ar inovat\u012bvo MEDICUBE PDRN Pink Collagen Bubble Serum serums ar izgaismojo\u0161u un liftinga efektu.","breadcrumb":{"@id":"https:\/\/www.facecorner.lv\/shop\/medicube-pdrn-pink-collagen-bubble-serum-serums-ar-izgaismojosu-un-liftinga-efektu-95ml\/#breadcrumb"},"inLanguage":"en-US","potentialAction":[{"@type":"ReadAction","target":["https:\/\/www.facecorner.lv\/shop\/medicube-pdrn-pink-collagen-bubble-serum-serums-ar-izgaismojosu-un-liftinga-efektu-95ml\/"]}]},{"@type":"ImageObject","inLanguage":"en-US","@id":"https:\/\/www.facecorner.lv\/shop\/medicube-pdrn-pink-collagen-bubble-serum-serums-ar-izgaismojosu-un-liftinga-efektu-95ml\/#primaryimage","url":"https:\/\/www.facecorner.lv\/wp-content\/uploads\/2025\/11\/product.8904.175935987456215.jpg","contentUrl":"https:\/\/www.facecorner.lv\/wp-content\/uploads\/2025\/11\/product.8904.175935987456215.jpg","width":500,"height":500,"caption":"MEDICUBE PDRN Pink Collagen Bubble Serum"},{"@type":"BreadcrumbList","@id":"https:\/\/www.facecorner.lv\/shop\/medicube-pdrn-pink-collagen-bubble-serum-serums-ar-izgaismojosu-un-liftinga-efektu-95ml\/#breadcrumb","itemListElement":[{"@type":"ListItem","position":1,"name":"Home","item":"https:\/\/www.facecorner.lv\/"},{"@type":"ListItem","position":2,"name":"Veikals","item":"https:\/\/www.facecorner.lv\/shop\/"},{"@type":"ListItem","position":3,"name":"MEDICUBE PDRN Pink Collagen Bubble Serum serums ar izgaismojo\u0161u un liftinga efektu 95ml"}]},{"@type":"WebSite","@id":"https:\/\/www.facecorner.lv\/#website","url":"https:\/\/www.facecorner.lv\/","name":"Facecorner","description":"","publisher":{"@id":"https:\/\/www.facecorner.lv\/#organization"},"potentialAction":[{"@type":"SearchAction","target":{"@type":"EntryPoint","urlTemplate":"https:\/\/www.facecorner.lv\/?s={search_term_string}"},"query-input":{"@type":"PropertyValueSpecification","valueRequired":true,"valueName":"search_term_string"}}],"inLanguage":"en-US"},{"@type":"Organization","@id":"https:\/\/www.facecorner.lv\/#organization","name":"Facecorner","url":"https:\/\/www.facecorner.lv\/","logo":{"@type":"ImageObject","inLanguage":"en-US","@id":"https:\/\/www.facecorner.lv\/#\/schema\/logo\/image\/","url":"https:\/\/www.facecorner.lv\/wp-content\/uploads\/2024\/04\/fc-logo.jpg","contentUrl":"https:\/\/www.facecorner.lv\/wp-content\/uploads\/2024\/04\/fc-logo.jpg","width":174,"height":28,"caption":"Facecorner"},"image":{"@id":"https:\/\/www.facecorner.lv\/#\/schema\/logo\/image\/"},"sameAs":["https:\/\/www.facebook.com\/profile.php?id=100063824551839","https:\/\/www.instagram.com\/facecorner_shop\/"]}]},"product_price_amount":"39.99","product_price_currency":"EUR","og_availability":"instock","product_availability":"instock","product_condition":"new"},"_links":{"self":[{"href":"https:\/\/www.facecorner.lv\/en\/wp-json\/wp\/v2\/product\/26035","targetHints":{"allow":["GET"]}}],"collection":[{"href":"https:\/\/www.facecorner.lv\/en\/wp-json\/wp\/v2\/product"}],"about":[{"href":"https:\/\/www.facecorner.lv\/en\/wp-json\/wp\/v2\/types\/product"}],"replies":[{"embeddable":true,"href":"https:\/\/www.facecorner.lv\/en\/wp-json\/wp\/v2\/comments?post=26035"}],"wp:featuredmedia":[{"embeddable":true,"href":"https:\/\/www.facecorner.lv\/en\/wp-json\/wp\/v2\/media\/26036"}],"wp:attachment":[{"href":"https:\/\/www.facecorner.lv\/en\/wp-json\/wp\/v2\/media?parent=26035"}],"wp:term":[{"taxonomy":"product_brand","embeddable":true,"href":"https:\/\/www.facecorner.lv\/en\/wp-json\/wp\/v2\/product_brand?post=26035"},{"taxonomy":"product_cat","embeddable":true,"href":"https:\/\/www.facecorner.lv\/en\/wp-json\/wp\/v2\/product_cat?post=26035"},{"taxonomy":"product_tag","embeddable":true,"href":"https:\/\/www.facecorner.lv\/en\/wp-json\/wp\/v2\/product_tag?post=26035"},{"taxonomy":"berocket_brand","embeddable":true,"href":"https:\/\/www.facecorner.lv\/en\/wp-json\/wp\/v2\/berocket_brand?post=26035"}],"curies":[{"name":"wp","href":"https:\/\/api.w.org\/{rel}","templated":true}]}}