{"id":26013,"date":"2025-11-06T15:40:32","date_gmt":"2025-11-06T12:40:32","guid":{"rendered":"https:\/\/www.facecorner.lv\/?post_type=product&#038;p=26013"},"modified":"2026-03-20T13:01:44","modified_gmt":"2026-03-20T10:01:44","slug":"k-secret-1-liposome-cream-retinal-50ml","status":"publish","type":"product","link":"https:\/\/www.facecorner.lv\/en\/shop\/k-secret-1-liposome-cream-retinal-50ml\/","title":{"rendered":"K Secret 1% Liposome Cream Retinal 50ml"},"content":{"rendered":"<p>K Secret 1% Liposome Cream Retinal ir sp\u0113c\u012bgs pretnoveco\u0161an\u0101s kr\u0113ms ar 1% retinalu liposomu form\u0101, kas paredz\u0113ts efekt\u012bvai \u0101das atjauno\u0161anai un atjauno\u0161anai.<\/p>\n<p>Inovat\u012bv\u0101 formula apvieno retinalu, pept\u012bdus un hialuronsk\u0101bi, nodro\u0161inot redzami izl\u012bdzin\u0101tas grumbas, uzlabotu \u0101das tekst\u016bru un mirdzumu bez kairin\u0101juma.<\/p>\n<p>Pateicoties liposomu tehnolo\u0123ijai, akt\u012bv\u0101s sast\u0101vda\u013cas iek\u013c\u016bst dzi\u013c\u0101k un iedarbojas maigi pat uz jut\u012bgas \u0101das.<\/p>\n<p><strong>\u00a0Benefits<\/strong><\/p>\n<ul>\n<li>Samazina grumbas un uzlabo \u0101das elast\u012bbu<\/li>\n<li>Stimul\u0113 kolag\u0113na veido\u0161anos un \u0161\u016bnu atjauno\u0161anos<\/li>\n<li>Izl\u012bdzina \u0101das toni un pie\u0161\u0137ir \u0101dai vesel\u012bgu mirdzumu<\/li>\n<li>C\u012bn\u0101s ar bl\u0101vumu un noguruma paz\u012bm\u0113m<\/li>\n<li>Piem\u0113rots visiem \u0101das tipiem, tostarp jut\u012bgai \u0101dai<\/li>\n<\/ul>\n<p><strong>Bubble Pop Cleanser products fine, soft foam to cleanse away dead skin, sebum and makeup residue from your face, while hyaluronic acid moisturizes your skin.<\/strong><\/p>\n<ul>\n<li>Retinal 1% \u2013 \u013coti efekt\u012bva A vitam\u012bna forma, pa\u0101trina \u0161\u016bnu atjauno\u0161anos un uzlabo \u0101das tekst\u016bru.<\/li>\n<li>Liposomu tehnolo\u0123ija \u2013 nodro\u0161ina dzi\u013cu un kontrol\u0113tu t\u012bklenes izdal\u012b\u0161anos bez kairin\u0101juma.<\/li>\n<li>Niacinam\u012bds \u2013 padara gai\u0161\u0101ku, izl\u012bdzina \u0101das toni un stiprina \u0101das barjeru.<\/li>\n<li>Pept\u012bdu komplekss \u2013 stimul\u0113 kolag\u0113na sint\u0113zi, uzlabo \u0101das elast\u012bbu.<\/li>\n<li>Hialuronsk\u0101be \u2013 mitrina un m\u012bkstina \u0101du. Pantenols, keram\u012bdi un alanto\u012bns \u2013 nomierina un aizsarg\u0101 \u0101du.<\/li>\n<\/ul>\n<p><strong>How to use:<\/strong>: Att\u012briet \u0101du un uzkl\u0101jiet toniku. Pa\u0146emiet nelielu daudzumu kr\u0113ma un vienm\u0113r\u012bgi sadaliet to uz sejas un kakla, izvairoties no acu zonas. S\u0101kum\u0101 lietojiet vakar\u0101 2-3 reizes ned\u0113\u013c\u0101. Pak\u0101peniski palieliniet lieto\u0161anas bie\u017eumu l\u012bdz ikdienas lieto\u0161anai, ja j\u016bsu \u0101da nerada kairin\u0101jumu. Dienas laik\u0101 noteikti lietojiet kr\u0113mu ar SPF 30+.<\/p>\n<p><strong>Sast\u0101vs:<\/strong> Water, Butylene Glycol, Glycerin, Retinal, Hydrogenated Lecithin, Niacinamide, Sodium Hyaluronate, Panthenol, Ceramide NP, Peptide Complex, Adenosine, Allantoin, Tocopherol, Caprylic\/Capric Triglyceride, Carbomer, Tromethamine, Phenoxyethanol, Ethylhexylglycerin, Fragrance.<\/p>","protected":false},"excerpt":{"rendered":"<p>K Secret 1% Liposome Cream Retinal ir sp\u0113c\u012bgs pretnoveco\u0161an\u0101s kr\u0113ms ar 1% retinalu liposomu form\u0101, kas paredz\u0113ts efekt\u012bvai \u0101das atjauno\u0161anai un atjauno\u0161anai.<\/p>","protected":false},"featured_media":26014,"comment_status":"open","ping_status":"closed","template":"","meta":{"site-sidebar-layout":"default","site-content-layout":"","ast-site-content-layout":"default","site-content-style":"default","site-sidebar-style":"default","ast-global-header-display":"","ast-banner-title-visibility":"","ast-main-header-display":"","ast-hfb-above-header-display":"","ast-hfb-below-header-display":"","ast-hfb-mobile-header-display":"","site-post-title":"","ast-breadcrumbs-content":"","ast-featured-img":"","footer-sml-layout":"","theme-transparent-header-meta":"default","adv-header-id-meta":"","stick-header-meta":"","header-above-stick-meta":"","header-main-stick-meta":"","header-below-stick-meta":"","astra-migrate-meta-layouts":"set","ast-page-background-enabled":"default","ast-page-background-meta":{"desktop":{"background-color":"var(--ast-global-color-4)","background-image":"","background-repeat":"repeat","background-position":"center center","background-size":"auto","background-attachment":"scroll","background-type":"","background-media":"","overlay-type":"","overlay-color":"","overlay-opacity":"","overlay-gradient":""},"tablet":{"background-color":"","background-image":"","background-repeat":"repeat","background-position":"center center","background-size":"auto","background-attachment":"scroll","background-type":"","background-media":"","overlay-type":"","overlay-color":"","overlay-opacity":"","overlay-gradient":""},"mobile":{"background-color":"","background-image":"","background-repeat":"repeat","background-position":"center center","background-size":"auto","background-attachment":"scroll","background-type":"","background-media":"","overlay-type":"","overlay-color":"","overlay-opacity":"","overlay-gradient":""}},"ast-content-background-meta":{"desktop":{"background-color":"var(--ast-global-color-5)","background-image":"","background-repeat":"repeat","background-position":"center center","background-size":"auto","background-attachment":"scroll","background-type":"","background-media":"","overlay-type":"","overlay-color":"","overlay-opacity":"","overlay-gradient":""},"tablet":{"background-color":"var(--ast-global-color-5)","background-image":"","background-repeat":"repeat","background-position":"center center","background-size":"auto","background-attachment":"scroll","background-type":"","background-media":"","overlay-type":"","overlay-color":"","overlay-opacity":"","overlay-gradient":""},"mobile":{"background-color":"var(--ast-global-color-5)","background-image":"","background-repeat":"repeat","background-position":"center center","background-size":"auto","background-attachment":"scroll","background-type":"","background-media":"","overlay-type":"","overlay-color":"","overlay-opacity":"","overlay-gradient":""}}},"product_brand":[],"product_cat":[511,368,362],"product_tag":[],"berocket_brand":[628],"class_list":{"0":"post-26013","1":"product","2":"type-product","3":"status-publish","4":"has-post-thumbnail","6":"product_cat-atlaides","7":"product_cat-pret-grumbam","8":"product_cat-sejas-krems","9":"berocket_brand-k-secret","10":"desktop-align-left","11":"tablet-align-left","12":"mobile-align-left","14":"first","15":"outofstock","16":"sale","17":"taxable","18":"shipping-taxable","19":"purchasable","20":"product-type-simple","21":"add-to-wishlist-before_image"},"yoast_head":"<!-- This site is optimized with the Yoast SEO plugin v27.4 - https:\/\/yoast.com\/product\/yoast-seo-wordpress\/ -->\n<title>K Secret 1% Liposome Cream Retinal 50ml - FACECORNER<\/title>\n<meta name=\"description\" content=\"K Secret 1% Liposome Cream Retinal ir sp\u0113c\u012bgs pretnoveco\u0161an\u0101s kr\u0113ms ar 1% retinalu liposomu form\u0101, kas paredz\u0113ts efekt\u012bvai \u0101das atjauno\u0161anai un atjauno\u0161anai.\" \/>\n<meta name=\"robots\" content=\"index, follow, max-snippet:-1, max-image-preview:large, max-video-preview:-1\" \/>\n<link rel=\"canonical\" href=\"https:\/\/www.facecorner.lv\/en\/shop\/k-secret-1-liposome-cream-retinal-50ml\/\" \/>\n<meta property=\"og:locale\" content=\"en_US\" \/>\n<meta property=\"og:type\" content=\"article\" \/>\n<meta property=\"og:title\" content=\"K Secret 1% Liposome Cream Retinal 50ml - FACECORNER\" \/>\n<meta property=\"og:description\" content=\"K Secret 1% Liposome Cream Retinal ir sp\u0113c\u012bgs pretnoveco\u0161an\u0101s kr\u0113ms ar 1% retinalu liposomu form\u0101, kas paredz\u0113ts efekt\u012bvai \u0101das atjauno\u0161anai un atjauno\u0161anai.\" \/>\n<meta property=\"og:url\" content=\"https:\/\/www.facecorner.lv\/en\/shop\/k-secret-1-liposome-cream-retinal-50ml\/\" \/>\n<meta property=\"og:site_name\" content=\"FACECORNER\" \/>\n<meta property=\"article:publisher\" content=\"https:\/\/www.facebook.com\/profile.php?id=100063824551839\" \/>\n<meta property=\"article:modified_time\" content=\"2026-03-20T10:01:44+00:00\" \/>\n<meta property=\"og:image\" content=\"https:\/\/www.facecorner.lv\/wp-content\/uploads\/2025\/11\/61ET2FiMgGL.jpg_BO30255255255_UF900850_SR191010000C_QL100_.jpg\" \/>\n\t<meta property=\"og:image:width\" content=\"1910\" \/>\n\t<meta property=\"og:image:height\" content=\"1000\" \/>\n\t<meta property=\"og:image:type\" content=\"image\/jpeg\" \/>\n<meta name=\"twitter:card\" content=\"summary_large_image\" \/>\n<meta name=\"twitter:label1\" content=\"Price\" \/>\n\t<meta name=\"twitter:data1\" content=\"&euro;18.60\" \/>\n\t<meta name=\"twitter:label2\" content=\"Availability\" \/>\n\t<meta name=\"twitter:data2\" content=\"Out of stock\" \/>\n<script type=\"application\/ld+json\" class=\"yoast-schema-graph\">{\"@context\":\"https:\\\/\\\/schema.org\",\"@graph\":[{\"@type\":\"WebPage\",\"@id\":\"https:\\\/\\\/www.facecorner.lv\\\/shop\\\/k-secret-1-liposome-cream-retinal-50ml\\\/\",\"url\":\"https:\\\/\\\/www.facecorner.lv\\\/shop\\\/k-secret-1-liposome-cream-retinal-50ml\\\/\",\"name\":\"K Secret 1% Liposome Cream Retinal 50ml - FACECORNER\",\"isPartOf\":{\"@id\":\"https:\\\/\\\/www.facecorner.lv\\\/#website\"},\"primaryImageOfPage\":{\"@id\":\"https:\\\/\\\/www.facecorner.lv\\\/shop\\\/k-secret-1-liposome-cream-retinal-50ml\\\/#primaryimage\"},\"image\":{\"@id\":\"https:\\\/\\\/www.facecorner.lv\\\/shop\\\/k-secret-1-liposome-cream-retinal-50ml\\\/#primaryimage\"},\"thumbnailUrl\":\"https:\\\/\\\/www.facecorner.lv\\\/wp-content\\\/uploads\\\/2025\\\/11\\\/61ET2FiMgGL.jpg_BO30255255255_UF900850_SR191010000C_QL100_.jpg\",\"datePublished\":\"2025-11-06T12:40:32+00:00\",\"dateModified\":\"2026-03-20T10:01:44+00:00\",\"description\":\"K Secret 1% Liposome Cream Retinal ir sp\u0113c\u012bgs pretnoveco\u0161an\u0101s kr\u0113ms ar 1% retinalu liposomu form\u0101, kas paredz\u0113ts efekt\u012bvai \u0101das atjauno\u0161anai un atjauno\u0161anai.\",\"breadcrumb\":{\"@id\":\"https:\\\/\\\/www.facecorner.lv\\\/shop\\\/k-secret-1-liposome-cream-retinal-50ml\\\/#breadcrumb\"},\"inLanguage\":\"en-US\",\"potentialAction\":[{\"@type\":\"ReadAction\",\"target\":[\"https:\\\/\\\/www.facecorner.lv\\\/shop\\\/k-secret-1-liposome-cream-retinal-50ml\\\/\"]}]},{\"@type\":\"ImageObject\",\"inLanguage\":\"en-US\",\"@id\":\"https:\\\/\\\/www.facecorner.lv\\\/shop\\\/k-secret-1-liposome-cream-retinal-50ml\\\/#primaryimage\",\"url\":\"https:\\\/\\\/www.facecorner.lv\\\/wp-content\\\/uploads\\\/2025\\\/11\\\/61ET2FiMgGL.jpg_BO30255255255_UF900850_SR191010000C_QL100_.jpg\",\"contentUrl\":\"https:\\\/\\\/www.facecorner.lv\\\/wp-content\\\/uploads\\\/2025\\\/11\\\/61ET2FiMgGL.jpg_BO30255255255_UF900850_SR191010000C_QL100_.jpg\",\"width\":1910,\"height\":1000,\"caption\":\"K Secret 1% Liposome Cream Retinal\"},{\"@type\":\"BreadcrumbList\",\"@id\":\"https:\\\/\\\/www.facecorner.lv\\\/shop\\\/k-secret-1-liposome-cream-retinal-50ml\\\/#breadcrumb\",\"itemListElement\":[{\"@type\":\"ListItem\",\"position\":1,\"name\":\"Home\",\"item\":\"https:\\\/\\\/www.facecorner.lv\\\/\"},{\"@type\":\"ListItem\",\"position\":2,\"name\":\"Veikals\",\"item\":\"https:\\\/\\\/www.facecorner.lv\\\/shop\\\/\"},{\"@type\":\"ListItem\",\"position\":3,\"name\":\"K Secret 1% Liposome Cream Retinal 50ml\"}]},{\"@type\":\"WebSite\",\"@id\":\"https:\\\/\\\/www.facecorner.lv\\\/#website\",\"url\":\"https:\\\/\\\/www.facecorner.lv\\\/\",\"name\":\"Facecorner\",\"description\":\"\",\"publisher\":{\"@id\":\"https:\\\/\\\/www.facecorner.lv\\\/#organization\"},\"potentialAction\":[{\"@type\":\"SearchAction\",\"target\":{\"@type\":\"EntryPoint\",\"urlTemplate\":\"https:\\\/\\\/www.facecorner.lv\\\/?s={search_term_string}\"},\"query-input\":{\"@type\":\"PropertyValueSpecification\",\"valueRequired\":true,\"valueName\":\"search_term_string\"}}],\"inLanguage\":\"en-US\"},{\"@type\":\"Organization\",\"@id\":\"https:\\\/\\\/www.facecorner.lv\\\/#organization\",\"name\":\"Facecorner\",\"url\":\"https:\\\/\\\/www.facecorner.lv\\\/\",\"logo\":{\"@type\":\"ImageObject\",\"inLanguage\":\"en-US\",\"@id\":\"https:\\\/\\\/www.facecorner.lv\\\/#\\\/schema\\\/logo\\\/image\\\/\",\"url\":\"https:\\\/\\\/www.facecorner.lv\\\/wp-content\\\/uploads\\\/2024\\\/04\\\/fc-logo.jpg\",\"contentUrl\":\"https:\\\/\\\/www.facecorner.lv\\\/wp-content\\\/uploads\\\/2024\\\/04\\\/fc-logo.jpg\",\"width\":174,\"height\":28,\"caption\":\"Facecorner\"},\"image\":{\"@id\":\"https:\\\/\\\/www.facecorner.lv\\\/#\\\/schema\\\/logo\\\/image\\\/\"},\"sameAs\":[\"https:\\\/\\\/www.facebook.com\\\/profile.php?id=100063824551839\",\"https:\\\/\\\/www.instagram.com\\\/facecorner_shop\\\/\"]}]}<\/script>\n<meta property=\"product:price:amount\" content=\"18.60\" \/>\n<meta property=\"product:price:currency\" content=\"EUR\" \/>\n<meta property=\"og:availability\" content=\"out of stock\" \/>\n<meta property=\"product:availability\" content=\"out of stock\" \/>\n<meta property=\"product:condition\" content=\"new\" \/>\n<!-- \/ Yoast SEO plugin. -->","yoast_head_json":{"title":"K Secret 1% Liposome Cream Retinal 50ml - FACECORNER","description":"K Secret 1% Liposome Cream Retinal ir sp\u0113c\u012bgs pretnoveco\u0161an\u0101s kr\u0113ms ar 1% retinalu liposomu form\u0101, kas paredz\u0113ts efekt\u012bvai \u0101das atjauno\u0161anai un atjauno\u0161anai.","robots":{"index":"index","follow":"follow","max-snippet":"max-snippet:-1","max-image-preview":"max-image-preview:large","max-video-preview":"max-video-preview:-1"},"canonical":"https:\/\/www.facecorner.lv\/en\/shop\/k-secret-1-liposome-cream-retinal-50ml\/","og_locale":"en_US","og_type":"article","og_title":"K Secret 1% Liposome Cream Retinal 50ml - FACECORNER","og_description":"K Secret 1% Liposome Cream Retinal ir sp\u0113c\u012bgs pretnoveco\u0161an\u0101s kr\u0113ms ar 1% retinalu liposomu form\u0101, kas paredz\u0113ts efekt\u012bvai \u0101das atjauno\u0161anai un atjauno\u0161anai.","og_url":"https:\/\/www.facecorner.lv\/en\/shop\/k-secret-1-liposome-cream-retinal-50ml\/","og_site_name":"FACECORNER","article_publisher":"https:\/\/www.facebook.com\/profile.php?id=100063824551839","article_modified_time":"2026-03-20T10:01:44+00:00","og_image":[{"width":1910,"height":1000,"url":"https:\/\/www.facecorner.lv\/wp-content\/uploads\/2025\/11\/61ET2FiMgGL.jpg_BO30255255255_UF900850_SR191010000C_QL100_.jpg","type":"image\/jpeg"}],"twitter_card":"summary_large_image","twitter_misc":{"Price":"&euro;18.60","Availability":"Out of stock"},"schema":{"@context":"https:\/\/schema.org","@graph":[{"@type":"WebPage","@id":"https:\/\/www.facecorner.lv\/shop\/k-secret-1-liposome-cream-retinal-50ml\/","url":"https:\/\/www.facecorner.lv\/shop\/k-secret-1-liposome-cream-retinal-50ml\/","name":"K Secret 1% Liposome Cream Retinal 50ml - FACECORNER","isPartOf":{"@id":"https:\/\/www.facecorner.lv\/#website"},"primaryImageOfPage":{"@id":"https:\/\/www.facecorner.lv\/shop\/k-secret-1-liposome-cream-retinal-50ml\/#primaryimage"},"image":{"@id":"https:\/\/www.facecorner.lv\/shop\/k-secret-1-liposome-cream-retinal-50ml\/#primaryimage"},"thumbnailUrl":"https:\/\/www.facecorner.lv\/wp-content\/uploads\/2025\/11\/61ET2FiMgGL.jpg_BO30255255255_UF900850_SR191010000C_QL100_.jpg","datePublished":"2025-11-06T12:40:32+00:00","dateModified":"2026-03-20T10:01:44+00:00","description":"K Secret 1% Liposome Cream Retinal ir sp\u0113c\u012bgs pretnoveco\u0161an\u0101s kr\u0113ms ar 1% retinalu liposomu form\u0101, kas paredz\u0113ts efekt\u012bvai \u0101das atjauno\u0161anai un atjauno\u0161anai.","breadcrumb":{"@id":"https:\/\/www.facecorner.lv\/shop\/k-secret-1-liposome-cream-retinal-50ml\/#breadcrumb"},"inLanguage":"en-US","potentialAction":[{"@type":"ReadAction","target":["https:\/\/www.facecorner.lv\/shop\/k-secret-1-liposome-cream-retinal-50ml\/"]}]},{"@type":"ImageObject","inLanguage":"en-US","@id":"https:\/\/www.facecorner.lv\/shop\/k-secret-1-liposome-cream-retinal-50ml\/#primaryimage","url":"https:\/\/www.facecorner.lv\/wp-content\/uploads\/2025\/11\/61ET2FiMgGL.jpg_BO30255255255_UF900850_SR191010000C_QL100_.jpg","contentUrl":"https:\/\/www.facecorner.lv\/wp-content\/uploads\/2025\/11\/61ET2FiMgGL.jpg_BO30255255255_UF900850_SR191010000C_QL100_.jpg","width":1910,"height":1000,"caption":"K Secret 1% Liposome Cream Retinal"},{"@type":"BreadcrumbList","@id":"https:\/\/www.facecorner.lv\/shop\/k-secret-1-liposome-cream-retinal-50ml\/#breadcrumb","itemListElement":[{"@type":"ListItem","position":1,"name":"Home","item":"https:\/\/www.facecorner.lv\/"},{"@type":"ListItem","position":2,"name":"Veikals","item":"https:\/\/www.facecorner.lv\/shop\/"},{"@type":"ListItem","position":3,"name":"K Secret 1% Liposome Cream Retinal 50ml"}]},{"@type":"WebSite","@id":"https:\/\/www.facecorner.lv\/#website","url":"https:\/\/www.facecorner.lv\/","name":"Facecorner","description":"","publisher":{"@id":"https:\/\/www.facecorner.lv\/#organization"},"potentialAction":[{"@type":"SearchAction","target":{"@type":"EntryPoint","urlTemplate":"https:\/\/www.facecorner.lv\/?s={search_term_string}"},"query-input":{"@type":"PropertyValueSpecification","valueRequired":true,"valueName":"search_term_string"}}],"inLanguage":"en-US"},{"@type":"Organization","@id":"https:\/\/www.facecorner.lv\/#organization","name":"Facecorner","url":"https:\/\/www.facecorner.lv\/","logo":{"@type":"ImageObject","inLanguage":"en-US","@id":"https:\/\/www.facecorner.lv\/#\/schema\/logo\/image\/","url":"https:\/\/www.facecorner.lv\/wp-content\/uploads\/2024\/04\/fc-logo.jpg","contentUrl":"https:\/\/www.facecorner.lv\/wp-content\/uploads\/2024\/04\/fc-logo.jpg","width":174,"height":28,"caption":"Facecorner"},"image":{"@id":"https:\/\/www.facecorner.lv\/#\/schema\/logo\/image\/"},"sameAs":["https:\/\/www.facebook.com\/profile.php?id=100063824551839","https:\/\/www.instagram.com\/facecorner_shop\/"]}]},"product_price_amount":"18.60","product_price_currency":"EUR","og_availability":"out of stock","product_availability":"out of stock","product_condition":"new"},"_links":{"self":[{"href":"https:\/\/www.facecorner.lv\/en\/wp-json\/wp\/v2\/product\/26013","targetHints":{"allow":["GET"]}}],"collection":[{"href":"https:\/\/www.facecorner.lv\/en\/wp-json\/wp\/v2\/product"}],"about":[{"href":"https:\/\/www.facecorner.lv\/en\/wp-json\/wp\/v2\/types\/product"}],"replies":[{"embeddable":true,"href":"https:\/\/www.facecorner.lv\/en\/wp-json\/wp\/v2\/comments?post=26013"}],"wp:featuredmedia":[{"embeddable":true,"href":"https:\/\/www.facecorner.lv\/en\/wp-json\/wp\/v2\/media\/26014"}],"wp:attachment":[{"href":"https:\/\/www.facecorner.lv\/en\/wp-json\/wp\/v2\/media?parent=26013"}],"wp:term":[{"taxonomy":"product_brand","embeddable":true,"href":"https:\/\/www.facecorner.lv\/en\/wp-json\/wp\/v2\/product_brand?post=26013"},{"taxonomy":"product_cat","embeddable":true,"href":"https:\/\/www.facecorner.lv\/en\/wp-json\/wp\/v2\/product_cat?post=26013"},{"taxonomy":"product_tag","embeddable":true,"href":"https:\/\/www.facecorner.lv\/en\/wp-json\/wp\/v2\/product_tag?post=26013"},{"taxonomy":"berocket_brand","embeddable":true,"href":"https:\/\/www.facecorner.lv\/en\/wp-json\/wp\/v2\/berocket_brand?post=26013"}],"curies":[{"name":"wp","href":"https:\/\/api.w.org\/{rel}","templated":true}]}}