{"id":25992,"date":"2025-11-05T16:01:51","date_gmt":"2025-11-05T13:01:51","guid":{"rendered":"https:\/\/www.facecorner.lv\/?post_type=product&#038;p=25992"},"modified":"2026-03-10T22:13:52","modified_gmt":"2026-03-10T19:13:52","slug":"frankly-exfoliating-toner-maigs-eksfoliejoss-toniks-mirdzosai-adai-100ml","status":"publish","type":"product","link":"https:\/\/www.facecorner.lv\/en\/shop\/frankly-exfoliating-toner-maigs-eksfoliejoss-toniks-mirdzosai-adai-100ml\/","title":{"rendered":"Frankly Exfoliating Toner  maigs eksfoli\u0113jo\u0161s toniks mirdzo\u0161ai \u0101dai 100ml"},"content":{"rendered":"<p>Frankly Exfoliating Toner ir efekt\u012bvs, bet maigs toniks ar sk\u0101b\u0113m, kas maigi eksfoli\u0113 \u0101du, izl\u012bdzina t\u0101s toni un pie\u0161\u0137ir vesel\u012bgu mirdzumu.<\/p>\n<p>Pateicoties AHA, BHA un augu ekstraktu kombin\u0101cijai, l\u012bdzeklis att\u012bra poras, samazina izsitumus un uzlabo \u0101das tekst\u016bru, neiz\u017e\u016bdinot to.<\/p>\n<p><strong>Galven\u0101s priek\u0161roc\u012bbas:<\/strong><\/p>\n<ul>\n<li>Dzi\u013ci att\u012bra un atjauno \u0101du.<\/li>\n<li>Samazina poru un pinnes p\u0113du redzam\u012bbu.<\/li>\n<li>Izl\u012bdzina \u0101das toni un pie\u0161\u0137ir tai mirdzumu.<\/li>\n<li>Mitrina un nomierina \u0101du.<\/li>\n<li>Piem\u0113rots visiem \u0101das tipiem, ieskaitot jut\u012bgu \u0101du.<\/li>\n<\/ul>\n<p><strong>Bubble Pop Cleanser products fine, soft foam to cleanse away dead skin, sebum and makeup residue from your face, while hyaluronic acid moisturizes your skin.<\/strong><\/p>\n<ul>\n<li>AHA sk\u0101bes (glikolsk\u0101be, piensk\u0101be) \u2014 pa\u0101trina \u0161\u016bnu atjauno\u0161anos<\/li>\n<li>BHA (salicilsk\u0101be) \u2014 att\u012bra poras un c\u012bn\u0101s ar iekaisumiem<\/li>\n<li>Niac\u012bnam\u012bds \u2014 izl\u012bdzina \u0101das toni un samazina taukain\u012bbu<\/li>\n<li>Za\u013c\u0101s t\u0113jas ekstrakts \u2014 nomierina un aizsarg\u0101 pret oksidat\u012bvo stresu<\/li>\n<\/ul>\n<p><strong>How to use:\nAfter cleansing and toning, place the mask sheet on your face and let it rest for 30 minutes.<\/strong> Uzkl\u0101jiet nelielu daudzumu tonika uz vates diska un p\u0113c \u0101das att\u012br\u012b\u0161anas uzman\u012bgi noslaukiet \u0101du, izvairoties no acs zonas. Lietojiet 1\u20132 reizes ned\u0113\u013c\u0101, pak\u0101peniski palielinot lieto\u0161anas bie\u017eumu, ja produkts ir labi panesams.<\/p>\n<p><strong>Sast\u0101vs:<\/strong> Aqua (Water), Glycolic Acid, Lactic Acid, Salicylic Acid, Niacinamide, Panthenol, Glycerin, Camellia Sinensis Leaf Extract, Chamomilla Recutita (Matricaria) Flower Extract, Aloe Barbadensis Leaf Juice, Sodium Hyaluronate, Allantoin, Propanediol, Sodium Hydroxide, Phenoxyethanol, Ethylhexylglycerin.<\/p>\n<p data-start=\"1587\" data-end=\"1879\">","protected":false},"excerpt":{"rendered":"<p>Frankly Exfoliating Toner ir efekt\u012bvs, bet maigs toniks ar sk\u0101b\u0113m, kas maigi eksfoli\u0113 \u0101du, izl\u012bdzina t\u0101s toni un pie\u0161\u0137ir vesel\u012bgu mirdzumu.<\/p>","protected":false},"featured_media":25990,"comment_status":"open","ping_status":"closed","template":"","meta":{"site-sidebar-layout":"default","site-content-layout":"","ast-site-content-layout":"default","site-content-style":"default","site-sidebar-style":"default","ast-global-header-display":"","ast-banner-title-visibility":"","ast-main-header-display":"","ast-hfb-above-header-display":"","ast-hfb-below-header-display":"","ast-hfb-mobile-header-display":"","site-post-title":"","ast-breadcrumbs-content":"","ast-featured-img":"","footer-sml-layout":"","theme-transparent-header-meta":"default","adv-header-id-meta":"","stick-header-meta":"","header-above-stick-meta":"","header-main-stick-meta":"","header-below-stick-meta":"","astra-migrate-meta-layouts":"set","ast-page-background-enabled":"default","ast-page-background-meta":{"desktop":{"background-color":"var(--ast-global-color-4)","background-image":"","background-repeat":"repeat","background-position":"center center","background-size":"auto","background-attachment":"scroll","background-type":"","background-media":"","overlay-type":"","overlay-color":"","overlay-opacity":"","overlay-gradient":""},"tablet":{"background-color":"","background-image":"","background-repeat":"repeat","background-position":"center center","background-size":"auto","background-attachment":"scroll","background-type":"","background-media":"","overlay-type":"","overlay-color":"","overlay-opacity":"","overlay-gradient":""},"mobile":{"background-color":"","background-image":"","background-repeat":"repeat","background-position":"center center","background-size":"auto","background-attachment":"scroll","background-type":"","background-media":"","overlay-type":"","overlay-color":"","overlay-opacity":"","overlay-gradient":""}},"ast-content-background-meta":{"desktop":{"background-color":"var(--ast-global-color-5)","background-image":"","background-repeat":"repeat","background-position":"center center","background-size":"auto","background-attachment":"scroll","background-type":"","background-media":"","overlay-type":"","overlay-color":"","overlay-opacity":"","overlay-gradient":""},"tablet":{"background-color":"var(--ast-global-color-5)","background-image":"","background-repeat":"repeat","background-position":"center center","background-size":"auto","background-attachment":"scroll","background-type":"","background-media":"","overlay-type":"","overlay-color":"","overlay-opacity":"","overlay-gradient":""},"mobile":{"background-color":"var(--ast-global-color-5)","background-image":"","background-repeat":"repeat","background-position":"center center","background-size":"auto","background-attachment":"scroll","background-type":"","background-media":"","overlay-type":"","overlay-color":"","overlay-opacity":"","overlay-gradient":""}}},"product_brand":[],"product_cat":[377,364,376],"product_tag":[],"berocket_brand":[668],"class_list":{"0":"post-25992","1":"product","2":"type-product","3":"status-publish","4":"has-post-thumbnail","6":"product_cat-problematiskai-adai-toneri","7":"product_cat-toneri","8":"product_cat-kombinetai-adai-toneri","9":"berocket_brand-frankly","10":"desktop-align-left","11":"tablet-align-left","12":"mobile-align-left","14":"first","15":"instock","16":"taxable","17":"shipping-taxable","18":"purchasable","19":"product-type-simple","20":"add-to-wishlist-before_image"},"yoast_head":"<!-- This site is optimized with the Yoast SEO plugin v27.4 - https:\/\/yoast.com\/product\/yoast-seo-wordpress\/ -->\n<title>Frankly Exfoliating Toner maigs eksfoli\u0113jo\u0161s toniks mirdzo\u0161ai \u0101dai 100ml - FACECORNER<\/title>\n<meta name=\"description\" content=\"Frankly Exfoliating Toner ir efekt\u012bvs, bet maigs toniks ar sk\u0101b\u0113m, kas maigi eksfoli\u0113 \u0101du, izl\u012bdzina t\u0101s toni un pie\u0161\u0137ir vesel\u012bgu mirdzumu.\" \/>\n<meta name=\"robots\" content=\"index, follow, max-snippet:-1, max-image-preview:large, max-video-preview:-1\" \/>\n<link rel=\"canonical\" href=\"https:\/\/www.facecorner.lv\/en\/shop\/frankly-exfoliating-toner-maigs-eksfoliejoss-toniks-mirdzosai-adai-100ml\/\" \/>\n<meta property=\"og:locale\" content=\"en_US\" \/>\n<meta property=\"og:type\" content=\"article\" \/>\n<meta property=\"og:title\" content=\"Frankly Exfoliating Toner maigs eksfoli\u0113jo\u0161s toniks mirdzo\u0161ai \u0101dai 100ml - FACECORNER\" \/>\n<meta property=\"og:description\" content=\"Frankly Exfoliating Toner ir efekt\u012bvs, bet maigs toniks ar sk\u0101b\u0113m, kas maigi eksfoli\u0113 \u0101du, izl\u012bdzina t\u0101s toni un pie\u0161\u0137ir vesel\u012bgu mirdzumu.\" \/>\n<meta property=\"og:url\" content=\"https:\/\/www.facecorner.lv\/en\/shop\/frankly-exfoliating-toner-maigs-eksfoliejoss-toniks-mirdzosai-adai-100ml\/\" \/>\n<meta property=\"og:site_name\" content=\"FACECORNER\" \/>\n<meta property=\"article:publisher\" content=\"https:\/\/www.facebook.com\/profile.php?id=100063824551839\" \/>\n<meta property=\"article:modified_time\" content=\"2026-03-10T19:13:52+00:00\" \/>\n<meta property=\"og:image\" content=\"https:\/\/www.facecorner.lv\/wp-content\/uploads\/2025\/11\/frankly-aha-805-clearing-exfoliating-toner-100ml.jpg\" \/>\n\t<meta property=\"og:image:width\" content=\"600\" \/>\n\t<meta property=\"og:image:height\" content=\"600\" \/>\n\t<meta property=\"og:image:type\" content=\"image\/jpeg\" \/>\n<meta name=\"twitter:card\" content=\"summary_large_image\" \/>\n<meta name=\"twitter:label1\" content=\"Price\" \/>\n\t<meta name=\"twitter:data1\" content=\"&euro;24.90\" \/>\n\t<meta name=\"twitter:label2\" content=\"Availability\" \/>\n\t<meta name=\"twitter:data2\" content=\"In stock\" \/>\n<script type=\"application\/ld+json\" class=\"yoast-schema-graph\">{\"@context\":\"https:\\\/\\\/schema.org\",\"@graph\":[{\"@type\":\"WebPage\",\"@id\":\"https:\\\/\\\/www.facecorner.lv\\\/shop\\\/frankly-exfoliating-toner-maigs-eksfoliejoss-toniks-mirdzosai-adai-100ml\\\/\",\"url\":\"https:\\\/\\\/www.facecorner.lv\\\/shop\\\/frankly-exfoliating-toner-maigs-eksfoliejoss-toniks-mirdzosai-adai-100ml\\\/\",\"name\":\"Frankly Exfoliating Toner maigs eksfoli\u0113jo\u0161s toniks mirdzo\u0161ai \u0101dai 100ml - FACECORNER\",\"isPartOf\":{\"@id\":\"https:\\\/\\\/www.facecorner.lv\\\/#website\"},\"primaryImageOfPage\":{\"@id\":\"https:\\\/\\\/www.facecorner.lv\\\/shop\\\/frankly-exfoliating-toner-maigs-eksfoliejoss-toniks-mirdzosai-adai-100ml\\\/#primaryimage\"},\"image\":{\"@id\":\"https:\\\/\\\/www.facecorner.lv\\\/shop\\\/frankly-exfoliating-toner-maigs-eksfoliejoss-toniks-mirdzosai-adai-100ml\\\/#primaryimage\"},\"thumbnailUrl\":\"https:\\\/\\\/www.facecorner.lv\\\/wp-content\\\/uploads\\\/2025\\\/11\\\/frankly-aha-805-clearing-exfoliating-toner-100ml.jpg\",\"datePublished\":\"2025-11-05T13:01:51+00:00\",\"dateModified\":\"2026-03-10T19:13:52+00:00\",\"description\":\"Frankly Exfoliating Toner ir efekt\u012bvs, bet maigs toniks ar sk\u0101b\u0113m, kas maigi eksfoli\u0113 \u0101du, izl\u012bdzina t\u0101s toni un pie\u0161\u0137ir vesel\u012bgu mirdzumu.\",\"breadcrumb\":{\"@id\":\"https:\\\/\\\/www.facecorner.lv\\\/shop\\\/frankly-exfoliating-toner-maigs-eksfoliejoss-toniks-mirdzosai-adai-100ml\\\/#breadcrumb\"},\"inLanguage\":\"en-US\",\"potentialAction\":[{\"@type\":\"ReadAction\",\"target\":[\"https:\\\/\\\/www.facecorner.lv\\\/shop\\\/frankly-exfoliating-toner-maigs-eksfoliejoss-toniks-mirdzosai-adai-100ml\\\/\"]}]},{\"@type\":\"ImageObject\",\"inLanguage\":\"en-US\",\"@id\":\"https:\\\/\\\/www.facecorner.lv\\\/shop\\\/frankly-exfoliating-toner-maigs-eksfoliejoss-toniks-mirdzosai-adai-100ml\\\/#primaryimage\",\"url\":\"https:\\\/\\\/www.facecorner.lv\\\/wp-content\\\/uploads\\\/2025\\\/11\\\/frankly-aha-805-clearing-exfoliating-toner-100ml.jpg\",\"contentUrl\":\"https:\\\/\\\/www.facecorner.lv\\\/wp-content\\\/uploads\\\/2025\\\/11\\\/frankly-aha-805-clearing-exfoliating-toner-100ml.jpg\",\"width\":600,\"height\":600,\"caption\":\"Frankly AHA 8.05 Exfoliating Toner\"},{\"@type\":\"BreadcrumbList\",\"@id\":\"https:\\\/\\\/www.facecorner.lv\\\/shop\\\/frankly-exfoliating-toner-maigs-eksfoliejoss-toniks-mirdzosai-adai-100ml\\\/#breadcrumb\",\"itemListElement\":[{\"@type\":\"ListItem\",\"position\":1,\"name\":\"Home\",\"item\":\"https:\\\/\\\/www.facecorner.lv\\\/\"},{\"@type\":\"ListItem\",\"position\":2,\"name\":\"Veikals\",\"item\":\"https:\\\/\\\/www.facecorner.lv\\\/shop\\\/\"},{\"@type\":\"ListItem\",\"position\":3,\"name\":\"Frankly Exfoliating Toner maigs eksfoli\u0113jo\u0161s toniks mirdzo\u0161ai \u0101dai 100ml\"}]},{\"@type\":\"WebSite\",\"@id\":\"https:\\\/\\\/www.facecorner.lv\\\/#website\",\"url\":\"https:\\\/\\\/www.facecorner.lv\\\/\",\"name\":\"Facecorner\",\"description\":\"\",\"publisher\":{\"@id\":\"https:\\\/\\\/www.facecorner.lv\\\/#organization\"},\"potentialAction\":[{\"@type\":\"SearchAction\",\"target\":{\"@type\":\"EntryPoint\",\"urlTemplate\":\"https:\\\/\\\/www.facecorner.lv\\\/?s={search_term_string}\"},\"query-input\":{\"@type\":\"PropertyValueSpecification\",\"valueRequired\":true,\"valueName\":\"search_term_string\"}}],\"inLanguage\":\"en-US\"},{\"@type\":\"Organization\",\"@id\":\"https:\\\/\\\/www.facecorner.lv\\\/#organization\",\"name\":\"Facecorner\",\"url\":\"https:\\\/\\\/www.facecorner.lv\\\/\",\"logo\":{\"@type\":\"ImageObject\",\"inLanguage\":\"en-US\",\"@id\":\"https:\\\/\\\/www.facecorner.lv\\\/#\\\/schema\\\/logo\\\/image\\\/\",\"url\":\"https:\\\/\\\/www.facecorner.lv\\\/wp-content\\\/uploads\\\/2024\\\/04\\\/fc-logo.jpg\",\"contentUrl\":\"https:\\\/\\\/www.facecorner.lv\\\/wp-content\\\/uploads\\\/2024\\\/04\\\/fc-logo.jpg\",\"width\":174,\"height\":28,\"caption\":\"Facecorner\"},\"image\":{\"@id\":\"https:\\\/\\\/www.facecorner.lv\\\/#\\\/schema\\\/logo\\\/image\\\/\"},\"sameAs\":[\"https:\\\/\\\/www.facebook.com\\\/profile.php?id=100063824551839\",\"https:\\\/\\\/www.instagram.com\\\/facecorner_shop\\\/\"]}]}<\/script>\n<meta property=\"product:price:amount\" content=\"24.90\" \/>\n<meta property=\"product:price:currency\" content=\"EUR\" \/>\n<meta property=\"og:availability\" content=\"instock\" \/>\n<meta property=\"product:availability\" content=\"instock\" \/>\n<meta property=\"product:condition\" content=\"new\" \/>\n<!-- \/ Yoast SEO plugin. -->","yoast_head_json":{"title":"Frankly Exfoliating Toner maigs eksfoli\u0113jo\u0161s toniks mirdzo\u0161ai \u0101dai 100ml - FACECORNER","description":"Frankly Exfoliating Toner ir efekt\u012bvs, bet maigs toniks ar sk\u0101b\u0113m, kas maigi eksfoli\u0113 \u0101du, izl\u012bdzina t\u0101s toni un pie\u0161\u0137ir vesel\u012bgu mirdzumu.","robots":{"index":"index","follow":"follow","max-snippet":"max-snippet:-1","max-image-preview":"max-image-preview:large","max-video-preview":"max-video-preview:-1"},"canonical":"https:\/\/www.facecorner.lv\/en\/shop\/frankly-exfoliating-toner-maigs-eksfoliejoss-toniks-mirdzosai-adai-100ml\/","og_locale":"en_US","og_type":"article","og_title":"Frankly Exfoliating Toner maigs eksfoli\u0113jo\u0161s toniks mirdzo\u0161ai \u0101dai 100ml - FACECORNER","og_description":"Frankly Exfoliating Toner ir efekt\u012bvs, bet maigs toniks ar sk\u0101b\u0113m, kas maigi eksfoli\u0113 \u0101du, izl\u012bdzina t\u0101s toni un pie\u0161\u0137ir vesel\u012bgu mirdzumu.","og_url":"https:\/\/www.facecorner.lv\/en\/shop\/frankly-exfoliating-toner-maigs-eksfoliejoss-toniks-mirdzosai-adai-100ml\/","og_site_name":"FACECORNER","article_publisher":"https:\/\/www.facebook.com\/profile.php?id=100063824551839","article_modified_time":"2026-03-10T19:13:52+00:00","og_image":[{"width":600,"height":600,"url":"https:\/\/www.facecorner.lv\/wp-content\/uploads\/2025\/11\/frankly-aha-805-clearing-exfoliating-toner-100ml.jpg","type":"image\/jpeg"}],"twitter_card":"summary_large_image","twitter_misc":{"Price":"&euro;24.90","Availability":"In stock"},"schema":{"@context":"https:\/\/schema.org","@graph":[{"@type":"WebPage","@id":"https:\/\/www.facecorner.lv\/shop\/frankly-exfoliating-toner-maigs-eksfoliejoss-toniks-mirdzosai-adai-100ml\/","url":"https:\/\/www.facecorner.lv\/shop\/frankly-exfoliating-toner-maigs-eksfoliejoss-toniks-mirdzosai-adai-100ml\/","name":"Frankly Exfoliating Toner maigs eksfoli\u0113jo\u0161s toniks mirdzo\u0161ai \u0101dai 100ml - FACECORNER","isPartOf":{"@id":"https:\/\/www.facecorner.lv\/#website"},"primaryImageOfPage":{"@id":"https:\/\/www.facecorner.lv\/shop\/frankly-exfoliating-toner-maigs-eksfoliejoss-toniks-mirdzosai-adai-100ml\/#primaryimage"},"image":{"@id":"https:\/\/www.facecorner.lv\/shop\/frankly-exfoliating-toner-maigs-eksfoliejoss-toniks-mirdzosai-adai-100ml\/#primaryimage"},"thumbnailUrl":"https:\/\/www.facecorner.lv\/wp-content\/uploads\/2025\/11\/frankly-aha-805-clearing-exfoliating-toner-100ml.jpg","datePublished":"2025-11-05T13:01:51+00:00","dateModified":"2026-03-10T19:13:52+00:00","description":"Frankly Exfoliating Toner ir efekt\u012bvs, bet maigs toniks ar sk\u0101b\u0113m, kas maigi eksfoli\u0113 \u0101du, izl\u012bdzina t\u0101s toni un pie\u0161\u0137ir vesel\u012bgu mirdzumu.","breadcrumb":{"@id":"https:\/\/www.facecorner.lv\/shop\/frankly-exfoliating-toner-maigs-eksfoliejoss-toniks-mirdzosai-adai-100ml\/#breadcrumb"},"inLanguage":"en-US","potentialAction":[{"@type":"ReadAction","target":["https:\/\/www.facecorner.lv\/shop\/frankly-exfoliating-toner-maigs-eksfoliejoss-toniks-mirdzosai-adai-100ml\/"]}]},{"@type":"ImageObject","inLanguage":"en-US","@id":"https:\/\/www.facecorner.lv\/shop\/frankly-exfoliating-toner-maigs-eksfoliejoss-toniks-mirdzosai-adai-100ml\/#primaryimage","url":"https:\/\/www.facecorner.lv\/wp-content\/uploads\/2025\/11\/frankly-aha-805-clearing-exfoliating-toner-100ml.jpg","contentUrl":"https:\/\/www.facecorner.lv\/wp-content\/uploads\/2025\/11\/frankly-aha-805-clearing-exfoliating-toner-100ml.jpg","width":600,"height":600,"caption":"Frankly AHA 8.05 Exfoliating Toner"},{"@type":"BreadcrumbList","@id":"https:\/\/www.facecorner.lv\/shop\/frankly-exfoliating-toner-maigs-eksfoliejoss-toniks-mirdzosai-adai-100ml\/#breadcrumb","itemListElement":[{"@type":"ListItem","position":1,"name":"Home","item":"https:\/\/www.facecorner.lv\/"},{"@type":"ListItem","position":2,"name":"Veikals","item":"https:\/\/www.facecorner.lv\/shop\/"},{"@type":"ListItem","position":3,"name":"Frankly Exfoliating Toner maigs eksfoli\u0113jo\u0161s toniks mirdzo\u0161ai \u0101dai 100ml"}]},{"@type":"WebSite","@id":"https:\/\/www.facecorner.lv\/#website","url":"https:\/\/www.facecorner.lv\/","name":"Facecorner","description":"","publisher":{"@id":"https:\/\/www.facecorner.lv\/#organization"},"potentialAction":[{"@type":"SearchAction","target":{"@type":"EntryPoint","urlTemplate":"https:\/\/www.facecorner.lv\/?s={search_term_string}"},"query-input":{"@type":"PropertyValueSpecification","valueRequired":true,"valueName":"search_term_string"}}],"inLanguage":"en-US"},{"@type":"Organization","@id":"https:\/\/www.facecorner.lv\/#organization","name":"Facecorner","url":"https:\/\/www.facecorner.lv\/","logo":{"@type":"ImageObject","inLanguage":"en-US","@id":"https:\/\/www.facecorner.lv\/#\/schema\/logo\/image\/","url":"https:\/\/www.facecorner.lv\/wp-content\/uploads\/2024\/04\/fc-logo.jpg","contentUrl":"https:\/\/www.facecorner.lv\/wp-content\/uploads\/2024\/04\/fc-logo.jpg","width":174,"height":28,"caption":"Facecorner"},"image":{"@id":"https:\/\/www.facecorner.lv\/#\/schema\/logo\/image\/"},"sameAs":["https:\/\/www.facebook.com\/profile.php?id=100063824551839","https:\/\/www.instagram.com\/facecorner_shop\/"]}]},"product_price_amount":"24.90","product_price_currency":"EUR","og_availability":"instock","product_availability":"instock","product_condition":"new"},"_links":{"self":[{"href":"https:\/\/www.facecorner.lv\/en\/wp-json\/wp\/v2\/product\/25992","targetHints":{"allow":["GET"]}}],"collection":[{"href":"https:\/\/www.facecorner.lv\/en\/wp-json\/wp\/v2\/product"}],"about":[{"href":"https:\/\/www.facecorner.lv\/en\/wp-json\/wp\/v2\/types\/product"}],"replies":[{"embeddable":true,"href":"https:\/\/www.facecorner.lv\/en\/wp-json\/wp\/v2\/comments?post=25992"}],"wp:featuredmedia":[{"embeddable":true,"href":"https:\/\/www.facecorner.lv\/en\/wp-json\/wp\/v2\/media\/25990"}],"wp:attachment":[{"href":"https:\/\/www.facecorner.lv\/en\/wp-json\/wp\/v2\/media?parent=25992"}],"wp:term":[{"taxonomy":"product_brand","embeddable":true,"href":"https:\/\/www.facecorner.lv\/en\/wp-json\/wp\/v2\/product_brand?post=25992"},{"taxonomy":"product_cat","embeddable":true,"href":"https:\/\/www.facecorner.lv\/en\/wp-json\/wp\/v2\/product_cat?post=25992"},{"taxonomy":"product_tag","embeddable":true,"href":"https:\/\/www.facecorner.lv\/en\/wp-json\/wp\/v2\/product_tag?post=25992"},{"taxonomy":"berocket_brand","embeddable":true,"href":"https:\/\/www.facecorner.lv\/en\/wp-json\/wp\/v2\/berocket_brand?post=25992"}],"curies":[{"name":"wp","href":"https:\/\/api.w.org\/{rel}","templated":true}]}}