{"id":25985,"date":"2025-11-05T15:33:35","date_gmt":"2025-11-05T12:33:35","guid":{"rendered":"https:\/\/www.facecorner.lv\/?post_type=product&#038;p=25985"},"modified":"2025-11-05T15:33:35","modified_gmt":"2025-11-05T12:33:35","slug":"izgaismojoss-serums-ar-niacinamidu-un-cinku-frankly-niacinamide-15-zinc-beads-30ml","status":"publish","type":"product","link":"https:\/\/www.facecorner.lv\/en\/shop\/izgaismojoss-serums-ar-niacinamidu-un-cinku-frankly-niacinamide-15-zinc-beads-30ml\/","title":{"rendered":"Izgaismojo\u0161s serums ar niac\u012bnam\u012bdu un cinku Frankly Niacinamide 15% + Zinc Beads 30ml"},"content":{"rendered":"<p>L\u012bdzsvaro \u0101du ar Frankly Niacinamide 15% + Zinc Beads \u2014 koncentr\u0113tu serumu ar augstu niac\u012bnam\u012bda un cinka saturu.<\/p>\n<p>Formula ir paredz\u0113ta sebuma ra\u017eo\u0161anas kontrolei, iekaisumu un poru samazin\u0101\u0161anai, k\u0101 ar\u012b \u0101das elast\u012bbas un tonusa uzlabo\u0161anai.<\/p>\n<p><strong>Galven\u0101s priek\u0161roc\u012bbas:<\/strong><\/p>\n<ul>\n<li>Regul\u0113 \u0101das tauku izdal\u012b\u0161anos un mat\u0113 \u0101du.<\/li>\n<li>Sa\u0161aurina poras un samazina iekaisumus.<\/li>\n<li>Izl\u012bdzina \u0101das toni un tekst\u016bru.<\/li>\n<li>Pa\u0101trina pinnes p\u0113cp\u0101rbaudes sadz\u012b\u0161anu.<\/li>\n<li>Nostiprina \u0101das aizsargbarjeru.<\/li>\n<\/ul>\n<p><strong>It is a total care mask that tightens the skin.<\/strong><\/p>\n<ul>\n<li>Niacinamide 15% (vitam\u012bns B3) \u2014 izl\u012bdzina \u0101das toni, samazina plankumus, regul\u0113 sebuma izdal\u012b\u0161anos un stiprina barjeru.<\/li>\n<li>Cinka mikrokapsulas \u2014 c\u012bn\u0101s ar iekaisumiem, regul\u0113 taukain\u012bbu un uztur poru t\u012br\u012bbu.<\/li>\n<li>Pantenols un alanto\u012bns \u2014 nomierina \u0101du un nov\u0113r\u0161 kairin\u0101jumu.<\/li>\n<li>Hialuronsk\u0101be \u2014 nodro\u0161ina optim\u0101lu mitruma l\u012bmeni, nep\u0101rslogojot \u0101du.<\/li>\n<\/ul>\n<p><strong>Rezult\u0101ts:<\/strong> \u0100da k\u013c\u016bst t\u012br\u0101ka, mat\u0113ta un gluda, samazin\u0101s iekaisumi, sa\u0161aurin\u0101s poras un izl\u012bdzin\u0101s sejas kr\u0101sa.<\/p>\n<p><strong>How to use:<\/strong>: Not\u012briet \u0101du un uzkl\u0101jiet toniku.\u0145emiet 2\u20133 pilienus seruma un maigi izl\u012bdziniet pa seju.Lietojiet no r\u012bta un\/vai vakar\u0101 pirms kr\u0113ma uzkl\u0101\u0161anas.Jut\u012bgai \u0101dai s\u0101ciet ar 3 reiz\u0113m ned\u0113\u013c\u0101.<\/p>\n<p><strong>Sast\u0101vs<\/strong>: Water, Niacinamide (15%), Zinc PCA, Glycerin, Butylene Glycol, Panthenol, Allantoin, Sodium Hyaluronate, Carbomer, Triethanolamine, Hydroxyethylcellulose, Ethylhexylglycerin, Phenoxyethanol, Zinc Beads (Encapsulated Zinc), Fragrance.<\/p>","protected":false},"excerpt":{"rendered":"<p>L\u012bdzsvaro \u0101du ar Frankly Niacinamide 15% + Zinc Beads \u2014 koncentr\u0113tu serumu ar augstu niac\u012bnam\u012bda un cinka saturu.<\/p>","protected":false},"featured_media":25986,"comment_status":"open","ping_status":"closed","template":"","meta":{"site-sidebar-layout":"default","site-content-layout":"","ast-site-content-layout":"default","site-content-style":"default","site-sidebar-style":"default","ast-global-header-display":"","ast-banner-title-visibility":"","ast-main-header-display":"","ast-hfb-above-header-display":"","ast-hfb-below-header-display":"","ast-hfb-mobile-header-display":"","site-post-title":"","ast-breadcrumbs-content":"","ast-featured-img":"","footer-sml-layout":"","theme-transparent-header-meta":"default","adv-header-id-meta":"","stick-header-meta":"","header-above-stick-meta":"","header-main-stick-meta":"","header-below-stick-meta":"","astra-migrate-meta-layouts":"set","ast-page-background-enabled":"default","ast-page-background-meta":{"desktop":{"background-color":"var(--ast-global-color-4)","background-image":"","background-repeat":"repeat","background-position":"center center","background-size":"auto","background-attachment":"scroll","background-type":"","background-media":"","overlay-type":"","overlay-color":"","overlay-opacity":"","overlay-gradient":""},"tablet":{"background-color":"","background-image":"","background-repeat":"repeat","background-position":"center center","background-size":"auto","background-attachment":"scroll","background-type":"","background-media":"","overlay-type":"","overlay-color":"","overlay-opacity":"","overlay-gradient":""},"mobile":{"background-color":"","background-image":"","background-repeat":"repeat","background-position":"center center","background-size":"auto","background-attachment":"scroll","background-type":"","background-media":"","overlay-type":"","overlay-color":"","overlay-opacity":"","overlay-gradient":""}},"ast-content-background-meta":{"desktop":{"background-color":"var(--ast-global-color-5)","background-image":"","background-repeat":"repeat","background-position":"center center","background-size":"auto","background-attachment":"scroll","background-type":"","background-media":"","overlay-type":"","overlay-color":"","overlay-opacity":"","overlay-gradient":""},"tablet":{"background-color":"var(--ast-global-color-5)","background-image":"","background-repeat":"repeat","background-position":"center center","background-size":"auto","background-attachment":"scroll","background-type":"","background-media":"","overlay-type":"","overlay-color":"","overlay-opacity":"","overlay-gradient":""},"mobile":{"background-color":"var(--ast-global-color-5)","background-image":"","background-repeat":"repeat","background-position":"center center","background-size":"auto","background-attachment":"scroll","background-type":"","background-media":"","overlay-type":"","overlay-color":"","overlay-opacity":"","overlay-gradient":""}}},"product_brand":[],"product_cat":[373,374,363],"product_tag":[],"berocket_brand":[668],"class_list":{"0":"post-25985","1":"product","2":"type-product","3":"status-publish","4":"has-post-thumbnail","6":"product_cat-poras-sasaurinoss","7":"product_cat-pret-pinnem","8":"product_cat-serumi","9":"berocket_brand-frankly","10":"desktop-align-left","11":"tablet-align-left","12":"mobile-align-left","14":"first","15":"instock","16":"taxable","17":"shipping-taxable","18":"purchasable","19":"product-type-simple","20":"add-to-wishlist-before_image"},"yoast_head":"<!-- This site is optimized with the Yoast SEO plugin v27.4 - https:\/\/yoast.com\/product\/yoast-seo-wordpress\/ -->\n<title>Izgaismojo\u0161s serums ar niac\u012bnam\u012bdu un cinku Frankly Niacinamide 15% + Zinc Beads 30ml - FACECORNER<\/title>\n<meta name=\"description\" content=\"L\u012bdzsvaro \u0101du ar Frankly Niacinamide 15% + Zinc Beads \u2014 koncentr\u0113tu serumu ar augstu niac\u012bnam\u012bda un cinka saturu.\" \/>\n<meta name=\"robots\" content=\"index, follow, max-snippet:-1, max-image-preview:large, max-video-preview:-1\" \/>\n<link rel=\"canonical\" href=\"https:\/\/www.facecorner.lv\/en\/shop\/izgaismojoss-serums-ar-niacinamidu-un-cinku-frankly-niacinamide-15-zinc-beads-30ml\/\" \/>\n<meta property=\"og:locale\" content=\"en_US\" \/>\n<meta property=\"og:type\" content=\"article\" \/>\n<meta property=\"og:title\" content=\"Izgaismojo\u0161s serums ar niac\u012bnam\u012bdu un cinku Frankly Niacinamide 15% + Zinc Beads 30ml - FACECORNER\" \/>\n<meta property=\"og:description\" content=\"L\u012bdzsvaro \u0101du ar Frankly Niacinamide 15% + Zinc Beads \u2014 koncentr\u0113tu serumu ar augstu niac\u012bnam\u012bda un cinka saturu.\" \/>\n<meta property=\"og:url\" content=\"https:\/\/www.facecorner.lv\/en\/shop\/izgaismojoss-serums-ar-niacinamidu-un-cinku-frankly-niacinamide-15-zinc-beads-30ml\/\" \/>\n<meta property=\"og:site_name\" content=\"FACECORNER\" \/>\n<meta property=\"article:publisher\" content=\"https:\/\/www.facebook.com\/profile.php?id=100063824551839\" \/>\n<meta property=\"og:image\" content=\"https:\/\/www.facecorner.lv\/wp-content\/uploads\/2025\/11\/FRANKLYNiacinamide15_ZincBeadsSerum30ml-1_600x600.webp\" \/>\n\t<meta property=\"og:image:width\" content=\"600\" \/>\n\t<meta property=\"og:image:height\" content=\"600\" \/>\n\t<meta property=\"og:image:type\" content=\"image\/webp\" \/>\n<meta name=\"twitter:card\" content=\"summary_large_image\" \/>\n<meta name=\"twitter:label1\" content=\"Price\" \/>\n\t<meta name=\"twitter:data1\" content=\"&euro;28.90\" \/>\n\t<meta name=\"twitter:label2\" content=\"Availability\" \/>\n\t<meta name=\"twitter:data2\" content=\"In stock\" \/>\n<script type=\"application\/ld+json\" class=\"yoast-schema-graph\">{\"@context\":\"https:\\\/\\\/schema.org\",\"@graph\":[{\"@type\":\"WebPage\",\"@id\":\"https:\\\/\\\/www.facecorner.lv\\\/shop\\\/izgaismojoss-serums-ar-niacinamidu-un-cinku-frankly-niacinamide-15-zinc-beads-30ml\\\/\",\"url\":\"https:\\\/\\\/www.facecorner.lv\\\/shop\\\/izgaismojoss-serums-ar-niacinamidu-un-cinku-frankly-niacinamide-15-zinc-beads-30ml\\\/\",\"name\":\"Izgaismojo\u0161s serums ar niac\u012bnam\u012bdu un cinku Frankly Niacinamide 15% + Zinc Beads 30ml - FACECORNER\",\"isPartOf\":{\"@id\":\"https:\\\/\\\/www.facecorner.lv\\\/#website\"},\"primaryImageOfPage\":{\"@id\":\"https:\\\/\\\/www.facecorner.lv\\\/shop\\\/izgaismojoss-serums-ar-niacinamidu-un-cinku-frankly-niacinamide-15-zinc-beads-30ml\\\/#primaryimage\"},\"image\":{\"@id\":\"https:\\\/\\\/www.facecorner.lv\\\/shop\\\/izgaismojoss-serums-ar-niacinamidu-un-cinku-frankly-niacinamide-15-zinc-beads-30ml\\\/#primaryimage\"},\"thumbnailUrl\":\"https:\\\/\\\/www.facecorner.lv\\\/wp-content\\\/uploads\\\/2025\\\/11\\\/FRANKLYNiacinamide15_ZincBeadsSerum30ml-1_600x600.webp\",\"datePublished\":\"2025-11-05T12:33:35+00:00\",\"description\":\"L\u012bdzsvaro \u0101du ar Frankly Niacinamide 15% + Zinc Beads \u2014 koncentr\u0113tu serumu ar augstu niac\u012bnam\u012bda un cinka saturu.\",\"breadcrumb\":{\"@id\":\"https:\\\/\\\/www.facecorner.lv\\\/shop\\\/izgaismojoss-serums-ar-niacinamidu-un-cinku-frankly-niacinamide-15-zinc-beads-30ml\\\/#breadcrumb\"},\"inLanguage\":\"en-US\",\"potentialAction\":[{\"@type\":\"ReadAction\",\"target\":[\"https:\\\/\\\/www.facecorner.lv\\\/shop\\\/izgaismojoss-serums-ar-niacinamidu-un-cinku-frankly-niacinamide-15-zinc-beads-30ml\\\/\"]}]},{\"@type\":\"ImageObject\",\"inLanguage\":\"en-US\",\"@id\":\"https:\\\/\\\/www.facecorner.lv\\\/shop\\\/izgaismojoss-serums-ar-niacinamidu-un-cinku-frankly-niacinamide-15-zinc-beads-30ml\\\/#primaryimage\",\"url\":\"https:\\\/\\\/www.facecorner.lv\\\/wp-content\\\/uploads\\\/2025\\\/11\\\/FRANKLYNiacinamide15_ZincBeadsSerum30ml-1_600x600.webp\",\"contentUrl\":\"https:\\\/\\\/www.facecorner.lv\\\/wp-content\\\/uploads\\\/2025\\\/11\\\/FRANKLYNiacinamide15_ZincBeadsSerum30ml-1_600x600.webp\",\"width\":600,\"height\":600,\"caption\":\"Frankly Niacinamide 15% + Zinc Beads\"},{\"@type\":\"BreadcrumbList\",\"@id\":\"https:\\\/\\\/www.facecorner.lv\\\/shop\\\/izgaismojoss-serums-ar-niacinamidu-un-cinku-frankly-niacinamide-15-zinc-beads-30ml\\\/#breadcrumb\",\"itemListElement\":[{\"@type\":\"ListItem\",\"position\":1,\"name\":\"Home\",\"item\":\"https:\\\/\\\/www.facecorner.lv\\\/\"},{\"@type\":\"ListItem\",\"position\":2,\"name\":\"Veikals\",\"item\":\"https:\\\/\\\/www.facecorner.lv\\\/shop\\\/\"},{\"@type\":\"ListItem\",\"position\":3,\"name\":\"Izgaismojo\u0161s serums ar niac\u012bnam\u012bdu un cinku Frankly Niacinamide 15% + Zinc Beads 30ml\"}]},{\"@type\":\"WebSite\",\"@id\":\"https:\\\/\\\/www.facecorner.lv\\\/#website\",\"url\":\"https:\\\/\\\/www.facecorner.lv\\\/\",\"name\":\"Facecorner\",\"description\":\"\",\"publisher\":{\"@id\":\"https:\\\/\\\/www.facecorner.lv\\\/#organization\"},\"potentialAction\":[{\"@type\":\"SearchAction\",\"target\":{\"@type\":\"EntryPoint\",\"urlTemplate\":\"https:\\\/\\\/www.facecorner.lv\\\/?s={search_term_string}\"},\"query-input\":{\"@type\":\"PropertyValueSpecification\",\"valueRequired\":true,\"valueName\":\"search_term_string\"}}],\"inLanguage\":\"en-US\"},{\"@type\":\"Organization\",\"@id\":\"https:\\\/\\\/www.facecorner.lv\\\/#organization\",\"name\":\"Facecorner\",\"url\":\"https:\\\/\\\/www.facecorner.lv\\\/\",\"logo\":{\"@type\":\"ImageObject\",\"inLanguage\":\"en-US\",\"@id\":\"https:\\\/\\\/www.facecorner.lv\\\/#\\\/schema\\\/logo\\\/image\\\/\",\"url\":\"https:\\\/\\\/www.facecorner.lv\\\/wp-content\\\/uploads\\\/2024\\\/04\\\/fc-logo.jpg\",\"contentUrl\":\"https:\\\/\\\/www.facecorner.lv\\\/wp-content\\\/uploads\\\/2024\\\/04\\\/fc-logo.jpg\",\"width\":174,\"height\":28,\"caption\":\"Facecorner\"},\"image\":{\"@id\":\"https:\\\/\\\/www.facecorner.lv\\\/#\\\/schema\\\/logo\\\/image\\\/\"},\"sameAs\":[\"https:\\\/\\\/www.facebook.com\\\/profile.php?id=100063824551839\",\"https:\\\/\\\/www.instagram.com\\\/facecorner_shop\\\/\"]}]}<\/script>\n<meta property=\"product:price:amount\" content=\"28.90\" \/>\n<meta property=\"product:price:currency\" content=\"EUR\" \/>\n<meta property=\"og:availability\" content=\"instock\" \/>\n<meta property=\"product:availability\" content=\"instock\" \/>\n<meta property=\"product:condition\" content=\"new\" \/>\n<!-- \/ Yoast SEO plugin. -->","yoast_head_json":{"title":"Izgaismojo\u0161s serums ar niac\u012bnam\u012bdu un cinku Frankly Niacinamide 15% + Zinc Beads 30ml - FACECORNER","description":"L\u012bdzsvaro \u0101du ar Frankly Niacinamide 15% + Zinc Beads \u2014 koncentr\u0113tu serumu ar augstu niac\u012bnam\u012bda un cinka saturu.","robots":{"index":"index","follow":"follow","max-snippet":"max-snippet:-1","max-image-preview":"max-image-preview:large","max-video-preview":"max-video-preview:-1"},"canonical":"https:\/\/www.facecorner.lv\/en\/shop\/izgaismojoss-serums-ar-niacinamidu-un-cinku-frankly-niacinamide-15-zinc-beads-30ml\/","og_locale":"en_US","og_type":"article","og_title":"Izgaismojo\u0161s serums ar niac\u012bnam\u012bdu un cinku Frankly Niacinamide 15% + Zinc Beads 30ml - FACECORNER","og_description":"L\u012bdzsvaro \u0101du ar Frankly Niacinamide 15% + Zinc Beads \u2014 koncentr\u0113tu serumu ar augstu niac\u012bnam\u012bda un cinka saturu.","og_url":"https:\/\/www.facecorner.lv\/en\/shop\/izgaismojoss-serums-ar-niacinamidu-un-cinku-frankly-niacinamide-15-zinc-beads-30ml\/","og_site_name":"FACECORNER","article_publisher":"https:\/\/www.facebook.com\/profile.php?id=100063824551839","og_image":[{"width":600,"height":600,"url":"https:\/\/www.facecorner.lv\/wp-content\/uploads\/2025\/11\/FRANKLYNiacinamide15_ZincBeadsSerum30ml-1_600x600.webp","type":"image\/webp"}],"twitter_card":"summary_large_image","twitter_misc":{"Price":"&euro;28.90","Availability":"In stock"},"schema":{"@context":"https:\/\/schema.org","@graph":[{"@type":"WebPage","@id":"https:\/\/www.facecorner.lv\/shop\/izgaismojoss-serums-ar-niacinamidu-un-cinku-frankly-niacinamide-15-zinc-beads-30ml\/","url":"https:\/\/www.facecorner.lv\/shop\/izgaismojoss-serums-ar-niacinamidu-un-cinku-frankly-niacinamide-15-zinc-beads-30ml\/","name":"Izgaismojo\u0161s serums ar niac\u012bnam\u012bdu un cinku Frankly Niacinamide 15% + Zinc Beads 30ml - FACECORNER","isPartOf":{"@id":"https:\/\/www.facecorner.lv\/#website"},"primaryImageOfPage":{"@id":"https:\/\/www.facecorner.lv\/shop\/izgaismojoss-serums-ar-niacinamidu-un-cinku-frankly-niacinamide-15-zinc-beads-30ml\/#primaryimage"},"image":{"@id":"https:\/\/www.facecorner.lv\/shop\/izgaismojoss-serums-ar-niacinamidu-un-cinku-frankly-niacinamide-15-zinc-beads-30ml\/#primaryimage"},"thumbnailUrl":"https:\/\/www.facecorner.lv\/wp-content\/uploads\/2025\/11\/FRANKLYNiacinamide15_ZincBeadsSerum30ml-1_600x600.webp","datePublished":"2025-11-05T12:33:35+00:00","description":"L\u012bdzsvaro \u0101du ar Frankly Niacinamide 15% + Zinc Beads \u2014 koncentr\u0113tu serumu ar augstu niac\u012bnam\u012bda un cinka saturu.","breadcrumb":{"@id":"https:\/\/www.facecorner.lv\/shop\/izgaismojoss-serums-ar-niacinamidu-un-cinku-frankly-niacinamide-15-zinc-beads-30ml\/#breadcrumb"},"inLanguage":"en-US","potentialAction":[{"@type":"ReadAction","target":["https:\/\/www.facecorner.lv\/shop\/izgaismojoss-serums-ar-niacinamidu-un-cinku-frankly-niacinamide-15-zinc-beads-30ml\/"]}]},{"@type":"ImageObject","inLanguage":"en-US","@id":"https:\/\/www.facecorner.lv\/shop\/izgaismojoss-serums-ar-niacinamidu-un-cinku-frankly-niacinamide-15-zinc-beads-30ml\/#primaryimage","url":"https:\/\/www.facecorner.lv\/wp-content\/uploads\/2025\/11\/FRANKLYNiacinamide15_ZincBeadsSerum30ml-1_600x600.webp","contentUrl":"https:\/\/www.facecorner.lv\/wp-content\/uploads\/2025\/11\/FRANKLYNiacinamide15_ZincBeadsSerum30ml-1_600x600.webp","width":600,"height":600,"caption":"Frankly Niacinamide 15% + Zinc Beads"},{"@type":"BreadcrumbList","@id":"https:\/\/www.facecorner.lv\/shop\/izgaismojoss-serums-ar-niacinamidu-un-cinku-frankly-niacinamide-15-zinc-beads-30ml\/#breadcrumb","itemListElement":[{"@type":"ListItem","position":1,"name":"Home","item":"https:\/\/www.facecorner.lv\/"},{"@type":"ListItem","position":2,"name":"Veikals","item":"https:\/\/www.facecorner.lv\/shop\/"},{"@type":"ListItem","position":3,"name":"Izgaismojo\u0161s serums ar niac\u012bnam\u012bdu un cinku Frankly Niacinamide 15% + Zinc Beads 30ml"}]},{"@type":"WebSite","@id":"https:\/\/www.facecorner.lv\/#website","url":"https:\/\/www.facecorner.lv\/","name":"Facecorner","description":"","publisher":{"@id":"https:\/\/www.facecorner.lv\/#organization"},"potentialAction":[{"@type":"SearchAction","target":{"@type":"EntryPoint","urlTemplate":"https:\/\/www.facecorner.lv\/?s={search_term_string}"},"query-input":{"@type":"PropertyValueSpecification","valueRequired":true,"valueName":"search_term_string"}}],"inLanguage":"en-US"},{"@type":"Organization","@id":"https:\/\/www.facecorner.lv\/#organization","name":"Facecorner","url":"https:\/\/www.facecorner.lv\/","logo":{"@type":"ImageObject","inLanguage":"en-US","@id":"https:\/\/www.facecorner.lv\/#\/schema\/logo\/image\/","url":"https:\/\/www.facecorner.lv\/wp-content\/uploads\/2024\/04\/fc-logo.jpg","contentUrl":"https:\/\/www.facecorner.lv\/wp-content\/uploads\/2024\/04\/fc-logo.jpg","width":174,"height":28,"caption":"Facecorner"},"image":{"@id":"https:\/\/www.facecorner.lv\/#\/schema\/logo\/image\/"},"sameAs":["https:\/\/www.facebook.com\/profile.php?id=100063824551839","https:\/\/www.instagram.com\/facecorner_shop\/"]}]},"product_price_amount":"28.90","product_price_currency":"EUR","og_availability":"instock","product_availability":"instock","product_condition":"new"},"_links":{"self":[{"href":"https:\/\/www.facecorner.lv\/en\/wp-json\/wp\/v2\/product\/25985","targetHints":{"allow":["GET"]}}],"collection":[{"href":"https:\/\/www.facecorner.lv\/en\/wp-json\/wp\/v2\/product"}],"about":[{"href":"https:\/\/www.facecorner.lv\/en\/wp-json\/wp\/v2\/types\/product"}],"replies":[{"embeddable":true,"href":"https:\/\/www.facecorner.lv\/en\/wp-json\/wp\/v2\/comments?post=25985"}],"wp:featuredmedia":[{"embeddable":true,"href":"https:\/\/www.facecorner.lv\/en\/wp-json\/wp\/v2\/media\/25986"}],"wp:attachment":[{"href":"https:\/\/www.facecorner.lv\/en\/wp-json\/wp\/v2\/media?parent=25985"}],"wp:term":[{"taxonomy":"product_brand","embeddable":true,"href":"https:\/\/www.facecorner.lv\/en\/wp-json\/wp\/v2\/product_brand?post=25985"},{"taxonomy":"product_cat","embeddable":true,"href":"https:\/\/www.facecorner.lv\/en\/wp-json\/wp\/v2\/product_cat?post=25985"},{"taxonomy":"product_tag","embeddable":true,"href":"https:\/\/www.facecorner.lv\/en\/wp-json\/wp\/v2\/product_tag?post=25985"},{"taxonomy":"berocket_brand","embeddable":true,"href":"https:\/\/www.facecorner.lv\/en\/wp-json\/wp\/v2\/berocket_brand?post=25985"}],"curies":[{"name":"wp","href":"https:\/\/api.w.org\/{rel}","templated":true}]}}