{"id":25981,"date":"2025-11-05T15:20:39","date_gmt":"2025-11-05T12:20:39","guid":{"rendered":"https:\/\/www.facecorner.lv\/?post_type=product&#038;p=25981"},"modified":"2025-11-23T21:53:24","modified_gmt":"2025-11-23T18:53:24","slug":"frankly-retinol-0-1-serums-ar-retinolu-adas-atjaunosanai-un-elastibas-uzlabosanai-30ml","status":"publish","type":"product","link":"https:\/\/www.facecorner.lv\/en\/shop\/frankly-retinol-0-1-serums-ar-retinolu-adas-atjaunosanai-un-elastibas-uzlabosanai-30ml\/","title":{"rendered":"Frankly Retinol 0.1 serums ar retinolu \u0101das atjauno\u0161anai un elast\u012bbas uzlabo\u0161anai 30ml"},"content":{"rendered":"<p>D\u0101vini \u0101dai otro elpu ar Frankly Retinol 0.1 \u2014 efekt\u012bvu serumu ar t\u012bru retinolu, kas rad\u012bts, lai c\u012bn\u012btos pret grumbu veido\u0161anos, \u0101das bl\u0101vumu un nevienm\u0113r\u012bgu tekst\u016bru.<\/p>\n<p>L\u012bdzeklis delik\u0101ti pa\u0101trina \u0161\u016bnu atjauno\u0161anos, stimul\u0113 kolag\u0113na ra\u017eo\u0161anu un atgrie\u017e \u0101dai gludumu un elast\u012bbu.<\/p>\n<p><strong>Galven\u0101s priek\u0161roc\u012bbas:<\/strong><\/p>\n<ul>\n<li>Samazina grumbu un pinnes p\u0113das<\/li>\n<li>Padara \u0101du glud\u0101ku, bl\u012bv\u0101ku un elast\u012bg\u0101ku<\/li>\n<li>Izl\u012bdzina sejas toni un tekst\u016bru<\/li>\n<li>Pie\u0161\u0137ir \u0101dai vesel\u012bgu mirdzumu<\/li>\n<li>Piem\u0113rots vakara kop\u0161anai<\/li>\n<\/ul>\n<p><strong>It is a total care mask that tightens the skin.<\/strong><\/p>\n<ul>\n<li>Retinols 0,1% \u2014 akt\u012bv\u0101 A vitam\u012bna forma, pa\u0101trina \u0161\u016bnu atjauno\u0161anos, izl\u012bdzina grumbu un uzlabo \u0101das strukt\u016bru.<\/li>\n<li>Niac\u012bnam\u012bds (B3 vitam\u012bns) \u2014 izl\u012bdzina \u0101das toni, nostiprina \u0101das barjeru un samazina pigment\u0101ciju.<\/li>\n<li>Pantenols un alanto\u012bns \u2014 nomierina un m\u012bkstina \u0101du, samazinot kairin\u0101juma risku.<\/li>\n<li>Hialuronsk\u0101be \u2014 dzi\u013ci mitrina un pie\u0161\u0137ir \u0101dai elast\u012bbu.<\/li>\n<li>Tokoferols (E vitam\u012bns) \u2014 antioksidants, kas aizsarg\u0101 \u0101du no noveco\u0161an\u0101s un br\u012bvo radik\u0101\u013cu ietekmes.<\/li>\n<\/ul>\n<p><strong>K\u0101 lietot Frankly Retinol 0.1: <\/strong>Lietojiet vakar\u0101 uz t\u012bras un sausas \u0101das p\u0113c att\u012br\u012b\u0161anas.Uzkl\u0101jiet 1\u20132 pilienus seruma, izvairoties no acs un l\u016bpu zonas.P\u0113c ies\u016bk\u0161an\u0101s uzkl\u0101jiet mitrino\u0161u vai barojo\u0161u kr\u0113mu.S\u0101ciet ar 2 reiz\u0113m ned\u0113\u013c\u0101, pak\u0101peniski palielinot lieto\u0161anas bie\u017eumu.<\/p>\n<p><strong>Ingredientes:<\/strong> Water, Retinol (0.1%), Niacinamide, Glycerin, Panthenol, Allantoin, Sodium Hyaluronate, Tocopherol, Butylene Glycol, Caprylic\/Capric Triglyceride, Polysorbate 20, 1,2-Hexanediol, Carbomer, Triethanolamine, Ethylhexylglycerin, Phenoxyethanol, Fragrance.<\/p>","protected":false},"excerpt":{"rendered":"<p>D\u0101vini \u0101dai otro elpu ar Frankly Retinol 0.1 \u2014 efekt\u012bvu serumu ar t\u012bru retinolu, kas rad\u012bts, lai c\u012bn\u012btos pret grumbu veido\u0161anos, \u0101das bl\u0101vumu un nevienm\u0113r\u012bgu tekst\u016bru.<\/p>","protected":false},"featured_media":25982,"comment_status":"open","ping_status":"closed","template":"","meta":{"site-sidebar-layout":"default","site-content-layout":"","ast-site-content-layout":"default","site-content-style":"default","site-sidebar-style":"default","ast-global-header-display":"","ast-banner-title-visibility":"","ast-main-header-display":"","ast-hfb-above-header-display":"","ast-hfb-below-header-display":"","ast-hfb-mobile-header-display":"","site-post-title":"","ast-breadcrumbs-content":"","ast-featured-img":"","footer-sml-layout":"","theme-transparent-header-meta":"default","adv-header-id-meta":"","stick-header-meta":"","header-above-stick-meta":"","header-main-stick-meta":"","header-below-stick-meta":"","astra-migrate-meta-layouts":"set","ast-page-background-enabled":"default","ast-page-background-meta":{"desktop":{"background-color":"var(--ast-global-color-4)","background-image":"","background-repeat":"repeat","background-position":"center center","background-size":"auto","background-attachment":"scroll","background-type":"","background-media":"","overlay-type":"","overlay-color":"","overlay-opacity":"","overlay-gradient":""},"tablet":{"background-color":"","background-image":"","background-repeat":"repeat","background-position":"center center","background-size":"auto","background-attachment":"scroll","background-type":"","background-media":"","overlay-type":"","overlay-color":"","overlay-opacity":"","overlay-gradient":""},"mobile":{"background-color":"","background-image":"","background-repeat":"repeat","background-position":"center center","background-size":"auto","background-attachment":"scroll","background-type":"","background-media":"","overlay-type":"","overlay-color":"","overlay-opacity":"","overlay-gradient":""}},"ast-content-background-meta":{"desktop":{"background-color":"var(--ast-global-color-5)","background-image":"","background-repeat":"repeat","background-position":"center center","background-size":"auto","background-attachment":"scroll","background-type":"","background-media":"","overlay-type":"","overlay-color":"","overlay-opacity":"","overlay-gradient":""},"tablet":{"background-color":"var(--ast-global-color-5)","background-image":"","background-repeat":"repeat","background-position":"center center","background-size":"auto","background-attachment":"scroll","background-type":"","background-media":"","overlay-type":"","overlay-color":"","overlay-opacity":"","overlay-gradient":""},"mobile":{"background-color":"var(--ast-global-color-5)","background-image":"","background-repeat":"repeat","background-position":"center center","background-size":"auto","background-attachment":"scroll","background-type":"","background-media":"","overlay-type":"","overlay-color":"","overlay-opacity":"","overlay-gradient":""}}},"product_brand":[],"product_cat":[371,373,368,374,369,362,363],"product_tag":[],"berocket_brand":[668],"class_list":{"0":"post-25981","1":"product","2":"type-product","3":"status-publish","4":"has-post-thumbnail","6":"product_cat-anti-age","7":"product_cat-poras-sasaurinoss","8":"product_cat-pret-grumbam","9":"product_cat-pret-pinnem","10":"product_cat-problematiskai-adai-sejas-krems","11":"product_cat-sejas-krems","12":"product_cat-serumi","13":"berocket_brand-frankly","14":"desktop-align-left","15":"tablet-align-left","16":"mobile-align-left","18":"first","19":"outofstock","20":"taxable","21":"shipping-taxable","22":"purchasable","23":"product-type-simple","24":"add-to-wishlist-before_image"},"yoast_head":"<!-- This site is optimized with the Yoast SEO plugin v27.4 - https:\/\/yoast.com\/product\/yoast-seo-wordpress\/ -->\n<title>Frankly Retinol 0.1 serums ar retinolu \u0101das atjauno\u0161anai un elast\u012bbas uzlabo\u0161anai 30ml - FACECORNER<\/title>\n<meta name=\"description\" content=\"D\u0101vini \u0101dai otro elpu ar Frankly Retinol 0.1 \u2014 efekt\u012bvu serumu ar t\u012bru retinolu, kas rad\u012bts, lai c\u012bn\u012btos pret grumbu veido\u0161anos, \u0101das bl\u0101vumu un nevienm\u0113r\u012bgu tekst\u016bru.\" \/>\n<meta name=\"robots\" content=\"index, follow, max-snippet:-1, max-image-preview:large, max-video-preview:-1\" \/>\n<link rel=\"canonical\" href=\"https:\/\/www.facecorner.lv\/en\/shop\/frankly-retinol-0-1-serums-ar-retinolu-adas-atjaunosanai-un-elastibas-uzlabosanai-30ml\/\" \/>\n<meta property=\"og:locale\" content=\"en_US\" \/>\n<meta property=\"og:type\" content=\"article\" \/>\n<meta property=\"og:title\" content=\"Frankly Retinol 0.1 serums ar retinolu \u0101das atjauno\u0161anai un elast\u012bbas uzlabo\u0161anai 30ml - FACECORNER\" \/>\n<meta property=\"og:description\" content=\"D\u0101vini \u0101dai otro elpu ar Frankly Retinol 0.1 \u2014 efekt\u012bvu serumu ar t\u012bru retinolu, kas rad\u012bts, lai c\u012bn\u012btos pret grumbu veido\u0161anos, \u0101das bl\u0101vumu un nevienm\u0113r\u012bgu tekst\u016bru.\" \/>\n<meta property=\"og:url\" content=\"https:\/\/www.facecorner.lv\/en\/shop\/frankly-retinol-0-1-serums-ar-retinolu-adas-atjaunosanai-un-elastibas-uzlabosanai-30ml\/\" \/>\n<meta property=\"og:site_name\" content=\"FACECORNER\" \/>\n<meta property=\"article:publisher\" content=\"https:\/\/www.facebook.com\/profile.php?id=100063824551839\" \/>\n<meta property=\"article:modified_time\" content=\"2025-11-23T18:53:24+00:00\" \/>\n<meta property=\"og:image\" content=\"https:\/\/www.facecorner.lv\/wp-content\/uploads\/2025\/11\/51dyEbYmCUL._AC_UF10001000_QL80_.jpg\" \/>\n\t<meta property=\"og:image:width\" content=\"1000\" \/>\n\t<meta property=\"og:image:height\" content=\"989\" \/>\n\t<meta property=\"og:image:type\" content=\"image\/jpeg\" \/>\n<meta name=\"twitter:card\" content=\"summary_large_image\" \/>\n<meta name=\"twitter:label1\" content=\"Price\" \/>\n\t<meta name=\"twitter:data1\" content=\"&euro;24.90\" \/>\n\t<meta name=\"twitter:label2\" content=\"Availability\" \/>\n\t<meta name=\"twitter:data2\" content=\"Out of stock\" \/>\n<script type=\"application\/ld+json\" class=\"yoast-schema-graph\">{\"@context\":\"https:\\\/\\\/schema.org\",\"@graph\":[{\"@type\":\"WebPage\",\"@id\":\"https:\\\/\\\/www.facecorner.lv\\\/shop\\\/frankly-retinol-0-1-serums-ar-retinolu-adas-atjaunosanai-un-elastibas-uzlabosanai-30ml\\\/\",\"url\":\"https:\\\/\\\/www.facecorner.lv\\\/shop\\\/frankly-retinol-0-1-serums-ar-retinolu-adas-atjaunosanai-un-elastibas-uzlabosanai-30ml\\\/\",\"name\":\"Frankly Retinol 0.1 serums ar retinolu \u0101das atjauno\u0161anai un elast\u012bbas uzlabo\u0161anai 30ml - FACECORNER\",\"isPartOf\":{\"@id\":\"https:\\\/\\\/www.facecorner.lv\\\/#website\"},\"primaryImageOfPage\":{\"@id\":\"https:\\\/\\\/www.facecorner.lv\\\/shop\\\/frankly-retinol-0-1-serums-ar-retinolu-adas-atjaunosanai-un-elastibas-uzlabosanai-30ml\\\/#primaryimage\"},\"image\":{\"@id\":\"https:\\\/\\\/www.facecorner.lv\\\/shop\\\/frankly-retinol-0-1-serums-ar-retinolu-adas-atjaunosanai-un-elastibas-uzlabosanai-30ml\\\/#primaryimage\"},\"thumbnailUrl\":\"https:\\\/\\\/www.facecorner.lv\\\/wp-content\\\/uploads\\\/2025\\\/11\\\/51dyEbYmCUL._AC_UF10001000_QL80_.jpg\",\"datePublished\":\"2025-11-05T12:20:39+00:00\",\"dateModified\":\"2025-11-23T18:53:24+00:00\",\"description\":\"D\u0101vini \u0101dai otro elpu ar Frankly Retinol 0.1 \u2014 efekt\u012bvu serumu ar t\u012bru retinolu, kas rad\u012bts, lai c\u012bn\u012btos pret grumbu veido\u0161anos, \u0101das bl\u0101vumu un nevienm\u0113r\u012bgu tekst\u016bru.\",\"breadcrumb\":{\"@id\":\"https:\\\/\\\/www.facecorner.lv\\\/shop\\\/frankly-retinol-0-1-serums-ar-retinolu-adas-atjaunosanai-un-elastibas-uzlabosanai-30ml\\\/#breadcrumb\"},\"inLanguage\":\"en-US\",\"potentialAction\":[{\"@type\":\"ReadAction\",\"target\":[\"https:\\\/\\\/www.facecorner.lv\\\/shop\\\/frankly-retinol-0-1-serums-ar-retinolu-adas-atjaunosanai-un-elastibas-uzlabosanai-30ml\\\/\"]}]},{\"@type\":\"ImageObject\",\"inLanguage\":\"en-US\",\"@id\":\"https:\\\/\\\/www.facecorner.lv\\\/shop\\\/frankly-retinol-0-1-serums-ar-retinolu-adas-atjaunosanai-un-elastibas-uzlabosanai-30ml\\\/#primaryimage\",\"url\":\"https:\\\/\\\/www.facecorner.lv\\\/wp-content\\\/uploads\\\/2025\\\/11\\\/51dyEbYmCUL._AC_UF10001000_QL80_.jpg\",\"contentUrl\":\"https:\\\/\\\/www.facecorner.lv\\\/wp-content\\\/uploads\\\/2025\\\/11\\\/51dyEbYmCUL._AC_UF10001000_QL80_.jpg\",\"width\":1000,\"height\":989,\"caption\":\"Frankly Retinol 0.1\"},{\"@type\":\"BreadcrumbList\",\"@id\":\"https:\\\/\\\/www.facecorner.lv\\\/shop\\\/frankly-retinol-0-1-serums-ar-retinolu-adas-atjaunosanai-un-elastibas-uzlabosanai-30ml\\\/#breadcrumb\",\"itemListElement\":[{\"@type\":\"ListItem\",\"position\":1,\"name\":\"Home\",\"item\":\"https:\\\/\\\/www.facecorner.lv\\\/\"},{\"@type\":\"ListItem\",\"position\":2,\"name\":\"Veikals\",\"item\":\"https:\\\/\\\/www.facecorner.lv\\\/shop\\\/\"},{\"@type\":\"ListItem\",\"position\":3,\"name\":\"Frankly Retinol 0.1 serums ar retinolu \u0101das atjauno\u0161anai un elast\u012bbas uzlabo\u0161anai 30ml\"}]},{\"@type\":\"WebSite\",\"@id\":\"https:\\\/\\\/www.facecorner.lv\\\/#website\",\"url\":\"https:\\\/\\\/www.facecorner.lv\\\/\",\"name\":\"Facecorner\",\"description\":\"\",\"publisher\":{\"@id\":\"https:\\\/\\\/www.facecorner.lv\\\/#organization\"},\"potentialAction\":[{\"@type\":\"SearchAction\",\"target\":{\"@type\":\"EntryPoint\",\"urlTemplate\":\"https:\\\/\\\/www.facecorner.lv\\\/?s={search_term_string}\"},\"query-input\":{\"@type\":\"PropertyValueSpecification\",\"valueRequired\":true,\"valueName\":\"search_term_string\"}}],\"inLanguage\":\"en-US\"},{\"@type\":\"Organization\",\"@id\":\"https:\\\/\\\/www.facecorner.lv\\\/#organization\",\"name\":\"Facecorner\",\"url\":\"https:\\\/\\\/www.facecorner.lv\\\/\",\"logo\":{\"@type\":\"ImageObject\",\"inLanguage\":\"en-US\",\"@id\":\"https:\\\/\\\/www.facecorner.lv\\\/#\\\/schema\\\/logo\\\/image\\\/\",\"url\":\"https:\\\/\\\/www.facecorner.lv\\\/wp-content\\\/uploads\\\/2024\\\/04\\\/fc-logo.jpg\",\"contentUrl\":\"https:\\\/\\\/www.facecorner.lv\\\/wp-content\\\/uploads\\\/2024\\\/04\\\/fc-logo.jpg\",\"width\":174,\"height\":28,\"caption\":\"Facecorner\"},\"image\":{\"@id\":\"https:\\\/\\\/www.facecorner.lv\\\/#\\\/schema\\\/logo\\\/image\\\/\"},\"sameAs\":[\"https:\\\/\\\/www.facebook.com\\\/profile.php?id=100063824551839\",\"https:\\\/\\\/www.instagram.com\\\/facecorner_shop\\\/\"]}]}<\/script>\n<meta property=\"product:price:amount\" content=\"24.90\" \/>\n<meta property=\"product:price:currency\" content=\"EUR\" \/>\n<meta property=\"og:availability\" content=\"out of stock\" \/>\n<meta property=\"product:availability\" content=\"out of stock\" \/>\n<meta property=\"product:condition\" content=\"new\" \/>\n<!-- \/ Yoast SEO plugin. -->","yoast_head_json":{"title":"Frankly Retinol 0.1 serums ar retinolu \u0101das atjauno\u0161anai un elast\u012bbas uzlabo\u0161anai 30ml - FACECORNER","description":"D\u0101vini \u0101dai otro elpu ar Frankly Retinol 0.1 \u2014 efekt\u012bvu serumu ar t\u012bru retinolu, kas rad\u012bts, lai c\u012bn\u012btos pret grumbu veido\u0161anos, \u0101das bl\u0101vumu un nevienm\u0113r\u012bgu tekst\u016bru.","robots":{"index":"index","follow":"follow","max-snippet":"max-snippet:-1","max-image-preview":"max-image-preview:large","max-video-preview":"max-video-preview:-1"},"canonical":"https:\/\/www.facecorner.lv\/en\/shop\/frankly-retinol-0-1-serums-ar-retinolu-adas-atjaunosanai-un-elastibas-uzlabosanai-30ml\/","og_locale":"en_US","og_type":"article","og_title":"Frankly Retinol 0.1 serums ar retinolu \u0101das atjauno\u0161anai un elast\u012bbas uzlabo\u0161anai 30ml - FACECORNER","og_description":"D\u0101vini \u0101dai otro elpu ar Frankly Retinol 0.1 \u2014 efekt\u012bvu serumu ar t\u012bru retinolu, kas rad\u012bts, lai c\u012bn\u012btos pret grumbu veido\u0161anos, \u0101das bl\u0101vumu un nevienm\u0113r\u012bgu tekst\u016bru.","og_url":"https:\/\/www.facecorner.lv\/en\/shop\/frankly-retinol-0-1-serums-ar-retinolu-adas-atjaunosanai-un-elastibas-uzlabosanai-30ml\/","og_site_name":"FACECORNER","article_publisher":"https:\/\/www.facebook.com\/profile.php?id=100063824551839","article_modified_time":"2025-11-23T18:53:24+00:00","og_image":[{"width":1000,"height":989,"url":"https:\/\/www.facecorner.lv\/wp-content\/uploads\/2025\/11\/51dyEbYmCUL._AC_UF10001000_QL80_.jpg","type":"image\/jpeg"}],"twitter_card":"summary_large_image","twitter_misc":{"Price":"&euro;24.90","Availability":"Out of stock"},"schema":{"@context":"https:\/\/schema.org","@graph":[{"@type":"WebPage","@id":"https:\/\/www.facecorner.lv\/shop\/frankly-retinol-0-1-serums-ar-retinolu-adas-atjaunosanai-un-elastibas-uzlabosanai-30ml\/","url":"https:\/\/www.facecorner.lv\/shop\/frankly-retinol-0-1-serums-ar-retinolu-adas-atjaunosanai-un-elastibas-uzlabosanai-30ml\/","name":"Frankly Retinol 0.1 serums ar retinolu \u0101das atjauno\u0161anai un elast\u012bbas uzlabo\u0161anai 30ml - FACECORNER","isPartOf":{"@id":"https:\/\/www.facecorner.lv\/#website"},"primaryImageOfPage":{"@id":"https:\/\/www.facecorner.lv\/shop\/frankly-retinol-0-1-serums-ar-retinolu-adas-atjaunosanai-un-elastibas-uzlabosanai-30ml\/#primaryimage"},"image":{"@id":"https:\/\/www.facecorner.lv\/shop\/frankly-retinol-0-1-serums-ar-retinolu-adas-atjaunosanai-un-elastibas-uzlabosanai-30ml\/#primaryimage"},"thumbnailUrl":"https:\/\/www.facecorner.lv\/wp-content\/uploads\/2025\/11\/51dyEbYmCUL._AC_UF10001000_QL80_.jpg","datePublished":"2025-11-05T12:20:39+00:00","dateModified":"2025-11-23T18:53:24+00:00","description":"D\u0101vini \u0101dai otro elpu ar Frankly Retinol 0.1 \u2014 efekt\u012bvu serumu ar t\u012bru retinolu, kas rad\u012bts, lai c\u012bn\u012btos pret grumbu veido\u0161anos, \u0101das bl\u0101vumu un nevienm\u0113r\u012bgu tekst\u016bru.","breadcrumb":{"@id":"https:\/\/www.facecorner.lv\/shop\/frankly-retinol-0-1-serums-ar-retinolu-adas-atjaunosanai-un-elastibas-uzlabosanai-30ml\/#breadcrumb"},"inLanguage":"en-US","potentialAction":[{"@type":"ReadAction","target":["https:\/\/www.facecorner.lv\/shop\/frankly-retinol-0-1-serums-ar-retinolu-adas-atjaunosanai-un-elastibas-uzlabosanai-30ml\/"]}]},{"@type":"ImageObject","inLanguage":"en-US","@id":"https:\/\/www.facecorner.lv\/shop\/frankly-retinol-0-1-serums-ar-retinolu-adas-atjaunosanai-un-elastibas-uzlabosanai-30ml\/#primaryimage","url":"https:\/\/www.facecorner.lv\/wp-content\/uploads\/2025\/11\/51dyEbYmCUL._AC_UF10001000_QL80_.jpg","contentUrl":"https:\/\/www.facecorner.lv\/wp-content\/uploads\/2025\/11\/51dyEbYmCUL._AC_UF10001000_QL80_.jpg","width":1000,"height":989,"caption":"Frankly Retinol 0.1"},{"@type":"BreadcrumbList","@id":"https:\/\/www.facecorner.lv\/shop\/frankly-retinol-0-1-serums-ar-retinolu-adas-atjaunosanai-un-elastibas-uzlabosanai-30ml\/#breadcrumb","itemListElement":[{"@type":"ListItem","position":1,"name":"Home","item":"https:\/\/www.facecorner.lv\/"},{"@type":"ListItem","position":2,"name":"Veikals","item":"https:\/\/www.facecorner.lv\/shop\/"},{"@type":"ListItem","position":3,"name":"Frankly Retinol 0.1 serums ar retinolu \u0101das atjauno\u0161anai un elast\u012bbas uzlabo\u0161anai 30ml"}]},{"@type":"WebSite","@id":"https:\/\/www.facecorner.lv\/#website","url":"https:\/\/www.facecorner.lv\/","name":"Facecorner","description":"","publisher":{"@id":"https:\/\/www.facecorner.lv\/#organization"},"potentialAction":[{"@type":"SearchAction","target":{"@type":"EntryPoint","urlTemplate":"https:\/\/www.facecorner.lv\/?s={search_term_string}"},"query-input":{"@type":"PropertyValueSpecification","valueRequired":true,"valueName":"search_term_string"}}],"inLanguage":"en-US"},{"@type":"Organization","@id":"https:\/\/www.facecorner.lv\/#organization","name":"Facecorner","url":"https:\/\/www.facecorner.lv\/","logo":{"@type":"ImageObject","inLanguage":"en-US","@id":"https:\/\/www.facecorner.lv\/#\/schema\/logo\/image\/","url":"https:\/\/www.facecorner.lv\/wp-content\/uploads\/2024\/04\/fc-logo.jpg","contentUrl":"https:\/\/www.facecorner.lv\/wp-content\/uploads\/2024\/04\/fc-logo.jpg","width":174,"height":28,"caption":"Facecorner"},"image":{"@id":"https:\/\/www.facecorner.lv\/#\/schema\/logo\/image\/"},"sameAs":["https:\/\/www.facebook.com\/profile.php?id=100063824551839","https:\/\/www.instagram.com\/facecorner_shop\/"]}]},"product_price_amount":"24.90","product_price_currency":"EUR","og_availability":"out of stock","product_availability":"out of stock","product_condition":"new"},"_links":{"self":[{"href":"https:\/\/www.facecorner.lv\/en\/wp-json\/wp\/v2\/product\/25981","targetHints":{"allow":["GET"]}}],"collection":[{"href":"https:\/\/www.facecorner.lv\/en\/wp-json\/wp\/v2\/product"}],"about":[{"href":"https:\/\/www.facecorner.lv\/en\/wp-json\/wp\/v2\/types\/product"}],"replies":[{"embeddable":true,"href":"https:\/\/www.facecorner.lv\/en\/wp-json\/wp\/v2\/comments?post=25981"}],"wp:featuredmedia":[{"embeddable":true,"href":"https:\/\/www.facecorner.lv\/en\/wp-json\/wp\/v2\/media\/25982"}],"wp:attachment":[{"href":"https:\/\/www.facecorner.lv\/en\/wp-json\/wp\/v2\/media?parent=25981"}],"wp:term":[{"taxonomy":"product_brand","embeddable":true,"href":"https:\/\/www.facecorner.lv\/en\/wp-json\/wp\/v2\/product_brand?post=25981"},{"taxonomy":"product_cat","embeddable":true,"href":"https:\/\/www.facecorner.lv\/en\/wp-json\/wp\/v2\/product_cat?post=25981"},{"taxonomy":"product_tag","embeddable":true,"href":"https:\/\/www.facecorner.lv\/en\/wp-json\/wp\/v2\/product_tag?post=25981"},{"taxonomy":"berocket_brand","embeddable":true,"href":"https:\/\/www.facecorner.lv\/en\/wp-json\/wp\/v2\/berocket_brand?post=25981"}],"curies":[{"name":"wp","href":"https:\/\/api.w.org\/{rel}","templated":true}]}}