{"id":25973,"date":"2025-11-04T15:29:17","date_gmt":"2025-11-04T12:29:17","guid":{"rendered":"https:\/\/www.facecorner.lv\/?post_type=product&#038;p=25973"},"modified":"2025-12-29T10:58:57","modified_gmt":"2025-12-29T07:58:57","slug":"vt-100-pdrn-reedle-shot-50ml","status":"publish","type":"product","link":"https:\/\/www.facecorner.lv\/en\/shop\/vt-100-pdrn-reedle-shot-50ml\/","title":{"rendered":"VT 100 PDRN Reedle Shot 50ml"},"content":{"rendered":"<p>Atkl\u0101jiet profesion\u0101l\u0101s kop\u0161anas nosl\u0113pumu ar VT 100 PDRN Reedle Shot \u2014 jaun\u0101s paaudzes ampulu, kas rad\u012bta \u0101das atjauno\u0161anai, liftingam un mirdzumam.<\/p>\n<p>Inovat\u012bv\u0101 formula apvieno Reedle\u2122 mikroadatas un PDRN (polideoksiribonukleot\u012bdu) \u2014 akt\u012bvo komponentu, kas ieg\u016bts no la\u0161u DNS un stimul\u0113 \u0161\u016bnu re\u0123ener\u0101ciju un uzlabo \u0101das elast\u012bbu.<\/p>\n<p><strong>VT Reedle Shot priek\u0161roc\u012bbas:<\/strong><\/p>\n<ul>\n<li>Akt\u012bvi atjauno un izl\u012bdzina grumbu<\/li>\n<li>Pa\u0101trina \u0101das atjauno\u0161anos p\u0113c stresa un boj\u0101jumiem<\/li>\n<li>Palielina \u0101das elast\u012bbu, bl\u012bvumu un tonusu<\/li>\n<li>Uzlabo mikrocirkul\u0101ciju un sejas starojumu<\/li>\n<li>Pastiprina akt\u012bvo sast\u0101vda\u013cu uzs\u016bk\u0161anos<\/li>\n<\/ul>\n<p><strong>It is a total care mask that tightens the skin.<\/strong><\/p>\n<ul>\n<li>PDRN (lasa DNS ekstrakts) \u2014 sp\u0113c\u012bgs re\u0123enerators, pa\u0101trina \u0161\u016bnu atjauno\u0161anos, atjauno \u0101du un c\u012bn\u0101s ar grumbu veido\u0161anos.<\/li>\n<li>Reedle\u2122 Micro-Needle Technology \u2014 mikrodal\u012btas mikroadatas maigi stimul\u0113 \u0101du, uzlabojot akt\u012bvo vielu uzs\u016bk\u0161anos.<\/li>\n<li>Pept\u012bdi un hialuronsk\u0101be \u2014 mitrina, nostiprina un padara \u0101du gludu.<\/li>\n<\/ul>\n<p><strong>How to use:<\/strong> Not\u012briet \u0101du ar maigu t\u012br\u012b\u0161anas l\u012bdzekli.Uzkl\u0101jiet toniku, lai sagatavotu \u0101du un uzlabotu akt\u012bvo vielu uzs\u016bk\u0161anos.\u0145emiet 2\u20133 pilienus ampulas satura un uzman\u012bgi izl\u012bdziniet pa seju, izvairoties no acu un l\u016bpu zonas.Ar viegliem piesk\u0101rieniem pal\u012bdziet l\u012bdzeklim ies\u016bkties.P\u0113c ies\u016bk\u0161an\u0101s var uzkl\u0101t mitrino\u0161u kr\u0113mu, lai nostiprin\u0101tu efektu.<\/p>\n<p><strong>\u00a0Lieto\u0161anas padomi:<\/strong><\/p>\n<ul>\n<li>Lietojiet 1 reizi dien\u0101 (vakar\u0101) 2\u20133 reizes ned\u0113\u013c\u0101.<\/li>\n<li>Iesp\u0113jama viegla tirp\u0161ana un siltuma saj\u016bta \u2014 t\u0101 ir norm\u0101la Reedle\u2122 mikrodal\u012b\u0146u reakcija.<\/li>\n<li>Izvairieties no kombin\u0101cijas ar sk\u0101b\u0113m un retinolu vien\u0101 dien\u0101.<\/li>\n<li>Regul\u0101ri lietojot l\u012bdzekli, oblig\u0101ti uzkl\u0101jiet SPF dienas laik\u0101.<\/li>\n<\/ul>\n<p><strong>Sast\u0101vs:<\/strong> Water, Dicaprylyl Carbonate, Caprylic\/Capric Triglyceride, Polyglyceryl-4 Diisostearate\/Polyhydroxystearate\/Sebacate, Sorbitol, Polyglyceryl-4 Isostearate, Niacinamide, Butylene Glycol Dicaprylate\/Dicaprate, Magnesium Sulfate, Hyaluronic Acid, Dipropylene Glycol, Polyurethane-15, 1,2-Hexanediol, Hydroxyacetophenone, Diisostearyl Malate, Sorbitan Olivate, Synthetic Beeswax, Silica, Ethylhexylglycerin, Hippophae Rhamnoides Fruit Oil, Butylene Glycol, Adenosine, Butyrospermum Parkii (Shea) Butter, Disodium EDTA, Centella Asiatica Extract, Glutathione, Glycerin, Squalane, Tocopherol, Polyglyceryl-10 Laurate, Centella Asiatica Callus Extracellular Vesicles, Sodium Hyaluronate, Panax Ginseng Root Extract, Tripeptide-1, Sucrose, Hexapeptide-9, Copper Tripeptide-1, Acetyl Hexapeptide-8, Hydroxypropyltrimonium Hyaluronate, Palmitoyl Pentapeptide-4, Sodium DNA(0.05ppm), Sodium Acetylated Hyaluronate, Mineral Salts, Hydrolyzed Hyaluronic Acid, Hyaluronic Acid, Hydrolyzed Sodium Hyaluronate, Sodium Hyaluronate Crosspolymer, Madecassoside, Madecassic Acid, Propolis Extract, Asiaticoside, Asiatic Acid, Potassium Hyaluronate<\/p>\n<p>&nbsp;<\/p>","protected":false},"excerpt":{"rendered":"<p>Atkl\u0101jiet profesion\u0101l\u0101s kop\u0161anas nosl\u0113pumu ar VT 100 PDRN Reedle Shot \u2014 jaun\u0101s paaudzes ampulu, kas rad\u012bta \u0101das atjauno\u0161anai, liftingam un mirdzumam.<\/p>","protected":false},"featured_media":25974,"comment_status":"open","ping_status":"closed","template":"","meta":{"site-sidebar-layout":"default","site-content-layout":"","ast-site-content-layout":"default","site-content-style":"default","site-sidebar-style":"default","ast-global-header-display":"","ast-banner-title-visibility":"","ast-main-header-display":"","ast-hfb-above-header-display":"","ast-hfb-below-header-display":"","ast-hfb-mobile-header-display":"","site-post-title":"","ast-breadcrumbs-content":"","ast-featured-img":"","footer-sml-layout":"","theme-transparent-header-meta":"default","adv-header-id-meta":"","stick-header-meta":"","header-above-stick-meta":"","header-main-stick-meta":"","header-below-stick-meta":"","astra-migrate-meta-layouts":"set","ast-page-background-enabled":"default","ast-page-background-meta":{"desktop":{"background-color":"var(--ast-global-color-4)","background-image":"","background-repeat":"repeat","background-position":"center center","background-size":"auto","background-attachment":"scroll","background-type":"","background-media":"","overlay-type":"","overlay-color":"","overlay-opacity":"","overlay-gradient":""},"tablet":{"background-color":"","background-image":"","background-repeat":"repeat","background-position":"center center","background-size":"auto","background-attachment":"scroll","background-type":"","background-media":"","overlay-type":"","overlay-color":"","overlay-opacity":"","overlay-gradient":""},"mobile":{"background-color":"","background-image":"","background-repeat":"repeat","background-position":"center center","background-size":"auto","background-attachment":"scroll","background-type":"","background-media":"","overlay-type":"","overlay-color":"","overlay-opacity":"","overlay-gradient":""}},"ast-content-background-meta":{"desktop":{"background-color":"var(--ast-global-color-5)","background-image":"","background-repeat":"repeat","background-position":"center center","background-size":"auto","background-attachment":"scroll","background-type":"","background-media":"","overlay-type":"","overlay-color":"","overlay-opacity":"","overlay-gradient":""},"tablet":{"background-color":"var(--ast-global-color-5)","background-image":"","background-repeat":"repeat","background-position":"center center","background-size":"auto","background-attachment":"scroll","background-type":"","background-media":"","overlay-type":"","overlay-color":"","overlay-opacity":"","overlay-gradient":""},"mobile":{"background-color":"var(--ast-global-color-5)","background-image":"","background-repeat":"repeat","background-position":"center center","background-size":"auto","background-attachment":"scroll","background-type":"","background-media":"","overlay-type":"","overlay-color":"","overlay-opacity":"","overlay-gradient":""}}},"product_brand":[],"product_cat":[370,371,652,373,363],"product_tag":[],"berocket_brand":[582],"class_list":{"0":"post-25973","1":"product","2":"type-product","3":"status-publish","4":"has-post-thumbnail","6":"product_cat-adas-mirdzumam","7":"product_cat-anti-age","8":"product_cat-pdrn","9":"product_cat-poras-sasaurinoss","10":"product_cat-serumi","11":"berocket_brand-vt","12":"desktop-align-left","13":"tablet-align-left","14":"mobile-align-left","16":"first","17":"outofstock","18":"taxable","19":"shipping-taxable","20":"purchasable","21":"product-type-simple","22":"add-to-wishlist-before_image"},"yoast_head":"<!-- This site is optimized with the Yoast SEO plugin v27.4 - https:\/\/yoast.com\/product\/yoast-seo-wordpress\/ -->\n<title>VT 100 PDRN Reedle Shot 50ml - FACECORNER<\/title>\n<meta name=\"description\" content=\"Atkl\u0101jiet profesion\u0101l\u0101s kop\u0161anas nosl\u0113pumu ar VT 100 PDRN Reedle Shot \u2014 jaun\u0101s paaudzes ampulu, kas rad\u012bta \u0101das atjauno\u0161anai, liftingam un mirdzumam.\" \/>\n<meta name=\"robots\" content=\"index, follow, max-snippet:-1, max-image-preview:large, max-video-preview:-1\" \/>\n<link rel=\"canonical\" href=\"https:\/\/www.facecorner.lv\/en\/shop\/vt-100-pdrn-reedle-shot-50ml\/\" \/>\n<meta property=\"og:locale\" content=\"en_US\" \/>\n<meta property=\"og:type\" content=\"article\" \/>\n<meta property=\"og:title\" content=\"VT 100 PDRN Reedle Shot 50ml - FACECORNER\" \/>\n<meta property=\"og:description\" content=\"Atkl\u0101jiet profesion\u0101l\u0101s kop\u0161anas nosl\u0113pumu ar VT 100 PDRN Reedle Shot \u2014 jaun\u0101s paaudzes ampulu, kas rad\u012bta \u0101das atjauno\u0161anai, liftingam un mirdzumam.\" \/>\n<meta property=\"og:url\" content=\"https:\/\/www.facecorner.lv\/en\/shop\/vt-100-pdrn-reedle-shot-50ml\/\" \/>\n<meta property=\"og:site_name\" content=\"FACECORNER\" \/>\n<meta property=\"article:publisher\" content=\"https:\/\/www.facebook.com\/profile.php?id=100063824551839\" \/>\n<meta property=\"article:modified_time\" content=\"2025-12-29T07:58:57+00:00\" \/>\n<meta property=\"og:image\" content=\"https:\/\/www.facecorner.lv\/wp-content\/uploads\/2025\/11\/images-1.jpeg\" \/>\n\t<meta property=\"og:image:width\" content=\"225\" \/>\n\t<meta property=\"og:image:height\" content=\"225\" \/>\n\t<meta property=\"og:image:type\" content=\"image\/jpeg\" \/>\n<meta name=\"twitter:card\" content=\"summary_large_image\" \/>\n<meta name=\"twitter:label1\" content=\"Price\" \/>\n\t<meta name=\"twitter:data1\" content=\"&euro;39.90\" \/>\n\t<meta name=\"twitter:label2\" content=\"Availability\" \/>\n\t<meta name=\"twitter:data2\" content=\"Out of stock\" \/>\n<script type=\"application\/ld+json\" class=\"yoast-schema-graph\">{\"@context\":\"https:\\\/\\\/schema.org\",\"@graph\":[{\"@type\":\"WebPage\",\"@id\":\"https:\\\/\\\/www.facecorner.lv\\\/shop\\\/vt-100-pdrn-reedle-shot-50ml\\\/\",\"url\":\"https:\\\/\\\/www.facecorner.lv\\\/shop\\\/vt-100-pdrn-reedle-shot-50ml\\\/\",\"name\":\"VT 100 PDRN Reedle Shot 50ml - FACECORNER\",\"isPartOf\":{\"@id\":\"https:\\\/\\\/www.facecorner.lv\\\/#website\"},\"primaryImageOfPage\":{\"@id\":\"https:\\\/\\\/www.facecorner.lv\\\/shop\\\/vt-100-pdrn-reedle-shot-50ml\\\/#primaryimage\"},\"image\":{\"@id\":\"https:\\\/\\\/www.facecorner.lv\\\/shop\\\/vt-100-pdrn-reedle-shot-50ml\\\/#primaryimage\"},\"thumbnailUrl\":\"https:\\\/\\\/www.facecorner.lv\\\/wp-content\\\/uploads\\\/2025\\\/11\\\/images-1.jpeg\",\"datePublished\":\"2025-11-04T12:29:17+00:00\",\"dateModified\":\"2025-12-29T07:58:57+00:00\",\"description\":\"Atkl\u0101jiet profesion\u0101l\u0101s kop\u0161anas nosl\u0113pumu ar VT 100 PDRN Reedle Shot \u2014 jaun\u0101s paaudzes ampulu, kas rad\u012bta \u0101das atjauno\u0161anai, liftingam un mirdzumam.\",\"breadcrumb\":{\"@id\":\"https:\\\/\\\/www.facecorner.lv\\\/shop\\\/vt-100-pdrn-reedle-shot-50ml\\\/#breadcrumb\"},\"inLanguage\":\"en-US\",\"potentialAction\":[{\"@type\":\"ReadAction\",\"target\":[\"https:\\\/\\\/www.facecorner.lv\\\/shop\\\/vt-100-pdrn-reedle-shot-50ml\\\/\"]}]},{\"@type\":\"ImageObject\",\"inLanguage\":\"en-US\",\"@id\":\"https:\\\/\\\/www.facecorner.lv\\\/shop\\\/vt-100-pdrn-reedle-shot-50ml\\\/#primaryimage\",\"url\":\"https:\\\/\\\/www.facecorner.lv\\\/wp-content\\\/uploads\\\/2025\\\/11\\\/images-1.jpeg\",\"contentUrl\":\"https:\\\/\\\/www.facecorner.lv\\\/wp-content\\\/uploads\\\/2025\\\/11\\\/images-1.jpeg\",\"width\":225,\"height\":225,\"caption\":\"VT 100 PDRN Reedle Shot\"},{\"@type\":\"BreadcrumbList\",\"@id\":\"https:\\\/\\\/www.facecorner.lv\\\/shop\\\/vt-100-pdrn-reedle-shot-50ml\\\/#breadcrumb\",\"itemListElement\":[{\"@type\":\"ListItem\",\"position\":1,\"name\":\"Home\",\"item\":\"https:\\\/\\\/www.facecorner.lv\\\/\"},{\"@type\":\"ListItem\",\"position\":2,\"name\":\"Veikals\",\"item\":\"https:\\\/\\\/www.facecorner.lv\\\/shop\\\/\"},{\"@type\":\"ListItem\",\"position\":3,\"name\":\"VT 100 PDRN Reedle Shot 50ml\"}]},{\"@type\":\"WebSite\",\"@id\":\"https:\\\/\\\/www.facecorner.lv\\\/#website\",\"url\":\"https:\\\/\\\/www.facecorner.lv\\\/\",\"name\":\"Facecorner\",\"description\":\"\",\"publisher\":{\"@id\":\"https:\\\/\\\/www.facecorner.lv\\\/#organization\"},\"potentialAction\":[{\"@type\":\"SearchAction\",\"target\":{\"@type\":\"EntryPoint\",\"urlTemplate\":\"https:\\\/\\\/www.facecorner.lv\\\/?s={search_term_string}\"},\"query-input\":{\"@type\":\"PropertyValueSpecification\",\"valueRequired\":true,\"valueName\":\"search_term_string\"}}],\"inLanguage\":\"en-US\"},{\"@type\":\"Organization\",\"@id\":\"https:\\\/\\\/www.facecorner.lv\\\/#organization\",\"name\":\"Facecorner\",\"url\":\"https:\\\/\\\/www.facecorner.lv\\\/\",\"logo\":{\"@type\":\"ImageObject\",\"inLanguage\":\"en-US\",\"@id\":\"https:\\\/\\\/www.facecorner.lv\\\/#\\\/schema\\\/logo\\\/image\\\/\",\"url\":\"https:\\\/\\\/www.facecorner.lv\\\/wp-content\\\/uploads\\\/2024\\\/04\\\/fc-logo.jpg\",\"contentUrl\":\"https:\\\/\\\/www.facecorner.lv\\\/wp-content\\\/uploads\\\/2024\\\/04\\\/fc-logo.jpg\",\"width\":174,\"height\":28,\"caption\":\"Facecorner\"},\"image\":{\"@id\":\"https:\\\/\\\/www.facecorner.lv\\\/#\\\/schema\\\/logo\\\/image\\\/\"},\"sameAs\":[\"https:\\\/\\\/www.facebook.com\\\/profile.php?id=100063824551839\",\"https:\\\/\\\/www.instagram.com\\\/facecorner_shop\\\/\"]}]}<\/script>\n<meta property=\"product:price:amount\" content=\"39.90\" \/>\n<meta property=\"product:price:currency\" content=\"EUR\" \/>\n<meta property=\"og:availability\" content=\"out of stock\" \/>\n<meta property=\"product:availability\" content=\"out of stock\" \/>\n<meta property=\"product:condition\" content=\"new\" \/>\n<!-- \/ Yoast SEO plugin. -->","yoast_head_json":{"title":"VT 100 PDRN Reedle Shot 50ml - FACECORNER","description":"Atkl\u0101jiet profesion\u0101l\u0101s kop\u0161anas nosl\u0113pumu ar VT 100 PDRN Reedle Shot \u2014 jaun\u0101s paaudzes ampulu, kas rad\u012bta \u0101das atjauno\u0161anai, liftingam un mirdzumam.","robots":{"index":"index","follow":"follow","max-snippet":"max-snippet:-1","max-image-preview":"max-image-preview:large","max-video-preview":"max-video-preview:-1"},"canonical":"https:\/\/www.facecorner.lv\/en\/shop\/vt-100-pdrn-reedle-shot-50ml\/","og_locale":"en_US","og_type":"article","og_title":"VT 100 PDRN Reedle Shot 50ml - FACECORNER","og_description":"Atkl\u0101jiet profesion\u0101l\u0101s kop\u0161anas nosl\u0113pumu ar VT 100 PDRN Reedle Shot \u2014 jaun\u0101s paaudzes ampulu, kas rad\u012bta \u0101das atjauno\u0161anai, liftingam un mirdzumam.","og_url":"https:\/\/www.facecorner.lv\/en\/shop\/vt-100-pdrn-reedle-shot-50ml\/","og_site_name":"FACECORNER","article_publisher":"https:\/\/www.facebook.com\/profile.php?id=100063824551839","article_modified_time":"2025-12-29T07:58:57+00:00","og_image":[{"width":225,"height":225,"url":"https:\/\/www.facecorner.lv\/wp-content\/uploads\/2025\/11\/images-1.jpeg","type":"image\/jpeg"}],"twitter_card":"summary_large_image","twitter_misc":{"Price":"&euro;39.90","Availability":"Out of stock"},"schema":{"@context":"https:\/\/schema.org","@graph":[{"@type":"WebPage","@id":"https:\/\/www.facecorner.lv\/shop\/vt-100-pdrn-reedle-shot-50ml\/","url":"https:\/\/www.facecorner.lv\/shop\/vt-100-pdrn-reedle-shot-50ml\/","name":"VT 100 PDRN Reedle Shot 50ml - FACECORNER","isPartOf":{"@id":"https:\/\/www.facecorner.lv\/#website"},"primaryImageOfPage":{"@id":"https:\/\/www.facecorner.lv\/shop\/vt-100-pdrn-reedle-shot-50ml\/#primaryimage"},"image":{"@id":"https:\/\/www.facecorner.lv\/shop\/vt-100-pdrn-reedle-shot-50ml\/#primaryimage"},"thumbnailUrl":"https:\/\/www.facecorner.lv\/wp-content\/uploads\/2025\/11\/images-1.jpeg","datePublished":"2025-11-04T12:29:17+00:00","dateModified":"2025-12-29T07:58:57+00:00","description":"Atkl\u0101jiet profesion\u0101l\u0101s kop\u0161anas nosl\u0113pumu ar VT 100 PDRN Reedle Shot \u2014 jaun\u0101s paaudzes ampulu, kas rad\u012bta \u0101das atjauno\u0161anai, liftingam un mirdzumam.","breadcrumb":{"@id":"https:\/\/www.facecorner.lv\/shop\/vt-100-pdrn-reedle-shot-50ml\/#breadcrumb"},"inLanguage":"en-US","potentialAction":[{"@type":"ReadAction","target":["https:\/\/www.facecorner.lv\/shop\/vt-100-pdrn-reedle-shot-50ml\/"]}]},{"@type":"ImageObject","inLanguage":"en-US","@id":"https:\/\/www.facecorner.lv\/shop\/vt-100-pdrn-reedle-shot-50ml\/#primaryimage","url":"https:\/\/www.facecorner.lv\/wp-content\/uploads\/2025\/11\/images-1.jpeg","contentUrl":"https:\/\/www.facecorner.lv\/wp-content\/uploads\/2025\/11\/images-1.jpeg","width":225,"height":225,"caption":"VT 100 PDRN Reedle Shot"},{"@type":"BreadcrumbList","@id":"https:\/\/www.facecorner.lv\/shop\/vt-100-pdrn-reedle-shot-50ml\/#breadcrumb","itemListElement":[{"@type":"ListItem","position":1,"name":"Home","item":"https:\/\/www.facecorner.lv\/"},{"@type":"ListItem","position":2,"name":"Veikals","item":"https:\/\/www.facecorner.lv\/shop\/"},{"@type":"ListItem","position":3,"name":"VT 100 PDRN Reedle Shot 50ml"}]},{"@type":"WebSite","@id":"https:\/\/www.facecorner.lv\/#website","url":"https:\/\/www.facecorner.lv\/","name":"Facecorner","description":"","publisher":{"@id":"https:\/\/www.facecorner.lv\/#organization"},"potentialAction":[{"@type":"SearchAction","target":{"@type":"EntryPoint","urlTemplate":"https:\/\/www.facecorner.lv\/?s={search_term_string}"},"query-input":{"@type":"PropertyValueSpecification","valueRequired":true,"valueName":"search_term_string"}}],"inLanguage":"en-US"},{"@type":"Organization","@id":"https:\/\/www.facecorner.lv\/#organization","name":"Facecorner","url":"https:\/\/www.facecorner.lv\/","logo":{"@type":"ImageObject","inLanguage":"en-US","@id":"https:\/\/www.facecorner.lv\/#\/schema\/logo\/image\/","url":"https:\/\/www.facecorner.lv\/wp-content\/uploads\/2024\/04\/fc-logo.jpg","contentUrl":"https:\/\/www.facecorner.lv\/wp-content\/uploads\/2024\/04\/fc-logo.jpg","width":174,"height":28,"caption":"Facecorner"},"image":{"@id":"https:\/\/www.facecorner.lv\/#\/schema\/logo\/image\/"},"sameAs":["https:\/\/www.facebook.com\/profile.php?id=100063824551839","https:\/\/www.instagram.com\/facecorner_shop\/"]}]},"product_price_amount":"39.90","product_price_currency":"EUR","og_availability":"out of stock","product_availability":"out of stock","product_condition":"new"},"_links":{"self":[{"href":"https:\/\/www.facecorner.lv\/en\/wp-json\/wp\/v2\/product\/25973","targetHints":{"allow":["GET"]}}],"collection":[{"href":"https:\/\/www.facecorner.lv\/en\/wp-json\/wp\/v2\/product"}],"about":[{"href":"https:\/\/www.facecorner.lv\/en\/wp-json\/wp\/v2\/types\/product"}],"replies":[{"embeddable":true,"href":"https:\/\/www.facecorner.lv\/en\/wp-json\/wp\/v2\/comments?post=25973"}],"wp:featuredmedia":[{"embeddable":true,"href":"https:\/\/www.facecorner.lv\/en\/wp-json\/wp\/v2\/media\/25974"}],"wp:attachment":[{"href":"https:\/\/www.facecorner.lv\/en\/wp-json\/wp\/v2\/media?parent=25973"}],"wp:term":[{"taxonomy":"product_brand","embeddable":true,"href":"https:\/\/www.facecorner.lv\/en\/wp-json\/wp\/v2\/product_brand?post=25973"},{"taxonomy":"product_cat","embeddable":true,"href":"https:\/\/www.facecorner.lv\/en\/wp-json\/wp\/v2\/product_cat?post=25973"},{"taxonomy":"product_tag","embeddable":true,"href":"https:\/\/www.facecorner.lv\/en\/wp-json\/wp\/v2\/product_tag?post=25973"},{"taxonomy":"berocket_brand","embeddable":true,"href":"https:\/\/www.facecorner.lv\/en\/wp-json\/wp\/v2\/berocket_brand?post=25973"}],"curies":[{"name":"wp","href":"https:\/\/api.w.org\/{rel}","templated":true}]}}