{"id":25970,"date":"2025-11-04T14:27:27","date_gmt":"2025-11-04T11:27:27","guid":{"rendered":"https:\/\/www.facecorner.lv\/?post_type=product&#038;p=25970"},"modified":"2026-05-05T13:08:23","modified_gmt":"2026-05-05T10:08:23","slug":"numbuzin-no-5-glutathione-txa-advanced-dark-spot-ampoule-concentrate-ampula-pret-pigmentu-plankumiem","status":"publish","type":"product","link":"https:\/\/www.facecorner.lv\/en\/shop\/numbuzin-no-5-glutathione-txa-advanced-dark-spot-ampoule-concentrate-ampula-pret-pigmentu-plankumiem\/","title":{"rendered":"Numbuzin No.5 Glutathione TXA Advanced Dark Spot Ampoule Concentrate ampula pret pigmentu plankumiem"},"content":{"rendered":"<p>Numbuzin No.5 Glutathione TXA Advanced Dark Spot Ampoule Concentrate ampula pret pigmentu plankumiem sp\u0113c\u012bgs izgaismojo\u0161s koncentr\u0101ts Numbuzin No.5 Glutathione TXA ir rad\u012bts, lai c\u012bn\u012btos pret pigment\u0101ciju, p\u0113capnikas un bl\u0101vu \u0101das toni.<\/p>\n<p>Unik\u0101l\u0101 formula apvieno glutationu, traneksamsk\u0101bi (TXA) un niac\u012bnam\u012bdu, kas darbojas siner\u0123iski, izgaismojot \u0101du un pie\u0161\u0137irot tai vesel\u012bgu mirdzumu.<\/p>\n<p><strong>Galven\u0101s priek\u0161roc\u012bbas:<\/strong><\/p>\n<ul>\n<li>Efekt\u012bvi izgaismo pigmentu plankumus un pinnes p\u0113das.<\/li>\n<li>Izl\u012bdzina \u0101das toni un tekst\u016bru.<\/li>\n<li>Nostiprina \u0101das aizsargbarjeru.<\/li>\n<li>Piem\u0113rots pat jut\u012bgai \u0101dai.<\/li>\n<\/ul>\n<p><strong>Galven\u0101s sast\u0101vda\u013cas:<\/strong><\/p>\n<ul>\n<li>Glutationa \u2014 sp\u0113c\u012bgs antioksidants, kas samazina \u0101das bl\u0101vumu un aizsarg\u0101 to no oksidat\u012bv\u0101 stresa.<\/li>\n<li>Traneks\u0101misk\u0101 sk\u0101be (TXA) \u2014 pal\u0113nina melan\u012bna veido\u0161anos un nov\u0113r\u0161 jaunu plankumu veido\u0161anos.<\/li>\n<li>Niac\u012bnam\u012bds \u2014 uzlabo elast\u012bbu, sa\u0161aurina poras un pie\u0161\u0137ir<\/li>\n<\/ul>\n<p><strong>Lieto\u0161ana:<\/strong><\/p>\n<p>1. Pirmo reizi lietojot, nospiediet dzelteno v\u0101ci\u0146u, lai izlaistu pulveri, un labi sakratiet ampulu.<\/p>\n<p>2. No\u0146emiet v\u0101ci\u0146u un uzlieciet aplikatoru.<\/p>\n<p>3. Uzkl\u0101jiet atbilsto\u0161u daudzumu uz attiec\u012bgaj\u0101m viet\u0101m un ieklopojiet, lai veicin\u0101tu uzs\u016bk\u0161anos.<\/p>\n<p>4. Lietojot dienas laik\u0101, ieteicams uzkl\u0101t saules aizsargkr\u0113mu.<\/p>\n<p><strong>Sast\u0101vs:<\/strong> [Ampoule Concentrate] Hippophae Rhamnoides Water, Tranexamic Acid, Tripropylene Glycol, Glutathione, Niacinamide, 1,2-Hexanediol, Diethoxyethyl Succinate, Hydroxyacetophenone, Hydroxyethylcellulose, Ethyl- hexylglycerin, Disodium EDTA, Ascorbic Acid, Bisabolol, Panthenol, Tocopherol, Thioctic Acid, Glycerin, Water, Cyanocobalamin, Butylene Glycol, Caprylic\/Capric Triglyceride, Polyglyceryl-3 Methylglucose Distearate, Ubiquinone [Powder] Glutathione (100%)<\/p>\n","protected":false},"excerpt":{"rendered":"<p>Numbuzin No.5 Glutathione TXA Advanced Dark Spot Ampoule Concentrate ampula pret pigmentu plankumiem sp\u0113c\u012bgs izgaismojo\u0161s koncentr\u0101ts Numbuzin No.5 Glutathione TXA ir rad\u012bts, lai c\u012bn\u012btos pret pigment\u0101ciju, p\u0113capnikas un bl\u0101vu \u0101das toni.<\/p>","protected":false},"featured_media":25971,"comment_status":"open","ping_status":"closed","template":"","meta":{"site-sidebar-layout":"default","site-content-layout":"","ast-site-content-layout":"default","site-content-style":"default","site-sidebar-style":"default","ast-global-header-display":"","ast-banner-title-visibility":"","ast-main-header-display":"","ast-hfb-above-header-display":"","ast-hfb-below-header-display":"","ast-hfb-mobile-header-display":"","site-post-title":"","ast-breadcrumbs-content":"","ast-featured-img":"","footer-sml-layout":"","theme-transparent-header-meta":"default","adv-header-id-meta":"","stick-header-meta":"","header-above-stick-meta":"","header-main-stick-meta":"","header-below-stick-meta":"","astra-migrate-meta-layouts":"set","ast-page-background-enabled":"default","ast-page-background-meta":{"desktop":{"background-color":"var(--ast-global-color-4)","background-image":"","background-repeat":"repeat","background-position":"center center","background-size":"auto","background-attachment":"scroll","background-type":"","background-media":"","overlay-type":"","overlay-color":"","overlay-opacity":"","overlay-gradient":""},"tablet":{"background-color":"","background-image":"","background-repeat":"repeat","background-position":"center center","background-size":"auto","background-attachment":"scroll","background-type":"","background-media":"","overlay-type":"","overlay-color":"","overlay-opacity":"","overlay-gradient":""},"mobile":{"background-color":"","background-image":"","background-repeat":"repeat","background-position":"center center","background-size":"auto","background-attachment":"scroll","background-type":"","background-media":"","overlay-type":"","overlay-color":"","overlay-opacity":"","overlay-gradient":""}},"ast-content-background-meta":{"desktop":{"background-color":"var(--ast-global-color-5)","background-image":"","background-repeat":"repeat","background-position":"center center","background-size":"auto","background-attachment":"scroll","background-type":"","background-media":"","overlay-type":"","overlay-color":"","overlay-opacity":"","overlay-gradient":""},"tablet":{"background-color":"var(--ast-global-color-5)","background-image":"","background-repeat":"repeat","background-position":"center center","background-size":"auto","background-attachment":"scroll","background-type":"","background-media":"","overlay-type":"","overlay-color":"","overlay-opacity":"","overlay-gradient":""},"mobile":{"background-color":"var(--ast-global-color-5)","background-image":"","background-repeat":"repeat","background-position":"center center","background-size":"auto","background-attachment":"scroll","background-type":"","background-media":"","overlay-type":"","overlay-color":"","overlay-opacity":"","overlay-gradient":""}}},"product_brand":[],"product_cat":[370,363],"product_tag":[],"berocket_brand":[595],"class_list":{"0":"post-25970","1":"product","2":"type-product","3":"status-publish","4":"has-post-thumbnail","6":"product_cat-adas-mirdzumam","7":"product_cat-serumi","8":"berocket_brand-numbuzin","9":"desktop-align-left","10":"tablet-align-left","11":"mobile-align-left","13":"first","14":"outofstock","15":"taxable","16":"shipping-taxable","17":"purchasable","18":"product-type-simple","19":"add-to-wishlist-before_image"},"yoast_head":"<!-- This site is optimized with the Yoast SEO plugin v27.4 - https:\/\/yoast.com\/product\/yoast-seo-wordpress\/ -->\n<title>Numbuzin No.5 Glutathione TXA Advanced Dark Spot Ampoule Concentrate ampula pret pigmentu plankumiem - FACECORNER<\/title>\n<meta name=\"description\" content=\"Numbuzin No.5 Glutathione TXA Advanced Dark Spot Ampoule Concentrate ampula pret pigmentu plankumiem sp\u0113c\u012bgs izgaismojo\u0161s koncentr\u0101ts\" \/>\n<meta name=\"robots\" content=\"index, follow, max-snippet:-1, max-image-preview:large, max-video-preview:-1\" \/>\n<link rel=\"canonical\" href=\"https:\/\/www.facecorner.lv\/en\/shop\/numbuzin-no-5-glutathione-txa-advanced-dark-spot-ampoule-concentrate-ampula-pret-pigmentu-plankumiem\/\" \/>\n<meta property=\"og:locale\" content=\"en_US\" \/>\n<meta property=\"og:type\" content=\"article\" \/>\n<meta property=\"og:title\" content=\"Numbuzin No.5 Glutathione TXA Advanced Dark Spot Ampoule Concentrate ampula pret pigmentu plankumiem - FACECORNER\" \/>\n<meta property=\"og:description\" content=\"Numbuzin No.5 Glutathione TXA Advanced Dark Spot Ampoule Concentrate ampula pret pigmentu plankumiem sp\u0113c\u012bgs izgaismojo\u0161s koncentr\u0101ts\" \/>\n<meta property=\"og:url\" content=\"https:\/\/www.facecorner.lv\/en\/shop\/numbuzin-no-5-glutathione-txa-advanced-dark-spot-ampoule-concentrate-ampula-pret-pigmentu-plankumiem\/\" \/>\n<meta property=\"og:site_name\" content=\"FACECORNER\" \/>\n<meta property=\"article:publisher\" content=\"https:\/\/www.facebook.com\/profile.php?id=100063824551839\" \/>\n<meta property=\"article:modified_time\" content=\"2026-05-05T10:08:23+00:00\" \/>\n<meta property=\"og:image\" content=\"https:\/\/www.facecorner.lv\/wp-content\/uploads\/2025\/11\/skuimg_1064399_xl.jpg\" \/>\n\t<meta property=\"og:image:width\" content=\"500\" \/>\n\t<meta property=\"og:image:height\" content=\"500\" \/>\n\t<meta property=\"og:image:type\" content=\"image\/jpeg\" \/>\n<meta name=\"twitter:card\" content=\"summary_large_image\" \/>\n<meta name=\"twitter:label1\" content=\"Price\" \/>\n\t<meta name=\"twitter:data1\" content=\"&euro;23.00\" \/>\n\t<meta name=\"twitter:label2\" content=\"Availability\" \/>\n\t<meta name=\"twitter:data2\" content=\"Out of stock\" \/>\n<script type=\"application\/ld+json\" class=\"yoast-schema-graph\">{\"@context\":\"https:\\\/\\\/schema.org\",\"@graph\":[{\"@type\":\"WebPage\",\"@id\":\"https:\\\/\\\/www.facecorner.lv\\\/shop\\\/numbuzin-no-5-glutathione-txa-advanced-dark-spot-ampoule-concentrate-ampula-pret-pigmentu-plankumiem\\\/\",\"url\":\"https:\\\/\\\/www.facecorner.lv\\\/shop\\\/numbuzin-no-5-glutathione-txa-advanced-dark-spot-ampoule-concentrate-ampula-pret-pigmentu-plankumiem\\\/\",\"name\":\"Numbuzin No.5 Glutathione TXA Advanced Dark Spot Ampoule Concentrate ampula pret pigmentu plankumiem - FACECORNER\",\"isPartOf\":{\"@id\":\"https:\\\/\\\/www.facecorner.lv\\\/#website\"},\"primaryImageOfPage\":{\"@id\":\"https:\\\/\\\/www.facecorner.lv\\\/shop\\\/numbuzin-no-5-glutathione-txa-advanced-dark-spot-ampoule-concentrate-ampula-pret-pigmentu-plankumiem\\\/#primaryimage\"},\"image\":{\"@id\":\"https:\\\/\\\/www.facecorner.lv\\\/shop\\\/numbuzin-no-5-glutathione-txa-advanced-dark-spot-ampoule-concentrate-ampula-pret-pigmentu-plankumiem\\\/#primaryimage\"},\"thumbnailUrl\":\"https:\\\/\\\/www.facecorner.lv\\\/wp-content\\\/uploads\\\/2025\\\/11\\\/skuimg_1064399_xl.jpg\",\"datePublished\":\"2025-11-04T11:27:27+00:00\",\"dateModified\":\"2026-05-05T10:08:23+00:00\",\"description\":\"Numbuzin No.5 Glutathione TXA Advanced Dark Spot Ampoule Concentrate ampula pret pigmentu plankumiem sp\u0113c\u012bgs izgaismojo\u0161s koncentr\u0101ts\",\"breadcrumb\":{\"@id\":\"https:\\\/\\\/www.facecorner.lv\\\/shop\\\/numbuzin-no-5-glutathione-txa-advanced-dark-spot-ampoule-concentrate-ampula-pret-pigmentu-plankumiem\\\/#breadcrumb\"},\"inLanguage\":\"en-US\",\"potentialAction\":[{\"@type\":\"ReadAction\",\"target\":[\"https:\\\/\\\/www.facecorner.lv\\\/shop\\\/numbuzin-no-5-glutathione-txa-advanced-dark-spot-ampoule-concentrate-ampula-pret-pigmentu-plankumiem\\\/\"]}]},{\"@type\":\"ImageObject\",\"inLanguage\":\"en-US\",\"@id\":\"https:\\\/\\\/www.facecorner.lv\\\/shop\\\/numbuzin-no-5-glutathione-txa-advanced-dark-spot-ampoule-concentrate-ampula-pret-pigmentu-plankumiem\\\/#primaryimage\",\"url\":\"https:\\\/\\\/www.facecorner.lv\\\/wp-content\\\/uploads\\\/2025\\\/11\\\/skuimg_1064399_xl.jpg\",\"contentUrl\":\"https:\\\/\\\/www.facecorner.lv\\\/wp-content\\\/uploads\\\/2025\\\/11\\\/skuimg_1064399_xl.jpg\",\"width\":500,\"height\":500,\"caption\":\"Numbuzin No.5 Glutathione TXA Advanced Dark Spot Ampoule Concentrate\"},{\"@type\":\"BreadcrumbList\",\"@id\":\"https:\\\/\\\/www.facecorner.lv\\\/shop\\\/numbuzin-no-5-glutathione-txa-advanced-dark-spot-ampoule-concentrate-ampula-pret-pigmentu-plankumiem\\\/#breadcrumb\",\"itemListElement\":[{\"@type\":\"ListItem\",\"position\":1,\"name\":\"Home\",\"item\":\"https:\\\/\\\/www.facecorner.lv\\\/\"},{\"@type\":\"ListItem\",\"position\":2,\"name\":\"Veikals\",\"item\":\"https:\\\/\\\/www.facecorner.lv\\\/shop\\\/\"},{\"@type\":\"ListItem\",\"position\":3,\"name\":\"Numbuzin No.5 Glutathione TXA Advanced Dark Spot Ampoule Concentrate ampula pret pigmentu plankumiem\"}]},{\"@type\":\"WebSite\",\"@id\":\"https:\\\/\\\/www.facecorner.lv\\\/#website\",\"url\":\"https:\\\/\\\/www.facecorner.lv\\\/\",\"name\":\"Facecorner\",\"description\":\"\",\"publisher\":{\"@id\":\"https:\\\/\\\/www.facecorner.lv\\\/#organization\"},\"potentialAction\":[{\"@type\":\"SearchAction\",\"target\":{\"@type\":\"EntryPoint\",\"urlTemplate\":\"https:\\\/\\\/www.facecorner.lv\\\/?s={search_term_string}\"},\"query-input\":{\"@type\":\"PropertyValueSpecification\",\"valueRequired\":true,\"valueName\":\"search_term_string\"}}],\"inLanguage\":\"en-US\"},{\"@type\":\"Organization\",\"@id\":\"https:\\\/\\\/www.facecorner.lv\\\/#organization\",\"name\":\"Facecorner\",\"url\":\"https:\\\/\\\/www.facecorner.lv\\\/\",\"logo\":{\"@type\":\"ImageObject\",\"inLanguage\":\"en-US\",\"@id\":\"https:\\\/\\\/www.facecorner.lv\\\/#\\\/schema\\\/logo\\\/image\\\/\",\"url\":\"https:\\\/\\\/www.facecorner.lv\\\/wp-content\\\/uploads\\\/2024\\\/04\\\/fc-logo.jpg\",\"contentUrl\":\"https:\\\/\\\/www.facecorner.lv\\\/wp-content\\\/uploads\\\/2024\\\/04\\\/fc-logo.jpg\",\"width\":174,\"height\":28,\"caption\":\"Facecorner\"},\"image\":{\"@id\":\"https:\\\/\\\/www.facecorner.lv\\\/#\\\/schema\\\/logo\\\/image\\\/\"},\"sameAs\":[\"https:\\\/\\\/www.facebook.com\\\/profile.php?id=100063824551839\",\"https:\\\/\\\/www.instagram.com\\\/facecorner_shop\\\/\"]}]}<\/script>\n<meta property=\"product:price:amount\" content=\"23.00\" \/>\n<meta property=\"product:price:currency\" content=\"EUR\" \/>\n<meta property=\"og:availability\" content=\"out of stock\" \/>\n<meta property=\"product:availability\" content=\"out of stock\" \/>\n<meta property=\"product:condition\" content=\"new\" \/>\n<!-- \/ Yoast SEO plugin. -->","yoast_head_json":{"title":"Numbuzin No.5 Glutathione TXA Advanced Dark Spot Ampoule Concentrate ampula pret pigmentu plankumiem - FACECORNER","description":"Numbuzin No.5 Glutathione TXA Advanced Dark Spot Ampoule Concentrate ampula pret pigmentu plankumiem sp\u0113c\u012bgs izgaismojo\u0161s koncentr\u0101ts","robots":{"index":"index","follow":"follow","max-snippet":"max-snippet:-1","max-image-preview":"max-image-preview:large","max-video-preview":"max-video-preview:-1"},"canonical":"https:\/\/www.facecorner.lv\/en\/shop\/numbuzin-no-5-glutathione-txa-advanced-dark-spot-ampoule-concentrate-ampula-pret-pigmentu-plankumiem\/","og_locale":"en_US","og_type":"article","og_title":"Numbuzin No.5 Glutathione TXA Advanced Dark Spot Ampoule Concentrate ampula pret pigmentu plankumiem - FACECORNER","og_description":"Numbuzin No.5 Glutathione TXA Advanced Dark Spot Ampoule Concentrate ampula pret pigmentu plankumiem sp\u0113c\u012bgs izgaismojo\u0161s koncentr\u0101ts","og_url":"https:\/\/www.facecorner.lv\/en\/shop\/numbuzin-no-5-glutathione-txa-advanced-dark-spot-ampoule-concentrate-ampula-pret-pigmentu-plankumiem\/","og_site_name":"FACECORNER","article_publisher":"https:\/\/www.facebook.com\/profile.php?id=100063824551839","article_modified_time":"2026-05-05T10:08:23+00:00","og_image":[{"width":500,"height":500,"url":"https:\/\/www.facecorner.lv\/wp-content\/uploads\/2025\/11\/skuimg_1064399_xl.jpg","type":"image\/jpeg"}],"twitter_card":"summary_large_image","twitter_misc":{"Price":"&euro;23.00","Availability":"Out of stock"},"schema":{"@context":"https:\/\/schema.org","@graph":[{"@type":"WebPage","@id":"https:\/\/www.facecorner.lv\/shop\/numbuzin-no-5-glutathione-txa-advanced-dark-spot-ampoule-concentrate-ampula-pret-pigmentu-plankumiem\/","url":"https:\/\/www.facecorner.lv\/shop\/numbuzin-no-5-glutathione-txa-advanced-dark-spot-ampoule-concentrate-ampula-pret-pigmentu-plankumiem\/","name":"Numbuzin No.5 Glutathione TXA Advanced Dark Spot Ampoule Concentrate ampula pret pigmentu plankumiem - FACECORNER","isPartOf":{"@id":"https:\/\/www.facecorner.lv\/#website"},"primaryImageOfPage":{"@id":"https:\/\/www.facecorner.lv\/shop\/numbuzin-no-5-glutathione-txa-advanced-dark-spot-ampoule-concentrate-ampula-pret-pigmentu-plankumiem\/#primaryimage"},"image":{"@id":"https:\/\/www.facecorner.lv\/shop\/numbuzin-no-5-glutathione-txa-advanced-dark-spot-ampoule-concentrate-ampula-pret-pigmentu-plankumiem\/#primaryimage"},"thumbnailUrl":"https:\/\/www.facecorner.lv\/wp-content\/uploads\/2025\/11\/skuimg_1064399_xl.jpg","datePublished":"2025-11-04T11:27:27+00:00","dateModified":"2026-05-05T10:08:23+00:00","description":"Numbuzin No.5 Glutathione TXA Advanced Dark Spot Ampoule Concentrate ampula pret pigmentu plankumiem sp\u0113c\u012bgs izgaismojo\u0161s koncentr\u0101ts","breadcrumb":{"@id":"https:\/\/www.facecorner.lv\/shop\/numbuzin-no-5-glutathione-txa-advanced-dark-spot-ampoule-concentrate-ampula-pret-pigmentu-plankumiem\/#breadcrumb"},"inLanguage":"en-US","potentialAction":[{"@type":"ReadAction","target":["https:\/\/www.facecorner.lv\/shop\/numbuzin-no-5-glutathione-txa-advanced-dark-spot-ampoule-concentrate-ampula-pret-pigmentu-plankumiem\/"]}]},{"@type":"ImageObject","inLanguage":"en-US","@id":"https:\/\/www.facecorner.lv\/shop\/numbuzin-no-5-glutathione-txa-advanced-dark-spot-ampoule-concentrate-ampula-pret-pigmentu-plankumiem\/#primaryimage","url":"https:\/\/www.facecorner.lv\/wp-content\/uploads\/2025\/11\/skuimg_1064399_xl.jpg","contentUrl":"https:\/\/www.facecorner.lv\/wp-content\/uploads\/2025\/11\/skuimg_1064399_xl.jpg","width":500,"height":500,"caption":"Numbuzin No.5 Glutathione TXA Advanced Dark Spot Ampoule Concentrate"},{"@type":"BreadcrumbList","@id":"https:\/\/www.facecorner.lv\/shop\/numbuzin-no-5-glutathione-txa-advanced-dark-spot-ampoule-concentrate-ampula-pret-pigmentu-plankumiem\/#breadcrumb","itemListElement":[{"@type":"ListItem","position":1,"name":"Home","item":"https:\/\/www.facecorner.lv\/"},{"@type":"ListItem","position":2,"name":"Veikals","item":"https:\/\/www.facecorner.lv\/shop\/"},{"@type":"ListItem","position":3,"name":"Numbuzin No.5 Glutathione TXA Advanced Dark Spot Ampoule Concentrate ampula pret pigmentu plankumiem"}]},{"@type":"WebSite","@id":"https:\/\/www.facecorner.lv\/#website","url":"https:\/\/www.facecorner.lv\/","name":"Facecorner","description":"","publisher":{"@id":"https:\/\/www.facecorner.lv\/#organization"},"potentialAction":[{"@type":"SearchAction","target":{"@type":"EntryPoint","urlTemplate":"https:\/\/www.facecorner.lv\/?s={search_term_string}"},"query-input":{"@type":"PropertyValueSpecification","valueRequired":true,"valueName":"search_term_string"}}],"inLanguage":"en-US"},{"@type":"Organization","@id":"https:\/\/www.facecorner.lv\/#organization","name":"Facecorner","url":"https:\/\/www.facecorner.lv\/","logo":{"@type":"ImageObject","inLanguage":"en-US","@id":"https:\/\/www.facecorner.lv\/#\/schema\/logo\/image\/","url":"https:\/\/www.facecorner.lv\/wp-content\/uploads\/2024\/04\/fc-logo.jpg","contentUrl":"https:\/\/www.facecorner.lv\/wp-content\/uploads\/2024\/04\/fc-logo.jpg","width":174,"height":28,"caption":"Facecorner"},"image":{"@id":"https:\/\/www.facecorner.lv\/#\/schema\/logo\/image\/"},"sameAs":["https:\/\/www.facebook.com\/profile.php?id=100063824551839","https:\/\/www.instagram.com\/facecorner_shop\/"]}]},"product_price_amount":"23.00","product_price_currency":"EUR","og_availability":"out of stock","product_availability":"out of stock","product_condition":"new"},"_links":{"self":[{"href":"https:\/\/www.facecorner.lv\/en\/wp-json\/wp\/v2\/product\/25970","targetHints":{"allow":["GET"]}}],"collection":[{"href":"https:\/\/www.facecorner.lv\/en\/wp-json\/wp\/v2\/product"}],"about":[{"href":"https:\/\/www.facecorner.lv\/en\/wp-json\/wp\/v2\/types\/product"}],"replies":[{"embeddable":true,"href":"https:\/\/www.facecorner.lv\/en\/wp-json\/wp\/v2\/comments?post=25970"}],"wp:featuredmedia":[{"embeddable":true,"href":"https:\/\/www.facecorner.lv\/en\/wp-json\/wp\/v2\/media\/25971"}],"wp:attachment":[{"href":"https:\/\/www.facecorner.lv\/en\/wp-json\/wp\/v2\/media?parent=25970"}],"wp:term":[{"taxonomy":"product_brand","embeddable":true,"href":"https:\/\/www.facecorner.lv\/en\/wp-json\/wp\/v2\/product_brand?post=25970"},{"taxonomy":"product_cat","embeddable":true,"href":"https:\/\/www.facecorner.lv\/en\/wp-json\/wp\/v2\/product_cat?post=25970"},{"taxonomy":"product_tag","embeddable":true,"href":"https:\/\/www.facecorner.lv\/en\/wp-json\/wp\/v2\/product_tag?post=25970"},{"taxonomy":"berocket_brand","embeddable":true,"href":"https:\/\/www.facecorner.lv\/en\/wp-json\/wp\/v2\/berocket_brand?post=25970"}],"curies":[{"name":"wp","href":"https:\/\/api.w.org\/{rel}","templated":true}]}}