{"id":25942,"date":"2025-11-02T18:52:34","date_gmt":"2025-11-02T15:52:34","guid":{"rendered":"https:\/\/www.facecorner.lv\/?post_type=product&#038;p=25942"},"modified":"2026-01-13T17:09:23","modified_gmt":"2026-01-13T14:09:23","slug":"vt-pdrn-hyaluronic-acid-mint-micro-bubble-serum-70-ml","status":"publish","type":"product","link":"https:\/\/www.facecorner.lv\/en\/shop\/vt-pdrn-hyaluronic-acid-mint-micro-bubble-serum-70-ml\/","title":{"rendered":"VT PDRN Hyaluronic Acid Mint Micro Bubble Serum 70 ml"},"content":{"rendered":"<p>VT PDRN Hyaluronic Acid Mint Micro Bubble Serum\u00a0 \u2014 inovat\u012bva burbu\u013cveida serums ar t\u016bl\u012bt\u0113ju mitrino\u0161u un atjaunojo\u0161u efektu. Formula satur PDRN (sodium DNA) un hialuronsk\u0101bi, kas dzi\u013ci baro, atjauno un izl\u012bdzina sejas toni.<\/p>\n<p>60 % \u017een\u0161e\u0146a sak\u0146u \u016bdens un piparm\u0113tru ekstrakts nomierina \u0101du, pie\u0161\u0137ir svaigumu un vesel\u012bgu mirdzumu.<\/p>\n<p>Pateicoties Micro Bubble &amp; Air Injection\u2122 tehnolo\u0123ijai, akt\u012bv\u0101s sast\u0101vda\u013cas iek\u013c\u016bst dzi\u013c\u0101k epiderm\u0101, pa\u0101trinot \u0161\u016bnu atjauno\u0161anos un uzlabojot \u0101das barjerfunkciju. Serums \u0101tri ies\u016bcas, neatst\u0101j lip\u012bgumu un ir piem\u0113rots visiem \u0101das tipiem, ieskaitot jut\u012bgu \u0101du.<\/p>\n<p>Lietojiet l\u012bdzekli no r\u012bta un vakar\u0101 p\u0113c sejas att\u012br\u012b\u0161anas. Regul\u0101ra lieto\u0161ana <strong>pal\u012bdz samazin\u0101t lob\u012b\u0161anos, kairin\u0101jumu un bl\u0101vumu, atjauno mitruma l\u012bdzsvaru un pie\u0161\u0137ir vesel\u012bgu mirdzumu.<\/strong><\/p>\n<p>Piem\u0113rots sausai, bl\u0101vai, dehidr\u0113tai \u0101dai, kas ir pak\u013cauta kairin\u0101jumiem.<\/p>\n<p><strong>How to use:<\/strong> Sakratiet flakonu, lai aktiviz\u0113tu mikro burbu\u013cus.Iespiediet 1\u20132 reizes s\u016bkni uz plaukstas.Vienm\u0113r\u012bgi uzkl\u0101jiet uz sejas un kakla ar viegliem piesk\u0101rieniem.Pagaidiet 1\u20132 min\u016btes, l\u012bdz serums piln\u012bb\u0101 ies\u016bcas. Tas nav lip\u012bgs un \u0101tri ies\u016bcas, atst\u0101jot svaiguma un v\u0113suma saj\u016btu.P\u0113c ies\u016bk\u0161an\u0101s uzkl\u0101jiet kr\u0113mu, lai fiks\u0113tu mitrumu \u0101d\u0101.<\/p>\n<p><strong>Sast\u0101vs<\/strong>: Ginseng Water (60%), Purified Water, Methylpropanediol, Glycereth-26, Glycerin, Niacinamide, 1,2-Hexanediol, Sorbitol, C12-14 Pareth-12, Hydroxyacetophenone, Polyglyceryl-10 Myristate, Polyglyceryl-10 Laurate, Sodium Hyaluronate (500 ppm), Ethylhexylglycerin, Caprylyl Glycol, Adenosine, Disodium EDTA, Citric Acid, Melia Azadirachta Leaf Extract, Melia Azadirachta Flower Extract, Butylene Glycol, Luffa Cylindrica Fruit Extract, Solanum Melongena (Eggplant) Fruit Extract, Mentha Rotundifolia Leaf Extract (10 ppm), Ocimum Sanctum Leaf Extract, Panax Ginseng Root Extract, Curcuma Longa (Turmeric) Root Extract, Corallina Officinalis Extract, Sodium DNA (0.5 ppm), Hydrogenated Lecithin, Cetearyl Alcohol, Stearic Acid, Ceramide NP, Ceramide NS, Cholesterol, Phytosphingosine, Ceramide AS, Ceramide AP, Ceramide EOP<\/p>\n<p>&nbsp;<\/p>","protected":false},"excerpt":{"rendered":"<p>VT burbu\u013cserums ar PDRN un hialuronsk\u0101bi. Mitrina, atsvaidzina un atjauno \u0101du, pie\u0161\u0137irot tai mirdzumu un elast\u012bbu.<\/p>","protected":false},"featured_media":25943,"comment_status":"open","ping_status":"closed","template":"","meta":{"site-sidebar-layout":"default","site-content-layout":"","ast-site-content-layout":"default","site-content-style":"default","site-sidebar-style":"default","ast-global-header-display":"","ast-banner-title-visibility":"","ast-main-header-display":"","ast-hfb-above-header-display":"","ast-hfb-below-header-display":"","ast-hfb-mobile-header-display":"","site-post-title":"","ast-breadcrumbs-content":"","ast-featured-img":"","footer-sml-layout":"","theme-transparent-header-meta":"default","adv-header-id-meta":"","stick-header-meta":"","header-above-stick-meta":"","header-main-stick-meta":"","header-below-stick-meta":"","astra-migrate-meta-layouts":"set","ast-page-background-enabled":"default","ast-page-background-meta":{"desktop":{"background-color":"var(--ast-global-color-4)","background-image":"","background-repeat":"repeat","background-position":"center center","background-size":"auto","background-attachment":"scroll","background-type":"","background-media":"","overlay-type":"","overlay-color":"","overlay-opacity":"","overlay-gradient":""},"tablet":{"background-color":"","background-image":"","background-repeat":"repeat","background-position":"center center","background-size":"auto","background-attachment":"scroll","background-type":"","background-media":"","overlay-type":"","overlay-color":"","overlay-opacity":"","overlay-gradient":""},"mobile":{"background-color":"","background-image":"","background-repeat":"repeat","background-position":"center center","background-size":"auto","background-attachment":"scroll","background-type":"","background-media":"","overlay-type":"","overlay-color":"","overlay-opacity":"","overlay-gradient":""}},"ast-content-background-meta":{"desktop":{"background-color":"var(--ast-global-color-5)","background-image":"","background-repeat":"repeat","background-position":"center center","background-size":"auto","background-attachment":"scroll","background-type":"","background-media":"","overlay-type":"","overlay-color":"","overlay-opacity":"","overlay-gradient":""},"tablet":{"background-color":"var(--ast-global-color-5)","background-image":"","background-repeat":"repeat","background-position":"center center","background-size":"auto","background-attachment":"scroll","background-type":"","background-media":"","overlay-type":"","overlay-color":"","overlay-opacity":"","overlay-gradient":""},"mobile":{"background-color":"var(--ast-global-color-5)","background-image":"","background-repeat":"repeat","background-position":"center center","background-size":"auto","background-attachment":"scroll","background-type":"","background-media":"","overlay-type":"","overlay-color":"","overlay-opacity":"","overlay-gradient":""}}},"product_brand":[],"product_cat":[370,371,652,363],"product_tag":[],"berocket_brand":[582],"class_list":{"0":"post-25942","1":"product","2":"type-product","3":"status-publish","4":"has-post-thumbnail","6":"product_cat-adas-mirdzumam","7":"product_cat-anti-age","8":"product_cat-pdrn","9":"product_cat-serumi","10":"berocket_brand-vt","11":"desktop-align-left","12":"tablet-align-left","13":"mobile-align-left","15":"first","16":"outofstock","17":"taxable","18":"shipping-taxable","19":"purchasable","20":"product-type-simple","21":"add-to-wishlist-before_image"},"yoast_head":"<!-- This site is optimized with the Yoast SEO plugin v27.4 - https:\/\/yoast.com\/product\/yoast-seo-wordpress\/ -->\n<title>VT PDRN Hyaluronic Acid Mint Micro Bubble Serum 70 ml - FACECORNER<\/title>\n<meta name=\"description\" content=\"VT PDRN Hyaluronic Acid Mint Micro Bubble Serum un hialuronsk\u0101bi mitrina, atsvaidzina un atjauno \u0101du, pie\u0161\u0137irot tai mirdzumu un elast\u012bbu.\" \/>\n<meta name=\"robots\" content=\"index, follow, max-snippet:-1, max-image-preview:large, max-video-preview:-1\" \/>\n<link rel=\"canonical\" href=\"https:\/\/www.facecorner.lv\/en\/shop\/vt-pdrn-hyaluronic-acid-mint-micro-bubble-serum-70-ml\/\" \/>\n<meta property=\"og:locale\" content=\"en_US\" \/>\n<meta property=\"og:type\" content=\"article\" \/>\n<meta property=\"og:title\" content=\"VT PDRN Hyaluronic Acid Mint Micro Bubble Serum 70 ml - FACECORNER\" \/>\n<meta property=\"og:description\" content=\"VT PDRN Hyaluronic Acid Mint Micro Bubble Serum un hialuronsk\u0101bi mitrina, atsvaidzina un atjauno \u0101du, pie\u0161\u0137irot tai mirdzumu un elast\u012bbu.\" \/>\n<meta property=\"og:url\" content=\"https:\/\/www.facecorner.lv\/en\/shop\/vt-pdrn-hyaluronic-acid-mint-micro-bubble-serum-70-ml\/\" \/>\n<meta property=\"og:site_name\" content=\"FACECORNER\" \/>\n<meta property=\"article:publisher\" content=\"https:\/\/www.facebook.com\/profile.php?id=100063824551839\" \/>\n<meta property=\"article:modified_time\" content=\"2026-01-13T14:09:23+00:00\" \/>\n<meta property=\"og:image\" content=\"https:\/\/www.facecorner.lv\/wp-content\/uploads\/2025\/11\/mint1758181874572eebe03bd9098.jpg\" \/>\n\t<meta property=\"og:image:width\" content=\"1500\" \/>\n\t<meta property=\"og:image:height\" content=\"1500\" \/>\n\t<meta property=\"og:image:type\" content=\"image\/jpeg\" \/>\n<meta name=\"twitter:card\" content=\"summary_large_image\" \/>\n<meta name=\"twitter:label1\" content=\"Price\" \/>\n\t<meta name=\"twitter:data1\" content=\"&euro;27.50\" \/>\n\t<meta name=\"twitter:label2\" content=\"Availability\" \/>\n\t<meta name=\"twitter:data2\" content=\"Out of stock\" \/>\n<script type=\"application\/ld+json\" class=\"yoast-schema-graph\">{\"@context\":\"https:\\\/\\\/schema.org\",\"@graph\":[{\"@type\":\"WebPage\",\"@id\":\"https:\\\/\\\/www.facecorner.lv\\\/shop\\\/vt-pdrn-hyaluronic-acid-mint-micro-bubble-serum-70-ml\\\/\",\"url\":\"https:\\\/\\\/www.facecorner.lv\\\/shop\\\/vt-pdrn-hyaluronic-acid-mint-micro-bubble-serum-70-ml\\\/\",\"name\":\"VT PDRN Hyaluronic Acid Mint Micro Bubble Serum 70 ml - FACECORNER\",\"isPartOf\":{\"@id\":\"https:\\\/\\\/www.facecorner.lv\\\/#website\"},\"primaryImageOfPage\":{\"@id\":\"https:\\\/\\\/www.facecorner.lv\\\/shop\\\/vt-pdrn-hyaluronic-acid-mint-micro-bubble-serum-70-ml\\\/#primaryimage\"},\"image\":{\"@id\":\"https:\\\/\\\/www.facecorner.lv\\\/shop\\\/vt-pdrn-hyaluronic-acid-mint-micro-bubble-serum-70-ml\\\/#primaryimage\"},\"thumbnailUrl\":\"https:\\\/\\\/www.facecorner.lv\\\/wp-content\\\/uploads\\\/2025\\\/11\\\/mint1758181874572eebe03bd9098.jpg\",\"datePublished\":\"2025-11-02T15:52:34+00:00\",\"dateModified\":\"2026-01-13T14:09:23+00:00\",\"description\":\"VT PDRN Hyaluronic Acid Mint Micro Bubble Serum un hialuronsk\u0101bi mitrina, atsvaidzina un atjauno \u0101du, pie\u0161\u0137irot tai mirdzumu un elast\u012bbu.\",\"breadcrumb\":{\"@id\":\"https:\\\/\\\/www.facecorner.lv\\\/shop\\\/vt-pdrn-hyaluronic-acid-mint-micro-bubble-serum-70-ml\\\/#breadcrumb\"},\"inLanguage\":\"en-US\",\"potentialAction\":[{\"@type\":\"ReadAction\",\"target\":[\"https:\\\/\\\/www.facecorner.lv\\\/shop\\\/vt-pdrn-hyaluronic-acid-mint-micro-bubble-serum-70-ml\\\/\"]}]},{\"@type\":\"ImageObject\",\"inLanguage\":\"en-US\",\"@id\":\"https:\\\/\\\/www.facecorner.lv\\\/shop\\\/vt-pdrn-hyaluronic-acid-mint-micro-bubble-serum-70-ml\\\/#primaryimage\",\"url\":\"https:\\\/\\\/www.facecorner.lv\\\/wp-content\\\/uploads\\\/2025\\\/11\\\/mint1758181874572eebe03bd9098.jpg\",\"contentUrl\":\"https:\\\/\\\/www.facecorner.lv\\\/wp-content\\\/uploads\\\/2025\\\/11\\\/mint1758181874572eebe03bd9098.jpg\",\"width\":1500,\"height\":1500,\"caption\":\"VT PDRN Hyaluronic Acid Mint Micro Bubble Serum\"},{\"@type\":\"BreadcrumbList\",\"@id\":\"https:\\\/\\\/www.facecorner.lv\\\/shop\\\/vt-pdrn-hyaluronic-acid-mint-micro-bubble-serum-70-ml\\\/#breadcrumb\",\"itemListElement\":[{\"@type\":\"ListItem\",\"position\":1,\"name\":\"Home\",\"item\":\"https:\\\/\\\/www.facecorner.lv\\\/\"},{\"@type\":\"ListItem\",\"position\":2,\"name\":\"Veikals\",\"item\":\"https:\\\/\\\/www.facecorner.lv\\\/shop\\\/\"},{\"@type\":\"ListItem\",\"position\":3,\"name\":\"VT PDRN Hyaluronic Acid Mint Micro Bubble Serum 70 ml\"}]},{\"@type\":\"WebSite\",\"@id\":\"https:\\\/\\\/www.facecorner.lv\\\/#website\",\"url\":\"https:\\\/\\\/www.facecorner.lv\\\/\",\"name\":\"Facecorner\",\"description\":\"\",\"publisher\":{\"@id\":\"https:\\\/\\\/www.facecorner.lv\\\/#organization\"},\"potentialAction\":[{\"@type\":\"SearchAction\",\"target\":{\"@type\":\"EntryPoint\",\"urlTemplate\":\"https:\\\/\\\/www.facecorner.lv\\\/?s={search_term_string}\"},\"query-input\":{\"@type\":\"PropertyValueSpecification\",\"valueRequired\":true,\"valueName\":\"search_term_string\"}}],\"inLanguage\":\"en-US\"},{\"@type\":\"Organization\",\"@id\":\"https:\\\/\\\/www.facecorner.lv\\\/#organization\",\"name\":\"Facecorner\",\"url\":\"https:\\\/\\\/www.facecorner.lv\\\/\",\"logo\":{\"@type\":\"ImageObject\",\"inLanguage\":\"en-US\",\"@id\":\"https:\\\/\\\/www.facecorner.lv\\\/#\\\/schema\\\/logo\\\/image\\\/\",\"url\":\"https:\\\/\\\/www.facecorner.lv\\\/wp-content\\\/uploads\\\/2024\\\/04\\\/fc-logo.jpg\",\"contentUrl\":\"https:\\\/\\\/www.facecorner.lv\\\/wp-content\\\/uploads\\\/2024\\\/04\\\/fc-logo.jpg\",\"width\":174,\"height\":28,\"caption\":\"Facecorner\"},\"image\":{\"@id\":\"https:\\\/\\\/www.facecorner.lv\\\/#\\\/schema\\\/logo\\\/image\\\/\"},\"sameAs\":[\"https:\\\/\\\/www.facebook.com\\\/profile.php?id=100063824551839\",\"https:\\\/\\\/www.instagram.com\\\/facecorner_shop\\\/\"]}]}<\/script>\n<meta property=\"product:price:amount\" content=\"27.50\" \/>\n<meta property=\"product:price:currency\" content=\"EUR\" \/>\n<meta property=\"og:availability\" content=\"out of stock\" \/>\n<meta property=\"product:availability\" content=\"out of stock\" \/>\n<meta property=\"product:condition\" content=\"new\" \/>\n<!-- \/ Yoast SEO plugin. -->","yoast_head_json":{"title":"VT PDRN Hyaluronic Acid Mint Micro Bubble Serum 70 ml - FACECORNER","description":"VT PDRN Hyaluronic Acid Mint Micro Bubble Serum un hialuronsk\u0101bi mitrina, atsvaidzina un atjauno \u0101du, pie\u0161\u0137irot tai mirdzumu un elast\u012bbu.","robots":{"index":"index","follow":"follow","max-snippet":"max-snippet:-1","max-image-preview":"max-image-preview:large","max-video-preview":"max-video-preview:-1"},"canonical":"https:\/\/www.facecorner.lv\/en\/shop\/vt-pdrn-hyaluronic-acid-mint-micro-bubble-serum-70-ml\/","og_locale":"en_US","og_type":"article","og_title":"VT PDRN Hyaluronic Acid Mint Micro Bubble Serum 70 ml - FACECORNER","og_description":"VT PDRN Hyaluronic Acid Mint Micro Bubble Serum un hialuronsk\u0101bi mitrina, atsvaidzina un atjauno \u0101du, pie\u0161\u0137irot tai mirdzumu un elast\u012bbu.","og_url":"https:\/\/www.facecorner.lv\/en\/shop\/vt-pdrn-hyaluronic-acid-mint-micro-bubble-serum-70-ml\/","og_site_name":"FACECORNER","article_publisher":"https:\/\/www.facebook.com\/profile.php?id=100063824551839","article_modified_time":"2026-01-13T14:09:23+00:00","og_image":[{"width":1500,"height":1500,"url":"https:\/\/www.facecorner.lv\/wp-content\/uploads\/2025\/11\/mint1758181874572eebe03bd9098.jpg","type":"image\/jpeg"}],"twitter_card":"summary_large_image","twitter_misc":{"Price":"&euro;27.50","Availability":"Out of stock"},"schema":{"@context":"https:\/\/schema.org","@graph":[{"@type":"WebPage","@id":"https:\/\/www.facecorner.lv\/shop\/vt-pdrn-hyaluronic-acid-mint-micro-bubble-serum-70-ml\/","url":"https:\/\/www.facecorner.lv\/shop\/vt-pdrn-hyaluronic-acid-mint-micro-bubble-serum-70-ml\/","name":"VT PDRN Hyaluronic Acid Mint Micro Bubble Serum 70 ml - FACECORNER","isPartOf":{"@id":"https:\/\/www.facecorner.lv\/#website"},"primaryImageOfPage":{"@id":"https:\/\/www.facecorner.lv\/shop\/vt-pdrn-hyaluronic-acid-mint-micro-bubble-serum-70-ml\/#primaryimage"},"image":{"@id":"https:\/\/www.facecorner.lv\/shop\/vt-pdrn-hyaluronic-acid-mint-micro-bubble-serum-70-ml\/#primaryimage"},"thumbnailUrl":"https:\/\/www.facecorner.lv\/wp-content\/uploads\/2025\/11\/mint1758181874572eebe03bd9098.jpg","datePublished":"2025-11-02T15:52:34+00:00","dateModified":"2026-01-13T14:09:23+00:00","description":"VT PDRN Hyaluronic Acid Mint Micro Bubble Serum un hialuronsk\u0101bi mitrina, atsvaidzina un atjauno \u0101du, pie\u0161\u0137irot tai mirdzumu un elast\u012bbu.","breadcrumb":{"@id":"https:\/\/www.facecorner.lv\/shop\/vt-pdrn-hyaluronic-acid-mint-micro-bubble-serum-70-ml\/#breadcrumb"},"inLanguage":"en-US","potentialAction":[{"@type":"ReadAction","target":["https:\/\/www.facecorner.lv\/shop\/vt-pdrn-hyaluronic-acid-mint-micro-bubble-serum-70-ml\/"]}]},{"@type":"ImageObject","inLanguage":"en-US","@id":"https:\/\/www.facecorner.lv\/shop\/vt-pdrn-hyaluronic-acid-mint-micro-bubble-serum-70-ml\/#primaryimage","url":"https:\/\/www.facecorner.lv\/wp-content\/uploads\/2025\/11\/mint1758181874572eebe03bd9098.jpg","contentUrl":"https:\/\/www.facecorner.lv\/wp-content\/uploads\/2025\/11\/mint1758181874572eebe03bd9098.jpg","width":1500,"height":1500,"caption":"VT PDRN Hyaluronic Acid Mint Micro Bubble Serum"},{"@type":"BreadcrumbList","@id":"https:\/\/www.facecorner.lv\/shop\/vt-pdrn-hyaluronic-acid-mint-micro-bubble-serum-70-ml\/#breadcrumb","itemListElement":[{"@type":"ListItem","position":1,"name":"Home","item":"https:\/\/www.facecorner.lv\/"},{"@type":"ListItem","position":2,"name":"Veikals","item":"https:\/\/www.facecorner.lv\/shop\/"},{"@type":"ListItem","position":3,"name":"VT PDRN Hyaluronic Acid Mint Micro Bubble Serum 70 ml"}]},{"@type":"WebSite","@id":"https:\/\/www.facecorner.lv\/#website","url":"https:\/\/www.facecorner.lv\/","name":"Facecorner","description":"","publisher":{"@id":"https:\/\/www.facecorner.lv\/#organization"},"potentialAction":[{"@type":"SearchAction","target":{"@type":"EntryPoint","urlTemplate":"https:\/\/www.facecorner.lv\/?s={search_term_string}"},"query-input":{"@type":"PropertyValueSpecification","valueRequired":true,"valueName":"search_term_string"}}],"inLanguage":"en-US"},{"@type":"Organization","@id":"https:\/\/www.facecorner.lv\/#organization","name":"Facecorner","url":"https:\/\/www.facecorner.lv\/","logo":{"@type":"ImageObject","inLanguage":"en-US","@id":"https:\/\/www.facecorner.lv\/#\/schema\/logo\/image\/","url":"https:\/\/www.facecorner.lv\/wp-content\/uploads\/2024\/04\/fc-logo.jpg","contentUrl":"https:\/\/www.facecorner.lv\/wp-content\/uploads\/2024\/04\/fc-logo.jpg","width":174,"height":28,"caption":"Facecorner"},"image":{"@id":"https:\/\/www.facecorner.lv\/#\/schema\/logo\/image\/"},"sameAs":["https:\/\/www.facebook.com\/profile.php?id=100063824551839","https:\/\/www.instagram.com\/facecorner_shop\/"]}]},"product_price_amount":"27.50","product_price_currency":"EUR","og_availability":"out of stock","product_availability":"out of stock","product_condition":"new"},"_links":{"self":[{"href":"https:\/\/www.facecorner.lv\/en\/wp-json\/wp\/v2\/product\/25942","targetHints":{"allow":["GET"]}}],"collection":[{"href":"https:\/\/www.facecorner.lv\/en\/wp-json\/wp\/v2\/product"}],"about":[{"href":"https:\/\/www.facecorner.lv\/en\/wp-json\/wp\/v2\/types\/product"}],"replies":[{"embeddable":true,"href":"https:\/\/www.facecorner.lv\/en\/wp-json\/wp\/v2\/comments?post=25942"}],"wp:featuredmedia":[{"embeddable":true,"href":"https:\/\/www.facecorner.lv\/en\/wp-json\/wp\/v2\/media\/25943"}],"wp:attachment":[{"href":"https:\/\/www.facecorner.lv\/en\/wp-json\/wp\/v2\/media?parent=25942"}],"wp:term":[{"taxonomy":"product_brand","embeddable":true,"href":"https:\/\/www.facecorner.lv\/en\/wp-json\/wp\/v2\/product_brand?post=25942"},{"taxonomy":"product_cat","embeddable":true,"href":"https:\/\/www.facecorner.lv\/en\/wp-json\/wp\/v2\/product_cat?post=25942"},{"taxonomy":"product_tag","embeddable":true,"href":"https:\/\/www.facecorner.lv\/en\/wp-json\/wp\/v2\/product_tag?post=25942"},{"taxonomy":"berocket_brand","embeddable":true,"href":"https:\/\/www.facecorner.lv\/en\/wp-json\/wp\/v2\/berocket_brand?post=25942"}],"curies":[{"name":"wp","href":"https:\/\/api.w.org\/{rel}","templated":true}]}}