{"id":25936,"date":"2025-11-02T18:04:19","date_gmt":"2025-11-02T15:04:19","guid":{"rendered":"https:\/\/www.facecorner.lv\/?post_type=product&#038;p=25936"},"modified":"2026-02-23T22:39:34","modified_gmt":"2026-02-23T19:39:34","slug":"dr-althea-anastatica-skin-conditioning-pad-divpusejas-kopsanas-plaksnites-ar-85-anastatikas-ekstraktu-65pads","status":"publish","type":"product","link":"https:\/\/www.facecorner.lv\/en\/shop\/dr-althea-anastatica-skin-conditioning-pad-divpusejas-kopsanas-plaksnites-ar-85-anastatikas-ekstraktu-65pads\/","title":{"rendered":"Dr. Althea Anastatica Skin Conditioning Pad \u2014 divpus\u0113jas kop\u0161anas pl\u0101ksn\u012btes ar 85 % anastatikas ekstraktu 65pads"},"content":{"rendered":"<p>Dr. Althea Anastatica Skin Conditioning Pad \u2014 divpus\u0113jas kop\u0161anas pl\u0101ksn\u012btes ar 85 % anastatikas ekstraktu\u00a0 Jericho Rose (anastatikas) ekstraktu un hialuronsk\u0101bes kompleksu dzi\u013ci att\u012bra un mitrina \u0101du, izl\u012bdzina toni un nostiprina aizsargbarjeru \u2014 ide\u0101li piem\u0113roti jut\u012bgai, dehidr\u0113tai un noguru\u0161ai \u0101dai.<\/p>\n<p>Papildus bag\u0101tin\u0101ts ar 10 veidu hialuronsk\u0101bi, kas nodro\u0161ina daudzsl\u0101\u0146u mitrin\u0101\u0161anu: liel\u0101s molekulas veido aizsarg\u0101jo\u0161u pl\u0113vi uz \u0101das virsmas, bet maz\u0101s molekulas ies\u016bcas dzi\u013c\u0101k un samazina mitruma zudumu \u0161\u016bnu l\u012bmen\u012b.<\/p>\n<p><strong>L\u012bdzeklis pal\u012bdz:<\/strong><\/p>\n<ul>\n<li>nov\u0113rst \u0101das lob\u012b\u0161anos un saspringuma saj\u016btu<\/li>\n<li>izl\u012bdzin\u0101t \u0101das toni un pie\u0161\u0137irt tai vesel\u012bgu mirdzumu<\/li>\n<li>nostiprin\u0101t \u0101das barjeru, mazin\u0101t kairin\u0101jumu un jut\u012bgumu<\/li>\n<\/ul>\n<p><strong>Piemerots<\/strong>:<\/p>\n<ul>\n<li>\u0100dai, kas ir pak\u013cauta dehidrat\u0101cijai un aps\u0101rtumam<\/li>\n<li>\u00a0\u0100dai ar nevienm\u0113r\u012bgu toni, noguru\u0161ai un bl\u0101vai \u0101dai<\/li>\n<li>\u00a0Jut\u012bgai \u0101dai, kurai nepiecie\u0161ama maiga att\u012br\u012b\u0161ana un kop\u0161ana<\/li>\n<li>\u00a0Tiem, kuri v\u0113las sagatavot \u0101du n\u0101kamajiem kop\u0161anas posmiem (serums, kr\u0113ms)<\/li>\n<\/ul>\n<p><strong>How to use:<\/strong> P\u0113c \u0101das att\u012br\u012b\u0161anas uzman\u012bgi p\u0101rbrauciet ar reljef\u0101 (tekstur\u0113t\u0101) puses p\u0101di\u0146u pa seju, izvairoties no acu un l\u016bpu zonas.<\/p>\n<p><strong>Sast\u0101vs:<\/strong> Water, Butylene Glycol, 1,2-Hexanediol, Glycerin, Polyglyceryl-10 Laurate, Polyglyceryl-10 Myristate, Ethylhexylglycerin, Anastatica Hierochuntica Extract, Dipotassium Glycyrrhizate, Ammonium Acryloyldimethyltaurate\/VP Copolymer, Disodium EDTA, Allantoin, Citric Acid, Cynanchum Atratum Extract, Sodium Citrate, Citrus Tangerina (Tangerine) Peel Oil, Malt Extract, Artemisia Vulgaris Oil, Rosmarinus Officinalis (Rosemary) Leaf Oil, Chamomilla Recutita (Matricaria) Flower Oil, Juniperus Mexicana Oil, Lavandula Angustifolia (Lavender) Oil, Sodium Hyaluronate, Hydroxypropyltrimonium Hyaluronate, Adansonia Digitata Seed Extract, Anthemis Nobilis Flower Extract, Portulaca Oleracea Extract, Hydrolyzed Hyaluronic Acid, Sodium Acetylated Hyaluronate, Hyaluronic Acid, Hydrolyzed Sodium Hyaluronate, Opuntia Ficus-Indica Stem Extract, Sodium Hyaluronate Crosspolymer, Potassium Hyaluronate, Limonene<\/p>","protected":false},"excerpt":{"rendered":"<p>Divpus\u0113jie Dr. Althea Anastatica Skin Conditioning Pad p\u0101rsegi ar 85 % Jericho Rose (anastatikas) ekstraktu un hialuronsk\u0101bes kompleksu dzi\u013ci att\u012bra un mitrina \u0101du, izl\u012bdzina toni un nostiprina aizsargbarjeru \u2014 ide\u0101li piem\u0113roti jut\u012bgai, dehidr\u0113tai un noguru\u0161ai \u0101dai.<\/p>","protected":false},"featured_media":25937,"comment_status":"open","ping_status":"closed","template":"","meta":{"site-sidebar-layout":"default","site-content-layout":"","ast-site-content-layout":"default","site-content-style":"default","site-sidebar-style":"default","ast-global-header-display":"","ast-banner-title-visibility":"","ast-main-header-display":"","ast-hfb-above-header-display":"","ast-hfb-below-header-display":"","ast-hfb-mobile-header-display":"","site-post-title":"","ast-breadcrumbs-content":"","ast-featured-img":"","footer-sml-layout":"","theme-transparent-header-meta":"default","adv-header-id-meta":"","stick-header-meta":"","header-above-stick-meta":"","header-main-stick-meta":"","header-below-stick-meta":"","astra-migrate-meta-layouts":"set","ast-page-background-enabled":"default","ast-page-background-meta":{"desktop":{"background-color":"var(--ast-global-color-4)","background-image":"","background-repeat":"repeat","background-position":"center center","background-size":"auto","background-attachment":"scroll","background-type":"","background-media":"","overlay-type":"","overlay-color":"","overlay-opacity":"","overlay-gradient":""},"tablet":{"background-color":"","background-image":"","background-repeat":"repeat","background-position":"center center","background-size":"auto","background-attachment":"scroll","background-type":"","background-media":"","overlay-type":"","overlay-color":"","overlay-opacity":"","overlay-gradient":""},"mobile":{"background-color":"","background-image":"","background-repeat":"repeat","background-position":"center center","background-size":"auto","background-attachment":"scroll","background-type":"","background-media":"","overlay-type":"","overlay-color":"","overlay-opacity":"","overlay-gradient":""}},"ast-content-background-meta":{"desktop":{"background-color":"var(--ast-global-color-5)","background-image":"","background-repeat":"repeat","background-position":"center center","background-size":"auto","background-attachment":"scroll","background-type":"","background-media":"","overlay-type":"","overlay-color":"","overlay-opacity":"","overlay-gradient":""},"tablet":{"background-color":"var(--ast-global-color-5)","background-image":"","background-repeat":"repeat","background-position":"center center","background-size":"auto","background-attachment":"scroll","background-type":"","background-media":"","overlay-type":"","overlay-color":"","overlay-opacity":"","overlay-gradient":""},"mobile":{"background-color":"var(--ast-global-color-5)","background-image":"","background-repeat":"repeat","background-position":"center center","background-size":"auto","background-attachment":"scroll","background-type":"","background-media":"","overlay-type":"","overlay-color":"","overlay-opacity":"","overlay-gradient":""}}},"product_brand":[],"product_cat":[670,363,364],"product_tag":[],"berocket_brand":[597],"class_list":{"0":"post-25936","1":"product","2":"type-product","3":"status-publish","4":"has-post-thumbnail","6":"product_cat-pilinga-diski","7":"product_cat-serumi","8":"product_cat-toneri","9":"berocket_brand-dr-althea","10":"desktop-align-left","11":"tablet-align-left","12":"mobile-align-left","14":"first","15":"outofstock","16":"taxable","17":"shipping-taxable","18":"purchasable","19":"product-type-simple","20":"add-to-wishlist-before_image"},"yoast_head":"<!-- This site is optimized with the Yoast SEO plugin v27.4 - https:\/\/yoast.com\/product\/yoast-seo-wordpress\/ -->\n<title>Dr. Althea Anastatica Skin Conditioning Pad \u2014 divpus\u0113jas kop\u0161anas pl\u0101ksn\u012btes ar 85 % anastatikas ekstraktu 65pads - FACECORNER<\/title>\n<meta name=\"description\" content=\"Divpus\u0113jie Dr. Althea Anastatica Skin Conditioning Pad p\u0101rsegi ar 85 % Jericho Rose (anastatikas) ekstraktu un hialuronsk\u0101bes kompleksu dzi\u013ci att\u012bra un mitrina \u0101du, izl\u012bdzina toni un nostiprina aizsargbarjeru \u2014 ide\u0101li piem\u0113roti jut\u012bgai, dehidr\u0113tai un noguru\u0161ai \u0101dai.\" \/>\n<meta name=\"robots\" content=\"index, follow, max-snippet:-1, max-image-preview:large, max-video-preview:-1\" \/>\n<link rel=\"canonical\" href=\"https:\/\/www.facecorner.lv\/en\/shop\/dr-althea-anastatica-skin-conditioning-pad-divpusejas-kopsanas-plaksnites-ar-85-anastatikas-ekstraktu-65pads\/\" \/>\n<meta property=\"og:locale\" content=\"en_US\" \/>\n<meta property=\"og:type\" content=\"article\" \/>\n<meta property=\"og:title\" content=\"Dr. Althea Anastatica Skin Conditioning Pad \u2014 divpus\u0113jas kop\u0161anas pl\u0101ksn\u012btes ar 85 % anastatikas ekstraktu 65pads - FACECORNER\" \/>\n<meta property=\"og:description\" content=\"Divpus\u0113jie Dr. Althea Anastatica Skin Conditioning Pad p\u0101rsegi ar 85 % Jericho Rose (anastatikas) ekstraktu un hialuronsk\u0101bes kompleksu dzi\u013ci att\u012bra un mitrina \u0101du, izl\u012bdzina toni un nostiprina aizsargbarjeru \u2014 ide\u0101li piem\u0113roti jut\u012bgai, dehidr\u0113tai un noguru\u0161ai \u0101dai.\" \/>\n<meta property=\"og:url\" content=\"https:\/\/www.facecorner.lv\/en\/shop\/dr-althea-anastatica-skin-conditioning-pad-divpusejas-kopsanas-plaksnites-ar-85-anastatikas-ekstraktu-65pads\/\" \/>\n<meta property=\"og:site_name\" content=\"FACECORNER\" \/>\n<meta property=\"article:publisher\" content=\"https:\/\/www.facebook.com\/profile.php?id=100063824551839\" \/>\n<meta property=\"article:modified_time\" content=\"2026-02-23T19:39:34+00:00\" \/>\n<meta property=\"og:image\" content=\"https:\/\/www.facecorner.lv\/wp-content\/uploads\/2025\/11\/conditioningpad-scaled.webp\" \/>\n\t<meta property=\"og:image:width\" content=\"2560\" \/>\n\t<meta property=\"og:image:height\" content=\"2560\" \/>\n\t<meta property=\"og:image:type\" content=\"image\/webp\" \/>\n<meta name=\"twitter:card\" content=\"summary_large_image\" \/>\n<meta name=\"twitter:label1\" content=\"Price\" \/>\n\t<meta name=\"twitter:data1\" content=\"&euro;21.00\" \/>\n\t<meta name=\"twitter:label2\" content=\"Availability\" \/>\n\t<meta name=\"twitter:data2\" content=\"Out of stock\" \/>\n<script type=\"application\/ld+json\" class=\"yoast-schema-graph\">{\"@context\":\"https:\\\/\\\/schema.org\",\"@graph\":[{\"@type\":\"WebPage\",\"@id\":\"https:\\\/\\\/www.facecorner.lv\\\/shop\\\/dr-althea-anastatica-skin-conditioning-pad-divpusejas-kopsanas-plaksnites-ar-85-anastatikas-ekstraktu-65pads\\\/\",\"url\":\"https:\\\/\\\/www.facecorner.lv\\\/shop\\\/dr-althea-anastatica-skin-conditioning-pad-divpusejas-kopsanas-plaksnites-ar-85-anastatikas-ekstraktu-65pads\\\/\",\"name\":\"Dr. Althea Anastatica Skin Conditioning Pad \u2014 divpus\u0113jas kop\u0161anas pl\u0101ksn\u012btes ar 85 % anastatikas ekstraktu 65pads - FACECORNER\",\"isPartOf\":{\"@id\":\"https:\\\/\\\/www.facecorner.lv\\\/#website\"},\"primaryImageOfPage\":{\"@id\":\"https:\\\/\\\/www.facecorner.lv\\\/shop\\\/dr-althea-anastatica-skin-conditioning-pad-divpusejas-kopsanas-plaksnites-ar-85-anastatikas-ekstraktu-65pads\\\/#primaryimage\"},\"image\":{\"@id\":\"https:\\\/\\\/www.facecorner.lv\\\/shop\\\/dr-althea-anastatica-skin-conditioning-pad-divpusejas-kopsanas-plaksnites-ar-85-anastatikas-ekstraktu-65pads\\\/#primaryimage\"},\"thumbnailUrl\":\"https:\\\/\\\/www.facecorner.lv\\\/wp-content\\\/uploads\\\/2025\\\/11\\\/conditioningpad-scaled.webp\",\"datePublished\":\"2025-11-02T15:04:19+00:00\",\"dateModified\":\"2026-02-23T19:39:34+00:00\",\"description\":\"Divpus\u0113jie Dr. Althea Anastatica Skin Conditioning Pad p\u0101rsegi ar 85 % Jericho Rose (anastatikas) ekstraktu un hialuronsk\u0101bes kompleksu dzi\u013ci att\u012bra un mitrina \u0101du, izl\u012bdzina toni un nostiprina aizsargbarjeru \u2014 ide\u0101li piem\u0113roti jut\u012bgai, dehidr\u0113tai un noguru\u0161ai \u0101dai.\",\"breadcrumb\":{\"@id\":\"https:\\\/\\\/www.facecorner.lv\\\/shop\\\/dr-althea-anastatica-skin-conditioning-pad-divpusejas-kopsanas-plaksnites-ar-85-anastatikas-ekstraktu-65pads\\\/#breadcrumb\"},\"inLanguage\":\"en-US\",\"potentialAction\":[{\"@type\":\"ReadAction\",\"target\":[\"https:\\\/\\\/www.facecorner.lv\\\/shop\\\/dr-althea-anastatica-skin-conditioning-pad-divpusejas-kopsanas-plaksnites-ar-85-anastatikas-ekstraktu-65pads\\\/\"]}]},{\"@type\":\"ImageObject\",\"inLanguage\":\"en-US\",\"@id\":\"https:\\\/\\\/www.facecorner.lv\\\/shop\\\/dr-althea-anastatica-skin-conditioning-pad-divpusejas-kopsanas-plaksnites-ar-85-anastatikas-ekstraktu-65pads\\\/#primaryimage\",\"url\":\"https:\\\/\\\/www.facecorner.lv\\\/wp-content\\\/uploads\\\/2025\\\/11\\\/conditioningpad-scaled.webp\",\"contentUrl\":\"https:\\\/\\\/www.facecorner.lv\\\/wp-content\\\/uploads\\\/2025\\\/11\\\/conditioningpad-scaled.webp\",\"width\":2560,\"height\":2560,\"caption\":\"Dr. Althea Anastatica Skin Conditioning Pad\"},{\"@type\":\"BreadcrumbList\",\"@id\":\"https:\\\/\\\/www.facecorner.lv\\\/shop\\\/dr-althea-anastatica-skin-conditioning-pad-divpusejas-kopsanas-plaksnites-ar-85-anastatikas-ekstraktu-65pads\\\/#breadcrumb\",\"itemListElement\":[{\"@type\":\"ListItem\",\"position\":1,\"name\":\"Home\",\"item\":\"https:\\\/\\\/www.facecorner.lv\\\/\"},{\"@type\":\"ListItem\",\"position\":2,\"name\":\"Veikals\",\"item\":\"https:\\\/\\\/www.facecorner.lv\\\/shop\\\/\"},{\"@type\":\"ListItem\",\"position\":3,\"name\":\"Dr. Althea Anastatica Skin Conditioning Pad \u2014 divpus\u0113jas kop\u0161anas pl\u0101ksn\u012btes ar 85 % anastatikas ekstraktu 65pads\"}]},{\"@type\":\"WebSite\",\"@id\":\"https:\\\/\\\/www.facecorner.lv\\\/#website\",\"url\":\"https:\\\/\\\/www.facecorner.lv\\\/\",\"name\":\"Facecorner\",\"description\":\"\",\"publisher\":{\"@id\":\"https:\\\/\\\/www.facecorner.lv\\\/#organization\"},\"potentialAction\":[{\"@type\":\"SearchAction\",\"target\":{\"@type\":\"EntryPoint\",\"urlTemplate\":\"https:\\\/\\\/www.facecorner.lv\\\/?s={search_term_string}\"},\"query-input\":{\"@type\":\"PropertyValueSpecification\",\"valueRequired\":true,\"valueName\":\"search_term_string\"}}],\"inLanguage\":\"en-US\"},{\"@type\":\"Organization\",\"@id\":\"https:\\\/\\\/www.facecorner.lv\\\/#organization\",\"name\":\"Facecorner\",\"url\":\"https:\\\/\\\/www.facecorner.lv\\\/\",\"logo\":{\"@type\":\"ImageObject\",\"inLanguage\":\"en-US\",\"@id\":\"https:\\\/\\\/www.facecorner.lv\\\/#\\\/schema\\\/logo\\\/image\\\/\",\"url\":\"https:\\\/\\\/www.facecorner.lv\\\/wp-content\\\/uploads\\\/2024\\\/04\\\/fc-logo.jpg\",\"contentUrl\":\"https:\\\/\\\/www.facecorner.lv\\\/wp-content\\\/uploads\\\/2024\\\/04\\\/fc-logo.jpg\",\"width\":174,\"height\":28,\"caption\":\"Facecorner\"},\"image\":{\"@id\":\"https:\\\/\\\/www.facecorner.lv\\\/#\\\/schema\\\/logo\\\/image\\\/\"},\"sameAs\":[\"https:\\\/\\\/www.facebook.com\\\/profile.php?id=100063824551839\",\"https:\\\/\\\/www.instagram.com\\\/facecorner_shop\\\/\"]}]}<\/script>\n<meta property=\"product:price:amount\" content=\"21.00\" \/>\n<meta property=\"product:price:currency\" content=\"EUR\" \/>\n<meta property=\"og:availability\" content=\"out of stock\" \/>\n<meta property=\"product:availability\" content=\"out of stock\" \/>\n<meta property=\"product:condition\" content=\"new\" \/>\n<!-- \/ Yoast SEO plugin. -->","yoast_head_json":{"title":"Dr. Althea Anastatica Skin Conditioning Pad \u2014 divpus\u0113jas kop\u0161anas pl\u0101ksn\u012btes ar 85 % anastatikas ekstraktu 65pads - FACECORNER","description":"Divpus\u0113jie Dr. Althea Anastatica Skin Conditioning Pad p\u0101rsegi ar 85 % Jericho Rose (anastatikas) ekstraktu un hialuronsk\u0101bes kompleksu dzi\u013ci att\u012bra un mitrina \u0101du, izl\u012bdzina toni un nostiprina aizsargbarjeru \u2014 ide\u0101li piem\u0113roti jut\u012bgai, dehidr\u0113tai un noguru\u0161ai \u0101dai.","robots":{"index":"index","follow":"follow","max-snippet":"max-snippet:-1","max-image-preview":"max-image-preview:large","max-video-preview":"max-video-preview:-1"},"canonical":"https:\/\/www.facecorner.lv\/en\/shop\/dr-althea-anastatica-skin-conditioning-pad-divpusejas-kopsanas-plaksnites-ar-85-anastatikas-ekstraktu-65pads\/","og_locale":"en_US","og_type":"article","og_title":"Dr. Althea Anastatica Skin Conditioning Pad \u2014 divpus\u0113jas kop\u0161anas pl\u0101ksn\u012btes ar 85 % anastatikas ekstraktu 65pads - FACECORNER","og_description":"Divpus\u0113jie Dr. Althea Anastatica Skin Conditioning Pad p\u0101rsegi ar 85 % Jericho Rose (anastatikas) ekstraktu un hialuronsk\u0101bes kompleksu dzi\u013ci att\u012bra un mitrina \u0101du, izl\u012bdzina toni un nostiprina aizsargbarjeru \u2014 ide\u0101li piem\u0113roti jut\u012bgai, dehidr\u0113tai un noguru\u0161ai \u0101dai.","og_url":"https:\/\/www.facecorner.lv\/en\/shop\/dr-althea-anastatica-skin-conditioning-pad-divpusejas-kopsanas-plaksnites-ar-85-anastatikas-ekstraktu-65pads\/","og_site_name":"FACECORNER","article_publisher":"https:\/\/www.facebook.com\/profile.php?id=100063824551839","article_modified_time":"2026-02-23T19:39:34+00:00","og_image":[{"width":2560,"height":2560,"url":"https:\/\/www.facecorner.lv\/wp-content\/uploads\/2025\/11\/conditioningpad-scaled.webp","type":"image\/webp"}],"twitter_card":"summary_large_image","twitter_misc":{"Price":"&euro;21.00","Availability":"Out of stock"},"schema":{"@context":"https:\/\/schema.org","@graph":[{"@type":"WebPage","@id":"https:\/\/www.facecorner.lv\/shop\/dr-althea-anastatica-skin-conditioning-pad-divpusejas-kopsanas-plaksnites-ar-85-anastatikas-ekstraktu-65pads\/","url":"https:\/\/www.facecorner.lv\/shop\/dr-althea-anastatica-skin-conditioning-pad-divpusejas-kopsanas-plaksnites-ar-85-anastatikas-ekstraktu-65pads\/","name":"Dr. Althea Anastatica Skin Conditioning Pad \u2014 divpus\u0113jas kop\u0161anas pl\u0101ksn\u012btes ar 85 % anastatikas ekstraktu 65pads - FACECORNER","isPartOf":{"@id":"https:\/\/www.facecorner.lv\/#website"},"primaryImageOfPage":{"@id":"https:\/\/www.facecorner.lv\/shop\/dr-althea-anastatica-skin-conditioning-pad-divpusejas-kopsanas-plaksnites-ar-85-anastatikas-ekstraktu-65pads\/#primaryimage"},"image":{"@id":"https:\/\/www.facecorner.lv\/shop\/dr-althea-anastatica-skin-conditioning-pad-divpusejas-kopsanas-plaksnites-ar-85-anastatikas-ekstraktu-65pads\/#primaryimage"},"thumbnailUrl":"https:\/\/www.facecorner.lv\/wp-content\/uploads\/2025\/11\/conditioningpad-scaled.webp","datePublished":"2025-11-02T15:04:19+00:00","dateModified":"2026-02-23T19:39:34+00:00","description":"Divpus\u0113jie Dr. Althea Anastatica Skin Conditioning Pad p\u0101rsegi ar 85 % Jericho Rose (anastatikas) ekstraktu un hialuronsk\u0101bes kompleksu dzi\u013ci att\u012bra un mitrina \u0101du, izl\u012bdzina toni un nostiprina aizsargbarjeru \u2014 ide\u0101li piem\u0113roti jut\u012bgai, dehidr\u0113tai un noguru\u0161ai \u0101dai.","breadcrumb":{"@id":"https:\/\/www.facecorner.lv\/shop\/dr-althea-anastatica-skin-conditioning-pad-divpusejas-kopsanas-plaksnites-ar-85-anastatikas-ekstraktu-65pads\/#breadcrumb"},"inLanguage":"en-US","potentialAction":[{"@type":"ReadAction","target":["https:\/\/www.facecorner.lv\/shop\/dr-althea-anastatica-skin-conditioning-pad-divpusejas-kopsanas-plaksnites-ar-85-anastatikas-ekstraktu-65pads\/"]}]},{"@type":"ImageObject","inLanguage":"en-US","@id":"https:\/\/www.facecorner.lv\/shop\/dr-althea-anastatica-skin-conditioning-pad-divpusejas-kopsanas-plaksnites-ar-85-anastatikas-ekstraktu-65pads\/#primaryimage","url":"https:\/\/www.facecorner.lv\/wp-content\/uploads\/2025\/11\/conditioningpad-scaled.webp","contentUrl":"https:\/\/www.facecorner.lv\/wp-content\/uploads\/2025\/11\/conditioningpad-scaled.webp","width":2560,"height":2560,"caption":"Dr. Althea Anastatica Skin Conditioning Pad"},{"@type":"BreadcrumbList","@id":"https:\/\/www.facecorner.lv\/shop\/dr-althea-anastatica-skin-conditioning-pad-divpusejas-kopsanas-plaksnites-ar-85-anastatikas-ekstraktu-65pads\/#breadcrumb","itemListElement":[{"@type":"ListItem","position":1,"name":"Home","item":"https:\/\/www.facecorner.lv\/"},{"@type":"ListItem","position":2,"name":"Veikals","item":"https:\/\/www.facecorner.lv\/shop\/"},{"@type":"ListItem","position":3,"name":"Dr. Althea Anastatica Skin Conditioning Pad \u2014 divpus\u0113jas kop\u0161anas pl\u0101ksn\u012btes ar 85 % anastatikas ekstraktu 65pads"}]},{"@type":"WebSite","@id":"https:\/\/www.facecorner.lv\/#website","url":"https:\/\/www.facecorner.lv\/","name":"Facecorner","description":"","publisher":{"@id":"https:\/\/www.facecorner.lv\/#organization"},"potentialAction":[{"@type":"SearchAction","target":{"@type":"EntryPoint","urlTemplate":"https:\/\/www.facecorner.lv\/?s={search_term_string}"},"query-input":{"@type":"PropertyValueSpecification","valueRequired":true,"valueName":"search_term_string"}}],"inLanguage":"en-US"},{"@type":"Organization","@id":"https:\/\/www.facecorner.lv\/#organization","name":"Facecorner","url":"https:\/\/www.facecorner.lv\/","logo":{"@type":"ImageObject","inLanguage":"en-US","@id":"https:\/\/www.facecorner.lv\/#\/schema\/logo\/image\/","url":"https:\/\/www.facecorner.lv\/wp-content\/uploads\/2024\/04\/fc-logo.jpg","contentUrl":"https:\/\/www.facecorner.lv\/wp-content\/uploads\/2024\/04\/fc-logo.jpg","width":174,"height":28,"caption":"Facecorner"},"image":{"@id":"https:\/\/www.facecorner.lv\/#\/schema\/logo\/image\/"},"sameAs":["https:\/\/www.facebook.com\/profile.php?id=100063824551839","https:\/\/www.instagram.com\/facecorner_shop\/"]}]},"product_price_amount":"21.00","product_price_currency":"EUR","og_availability":"out of stock","product_availability":"out of stock","product_condition":"new"},"_links":{"self":[{"href":"https:\/\/www.facecorner.lv\/en\/wp-json\/wp\/v2\/product\/25936","targetHints":{"allow":["GET"]}}],"collection":[{"href":"https:\/\/www.facecorner.lv\/en\/wp-json\/wp\/v2\/product"}],"about":[{"href":"https:\/\/www.facecorner.lv\/en\/wp-json\/wp\/v2\/types\/product"}],"replies":[{"embeddable":true,"href":"https:\/\/www.facecorner.lv\/en\/wp-json\/wp\/v2\/comments?post=25936"}],"wp:featuredmedia":[{"embeddable":true,"href":"https:\/\/www.facecorner.lv\/en\/wp-json\/wp\/v2\/media\/25937"}],"wp:attachment":[{"href":"https:\/\/www.facecorner.lv\/en\/wp-json\/wp\/v2\/media?parent=25936"}],"wp:term":[{"taxonomy":"product_brand","embeddable":true,"href":"https:\/\/www.facecorner.lv\/en\/wp-json\/wp\/v2\/product_brand?post=25936"},{"taxonomy":"product_cat","embeddable":true,"href":"https:\/\/www.facecorner.lv\/en\/wp-json\/wp\/v2\/product_cat?post=25936"},{"taxonomy":"product_tag","embeddable":true,"href":"https:\/\/www.facecorner.lv\/en\/wp-json\/wp\/v2\/product_tag?post=25936"},{"taxonomy":"berocket_brand","embeddable":true,"href":"https:\/\/www.facecorner.lv\/en\/wp-json\/wp\/v2\/berocket_brand?post=25936"}],"curies":[{"name":"wp","href":"https:\/\/api.w.org\/{rel}","templated":true}]}}