{"id":25931,"date":"2025-11-02T17:40:15","date_gmt":"2025-11-02T14:40:15","guid":{"rendered":"https:\/\/www.facecorner.lv\/?post_type=product&#038;p=25931"},"modified":"2025-11-02T17:40:16","modified_gmt":"2025-11-02T14:40:16","slug":"dr-althea-15-niacinamide-purity-serum-sejas-izgaismojoss-serums-ar-15-niacinamida-saturu-30ml","status":"publish","type":"product","link":"https:\/\/www.facecorner.lv\/en\/shop\/dr-althea-15-niacinamide-purity-serum-sejas-izgaismojoss-serums-ar-15-niacinamida-saturu-30ml\/","title":{"rendered":"Dr. Althea 15% Niacinamide Purity Serum \u2014 sejas izgaismojo\u0161s serums ar 15% niac\u012bnam\u012bda saturu 30ml"},"content":{"rendered":"<p>Dr. Althea 15% Niacinamide Purity Serum \u2014 sejas izgaismojo\u0161s serums ar 15% niac\u012bnam\u012bda saturu ir profesion\u0101la Korejas sejas seruma ar augstu 15% niac\u012bnam\u012bda koncentr\u0101ciju.<\/p>\n<p>L\u012bdzeklis efekt\u012bvi izgaismo \u0101du, samazina iekaisumus un pinnes , regul\u0113 tauku dziedzeru darb\u012bbu un sa\u0161aurina poras.<\/p>\n<p>Pateicoties akt\u012bvaj\u0101m sast\u0101vda\u013c\u0101m \u2014 niac\u012bnam\u012bdam, cinka PCA un augu kompleksam MELACUT \u2014 \u0101da k\u013c\u016bst gluda, t\u012bra un mirdzo\u0161a.<\/p>\n<p><strong>Priek\u0161roc\u012bbas:<\/strong><\/p>\n<ul>\n<li>\u00a0Izgaismo pigmentu plankumus un izl\u012bdzina \u0101das toni.<\/li>\n<li>Kontrol\u0113 sebuma izdal\u012b\u0161anos un samazina taukainu sp\u012bdumu.<\/li>\n<li>Samazina poras, padara \u0101du elast\u012bg\u0101ku un glud\u0101ku.<\/li>\n<li>Uztur aizsargbarjeru un uzlabo \u0101das tekst\u016bru.<\/li>\n<li>Viegla g\u0113la formula \u0101tri ies\u016bcas, neatst\u0101jot lip\u012bgumu.<\/li>\n<\/ul>\n<p><strong>Piem\u0113rots: <\/strong>Norm\u0101lai, jaukta tipa, taukainai un problem\u0101tiskai \u0101dai. Ieteicams p\u0113c pinnes, pigment\u0101cijas, nevienm\u0113r\u012bga tonisa un papla\u0161in\u0101tu poru gad\u012bjum\u0101.<\/p>\n<p><strong>How to use: <\/strong>P\u0113c tonika uzkl\u0101jiet 2\u20133 pilienus seruma uz att\u012br\u012btas \u0101das. Lietojiet no r\u012bta un vakar\u0101. Dienas laik\u0101 oblig\u0101ti uzkl\u0101jiet saules aizsargkr\u0113mu.<\/p>\n<p><strong>Sast\u0101vs:<\/strong> Water, Niacinamide (15%), Butylene Glycol, Pentylene Glycol, Glycerin, Zinc PCA, Portulaca Oleracea Extract, Oryza Sativa (Rice) Ferment Filtrate, Vitis Vinifera (Grape) Seed Extract, Centella Asiatica Extract, Camellia Sinensis Leaf Extract, Melaleuca Alternifolia (Tea Tree) Leaf Oil, Rosmarinus Officinalis (Rosemary) Leaf Oil, 1,2-Hexanediol, Carbomer, Arginine, Hydroxyacetophenone, Ethylhexylglycerin, Disodium EDTA.<\/p>\n<p>&nbsp;<\/p>","protected":false},"excerpt":{"rendered":"<p>Dr. Althea 15% Niacinamide Purity Serum ir profesion\u0101la Korejas sejas seruma ar augstu 15% niac\u012bnam\u012bda koncentr\u0101ciju.<\/p>","protected":false},"featured_media":25932,"comment_status":"open","ping_status":"closed","template":"","meta":{"site-sidebar-layout":"default","site-content-layout":"","ast-site-content-layout":"default","site-content-style":"default","site-sidebar-style":"default","ast-global-header-display":"","ast-banner-title-visibility":"","ast-main-header-display":"","ast-hfb-above-header-display":"","ast-hfb-below-header-display":"","ast-hfb-mobile-header-display":"","site-post-title":"","ast-breadcrumbs-content":"","ast-featured-img":"","footer-sml-layout":"","theme-transparent-header-meta":"default","adv-header-id-meta":"","stick-header-meta":"","header-above-stick-meta":"","header-main-stick-meta":"","header-below-stick-meta":"","astra-migrate-meta-layouts":"set","ast-page-background-enabled":"default","ast-page-background-meta":{"desktop":{"background-color":"var(--ast-global-color-4)","background-image":"","background-repeat":"repeat","background-position":"center center","background-size":"auto","background-attachment":"scroll","background-type":"","background-media":"","overlay-type":"","overlay-color":"","overlay-opacity":"","overlay-gradient":""},"tablet":{"background-color":"","background-image":"","background-repeat":"repeat","background-position":"center center","background-size":"auto","background-attachment":"scroll","background-type":"","background-media":"","overlay-type":"","overlay-color":"","overlay-opacity":"","overlay-gradient":""},"mobile":{"background-color":"","background-image":"","background-repeat":"repeat","background-position":"center center","background-size":"auto","background-attachment":"scroll","background-type":"","background-media":"","overlay-type":"","overlay-color":"","overlay-opacity":"","overlay-gradient":""}},"ast-content-background-meta":{"desktop":{"background-color":"var(--ast-global-color-5)","background-image":"","background-repeat":"repeat","background-position":"center center","background-size":"auto","background-attachment":"scroll","background-type":"","background-media":"","overlay-type":"","overlay-color":"","overlay-opacity":"","overlay-gradient":""},"tablet":{"background-color":"var(--ast-global-color-5)","background-image":"","background-repeat":"repeat","background-position":"center center","background-size":"auto","background-attachment":"scroll","background-type":"","background-media":"","overlay-type":"","overlay-color":"","overlay-opacity":"","overlay-gradient":""},"mobile":{"background-color":"var(--ast-global-color-5)","background-image":"","background-repeat":"repeat","background-position":"center center","background-size":"auto","background-attachment":"scroll","background-type":"","background-media":"","overlay-type":"","overlay-color":"","overlay-opacity":"","overlay-gradient":""}}},"product_brand":[],"product_cat":[370,371,374,363],"product_tag":[],"berocket_brand":[597],"class_list":{"0":"post-25931","1":"product","2":"type-product","3":"status-publish","4":"has-post-thumbnail","6":"product_cat-adas-mirdzumam","7":"product_cat-anti-age","8":"product_cat-pret-pinnem","9":"product_cat-serumi","10":"berocket_brand-dr-althea","11":"desktop-align-left","12":"tablet-align-left","13":"mobile-align-left","15":"first","16":"instock","17":"sale","18":"taxable","19":"shipping-taxable","20":"purchasable","21":"product-type-simple","22":"add-to-wishlist-before_image"},"yoast_head":"<!-- This site is optimized with the Yoast SEO plugin v27.4 - https:\/\/yoast.com\/product\/yoast-seo-wordpress\/ -->\n<title>Dr. Althea 15% Niacinamide Purity Serum \u2014 sejas izgaismojo\u0161s serums ar 15% niac\u012bnam\u012bda saturu 30ml - FACECORNER<\/title>\n<meta name=\"description\" content=\"Dr. Althea 15% Niacinamide Purity Serum ir profesion\u0101la Korejas sejas seruma ar augstu 15% niac\u012bnam\u012bda koncentr\u0101ciju.\" \/>\n<meta name=\"robots\" content=\"index, follow, max-snippet:-1, max-image-preview:large, max-video-preview:-1\" \/>\n<link rel=\"canonical\" href=\"https:\/\/www.facecorner.lv\/en\/shop\/dr-althea-15-niacinamide-purity-serum-sejas-izgaismojoss-serums-ar-15-niacinamida-saturu-30ml\/\" \/>\n<meta property=\"og:locale\" content=\"en_US\" \/>\n<meta property=\"og:type\" content=\"article\" \/>\n<meta property=\"og:title\" content=\"Dr. Althea 15% Niacinamide Purity Serum \u2014 sejas izgaismojo\u0161s serums ar 15% niac\u012bnam\u012bda saturu 30ml - FACECORNER\" \/>\n<meta property=\"og:description\" content=\"Dr. Althea 15% Niacinamide Purity Serum ir profesion\u0101la Korejas sejas seruma ar augstu 15% niac\u012bnam\u012bda koncentr\u0101ciju.\" \/>\n<meta property=\"og:url\" content=\"https:\/\/www.facecorner.lv\/en\/shop\/dr-althea-15-niacinamide-purity-serum-sejas-izgaismojoss-serums-ar-15-niacinamida-saturu-30ml\/\" \/>\n<meta property=\"og:site_name\" content=\"FACECORNER\" \/>\n<meta property=\"article:publisher\" content=\"https:\/\/www.facebook.com\/profile.php?id=100063824551839\" \/>\n<meta property=\"article:modified_time\" content=\"2025-11-02T14:40:16+00:00\" \/>\n<meta property=\"og:image\" content=\"https:\/\/www.facecorner.lv\/wp-content\/uploads\/2025\/11\/\u0438\u043c\u0431\u044c_\u0431\u043c\u044c_\u0431\u044c.jpg\" \/>\n\t<meta property=\"og:image:width\" content=\"1000\" \/>\n\t<meta property=\"og:image:height\" content=\"1000\" \/>\n\t<meta property=\"og:image:type\" content=\"image\/jpeg\" \/>\n<meta name=\"twitter:card\" content=\"summary_large_image\" \/>\n<meta name=\"twitter:label1\" content=\"Price\" \/>\n\t<meta name=\"twitter:data1\" content=\"&euro;18.80\" \/>\n\t<meta name=\"twitter:label2\" content=\"Availability\" \/>\n\t<meta name=\"twitter:data2\" content=\"In stock\" \/>\n<script type=\"application\/ld+json\" class=\"yoast-schema-graph\">{\"@context\":\"https:\\\/\\\/schema.org\",\"@graph\":[{\"@type\":\"WebPage\",\"@id\":\"https:\\\/\\\/www.facecorner.lv\\\/shop\\\/dr-althea-15-niacinamide-purity-serum-sejas-izgaismojoss-serums-ar-15-niacinamida-saturu-30ml\\\/\",\"url\":\"https:\\\/\\\/www.facecorner.lv\\\/shop\\\/dr-althea-15-niacinamide-purity-serum-sejas-izgaismojoss-serums-ar-15-niacinamida-saturu-30ml\\\/\",\"name\":\"Dr. Althea 15% Niacinamide Purity Serum \u2014 sejas izgaismojo\u0161s serums ar 15% niac\u012bnam\u012bda saturu 30ml - FACECORNER\",\"isPartOf\":{\"@id\":\"https:\\\/\\\/www.facecorner.lv\\\/#website\"},\"primaryImageOfPage\":{\"@id\":\"https:\\\/\\\/www.facecorner.lv\\\/shop\\\/dr-althea-15-niacinamide-purity-serum-sejas-izgaismojoss-serums-ar-15-niacinamida-saturu-30ml\\\/#primaryimage\"},\"image\":{\"@id\":\"https:\\\/\\\/www.facecorner.lv\\\/shop\\\/dr-althea-15-niacinamide-purity-serum-sejas-izgaismojoss-serums-ar-15-niacinamida-saturu-30ml\\\/#primaryimage\"},\"thumbnailUrl\":\"https:\\\/\\\/www.facecorner.lv\\\/wp-content\\\/uploads\\\/2025\\\/11\\\/\u0438\u043c\u0431\u044c_\u0431\u043c\u044c_\u0431\u044c.jpg\",\"datePublished\":\"2025-11-02T14:40:15+00:00\",\"dateModified\":\"2025-11-02T14:40:16+00:00\",\"description\":\"Dr. Althea 15% Niacinamide Purity Serum ir profesion\u0101la Korejas sejas seruma ar augstu 15% niac\u012bnam\u012bda koncentr\u0101ciju.\",\"breadcrumb\":{\"@id\":\"https:\\\/\\\/www.facecorner.lv\\\/shop\\\/dr-althea-15-niacinamide-purity-serum-sejas-izgaismojoss-serums-ar-15-niacinamida-saturu-30ml\\\/#breadcrumb\"},\"inLanguage\":\"en-US\",\"potentialAction\":[{\"@type\":\"ReadAction\",\"target\":[\"https:\\\/\\\/www.facecorner.lv\\\/shop\\\/dr-althea-15-niacinamide-purity-serum-sejas-izgaismojoss-serums-ar-15-niacinamida-saturu-30ml\\\/\"]}]},{\"@type\":\"ImageObject\",\"inLanguage\":\"en-US\",\"@id\":\"https:\\\/\\\/www.facecorner.lv\\\/shop\\\/dr-althea-15-niacinamide-purity-serum-sejas-izgaismojoss-serums-ar-15-niacinamida-saturu-30ml\\\/#primaryimage\",\"url\":\"https:\\\/\\\/www.facecorner.lv\\\/wp-content\\\/uploads\\\/2025\\\/11\\\/\u0438\u043c\u0431\u044c_\u0431\u043c\u044c_\u0431\u044c.jpg\",\"contentUrl\":\"https:\\\/\\\/www.facecorner.lv\\\/wp-content\\\/uploads\\\/2025\\\/11\\\/\u0438\u043c\u0431\u044c_\u0431\u043c\u044c_\u0431\u044c.jpg\",\"width\":1000,\"height\":1000,\"caption\":\"Dr. Althea 15% Niacinamide Purity Serum\"},{\"@type\":\"BreadcrumbList\",\"@id\":\"https:\\\/\\\/www.facecorner.lv\\\/shop\\\/dr-althea-15-niacinamide-purity-serum-sejas-izgaismojoss-serums-ar-15-niacinamida-saturu-30ml\\\/#breadcrumb\",\"itemListElement\":[{\"@type\":\"ListItem\",\"position\":1,\"name\":\"Home\",\"item\":\"https:\\\/\\\/www.facecorner.lv\\\/\"},{\"@type\":\"ListItem\",\"position\":2,\"name\":\"Veikals\",\"item\":\"https:\\\/\\\/www.facecorner.lv\\\/shop\\\/\"},{\"@type\":\"ListItem\",\"position\":3,\"name\":\"Dr. Althea 15% Niacinamide Purity Serum \u2014 sejas izgaismojo\u0161s serums ar 15% niac\u012bnam\u012bda saturu 30ml\"}]},{\"@type\":\"WebSite\",\"@id\":\"https:\\\/\\\/www.facecorner.lv\\\/#website\",\"url\":\"https:\\\/\\\/www.facecorner.lv\\\/\",\"name\":\"Facecorner\",\"description\":\"\",\"publisher\":{\"@id\":\"https:\\\/\\\/www.facecorner.lv\\\/#organization\"},\"potentialAction\":[{\"@type\":\"SearchAction\",\"target\":{\"@type\":\"EntryPoint\",\"urlTemplate\":\"https:\\\/\\\/www.facecorner.lv\\\/?s={search_term_string}\"},\"query-input\":{\"@type\":\"PropertyValueSpecification\",\"valueRequired\":true,\"valueName\":\"search_term_string\"}}],\"inLanguage\":\"en-US\"},{\"@type\":\"Organization\",\"@id\":\"https:\\\/\\\/www.facecorner.lv\\\/#organization\",\"name\":\"Facecorner\",\"url\":\"https:\\\/\\\/www.facecorner.lv\\\/\",\"logo\":{\"@type\":\"ImageObject\",\"inLanguage\":\"en-US\",\"@id\":\"https:\\\/\\\/www.facecorner.lv\\\/#\\\/schema\\\/logo\\\/image\\\/\",\"url\":\"https:\\\/\\\/www.facecorner.lv\\\/wp-content\\\/uploads\\\/2024\\\/04\\\/fc-logo.jpg\",\"contentUrl\":\"https:\\\/\\\/www.facecorner.lv\\\/wp-content\\\/uploads\\\/2024\\\/04\\\/fc-logo.jpg\",\"width\":174,\"height\":28,\"caption\":\"Facecorner\"},\"image\":{\"@id\":\"https:\\\/\\\/www.facecorner.lv\\\/#\\\/schema\\\/logo\\\/image\\\/\"},\"sameAs\":[\"https:\\\/\\\/www.facebook.com\\\/profile.php?id=100063824551839\",\"https:\\\/\\\/www.instagram.com\\\/facecorner_shop\\\/\"]}]}<\/script>\n<meta property=\"product:price:amount\" content=\"18.80\" \/>\n<meta property=\"product:price:currency\" content=\"EUR\" \/>\n<meta property=\"og:availability\" content=\"instock\" \/>\n<meta property=\"product:availability\" content=\"instock\" \/>\n<meta property=\"product:condition\" content=\"new\" \/>\n<!-- \/ Yoast SEO plugin. -->","yoast_head_json":{"title":"Dr. Althea 15% Niacinamide Purity Serum \u2014 sejas izgaismojo\u0161s serums ar 15% niac\u012bnam\u012bda saturu 30ml - FACECORNER","description":"Dr. Althea 15% Niacinamide Purity Serum ir profesion\u0101la Korejas sejas seruma ar augstu 15% niac\u012bnam\u012bda koncentr\u0101ciju.","robots":{"index":"index","follow":"follow","max-snippet":"max-snippet:-1","max-image-preview":"max-image-preview:large","max-video-preview":"max-video-preview:-1"},"canonical":"https:\/\/www.facecorner.lv\/en\/shop\/dr-althea-15-niacinamide-purity-serum-sejas-izgaismojoss-serums-ar-15-niacinamida-saturu-30ml\/","og_locale":"en_US","og_type":"article","og_title":"Dr. Althea 15% Niacinamide Purity Serum \u2014 sejas izgaismojo\u0161s serums ar 15% niac\u012bnam\u012bda saturu 30ml - FACECORNER","og_description":"Dr. Althea 15% Niacinamide Purity Serum ir profesion\u0101la Korejas sejas seruma ar augstu 15% niac\u012bnam\u012bda koncentr\u0101ciju.","og_url":"https:\/\/www.facecorner.lv\/en\/shop\/dr-althea-15-niacinamide-purity-serum-sejas-izgaismojoss-serums-ar-15-niacinamida-saturu-30ml\/","og_site_name":"FACECORNER","article_publisher":"https:\/\/www.facebook.com\/profile.php?id=100063824551839","article_modified_time":"2025-11-02T14:40:16+00:00","og_image":[{"width":1000,"height":1000,"url":"https:\/\/www.facecorner.lv\/wp-content\/uploads\/2025\/11\/\u0438\u043c\u0431\u044c_\u0431\u043c\u044c_\u0431\u044c.jpg","type":"image\/jpeg"}],"twitter_card":"summary_large_image","twitter_misc":{"Price":"&euro;18.80","Availability":"In stock"},"schema":{"@context":"https:\/\/schema.org","@graph":[{"@type":"WebPage","@id":"https:\/\/www.facecorner.lv\/shop\/dr-althea-15-niacinamide-purity-serum-sejas-izgaismojoss-serums-ar-15-niacinamida-saturu-30ml\/","url":"https:\/\/www.facecorner.lv\/shop\/dr-althea-15-niacinamide-purity-serum-sejas-izgaismojoss-serums-ar-15-niacinamida-saturu-30ml\/","name":"Dr. Althea 15% Niacinamide Purity Serum \u2014 sejas izgaismojo\u0161s serums ar 15% niac\u012bnam\u012bda saturu 30ml - FACECORNER","isPartOf":{"@id":"https:\/\/www.facecorner.lv\/#website"},"primaryImageOfPage":{"@id":"https:\/\/www.facecorner.lv\/shop\/dr-althea-15-niacinamide-purity-serum-sejas-izgaismojoss-serums-ar-15-niacinamida-saturu-30ml\/#primaryimage"},"image":{"@id":"https:\/\/www.facecorner.lv\/shop\/dr-althea-15-niacinamide-purity-serum-sejas-izgaismojoss-serums-ar-15-niacinamida-saturu-30ml\/#primaryimage"},"thumbnailUrl":"https:\/\/www.facecorner.lv\/wp-content\/uploads\/2025\/11\/\u0438\u043c\u0431\u044c_\u0431\u043c\u044c_\u0431\u044c.jpg","datePublished":"2025-11-02T14:40:15+00:00","dateModified":"2025-11-02T14:40:16+00:00","description":"Dr. Althea 15% Niacinamide Purity Serum ir profesion\u0101la Korejas sejas seruma ar augstu 15% niac\u012bnam\u012bda koncentr\u0101ciju.","breadcrumb":{"@id":"https:\/\/www.facecorner.lv\/shop\/dr-althea-15-niacinamide-purity-serum-sejas-izgaismojoss-serums-ar-15-niacinamida-saturu-30ml\/#breadcrumb"},"inLanguage":"en-US","potentialAction":[{"@type":"ReadAction","target":["https:\/\/www.facecorner.lv\/shop\/dr-althea-15-niacinamide-purity-serum-sejas-izgaismojoss-serums-ar-15-niacinamida-saturu-30ml\/"]}]},{"@type":"ImageObject","inLanguage":"en-US","@id":"https:\/\/www.facecorner.lv\/shop\/dr-althea-15-niacinamide-purity-serum-sejas-izgaismojoss-serums-ar-15-niacinamida-saturu-30ml\/#primaryimage","url":"https:\/\/www.facecorner.lv\/wp-content\/uploads\/2025\/11\/\u0438\u043c\u0431\u044c_\u0431\u043c\u044c_\u0431\u044c.jpg","contentUrl":"https:\/\/www.facecorner.lv\/wp-content\/uploads\/2025\/11\/\u0438\u043c\u0431\u044c_\u0431\u043c\u044c_\u0431\u044c.jpg","width":1000,"height":1000,"caption":"Dr. Althea 15% Niacinamide Purity Serum"},{"@type":"BreadcrumbList","@id":"https:\/\/www.facecorner.lv\/shop\/dr-althea-15-niacinamide-purity-serum-sejas-izgaismojoss-serums-ar-15-niacinamida-saturu-30ml\/#breadcrumb","itemListElement":[{"@type":"ListItem","position":1,"name":"Home","item":"https:\/\/www.facecorner.lv\/"},{"@type":"ListItem","position":2,"name":"Veikals","item":"https:\/\/www.facecorner.lv\/shop\/"},{"@type":"ListItem","position":3,"name":"Dr. Althea 15% Niacinamide Purity Serum \u2014 sejas izgaismojo\u0161s serums ar 15% niac\u012bnam\u012bda saturu 30ml"}]},{"@type":"WebSite","@id":"https:\/\/www.facecorner.lv\/#website","url":"https:\/\/www.facecorner.lv\/","name":"Facecorner","description":"","publisher":{"@id":"https:\/\/www.facecorner.lv\/#organization"},"potentialAction":[{"@type":"SearchAction","target":{"@type":"EntryPoint","urlTemplate":"https:\/\/www.facecorner.lv\/?s={search_term_string}"},"query-input":{"@type":"PropertyValueSpecification","valueRequired":true,"valueName":"search_term_string"}}],"inLanguage":"en-US"},{"@type":"Organization","@id":"https:\/\/www.facecorner.lv\/#organization","name":"Facecorner","url":"https:\/\/www.facecorner.lv\/","logo":{"@type":"ImageObject","inLanguage":"en-US","@id":"https:\/\/www.facecorner.lv\/#\/schema\/logo\/image\/","url":"https:\/\/www.facecorner.lv\/wp-content\/uploads\/2024\/04\/fc-logo.jpg","contentUrl":"https:\/\/www.facecorner.lv\/wp-content\/uploads\/2024\/04\/fc-logo.jpg","width":174,"height":28,"caption":"Facecorner"},"image":{"@id":"https:\/\/www.facecorner.lv\/#\/schema\/logo\/image\/"},"sameAs":["https:\/\/www.facebook.com\/profile.php?id=100063824551839","https:\/\/www.instagram.com\/facecorner_shop\/"]}]},"product_price_amount":"18.80","product_price_currency":"EUR","og_availability":"instock","product_availability":"instock","product_condition":"new"},"_links":{"self":[{"href":"https:\/\/www.facecorner.lv\/en\/wp-json\/wp\/v2\/product\/25931","targetHints":{"allow":["GET"]}}],"collection":[{"href":"https:\/\/www.facecorner.lv\/en\/wp-json\/wp\/v2\/product"}],"about":[{"href":"https:\/\/www.facecorner.lv\/en\/wp-json\/wp\/v2\/types\/product"}],"replies":[{"embeddable":true,"href":"https:\/\/www.facecorner.lv\/en\/wp-json\/wp\/v2\/comments?post=25931"}],"wp:featuredmedia":[{"embeddable":true,"href":"https:\/\/www.facecorner.lv\/en\/wp-json\/wp\/v2\/media\/25932"}],"wp:attachment":[{"href":"https:\/\/www.facecorner.lv\/en\/wp-json\/wp\/v2\/media?parent=25931"}],"wp:term":[{"taxonomy":"product_brand","embeddable":true,"href":"https:\/\/www.facecorner.lv\/en\/wp-json\/wp\/v2\/product_brand?post=25931"},{"taxonomy":"product_cat","embeddable":true,"href":"https:\/\/www.facecorner.lv\/en\/wp-json\/wp\/v2\/product_cat?post=25931"},{"taxonomy":"product_tag","embeddable":true,"href":"https:\/\/www.facecorner.lv\/en\/wp-json\/wp\/v2\/product_tag?post=25931"},{"taxonomy":"berocket_brand","embeddable":true,"href":"https:\/\/www.facecorner.lv\/en\/wp-json\/wp\/v2\/berocket_brand?post=25931"}],"curies":[{"name":"wp","href":"https:\/\/api.w.org\/{rel}","templated":true}]}}