{"id":25910,"date":"2025-10-30T20:48:46","date_gmt":"2025-10-30T17:48:46","guid":{"rendered":"https:\/\/www.facecorner.lv\/?post_type=product&#038;p=25910"},"modified":"2026-05-06T13:37:35","modified_gmt":"2026-05-06T10:37:35","slug":"daeng-gi-meo-ri-glamorous-volume-shampoo-400ml","status":"publish","type":"product","link":"https:\/\/www.facecorner.lv\/en\/shop\/daeng-gi-meo-ri-glamorous-volume-shampoo-400ml\/","title":{"rendered":"Daeng Gi Meo Ri Glamorous Volume Shampoo apjomu \u0161ampuns 400ml"},"content":{"rendered":"<p>Daeng Gi Meo Ri Glamorous Volume Shampoo \u0161is profesion\u0101lais \u0161amp\u016bns ir rad\u012bts, lai pie\u0161\u0137irtu matiem iev\u0113rojamu apjomu no sakn\u0113m un vizu\u0101li palielin\u0101tu to biezumu.<\/p>\n<p>Tas satur vair\u0101k nek\u0101 35 % tradicion\u0101lo korejie\u0161u z\u0101\u013cu, kas maigi kopj galvas \u0101du un matus vis\u0101 to garum\u0101. Formula apvieno maigu att\u012bro\u0161o b\u0101zi un bag\u0101t\u012bgu augu kompleksu, lai jau p\u0113c pirm\u0101s lieto\u0161anas reizes b\u016btu redzams rezult\u0101ts.<\/p>\n<p><strong>Piem\u0113rots:<\/strong><\/p>\n<ul>\n<li>Visiem matu tipiem, ieskaitot pl\u0101nus un v\u0101jus matus, kuriem nepiecie\u0161ams apjoms.<\/li>\n<li>Tiem, kas v\u0113las pie\u0161\u0137irt matiem bl\u012bv\u0101ku izskatu pie sakn\u0113m un vieglu, gais\u012bgu tekst\u016bru.<\/li>\n<\/ul>\n<p>Sast\u0101v\u0101 ir krizant\u0113mu, sarkano \u017een\u0161e\u0146u un rehm\u0101nijas ekstrakti, kas pat boj\u0101tiem matiem \u0101tri atjauno vesel\u012bgu, sp\u012bd\u012bgu izskatu.<span style=\"font-size: 16px;\">\u0100bolu, greipfr\u016btu, savva\u013cas \u0137ir\u0161u un persiku ekstrakti mitrina un baro ar dab\u012bgiem vitam\u012bniem un miner\u0101lviel\u0101m.<\/span>Maiga mazg\u0101jo\u0161\u0101 b\u0101ze kop\u0101 ar dabisko vielu kompleksu pie\u0161\u0137ir matiem vieglumu un gais\u012bgumu, dabisku sp\u012bdumu un iztur\u012bbu.<\/p>\n<p><strong>How to use:<\/strong><\/p>\n<p>Izdaliet nelielu daudzumu \u0161amp\u016bna pa mitriem matiem. Mas\u0113jiet da\u017eas min\u016btes, \u012bpa\u0161u uzman\u012bbu piev\u0113r\u0161ot sakn\u0113m. Nomazg\u0101jiet ieg\u016bt\u0101s putas ar lielu daudzumu silta \u016bdens.<\/p>\n<p><strong>Sast\u0101vs<\/strong>: Water, Panax Ginseng Root Extract, Rehmannia Glutinosa Root Extract, Chrysanthemum Zawadskii Extract, Disodium Cocoamphodiacetate, Sodium C14-16 Olefin Sulfonate, Disodium Laureth Sulfosuccinate, Cocamidopropyl Betaine, Sodium Chloride, Thuja Orientalis Leaf Extract, Morus Alba Bark Extract, Houttuynia Cordata Extract, Polygonum Multiflorum Root Extract, Fragrance, PEG-7 Glyceryl Cocoate, Cocamide mea, Butylene Glycol, Polyquaternium-7, Carbomer, Betaine, Panthenol, Salicylic Acid, Menthol, PEG-120 Methyl Glucose Dioleate, Lactic Acid, Polyquaternium-53, Niacinamide, Panax Ginseng Root Extract, Artemisia Vulgaris Extract, Panax Ginseng Berry Extract, Disodium EDTA, Lycium Chinense Fruit Extract, Schisandra Chinensis Fruit Extract, Gardenia Florida Fruit Extract, Ganoderma Lucidum Extract, Cnidium Officinale Root Extract, Cinum Asiaticum Extract, Eriobotrya Japonica Leaf Extract, Perilla Frutescens Leaf Extract, Foeniculum Vulgare Fruit Extract, Angelica Acutiloba Root Extract, Camellia Sinensis Leaf Extract, Acorus Calamus Root Extract, Propylene Glycol, Alcohol, Prunus Persica Leaf Extract, Pyrus Malus Fruit Extract, Citrus Paradisi Fruit Extract, Punica Granatum Fruit Juice, Vaccinium Macrocarpon Fruit Extract, Prunus Serotina Fruit Extract, Hydrolyzed Silk, Hydrolyzed Conchiolin Protein, Paeonia Lactiflora Root Extract, Glycyrrhetinic Acid, Platinum, Sodium Benzoate, Phenoxyethanol, Alpha-Isomethyl Ionone, Geraniol, Coumarin, Linalool, Limonene, Citronellol.<\/p>\n<p><strong>Kontaktinform\u0101cija:<\/strong><\/p>\n<p>S.L. Albasanz 79, Nave 6, Madrid,28028, Spain, administracion@tradegate.es<\/p>\n<p><strong>BR\u012aDIN\u0100JUMI!<\/strong><\/p>\n<ul>\n<li>Ja lieto\u0161anas laik\u0101 vai p\u0113c t\u0101s par\u0101d\u0101s sarkani plankumi, piet\u016bkums vai nieze, nekav\u0113joties konsult\u0113jieties ar speci\u0101listu.<\/li>\n<li>Uzglab\u0101t b\u0113rniem nepieejam\u0101 viet\u0101.<\/li>\n<li>Izvair\u012bties no saskares ar ac\u012bm.<\/li>\n<li>Saskares gad\u012bjum\u0101 r\u016bp\u012bgi izskalot ar \u016bdeni.<\/li>\n<li>Izvair\u012bties no tie\u0161as saules iedarb\u012bbas.<\/li>\n<li>Noteikti r\u016bp\u012bgi noskalojiet galvas \u0101du un matus, lai izvair\u012btos no l\u012bdzek\u013ca uzkr\u0101\u0161an\u0101s.<\/li>\n<\/ul>","protected":false},"excerpt":{"rendered":"<p>Daeng Gi Meo Ri Glamorous Volume Shampoo \u0161is profesion\u0101lais \u0161amp\u016bns ir rad\u012bts, lai pie\u0161\u0137irtu matiem iev\u0113rojamu apjomu no sakn\u0113m un vizu\u0101li palielin\u0101tu to biezumu.<\/p>","protected":false},"featured_media":25911,"comment_status":"open","ping_status":"closed","template":"","meta":{"site-sidebar-layout":"default","site-content-layout":"","ast-site-content-layout":"default","site-content-style":"default","site-sidebar-style":"default","ast-global-header-display":"","ast-banner-title-visibility":"","ast-main-header-display":"","ast-hfb-above-header-display":"","ast-hfb-below-header-display":"","ast-hfb-mobile-header-display":"","site-post-title":"","ast-breadcrumbs-content":"","ast-featured-img":"","footer-sml-layout":"","theme-transparent-header-meta":"default","adv-header-id-meta":"","stick-header-meta":"","header-above-stick-meta":"","header-main-stick-meta":"","header-below-stick-meta":"","astra-migrate-meta-layouts":"set","ast-page-background-enabled":"default","ast-page-background-meta":{"desktop":{"background-color":"var(--ast-global-color-4)","background-image":"","background-repeat":"repeat","background-position":"center center","background-size":"auto","background-attachment":"scroll","background-type":"","background-media":"","overlay-type":"","overlay-color":"","overlay-opacity":"","overlay-gradient":""},"tablet":{"background-color":"","background-image":"","background-repeat":"repeat","background-position":"center center","background-size":"auto","background-attachment":"scroll","background-type":"","background-media":"","overlay-type":"","overlay-color":"","overlay-opacity":"","overlay-gradient":""},"mobile":{"background-color":"","background-image":"","background-repeat":"repeat","background-position":"center center","background-size":"auto","background-attachment":"scroll","background-type":"","background-media":"","overlay-type":"","overlay-color":"","overlay-opacity":"","overlay-gradient":""}},"ast-content-background-meta":{"desktop":{"background-color":"var(--ast-global-color-5)","background-image":"","background-repeat":"repeat","background-position":"center center","background-size":"auto","background-attachment":"scroll","background-type":"","background-media":"","overlay-type":"","overlay-color":"","overlay-opacity":"","overlay-gradient":""},"tablet":{"background-color":"var(--ast-global-color-5)","background-image":"","background-repeat":"repeat","background-position":"center center","background-size":"auto","background-attachment":"scroll","background-type":"","background-media":"","overlay-type":"","overlay-color":"","overlay-opacity":"","overlay-gradient":""},"mobile":{"background-color":"var(--ast-global-color-5)","background-image":"","background-repeat":"repeat","background-position":"center center","background-size":"auto","background-attachment":"scroll","background-type":"","background-media":"","overlay-type":"","overlay-color":"","overlay-opacity":"","overlay-gradient":""}}},"product_brand":[],"product_cat":[330,357],"product_tag":[],"berocket_brand":[665],"class_list":{"0":"post-25910","1":"product","2":"type-product","3":"status-publish","4":"has-post-thumbnail","6":"product_cat-matiem","7":"product_cat-sampuni","8":"berocket_brand-daeng-gi-meo-ri","9":"desktop-align-left","10":"tablet-align-left","11":"mobile-align-left","13":"first","14":"instock","15":"taxable","16":"shipping-taxable","17":"purchasable","18":"product-type-simple","19":"add-to-wishlist-before_image"},"yoast_head":"<!-- This site is optimized with the Yoast SEO plugin v27.4 - https:\/\/yoast.com\/product\/yoast-seo-wordpress\/ -->\n<title>Daeng Gi Meo Ri Glamorous Volume Shampoo apjomu \u0161ampuns 400ml - FACECORNER<\/title>\n<meta name=\"description\" content=\"Daeng Gi Meo Ri Glamorous Volume Shampoo \u0161is profesion\u0101lais \u0161amp\u016bns ir rad\u012bts, lai pie\u0161\u0137irtu matiem iev\u0113rojamu apjomu no sakn\u0113m un vizu\u0101li palielin\u0101tu to biezumu.\" \/>\n<meta name=\"robots\" content=\"index, follow, max-snippet:-1, max-image-preview:large, max-video-preview:-1\" \/>\n<link rel=\"canonical\" href=\"https:\/\/www.facecorner.lv\/en\/shop\/daeng-gi-meo-ri-glamorous-volume-shampoo-400ml\/\" \/>\n<meta property=\"og:locale\" content=\"en_US\" \/>\n<meta property=\"og:type\" content=\"article\" \/>\n<meta property=\"og:title\" content=\"Daeng Gi Meo Ri Glamorous Volume Shampoo apjomu \u0161ampuns 400ml - FACECORNER\" \/>\n<meta property=\"og:description\" content=\"Daeng Gi Meo Ri Glamorous Volume Shampoo \u0161is profesion\u0101lais \u0161amp\u016bns ir rad\u012bts, lai pie\u0161\u0137irtu matiem iev\u0113rojamu apjomu no sakn\u0113m un vizu\u0101li palielin\u0101tu to biezumu.\" \/>\n<meta property=\"og:url\" content=\"https:\/\/www.facecorner.lv\/en\/shop\/daeng-gi-meo-ri-glamorous-volume-shampoo-400ml\/\" \/>\n<meta property=\"og:site_name\" content=\"FACECORNER\" \/>\n<meta property=\"article:publisher\" content=\"https:\/\/www.facebook.com\/profile.php?id=100063824551839\" \/>\n<meta property=\"article:modified_time\" content=\"2026-05-06T10:37:35+00:00\" \/>\n<meta property=\"og:image\" content=\"https:\/\/www.facecorner.lv\/wp-content\/uploads\/2025\/10\/Daeng-Gi-Meo-Ri-20-01.webp\" \/>\n\t<meta property=\"og:image:width\" content=\"900\" \/>\n\t<meta property=\"og:image:height\" content=\"900\" \/>\n\t<meta property=\"og:image:type\" content=\"image\/webp\" \/>\n<meta name=\"twitter:card\" content=\"summary_large_image\" \/>\n<meta name=\"twitter:label1\" content=\"Price\" \/>\n\t<meta name=\"twitter:data1\" content=\"&euro;23.00\" \/>\n\t<meta name=\"twitter:label2\" content=\"Availability\" \/>\n\t<meta name=\"twitter:data2\" content=\"In stock\" \/>\n<script type=\"application\/ld+json\" class=\"yoast-schema-graph\">{\"@context\":\"https:\\\/\\\/schema.org\",\"@graph\":[{\"@type\":\"WebPage\",\"@id\":\"https:\\\/\\\/www.facecorner.lv\\\/shop\\\/daeng-gi-meo-ri-glamorous-volume-shampoo-400ml\\\/\",\"url\":\"https:\\\/\\\/www.facecorner.lv\\\/shop\\\/daeng-gi-meo-ri-glamorous-volume-shampoo-400ml\\\/\",\"name\":\"Daeng Gi Meo Ri Glamorous Volume Shampoo apjomu \u0161ampuns 400ml - FACECORNER\",\"isPartOf\":{\"@id\":\"https:\\\/\\\/www.facecorner.lv\\\/#website\"},\"primaryImageOfPage\":{\"@id\":\"https:\\\/\\\/www.facecorner.lv\\\/shop\\\/daeng-gi-meo-ri-glamorous-volume-shampoo-400ml\\\/#primaryimage\"},\"image\":{\"@id\":\"https:\\\/\\\/www.facecorner.lv\\\/shop\\\/daeng-gi-meo-ri-glamorous-volume-shampoo-400ml\\\/#primaryimage\"},\"thumbnailUrl\":\"https:\\\/\\\/www.facecorner.lv\\\/wp-content\\\/uploads\\\/2025\\\/10\\\/Daeng-Gi-Meo-Ri-20-01.webp\",\"datePublished\":\"2025-10-30T17:48:46+00:00\",\"dateModified\":\"2026-05-06T10:37:35+00:00\",\"description\":\"Daeng Gi Meo Ri Glamorous Volume Shampoo \u0161is profesion\u0101lais \u0161amp\u016bns ir rad\u012bts, lai pie\u0161\u0137irtu matiem iev\u0113rojamu apjomu no sakn\u0113m un vizu\u0101li palielin\u0101tu to biezumu.\",\"breadcrumb\":{\"@id\":\"https:\\\/\\\/www.facecorner.lv\\\/shop\\\/daeng-gi-meo-ri-glamorous-volume-shampoo-400ml\\\/#breadcrumb\"},\"inLanguage\":\"en-US\",\"potentialAction\":[{\"@type\":\"ReadAction\",\"target\":[\"https:\\\/\\\/www.facecorner.lv\\\/shop\\\/daeng-gi-meo-ri-glamorous-volume-shampoo-400ml\\\/\"]}]},{\"@type\":\"ImageObject\",\"inLanguage\":\"en-US\",\"@id\":\"https:\\\/\\\/www.facecorner.lv\\\/shop\\\/daeng-gi-meo-ri-glamorous-volume-shampoo-400ml\\\/#primaryimage\",\"url\":\"https:\\\/\\\/www.facecorner.lv\\\/wp-content\\\/uploads\\\/2025\\\/10\\\/Daeng-Gi-Meo-Ri-20-01.webp\",\"contentUrl\":\"https:\\\/\\\/www.facecorner.lv\\\/wp-content\\\/uploads\\\/2025\\\/10\\\/Daeng-Gi-Meo-Ri-20-01.webp\",\"width\":900,\"height\":900,\"caption\":\"Daeng Gi Meo Ri Glamorous Volume Shampoo\"},{\"@type\":\"BreadcrumbList\",\"@id\":\"https:\\\/\\\/www.facecorner.lv\\\/shop\\\/daeng-gi-meo-ri-glamorous-volume-shampoo-400ml\\\/#breadcrumb\",\"itemListElement\":[{\"@type\":\"ListItem\",\"position\":1,\"name\":\"Home\",\"item\":\"https:\\\/\\\/www.facecorner.lv\\\/\"},{\"@type\":\"ListItem\",\"position\":2,\"name\":\"Veikals\",\"item\":\"https:\\\/\\\/www.facecorner.lv\\\/shop\\\/\"},{\"@type\":\"ListItem\",\"position\":3,\"name\":\"Daeng Gi Meo Ri Glamorous Volume Shampoo apjomu \u0161ampuns 400ml\"}]},{\"@type\":\"WebSite\",\"@id\":\"https:\\\/\\\/www.facecorner.lv\\\/#website\",\"url\":\"https:\\\/\\\/www.facecorner.lv\\\/\",\"name\":\"Facecorner\",\"description\":\"\",\"publisher\":{\"@id\":\"https:\\\/\\\/www.facecorner.lv\\\/#organization\"},\"potentialAction\":[{\"@type\":\"SearchAction\",\"target\":{\"@type\":\"EntryPoint\",\"urlTemplate\":\"https:\\\/\\\/www.facecorner.lv\\\/?s={search_term_string}\"},\"query-input\":{\"@type\":\"PropertyValueSpecification\",\"valueRequired\":true,\"valueName\":\"search_term_string\"}}],\"inLanguage\":\"en-US\"},{\"@type\":\"Organization\",\"@id\":\"https:\\\/\\\/www.facecorner.lv\\\/#organization\",\"name\":\"Facecorner\",\"url\":\"https:\\\/\\\/www.facecorner.lv\\\/\",\"logo\":{\"@type\":\"ImageObject\",\"inLanguage\":\"en-US\",\"@id\":\"https:\\\/\\\/www.facecorner.lv\\\/#\\\/schema\\\/logo\\\/image\\\/\",\"url\":\"https:\\\/\\\/www.facecorner.lv\\\/wp-content\\\/uploads\\\/2024\\\/04\\\/fc-logo.jpg\",\"contentUrl\":\"https:\\\/\\\/www.facecorner.lv\\\/wp-content\\\/uploads\\\/2024\\\/04\\\/fc-logo.jpg\",\"width\":174,\"height\":28,\"caption\":\"Facecorner\"},\"image\":{\"@id\":\"https:\\\/\\\/www.facecorner.lv\\\/#\\\/schema\\\/logo\\\/image\\\/\"},\"sameAs\":[\"https:\\\/\\\/www.facebook.com\\\/profile.php?id=100063824551839\",\"https:\\\/\\\/www.instagram.com\\\/facecorner_shop\\\/\"]}]}<\/script>\n<meta property=\"product:price:amount\" content=\"23.00\" \/>\n<meta property=\"product:price:currency\" content=\"EUR\" \/>\n<meta property=\"og:availability\" content=\"instock\" \/>\n<meta property=\"product:availability\" content=\"instock\" \/>\n<meta property=\"product:condition\" content=\"new\" \/>\n<!-- \/ Yoast SEO plugin. -->","yoast_head_json":{"title":"Daeng Gi Meo Ri Glamorous Volume Shampoo apjomu \u0161ampuns 400ml - FACECORNER","description":"Daeng Gi Meo Ri Glamorous Volume Shampoo \u0161is profesion\u0101lais \u0161amp\u016bns ir rad\u012bts, lai pie\u0161\u0137irtu matiem iev\u0113rojamu apjomu no sakn\u0113m un vizu\u0101li palielin\u0101tu to biezumu.","robots":{"index":"index","follow":"follow","max-snippet":"max-snippet:-1","max-image-preview":"max-image-preview:large","max-video-preview":"max-video-preview:-1"},"canonical":"https:\/\/www.facecorner.lv\/en\/shop\/daeng-gi-meo-ri-glamorous-volume-shampoo-400ml\/","og_locale":"en_US","og_type":"article","og_title":"Daeng Gi Meo Ri Glamorous Volume Shampoo apjomu \u0161ampuns 400ml - FACECORNER","og_description":"Daeng Gi Meo Ri Glamorous Volume Shampoo \u0161is profesion\u0101lais \u0161amp\u016bns ir rad\u012bts, lai pie\u0161\u0137irtu matiem iev\u0113rojamu apjomu no sakn\u0113m un vizu\u0101li palielin\u0101tu to biezumu.","og_url":"https:\/\/www.facecorner.lv\/en\/shop\/daeng-gi-meo-ri-glamorous-volume-shampoo-400ml\/","og_site_name":"FACECORNER","article_publisher":"https:\/\/www.facebook.com\/profile.php?id=100063824551839","article_modified_time":"2026-05-06T10:37:35+00:00","og_image":[{"width":900,"height":900,"url":"https:\/\/www.facecorner.lv\/wp-content\/uploads\/2025\/10\/Daeng-Gi-Meo-Ri-20-01.webp","type":"image\/webp"}],"twitter_card":"summary_large_image","twitter_misc":{"Price":"&euro;23.00","Availability":"In stock"},"schema":{"@context":"https:\/\/schema.org","@graph":[{"@type":"WebPage","@id":"https:\/\/www.facecorner.lv\/shop\/daeng-gi-meo-ri-glamorous-volume-shampoo-400ml\/","url":"https:\/\/www.facecorner.lv\/shop\/daeng-gi-meo-ri-glamorous-volume-shampoo-400ml\/","name":"Daeng Gi Meo Ri Glamorous Volume Shampoo apjomu \u0161ampuns 400ml - FACECORNER","isPartOf":{"@id":"https:\/\/www.facecorner.lv\/#website"},"primaryImageOfPage":{"@id":"https:\/\/www.facecorner.lv\/shop\/daeng-gi-meo-ri-glamorous-volume-shampoo-400ml\/#primaryimage"},"image":{"@id":"https:\/\/www.facecorner.lv\/shop\/daeng-gi-meo-ri-glamorous-volume-shampoo-400ml\/#primaryimage"},"thumbnailUrl":"https:\/\/www.facecorner.lv\/wp-content\/uploads\/2025\/10\/Daeng-Gi-Meo-Ri-20-01.webp","datePublished":"2025-10-30T17:48:46+00:00","dateModified":"2026-05-06T10:37:35+00:00","description":"Daeng Gi Meo Ri Glamorous Volume Shampoo \u0161is profesion\u0101lais \u0161amp\u016bns ir rad\u012bts, lai pie\u0161\u0137irtu matiem iev\u0113rojamu apjomu no sakn\u0113m un vizu\u0101li palielin\u0101tu to biezumu.","breadcrumb":{"@id":"https:\/\/www.facecorner.lv\/shop\/daeng-gi-meo-ri-glamorous-volume-shampoo-400ml\/#breadcrumb"},"inLanguage":"en-US","potentialAction":[{"@type":"ReadAction","target":["https:\/\/www.facecorner.lv\/shop\/daeng-gi-meo-ri-glamorous-volume-shampoo-400ml\/"]}]},{"@type":"ImageObject","inLanguage":"en-US","@id":"https:\/\/www.facecorner.lv\/shop\/daeng-gi-meo-ri-glamorous-volume-shampoo-400ml\/#primaryimage","url":"https:\/\/www.facecorner.lv\/wp-content\/uploads\/2025\/10\/Daeng-Gi-Meo-Ri-20-01.webp","contentUrl":"https:\/\/www.facecorner.lv\/wp-content\/uploads\/2025\/10\/Daeng-Gi-Meo-Ri-20-01.webp","width":900,"height":900,"caption":"Daeng Gi Meo Ri Glamorous Volume Shampoo"},{"@type":"BreadcrumbList","@id":"https:\/\/www.facecorner.lv\/shop\/daeng-gi-meo-ri-glamorous-volume-shampoo-400ml\/#breadcrumb","itemListElement":[{"@type":"ListItem","position":1,"name":"Home","item":"https:\/\/www.facecorner.lv\/"},{"@type":"ListItem","position":2,"name":"Veikals","item":"https:\/\/www.facecorner.lv\/shop\/"},{"@type":"ListItem","position":3,"name":"Daeng Gi Meo Ri Glamorous Volume Shampoo apjomu \u0161ampuns 400ml"}]},{"@type":"WebSite","@id":"https:\/\/www.facecorner.lv\/#website","url":"https:\/\/www.facecorner.lv\/","name":"Facecorner","description":"","publisher":{"@id":"https:\/\/www.facecorner.lv\/#organization"},"potentialAction":[{"@type":"SearchAction","target":{"@type":"EntryPoint","urlTemplate":"https:\/\/www.facecorner.lv\/?s={search_term_string}"},"query-input":{"@type":"PropertyValueSpecification","valueRequired":true,"valueName":"search_term_string"}}],"inLanguage":"en-US"},{"@type":"Organization","@id":"https:\/\/www.facecorner.lv\/#organization","name":"Facecorner","url":"https:\/\/www.facecorner.lv\/","logo":{"@type":"ImageObject","inLanguage":"en-US","@id":"https:\/\/www.facecorner.lv\/#\/schema\/logo\/image\/","url":"https:\/\/www.facecorner.lv\/wp-content\/uploads\/2024\/04\/fc-logo.jpg","contentUrl":"https:\/\/www.facecorner.lv\/wp-content\/uploads\/2024\/04\/fc-logo.jpg","width":174,"height":28,"caption":"Facecorner"},"image":{"@id":"https:\/\/www.facecorner.lv\/#\/schema\/logo\/image\/"},"sameAs":["https:\/\/www.facebook.com\/profile.php?id=100063824551839","https:\/\/www.instagram.com\/facecorner_shop\/"]}]},"product_price_amount":"23.00","product_price_currency":"EUR","og_availability":"instock","product_availability":"instock","product_condition":"new"},"_links":{"self":[{"href":"https:\/\/www.facecorner.lv\/en\/wp-json\/wp\/v2\/product\/25910","targetHints":{"allow":["GET"]}}],"collection":[{"href":"https:\/\/www.facecorner.lv\/en\/wp-json\/wp\/v2\/product"}],"about":[{"href":"https:\/\/www.facecorner.lv\/en\/wp-json\/wp\/v2\/types\/product"}],"replies":[{"embeddable":true,"href":"https:\/\/www.facecorner.lv\/en\/wp-json\/wp\/v2\/comments?post=25910"}],"wp:featuredmedia":[{"embeddable":true,"href":"https:\/\/www.facecorner.lv\/en\/wp-json\/wp\/v2\/media\/25911"}],"wp:attachment":[{"href":"https:\/\/www.facecorner.lv\/en\/wp-json\/wp\/v2\/media?parent=25910"}],"wp:term":[{"taxonomy":"product_brand","embeddable":true,"href":"https:\/\/www.facecorner.lv\/en\/wp-json\/wp\/v2\/product_brand?post=25910"},{"taxonomy":"product_cat","embeddable":true,"href":"https:\/\/www.facecorner.lv\/en\/wp-json\/wp\/v2\/product_cat?post=25910"},{"taxonomy":"product_tag","embeddable":true,"href":"https:\/\/www.facecorner.lv\/en\/wp-json\/wp\/v2\/product_tag?post=25910"},{"taxonomy":"berocket_brand","embeddable":true,"href":"https:\/\/www.facecorner.lv\/en\/wp-json\/wp\/v2\/berocket_brand?post=25910"}],"curies":[{"name":"wp","href":"https:\/\/api.w.org\/{rel}","templated":true}]}}