{"id":25901,"date":"2025-10-30T15:32:32","date_gmt":"2025-10-30T12:32:32","guid":{"rendered":"https:\/\/www.facecorner.lv\/?post_type=product&#038;p=25901"},"modified":"2026-03-17T15:57:53","modified_gmt":"2026-03-17T12:57:53","slug":"izgaismojoss-un-nostiprinoss-krems-vt-cosmetics-tx-toning-cream-50ml","status":"publish","type":"product","link":"https:\/\/www.facecorner.lv\/en\/shop\/izgaismojoss-un-nostiprinoss-krems-vt-cosmetics-tx-toning-cream-50ml\/","title":{"rendered":"Izgaismojo\u0161s un nostiprino\u0161s kr\u0113ms VT Cosmetics TX-Toning Cream 50ml"},"content":{"rendered":"<p>Izgaismojo\u0161s un nostiprino\u0161s kr\u0113ms VT Cosmetics TX-Toning Cream vieglais mitrino\u0161ais kr\u0113ms ar \u201c\u016bdens pilienu\u201d tekst\u016bru, kas izstr\u0101d\u0101ts, lai izl\u012bdzin\u0101tu \u0101das toni, samazin\u0101tu pigment\u0101ciju un stiprin\u0101tu \u0101das barjeru.<\/p>\n<p>Ietilpst TX-Toning l\u012bnij\u0101, kuras galven\u0101s akt\u012bv\u0101s vielas ir augstas t\u012br\u012bbas pak\u0101pes transeksamsk\u0101be (TXA), glutatione un niac\u012bnam\u012bds. Formula bez smar\u017eviel\u0101m, piem\u0113rota pat jut\u012bgai \u0101dai.<\/p>\n<p>Kr\u0113mam ir viegla, k\u016bsto\u0161a tekst\u016bra, tas \u0101tri ies\u016bcas un neatst\u0101j lip\u012bgumu \u2014 ide\u0101li piem\u0113rots r\u012bta un vakara kop\u0161anai.<\/p>\n<p><strong>Darb\u012bba:<\/strong><\/p>\n<ul>\n<li>Izgaismo \u0101du un samazina pigmentu plankumus.<\/li>\n<li>Izl\u012bdzina sejas toni un pie\u0161\u0137ir mirdzumu.<\/li>\n<li>Mitrina un stiprina \u0101das barjeru.<\/li>\n<li>Nomierina jut\u012bgu \u0101du.<\/li>\n<li>Sagatavo \u0101du grima uzkl\u0101\u0161anai.<\/li>\n<\/ul>\n<p><strong>Main active ingredients:<\/strong><\/p>\n<ul>\n<li>Traneks\u0101misk\u0101 sk\u0101be \u2014 c\u012bn\u0101s ar pigment\u0101ciju un nov\u0113r\u0161 jaunu plankumu veido\u0161anos.<\/li>\n<li>Niac\u012bnam\u012bds (B3 vitam\u012bns) \u2014 izl\u012bdzina \u0101das toni, uzlabo \u0101das tekst\u016bru.<\/li>\n<li>Glutationa \u2014 sp\u0113c\u012bgs antioksidants, izgaismo un aizsarg\u0101 \u0101du.<\/li>\n<li>Centella Asiatica ekstrakts \u2014 nomierina un atjauno \u0101du.<\/li>\n<li>Ceram\u012bds NP un skval\u0101ns \u2014 nostiprina aizsargbarjeru un nov\u0113r\u0161 sausumu.<\/li>\n<li>Pantenols un alanto\u012bns \u2014 m\u012bkstina un no\u0146em kairin\u0101jumu.<\/li>\n<\/ul>\n<p><strong>How to use:<\/strong> Not\u012briet \u0101du un uzkl\u0101jiet toniku vai esenci.Uzkl\u0101jiet nelielu daudzumu kr\u0113ma uz sejas un kakla.Iztrieciet ar maig\u0101m kust\u012bb\u0101m, l\u012bdz kr\u0113ms piln\u012bb\u0101 ies\u016bcies.No r\u012bta noteikti pabeidziet kop\u0161anu ar saules aizsargl\u012bdzekli.<\/p>\n<p><strong>Sast\u0101vs:<\/strong> <span style=\"font-size: 16px;\">Water, Glycerin, Butylene Glycol, Methylpropanediol, Cetyl Ethylhexanoate, 1,2-Hexanediol, Dipropylene Glycol, Caprylic\/Capric Triglyceride, Niacinamide, Polyglyceryl-3 Methylglucose Distearate, Tranexamic Acid, Glutathione, Glycyrrhizic Acid, Ceramide NP, Panthenol, Vincetoxicum Atratum Extract, Centella Asiatica Extract, Portulaca Oleracea Extract, Macadamia Ternifolia Seed Oil, Squalane, Hydrogenated Lecithin, Sodium Hyaluronate, Ethylhexyl Palmitate, Polyacrylate-13, Ammonium Acryloyldimethyltaurate\/ VP Copolymer, Carbomer, Arginine, Octyldodecanol, Hydrogenated Polyisobutene, Sorbitan Olivate, Cholesterol, Stearic Acid, Polyglyceryl-10 Laurate, Cetearyl Olivate, Sorbitan Isostearate, Adenosine, Disodium EDTA, Ethylhexylglycerin, Tocopherol, Caprylyl Glycol.<\/span><\/p>\n<div>\n<div class=\"widget-header\"><\/div>\n<\/div>","protected":false},"excerpt":{"rendered":"<p>Izgaismojo\u0161s un nostiprino\u0161s kr\u0113ms VT Cosmetics TX-Toning Cream vieglais mitrino\u0161ais kr\u0113ms ar \u201c\u016bdens pilienu\u201d tekst\u016bru, kas izstr\u0101d\u0101ts, lai izl\u012bdzin\u0101tu \u0101das toni, samazin\u0101tu pigment\u0101ciju un stiprin\u0101tu \u0101das barjeru.<\/p>","protected":false},"featured_media":25902,"comment_status":"open","ping_status":"closed","template":"","meta":{"site-sidebar-layout":"default","site-content-layout":"","ast-site-content-layout":"default","site-content-style":"default","site-sidebar-style":"default","ast-global-header-display":"","ast-banner-title-visibility":"","ast-main-header-display":"","ast-hfb-above-header-display":"","ast-hfb-below-header-display":"","ast-hfb-mobile-header-display":"","site-post-title":"","ast-breadcrumbs-content":"","ast-featured-img":"","footer-sml-layout":"","theme-transparent-header-meta":"default","adv-header-id-meta":"","stick-header-meta":"","header-above-stick-meta":"","header-main-stick-meta":"","header-below-stick-meta":"","astra-migrate-meta-layouts":"set","ast-page-background-enabled":"default","ast-page-background-meta":{"desktop":{"background-color":"var(--ast-global-color-4)","background-image":"","background-repeat":"repeat","background-position":"center center","background-size":"auto","background-attachment":"scroll","background-type":"","background-media":"","overlay-type":"","overlay-color":"","overlay-opacity":"","overlay-gradient":""},"tablet":{"background-color":"","background-image":"","background-repeat":"repeat","background-position":"center center","background-size":"auto","background-attachment":"scroll","background-type":"","background-media":"","overlay-type":"","overlay-color":"","overlay-opacity":"","overlay-gradient":""},"mobile":{"background-color":"","background-image":"","background-repeat":"repeat","background-position":"center center","background-size":"auto","background-attachment":"scroll","background-type":"","background-media":"","overlay-type":"","overlay-color":"","overlay-opacity":"","overlay-gradient":""}},"ast-content-background-meta":{"desktop":{"background-color":"var(--ast-global-color-5)","background-image":"","background-repeat":"repeat","background-position":"center center","background-size":"auto","background-attachment":"scroll","background-type":"","background-media":"","overlay-type":"","overlay-color":"","overlay-opacity":"","overlay-gradient":""},"tablet":{"background-color":"var(--ast-global-color-5)","background-image":"","background-repeat":"repeat","background-position":"center center","background-size":"auto","background-attachment":"scroll","background-type":"","background-media":"","overlay-type":"","overlay-color":"","overlay-opacity":"","overlay-gradient":""},"mobile":{"background-color":"var(--ast-global-color-5)","background-image":"","background-repeat":"repeat","background-position":"center center","background-size":"auto","background-attachment":"scroll","background-type":"","background-media":"","overlay-type":"","overlay-color":"","overlay-opacity":"","overlay-gradient":""}}},"product_brand":[],"product_cat":[366,367,362],"product_tag":[],"berocket_brand":[582],"class_list":{"0":"post-25901","1":"product","2":"type-product","3":"status-publish","4":"has-post-thumbnail","6":"product_cat-mitrinoss","7":"product_cat-nomierinoss","8":"product_cat-sejas-krems","9":"berocket_brand-vt","10":"desktop-align-left","11":"tablet-align-left","12":"mobile-align-left","14":"first","15":"outofstock","16":"taxable","17":"shipping-taxable","18":"purchasable","19":"product-type-simple","20":"add-to-wishlist-before_image"},"yoast_head":"<!-- This site is optimized with the Yoast SEO plugin v27.4 - https:\/\/yoast.com\/product\/yoast-seo-wordpress\/ -->\n<title>Izgaismojo\u0161s un nostiprino\u0161s kr\u0113ms VT Cosmetics TX-Toning Cream 50ml - FACECORNER<\/title>\n<meta name=\"description\" content=\"Izgaismojo\u0161s un nostiprino\u0161s kr\u0113ms VT Cosmetics TX-Toning Cream vieglais mitrino\u0161ais kr\u0113ms ar \u201c\u016bdens pilienu\u201d tekst\u016bru, kas izstr\u0101d\u0101ts, lai izl\u012bdzin\u0101tu \u0101das toni, samazin\u0101tu pigment\u0101ciju un stiprin\u0101tu \u0101das barjeru.\" \/>\n<meta name=\"robots\" content=\"index, follow, max-snippet:-1, max-image-preview:large, max-video-preview:-1\" \/>\n<link rel=\"canonical\" href=\"https:\/\/www.facecorner.lv\/en\/shop\/izgaismojoss-un-nostiprinoss-krems-vt-cosmetics-tx-toning-cream-50ml\/\" \/>\n<meta property=\"og:locale\" content=\"en_US\" \/>\n<meta property=\"og:type\" content=\"article\" \/>\n<meta property=\"og:title\" content=\"Izgaismojo\u0161s un nostiprino\u0161s kr\u0113ms VT Cosmetics TX-Toning Cream 50ml - FACECORNER\" \/>\n<meta property=\"og:description\" content=\"Izgaismojo\u0161s un nostiprino\u0161s kr\u0113ms VT Cosmetics TX-Toning Cream vieglais mitrino\u0161ais kr\u0113ms ar \u201c\u016bdens pilienu\u201d tekst\u016bru, kas izstr\u0101d\u0101ts, lai izl\u012bdzin\u0101tu \u0101das toni, samazin\u0101tu pigment\u0101ciju un stiprin\u0101tu \u0101das barjeru.\" \/>\n<meta property=\"og:url\" content=\"https:\/\/www.facecorner.lv\/en\/shop\/izgaismojoss-un-nostiprinoss-krems-vt-cosmetics-tx-toning-cream-50ml\/\" \/>\n<meta property=\"og:site_name\" content=\"FACECORNER\" \/>\n<meta property=\"article:publisher\" content=\"https:\/\/www.facebook.com\/profile.php?id=100063824551839\" \/>\n<meta property=\"article:modified_time\" content=\"2026-03-17T12:57:53+00:00\" \/>\n<meta property=\"og:image\" content=\"https:\/\/www.facecorner.lv\/wp-content\/uploads\/2025\/10\/buy-vt-cosmetics-tx-toning-cream-50ml-at-lila-beauty-korean-and-japanese-beauty-skin-care-896959_800x.webp\" \/>\n\t<meta property=\"og:image:width\" content=\"800\" \/>\n\t<meta property=\"og:image:height\" content=\"800\" \/>\n\t<meta property=\"og:image:type\" content=\"image\/webp\" \/>\n<meta name=\"twitter:card\" content=\"summary_large_image\" \/>\n<meta name=\"twitter:label1\" content=\"Price\" \/>\n\t<meta name=\"twitter:data1\" content=\"&euro;22.90\" \/>\n\t<meta name=\"twitter:label2\" content=\"Availability\" \/>\n\t<meta name=\"twitter:data2\" content=\"Out of stock\" \/>\n<script type=\"application\/ld+json\" class=\"yoast-schema-graph\">{\"@context\":\"https:\\\/\\\/schema.org\",\"@graph\":[{\"@type\":\"WebPage\",\"@id\":\"https:\\\/\\\/www.facecorner.lv\\\/shop\\\/izgaismojoss-un-nostiprinoss-krems-vt-cosmetics-tx-toning-cream-50ml\\\/\",\"url\":\"https:\\\/\\\/www.facecorner.lv\\\/shop\\\/izgaismojoss-un-nostiprinoss-krems-vt-cosmetics-tx-toning-cream-50ml\\\/\",\"name\":\"Izgaismojo\u0161s un nostiprino\u0161s kr\u0113ms VT Cosmetics TX-Toning Cream 50ml - FACECORNER\",\"isPartOf\":{\"@id\":\"https:\\\/\\\/www.facecorner.lv\\\/#website\"},\"primaryImageOfPage\":{\"@id\":\"https:\\\/\\\/www.facecorner.lv\\\/shop\\\/izgaismojoss-un-nostiprinoss-krems-vt-cosmetics-tx-toning-cream-50ml\\\/#primaryimage\"},\"image\":{\"@id\":\"https:\\\/\\\/www.facecorner.lv\\\/shop\\\/izgaismojoss-un-nostiprinoss-krems-vt-cosmetics-tx-toning-cream-50ml\\\/#primaryimage\"},\"thumbnailUrl\":\"https:\\\/\\\/www.facecorner.lv\\\/wp-content\\\/uploads\\\/2025\\\/10\\\/buy-vt-cosmetics-tx-toning-cream-50ml-at-lila-beauty-korean-and-japanese-beauty-skin-care-896959_800x.webp\",\"datePublished\":\"2025-10-30T12:32:32+00:00\",\"dateModified\":\"2026-03-17T12:57:53+00:00\",\"description\":\"Izgaismojo\u0161s un nostiprino\u0161s kr\u0113ms VT Cosmetics TX-Toning Cream vieglais mitrino\u0161ais kr\u0113ms ar \u201c\u016bdens pilienu\u201d tekst\u016bru, kas izstr\u0101d\u0101ts, lai izl\u012bdzin\u0101tu \u0101das toni, samazin\u0101tu pigment\u0101ciju un stiprin\u0101tu \u0101das barjeru.\",\"breadcrumb\":{\"@id\":\"https:\\\/\\\/www.facecorner.lv\\\/shop\\\/izgaismojoss-un-nostiprinoss-krems-vt-cosmetics-tx-toning-cream-50ml\\\/#breadcrumb\"},\"inLanguage\":\"en-US\",\"potentialAction\":[{\"@type\":\"ReadAction\",\"target\":[\"https:\\\/\\\/www.facecorner.lv\\\/shop\\\/izgaismojoss-un-nostiprinoss-krems-vt-cosmetics-tx-toning-cream-50ml\\\/\"]}]},{\"@type\":\"ImageObject\",\"inLanguage\":\"en-US\",\"@id\":\"https:\\\/\\\/www.facecorner.lv\\\/shop\\\/izgaismojoss-un-nostiprinoss-krems-vt-cosmetics-tx-toning-cream-50ml\\\/#primaryimage\",\"url\":\"https:\\\/\\\/www.facecorner.lv\\\/wp-content\\\/uploads\\\/2025\\\/10\\\/buy-vt-cosmetics-tx-toning-cream-50ml-at-lila-beauty-korean-and-japanese-beauty-skin-care-896959_800x.webp\",\"contentUrl\":\"https:\\\/\\\/www.facecorner.lv\\\/wp-content\\\/uploads\\\/2025\\\/10\\\/buy-vt-cosmetics-tx-toning-cream-50ml-at-lila-beauty-korean-and-japanese-beauty-skin-care-896959_800x.webp\",\"width\":800,\"height\":800,\"caption\":\"VT Cosmetics TX-Toning Cream\"},{\"@type\":\"BreadcrumbList\",\"@id\":\"https:\\\/\\\/www.facecorner.lv\\\/shop\\\/izgaismojoss-un-nostiprinoss-krems-vt-cosmetics-tx-toning-cream-50ml\\\/#breadcrumb\",\"itemListElement\":[{\"@type\":\"ListItem\",\"position\":1,\"name\":\"Home\",\"item\":\"https:\\\/\\\/www.facecorner.lv\\\/\"},{\"@type\":\"ListItem\",\"position\":2,\"name\":\"Veikals\",\"item\":\"https:\\\/\\\/www.facecorner.lv\\\/shop\\\/\"},{\"@type\":\"ListItem\",\"position\":3,\"name\":\"Izgaismojo\u0161s un nostiprino\u0161s kr\u0113ms VT Cosmetics TX-Toning Cream 50ml\"}]},{\"@type\":\"WebSite\",\"@id\":\"https:\\\/\\\/www.facecorner.lv\\\/#website\",\"url\":\"https:\\\/\\\/www.facecorner.lv\\\/\",\"name\":\"Facecorner\",\"description\":\"\",\"publisher\":{\"@id\":\"https:\\\/\\\/www.facecorner.lv\\\/#organization\"},\"potentialAction\":[{\"@type\":\"SearchAction\",\"target\":{\"@type\":\"EntryPoint\",\"urlTemplate\":\"https:\\\/\\\/www.facecorner.lv\\\/?s={search_term_string}\"},\"query-input\":{\"@type\":\"PropertyValueSpecification\",\"valueRequired\":true,\"valueName\":\"search_term_string\"}}],\"inLanguage\":\"en-US\"},{\"@type\":\"Organization\",\"@id\":\"https:\\\/\\\/www.facecorner.lv\\\/#organization\",\"name\":\"Facecorner\",\"url\":\"https:\\\/\\\/www.facecorner.lv\\\/\",\"logo\":{\"@type\":\"ImageObject\",\"inLanguage\":\"en-US\",\"@id\":\"https:\\\/\\\/www.facecorner.lv\\\/#\\\/schema\\\/logo\\\/image\\\/\",\"url\":\"https:\\\/\\\/www.facecorner.lv\\\/wp-content\\\/uploads\\\/2024\\\/04\\\/fc-logo.jpg\",\"contentUrl\":\"https:\\\/\\\/www.facecorner.lv\\\/wp-content\\\/uploads\\\/2024\\\/04\\\/fc-logo.jpg\",\"width\":174,\"height\":28,\"caption\":\"Facecorner\"},\"image\":{\"@id\":\"https:\\\/\\\/www.facecorner.lv\\\/#\\\/schema\\\/logo\\\/image\\\/\"},\"sameAs\":[\"https:\\\/\\\/www.facebook.com\\\/profile.php?id=100063824551839\",\"https:\\\/\\\/www.instagram.com\\\/facecorner_shop\\\/\"]}]}<\/script>\n<meta property=\"product:price:amount\" content=\"22.90\" \/>\n<meta property=\"product:price:currency\" content=\"EUR\" \/>\n<meta property=\"og:availability\" content=\"out of stock\" \/>\n<meta property=\"product:availability\" content=\"out of stock\" \/>\n<meta property=\"product:condition\" content=\"new\" \/>\n<!-- \/ Yoast SEO plugin. -->","yoast_head_json":{"title":"Izgaismojo\u0161s un nostiprino\u0161s kr\u0113ms VT Cosmetics TX-Toning Cream 50ml - FACECORNER","description":"Izgaismojo\u0161s un nostiprino\u0161s kr\u0113ms VT Cosmetics TX-Toning Cream vieglais mitrino\u0161ais kr\u0113ms ar \u201c\u016bdens pilienu\u201d tekst\u016bru, kas izstr\u0101d\u0101ts, lai izl\u012bdzin\u0101tu \u0101das toni, samazin\u0101tu pigment\u0101ciju un stiprin\u0101tu \u0101das barjeru.","robots":{"index":"index","follow":"follow","max-snippet":"max-snippet:-1","max-image-preview":"max-image-preview:large","max-video-preview":"max-video-preview:-1"},"canonical":"https:\/\/www.facecorner.lv\/en\/shop\/izgaismojoss-un-nostiprinoss-krems-vt-cosmetics-tx-toning-cream-50ml\/","og_locale":"en_US","og_type":"article","og_title":"Izgaismojo\u0161s un nostiprino\u0161s kr\u0113ms VT Cosmetics TX-Toning Cream 50ml - FACECORNER","og_description":"Izgaismojo\u0161s un nostiprino\u0161s kr\u0113ms VT Cosmetics TX-Toning Cream vieglais mitrino\u0161ais kr\u0113ms ar \u201c\u016bdens pilienu\u201d tekst\u016bru, kas izstr\u0101d\u0101ts, lai izl\u012bdzin\u0101tu \u0101das toni, samazin\u0101tu pigment\u0101ciju un stiprin\u0101tu \u0101das barjeru.","og_url":"https:\/\/www.facecorner.lv\/en\/shop\/izgaismojoss-un-nostiprinoss-krems-vt-cosmetics-tx-toning-cream-50ml\/","og_site_name":"FACECORNER","article_publisher":"https:\/\/www.facebook.com\/profile.php?id=100063824551839","article_modified_time":"2026-03-17T12:57:53+00:00","og_image":[{"width":800,"height":800,"url":"https:\/\/www.facecorner.lv\/wp-content\/uploads\/2025\/10\/buy-vt-cosmetics-tx-toning-cream-50ml-at-lila-beauty-korean-and-japanese-beauty-skin-care-896959_800x.webp","type":"image\/webp"}],"twitter_card":"summary_large_image","twitter_misc":{"Price":"&euro;22.90","Availability":"Out of stock"},"schema":{"@context":"https:\/\/schema.org","@graph":[{"@type":"WebPage","@id":"https:\/\/www.facecorner.lv\/shop\/izgaismojoss-un-nostiprinoss-krems-vt-cosmetics-tx-toning-cream-50ml\/","url":"https:\/\/www.facecorner.lv\/shop\/izgaismojoss-un-nostiprinoss-krems-vt-cosmetics-tx-toning-cream-50ml\/","name":"Izgaismojo\u0161s un nostiprino\u0161s kr\u0113ms VT Cosmetics TX-Toning Cream 50ml - FACECORNER","isPartOf":{"@id":"https:\/\/www.facecorner.lv\/#website"},"primaryImageOfPage":{"@id":"https:\/\/www.facecorner.lv\/shop\/izgaismojoss-un-nostiprinoss-krems-vt-cosmetics-tx-toning-cream-50ml\/#primaryimage"},"image":{"@id":"https:\/\/www.facecorner.lv\/shop\/izgaismojoss-un-nostiprinoss-krems-vt-cosmetics-tx-toning-cream-50ml\/#primaryimage"},"thumbnailUrl":"https:\/\/www.facecorner.lv\/wp-content\/uploads\/2025\/10\/buy-vt-cosmetics-tx-toning-cream-50ml-at-lila-beauty-korean-and-japanese-beauty-skin-care-896959_800x.webp","datePublished":"2025-10-30T12:32:32+00:00","dateModified":"2026-03-17T12:57:53+00:00","description":"Izgaismojo\u0161s un nostiprino\u0161s kr\u0113ms VT Cosmetics TX-Toning Cream vieglais mitrino\u0161ais kr\u0113ms ar \u201c\u016bdens pilienu\u201d tekst\u016bru, kas izstr\u0101d\u0101ts, lai izl\u012bdzin\u0101tu \u0101das toni, samazin\u0101tu pigment\u0101ciju un stiprin\u0101tu \u0101das barjeru.","breadcrumb":{"@id":"https:\/\/www.facecorner.lv\/shop\/izgaismojoss-un-nostiprinoss-krems-vt-cosmetics-tx-toning-cream-50ml\/#breadcrumb"},"inLanguage":"en-US","potentialAction":[{"@type":"ReadAction","target":["https:\/\/www.facecorner.lv\/shop\/izgaismojoss-un-nostiprinoss-krems-vt-cosmetics-tx-toning-cream-50ml\/"]}]},{"@type":"ImageObject","inLanguage":"en-US","@id":"https:\/\/www.facecorner.lv\/shop\/izgaismojoss-un-nostiprinoss-krems-vt-cosmetics-tx-toning-cream-50ml\/#primaryimage","url":"https:\/\/www.facecorner.lv\/wp-content\/uploads\/2025\/10\/buy-vt-cosmetics-tx-toning-cream-50ml-at-lila-beauty-korean-and-japanese-beauty-skin-care-896959_800x.webp","contentUrl":"https:\/\/www.facecorner.lv\/wp-content\/uploads\/2025\/10\/buy-vt-cosmetics-tx-toning-cream-50ml-at-lila-beauty-korean-and-japanese-beauty-skin-care-896959_800x.webp","width":800,"height":800,"caption":"VT Cosmetics TX-Toning Cream"},{"@type":"BreadcrumbList","@id":"https:\/\/www.facecorner.lv\/shop\/izgaismojoss-un-nostiprinoss-krems-vt-cosmetics-tx-toning-cream-50ml\/#breadcrumb","itemListElement":[{"@type":"ListItem","position":1,"name":"Home","item":"https:\/\/www.facecorner.lv\/"},{"@type":"ListItem","position":2,"name":"Veikals","item":"https:\/\/www.facecorner.lv\/shop\/"},{"@type":"ListItem","position":3,"name":"Izgaismojo\u0161s un nostiprino\u0161s kr\u0113ms VT Cosmetics TX-Toning Cream 50ml"}]},{"@type":"WebSite","@id":"https:\/\/www.facecorner.lv\/#website","url":"https:\/\/www.facecorner.lv\/","name":"Facecorner","description":"","publisher":{"@id":"https:\/\/www.facecorner.lv\/#organization"},"potentialAction":[{"@type":"SearchAction","target":{"@type":"EntryPoint","urlTemplate":"https:\/\/www.facecorner.lv\/?s={search_term_string}"},"query-input":{"@type":"PropertyValueSpecification","valueRequired":true,"valueName":"search_term_string"}}],"inLanguage":"en-US"},{"@type":"Organization","@id":"https:\/\/www.facecorner.lv\/#organization","name":"Facecorner","url":"https:\/\/www.facecorner.lv\/","logo":{"@type":"ImageObject","inLanguage":"en-US","@id":"https:\/\/www.facecorner.lv\/#\/schema\/logo\/image\/","url":"https:\/\/www.facecorner.lv\/wp-content\/uploads\/2024\/04\/fc-logo.jpg","contentUrl":"https:\/\/www.facecorner.lv\/wp-content\/uploads\/2024\/04\/fc-logo.jpg","width":174,"height":28,"caption":"Facecorner"},"image":{"@id":"https:\/\/www.facecorner.lv\/#\/schema\/logo\/image\/"},"sameAs":["https:\/\/www.facebook.com\/profile.php?id=100063824551839","https:\/\/www.instagram.com\/facecorner_shop\/"]}]},"product_price_amount":"22.90","product_price_currency":"EUR","og_availability":"out of stock","product_availability":"out of stock","product_condition":"new"},"_links":{"self":[{"href":"https:\/\/www.facecorner.lv\/en\/wp-json\/wp\/v2\/product\/25901","targetHints":{"allow":["GET"]}}],"collection":[{"href":"https:\/\/www.facecorner.lv\/en\/wp-json\/wp\/v2\/product"}],"about":[{"href":"https:\/\/www.facecorner.lv\/en\/wp-json\/wp\/v2\/types\/product"}],"replies":[{"embeddable":true,"href":"https:\/\/www.facecorner.lv\/en\/wp-json\/wp\/v2\/comments?post=25901"}],"wp:featuredmedia":[{"embeddable":true,"href":"https:\/\/www.facecorner.lv\/en\/wp-json\/wp\/v2\/media\/25902"}],"wp:attachment":[{"href":"https:\/\/www.facecorner.lv\/en\/wp-json\/wp\/v2\/media?parent=25901"}],"wp:term":[{"taxonomy":"product_brand","embeddable":true,"href":"https:\/\/www.facecorner.lv\/en\/wp-json\/wp\/v2\/product_brand?post=25901"},{"taxonomy":"product_cat","embeddable":true,"href":"https:\/\/www.facecorner.lv\/en\/wp-json\/wp\/v2\/product_cat?post=25901"},{"taxonomy":"product_tag","embeddable":true,"href":"https:\/\/www.facecorner.lv\/en\/wp-json\/wp\/v2\/product_tag?post=25901"},{"taxonomy":"berocket_brand","embeddable":true,"href":"https:\/\/www.facecorner.lv\/en\/wp-json\/wp\/v2\/berocket_brand?post=25901"}],"curies":[{"name":"wp","href":"https:\/\/api.w.org\/{rel}","templated":true}]}}