{"id":25898,"date":"2025-10-30T15:16:35","date_gmt":"2025-10-30T12:16:35","guid":{"rendered":"https:\/\/www.facecorner.lv\/?post_type=product&#038;p=25898"},"modified":"2025-12-11T00:52:24","modified_gmt":"2025-12-10T21:52:24","slug":"vt-cosmetics-tx-toning-toner-sejas-tonizejoss-un-izlidzinoss-toniks-200ml","status":"publish","type":"product","link":"https:\/\/www.facecorner.lv\/en\/shop\/vt-cosmetics-tx-toning-toner-sejas-tonizejoss-un-izlidzinoss-toniks-200ml\/","title":{"rendered":"VT Cosmetics TX Toning Toner \u2014 sejas toniz\u0113jo\u0161s un izl\u012bdzino\u0161s toniks 200ml"},"content":{"rendered":"<p>VT TX Toning Toner ir maigs, izgaismojo\u0161s toniks, kas izl\u012bdzina \u0101das toni, pal\u012bdz c\u012bn\u012bties ar pigment\u0101ciju, pinnes p\u0113d\u0101m un bl\u0101vumu.<\/p>\n<p>Viegla, \u016bdens tekst\u016bra uzreiz atsvaidzina un mitrina \u0101du, sagatavojot to turpm\u0101kajiem kop\u0161anas posmiem.<\/p>\n<p>Pateicoties traneksamsk\u0101bes, glutationa un niac\u012bnam\u012bda kompleksam, l\u012bdzeklis iev\u0113rojami uzlabo sejas kr\u0101su, pie\u0161\u0137ir \u0101dai mirdzumu un padara to glud\u0101ku un elast\u012bg\u0101ku. Formulu papildina centella asiatica un keram\u012bdi, kas nomierina, stiprina barjeru un nov\u0113r\u0161 dehidrat\u0101ciju.<\/p>\n<p><strong>Toneru iedarb\u012bba:<\/strong><\/p>\n<ul>\n<li>Atvieglo pigmentu plankumus un iekaisuma p\u0113das.<\/li>\n<li>Izl\u012bdzina \u0101das toni un pie\u0161\u0137ir tai vesel\u012bgu mirdzumu.<\/li>\n<li>Mitrina un m\u012bkstina \u0101du, neradot lip\u012bguma saj\u016btu.<\/li>\n<li>Nomierina kairin\u0101jumu un stiprina aizsargbarjeru.<\/li>\n<li>Padara \u0101du vienm\u0113r\u012bg\u0101ku, svaig\u0101ku un glud\u0101ku.<\/li>\n<\/ul>\n<p><strong>Akt\u012bv\u0101s sast\u0101vda\u013cas<\/strong><\/p>\n<ul>\n<li>Traneks\u0101misk\u0101 sk\u0101be \u2014 samazina pigment\u0101cijas izpausmes un nov\u0113r\u0161 t\u0101s atk\u0101rtotu par\u0101d\u012b\u0161anos.<\/li>\n<li>Niac\u012bnam\u012bds (5 %) \u2014 regul\u0113 sebuma izdal\u012b\u0161anos, izl\u012bdzina \u0101das toni un uzlabo \u0101das tekst\u016bru<\/li>\n<li>Glutatione \u2014 sp\u0113c\u012bgs antioksidants, atjauno \u0101das svaigumu un mirdzumu.<\/li>\n<li>Centella Asiatica + Madecassoside \u2014 nomierina un atjauno \u0101du.<\/li>\n<li>Ceramide NP, Squalane \u2014 stiprina aizsargbarjeru, padara \u0101du maigu un gludu.<\/li>\n<\/ul>\n<p><strong>How to use:<\/strong> P\u0113c att\u012br\u012b\u0161anas uzkl\u0101jiet nelielu daudzumu tonika uz vates diska vai plaukstas.Viegli noslaukiet vai \u201cieb\u0101ziet\u201d l\u012bdzekli \u0101d\u0101, l\u012bdz tas piln\u012bb\u0101 ies\u016bcies.Turpiniet kop\u0161anu ar serumu un kr\u0113mu.Lietojiet katru dienu no r\u012bta un vakar\u0101.<\/p>\n<p><strong>Sast\u0101vs:<\/strong> Water, Glycerin, Niacinamide, Propanediol, 1,2-Hexanediol, Tranexamic Acid, Erythritol, Carbomer, Trehalose, Adenosine, Arginine, Disodium EDTA, Allantoin, Xanthan Gum, Glutathione, Glycyrrhizic Acid, Hydrogenated Lecithin, Macadamia Ternifolia Seed Oil, Squalane, Papain, Madecassoside, Ceramide NP, Centella Asiatica Leaf Extract, Asiaticoside, Stearic Acid, Cholesterol, Maltodextrin.<\/p>","protected":false},"excerpt":{"rendered":"<p>VT TX Toning Toner ir maigs, izgaismojo\u0161s toniks, kas izl\u012bdzina \u0101das toni, pal\u012bdz c\u012bn\u012bties ar pigment\u0101ciju, pinnes p\u0113d\u0101m un bl\u0101vumu.<\/p>","protected":false},"featured_media":25899,"comment_status":"open","ping_status":"closed","template":"","meta":{"site-sidebar-layout":"default","site-content-layout":"","ast-site-content-layout":"default","site-content-style":"default","site-sidebar-style":"default","ast-global-header-display":"","ast-banner-title-visibility":"","ast-main-header-display":"","ast-hfb-above-header-display":"","ast-hfb-below-header-display":"","ast-hfb-mobile-header-display":"","site-post-title":"","ast-breadcrumbs-content":"","ast-featured-img":"","footer-sml-layout":"","theme-transparent-header-meta":"default","adv-header-id-meta":"","stick-header-meta":"","header-above-stick-meta":"","header-main-stick-meta":"","header-below-stick-meta":"","astra-migrate-meta-layouts":"set","ast-page-background-enabled":"default","ast-page-background-meta":{"desktop":{"background-color":"var(--ast-global-color-4)","background-image":"","background-repeat":"repeat","background-position":"center center","background-size":"auto","background-attachment":"scroll","background-type":"","background-media":"","overlay-type":"","overlay-color":"","overlay-opacity":"","overlay-gradient":""},"tablet":{"background-color":"","background-image":"","background-repeat":"repeat","background-position":"center center","background-size":"auto","background-attachment":"scroll","background-type":"","background-media":"","overlay-type":"","overlay-color":"","overlay-opacity":"","overlay-gradient":""},"mobile":{"background-color":"","background-image":"","background-repeat":"repeat","background-position":"center center","background-size":"auto","background-attachment":"scroll","background-type":"","background-media":"","overlay-type":"","overlay-color":"","overlay-opacity":"","overlay-gradient":""}},"ast-content-background-meta":{"desktop":{"background-color":"var(--ast-global-color-5)","background-image":"","background-repeat":"repeat","background-position":"center center","background-size":"auto","background-attachment":"scroll","background-type":"","background-media":"","overlay-type":"","overlay-color":"","overlay-opacity":"","overlay-gradient":""},"tablet":{"background-color":"var(--ast-global-color-5)","background-image":"","background-repeat":"repeat","background-position":"center center","background-size":"auto","background-attachment":"scroll","background-type":"","background-media":"","overlay-type":"","overlay-color":"","overlay-opacity":"","overlay-gradient":""},"mobile":{"background-color":"var(--ast-global-color-5)","background-image":"","background-repeat":"repeat","background-position":"center center","background-size":"auto","background-attachment":"scroll","background-type":"","background-media":"","overlay-type":"","overlay-color":"","overlay-opacity":"","overlay-gradient":""}}},"product_brand":[],"product_cat":[375,377,378,364],"product_tag":[],"berocket_brand":[582],"class_list":{"0":"post-25898","1":"product","2":"type-product","3":"status-publish","4":"has-post-thumbnail","6":"product_cat-jutigai-adai-toneri","7":"product_cat-problematiskai-adai-toneri","8":"product_cat-sausai-adai-toneri","9":"product_cat-toneri","10":"berocket_brand-vt","11":"desktop-align-left","12":"tablet-align-left","13":"mobile-align-left","15":"first","16":"outofstock","17":"taxable","18":"shipping-taxable","19":"purchasable","20":"product-type-simple","21":"add-to-wishlist-before_image"},"yoast_head":"<!-- This site is optimized with the Yoast SEO plugin v27.4 - https:\/\/yoast.com\/product\/yoast-seo-wordpress\/ -->\n<title>VT Cosmetics TX Toning Toner \u2014 sejas toniz\u0113jo\u0161s un izl\u012bdzino\u0161s toniks 200ml - FACECORNER<\/title>\n<meta name=\"description\" content=\"VT TX Toning Toner ir maigs, izgaismojo\u0161s toniks, kas izl\u012bdzina \u0101das toni, pal\u012bdz c\u012bn\u012bties ar pigment\u0101ciju, pinnes p\u0113d\u0101m un bl\u0101vumu.\" \/>\n<meta name=\"robots\" content=\"index, follow, max-snippet:-1, max-image-preview:large, max-video-preview:-1\" \/>\n<link rel=\"canonical\" href=\"https:\/\/www.facecorner.lv\/en\/shop\/vt-cosmetics-tx-toning-toner-sejas-tonizejoss-un-izlidzinoss-toniks-200ml\/\" \/>\n<meta property=\"og:locale\" content=\"en_US\" \/>\n<meta property=\"og:type\" content=\"article\" \/>\n<meta property=\"og:title\" content=\"VT Cosmetics TX Toning Toner \u2014 sejas toniz\u0113jo\u0161s un izl\u012bdzino\u0161s toniks 200ml - FACECORNER\" \/>\n<meta property=\"og:description\" content=\"VT TX Toning Toner ir maigs, izgaismojo\u0161s toniks, kas izl\u012bdzina \u0101das toni, pal\u012bdz c\u012bn\u012bties ar pigment\u0101ciju, pinnes p\u0113d\u0101m un bl\u0101vumu.\" \/>\n<meta property=\"og:url\" content=\"https:\/\/www.facecorner.lv\/en\/shop\/vt-cosmetics-tx-toning-toner-sejas-tonizejoss-un-izlidzinoss-toniks-200ml\/\" \/>\n<meta property=\"og:site_name\" content=\"FACECORNER\" \/>\n<meta property=\"article:publisher\" content=\"https:\/\/www.facebook.com\/profile.php?id=100063824551839\" \/>\n<meta property=\"article:modified_time\" content=\"2025-12-10T21:52:24+00:00\" \/>\n<meta property=\"og:image\" content=\"https:\/\/www.facecorner.lv\/wp-content\/uploads\/2025\/10\/rus_pl_VT-Cosmetics-TX-toning-Toner-OSVETLIAIUSHCHII-TONIK-S-TRANEKSAMOVOI-KISLOTOI-200ml-23341_1.webp\" \/>\n\t<meta property=\"og:image:width\" content=\"1500\" \/>\n\t<meta property=\"og:image:height\" content=\"1500\" \/>\n\t<meta property=\"og:image:type\" content=\"image\/webp\" \/>\n<meta name=\"twitter:card\" content=\"summary_large_image\" \/>\n<meta name=\"twitter:label1\" content=\"Price\" \/>\n\t<meta name=\"twitter:data1\" content=\"&euro;19.90\" \/>\n\t<meta name=\"twitter:label2\" content=\"Availability\" \/>\n\t<meta name=\"twitter:data2\" content=\"Out of stock\" \/>\n<script type=\"application\/ld+json\" class=\"yoast-schema-graph\">{\"@context\":\"https:\\\/\\\/schema.org\",\"@graph\":[{\"@type\":\"WebPage\",\"@id\":\"https:\\\/\\\/www.facecorner.lv\\\/shop\\\/vt-cosmetics-tx-toning-toner-sejas-tonizejoss-un-izlidzinoss-toniks-200ml\\\/\",\"url\":\"https:\\\/\\\/www.facecorner.lv\\\/shop\\\/vt-cosmetics-tx-toning-toner-sejas-tonizejoss-un-izlidzinoss-toniks-200ml\\\/\",\"name\":\"VT Cosmetics TX Toning Toner \u2014 sejas toniz\u0113jo\u0161s un izl\u012bdzino\u0161s toniks 200ml - FACECORNER\",\"isPartOf\":{\"@id\":\"https:\\\/\\\/www.facecorner.lv\\\/#website\"},\"primaryImageOfPage\":{\"@id\":\"https:\\\/\\\/www.facecorner.lv\\\/shop\\\/vt-cosmetics-tx-toning-toner-sejas-tonizejoss-un-izlidzinoss-toniks-200ml\\\/#primaryimage\"},\"image\":{\"@id\":\"https:\\\/\\\/www.facecorner.lv\\\/shop\\\/vt-cosmetics-tx-toning-toner-sejas-tonizejoss-un-izlidzinoss-toniks-200ml\\\/#primaryimage\"},\"thumbnailUrl\":\"https:\\\/\\\/www.facecorner.lv\\\/wp-content\\\/uploads\\\/2025\\\/10\\\/rus_pl_VT-Cosmetics-TX-toning-Toner-OSVETLIAIUSHCHII-TONIK-S-TRANEKSAMOVOI-KISLOTOI-200ml-23341_1.webp\",\"datePublished\":\"2025-10-30T12:16:35+00:00\",\"dateModified\":\"2025-12-10T21:52:24+00:00\",\"description\":\"VT TX Toning Toner ir maigs, izgaismojo\u0161s toniks, kas izl\u012bdzina \u0101das toni, pal\u012bdz c\u012bn\u012bties ar pigment\u0101ciju, pinnes p\u0113d\u0101m un bl\u0101vumu.\",\"breadcrumb\":{\"@id\":\"https:\\\/\\\/www.facecorner.lv\\\/shop\\\/vt-cosmetics-tx-toning-toner-sejas-tonizejoss-un-izlidzinoss-toniks-200ml\\\/#breadcrumb\"},\"inLanguage\":\"en-US\",\"potentialAction\":[{\"@type\":\"ReadAction\",\"target\":[\"https:\\\/\\\/www.facecorner.lv\\\/shop\\\/vt-cosmetics-tx-toning-toner-sejas-tonizejoss-un-izlidzinoss-toniks-200ml\\\/\"]}]},{\"@type\":\"ImageObject\",\"inLanguage\":\"en-US\",\"@id\":\"https:\\\/\\\/www.facecorner.lv\\\/shop\\\/vt-cosmetics-tx-toning-toner-sejas-tonizejoss-un-izlidzinoss-toniks-200ml\\\/#primaryimage\",\"url\":\"https:\\\/\\\/www.facecorner.lv\\\/wp-content\\\/uploads\\\/2025\\\/10\\\/rus_pl_VT-Cosmetics-TX-toning-Toner-OSVETLIAIUSHCHII-TONIK-S-TRANEKSAMOVOI-KISLOTOI-200ml-23341_1.webp\",\"contentUrl\":\"https:\\\/\\\/www.facecorner.lv\\\/wp-content\\\/uploads\\\/2025\\\/10\\\/rus_pl_VT-Cosmetics-TX-toning-Toner-OSVETLIAIUSHCHII-TONIK-S-TRANEKSAMOVOI-KISLOTOI-200ml-23341_1.webp\",\"width\":1500,\"height\":1500,\"caption\":\"VT Cosmetics TX Toning Toner\"},{\"@type\":\"BreadcrumbList\",\"@id\":\"https:\\\/\\\/www.facecorner.lv\\\/shop\\\/vt-cosmetics-tx-toning-toner-sejas-tonizejoss-un-izlidzinoss-toniks-200ml\\\/#breadcrumb\",\"itemListElement\":[{\"@type\":\"ListItem\",\"position\":1,\"name\":\"Home\",\"item\":\"https:\\\/\\\/www.facecorner.lv\\\/\"},{\"@type\":\"ListItem\",\"position\":2,\"name\":\"Veikals\",\"item\":\"https:\\\/\\\/www.facecorner.lv\\\/shop\\\/\"},{\"@type\":\"ListItem\",\"position\":3,\"name\":\"VT Cosmetics TX Toning Toner \u2014 sejas toniz\u0113jo\u0161s un izl\u012bdzino\u0161s toniks 200ml\"}]},{\"@type\":\"WebSite\",\"@id\":\"https:\\\/\\\/www.facecorner.lv\\\/#website\",\"url\":\"https:\\\/\\\/www.facecorner.lv\\\/\",\"name\":\"Facecorner\",\"description\":\"\",\"publisher\":{\"@id\":\"https:\\\/\\\/www.facecorner.lv\\\/#organization\"},\"potentialAction\":[{\"@type\":\"SearchAction\",\"target\":{\"@type\":\"EntryPoint\",\"urlTemplate\":\"https:\\\/\\\/www.facecorner.lv\\\/?s={search_term_string}\"},\"query-input\":{\"@type\":\"PropertyValueSpecification\",\"valueRequired\":true,\"valueName\":\"search_term_string\"}}],\"inLanguage\":\"en-US\"},{\"@type\":\"Organization\",\"@id\":\"https:\\\/\\\/www.facecorner.lv\\\/#organization\",\"name\":\"Facecorner\",\"url\":\"https:\\\/\\\/www.facecorner.lv\\\/\",\"logo\":{\"@type\":\"ImageObject\",\"inLanguage\":\"en-US\",\"@id\":\"https:\\\/\\\/www.facecorner.lv\\\/#\\\/schema\\\/logo\\\/image\\\/\",\"url\":\"https:\\\/\\\/www.facecorner.lv\\\/wp-content\\\/uploads\\\/2024\\\/04\\\/fc-logo.jpg\",\"contentUrl\":\"https:\\\/\\\/www.facecorner.lv\\\/wp-content\\\/uploads\\\/2024\\\/04\\\/fc-logo.jpg\",\"width\":174,\"height\":28,\"caption\":\"Facecorner\"},\"image\":{\"@id\":\"https:\\\/\\\/www.facecorner.lv\\\/#\\\/schema\\\/logo\\\/image\\\/\"},\"sameAs\":[\"https:\\\/\\\/www.facebook.com\\\/profile.php?id=100063824551839\",\"https:\\\/\\\/www.instagram.com\\\/facecorner_shop\\\/\"]}]}<\/script>\n<meta property=\"product:price:amount\" content=\"19.90\" \/>\n<meta property=\"product:price:currency\" content=\"EUR\" \/>\n<meta property=\"og:availability\" content=\"out of stock\" \/>\n<meta property=\"product:availability\" content=\"out of stock\" \/>\n<meta property=\"product:condition\" content=\"new\" \/>\n<!-- \/ Yoast SEO plugin. -->","yoast_head_json":{"title":"VT Cosmetics TX Toning Toner \u2014 sejas toniz\u0113jo\u0161s un izl\u012bdzino\u0161s toniks 200ml - FACECORNER","description":"VT TX Toning Toner ir maigs, izgaismojo\u0161s toniks, kas izl\u012bdzina \u0101das toni, pal\u012bdz c\u012bn\u012bties ar pigment\u0101ciju, pinnes p\u0113d\u0101m un bl\u0101vumu.","robots":{"index":"index","follow":"follow","max-snippet":"max-snippet:-1","max-image-preview":"max-image-preview:large","max-video-preview":"max-video-preview:-1"},"canonical":"https:\/\/www.facecorner.lv\/en\/shop\/vt-cosmetics-tx-toning-toner-sejas-tonizejoss-un-izlidzinoss-toniks-200ml\/","og_locale":"en_US","og_type":"article","og_title":"VT Cosmetics TX Toning Toner \u2014 sejas toniz\u0113jo\u0161s un izl\u012bdzino\u0161s toniks 200ml - FACECORNER","og_description":"VT TX Toning Toner ir maigs, izgaismojo\u0161s toniks, kas izl\u012bdzina \u0101das toni, pal\u012bdz c\u012bn\u012bties ar pigment\u0101ciju, pinnes p\u0113d\u0101m un bl\u0101vumu.","og_url":"https:\/\/www.facecorner.lv\/en\/shop\/vt-cosmetics-tx-toning-toner-sejas-tonizejoss-un-izlidzinoss-toniks-200ml\/","og_site_name":"FACECORNER","article_publisher":"https:\/\/www.facebook.com\/profile.php?id=100063824551839","article_modified_time":"2025-12-10T21:52:24+00:00","og_image":[{"width":1500,"height":1500,"url":"https:\/\/www.facecorner.lv\/wp-content\/uploads\/2025\/10\/rus_pl_VT-Cosmetics-TX-toning-Toner-OSVETLIAIUSHCHII-TONIK-S-TRANEKSAMOVOI-KISLOTOI-200ml-23341_1.webp","type":"image\/webp"}],"twitter_card":"summary_large_image","twitter_misc":{"Price":"&euro;19.90","Availability":"Out of stock"},"schema":{"@context":"https:\/\/schema.org","@graph":[{"@type":"WebPage","@id":"https:\/\/www.facecorner.lv\/shop\/vt-cosmetics-tx-toning-toner-sejas-tonizejoss-un-izlidzinoss-toniks-200ml\/","url":"https:\/\/www.facecorner.lv\/shop\/vt-cosmetics-tx-toning-toner-sejas-tonizejoss-un-izlidzinoss-toniks-200ml\/","name":"VT Cosmetics TX Toning Toner \u2014 sejas toniz\u0113jo\u0161s un izl\u012bdzino\u0161s toniks 200ml - FACECORNER","isPartOf":{"@id":"https:\/\/www.facecorner.lv\/#website"},"primaryImageOfPage":{"@id":"https:\/\/www.facecorner.lv\/shop\/vt-cosmetics-tx-toning-toner-sejas-tonizejoss-un-izlidzinoss-toniks-200ml\/#primaryimage"},"image":{"@id":"https:\/\/www.facecorner.lv\/shop\/vt-cosmetics-tx-toning-toner-sejas-tonizejoss-un-izlidzinoss-toniks-200ml\/#primaryimage"},"thumbnailUrl":"https:\/\/www.facecorner.lv\/wp-content\/uploads\/2025\/10\/rus_pl_VT-Cosmetics-TX-toning-Toner-OSVETLIAIUSHCHII-TONIK-S-TRANEKSAMOVOI-KISLOTOI-200ml-23341_1.webp","datePublished":"2025-10-30T12:16:35+00:00","dateModified":"2025-12-10T21:52:24+00:00","description":"VT TX Toning Toner ir maigs, izgaismojo\u0161s toniks, kas izl\u012bdzina \u0101das toni, pal\u012bdz c\u012bn\u012bties ar pigment\u0101ciju, pinnes p\u0113d\u0101m un bl\u0101vumu.","breadcrumb":{"@id":"https:\/\/www.facecorner.lv\/shop\/vt-cosmetics-tx-toning-toner-sejas-tonizejoss-un-izlidzinoss-toniks-200ml\/#breadcrumb"},"inLanguage":"en-US","potentialAction":[{"@type":"ReadAction","target":["https:\/\/www.facecorner.lv\/shop\/vt-cosmetics-tx-toning-toner-sejas-tonizejoss-un-izlidzinoss-toniks-200ml\/"]}]},{"@type":"ImageObject","inLanguage":"en-US","@id":"https:\/\/www.facecorner.lv\/shop\/vt-cosmetics-tx-toning-toner-sejas-tonizejoss-un-izlidzinoss-toniks-200ml\/#primaryimage","url":"https:\/\/www.facecorner.lv\/wp-content\/uploads\/2025\/10\/rus_pl_VT-Cosmetics-TX-toning-Toner-OSVETLIAIUSHCHII-TONIK-S-TRANEKSAMOVOI-KISLOTOI-200ml-23341_1.webp","contentUrl":"https:\/\/www.facecorner.lv\/wp-content\/uploads\/2025\/10\/rus_pl_VT-Cosmetics-TX-toning-Toner-OSVETLIAIUSHCHII-TONIK-S-TRANEKSAMOVOI-KISLOTOI-200ml-23341_1.webp","width":1500,"height":1500,"caption":"VT Cosmetics TX Toning Toner"},{"@type":"BreadcrumbList","@id":"https:\/\/www.facecorner.lv\/shop\/vt-cosmetics-tx-toning-toner-sejas-tonizejoss-un-izlidzinoss-toniks-200ml\/#breadcrumb","itemListElement":[{"@type":"ListItem","position":1,"name":"Home","item":"https:\/\/www.facecorner.lv\/"},{"@type":"ListItem","position":2,"name":"Veikals","item":"https:\/\/www.facecorner.lv\/shop\/"},{"@type":"ListItem","position":3,"name":"VT Cosmetics TX Toning Toner \u2014 sejas toniz\u0113jo\u0161s un izl\u012bdzino\u0161s toniks 200ml"}]},{"@type":"WebSite","@id":"https:\/\/www.facecorner.lv\/#website","url":"https:\/\/www.facecorner.lv\/","name":"Facecorner","description":"","publisher":{"@id":"https:\/\/www.facecorner.lv\/#organization"},"potentialAction":[{"@type":"SearchAction","target":{"@type":"EntryPoint","urlTemplate":"https:\/\/www.facecorner.lv\/?s={search_term_string}"},"query-input":{"@type":"PropertyValueSpecification","valueRequired":true,"valueName":"search_term_string"}}],"inLanguage":"en-US"},{"@type":"Organization","@id":"https:\/\/www.facecorner.lv\/#organization","name":"Facecorner","url":"https:\/\/www.facecorner.lv\/","logo":{"@type":"ImageObject","inLanguage":"en-US","@id":"https:\/\/www.facecorner.lv\/#\/schema\/logo\/image\/","url":"https:\/\/www.facecorner.lv\/wp-content\/uploads\/2024\/04\/fc-logo.jpg","contentUrl":"https:\/\/www.facecorner.lv\/wp-content\/uploads\/2024\/04\/fc-logo.jpg","width":174,"height":28,"caption":"Facecorner"},"image":{"@id":"https:\/\/www.facecorner.lv\/#\/schema\/logo\/image\/"},"sameAs":["https:\/\/www.facebook.com\/profile.php?id=100063824551839","https:\/\/www.instagram.com\/facecorner_shop\/"]}]},"product_price_amount":"19.90","product_price_currency":"EUR","og_availability":"out of stock","product_availability":"out of stock","product_condition":"new"},"_links":{"self":[{"href":"https:\/\/www.facecorner.lv\/en\/wp-json\/wp\/v2\/product\/25898","targetHints":{"allow":["GET"]}}],"collection":[{"href":"https:\/\/www.facecorner.lv\/en\/wp-json\/wp\/v2\/product"}],"about":[{"href":"https:\/\/www.facecorner.lv\/en\/wp-json\/wp\/v2\/types\/product"}],"replies":[{"embeddable":true,"href":"https:\/\/www.facecorner.lv\/en\/wp-json\/wp\/v2\/comments?post=25898"}],"wp:featuredmedia":[{"embeddable":true,"href":"https:\/\/www.facecorner.lv\/en\/wp-json\/wp\/v2\/media\/25899"}],"wp:attachment":[{"href":"https:\/\/www.facecorner.lv\/en\/wp-json\/wp\/v2\/media?parent=25898"}],"wp:term":[{"taxonomy":"product_brand","embeddable":true,"href":"https:\/\/www.facecorner.lv\/en\/wp-json\/wp\/v2\/product_brand?post=25898"},{"taxonomy":"product_cat","embeddable":true,"href":"https:\/\/www.facecorner.lv\/en\/wp-json\/wp\/v2\/product_cat?post=25898"},{"taxonomy":"product_tag","embeddable":true,"href":"https:\/\/www.facecorner.lv\/en\/wp-json\/wp\/v2\/product_tag?post=25898"},{"taxonomy":"berocket_brand","embeddable":true,"href":"https:\/\/www.facecorner.lv\/en\/wp-json\/wp\/v2\/berocket_brand?post=25898"}],"curies":[{"name":"wp","href":"https:\/\/api.w.org\/{rel}","templated":true}]}}