{"id":25836,"date":"2025-10-29T17:42:11","date_gmt":"2025-10-29T14:42:11","guid":{"rendered":"https:\/\/www.facecorner.lv\/?post_type=product&#038;p=25836"},"modified":"2026-03-03T19:04:35","modified_gmt":"2026-03-03T16:04:35","slug":"axis-y-txa-2-5-intensive-brightening-cream-50ml","status":"publish","type":"product","link":"https:\/\/www.facecorner.lv\/en\/shop\/axis-y-txa-2-5-intensive-brightening-cream-50ml\/","title":{"rendered":"AXIS-Y TXA 2.5% Intensive Brightening Cream 50ml"},"content":{"rendered":"<p>Veiciet bl\u0101vuma un nepiln\u012bbu p\u0101rbaudi ar \u0161o augsti efekt\u012bvo \u0101das to\u0146a korekcijas l\u012bdzekli AXIS-Y TXA 2.5% Intensive Brightening Cream.<\/p>\n<p>\u0160is kr\u0113ms ir rad\u012bts gad\u012bjumiem, kad v\u0113laties ne tikai mitrin\u0101t \u0101du, bet ar\u012b iev\u0113rojami izl\u012bdzin\u0101t t\u0101s toni un c\u012bn\u012bties pret pigment\u0101ciju.<\/p>\n<ul>\n<li>Akt\u012bv\u0101 sast\u0101vda\u013ca: 2,5 % traneksam\u012bnsk\u0101be (TXA) \u2014 pal\u012bdz izgaismot tum\u0161os plankumus un uzlabot \u0101das toni.<\/li>\n<li>Papildu izdev\u012bgi sast\u0101vda\u013cas: 2,5 % niac\u012bnam\u012bds \u2014 nostiprina \u0101das barjeru un pastiprina mirdzumu; un glutationa \u2014 sp\u0113c\u012bgs antioksidants vesel\u012bgai sejas kr\u0101sai.<\/li>\n<li>Mitrin\u0101\u0161ana un barjeras atbalsts: formula satur hialuronsk\u0101bi (Hyaluronic Acid), ceram\u012bdus un nomierino\u0161as sast\u0101vda\u013cas (piem\u0113ram, centellas ekstraktus).<\/li>\n<li>Bez smar\u017eviel\u0101m un silikoniem: produkts ir deklar\u0113ts k\u0101 silikona nesaturo\u0161s un piem\u0113rots jut\u012bgai \u0101dai.<\/li>\n<\/ul>\n<p><strong>Ide\u0101li piem\u0113rots \u0101dai ar:<\/strong><\/p>\n<ul>\n<li>nevienm\u0113r\u012bgu toni un pigment\u0101ciju;<\/li>\n<li>pinnes p\u0113d\u0101m, p\u0113c iekaisuma pigment\u0101ciju;<\/li>\n<li>bl\u0101vumu un sp\u012bduma zudumu;<\/li>\n<li>vajadz\u012bbu p\u0113c vieglas, bet efekt\u012bvas pretnoveco\u0161an\u0101s kop\u0161anas.<\/li>\n<\/ul>\n<p><strong>How to use: <\/strong>Kremu uzkl\u0101jiet no r\u012bta un\/vai vakar\u0101 uz att\u012br\u012btas, toniz\u0113tas \u0101das. Lab\u0101k lietot k\u0101 p\u0113d\u0113jo kop\u0161anas posmu pirms SPF (no r\u012bta) vai k\u0101 nakts kr\u0113mu (vakar\u0101). Lai sasniegtu maksim\u0101lu efektu, lietojiet regul\u0101ri vismaz 4\u20136 ned\u0113\u013cas.<\/p>\n<p><strong>Sast\u0101vs:<\/strong> <span style=\"font-size: 16px;\">Water, Glycerin, Dicaprylyl Ether, Hydrogenated Polydecene, Stearyl Alcohol, Butyrospermum Parkii (Shea) Butter, Niacinamide, Tranexamic Acid(2.5%), Octyldodecanol, Pentaerythrityl Tetraethylhexanoate, Behenyl Alcohol, Panthenol, 1,2-Hexanediol, Arachidyl Alcohol, Dipentaerythrityl Hexahydroxystearate\/Hexastearate\/Hexarosinate, Cetearyl Olivate, Sorbitan Olivate, Citric Acid, Arachidyl Glucoside, Garcinia Cambogia Fruit Extract, Hydroxyacetophenone, Palmitic Acid, Stearic Acid, Ammonium Acryloyldimethyltaurate\/VP Copolymer, Ceramide NP, Carbomer, Ethylhexylglycerin, Disodium EDTA, Glutathione, Butylene Glycol, Tocopherol, Centella Asiatica Extract, Houttuynia Cordata Extract, Sodium Hyaluronate, Hydrolyzed Hyaluronic Acid, Sodium Acetylated Hyaluronate<\/span><\/p>\n<div id=\"cart-bar\" class=\"cart-bar is-visible\">\n<div class=\"cart-bar__form__wrapper form__wrapper show-product-notification\" data-form-wrapper=\"\">\n<div class=\"cart-bar__info\"><\/div>\n<\/div>\n<\/div>","protected":false},"excerpt":{"rendered":"<p>Veiciet bl\u0101vuma un nepiln\u012bbu p\u0101rbaudi ar \u0161o augsti efekt\u012bvo \u0101das to\u0146a korekcijas l\u012bdzekli AXIS-Y TXA 2.5% Intensive Brightening Cream.<\/p>","protected":false},"featured_media":25839,"comment_status":"open","ping_status":"closed","template":"","meta":{"site-sidebar-layout":"default","site-content-layout":"","ast-site-content-layout":"default","site-content-style":"default","site-sidebar-style":"default","ast-global-header-display":"","ast-banner-title-visibility":"","ast-main-header-display":"","ast-hfb-above-header-display":"","ast-hfb-below-header-display":"","ast-hfb-mobile-header-display":"","site-post-title":"","ast-breadcrumbs-content":"","ast-featured-img":"","footer-sml-layout":"","theme-transparent-header-meta":"default","adv-header-id-meta":"","stick-header-meta":"","header-above-stick-meta":"","header-main-stick-meta":"","header-below-stick-meta":"","astra-migrate-meta-layouts":"set","ast-page-background-enabled":"default","ast-page-background-meta":{"desktop":{"background-color":"var(--ast-global-color-4)","background-image":"","background-repeat":"repeat","background-position":"center center","background-size":"auto","background-attachment":"scroll","background-type":"","background-media":"","overlay-type":"","overlay-color":"","overlay-opacity":"","overlay-gradient":""},"tablet":{"background-color":"","background-image":"","background-repeat":"repeat","background-position":"center center","background-size":"auto","background-attachment":"scroll","background-type":"","background-media":"","overlay-type":"","overlay-color":"","overlay-opacity":"","overlay-gradient":""},"mobile":{"background-color":"","background-image":"","background-repeat":"repeat","background-position":"center center","background-size":"auto","background-attachment":"scroll","background-type":"","background-media":"","overlay-type":"","overlay-color":"","overlay-opacity":"","overlay-gradient":""}},"ast-content-background-meta":{"desktop":{"background-color":"var(--ast-global-color-5)","background-image":"","background-repeat":"repeat","background-position":"center center","background-size":"auto","background-attachment":"scroll","background-type":"","background-media":"","overlay-type":"","overlay-color":"","overlay-opacity":"","overlay-gradient":""},"tablet":{"background-color":"var(--ast-global-color-5)","background-image":"","background-repeat":"repeat","background-position":"center center","background-size":"auto","background-attachment":"scroll","background-type":"","background-media":"","overlay-type":"","overlay-color":"","overlay-opacity":"","overlay-gradient":""},"mobile":{"background-color":"var(--ast-global-color-5)","background-image":"","background-repeat":"repeat","background-position":"center center","background-size":"auto","background-attachment":"scroll","background-type":"","background-media":"","overlay-type":"","overlay-color":"","overlay-opacity":"","overlay-gradient":""}}},"product_brand":[],"product_cat":[366,369,362],"product_tag":[],"berocket_brand":[577],"class_list":{"0":"post-25836","1":"product","2":"type-product","3":"status-publish","4":"has-post-thumbnail","6":"product_cat-mitrinoss","7":"product_cat-problematiskai-adai-sejas-krems","8":"product_cat-sejas-krems","9":"berocket_brand-axis-y","10":"desktop-align-left","11":"tablet-align-left","12":"mobile-align-left","14":"first","15":"instock","16":"taxable","17":"shipping-taxable","18":"purchasable","19":"product-type-simple","20":"add-to-wishlist-before_image"},"yoast_head":"<!-- This site is optimized with the Yoast SEO plugin v27.4 - https:\/\/yoast.com\/product\/yoast-seo-wordpress\/ -->\n<title>AXIS-Y TXA 2.5% Intensive Brightening Cream 50ml - FACECORNER<\/title>\n<meta name=\"description\" content=\"Veiciet bl\u0101vuma un nepiln\u012bbu p\u0101rbaudi ar \u0161o augsti efekt\u012bvo \u0101das to\u0146a korekcijas l\u012bdzekli AXIS-Y TXA 2.5% Intensive Brightening Cream.\" \/>\n<meta name=\"robots\" content=\"index, follow, max-snippet:-1, max-image-preview:large, max-video-preview:-1\" \/>\n<link rel=\"canonical\" href=\"https:\/\/www.facecorner.lv\/en\/shop\/axis-y-txa-2-5-intensive-brightening-cream-50ml\/\" \/>\n<meta property=\"og:locale\" content=\"en_US\" \/>\n<meta property=\"og:type\" content=\"article\" \/>\n<meta property=\"og:title\" content=\"AXIS-Y TXA 2.5% Intensive Brightening Cream 50ml - FACECORNER\" \/>\n<meta property=\"og:description\" content=\"Veiciet bl\u0101vuma un nepiln\u012bbu p\u0101rbaudi ar \u0161o augsti efekt\u012bvo \u0101das to\u0146a korekcijas l\u012bdzekli AXIS-Y TXA 2.5% Intensive Brightening Cream.\" \/>\n<meta property=\"og:url\" content=\"https:\/\/www.facecorner.lv\/en\/shop\/axis-y-txa-2-5-intensive-brightening-cream-50ml\/\" \/>\n<meta property=\"og:site_name\" content=\"FACECORNER\" \/>\n<meta property=\"article:publisher\" content=\"https:\/\/www.facebook.com\/profile.php?id=100063824551839\" \/>\n<meta property=\"article:modified_time\" content=\"2026-03-03T16:04:35+00:00\" \/>\n<meta property=\"og:image\" content=\"https:\/\/www.facecorner.lv\/wp-content\/uploads\/2025\/10\/TXACream_Thumbnail_1-Photoroom.png\" \/>\n\t<meta property=\"og:image:width\" content=\"1024\" \/>\n\t<meta property=\"og:image:height\" content=\"1280\" \/>\n\t<meta property=\"og:image:type\" content=\"image\/png\" \/>\n<meta name=\"twitter:card\" content=\"summary_large_image\" \/>\n<meta name=\"twitter:label1\" content=\"Price\" \/>\n\t<meta name=\"twitter:data1\" content=\"&euro;23.00\" \/>\n\t<meta name=\"twitter:label2\" content=\"Availability\" \/>\n\t<meta name=\"twitter:data2\" content=\"In stock\" \/>\n<script type=\"application\/ld+json\" class=\"yoast-schema-graph\">{\"@context\":\"https:\\\/\\\/schema.org\",\"@graph\":[{\"@type\":\"WebPage\",\"@id\":\"https:\\\/\\\/www.facecorner.lv\\\/shop\\\/axis-y-txa-2-5-intensive-brightening-cream-50ml\\\/\",\"url\":\"https:\\\/\\\/www.facecorner.lv\\\/shop\\\/axis-y-txa-2-5-intensive-brightening-cream-50ml\\\/\",\"name\":\"AXIS-Y TXA 2.5% Intensive Brightening Cream 50ml - FACECORNER\",\"isPartOf\":{\"@id\":\"https:\\\/\\\/www.facecorner.lv\\\/#website\"},\"primaryImageOfPage\":{\"@id\":\"https:\\\/\\\/www.facecorner.lv\\\/shop\\\/axis-y-txa-2-5-intensive-brightening-cream-50ml\\\/#primaryimage\"},\"image\":{\"@id\":\"https:\\\/\\\/www.facecorner.lv\\\/shop\\\/axis-y-txa-2-5-intensive-brightening-cream-50ml\\\/#primaryimage\"},\"thumbnailUrl\":\"https:\\\/\\\/www.facecorner.lv\\\/wp-content\\\/uploads\\\/2025\\\/10\\\/TXACream_Thumbnail_1-Photoroom.png\",\"datePublished\":\"2025-10-29T14:42:11+00:00\",\"dateModified\":\"2026-03-03T16:04:35+00:00\",\"description\":\"Veiciet bl\u0101vuma un nepiln\u012bbu p\u0101rbaudi ar \u0161o augsti efekt\u012bvo \u0101das to\u0146a korekcijas l\u012bdzekli AXIS-Y TXA 2.5% Intensive Brightening Cream.\",\"breadcrumb\":{\"@id\":\"https:\\\/\\\/www.facecorner.lv\\\/shop\\\/axis-y-txa-2-5-intensive-brightening-cream-50ml\\\/#breadcrumb\"},\"inLanguage\":\"en-US\",\"potentialAction\":[{\"@type\":\"ReadAction\",\"target\":[\"https:\\\/\\\/www.facecorner.lv\\\/shop\\\/axis-y-txa-2-5-intensive-brightening-cream-50ml\\\/\"]}]},{\"@type\":\"ImageObject\",\"inLanguage\":\"en-US\",\"@id\":\"https:\\\/\\\/www.facecorner.lv\\\/shop\\\/axis-y-txa-2-5-intensive-brightening-cream-50ml\\\/#primaryimage\",\"url\":\"https:\\\/\\\/www.facecorner.lv\\\/wp-content\\\/uploads\\\/2025\\\/10\\\/TXACream_Thumbnail_1-Photoroom.png\",\"contentUrl\":\"https:\\\/\\\/www.facecorner.lv\\\/wp-content\\\/uploads\\\/2025\\\/10\\\/TXACream_Thumbnail_1-Photoroom.png\",\"width\":1024,\"height\":1280},{\"@type\":\"BreadcrumbList\",\"@id\":\"https:\\\/\\\/www.facecorner.lv\\\/shop\\\/axis-y-txa-2-5-intensive-brightening-cream-50ml\\\/#breadcrumb\",\"itemListElement\":[{\"@type\":\"ListItem\",\"position\":1,\"name\":\"Home\",\"item\":\"https:\\\/\\\/www.facecorner.lv\\\/\"},{\"@type\":\"ListItem\",\"position\":2,\"name\":\"Veikals\",\"item\":\"https:\\\/\\\/www.facecorner.lv\\\/shop\\\/\"},{\"@type\":\"ListItem\",\"position\":3,\"name\":\"AXIS-Y TXA 2.5% Intensive Brightening Cream 50ml\"}]},{\"@type\":\"WebSite\",\"@id\":\"https:\\\/\\\/www.facecorner.lv\\\/#website\",\"url\":\"https:\\\/\\\/www.facecorner.lv\\\/\",\"name\":\"Facecorner\",\"description\":\"\",\"publisher\":{\"@id\":\"https:\\\/\\\/www.facecorner.lv\\\/#organization\"},\"potentialAction\":[{\"@type\":\"SearchAction\",\"target\":{\"@type\":\"EntryPoint\",\"urlTemplate\":\"https:\\\/\\\/www.facecorner.lv\\\/?s={search_term_string}\"},\"query-input\":{\"@type\":\"PropertyValueSpecification\",\"valueRequired\":true,\"valueName\":\"search_term_string\"}}],\"inLanguage\":\"en-US\"},{\"@type\":\"Organization\",\"@id\":\"https:\\\/\\\/www.facecorner.lv\\\/#organization\",\"name\":\"Facecorner\",\"url\":\"https:\\\/\\\/www.facecorner.lv\\\/\",\"logo\":{\"@type\":\"ImageObject\",\"inLanguage\":\"en-US\",\"@id\":\"https:\\\/\\\/www.facecorner.lv\\\/#\\\/schema\\\/logo\\\/image\\\/\",\"url\":\"https:\\\/\\\/www.facecorner.lv\\\/wp-content\\\/uploads\\\/2024\\\/04\\\/fc-logo.jpg\",\"contentUrl\":\"https:\\\/\\\/www.facecorner.lv\\\/wp-content\\\/uploads\\\/2024\\\/04\\\/fc-logo.jpg\",\"width\":174,\"height\":28,\"caption\":\"Facecorner\"},\"image\":{\"@id\":\"https:\\\/\\\/www.facecorner.lv\\\/#\\\/schema\\\/logo\\\/image\\\/\"},\"sameAs\":[\"https:\\\/\\\/www.facebook.com\\\/profile.php?id=100063824551839\",\"https:\\\/\\\/www.instagram.com\\\/facecorner_shop\\\/\"]}]}<\/script>\n<meta property=\"product:price:amount\" content=\"23.00\" \/>\n<meta property=\"product:price:currency\" content=\"EUR\" \/>\n<meta property=\"og:availability\" content=\"instock\" \/>\n<meta property=\"product:availability\" content=\"instock\" \/>\n<meta property=\"product:condition\" content=\"new\" \/>\n<!-- \/ Yoast SEO plugin. -->","yoast_head_json":{"title":"AXIS-Y TXA 2.5% Intensive Brightening Cream 50ml - FACECORNER","description":"Veiciet bl\u0101vuma un nepiln\u012bbu p\u0101rbaudi ar \u0161o augsti efekt\u012bvo \u0101das to\u0146a korekcijas l\u012bdzekli AXIS-Y TXA 2.5% Intensive Brightening Cream.","robots":{"index":"index","follow":"follow","max-snippet":"max-snippet:-1","max-image-preview":"max-image-preview:large","max-video-preview":"max-video-preview:-1"},"canonical":"https:\/\/www.facecorner.lv\/en\/shop\/axis-y-txa-2-5-intensive-brightening-cream-50ml\/","og_locale":"en_US","og_type":"article","og_title":"AXIS-Y TXA 2.5% Intensive Brightening Cream 50ml - FACECORNER","og_description":"Veiciet bl\u0101vuma un nepiln\u012bbu p\u0101rbaudi ar \u0161o augsti efekt\u012bvo \u0101das to\u0146a korekcijas l\u012bdzekli AXIS-Y TXA 2.5% Intensive Brightening Cream.","og_url":"https:\/\/www.facecorner.lv\/en\/shop\/axis-y-txa-2-5-intensive-brightening-cream-50ml\/","og_site_name":"FACECORNER","article_publisher":"https:\/\/www.facebook.com\/profile.php?id=100063824551839","article_modified_time":"2026-03-03T16:04:35+00:00","og_image":[{"width":1024,"height":1280,"url":"https:\/\/www.facecorner.lv\/wp-content\/uploads\/2025\/10\/TXACream_Thumbnail_1-Photoroom.png","type":"image\/png"}],"twitter_card":"summary_large_image","twitter_misc":{"Price":"&euro;23.00","Availability":"In stock"},"schema":{"@context":"https:\/\/schema.org","@graph":[{"@type":"WebPage","@id":"https:\/\/www.facecorner.lv\/shop\/axis-y-txa-2-5-intensive-brightening-cream-50ml\/","url":"https:\/\/www.facecorner.lv\/shop\/axis-y-txa-2-5-intensive-brightening-cream-50ml\/","name":"AXIS-Y TXA 2.5% Intensive Brightening Cream 50ml - FACECORNER","isPartOf":{"@id":"https:\/\/www.facecorner.lv\/#website"},"primaryImageOfPage":{"@id":"https:\/\/www.facecorner.lv\/shop\/axis-y-txa-2-5-intensive-brightening-cream-50ml\/#primaryimage"},"image":{"@id":"https:\/\/www.facecorner.lv\/shop\/axis-y-txa-2-5-intensive-brightening-cream-50ml\/#primaryimage"},"thumbnailUrl":"https:\/\/www.facecorner.lv\/wp-content\/uploads\/2025\/10\/TXACream_Thumbnail_1-Photoroom.png","datePublished":"2025-10-29T14:42:11+00:00","dateModified":"2026-03-03T16:04:35+00:00","description":"Veiciet bl\u0101vuma un nepiln\u012bbu p\u0101rbaudi ar \u0161o augsti efekt\u012bvo \u0101das to\u0146a korekcijas l\u012bdzekli AXIS-Y TXA 2.5% Intensive Brightening Cream.","breadcrumb":{"@id":"https:\/\/www.facecorner.lv\/shop\/axis-y-txa-2-5-intensive-brightening-cream-50ml\/#breadcrumb"},"inLanguage":"en-US","potentialAction":[{"@type":"ReadAction","target":["https:\/\/www.facecorner.lv\/shop\/axis-y-txa-2-5-intensive-brightening-cream-50ml\/"]}]},{"@type":"ImageObject","inLanguage":"en-US","@id":"https:\/\/www.facecorner.lv\/shop\/axis-y-txa-2-5-intensive-brightening-cream-50ml\/#primaryimage","url":"https:\/\/www.facecorner.lv\/wp-content\/uploads\/2025\/10\/TXACream_Thumbnail_1-Photoroom.png","contentUrl":"https:\/\/www.facecorner.lv\/wp-content\/uploads\/2025\/10\/TXACream_Thumbnail_1-Photoroom.png","width":1024,"height":1280},{"@type":"BreadcrumbList","@id":"https:\/\/www.facecorner.lv\/shop\/axis-y-txa-2-5-intensive-brightening-cream-50ml\/#breadcrumb","itemListElement":[{"@type":"ListItem","position":1,"name":"Home","item":"https:\/\/www.facecorner.lv\/"},{"@type":"ListItem","position":2,"name":"Veikals","item":"https:\/\/www.facecorner.lv\/shop\/"},{"@type":"ListItem","position":3,"name":"AXIS-Y TXA 2.5% Intensive Brightening Cream 50ml"}]},{"@type":"WebSite","@id":"https:\/\/www.facecorner.lv\/#website","url":"https:\/\/www.facecorner.lv\/","name":"Facecorner","description":"","publisher":{"@id":"https:\/\/www.facecorner.lv\/#organization"},"potentialAction":[{"@type":"SearchAction","target":{"@type":"EntryPoint","urlTemplate":"https:\/\/www.facecorner.lv\/?s={search_term_string}"},"query-input":{"@type":"PropertyValueSpecification","valueRequired":true,"valueName":"search_term_string"}}],"inLanguage":"en-US"},{"@type":"Organization","@id":"https:\/\/www.facecorner.lv\/#organization","name":"Facecorner","url":"https:\/\/www.facecorner.lv\/","logo":{"@type":"ImageObject","inLanguage":"en-US","@id":"https:\/\/www.facecorner.lv\/#\/schema\/logo\/image\/","url":"https:\/\/www.facecorner.lv\/wp-content\/uploads\/2024\/04\/fc-logo.jpg","contentUrl":"https:\/\/www.facecorner.lv\/wp-content\/uploads\/2024\/04\/fc-logo.jpg","width":174,"height":28,"caption":"Facecorner"},"image":{"@id":"https:\/\/www.facecorner.lv\/#\/schema\/logo\/image\/"},"sameAs":["https:\/\/www.facebook.com\/profile.php?id=100063824551839","https:\/\/www.instagram.com\/facecorner_shop\/"]}]},"product_price_amount":"23.00","product_price_currency":"EUR","og_availability":"instock","product_availability":"instock","product_condition":"new"},"_links":{"self":[{"href":"https:\/\/www.facecorner.lv\/en\/wp-json\/wp\/v2\/product\/25836","targetHints":{"allow":["GET"]}}],"collection":[{"href":"https:\/\/www.facecorner.lv\/en\/wp-json\/wp\/v2\/product"}],"about":[{"href":"https:\/\/www.facecorner.lv\/en\/wp-json\/wp\/v2\/types\/product"}],"replies":[{"embeddable":true,"href":"https:\/\/www.facecorner.lv\/en\/wp-json\/wp\/v2\/comments?post=25836"}],"wp:featuredmedia":[{"embeddable":true,"href":"https:\/\/www.facecorner.lv\/en\/wp-json\/wp\/v2\/media\/25839"}],"wp:attachment":[{"href":"https:\/\/www.facecorner.lv\/en\/wp-json\/wp\/v2\/media?parent=25836"}],"wp:term":[{"taxonomy":"product_brand","embeddable":true,"href":"https:\/\/www.facecorner.lv\/en\/wp-json\/wp\/v2\/product_brand?post=25836"},{"taxonomy":"product_cat","embeddable":true,"href":"https:\/\/www.facecorner.lv\/en\/wp-json\/wp\/v2\/product_cat?post=25836"},{"taxonomy":"product_tag","embeddable":true,"href":"https:\/\/www.facecorner.lv\/en\/wp-json\/wp\/v2\/product_tag?post=25836"},{"taxonomy":"berocket_brand","embeddable":true,"href":"https:\/\/www.facecorner.lv\/en\/wp-json\/wp\/v2\/berocket_brand?post=25836"}],"curies":[{"name":"wp","href":"https:\/\/api.w.org\/{rel}","templated":true}]}}