{"id":25828,"date":"2025-10-29T16:19:43","date_gmt":"2025-10-29T13:19:43","guid":{"rendered":"https:\/\/www.facecorner.lv\/?post_type=product&#038;p=25828"},"modified":"2025-11-28T17:05:50","modified_gmt":"2025-11-28T14:05:50","slug":"pdrn-glow-essence-pack-vt-cosmetics-2ml-x-6ea","status":"publish","type":"product","link":"https:\/\/www.facecorner.lv\/en\/shop\/pdrn-glow-essence-pack-vt-cosmetics-2ml-x-6ea\/","title":{"rendered":"PDRN Glow Essence Pack VT Cosmetics 2ml x 6ea"},"content":{"rendered":"<p>PDRN Glow Essence Pack VT Cosmetics t\u0101 ir inovat\u012bva maska-esence, kas rad\u012bta, lai dzi\u013ci atjaunotu, mitrin\u0101tu un uzreiz pie\u0161\u0137irtu \u0101dai mirdzumu.<\/p>\n<p>Formula, kuras pamat\u0101 ir PDRN (polideoksiribonukleot\u012bds), komponents, kas ieg\u016bts no la\u0161u DNS, aktiviz\u0113 \u0161\u016bnu re\u0123ener\u0101cijas procesus, uzlabo \u0101das elast\u012bbu un tonusu, nov\u0113r\u0161 bl\u0101vumu un noguruma paz\u012bmes.<\/p>\n<p><strong>Galven\u0101s priek\u0161roc\u012bbas:<\/strong><\/p>\n<ul>\n<li>SastRegener\u0101cija un atjauno\u0161ana: stimul\u0113 kolag\u0113na ra\u017eo\u0161anu un \u0161\u016bnu atjauno\u0161anos.<\/li>\n<li>Intens\u012bva mitrin\u0101\u0161ana: pies\u0101tina \u0101du ar mitrumu un saglab\u0101 to uz ilgu laiku.<\/li>\n<li>Sp\u012bduma efekts: padara \u0101du gludu, elast\u012bgu un sp\u012bdo\u0161u no iek\u0161puses.<\/li>\n<li>Nomierino\u0161a iedarb\u012bba: samazina kairin\u0101jumu un aps\u0101rtumu, piem\u0113rota pat jut\u012bgai \u0101dai.<\/li>\n<\/ul>\n<p><strong>Piem\u0113rots:<\/strong> visiem \u0101das tipiem, \u012bpa\u0161i bl\u0101vai, dehidr\u0113tai un uz stresu tend\u0113tai \u0101dai.<\/p>\n<p><strong>How to use:<\/strong> Uzkl\u0101jiet masku-esenci uz att\u012br\u012btas sejas \u0101das, vienm\u0113r\u012bgi izl\u012bdziniet un atst\u0101jiet uz 15\u201320 min\u016bt\u0113m. P\u0113c no\u0146em\u0161anas atlikumus viegli iemas\u0113jiet, l\u012bdz tie piln\u012bb\u0101 ies\u016bcas.<\/p>\n<p><strong>Sast\u0101vs:<\/strong> Water, Glycerin, Butylene Glycol, Niacinamide, Polydeoxyribonucleotide (PDRN), Sodium Hyaluronate, Adenosine, Panthenol, Centella Asiatica Extract, Aloe Barbadensis Leaf Extract, Allantoin, Betaine, Hydrolyzed Collagen, 1,2-Hexanediol, Ethylhexylglycerin, Carbomer, Arginine, Disodium EDTA, Phenoxyethanol, Fragrance.<\/p>\n<p>&nbsp;<\/p>","protected":false},"excerpt":{"rendered":"<p>PDRN Glow Essence Pack VT Cosmetics t\u0101 ir inovat\u012bva maska-esence, kas rad\u012bta, lai dzi\u013ci atjaunotu, mitrin\u0101tu un uzreiz pie\u0161\u0137irtu \u0101dai mirdzumu. Formula, kuras pamat\u0101 ir PDRN (polideoksiribonukleot\u012bds), komponents, kas ieg\u016bts no la\u0161u DNS, aktiviz\u0113 \u0161\u016bnu re\u0123ener\u0101cijas procesus, uzlabo \u0101das elast\u012bbu un tonusu, nov\u0113r\u0161 bl\u0101vumu un noguruma paz\u012bmes. Galven\u0101s priek\u0161roc\u012bbas: SastRegener\u0101cija un atjauno\u0161ana: stimul\u0113 kolag\u0113na ra\u017eo\u0161anu [&hellip;]<\/p>\n","protected":false},"featured_media":25829,"comment_status":"open","ping_status":"closed","template":"","meta":{"site-sidebar-layout":"default","site-content-layout":"","ast-site-content-layout":"default","site-content-style":"default","site-sidebar-style":"default","ast-global-header-display":"","ast-banner-title-visibility":"","ast-main-header-display":"","ast-hfb-above-header-display":"","ast-hfb-below-header-display":"","ast-hfb-mobile-header-display":"","site-post-title":"","ast-breadcrumbs-content":"","ast-featured-img":"","footer-sml-layout":"","theme-transparent-header-meta":"default","adv-header-id-meta":"","stick-header-meta":"","header-above-stick-meta":"","header-main-stick-meta":"","header-below-stick-meta":"","astra-migrate-meta-layouts":"set","ast-page-background-enabled":"default","ast-page-background-meta":{"desktop":{"background-color":"var(--ast-global-color-4)","background-image":"","background-repeat":"repeat","background-position":"center center","background-size":"auto","background-attachment":"scroll","background-type":"","background-media":"","overlay-type":"","overlay-color":"","overlay-opacity":"","overlay-gradient":""},"tablet":{"background-color":"","background-image":"","background-repeat":"repeat","background-position":"center center","background-size":"auto","background-attachment":"scroll","background-type":"","background-media":"","overlay-type":"","overlay-color":"","overlay-opacity":"","overlay-gradient":""},"mobile":{"background-color":"","background-image":"","background-repeat":"repeat","background-position":"center center","background-size":"auto","background-attachment":"scroll","background-type":"","background-media":"","overlay-type":"","overlay-color":"","overlay-opacity":"","overlay-gradient":""}},"ast-content-background-meta":{"desktop":{"background-color":"var(--ast-global-color-5)","background-image":"","background-repeat":"repeat","background-position":"center center","background-size":"auto","background-attachment":"scroll","background-type":"","background-media":"","overlay-type":"","overlay-color":"","overlay-opacity":"","overlay-gradient":""},"tablet":{"background-color":"var(--ast-global-color-5)","background-image":"","background-repeat":"repeat","background-position":"center center","background-size":"auto","background-attachment":"scroll","background-type":"","background-media":"","overlay-type":"","overlay-color":"","overlay-opacity":"","overlay-gradient":""},"mobile":{"background-color":"var(--ast-global-color-5)","background-image":"","background-repeat":"repeat","background-position":"center center","background-size":"auto","background-attachment":"scroll","background-type":"","background-media":"","overlay-type":"","overlay-color":"","overlay-opacity":"","overlay-gradient":""}}},"product_brand":[],"product_cat":[370,371,652,363],"product_tag":[],"berocket_brand":[582],"class_list":{"0":"post-25828","1":"product","2":"type-product","3":"status-publish","4":"has-post-thumbnail","6":"product_cat-adas-mirdzumam","7":"product_cat-anti-age","8":"product_cat-pdrn","9":"product_cat-serumi","10":"berocket_brand-vt","11":"desktop-align-left","12":"tablet-align-left","13":"mobile-align-left","15":"first","16":"outofstock","17":"sale","18":"taxable","19":"shipping-taxable","20":"purchasable","21":"product-type-simple","22":"add-to-wishlist-before_image"},"yoast_head":"<!-- This site is optimized with the Yoast SEO plugin v27.4 - https:\/\/yoast.com\/product\/yoast-seo-wordpress\/ -->\n<title>PDRN Glow Essence Pack VT Cosmetics 2ml x 6ea - FACECORNER<\/title>\n<meta name=\"robots\" content=\"index, follow, max-snippet:-1, max-image-preview:large, max-video-preview:-1\" \/>\n<link rel=\"canonical\" href=\"https:\/\/www.facecorner.lv\/en\/shop\/pdrn-glow-essence-pack-vt-cosmetics-2ml-x-6ea\/\" \/>\n<meta property=\"og:locale\" content=\"en_US\" \/>\n<meta property=\"og:type\" content=\"article\" \/>\n<meta property=\"og:title\" content=\"PDRN Glow Essence Pack VT Cosmetics 2ml x 6ea - FACECORNER\" \/>\n<meta property=\"og:description\" content=\"PDRN Glow Essence Pack VT Cosmetics t\u0101 ir inovat\u012bva maska-esence, kas rad\u012bta, lai dzi\u013ci atjaunotu, mitrin\u0101tu un uzreiz pie\u0161\u0137irtu \u0101dai mirdzumu. Formula, kuras pamat\u0101 ir PDRN (polideoksiribonukleot\u012bds), komponents, kas ieg\u016bts no la\u0161u DNS, aktiviz\u0113 \u0161\u016bnu re\u0123ener\u0101cijas procesus, uzlabo \u0101das elast\u012bbu un tonusu, nov\u0113r\u0161 bl\u0101vumu un noguruma paz\u012bmes. Galven\u0101s priek\u0161roc\u012bbas: SastRegener\u0101cija un atjauno\u0161ana: stimul\u0113 kolag\u0113na ra\u017eo\u0161anu [&hellip;]\" \/>\n<meta property=\"og:url\" content=\"https:\/\/www.facecorner.lv\/en\/shop\/pdrn-glow-essence-pack-vt-cosmetics-2ml-x-6ea\/\" \/>\n<meta property=\"og:site_name\" content=\"FACECORNER\" \/>\n<meta property=\"article:publisher\" content=\"https:\/\/www.facebook.com\/profile.php?id=100063824551839\" \/>\n<meta property=\"article:modified_time\" content=\"2025-11-28T14:05:50+00:00\" \/>\n<meta property=\"og:image\" content=\"https:\/\/www.facecorner.lv\/wp-content\/uploads\/2025\/10\/product.31477.175213488466387.jpg\" \/>\n\t<meta property=\"og:image:width\" content=\"500\" \/>\n\t<meta property=\"og:image:height\" content=\"500\" \/>\n\t<meta property=\"og:image:type\" content=\"image\/jpeg\" \/>\n<meta name=\"twitter:card\" content=\"summary_large_image\" \/>\n<meta name=\"twitter:label1\" content=\"Price\" \/>\n\t<meta name=\"twitter:data1\" content=\"&euro;9.99\" \/>\n\t<meta name=\"twitter:label2\" content=\"Availability\" \/>\n\t<meta name=\"twitter:data2\" content=\"Out of stock\" \/>\n<script type=\"application\/ld+json\" class=\"yoast-schema-graph\">{\"@context\":\"https:\\\/\\\/schema.org\",\"@graph\":[{\"@type\":\"WebPage\",\"@id\":\"https:\\\/\\\/www.facecorner.lv\\\/shop\\\/pdrn-glow-essence-pack-vt-cosmetics-2ml-x-6ea\\\/\",\"url\":\"https:\\\/\\\/www.facecorner.lv\\\/shop\\\/pdrn-glow-essence-pack-vt-cosmetics-2ml-x-6ea\\\/\",\"name\":\"PDRN Glow Essence Pack VT Cosmetics 2ml x 6ea - FACECORNER\",\"isPartOf\":{\"@id\":\"https:\\\/\\\/www.facecorner.lv\\\/#website\"},\"primaryImageOfPage\":{\"@id\":\"https:\\\/\\\/www.facecorner.lv\\\/shop\\\/pdrn-glow-essence-pack-vt-cosmetics-2ml-x-6ea\\\/#primaryimage\"},\"image\":{\"@id\":\"https:\\\/\\\/www.facecorner.lv\\\/shop\\\/pdrn-glow-essence-pack-vt-cosmetics-2ml-x-6ea\\\/#primaryimage\"},\"thumbnailUrl\":\"https:\\\/\\\/www.facecorner.lv\\\/wp-content\\\/uploads\\\/2025\\\/10\\\/product.31477.175213488466387.jpg\",\"datePublished\":\"2025-10-29T13:19:43+00:00\",\"dateModified\":\"2025-11-28T14:05:50+00:00\",\"breadcrumb\":{\"@id\":\"https:\\\/\\\/www.facecorner.lv\\\/shop\\\/pdrn-glow-essence-pack-vt-cosmetics-2ml-x-6ea\\\/#breadcrumb\"},\"inLanguage\":\"en-US\",\"potentialAction\":[{\"@type\":\"ReadAction\",\"target\":[\"https:\\\/\\\/www.facecorner.lv\\\/shop\\\/pdrn-glow-essence-pack-vt-cosmetics-2ml-x-6ea\\\/\"]}]},{\"@type\":\"ImageObject\",\"inLanguage\":\"en-US\",\"@id\":\"https:\\\/\\\/www.facecorner.lv\\\/shop\\\/pdrn-glow-essence-pack-vt-cosmetics-2ml-x-6ea\\\/#primaryimage\",\"url\":\"https:\\\/\\\/www.facecorner.lv\\\/wp-content\\\/uploads\\\/2025\\\/10\\\/product.31477.175213488466387.jpg\",\"contentUrl\":\"https:\\\/\\\/www.facecorner.lv\\\/wp-content\\\/uploads\\\/2025\\\/10\\\/product.31477.175213488466387.jpg\",\"width\":500,\"height\":500,\"caption\":\"PDRN Glow Essence Pack VT Cosmetics\"},{\"@type\":\"BreadcrumbList\",\"@id\":\"https:\\\/\\\/www.facecorner.lv\\\/shop\\\/pdrn-glow-essence-pack-vt-cosmetics-2ml-x-6ea\\\/#breadcrumb\",\"itemListElement\":[{\"@type\":\"ListItem\",\"position\":1,\"name\":\"Home\",\"item\":\"https:\\\/\\\/www.facecorner.lv\\\/\"},{\"@type\":\"ListItem\",\"position\":2,\"name\":\"Veikals\",\"item\":\"https:\\\/\\\/www.facecorner.lv\\\/shop\\\/\"},{\"@type\":\"ListItem\",\"position\":3,\"name\":\"PDRN Glow Essence Pack VT Cosmetics 2ml x 6ea\"}]},{\"@type\":\"WebSite\",\"@id\":\"https:\\\/\\\/www.facecorner.lv\\\/#website\",\"url\":\"https:\\\/\\\/www.facecorner.lv\\\/\",\"name\":\"Facecorner\",\"description\":\"\",\"publisher\":{\"@id\":\"https:\\\/\\\/www.facecorner.lv\\\/#organization\"},\"potentialAction\":[{\"@type\":\"SearchAction\",\"target\":{\"@type\":\"EntryPoint\",\"urlTemplate\":\"https:\\\/\\\/www.facecorner.lv\\\/?s={search_term_string}\"},\"query-input\":{\"@type\":\"PropertyValueSpecification\",\"valueRequired\":true,\"valueName\":\"search_term_string\"}}],\"inLanguage\":\"en-US\"},{\"@type\":\"Organization\",\"@id\":\"https:\\\/\\\/www.facecorner.lv\\\/#organization\",\"name\":\"Facecorner\",\"url\":\"https:\\\/\\\/www.facecorner.lv\\\/\",\"logo\":{\"@type\":\"ImageObject\",\"inLanguage\":\"en-US\",\"@id\":\"https:\\\/\\\/www.facecorner.lv\\\/#\\\/schema\\\/logo\\\/image\\\/\",\"url\":\"https:\\\/\\\/www.facecorner.lv\\\/wp-content\\\/uploads\\\/2024\\\/04\\\/fc-logo.jpg\",\"contentUrl\":\"https:\\\/\\\/www.facecorner.lv\\\/wp-content\\\/uploads\\\/2024\\\/04\\\/fc-logo.jpg\",\"width\":174,\"height\":28,\"caption\":\"Facecorner\"},\"image\":{\"@id\":\"https:\\\/\\\/www.facecorner.lv\\\/#\\\/schema\\\/logo\\\/image\\\/\"},\"sameAs\":[\"https:\\\/\\\/www.facebook.com\\\/profile.php?id=100063824551839\",\"https:\\\/\\\/www.instagram.com\\\/facecorner_shop\\\/\"]}]}<\/script>\n<meta property=\"product:price:amount\" content=\"9.99\" \/>\n<meta property=\"product:price:currency\" content=\"EUR\" \/>\n<meta property=\"og:availability\" content=\"out of stock\" \/>\n<meta property=\"product:availability\" content=\"out of stock\" \/>\n<meta property=\"product:condition\" content=\"new\" \/>\n<!-- \/ Yoast SEO plugin. -->","yoast_head_json":{"title":"PDRN Glow Essence Pack VT Cosmetics 2ml x 6ea - FACECORNER","robots":{"index":"index","follow":"follow","max-snippet":"max-snippet:-1","max-image-preview":"max-image-preview:large","max-video-preview":"max-video-preview:-1"},"canonical":"https:\/\/www.facecorner.lv\/en\/shop\/pdrn-glow-essence-pack-vt-cosmetics-2ml-x-6ea\/","og_locale":"en_US","og_type":"article","og_title":"PDRN Glow Essence Pack VT Cosmetics 2ml x 6ea - FACECORNER","og_description":"PDRN Glow Essence Pack VT Cosmetics t\u0101 ir inovat\u012bva maska-esence, kas rad\u012bta, lai dzi\u013ci atjaunotu, mitrin\u0101tu un uzreiz pie\u0161\u0137irtu \u0101dai mirdzumu. Formula, kuras pamat\u0101 ir PDRN (polideoksiribonukleot\u012bds), komponents, kas ieg\u016bts no la\u0161u DNS, aktiviz\u0113 \u0161\u016bnu re\u0123ener\u0101cijas procesus, uzlabo \u0101das elast\u012bbu un tonusu, nov\u0113r\u0161 bl\u0101vumu un noguruma paz\u012bmes. Galven\u0101s priek\u0161roc\u012bbas: SastRegener\u0101cija un atjauno\u0161ana: stimul\u0113 kolag\u0113na ra\u017eo\u0161anu [&hellip;]","og_url":"https:\/\/www.facecorner.lv\/en\/shop\/pdrn-glow-essence-pack-vt-cosmetics-2ml-x-6ea\/","og_site_name":"FACECORNER","article_publisher":"https:\/\/www.facebook.com\/profile.php?id=100063824551839","article_modified_time":"2025-11-28T14:05:50+00:00","og_image":[{"width":500,"height":500,"url":"https:\/\/www.facecorner.lv\/wp-content\/uploads\/2025\/10\/product.31477.175213488466387.jpg","type":"image\/jpeg"}],"twitter_card":"summary_large_image","twitter_misc":{"Price":"&euro;9.99","Availability":"Out of stock"},"schema":{"@context":"https:\/\/schema.org","@graph":[{"@type":"WebPage","@id":"https:\/\/www.facecorner.lv\/shop\/pdrn-glow-essence-pack-vt-cosmetics-2ml-x-6ea\/","url":"https:\/\/www.facecorner.lv\/shop\/pdrn-glow-essence-pack-vt-cosmetics-2ml-x-6ea\/","name":"PDRN Glow Essence Pack VT Cosmetics 2ml x 6ea - FACECORNER","isPartOf":{"@id":"https:\/\/www.facecorner.lv\/#website"},"primaryImageOfPage":{"@id":"https:\/\/www.facecorner.lv\/shop\/pdrn-glow-essence-pack-vt-cosmetics-2ml-x-6ea\/#primaryimage"},"image":{"@id":"https:\/\/www.facecorner.lv\/shop\/pdrn-glow-essence-pack-vt-cosmetics-2ml-x-6ea\/#primaryimage"},"thumbnailUrl":"https:\/\/www.facecorner.lv\/wp-content\/uploads\/2025\/10\/product.31477.175213488466387.jpg","datePublished":"2025-10-29T13:19:43+00:00","dateModified":"2025-11-28T14:05:50+00:00","breadcrumb":{"@id":"https:\/\/www.facecorner.lv\/shop\/pdrn-glow-essence-pack-vt-cosmetics-2ml-x-6ea\/#breadcrumb"},"inLanguage":"en-US","potentialAction":[{"@type":"ReadAction","target":["https:\/\/www.facecorner.lv\/shop\/pdrn-glow-essence-pack-vt-cosmetics-2ml-x-6ea\/"]}]},{"@type":"ImageObject","inLanguage":"en-US","@id":"https:\/\/www.facecorner.lv\/shop\/pdrn-glow-essence-pack-vt-cosmetics-2ml-x-6ea\/#primaryimage","url":"https:\/\/www.facecorner.lv\/wp-content\/uploads\/2025\/10\/product.31477.175213488466387.jpg","contentUrl":"https:\/\/www.facecorner.lv\/wp-content\/uploads\/2025\/10\/product.31477.175213488466387.jpg","width":500,"height":500,"caption":"PDRN Glow Essence Pack VT Cosmetics"},{"@type":"BreadcrumbList","@id":"https:\/\/www.facecorner.lv\/shop\/pdrn-glow-essence-pack-vt-cosmetics-2ml-x-6ea\/#breadcrumb","itemListElement":[{"@type":"ListItem","position":1,"name":"Home","item":"https:\/\/www.facecorner.lv\/"},{"@type":"ListItem","position":2,"name":"Veikals","item":"https:\/\/www.facecorner.lv\/shop\/"},{"@type":"ListItem","position":3,"name":"PDRN Glow Essence Pack VT Cosmetics 2ml x 6ea"}]},{"@type":"WebSite","@id":"https:\/\/www.facecorner.lv\/#website","url":"https:\/\/www.facecorner.lv\/","name":"Facecorner","description":"","publisher":{"@id":"https:\/\/www.facecorner.lv\/#organization"},"potentialAction":[{"@type":"SearchAction","target":{"@type":"EntryPoint","urlTemplate":"https:\/\/www.facecorner.lv\/?s={search_term_string}"},"query-input":{"@type":"PropertyValueSpecification","valueRequired":true,"valueName":"search_term_string"}}],"inLanguage":"en-US"},{"@type":"Organization","@id":"https:\/\/www.facecorner.lv\/#organization","name":"Facecorner","url":"https:\/\/www.facecorner.lv\/","logo":{"@type":"ImageObject","inLanguage":"en-US","@id":"https:\/\/www.facecorner.lv\/#\/schema\/logo\/image\/","url":"https:\/\/www.facecorner.lv\/wp-content\/uploads\/2024\/04\/fc-logo.jpg","contentUrl":"https:\/\/www.facecorner.lv\/wp-content\/uploads\/2024\/04\/fc-logo.jpg","width":174,"height":28,"caption":"Facecorner"},"image":{"@id":"https:\/\/www.facecorner.lv\/#\/schema\/logo\/image\/"},"sameAs":["https:\/\/www.facebook.com\/profile.php?id=100063824551839","https:\/\/www.instagram.com\/facecorner_shop\/"]}]},"product_price_amount":"9.99","product_price_currency":"EUR","og_availability":"out of stock","product_availability":"out of stock","product_condition":"new"},"_links":{"self":[{"href":"https:\/\/www.facecorner.lv\/en\/wp-json\/wp\/v2\/product\/25828","targetHints":{"allow":["GET"]}}],"collection":[{"href":"https:\/\/www.facecorner.lv\/en\/wp-json\/wp\/v2\/product"}],"about":[{"href":"https:\/\/www.facecorner.lv\/en\/wp-json\/wp\/v2\/types\/product"}],"replies":[{"embeddable":true,"href":"https:\/\/www.facecorner.lv\/en\/wp-json\/wp\/v2\/comments?post=25828"}],"wp:featuredmedia":[{"embeddable":true,"href":"https:\/\/www.facecorner.lv\/en\/wp-json\/wp\/v2\/media\/25829"}],"wp:attachment":[{"href":"https:\/\/www.facecorner.lv\/en\/wp-json\/wp\/v2\/media?parent=25828"}],"wp:term":[{"taxonomy":"product_brand","embeddable":true,"href":"https:\/\/www.facecorner.lv\/en\/wp-json\/wp\/v2\/product_brand?post=25828"},{"taxonomy":"product_cat","embeddable":true,"href":"https:\/\/www.facecorner.lv\/en\/wp-json\/wp\/v2\/product_cat?post=25828"},{"taxonomy":"product_tag","embeddable":true,"href":"https:\/\/www.facecorner.lv\/en\/wp-json\/wp\/v2\/product_tag?post=25828"},{"taxonomy":"berocket_brand","embeddable":true,"href":"https:\/\/www.facecorner.lv\/en\/wp-json\/wp\/v2\/berocket_brand?post=25828"}],"curies":[{"name":"wp","href":"https:\/\/api.w.org\/{rel}","templated":true}]}}