{"id":25812,"date":"2025-10-28T15:59:00","date_gmt":"2025-10-28T12:59:00","guid":{"rendered":"https:\/\/www.facecorner.lv\/?post_type=product&#038;p=25812"},"modified":"2025-11-03T18:49:15","modified_gmt":"2025-11-03T15:49:15","slug":"vt-cosmetics-reedle-shot-universe-kit-2ml45ea","status":"publish","type":"product","link":"https:\/\/www.facecorner.lv\/en\/shop\/vt-cosmetics-reedle-shot-universe-kit-2ml45ea\/","title":{"rendered":"VT COSMETICS Reedle Shot Universe Kit 2ml*45EA"},"content":{"rendered":"<p>Ien\u0101ciet prec\u012bz\u0101s \u0101das kop\u0161anas pasaul\u0113 ar VT COSMETICS Reedle Shot Universe Kit\u00a0 \u2014 izv\u0113l\u0113tu 9 uzlabotu ampulu kolekciju, kas izstr\u0101d\u0101ta, izmantojot mikrospikulu tehnolo\u0123iju.<\/p>\n<p>Neatkar\u012bgi no t\u0101, vai esat jauns Reedle lietot\u0101js vai gatavs piel\u0101got savu \u0101das kop\u0161anas rut\u012bnu, \u0161is univers\u0101lais komplekts \u013caus jums izm\u0113\u0123in\u0101t m\u0113r\u0137tiec\u012bgas formulas, kas izstr\u0101d\u0101tas, lai redzami att\u012br\u012btu, izgaismotu, nomierin\u0101tu, nostiprin\u0101tu un mitrin\u0101tu j\u016bsu \u0101du.<\/p>\n<p>Katr\u0101 vienreizlietojamaj\u0101 ampul\u0101 ir VT firmas z\u012bmols Cica Reedle\u2122, n\u0101kam\u0101s paaudzes mikroneedling sist\u0113ma, kas uzlabo absorbciju un stimul\u0113 \u0101das atjauno\u0161anos bez agres\u012bvas abrazijas. No retinola kop\u0161anas l\u012bdz dzi\u013cai mitrin\u0101\u0161anai, katr\u0101 formul\u0101 ir sp\u0113c\u012bgi akt\u012bv\u0101s vielas, piem\u0113ram, PDRN, kolag\u0113ns un C vitam\u012bns, lai apmierin\u0101tu j\u016bsu \u0101das main\u012bg\u0101s vajadz\u012bbas.<\/p>\n<ul>\n<li>Reedle Shot 50 \u2013 ikdienas s\u0101kotn\u0113j\u0101 kop\u0161ana<\/li>\n<li>Reedle Shot 100 \u2013 maiga virsmas atjauno\u0161ana + sp\u012bduma uzlabo\u0161ana<\/li>\n<li>Reedle Shot 300 \u2013 intens\u012bva nostiep\u0161ana un izl\u012bdzin\u0101\u0161ana<\/li>\n<li>PDRN \u2013 elast\u012bba un vitalit\u0101te ar savva\u013cas \u017een\u0161e\u0146u<\/li>\n<li>Pro Cica \u2013 nomierino\u0161a un barjeras kop\u0161ana<\/li>\n<li>Kolag\u0113ns \u2013 elast\u012bbu uzlabojo\u0161s prote\u012bnu uzlabojums<\/li>\n<li>Vita-Light \u2013 starojo\u0161a izgaismo\u0161ana ar C vitam\u012bnu<\/li>\n<li>Reti-A \u2013 maiga poru kop\u0161ana ar retinolu<\/li>\n<li>Hydrop \u2013 dzi\u013ca mitrin\u0101\u0161ana ar nano HA kapsul\u0101m<\/li>\n<\/ul>\n<p><strong>How to use:<\/strong> R\u016bp\u012bgi not\u012briet seju.Uzkl\u0101jiet vienm\u0113r\u012bgi visu viena maisi\u0146a saturu, izvairoties no acu un l\u016bpu zonas.Viegli ieklopojiet \u0101d\u0101 \u2014 viegla tirp\u0161anas saj\u016bta ir norm\u0101la.Pirms uzkl\u0101t citu \u0101das kop\u0161anas l\u012bdzekli, pagaidiet 10\u201315 min\u016btes.Ja nepiecie\u0161ams, uzkl\u0101jiet nomierino\u0161u vai barjeras kr\u0113mu.Neskalojiet \u2014 atst\u0101jiet uz nakti.Lietojiet 2\u20133 reizes ned\u0113\u013c\u0101. Shot 300 vai Reti-A lietojiet reizi 3\u20135 dien\u0101s.<br \/>\nN\u0101kamaj\u0101 r\u012bt\u0101 uzkl\u0101jiet saules aizsargkr\u0113mu.<\/p>\n<p class=\"translation-block\">Sast\u0101vs:<\/p>\n<div class=\"drawer\">\n<div class=\"accordion-item accordion-item-active\">\n<div id=\"tab-ingredients\" class=\"accordion-content\">\n<p><strong>Mild Reedle Shot 50<\/strong><br \/>\nPurified Water, Dipropylene Glycol, Glycerin, Niacinamide, Butylene Glycol, Macadamia Integrifolia Seed Oil, 1,2-Hexanediol, Ethylhexyl Palmitate, Sodium Polyacrylate, Sodium Acrylate\/Sodium Acryloyldimethyl Taurate Copolymer, Polyisobutene, Glycereth-26, Silica, Ethylhexylglycerin, Caprylyl Glycol, Adenosine, Sodium Hyaluronate, Caprylyl\/Capryl Glucoside, Sorbitan Oleate, Centella Asiatica Extract, Glyceryl Glucoside, Xanthan Gum, Aloe Barbadensis Leaf Extract, Glucose, Astaxanthin, Propolis Extract, Asiaticoside, Madecassoside, Madecassic Acid, Asiatic Acid.<\/p>\n<p><strong>Reedle Shot 100<\/strong><br \/>\nWater, Dipropylene Glycol, Glycerin, Niacinamide, Butylene Glycol, Macadamia Integrifolia Seed Oil, 1,2-Hexanediol, Ethylhexyl Palmitate, Sodium Polyacrylate, Sodium Acrylate\/Sodium Acryloyldimethyl Taurate Copolymer, Polyisobutene, Glycereth-26, Silica, Ethylhexylglycerin, Caprylyl Glycol, Adenosine, Sodium Hyaluronate, Centella Asiatica Extract, Aloe Barbadensis Leaf Extract, Glucose, Propolis Extract, Asiaticoside, Madecassoside, Madecassic Acid, Asiatic Acid.<\/p>\n<p><strong>Reedle Shot 300<\/strong><br \/>\nWater, Dipropylene Glycol, Glycerin, Niacinamide, Macadamia Integrifolia Seed Oil, 1,2-Hexanediol, Silica, Sodium Hyaluronate, Centella Asiatica Extract, Aloe Barbadensis Leaf Extract, Propolis Extract, Lactic Acid, Glycolic Acid, Salicylic Acid, Gluconolactone, Allantoin, Adenosine, Panthenol, Ethylhexylglycerin, Caprylyl Glycol, C13-14 Isoparaffin, Laureth-7, Polyacrylamide.<\/p>\n<p><strong>Reedle Shot 100 PDRN<\/strong><br \/>\nWater, Dipropylene Glycol, Glycerin, Niacinamide, Sodium DNA (PDRN), Ginseng Root Extract, Butylene Glycol, 1,2-Hexanediol, Centella Asiatica Extract, Sodium Hyaluronate, Silica, Adenosine, Propolis Extract, Macadamia Seed Oil, Aloe Leaf Extract, Asiaticoside, Madecassoside, Madecassic Acid, Asiatic Acid.<\/p>\n<p><strong>Reedle Shot 100 Pro Cica<\/strong><br \/>\nWater, Dipropylene Glycol, Glycerin, Niacinamide, Centella Asiatica Leaf Water, Butylene Glycol, Propolis Extract, Panthenol, 1,2-Hexanediol, Asiaticoside, Madecassoside, Madecassic Acid, Asiatic Acid, Sodium Hyaluronate, Macadamia Seed Oil, Adenosine, Silica.<\/p>\n<p><strong>Reedle Shot 100 Collagen<\/strong><br \/>\nWater, Dipropylene Glycol, Glycerin, Hydrolyzed Collagen, Niacinamide, Butylene Glycol, Macadamia Seed Oil, 1,2-Hexanediol, Silica, Centella Asiatica Extract, Aloe Barbadensis Leaf Extract, Propolis Extract, Sodium Hyaluronate, Adenosine, Ceramide NP, Panthenol, Ethylhexylglycerin.<\/p>\n<p><strong>Reedle Shot 100 Vita-Light<\/strong><br \/>\nWater, Dipropylene Glycol, Glycerin, Niacinamide, Ascorbic Acid, Turmeric Root Extract, Butylene Glycol, 1,2-Hexanediol, Centella Asiatica Extract, Sodium Hyaluronate, Macadamia Seed Oil, Silica, Adenosine, Propolis Extract, Vitamin E (Tocopherol), Aloe Leaf Extract.<\/p>\n<p><strong>Reedle Shot 100 Reti-A<\/strong><br \/>\nWater, Dipropylene Glycol, Glycerin, Retinol, Hydroxypinacolone Retinoate, Bakuchiol, Niacinamide, Butylene Glycol, 1,2-Hexanediol, Vitis Vinifera (Grape) Fruit Extract, Glycyrrhiza Glabra (Licorice) Root Extract, Camellia Sinensis Leaf Extract, Sodium Hyaluronate, Centella Asiatica Extract, Silica, Macadamia Seed Oil, Aloe Barbadensis Leaf Extract, Propolis Extract, Adenosine.<\/p>\n<p><strong>Reedle Shot 100 Hydrop<\/strong><br \/>\nWater, Dipropylene Glycol, Glycerin, Niacinamide, Sodium Hyaluronate, Hydrolyzed Hyaluronic Acid, Sodium Acetylated Hyaluronate, Panthenol, Betaine, Centella Asiatica Extract, Aloe Leaf Extract, Macadamia Seed Oil, 1,2-Hexanediol, Silica, Propolis Extract, Adenosine, Ethylhexylglycerin.<\/p>\n<\/div>\n<\/div>\n<\/div>\n<div class=\"drawer\">\n<div class=\"accordion-item\">\n<div class=\"accordion-header\"><\/div>\n<\/div>\n<\/div>","protected":false},"excerpt":{"rendered":"<p>Ien\u0101ciet prec\u012bz\u0101s \u0101das kop\u0161anas pasaul\u0113 ar VT COSMETICS Reedle Shot Universe Kit\u00a0 \u2014 izv\u0113l\u0113tu 9 uzlabotu ampulu kolekciju, kas izstr\u0101d\u0101ta, izmantojot mikrospikulu tehnolo\u0123iju.<\/p>","protected":false},"featured_media":25813,"comment_status":"open","ping_status":"closed","template":"","meta":{"site-sidebar-layout":"default","site-content-layout":"","ast-site-content-layout":"default","site-content-style":"default","site-sidebar-style":"default","ast-global-header-display":"","ast-banner-title-visibility":"","ast-main-header-display":"","ast-hfb-above-header-display":"","ast-hfb-below-header-display":"","ast-hfb-mobile-header-display":"","site-post-title":"","ast-breadcrumbs-content":"","ast-featured-img":"","footer-sml-layout":"","theme-transparent-header-meta":"default","adv-header-id-meta":"","stick-header-meta":"","header-above-stick-meta":"","header-main-stick-meta":"","header-below-stick-meta":"","astra-migrate-meta-layouts":"set","ast-page-background-enabled":"default","ast-page-background-meta":{"desktop":{"background-color":"var(--ast-global-color-4)","background-image":"","background-repeat":"repeat","background-position":"center center","background-size":"auto","background-attachment":"scroll","background-type":"","background-media":"","overlay-type":"","overlay-color":"","overlay-opacity":"","overlay-gradient":""},"tablet":{"background-color":"","background-image":"","background-repeat":"repeat","background-position":"center center","background-size":"auto","background-attachment":"scroll","background-type":"","background-media":"","overlay-type":"","overlay-color":"","overlay-opacity":"","overlay-gradient":""},"mobile":{"background-color":"","background-image":"","background-repeat":"repeat","background-position":"center center","background-size":"auto","background-attachment":"scroll","background-type":"","background-media":"","overlay-type":"","overlay-color":"","overlay-opacity":"","overlay-gradient":""}},"ast-content-background-meta":{"desktop":{"background-color":"var(--ast-global-color-5)","background-image":"","background-repeat":"repeat","background-position":"center center","background-size":"auto","background-attachment":"scroll","background-type":"","background-media":"","overlay-type":"","overlay-color":"","overlay-opacity":"","overlay-gradient":""},"tablet":{"background-color":"var(--ast-global-color-5)","background-image":"","background-repeat":"repeat","background-position":"center center","background-size":"auto","background-attachment":"scroll","background-type":"","background-media":"","overlay-type":"","overlay-color":"","overlay-opacity":"","overlay-gradient":""},"mobile":{"background-color":"var(--ast-global-color-5)","background-image":"","background-repeat":"repeat","background-position":"center center","background-size":"auto","background-attachment":"scroll","background-type":"","background-media":"","overlay-type":"","overlay-color":"","overlay-opacity":"","overlay-gradient":""}}},"product_brand":[],"product_cat":[652,363],"product_tag":[],"berocket_brand":[582],"class_list":{"0":"post-25812","1":"product","2":"type-product","3":"status-publish","4":"has-post-thumbnail","6":"product_cat-pdrn","7":"product_cat-serumi","8":"berocket_brand-vt","9":"desktop-align-left","10":"tablet-align-left","11":"mobile-align-left","13":"first","14":"outofstock","15":"taxable","16":"shipping-taxable","17":"purchasable","18":"product-type-simple","19":"add-to-wishlist-before_image"},"yoast_head":"<!-- This site is optimized with the Yoast SEO plugin v27.4 - https:\/\/yoast.com\/product\/yoast-seo-wordpress\/ -->\n<title>VT COSMETICS Reedle Shot Universe Kit 2ml*45EA - FACECORNER<\/title>\n<meta name=\"description\" content=\"Ien\u0101ciet prec\u012bz\u0101s \u0101das kop\u0161anas pasaul\u0113 ar VT COSMETICS Reedle Shot Universe Kit\u00a0 \u2014 izv\u0113l\u0113tu 9 uzlabotu ampulu kolekciju, kas izstr\u0101d\u0101ta, izmantojot mikrospikulu tehnolo\u0123iju.\" \/>\n<meta name=\"robots\" content=\"index, follow, max-snippet:-1, max-image-preview:large, max-video-preview:-1\" \/>\n<link rel=\"canonical\" href=\"https:\/\/www.facecorner.lv\/en\/shop\/vt-cosmetics-reedle-shot-universe-kit-2ml45ea\/\" \/>\n<meta property=\"og:locale\" content=\"en_US\" \/>\n<meta property=\"og:type\" content=\"article\" \/>\n<meta property=\"og:title\" content=\"VT COSMETICS Reedle Shot Universe Kit 2ml*45EA - FACECORNER\" \/>\n<meta property=\"og:description\" content=\"Ien\u0101ciet prec\u012bz\u0101s \u0101das kop\u0161anas pasaul\u0113 ar VT COSMETICS Reedle Shot Universe Kit\u00a0 \u2014 izv\u0113l\u0113tu 9 uzlabotu ampulu kolekciju, kas izstr\u0101d\u0101ta, izmantojot mikrospikulu tehnolo\u0123iju.\" \/>\n<meta property=\"og:url\" content=\"https:\/\/www.facecorner.lv\/en\/shop\/vt-cosmetics-reedle-shot-universe-kit-2ml45ea\/\" \/>\n<meta property=\"og:site_name\" content=\"FACECORNER\" \/>\n<meta property=\"article:publisher\" content=\"https:\/\/www.facebook.com\/profile.php?id=100063824551839\" \/>\n<meta property=\"article:modified_time\" content=\"2025-11-03T15:49:15+00:00\" \/>\n<meta property=\"og:image\" content=\"https:\/\/www.facecorner.lv\/wp-content\/uploads\/2025\/10\/VT-COSMETICS-Reedle-Universe-Kit-1.png\" \/>\n\t<meta property=\"og:image:width\" content=\"1024\" \/>\n\t<meta property=\"og:image:height\" content=\"768\" \/>\n\t<meta property=\"og:image:type\" content=\"image\/png\" \/>\n<meta name=\"twitter:card\" content=\"summary_large_image\" \/>\n<meta name=\"twitter:label1\" content=\"Price\" \/>\n\t<meta name=\"twitter:data1\" content=\"&euro;42.87\" \/>\n\t<meta name=\"twitter:label2\" content=\"Availability\" \/>\n\t<meta name=\"twitter:data2\" content=\"Out of stock\" \/>\n<script type=\"application\/ld+json\" class=\"yoast-schema-graph\">{\"@context\":\"https:\\\/\\\/schema.org\",\"@graph\":[{\"@type\":\"WebPage\",\"@id\":\"https:\\\/\\\/www.facecorner.lv\\\/shop\\\/vt-cosmetics-reedle-shot-universe-kit-2ml45ea\\\/\",\"url\":\"https:\\\/\\\/www.facecorner.lv\\\/shop\\\/vt-cosmetics-reedle-shot-universe-kit-2ml45ea\\\/\",\"name\":\"VT COSMETICS Reedle Shot Universe Kit 2ml*45EA - FACECORNER\",\"isPartOf\":{\"@id\":\"https:\\\/\\\/www.facecorner.lv\\\/#website\"},\"primaryImageOfPage\":{\"@id\":\"https:\\\/\\\/www.facecorner.lv\\\/shop\\\/vt-cosmetics-reedle-shot-universe-kit-2ml45ea\\\/#primaryimage\"},\"image\":{\"@id\":\"https:\\\/\\\/www.facecorner.lv\\\/shop\\\/vt-cosmetics-reedle-shot-universe-kit-2ml45ea\\\/#primaryimage\"},\"thumbnailUrl\":\"https:\\\/\\\/www.facecorner.lv\\\/wp-content\\\/uploads\\\/2025\\\/10\\\/VT-COSMETICS-Reedle-Universe-Kit-1.png\",\"datePublished\":\"2025-10-28T12:59:00+00:00\",\"dateModified\":\"2025-11-03T15:49:15+00:00\",\"description\":\"Ien\u0101ciet prec\u012bz\u0101s \u0101das kop\u0161anas pasaul\u0113 ar VT COSMETICS Reedle Shot Universe Kit\u00a0 \u2014 izv\u0113l\u0113tu 9 uzlabotu ampulu kolekciju, kas izstr\u0101d\u0101ta, izmantojot mikrospikulu tehnolo\u0123iju.\",\"breadcrumb\":{\"@id\":\"https:\\\/\\\/www.facecorner.lv\\\/shop\\\/vt-cosmetics-reedle-shot-universe-kit-2ml45ea\\\/#breadcrumb\"},\"inLanguage\":\"en-US\",\"potentialAction\":[{\"@type\":\"ReadAction\",\"target\":[\"https:\\\/\\\/www.facecorner.lv\\\/shop\\\/vt-cosmetics-reedle-shot-universe-kit-2ml45ea\\\/\"]}]},{\"@type\":\"ImageObject\",\"inLanguage\":\"en-US\",\"@id\":\"https:\\\/\\\/www.facecorner.lv\\\/shop\\\/vt-cosmetics-reedle-shot-universe-kit-2ml45ea\\\/#primaryimage\",\"url\":\"https:\\\/\\\/www.facecorner.lv\\\/wp-content\\\/uploads\\\/2025\\\/10\\\/VT-COSMETICS-Reedle-Universe-Kit-1.png\",\"contentUrl\":\"https:\\\/\\\/www.facecorner.lv\\\/wp-content\\\/uploads\\\/2025\\\/10\\\/VT-COSMETICS-Reedle-Universe-Kit-1.png\",\"width\":1024,\"height\":768,\"caption\":\"VT COSMETICS Reedle Shot Universe Kit\"},{\"@type\":\"BreadcrumbList\",\"@id\":\"https:\\\/\\\/www.facecorner.lv\\\/shop\\\/vt-cosmetics-reedle-shot-universe-kit-2ml45ea\\\/#breadcrumb\",\"itemListElement\":[{\"@type\":\"ListItem\",\"position\":1,\"name\":\"Home\",\"item\":\"https:\\\/\\\/www.facecorner.lv\\\/\"},{\"@type\":\"ListItem\",\"position\":2,\"name\":\"Veikals\",\"item\":\"https:\\\/\\\/www.facecorner.lv\\\/shop\\\/\"},{\"@type\":\"ListItem\",\"position\":3,\"name\":\"VT COSMETICS Reedle Shot Universe Kit 2ml*45EA\"}]},{\"@type\":\"WebSite\",\"@id\":\"https:\\\/\\\/www.facecorner.lv\\\/#website\",\"url\":\"https:\\\/\\\/www.facecorner.lv\\\/\",\"name\":\"Facecorner\",\"description\":\"\",\"publisher\":{\"@id\":\"https:\\\/\\\/www.facecorner.lv\\\/#organization\"},\"potentialAction\":[{\"@type\":\"SearchAction\",\"target\":{\"@type\":\"EntryPoint\",\"urlTemplate\":\"https:\\\/\\\/www.facecorner.lv\\\/?s={search_term_string}\"},\"query-input\":{\"@type\":\"PropertyValueSpecification\",\"valueRequired\":true,\"valueName\":\"search_term_string\"}}],\"inLanguage\":\"en-US\"},{\"@type\":\"Organization\",\"@id\":\"https:\\\/\\\/www.facecorner.lv\\\/#organization\",\"name\":\"Facecorner\",\"url\":\"https:\\\/\\\/www.facecorner.lv\\\/\",\"logo\":{\"@type\":\"ImageObject\",\"inLanguage\":\"en-US\",\"@id\":\"https:\\\/\\\/www.facecorner.lv\\\/#\\\/schema\\\/logo\\\/image\\\/\",\"url\":\"https:\\\/\\\/www.facecorner.lv\\\/wp-content\\\/uploads\\\/2024\\\/04\\\/fc-logo.jpg\",\"contentUrl\":\"https:\\\/\\\/www.facecorner.lv\\\/wp-content\\\/uploads\\\/2024\\\/04\\\/fc-logo.jpg\",\"width\":174,\"height\":28,\"caption\":\"Facecorner\"},\"image\":{\"@id\":\"https:\\\/\\\/www.facecorner.lv\\\/#\\\/schema\\\/logo\\\/image\\\/\"},\"sameAs\":[\"https:\\\/\\\/www.facebook.com\\\/profile.php?id=100063824551839\",\"https:\\\/\\\/www.instagram.com\\\/facecorner_shop\\\/\"]}]}<\/script>\n<meta property=\"product:price:amount\" content=\"42.87\" \/>\n<meta property=\"product:price:currency\" content=\"EUR\" \/>\n<meta property=\"og:availability\" content=\"out of stock\" \/>\n<meta property=\"product:availability\" content=\"out of stock\" \/>\n<meta property=\"product:condition\" content=\"new\" \/>\n<!-- \/ Yoast SEO plugin. -->","yoast_head_json":{"title":"VT COSMETICS Reedle Shot Universe Kit 2ml*45EA - FACECORNER","description":"Ien\u0101ciet prec\u012bz\u0101s \u0101das kop\u0161anas pasaul\u0113 ar VT COSMETICS Reedle Shot Universe Kit\u00a0 \u2014 izv\u0113l\u0113tu 9 uzlabotu ampulu kolekciju, kas izstr\u0101d\u0101ta, izmantojot mikrospikulu tehnolo\u0123iju.","robots":{"index":"index","follow":"follow","max-snippet":"max-snippet:-1","max-image-preview":"max-image-preview:large","max-video-preview":"max-video-preview:-1"},"canonical":"https:\/\/www.facecorner.lv\/en\/shop\/vt-cosmetics-reedle-shot-universe-kit-2ml45ea\/","og_locale":"en_US","og_type":"article","og_title":"VT COSMETICS Reedle Shot Universe Kit 2ml*45EA - FACECORNER","og_description":"Ien\u0101ciet prec\u012bz\u0101s \u0101das kop\u0161anas pasaul\u0113 ar VT COSMETICS Reedle Shot Universe Kit\u00a0 \u2014 izv\u0113l\u0113tu 9 uzlabotu ampulu kolekciju, kas izstr\u0101d\u0101ta, izmantojot mikrospikulu tehnolo\u0123iju.","og_url":"https:\/\/www.facecorner.lv\/en\/shop\/vt-cosmetics-reedle-shot-universe-kit-2ml45ea\/","og_site_name":"FACECORNER","article_publisher":"https:\/\/www.facebook.com\/profile.php?id=100063824551839","article_modified_time":"2025-11-03T15:49:15+00:00","og_image":[{"width":1024,"height":768,"url":"https:\/\/www.facecorner.lv\/wp-content\/uploads\/2025\/10\/VT-COSMETICS-Reedle-Universe-Kit-1.png","type":"image\/png"}],"twitter_card":"summary_large_image","twitter_misc":{"Price":"&euro;42.87","Availability":"Out of stock"},"schema":{"@context":"https:\/\/schema.org","@graph":[{"@type":"WebPage","@id":"https:\/\/www.facecorner.lv\/shop\/vt-cosmetics-reedle-shot-universe-kit-2ml45ea\/","url":"https:\/\/www.facecorner.lv\/shop\/vt-cosmetics-reedle-shot-universe-kit-2ml45ea\/","name":"VT COSMETICS Reedle Shot Universe Kit 2ml*45EA - FACECORNER","isPartOf":{"@id":"https:\/\/www.facecorner.lv\/#website"},"primaryImageOfPage":{"@id":"https:\/\/www.facecorner.lv\/shop\/vt-cosmetics-reedle-shot-universe-kit-2ml45ea\/#primaryimage"},"image":{"@id":"https:\/\/www.facecorner.lv\/shop\/vt-cosmetics-reedle-shot-universe-kit-2ml45ea\/#primaryimage"},"thumbnailUrl":"https:\/\/www.facecorner.lv\/wp-content\/uploads\/2025\/10\/VT-COSMETICS-Reedle-Universe-Kit-1.png","datePublished":"2025-10-28T12:59:00+00:00","dateModified":"2025-11-03T15:49:15+00:00","description":"Ien\u0101ciet prec\u012bz\u0101s \u0101das kop\u0161anas pasaul\u0113 ar VT COSMETICS Reedle Shot Universe Kit\u00a0 \u2014 izv\u0113l\u0113tu 9 uzlabotu ampulu kolekciju, kas izstr\u0101d\u0101ta, izmantojot mikrospikulu tehnolo\u0123iju.","breadcrumb":{"@id":"https:\/\/www.facecorner.lv\/shop\/vt-cosmetics-reedle-shot-universe-kit-2ml45ea\/#breadcrumb"},"inLanguage":"en-US","potentialAction":[{"@type":"ReadAction","target":["https:\/\/www.facecorner.lv\/shop\/vt-cosmetics-reedle-shot-universe-kit-2ml45ea\/"]}]},{"@type":"ImageObject","inLanguage":"en-US","@id":"https:\/\/www.facecorner.lv\/shop\/vt-cosmetics-reedle-shot-universe-kit-2ml45ea\/#primaryimage","url":"https:\/\/www.facecorner.lv\/wp-content\/uploads\/2025\/10\/VT-COSMETICS-Reedle-Universe-Kit-1.png","contentUrl":"https:\/\/www.facecorner.lv\/wp-content\/uploads\/2025\/10\/VT-COSMETICS-Reedle-Universe-Kit-1.png","width":1024,"height":768,"caption":"VT COSMETICS Reedle Shot Universe Kit"},{"@type":"BreadcrumbList","@id":"https:\/\/www.facecorner.lv\/shop\/vt-cosmetics-reedle-shot-universe-kit-2ml45ea\/#breadcrumb","itemListElement":[{"@type":"ListItem","position":1,"name":"Home","item":"https:\/\/www.facecorner.lv\/"},{"@type":"ListItem","position":2,"name":"Veikals","item":"https:\/\/www.facecorner.lv\/shop\/"},{"@type":"ListItem","position":3,"name":"VT COSMETICS Reedle Shot Universe Kit 2ml*45EA"}]},{"@type":"WebSite","@id":"https:\/\/www.facecorner.lv\/#website","url":"https:\/\/www.facecorner.lv\/","name":"Facecorner","description":"","publisher":{"@id":"https:\/\/www.facecorner.lv\/#organization"},"potentialAction":[{"@type":"SearchAction","target":{"@type":"EntryPoint","urlTemplate":"https:\/\/www.facecorner.lv\/?s={search_term_string}"},"query-input":{"@type":"PropertyValueSpecification","valueRequired":true,"valueName":"search_term_string"}}],"inLanguage":"en-US"},{"@type":"Organization","@id":"https:\/\/www.facecorner.lv\/#organization","name":"Facecorner","url":"https:\/\/www.facecorner.lv\/","logo":{"@type":"ImageObject","inLanguage":"en-US","@id":"https:\/\/www.facecorner.lv\/#\/schema\/logo\/image\/","url":"https:\/\/www.facecorner.lv\/wp-content\/uploads\/2024\/04\/fc-logo.jpg","contentUrl":"https:\/\/www.facecorner.lv\/wp-content\/uploads\/2024\/04\/fc-logo.jpg","width":174,"height":28,"caption":"Facecorner"},"image":{"@id":"https:\/\/www.facecorner.lv\/#\/schema\/logo\/image\/"},"sameAs":["https:\/\/www.facebook.com\/profile.php?id=100063824551839","https:\/\/www.instagram.com\/facecorner_shop\/"]}]},"product_price_amount":"42.87","product_price_currency":"EUR","og_availability":"out of stock","product_availability":"out of stock","product_condition":"new"},"_links":{"self":[{"href":"https:\/\/www.facecorner.lv\/en\/wp-json\/wp\/v2\/product\/25812","targetHints":{"allow":["GET"]}}],"collection":[{"href":"https:\/\/www.facecorner.lv\/en\/wp-json\/wp\/v2\/product"}],"about":[{"href":"https:\/\/www.facecorner.lv\/en\/wp-json\/wp\/v2\/types\/product"}],"replies":[{"embeddable":true,"href":"https:\/\/www.facecorner.lv\/en\/wp-json\/wp\/v2\/comments?post=25812"}],"wp:featuredmedia":[{"embeddable":true,"href":"https:\/\/www.facecorner.lv\/en\/wp-json\/wp\/v2\/media\/25813"}],"wp:attachment":[{"href":"https:\/\/www.facecorner.lv\/en\/wp-json\/wp\/v2\/media?parent=25812"}],"wp:term":[{"taxonomy":"product_brand","embeddable":true,"href":"https:\/\/www.facecorner.lv\/en\/wp-json\/wp\/v2\/product_brand?post=25812"},{"taxonomy":"product_cat","embeddable":true,"href":"https:\/\/www.facecorner.lv\/en\/wp-json\/wp\/v2\/product_cat?post=25812"},{"taxonomy":"product_tag","embeddable":true,"href":"https:\/\/www.facecorner.lv\/en\/wp-json\/wp\/v2\/product_tag?post=25812"},{"taxonomy":"berocket_brand","embeddable":true,"href":"https:\/\/www.facecorner.lv\/en\/wp-json\/wp\/v2\/berocket_brand?post=25812"}],"curies":[{"name":"wp","href":"https:\/\/api.w.org\/{rel}","templated":true}]}}