{"id":25712,"date":"2025-10-23T15:22:20","date_gmt":"2025-10-23T12:22:20","guid":{"rendered":"https:\/\/www.facecorner.lv\/?post_type=product&#038;p=25712"},"modified":"2026-02-04T15:04:52","modified_gmt":"2026-02-04T12:04:52","slug":"arencia-black-tea-rice-mochi-120g","status":"publish","type":"product","link":"https:\/\/www.facecorner.lv\/en\/shop\/arencia-black-tea-rice-mochi-120g\/","title":{"rendered":"Arencia Black Tea Rice Mochi 120g"},"content":{"rendered":"<p>Arencia Black Tea Rice Mochi barojo\u0161s att\u012bro\u0161s balzams, kas maigi no\u0146em grimu un net\u012brumus, neiz\u017e\u016bdinot \u0101du.<\/p>\n<p>Formula ar meln\u0101 t\u0113jas un ferment\u0113ta r\u012bsa ekstraktu ir bag\u0101ta ar antioksidantiem un vitam\u012bniem, kas pal\u012bdz uzlabot \u0101das toni un tekst\u016bru.<\/p>\n<p>P\u0113c lieto\u0161anas \u0101da paliek t\u012bra, gluda un mitrin\u0101ta, bez saspringuma saj\u016btas.<\/p>\n<p><strong>It is a total care mask that tightens the skin.<\/strong><\/p>\n<ul>\n<li>Melnais t\u0113jas ekstrakts (Black Tea Extract) \u2014 sp\u0113c\u012bgs antioksidants, kas aizsarg\u0101 \u0101du no noveco\u0161an\u0101s un bl\u0101vuma.<\/li>\n<li>R\u012bsu ekstrakts un ferment\u0113ti r\u012bsi \u2014 izgaismo un baro \u0101du, pie\u0161\u0137ir tai vesel\u012bgu mirdzumu.<\/li>\n<li>\u0160\u012b un jojobas e\u013c\u013cas \u2014 dzi\u013ci mitrina un m\u012bkstina \u0101du.<\/li>\n<li>Vitam\u012bns E \u2014 aizsarg\u0101 no br\u012bvajiem radik\u0101\u013ciem un uztur elast\u012bbu.<\/li>\n<\/ul>\n<p><strong>Priek\u0161roc\u012bbas:<\/strong><\/p>\n<ul>\n<li>\u00a0Efekt\u012bvi no\u0146em grimu un SPF<\/li>\n<li>\u00a0Neiz\u017e\u0101v\u0113 \u0101du, piem\u0113rots jut\u012bgai \u0101dai<\/li>\n<li>\u00a0Veg\u0101na formula, bez miner\u0101le\u013c\u013c\u0101m un parab\u0113niem<\/li>\n<li>\u00a0Padara \u0101du maigu, svaigu un l\u012bdzsvarotu<\/li>\n<\/ul>\n<p><strong>How to use: <\/strong>Ar saus\u0101m rok\u0101m uzkl\u0101jiet nelielu daudzumu balzama, izkaus\u0113jiet to plaukst\u0101s un maigi iemas\u0113jiet sej\u0101, lai iz\u0161\u0137\u012bdin\u0101tu kosm\u0113tiku. Pievienojiet nedaudz \u016bdens, lai emulg\u0113tu l\u012bdzekli, p\u0113c tam noskalojiet ar siltu \u016bdeni.<\/p>\n<p><strong>Sast\u0101vs:<\/strong> Ethylhexyl Palmitate, Caprylic\/Capric Triglyceride, Sorbitan Sesquioleate, PEG-20 Glyceryl Triisostearate, Oryza Sativa (Rice) Extract, Camellia Sinensis (Black Tea) Leaf Extract, Butyrospermum Parkii (Shea) Butter, Simmondsia Chinensis (Jojoba) Seed Oil, Tocopheryl Acetate (Vitamin E), 1,2-Hexanediol, Fragrance.<\/p>","protected":false},"excerpt":{"rendered":"<p>Arencia Black Tea Rice Mochi barojo\u0161s att\u012bro\u0161s balzams, kas maigi no\u0146em grimu un net\u012brumus, neiz\u017e\u016bdinot \u0101du.<\/p>","protected":false},"featured_media":25715,"comment_status":"open","ping_status":"closed","template":"","meta":{"site-sidebar-layout":"default","site-content-layout":"","ast-site-content-layout":"default","site-content-style":"default","site-sidebar-style":"default","ast-global-header-display":"","ast-banner-title-visibility":"","ast-main-header-display":"","ast-hfb-above-header-display":"","ast-hfb-below-header-display":"","ast-hfb-mobile-header-display":"","site-post-title":"","ast-breadcrumbs-content":"","ast-featured-img":"","footer-sml-layout":"","theme-transparent-header-meta":"default","adv-header-id-meta":"","stick-header-meta":"","header-above-stick-meta":"","header-main-stick-meta":"","header-below-stick-meta":"","astra-migrate-meta-layouts":"set","ast-page-background-enabled":"default","ast-page-background-meta":{"desktop":{"background-color":"var(--ast-global-color-4)","background-image":"","background-repeat":"repeat","background-position":"center center","background-size":"auto","background-attachment":"scroll","background-type":"","background-media":"","overlay-type":"","overlay-color":"","overlay-opacity":"","overlay-gradient":""},"tablet":{"background-color":"","background-image":"","background-repeat":"repeat","background-position":"center center","background-size":"auto","background-attachment":"scroll","background-type":"","background-media":"","overlay-type":"","overlay-color":"","overlay-opacity":"","overlay-gradient":""},"mobile":{"background-color":"","background-image":"","background-repeat":"repeat","background-position":"center center","background-size":"auto","background-attachment":"scroll","background-type":"","background-media":"","overlay-type":"","overlay-color":"","overlay-opacity":"","overlay-gradient":""}},"ast-content-background-meta":{"desktop":{"background-color":"var(--ast-global-color-5)","background-image":"","background-repeat":"repeat","background-position":"center center","background-size":"auto","background-attachment":"scroll","background-type":"","background-media":"","overlay-type":"","overlay-color":"","overlay-opacity":"","overlay-gradient":""},"tablet":{"background-color":"var(--ast-global-color-5)","background-image":"","background-repeat":"repeat","background-position":"center center","background-size":"auto","background-attachment":"scroll","background-type":"","background-media":"","overlay-type":"","overlay-color":"","overlay-opacity":"","overlay-gradient":""},"mobile":{"background-color":"var(--ast-global-color-5)","background-image":"","background-repeat":"repeat","background-position":"center center","background-size":"auto","background-attachment":"scroll","background-type":"","background-media":"","overlay-type":"","overlay-color":"","overlay-opacity":"","overlay-gradient":""}}},"product_brand":[634],"product_cat":[310,311,313,317],"product_tag":[],"berocket_brand":[635],"class_list":{"0":"post-25712","1":"product","2":"type-product","3":"status-publish","4":"has-post-thumbnail","6":"product_brand-arencia","7":"product_cat-attirisana","8":"product_cat-jutigai-adai-attirisana","9":"product_cat-problematiskai-adai-attirisana","10":"product_cat-sausai-adai-attirisana","11":"berocket_brand-arencia","12":"desktop-align-left","13":"tablet-align-left","14":"mobile-align-left","16":"first","17":"instock","18":"taxable","19":"shipping-taxable","20":"purchasable","21":"product-type-simple","22":"add-to-wishlist-before_image"},"yoast_head":"<!-- This site is optimized with the Yoast SEO plugin v27.4 - https:\/\/yoast.com\/product\/yoast-seo-wordpress\/ -->\n<title>Arencia Black Tea Rice Mochi 120g - FACECORNER<\/title>\n<meta name=\"description\" content=\"Arencia Black Tea Rice Mochi barojo\u0161s att\u012bro\u0161s balzams, kas maigi no\u0146em grimu un net\u012brumus, neiz\u017e\u016bdinot \u0101du.\" \/>\n<meta name=\"robots\" content=\"index, follow, max-snippet:-1, max-image-preview:large, max-video-preview:-1\" \/>\n<link rel=\"canonical\" href=\"https:\/\/www.facecorner.lv\/en\/shop\/arencia-black-tea-rice-mochi-120g\/\" \/>\n<meta property=\"og:locale\" content=\"en_US\" \/>\n<meta property=\"og:type\" content=\"article\" \/>\n<meta property=\"og:title\" content=\"Arencia Black Tea Rice Mochi 120g - FACECORNER\" \/>\n<meta property=\"og:description\" content=\"Arencia Black Tea Rice Mochi barojo\u0161s att\u012bro\u0161s balzams, kas maigi no\u0146em grimu un net\u012brumus, neiz\u017e\u016bdinot \u0101du.\" \/>\n<meta property=\"og:url\" content=\"https:\/\/www.facecorner.lv\/en\/shop\/arencia-black-tea-rice-mochi-120g\/\" \/>\n<meta property=\"og:site_name\" content=\"FACECORNER\" \/>\n<meta property=\"article:publisher\" content=\"https:\/\/www.facebook.com\/profile.php?id=100063824551839\" \/>\n<meta property=\"article:modified_time\" content=\"2026-02-04T12:04:52+00:00\" \/>\n<meta property=\"og:image\" content=\"https:\/\/www.facecorner.lv\/wp-content\/uploads\/2025\/10\/BlackTea_YuzuCleanser1_1200x1200.webp\" \/>\n\t<meta property=\"og:image:width\" content=\"1080\" \/>\n\t<meta property=\"og:image:height\" content=\"1080\" \/>\n\t<meta property=\"og:image:type\" content=\"image\/webp\" \/>\n<meta name=\"twitter:card\" content=\"summary_large_image\" \/>\n<meta name=\"twitter:label1\" content=\"Price\" \/>\n\t<meta name=\"twitter:data1\" content=\"&euro;28.90\" \/>\n\t<meta name=\"twitter:label2\" content=\"Availability\" \/>\n\t<meta name=\"twitter:data2\" content=\"In stock\" \/>\n<script type=\"application\/ld+json\" class=\"yoast-schema-graph\">{\"@context\":\"https:\\\/\\\/schema.org\",\"@graph\":[{\"@type\":\"WebPage\",\"@id\":\"https:\\\/\\\/www.facecorner.lv\\\/shop\\\/arencia-black-tea-rice-mochi-120g\\\/\",\"url\":\"https:\\\/\\\/www.facecorner.lv\\\/shop\\\/arencia-black-tea-rice-mochi-120g\\\/\",\"name\":\"Arencia Black Tea Rice Mochi 120g - FACECORNER\",\"isPartOf\":{\"@id\":\"https:\\\/\\\/www.facecorner.lv\\\/#website\"},\"primaryImageOfPage\":{\"@id\":\"https:\\\/\\\/www.facecorner.lv\\\/shop\\\/arencia-black-tea-rice-mochi-120g\\\/#primaryimage\"},\"image\":{\"@id\":\"https:\\\/\\\/www.facecorner.lv\\\/shop\\\/arencia-black-tea-rice-mochi-120g\\\/#primaryimage\"},\"thumbnailUrl\":\"https:\\\/\\\/www.facecorner.lv\\\/wp-content\\\/uploads\\\/2025\\\/10\\\/BlackTea_YuzuCleanser1_1200x1200.webp\",\"datePublished\":\"2025-10-23T12:22:20+00:00\",\"dateModified\":\"2026-02-04T12:04:52+00:00\",\"description\":\"Arencia Black Tea Rice Mochi barojo\u0161s att\u012bro\u0161s balzams, kas maigi no\u0146em grimu un net\u012brumus, neiz\u017e\u016bdinot \u0101du.\",\"breadcrumb\":{\"@id\":\"https:\\\/\\\/www.facecorner.lv\\\/shop\\\/arencia-black-tea-rice-mochi-120g\\\/#breadcrumb\"},\"inLanguage\":\"en-US\",\"potentialAction\":[{\"@type\":\"ReadAction\",\"target\":[\"https:\\\/\\\/www.facecorner.lv\\\/shop\\\/arencia-black-tea-rice-mochi-120g\\\/\"]}]},{\"@type\":\"ImageObject\",\"inLanguage\":\"en-US\",\"@id\":\"https:\\\/\\\/www.facecorner.lv\\\/shop\\\/arencia-black-tea-rice-mochi-120g\\\/#primaryimage\",\"url\":\"https:\\\/\\\/www.facecorner.lv\\\/wp-content\\\/uploads\\\/2025\\\/10\\\/BlackTea_YuzuCleanser1_1200x1200.webp\",\"contentUrl\":\"https:\\\/\\\/www.facecorner.lv\\\/wp-content\\\/uploads\\\/2025\\\/10\\\/BlackTea_YuzuCleanser1_1200x1200.webp\",\"width\":1080,\"height\":1080},{\"@type\":\"BreadcrumbList\",\"@id\":\"https:\\\/\\\/www.facecorner.lv\\\/shop\\\/arencia-black-tea-rice-mochi-120g\\\/#breadcrumb\",\"itemListElement\":[{\"@type\":\"ListItem\",\"position\":1,\"name\":\"Home\",\"item\":\"https:\\\/\\\/www.facecorner.lv\\\/\"},{\"@type\":\"ListItem\",\"position\":2,\"name\":\"Veikals\",\"item\":\"https:\\\/\\\/www.facecorner.lv\\\/shop\\\/\"},{\"@type\":\"ListItem\",\"position\":3,\"name\":\"Arencia Black Tea Rice Mochi 120g\"}]},{\"@type\":\"WebSite\",\"@id\":\"https:\\\/\\\/www.facecorner.lv\\\/#website\",\"url\":\"https:\\\/\\\/www.facecorner.lv\\\/\",\"name\":\"Facecorner\",\"description\":\"\",\"publisher\":{\"@id\":\"https:\\\/\\\/www.facecorner.lv\\\/#organization\"},\"potentialAction\":[{\"@type\":\"SearchAction\",\"target\":{\"@type\":\"EntryPoint\",\"urlTemplate\":\"https:\\\/\\\/www.facecorner.lv\\\/?s={search_term_string}\"},\"query-input\":{\"@type\":\"PropertyValueSpecification\",\"valueRequired\":true,\"valueName\":\"search_term_string\"}}],\"inLanguage\":\"en-US\"},{\"@type\":\"Organization\",\"@id\":\"https:\\\/\\\/www.facecorner.lv\\\/#organization\",\"name\":\"Facecorner\",\"url\":\"https:\\\/\\\/www.facecorner.lv\\\/\",\"logo\":{\"@type\":\"ImageObject\",\"inLanguage\":\"en-US\",\"@id\":\"https:\\\/\\\/www.facecorner.lv\\\/#\\\/schema\\\/logo\\\/image\\\/\",\"url\":\"https:\\\/\\\/www.facecorner.lv\\\/wp-content\\\/uploads\\\/2024\\\/04\\\/fc-logo.jpg\",\"contentUrl\":\"https:\\\/\\\/www.facecorner.lv\\\/wp-content\\\/uploads\\\/2024\\\/04\\\/fc-logo.jpg\",\"width\":174,\"height\":28,\"caption\":\"Facecorner\"},\"image\":{\"@id\":\"https:\\\/\\\/www.facecorner.lv\\\/#\\\/schema\\\/logo\\\/image\\\/\"},\"sameAs\":[\"https:\\\/\\\/www.facebook.com\\\/profile.php?id=100063824551839\",\"https:\\\/\\\/www.instagram.com\\\/facecorner_shop\\\/\"]}]}<\/script>\n<meta property=\"product:brand\" content=\"Arencia\" \/>\n<meta property=\"product:price:amount\" content=\"28.90\" \/>\n<meta property=\"product:price:currency\" content=\"EUR\" \/>\n<meta property=\"og:availability\" content=\"instock\" \/>\n<meta property=\"product:availability\" content=\"instock\" \/>\n<meta property=\"product:condition\" content=\"new\" \/>\n<!-- \/ Yoast SEO plugin. -->","yoast_head_json":{"title":"Arencia Black Tea Rice Mochi 120g - FACECORNER","description":"Arencia Black Tea Rice Mochi barojo\u0161s att\u012bro\u0161s balzams, kas maigi no\u0146em grimu un net\u012brumus, neiz\u017e\u016bdinot \u0101du.","robots":{"index":"index","follow":"follow","max-snippet":"max-snippet:-1","max-image-preview":"max-image-preview:large","max-video-preview":"max-video-preview:-1"},"canonical":"https:\/\/www.facecorner.lv\/en\/shop\/arencia-black-tea-rice-mochi-120g\/","og_locale":"en_US","og_type":"article","og_title":"Arencia Black Tea Rice Mochi 120g - FACECORNER","og_description":"Arencia Black Tea Rice Mochi barojo\u0161s att\u012bro\u0161s balzams, kas maigi no\u0146em grimu un net\u012brumus, neiz\u017e\u016bdinot \u0101du.","og_url":"https:\/\/www.facecorner.lv\/en\/shop\/arencia-black-tea-rice-mochi-120g\/","og_site_name":"FACECORNER","article_publisher":"https:\/\/www.facebook.com\/profile.php?id=100063824551839","article_modified_time":"2026-02-04T12:04:52+00:00","og_image":[{"width":1080,"height":1080,"url":"https:\/\/www.facecorner.lv\/wp-content\/uploads\/2025\/10\/BlackTea_YuzuCleanser1_1200x1200.webp","type":"image\/webp"}],"twitter_card":"summary_large_image","twitter_misc":{"Price":"&euro;28.90","Availability":"In stock"},"schema":{"@context":"https:\/\/schema.org","@graph":[{"@type":"WebPage","@id":"https:\/\/www.facecorner.lv\/shop\/arencia-black-tea-rice-mochi-120g\/","url":"https:\/\/www.facecorner.lv\/shop\/arencia-black-tea-rice-mochi-120g\/","name":"Arencia Black Tea Rice Mochi 120g - FACECORNER","isPartOf":{"@id":"https:\/\/www.facecorner.lv\/#website"},"primaryImageOfPage":{"@id":"https:\/\/www.facecorner.lv\/shop\/arencia-black-tea-rice-mochi-120g\/#primaryimage"},"image":{"@id":"https:\/\/www.facecorner.lv\/shop\/arencia-black-tea-rice-mochi-120g\/#primaryimage"},"thumbnailUrl":"https:\/\/www.facecorner.lv\/wp-content\/uploads\/2025\/10\/BlackTea_YuzuCleanser1_1200x1200.webp","datePublished":"2025-10-23T12:22:20+00:00","dateModified":"2026-02-04T12:04:52+00:00","description":"Arencia Black Tea Rice Mochi barojo\u0161s att\u012bro\u0161s balzams, kas maigi no\u0146em grimu un net\u012brumus, neiz\u017e\u016bdinot \u0101du.","breadcrumb":{"@id":"https:\/\/www.facecorner.lv\/shop\/arencia-black-tea-rice-mochi-120g\/#breadcrumb"},"inLanguage":"en-US","potentialAction":[{"@type":"ReadAction","target":["https:\/\/www.facecorner.lv\/shop\/arencia-black-tea-rice-mochi-120g\/"]}]},{"@type":"ImageObject","inLanguage":"en-US","@id":"https:\/\/www.facecorner.lv\/shop\/arencia-black-tea-rice-mochi-120g\/#primaryimage","url":"https:\/\/www.facecorner.lv\/wp-content\/uploads\/2025\/10\/BlackTea_YuzuCleanser1_1200x1200.webp","contentUrl":"https:\/\/www.facecorner.lv\/wp-content\/uploads\/2025\/10\/BlackTea_YuzuCleanser1_1200x1200.webp","width":1080,"height":1080},{"@type":"BreadcrumbList","@id":"https:\/\/www.facecorner.lv\/shop\/arencia-black-tea-rice-mochi-120g\/#breadcrumb","itemListElement":[{"@type":"ListItem","position":1,"name":"Home","item":"https:\/\/www.facecorner.lv\/"},{"@type":"ListItem","position":2,"name":"Veikals","item":"https:\/\/www.facecorner.lv\/shop\/"},{"@type":"ListItem","position":3,"name":"Arencia Black Tea Rice Mochi 120g"}]},{"@type":"WebSite","@id":"https:\/\/www.facecorner.lv\/#website","url":"https:\/\/www.facecorner.lv\/","name":"Facecorner","description":"","publisher":{"@id":"https:\/\/www.facecorner.lv\/#organization"},"potentialAction":[{"@type":"SearchAction","target":{"@type":"EntryPoint","urlTemplate":"https:\/\/www.facecorner.lv\/?s={search_term_string}"},"query-input":{"@type":"PropertyValueSpecification","valueRequired":true,"valueName":"search_term_string"}}],"inLanguage":"en-US"},{"@type":"Organization","@id":"https:\/\/www.facecorner.lv\/#organization","name":"Facecorner","url":"https:\/\/www.facecorner.lv\/","logo":{"@type":"ImageObject","inLanguage":"en-US","@id":"https:\/\/www.facecorner.lv\/#\/schema\/logo\/image\/","url":"https:\/\/www.facecorner.lv\/wp-content\/uploads\/2024\/04\/fc-logo.jpg","contentUrl":"https:\/\/www.facecorner.lv\/wp-content\/uploads\/2024\/04\/fc-logo.jpg","width":174,"height":28,"caption":"Facecorner"},"image":{"@id":"https:\/\/www.facecorner.lv\/#\/schema\/logo\/image\/"},"sameAs":["https:\/\/www.facebook.com\/profile.php?id=100063824551839","https:\/\/www.instagram.com\/facecorner_shop\/"]}]},"product_brand":"Arencia","product_price_amount":"28.90","product_price_currency":"EUR","og_availability":"instock","product_availability":"instock","product_condition":"new"},"_links":{"self":[{"href":"https:\/\/www.facecorner.lv\/en\/wp-json\/wp\/v2\/product\/25712","targetHints":{"allow":["GET"]}}],"collection":[{"href":"https:\/\/www.facecorner.lv\/en\/wp-json\/wp\/v2\/product"}],"about":[{"href":"https:\/\/www.facecorner.lv\/en\/wp-json\/wp\/v2\/types\/product"}],"replies":[{"embeddable":true,"href":"https:\/\/www.facecorner.lv\/en\/wp-json\/wp\/v2\/comments?post=25712"}],"wp:featuredmedia":[{"embeddable":true,"href":"https:\/\/www.facecorner.lv\/en\/wp-json\/wp\/v2\/media\/25715"}],"wp:attachment":[{"href":"https:\/\/www.facecorner.lv\/en\/wp-json\/wp\/v2\/media?parent=25712"}],"wp:term":[{"taxonomy":"product_brand","embeddable":true,"href":"https:\/\/www.facecorner.lv\/en\/wp-json\/wp\/v2\/product_brand?post=25712"},{"taxonomy":"product_cat","embeddable":true,"href":"https:\/\/www.facecorner.lv\/en\/wp-json\/wp\/v2\/product_cat?post=25712"},{"taxonomy":"product_tag","embeddable":true,"href":"https:\/\/www.facecorner.lv\/en\/wp-json\/wp\/v2\/product_tag?post=25712"},{"taxonomy":"berocket_brand","embeddable":true,"href":"https:\/\/www.facecorner.lv\/en\/wp-json\/wp\/v2\/berocket_brand?post=25712"}],"curies":[{"name":"wp","href":"https:\/\/api.w.org\/{rel}","templated":true}]}}