{"id":25704,"date":"2025-10-23T14:41:42","date_gmt":"2025-10-23T11:41:42","guid":{"rendered":"https:\/\/www.facecorner.lv\/?post_type=product&#038;p=25704"},"modified":"2025-12-25T16:58:14","modified_gmt":"2025-12-25T13:58:14","slug":"vegans-lidzsvarojoss-toniks-maigai-mitrinasanai-un-adas-atjaunosanai-dalba-mild-skin-balancing-vegan-toner-150ml","status":"publish","type":"product","link":"https:\/\/www.facecorner.lv\/en\/shop\/vegans-lidzsvarojoss-toniks-maigai-mitrinasanai-un-adas-atjaunosanai-dalba-mild-skin-balancing-vegan-toner-150ml\/","title":{"rendered":"Veg\u0101ns l\u012bdzsvarojo\u0161s toniks maigai mitrin\u0101\u0161anai un \u0101das atjauno\u0161anai d\u2019Alba Mild Skin Balancing Vegan Toner 150ml"},"content":{"rendered":"<p>Maigs toniks d\u2019Alba Mild Skin Balancing Vegan Toner\u00a0 ar veg\u0101nu formulu, kas rad\u012bts, lai atjaunotu \u0101das dabisko pH l\u012bdzsvaru p\u0113c att\u012br\u012b\u0161anas.<\/p>\n<p>Bag\u0101tin\u0101ts ar balto trife\u013cu ekstraktu un augu mitrino\u0161\u0101m sast\u0101vda\u013c\u0101m, tas dzi\u013ci baro, m\u012bkstina un pie\u0161\u0137ir \u0101dai vesel\u012bgu mirdzumu.<\/p>\n<p>Viegla tekst\u016bra \u0101tri ies\u016bcas, neatst\u0101jot lip\u012bgumu, un ir piem\u0113rota pat visjut\u012bg\u0101kajai \u0101dai.<\/p>\n<p><strong>It is a total care mask that tightens the skin.<\/strong><\/p>\n<ul>\n<li>Balt\u0101 trifele (White Truffle Extract) \u2014 aminosk\u0101bju un antioksidantu avots, stiprina \u0101du un pie\u0161\u0137ir tai elast\u012bbu.<\/li>\n<li>Betaina un pantenols \u2014 intens\u012bvi mitrina un uztur \u0101das barjeru.<\/li>\n<li>Niac\u012bnam\u012bds \u2014 izl\u012bdzina \u0101das toni un uzlabo t\u0101s tekst\u016bru.<\/li>\n<li>\u0100zijas centellas ekstrakts \u2014 nomierina kairin\u0101jumu un samazina jut\u012bgumu.<\/li>\n<\/ul>\n<p><strong>How to use: <\/strong>P\u0113c sejas att\u012br\u012b\u0161anas uzkl\u0101jiet nelielu daudzumu tonika uz vates diska vai plaukstas un maigi izl\u012bdziniet pa seju. Lietojiet no r\u012bta un vakar\u0101.<\/p>\n<p><strong>Sast\u0101vs:<\/strong> Water, Glycerin, Butylene Glycol, Betaine, Panthenol, Niacinamide, Centella Asiatica Extract, Tuber Magnatum Extract (White Truffle), Allantoin, 1,2-Hexanediol, Ethylhexylglycerin, Sodium Hyaluronate, Dipotassium Glycyrrhizate, Carbomer, Arginine, Disodium EDTA.<\/p>","protected":false},"excerpt":{"rendered":"<p>Maigs toniks d\u2019Alba Mild Skin Balancing Vegan Toner\u00a0 ar veg\u0101nu formulu, kas rad\u012bts, lai atjaunotu \u0101das dabisko pH l\u012bdzsvaru p\u0113c att\u012br\u012b\u0161anas.<\/p>","protected":false},"featured_media":25705,"comment_status":"open","ping_status":"closed","template":"","meta":{"site-sidebar-layout":"default","site-content-layout":"","ast-site-content-layout":"default","site-content-style":"default","site-sidebar-style":"default","ast-global-header-display":"","ast-banner-title-visibility":"","ast-main-header-display":"","ast-hfb-above-header-display":"","ast-hfb-below-header-display":"","ast-hfb-mobile-header-display":"","site-post-title":"","ast-breadcrumbs-content":"","ast-featured-img":"","footer-sml-layout":"","theme-transparent-header-meta":"default","adv-header-id-meta":"","stick-header-meta":"","header-above-stick-meta":"","header-main-stick-meta":"","header-below-stick-meta":"","astra-migrate-meta-layouts":"set","ast-page-background-enabled":"default","ast-page-background-meta":{"desktop":{"background-color":"var(--ast-global-color-4)","background-image":"","background-repeat":"repeat","background-position":"center center","background-size":"auto","background-attachment":"scroll","background-type":"","background-media":"","overlay-type":"","overlay-color":"","overlay-opacity":"","overlay-gradient":""},"tablet":{"background-color":"","background-image":"","background-repeat":"repeat","background-position":"center center","background-size":"auto","background-attachment":"scroll","background-type":"","background-media":"","overlay-type":"","overlay-color":"","overlay-opacity":"","overlay-gradient":""},"mobile":{"background-color":"","background-image":"","background-repeat":"repeat","background-position":"center center","background-size":"auto","background-attachment":"scroll","background-type":"","background-media":"","overlay-type":"","overlay-color":"","overlay-opacity":"","overlay-gradient":""}},"ast-content-background-meta":{"desktop":{"background-color":"var(--ast-global-color-5)","background-image":"","background-repeat":"repeat","background-position":"center center","background-size":"auto","background-attachment":"scroll","background-type":"","background-media":"","overlay-type":"","overlay-color":"","overlay-opacity":"","overlay-gradient":""},"tablet":{"background-color":"var(--ast-global-color-5)","background-image":"","background-repeat":"repeat","background-position":"center center","background-size":"auto","background-attachment":"scroll","background-type":"","background-media":"","overlay-type":"","overlay-color":"","overlay-opacity":"","overlay-gradient":""},"mobile":{"background-color":"var(--ast-global-color-5)","background-image":"","background-repeat":"repeat","background-position":"center center","background-size":"auto","background-attachment":"scroll","background-type":"","background-media":"","overlay-type":"","overlay-color":"","overlay-opacity":"","overlay-gradient":""}}},"product_brand":[],"product_cat":[378,364,376],"product_tag":[],"berocket_brand":[572],"class_list":{"0":"post-25704","1":"product","2":"type-product","3":"status-publish","4":"has-post-thumbnail","6":"product_cat-sausai-adai-toneri","7":"product_cat-toneri","8":"product_cat-kombinetai-adai-toneri","9":"berocket_brand-dalba","10":"desktop-align-left","11":"tablet-align-left","12":"mobile-align-left","14":"first","15":"outofstock","16":"taxable","17":"shipping-taxable","18":"purchasable","19":"product-type-simple","20":"add-to-wishlist-before_image"},"yoast_head":"<!-- This site is optimized with the Yoast SEO plugin v27.4 - https:\/\/yoast.com\/product\/yoast-seo-wordpress\/ -->\n<title>Veg\u0101ns l\u012bdzsvarojo\u0161s toniks maigai mitrin\u0101\u0161anai un \u0101das atjauno\u0161anai d\u2019Alba Mild Skin Balancing Vegan Toner 150ml - FACECORNER<\/title>\n<meta name=\"description\" content=\"Maigs toniks d\u2019Alba Mild Skin Balancing Vegan Toner\u00a0 ar veg\u0101nu formulu, kas rad\u012bts, lai atjaunotu \u0101das dabisko pH l\u012bdzsvaru p\u0113c att\u012br\u012b\u0161anas.\" \/>\n<meta name=\"robots\" content=\"index, follow, max-snippet:-1, max-image-preview:large, max-video-preview:-1\" \/>\n<link rel=\"canonical\" href=\"https:\/\/www.facecorner.lv\/en\/shop\/vegans-lidzsvarojoss-toniks-maigai-mitrinasanai-un-adas-atjaunosanai-dalba-mild-skin-balancing-vegan-toner-150ml\/\" \/>\n<meta property=\"og:locale\" content=\"en_US\" \/>\n<meta property=\"og:type\" content=\"article\" \/>\n<meta property=\"og:title\" content=\"Veg\u0101ns l\u012bdzsvarojo\u0161s toniks maigai mitrin\u0101\u0161anai un \u0101das atjauno\u0161anai d\u2019Alba Mild Skin Balancing Vegan Toner 150ml - FACECORNER\" \/>\n<meta property=\"og:description\" content=\"Maigs toniks d\u2019Alba Mild Skin Balancing Vegan Toner\u00a0 ar veg\u0101nu formulu, kas rad\u012bts, lai atjaunotu \u0101das dabisko pH l\u012bdzsvaru p\u0113c att\u012br\u012b\u0161anas.\" \/>\n<meta property=\"og:url\" content=\"https:\/\/www.facecorner.lv\/en\/shop\/vegans-lidzsvarojoss-toniks-maigai-mitrinasanai-un-adas-atjaunosanai-dalba-mild-skin-balancing-vegan-toner-150ml\/\" \/>\n<meta property=\"og:site_name\" content=\"FACECORNER\" \/>\n<meta property=\"article:publisher\" content=\"https:\/\/www.facebook.com\/profile.php?id=100063824551839\" \/>\n<meta property=\"article:modified_time\" content=\"2025-12-25T13:58:14+00:00\" \/>\n<meta property=\"og:image\" content=\"https:\/\/www.facecorner.lv\/wp-content\/uploads\/2025\/10\/8809875900949-2-13302.jpg\" \/>\n\t<meta property=\"og:image:width\" content=\"1080\" \/>\n\t<meta property=\"og:image:height\" content=\"1080\" \/>\n\t<meta property=\"og:image:type\" content=\"image\/jpeg\" \/>\n<meta name=\"twitter:card\" content=\"summary_large_image\" \/>\n<meta name=\"twitter:label1\" content=\"Price\" \/>\n\t<meta name=\"twitter:data1\" content=\"&euro;30.90\" \/>\n\t<meta name=\"twitter:label2\" content=\"Availability\" \/>\n\t<meta name=\"twitter:data2\" content=\"Out of stock\" \/>\n<script type=\"application\/ld+json\" class=\"yoast-schema-graph\">{\"@context\":\"https:\\\/\\\/schema.org\",\"@graph\":[{\"@type\":\"WebPage\",\"@id\":\"https:\\\/\\\/www.facecorner.lv\\\/shop\\\/vegans-lidzsvarojoss-toniks-maigai-mitrinasanai-un-adas-atjaunosanai-dalba-mild-skin-balancing-vegan-toner-150ml\\\/\",\"url\":\"https:\\\/\\\/www.facecorner.lv\\\/shop\\\/vegans-lidzsvarojoss-toniks-maigai-mitrinasanai-un-adas-atjaunosanai-dalba-mild-skin-balancing-vegan-toner-150ml\\\/\",\"name\":\"Veg\u0101ns l\u012bdzsvarojo\u0161s toniks maigai mitrin\u0101\u0161anai un \u0101das atjauno\u0161anai d\u2019Alba Mild Skin Balancing Vegan Toner 150ml - FACECORNER\",\"isPartOf\":{\"@id\":\"https:\\\/\\\/www.facecorner.lv\\\/#website\"},\"primaryImageOfPage\":{\"@id\":\"https:\\\/\\\/www.facecorner.lv\\\/shop\\\/vegans-lidzsvarojoss-toniks-maigai-mitrinasanai-un-adas-atjaunosanai-dalba-mild-skin-balancing-vegan-toner-150ml\\\/#primaryimage\"},\"image\":{\"@id\":\"https:\\\/\\\/www.facecorner.lv\\\/shop\\\/vegans-lidzsvarojoss-toniks-maigai-mitrinasanai-un-adas-atjaunosanai-dalba-mild-skin-balancing-vegan-toner-150ml\\\/#primaryimage\"},\"thumbnailUrl\":\"https:\\\/\\\/www.facecorner.lv\\\/wp-content\\\/uploads\\\/2025\\\/10\\\/8809875900949-2-13302.jpg\",\"datePublished\":\"2025-10-23T11:41:42+00:00\",\"dateModified\":\"2025-12-25T13:58:14+00:00\",\"description\":\"Maigs toniks d\u2019Alba Mild Skin Balancing Vegan Toner\u00a0 ar veg\u0101nu formulu, kas rad\u012bts, lai atjaunotu \u0101das dabisko pH l\u012bdzsvaru p\u0113c att\u012br\u012b\u0161anas.\",\"breadcrumb\":{\"@id\":\"https:\\\/\\\/www.facecorner.lv\\\/shop\\\/vegans-lidzsvarojoss-toniks-maigai-mitrinasanai-un-adas-atjaunosanai-dalba-mild-skin-balancing-vegan-toner-150ml\\\/#breadcrumb\"},\"inLanguage\":\"en-US\",\"potentialAction\":[{\"@type\":\"ReadAction\",\"target\":[\"https:\\\/\\\/www.facecorner.lv\\\/shop\\\/vegans-lidzsvarojoss-toniks-maigai-mitrinasanai-un-adas-atjaunosanai-dalba-mild-skin-balancing-vegan-toner-150ml\\\/\"]}]},{\"@type\":\"ImageObject\",\"inLanguage\":\"en-US\",\"@id\":\"https:\\\/\\\/www.facecorner.lv\\\/shop\\\/vegans-lidzsvarojoss-toniks-maigai-mitrinasanai-un-adas-atjaunosanai-dalba-mild-skin-balancing-vegan-toner-150ml\\\/#primaryimage\",\"url\":\"https:\\\/\\\/www.facecorner.lv\\\/wp-content\\\/uploads\\\/2025\\\/10\\\/8809875900949-2-13302.jpg\",\"contentUrl\":\"https:\\\/\\\/www.facecorner.lv\\\/wp-content\\\/uploads\\\/2025\\\/10\\\/8809875900949-2-13302.jpg\",\"width\":1080,\"height\":1080,\"caption\":\"d\u2019Alba Mild Skin Balancing Vegan Toner\"},{\"@type\":\"BreadcrumbList\",\"@id\":\"https:\\\/\\\/www.facecorner.lv\\\/shop\\\/vegans-lidzsvarojoss-toniks-maigai-mitrinasanai-un-adas-atjaunosanai-dalba-mild-skin-balancing-vegan-toner-150ml\\\/#breadcrumb\",\"itemListElement\":[{\"@type\":\"ListItem\",\"position\":1,\"name\":\"Home\",\"item\":\"https:\\\/\\\/www.facecorner.lv\\\/\"},{\"@type\":\"ListItem\",\"position\":2,\"name\":\"Veikals\",\"item\":\"https:\\\/\\\/www.facecorner.lv\\\/shop\\\/\"},{\"@type\":\"ListItem\",\"position\":3,\"name\":\"Veg\u0101ns l\u012bdzsvarojo\u0161s toniks maigai mitrin\u0101\u0161anai un \u0101das atjauno\u0161anai d\u2019Alba Mild Skin Balancing Vegan Toner 150ml\"}]},{\"@type\":\"WebSite\",\"@id\":\"https:\\\/\\\/www.facecorner.lv\\\/#website\",\"url\":\"https:\\\/\\\/www.facecorner.lv\\\/\",\"name\":\"Facecorner\",\"description\":\"\",\"publisher\":{\"@id\":\"https:\\\/\\\/www.facecorner.lv\\\/#organization\"},\"potentialAction\":[{\"@type\":\"SearchAction\",\"target\":{\"@type\":\"EntryPoint\",\"urlTemplate\":\"https:\\\/\\\/www.facecorner.lv\\\/?s={search_term_string}\"},\"query-input\":{\"@type\":\"PropertyValueSpecification\",\"valueRequired\":true,\"valueName\":\"search_term_string\"}}],\"inLanguage\":\"en-US\"},{\"@type\":\"Organization\",\"@id\":\"https:\\\/\\\/www.facecorner.lv\\\/#organization\",\"name\":\"Facecorner\",\"url\":\"https:\\\/\\\/www.facecorner.lv\\\/\",\"logo\":{\"@type\":\"ImageObject\",\"inLanguage\":\"en-US\",\"@id\":\"https:\\\/\\\/www.facecorner.lv\\\/#\\\/schema\\\/logo\\\/image\\\/\",\"url\":\"https:\\\/\\\/www.facecorner.lv\\\/wp-content\\\/uploads\\\/2024\\\/04\\\/fc-logo.jpg\",\"contentUrl\":\"https:\\\/\\\/www.facecorner.lv\\\/wp-content\\\/uploads\\\/2024\\\/04\\\/fc-logo.jpg\",\"width\":174,\"height\":28,\"caption\":\"Facecorner\"},\"image\":{\"@id\":\"https:\\\/\\\/www.facecorner.lv\\\/#\\\/schema\\\/logo\\\/image\\\/\"},\"sameAs\":[\"https:\\\/\\\/www.facebook.com\\\/profile.php?id=100063824551839\",\"https:\\\/\\\/www.instagram.com\\\/facecorner_shop\\\/\"]}]}<\/script>\n<meta property=\"product:price:amount\" content=\"30.90\" \/>\n<meta property=\"product:price:currency\" content=\"EUR\" \/>\n<meta property=\"og:availability\" content=\"out of stock\" \/>\n<meta property=\"product:availability\" content=\"out of stock\" \/>\n<meta property=\"product:condition\" content=\"new\" \/>\n<!-- \/ Yoast SEO plugin. -->","yoast_head_json":{"title":"Veg\u0101ns l\u012bdzsvarojo\u0161s toniks maigai mitrin\u0101\u0161anai un \u0101das atjauno\u0161anai d\u2019Alba Mild Skin Balancing Vegan Toner 150ml - FACECORNER","description":"Maigs toniks d\u2019Alba Mild Skin Balancing Vegan Toner\u00a0 ar veg\u0101nu formulu, kas rad\u012bts, lai atjaunotu \u0101das dabisko pH l\u012bdzsvaru p\u0113c att\u012br\u012b\u0161anas.","robots":{"index":"index","follow":"follow","max-snippet":"max-snippet:-1","max-image-preview":"max-image-preview:large","max-video-preview":"max-video-preview:-1"},"canonical":"https:\/\/www.facecorner.lv\/en\/shop\/vegans-lidzsvarojoss-toniks-maigai-mitrinasanai-un-adas-atjaunosanai-dalba-mild-skin-balancing-vegan-toner-150ml\/","og_locale":"en_US","og_type":"article","og_title":"Veg\u0101ns l\u012bdzsvarojo\u0161s toniks maigai mitrin\u0101\u0161anai un \u0101das atjauno\u0161anai d\u2019Alba Mild Skin Balancing Vegan Toner 150ml - FACECORNER","og_description":"Maigs toniks d\u2019Alba Mild Skin Balancing Vegan Toner\u00a0 ar veg\u0101nu formulu, kas rad\u012bts, lai atjaunotu \u0101das dabisko pH l\u012bdzsvaru p\u0113c att\u012br\u012b\u0161anas.","og_url":"https:\/\/www.facecorner.lv\/en\/shop\/vegans-lidzsvarojoss-toniks-maigai-mitrinasanai-un-adas-atjaunosanai-dalba-mild-skin-balancing-vegan-toner-150ml\/","og_site_name":"FACECORNER","article_publisher":"https:\/\/www.facebook.com\/profile.php?id=100063824551839","article_modified_time":"2025-12-25T13:58:14+00:00","og_image":[{"width":1080,"height":1080,"url":"https:\/\/www.facecorner.lv\/wp-content\/uploads\/2025\/10\/8809875900949-2-13302.jpg","type":"image\/jpeg"}],"twitter_card":"summary_large_image","twitter_misc":{"Price":"&euro;30.90","Availability":"Out of stock"},"schema":{"@context":"https:\/\/schema.org","@graph":[{"@type":"WebPage","@id":"https:\/\/www.facecorner.lv\/shop\/vegans-lidzsvarojoss-toniks-maigai-mitrinasanai-un-adas-atjaunosanai-dalba-mild-skin-balancing-vegan-toner-150ml\/","url":"https:\/\/www.facecorner.lv\/shop\/vegans-lidzsvarojoss-toniks-maigai-mitrinasanai-un-adas-atjaunosanai-dalba-mild-skin-balancing-vegan-toner-150ml\/","name":"Veg\u0101ns l\u012bdzsvarojo\u0161s toniks maigai mitrin\u0101\u0161anai un \u0101das atjauno\u0161anai d\u2019Alba Mild Skin Balancing Vegan Toner 150ml - FACECORNER","isPartOf":{"@id":"https:\/\/www.facecorner.lv\/#website"},"primaryImageOfPage":{"@id":"https:\/\/www.facecorner.lv\/shop\/vegans-lidzsvarojoss-toniks-maigai-mitrinasanai-un-adas-atjaunosanai-dalba-mild-skin-balancing-vegan-toner-150ml\/#primaryimage"},"image":{"@id":"https:\/\/www.facecorner.lv\/shop\/vegans-lidzsvarojoss-toniks-maigai-mitrinasanai-un-adas-atjaunosanai-dalba-mild-skin-balancing-vegan-toner-150ml\/#primaryimage"},"thumbnailUrl":"https:\/\/www.facecorner.lv\/wp-content\/uploads\/2025\/10\/8809875900949-2-13302.jpg","datePublished":"2025-10-23T11:41:42+00:00","dateModified":"2025-12-25T13:58:14+00:00","description":"Maigs toniks d\u2019Alba Mild Skin Balancing Vegan Toner\u00a0 ar veg\u0101nu formulu, kas rad\u012bts, lai atjaunotu \u0101das dabisko pH l\u012bdzsvaru p\u0113c att\u012br\u012b\u0161anas.","breadcrumb":{"@id":"https:\/\/www.facecorner.lv\/shop\/vegans-lidzsvarojoss-toniks-maigai-mitrinasanai-un-adas-atjaunosanai-dalba-mild-skin-balancing-vegan-toner-150ml\/#breadcrumb"},"inLanguage":"en-US","potentialAction":[{"@type":"ReadAction","target":["https:\/\/www.facecorner.lv\/shop\/vegans-lidzsvarojoss-toniks-maigai-mitrinasanai-un-adas-atjaunosanai-dalba-mild-skin-balancing-vegan-toner-150ml\/"]}]},{"@type":"ImageObject","inLanguage":"en-US","@id":"https:\/\/www.facecorner.lv\/shop\/vegans-lidzsvarojoss-toniks-maigai-mitrinasanai-un-adas-atjaunosanai-dalba-mild-skin-balancing-vegan-toner-150ml\/#primaryimage","url":"https:\/\/www.facecorner.lv\/wp-content\/uploads\/2025\/10\/8809875900949-2-13302.jpg","contentUrl":"https:\/\/www.facecorner.lv\/wp-content\/uploads\/2025\/10\/8809875900949-2-13302.jpg","width":1080,"height":1080,"caption":"d\u2019Alba Mild Skin Balancing Vegan Toner"},{"@type":"BreadcrumbList","@id":"https:\/\/www.facecorner.lv\/shop\/vegans-lidzsvarojoss-toniks-maigai-mitrinasanai-un-adas-atjaunosanai-dalba-mild-skin-balancing-vegan-toner-150ml\/#breadcrumb","itemListElement":[{"@type":"ListItem","position":1,"name":"Home","item":"https:\/\/www.facecorner.lv\/"},{"@type":"ListItem","position":2,"name":"Veikals","item":"https:\/\/www.facecorner.lv\/shop\/"},{"@type":"ListItem","position":3,"name":"Veg\u0101ns l\u012bdzsvarojo\u0161s toniks maigai mitrin\u0101\u0161anai un \u0101das atjauno\u0161anai d\u2019Alba Mild Skin Balancing Vegan Toner 150ml"}]},{"@type":"WebSite","@id":"https:\/\/www.facecorner.lv\/#website","url":"https:\/\/www.facecorner.lv\/","name":"Facecorner","description":"","publisher":{"@id":"https:\/\/www.facecorner.lv\/#organization"},"potentialAction":[{"@type":"SearchAction","target":{"@type":"EntryPoint","urlTemplate":"https:\/\/www.facecorner.lv\/?s={search_term_string}"},"query-input":{"@type":"PropertyValueSpecification","valueRequired":true,"valueName":"search_term_string"}}],"inLanguage":"en-US"},{"@type":"Organization","@id":"https:\/\/www.facecorner.lv\/#organization","name":"Facecorner","url":"https:\/\/www.facecorner.lv\/","logo":{"@type":"ImageObject","inLanguage":"en-US","@id":"https:\/\/www.facecorner.lv\/#\/schema\/logo\/image\/","url":"https:\/\/www.facecorner.lv\/wp-content\/uploads\/2024\/04\/fc-logo.jpg","contentUrl":"https:\/\/www.facecorner.lv\/wp-content\/uploads\/2024\/04\/fc-logo.jpg","width":174,"height":28,"caption":"Facecorner"},"image":{"@id":"https:\/\/www.facecorner.lv\/#\/schema\/logo\/image\/"},"sameAs":["https:\/\/www.facebook.com\/profile.php?id=100063824551839","https:\/\/www.instagram.com\/facecorner_shop\/"]}]},"product_price_amount":"30.90","product_price_currency":"EUR","og_availability":"out of stock","product_availability":"out of stock","product_condition":"new"},"_links":{"self":[{"href":"https:\/\/www.facecorner.lv\/en\/wp-json\/wp\/v2\/product\/25704","targetHints":{"allow":["GET"]}}],"collection":[{"href":"https:\/\/www.facecorner.lv\/en\/wp-json\/wp\/v2\/product"}],"about":[{"href":"https:\/\/www.facecorner.lv\/en\/wp-json\/wp\/v2\/types\/product"}],"replies":[{"embeddable":true,"href":"https:\/\/www.facecorner.lv\/en\/wp-json\/wp\/v2\/comments?post=25704"}],"wp:featuredmedia":[{"embeddable":true,"href":"https:\/\/www.facecorner.lv\/en\/wp-json\/wp\/v2\/media\/25705"}],"wp:attachment":[{"href":"https:\/\/www.facecorner.lv\/en\/wp-json\/wp\/v2\/media?parent=25704"}],"wp:term":[{"taxonomy":"product_brand","embeddable":true,"href":"https:\/\/www.facecorner.lv\/en\/wp-json\/wp\/v2\/product_brand?post=25704"},{"taxonomy":"product_cat","embeddable":true,"href":"https:\/\/www.facecorner.lv\/en\/wp-json\/wp\/v2\/product_cat?post=25704"},{"taxonomy":"product_tag","embeddable":true,"href":"https:\/\/www.facecorner.lv\/en\/wp-json\/wp\/v2\/product_tag?post=25704"},{"taxonomy":"berocket_brand","embeddable":true,"href":"https:\/\/www.facecorner.lv\/en\/wp-json\/wp\/v2\/berocket_brand?post=25704"}],"curies":[{"name":"wp","href":"https:\/\/api.w.org\/{rel}","templated":true}]}}