{"id":25566,"date":"2025-10-15T14:52:04","date_gmt":"2025-10-15T11:52:04","guid":{"rendered":"https:\/\/www.facecorner.lv\/?post_type=product&#038;p=25566"},"modified":"2025-10-30T12:23:35","modified_gmt":"2025-10-30T09:23:35","slug":"atjaunojoss-krems-ar-polinukleotidiem-rejuran-recovery-cream-pdrn-0-3","status":"publish","type":"product","link":"https:\/\/www.facecorner.lv\/en\/shop\/atjaunojoss-krems-ar-polinukleotidiem-rejuran-recovery-cream-pdrn-0-3\/","title":{"rendered":"Atjaunojo\u0161s kr\u0113ms ar polinukleot\u012bdiem Rejuran Recovery Cream PDRN 0.3%"},"content":{"rendered":"<p>Rejuran Recovery Cream ir intens\u012bvs l\u012bdzeklis \u0101das atjauno\u0161anai ar 0,3% PDRN (poli-dezoksiribonukleot\u012bdu), sp\u0113c\u012bgu sast\u0101vda\u013cu, kas ieg\u016bta no la\u0161u DNS molekul\u0101m.<\/p>\n<p>Pateicoties augstajai biolo\u0123iskajai sader\u012bbai ar cilv\u0113ka \u0101du, PDRN aktiviz\u0113 \u0161\u016bnu re\u0123ener\u0101ciju, pa\u0101trina sadz\u012b\u0161anu un iev\u0113rojami uzlabo \u0101das tekst\u016bru.<\/p>\n<ul>\n<li>Stimul\u0113 kolag\u0113na veido\u0161anos un \u0161\u016bnu atjauno\u0161anos.<\/li>\n<li>Samazina iekaisumu un aps\u0101rtumu.<\/li>\n<li>Atjauno \u0101du p\u0113c kosm\u0113tisk\u0101m proced\u016br\u0101m (l\u0101zers, p\u012blings, mezoterapija).<\/li>\n<li>Mitrina un stiprina \u0101das barjeru.<\/li>\n<li>Piem\u0113rots jut\u012bgai \u0101dai.<\/li>\n<\/ul>\n<p><strong>Bubble Pop Cleanser products fine, soft foam to cleanse away dead skin, sebum and makeup residue from your face, while hyaluronic acid moisturizes your skin.<\/strong><\/p>\n<ul>\n<li>PDRN 0,3% \u2013 pastiprina re\u0123ener\u0101cijas un sadz\u012b\u0161anas procesus.<\/li>\n<li>Ceram\u012bdi \u2013 atjauno aizsargbarjeru.<\/li>\n<li>Pantenols un alanto\u012bns \u2013 mazina kairin\u0101jumu un nodro\u0161ina \u0101das komfortu.<\/li>\n<li>Niac\u012bnam\u012bds \u2013 izl\u012bdzina \u0101das toni un c\u012bn\u0101s ar pigment\u0101ciju.<\/li>\n<\/ul>\n<p><strong>How to use:\nAfter cleansing and toning, place the mask sheet on your face and let it rest for 30 minutes. <\/strong>Kremu uzkl\u0101jiet uz att\u012br\u012btas sejas \u0101das no r\u012bta un vakar\u0101, \u012bpa\u0161i viet\u0101s, kur\u0101m nepiecie\u0161ama atjauno\u0161ana.<\/p>\n<p><strong>Sast\u0101vs:<\/strong> Water, Glycerin, Methyltrimethicone, Diphenyldimethicone, Propanediol, Niacinamide, Caprylylmethicone, Pentylene Glycol, Polyglyceryl-3 Methylglucose Distearate, Squalane, 1,2-Hexanediol, Polymethylsilsesquioxane, Polyglyceryl-3 Distearate, Cetyl Ethylhexanoate, Pentaerythrityl Tetraethylhexanoate, Cetearyl Alcohol, Hydroxyethyl Acrylate\/Sodium Acryloyldimethyl Taurate Copolymer, Vinyl Dimethicone, Diisostearyl Malate, Glyceryl Stearate, Sodium Polyacryloyldimethyl Taurate, Chlorella Vulgaris Extract, Glucose, Stearyl Alcohol, Cetyl Alcohol, Hydrolyzed DNA (PDRN), Pentaerythrityl Distearate, Hydrogenated Polydecene, Butylene Glycol, Fructooligosaccharides, Fructose, Panthenol, Butyrospermum Parkii (Shea) Butter, Glyceryl Stearate Citrate, Palmitic Acid, Allantoin, Ethylhexylglycerin, Diglycerin, Dipotassium Glycyrrhizate, Xanthan Gum, Sorbitan Isostearate, Stearic Acid, Adenosine, Trideceth-10, Caprylyl Glycol, Trisodium Ethylenediamine Disuccinate, Dimethiconol, Myristyl Alcohol, Glycyrrhetinic Acid, Helianthus Annuus (Sunflower) Seed Oil Unsaponifiables, Lauryl Alcohol.<\/p>","protected":false},"excerpt":{"rendered":"<p>Rejuran Recovery Cream ir intens\u012bvs l\u012bdzeklis \u0101das atjauno\u0161anai ar 0,3% PDRN (poli-dezoksiribonukleot\u012bdu), sp\u0113c\u012bgu sast\u0101vda\u013cu, kas ieg\u016bta no la\u0161u DNS molekul\u0101m.<\/p>","protected":false},"featured_media":25567,"comment_status":"open","ping_status":"closed","template":"","meta":{"site-sidebar-layout":"default","site-content-layout":"","ast-site-content-layout":"default","site-content-style":"default","site-sidebar-style":"default","ast-global-header-display":"","ast-banner-title-visibility":"","ast-main-header-display":"","ast-hfb-above-header-display":"","ast-hfb-below-header-display":"","ast-hfb-mobile-header-display":"","site-post-title":"","ast-breadcrumbs-content":"","ast-featured-img":"","footer-sml-layout":"","theme-transparent-header-meta":"default","adv-header-id-meta":"","stick-header-meta":"","header-above-stick-meta":"","header-main-stick-meta":"","header-below-stick-meta":"","astra-migrate-meta-layouts":"set","ast-page-background-enabled":"default","ast-page-background-meta":{"desktop":{"background-color":"var(--ast-global-color-4)","background-image":"","background-repeat":"repeat","background-position":"center center","background-size":"auto","background-attachment":"scroll","background-type":"","background-media":"","overlay-type":"","overlay-color":"","overlay-opacity":"","overlay-gradient":""},"tablet":{"background-color":"","background-image":"","background-repeat":"repeat","background-position":"center center","background-size":"auto","background-attachment":"scroll","background-type":"","background-media":"","overlay-type":"","overlay-color":"","overlay-opacity":"","overlay-gradient":""},"mobile":{"background-color":"","background-image":"","background-repeat":"repeat","background-position":"center center","background-size":"auto","background-attachment":"scroll","background-type":"","background-media":"","overlay-type":"","overlay-color":"","overlay-opacity":"","overlay-gradient":""}},"ast-content-background-meta":{"desktop":{"background-color":"var(--ast-global-color-5)","background-image":"","background-repeat":"repeat","background-position":"center center","background-size":"auto","background-attachment":"scroll","background-type":"","background-media":"","overlay-type":"","overlay-color":"","overlay-opacity":"","overlay-gradient":""},"tablet":{"background-color":"var(--ast-global-color-5)","background-image":"","background-repeat":"repeat","background-position":"center center","background-size":"auto","background-attachment":"scroll","background-type":"","background-media":"","overlay-type":"","overlay-color":"","overlay-opacity":"","overlay-gradient":""},"mobile":{"background-color":"var(--ast-global-color-5)","background-image":"","background-repeat":"repeat","background-position":"center center","background-size":"auto","background-attachment":"scroll","background-type":"","background-media":"","overlay-type":"","overlay-color":"","overlay-opacity":"","overlay-gradient":""}}},"product_brand":[],"product_cat":[365,366,367,652,362],"product_tag":[],"berocket_brand":[639],"class_list":{"0":"post-25566","1":"product","2":"type-product","3":"status-publish","4":"has-post-thumbnail","6":"product_cat-barojoss","7":"product_cat-mitrinoss","8":"product_cat-nomierinoss","9":"product_cat-pdrn","10":"product_cat-sejas-krems","11":"berocket_brand-rejuran","12":"desktop-align-left","13":"tablet-align-left","14":"mobile-align-left","16":"first","17":"outofstock","18":"taxable","19":"shipping-taxable","20":"purchasable","21":"product-type-simple","22":"add-to-wishlist-before_image"},"yoast_head":"<!-- This site is optimized with the Yoast SEO plugin v27.4 - https:\/\/yoast.com\/product\/yoast-seo-wordpress\/ -->\n<title>Atjaunojo\u0161s kr\u0113ms ar polinukleot\u012bdiem Rejuran Recovery Cream PDRN 0.3% - FACECORNER<\/title>\n<meta name=\"description\" content=\"Rejuran Recovery Cream ir intens\u012bvs l\u012bdzeklis \u0101das atjauno\u0161anai ar 0,3% PDRN (poli-dezoksiribonukleot\u012bdu), sp\u0113c\u012bgu sast\u0101vda\u013cu, kas ieg\u016bta no la\u0161u DNS molekul\u0101m.\" \/>\n<meta name=\"robots\" content=\"index, follow, max-snippet:-1, max-image-preview:large, max-video-preview:-1\" \/>\n<link rel=\"canonical\" href=\"https:\/\/www.facecorner.lv\/en\/shop\/atjaunojoss-krems-ar-polinukleotidiem-rejuran-recovery-cream-pdrn-0-3\/\" \/>\n<meta property=\"og:locale\" content=\"en_US\" \/>\n<meta property=\"og:type\" content=\"article\" \/>\n<meta property=\"og:title\" content=\"Atjaunojo\u0161s kr\u0113ms ar polinukleot\u012bdiem Rejuran Recovery Cream PDRN 0.3% - FACECORNER\" \/>\n<meta property=\"og:description\" content=\"Rejuran Recovery Cream ir intens\u012bvs l\u012bdzeklis \u0101das atjauno\u0161anai ar 0,3% PDRN (poli-dezoksiribonukleot\u012bdu), sp\u0113c\u012bgu sast\u0101vda\u013cu, kas ieg\u016bta no la\u0161u DNS molekul\u0101m.\" \/>\n<meta property=\"og:url\" content=\"https:\/\/www.facecorner.lv\/en\/shop\/atjaunojoss-krems-ar-polinukleotidiem-rejuran-recovery-cream-pdrn-0-3\/\" \/>\n<meta property=\"og:site_name\" content=\"FACECORNER\" \/>\n<meta property=\"article:publisher\" content=\"https:\/\/www.facebook.com\/profile.php?id=100063824551839\" \/>\n<meta property=\"article:modified_time\" content=\"2025-10-30T09:23:35+00:00\" \/>\n<meta property=\"og:image\" content=\"https:\/\/www.facecorner.lv\/wp-content\/uploads\/2025\/10\/rejuran-recovery-cream-1.jpg\" \/>\n\t<meta property=\"og:image:width\" content=\"1080\" \/>\n\t<meta property=\"og:image:height\" content=\"1080\" \/>\n\t<meta property=\"og:image:type\" content=\"image\/jpeg\" \/>\n<meta name=\"twitter:card\" content=\"summary_large_image\" \/>\n<meta name=\"twitter:label1\" content=\"Price\" \/>\n\t<meta name=\"twitter:data1\" content=\"&euro;38.00\" \/>\n\t<meta name=\"twitter:label2\" content=\"Availability\" \/>\n\t<meta name=\"twitter:data2\" content=\"Out of stock\" \/>\n<script type=\"application\/ld+json\" class=\"yoast-schema-graph\">{\"@context\":\"https:\\\/\\\/schema.org\",\"@graph\":[{\"@type\":\"WebPage\",\"@id\":\"https:\\\/\\\/www.facecorner.lv\\\/shop\\\/atjaunojoss-krems-ar-polinukleotidiem-rejuran-recovery-cream-pdrn-0-3\\\/\",\"url\":\"https:\\\/\\\/www.facecorner.lv\\\/shop\\\/atjaunojoss-krems-ar-polinukleotidiem-rejuran-recovery-cream-pdrn-0-3\\\/\",\"name\":\"Atjaunojo\u0161s kr\u0113ms ar polinukleot\u012bdiem Rejuran Recovery Cream PDRN 0.3% - FACECORNER\",\"isPartOf\":{\"@id\":\"https:\\\/\\\/www.facecorner.lv\\\/#website\"},\"primaryImageOfPage\":{\"@id\":\"https:\\\/\\\/www.facecorner.lv\\\/shop\\\/atjaunojoss-krems-ar-polinukleotidiem-rejuran-recovery-cream-pdrn-0-3\\\/#primaryimage\"},\"image\":{\"@id\":\"https:\\\/\\\/www.facecorner.lv\\\/shop\\\/atjaunojoss-krems-ar-polinukleotidiem-rejuran-recovery-cream-pdrn-0-3\\\/#primaryimage\"},\"thumbnailUrl\":\"https:\\\/\\\/www.facecorner.lv\\\/wp-content\\\/uploads\\\/2025\\\/10\\\/rejuran-recovery-cream-1.jpg\",\"datePublished\":\"2025-10-15T11:52:04+00:00\",\"dateModified\":\"2025-10-30T09:23:35+00:00\",\"description\":\"Rejuran Recovery Cream ir intens\u012bvs l\u012bdzeklis \u0101das atjauno\u0161anai ar 0,3% PDRN (poli-dezoksiribonukleot\u012bdu), sp\u0113c\u012bgu sast\u0101vda\u013cu, kas ieg\u016bta no la\u0161u DNS molekul\u0101m.\",\"breadcrumb\":{\"@id\":\"https:\\\/\\\/www.facecorner.lv\\\/shop\\\/atjaunojoss-krems-ar-polinukleotidiem-rejuran-recovery-cream-pdrn-0-3\\\/#breadcrumb\"},\"inLanguage\":\"en-US\",\"potentialAction\":[{\"@type\":\"ReadAction\",\"target\":[\"https:\\\/\\\/www.facecorner.lv\\\/shop\\\/atjaunojoss-krems-ar-polinukleotidiem-rejuran-recovery-cream-pdrn-0-3\\\/\"]}]},{\"@type\":\"ImageObject\",\"inLanguage\":\"en-US\",\"@id\":\"https:\\\/\\\/www.facecorner.lv\\\/shop\\\/atjaunojoss-krems-ar-polinukleotidiem-rejuran-recovery-cream-pdrn-0-3\\\/#primaryimage\",\"url\":\"https:\\\/\\\/www.facecorner.lv\\\/wp-content\\\/uploads\\\/2025\\\/10\\\/rejuran-recovery-cream-1.jpg\",\"contentUrl\":\"https:\\\/\\\/www.facecorner.lv\\\/wp-content\\\/uploads\\\/2025\\\/10\\\/rejuran-recovery-cream-1.jpg\",\"width\":1080,\"height\":1080,\"caption\":\"Rejuran Recovery Cream PDRN 0.3%:\"},{\"@type\":\"BreadcrumbList\",\"@id\":\"https:\\\/\\\/www.facecorner.lv\\\/shop\\\/atjaunojoss-krems-ar-polinukleotidiem-rejuran-recovery-cream-pdrn-0-3\\\/#breadcrumb\",\"itemListElement\":[{\"@type\":\"ListItem\",\"position\":1,\"name\":\"Home\",\"item\":\"https:\\\/\\\/www.facecorner.lv\\\/\"},{\"@type\":\"ListItem\",\"position\":2,\"name\":\"Veikals\",\"item\":\"https:\\\/\\\/www.facecorner.lv\\\/shop\\\/\"},{\"@type\":\"ListItem\",\"position\":3,\"name\":\"Atjaunojo\u0161s kr\u0113ms ar polinukleot\u012bdiem Rejuran Recovery Cream PDRN 0.3%\"}]},{\"@type\":\"WebSite\",\"@id\":\"https:\\\/\\\/www.facecorner.lv\\\/#website\",\"url\":\"https:\\\/\\\/www.facecorner.lv\\\/\",\"name\":\"Facecorner\",\"description\":\"\",\"publisher\":{\"@id\":\"https:\\\/\\\/www.facecorner.lv\\\/#organization\"},\"potentialAction\":[{\"@type\":\"SearchAction\",\"target\":{\"@type\":\"EntryPoint\",\"urlTemplate\":\"https:\\\/\\\/www.facecorner.lv\\\/?s={search_term_string}\"},\"query-input\":{\"@type\":\"PropertyValueSpecification\",\"valueRequired\":true,\"valueName\":\"search_term_string\"}}],\"inLanguage\":\"en-US\"},{\"@type\":\"Organization\",\"@id\":\"https:\\\/\\\/www.facecorner.lv\\\/#organization\",\"name\":\"Facecorner\",\"url\":\"https:\\\/\\\/www.facecorner.lv\\\/\",\"logo\":{\"@type\":\"ImageObject\",\"inLanguage\":\"en-US\",\"@id\":\"https:\\\/\\\/www.facecorner.lv\\\/#\\\/schema\\\/logo\\\/image\\\/\",\"url\":\"https:\\\/\\\/www.facecorner.lv\\\/wp-content\\\/uploads\\\/2024\\\/04\\\/fc-logo.jpg\",\"contentUrl\":\"https:\\\/\\\/www.facecorner.lv\\\/wp-content\\\/uploads\\\/2024\\\/04\\\/fc-logo.jpg\",\"width\":174,\"height\":28,\"caption\":\"Facecorner\"},\"image\":{\"@id\":\"https:\\\/\\\/www.facecorner.lv\\\/#\\\/schema\\\/logo\\\/image\\\/\"},\"sameAs\":[\"https:\\\/\\\/www.facebook.com\\\/profile.php?id=100063824551839\",\"https:\\\/\\\/www.instagram.com\\\/facecorner_shop\\\/\"]}]}<\/script>\n<meta property=\"product:price:amount\" content=\"38.00\" \/>\n<meta property=\"product:price:currency\" content=\"EUR\" \/>\n<meta property=\"og:availability\" content=\"out of stock\" \/>\n<meta property=\"product:availability\" content=\"out of stock\" \/>\n<meta property=\"product:condition\" content=\"new\" \/>\n<!-- \/ Yoast SEO plugin. -->","yoast_head_json":{"title":"Atjaunojo\u0161s kr\u0113ms ar polinukleot\u012bdiem Rejuran Recovery Cream PDRN 0.3% - FACECORNER","description":"Rejuran Recovery Cream ir intens\u012bvs l\u012bdzeklis \u0101das atjauno\u0161anai ar 0,3% PDRN (poli-dezoksiribonukleot\u012bdu), sp\u0113c\u012bgu sast\u0101vda\u013cu, kas ieg\u016bta no la\u0161u DNS molekul\u0101m.","robots":{"index":"index","follow":"follow","max-snippet":"max-snippet:-1","max-image-preview":"max-image-preview:large","max-video-preview":"max-video-preview:-1"},"canonical":"https:\/\/www.facecorner.lv\/en\/shop\/atjaunojoss-krems-ar-polinukleotidiem-rejuran-recovery-cream-pdrn-0-3\/","og_locale":"en_US","og_type":"article","og_title":"Atjaunojo\u0161s kr\u0113ms ar polinukleot\u012bdiem Rejuran Recovery Cream PDRN 0.3% - FACECORNER","og_description":"Rejuran Recovery Cream ir intens\u012bvs l\u012bdzeklis \u0101das atjauno\u0161anai ar 0,3% PDRN (poli-dezoksiribonukleot\u012bdu), sp\u0113c\u012bgu sast\u0101vda\u013cu, kas ieg\u016bta no la\u0161u DNS molekul\u0101m.","og_url":"https:\/\/www.facecorner.lv\/en\/shop\/atjaunojoss-krems-ar-polinukleotidiem-rejuran-recovery-cream-pdrn-0-3\/","og_site_name":"FACECORNER","article_publisher":"https:\/\/www.facebook.com\/profile.php?id=100063824551839","article_modified_time":"2025-10-30T09:23:35+00:00","og_image":[{"width":1080,"height":1080,"url":"https:\/\/www.facecorner.lv\/wp-content\/uploads\/2025\/10\/rejuran-recovery-cream-1.jpg","type":"image\/jpeg"}],"twitter_card":"summary_large_image","twitter_misc":{"Price":"&euro;38.00","Availability":"Out of stock"},"schema":{"@context":"https:\/\/schema.org","@graph":[{"@type":"WebPage","@id":"https:\/\/www.facecorner.lv\/shop\/atjaunojoss-krems-ar-polinukleotidiem-rejuran-recovery-cream-pdrn-0-3\/","url":"https:\/\/www.facecorner.lv\/shop\/atjaunojoss-krems-ar-polinukleotidiem-rejuran-recovery-cream-pdrn-0-3\/","name":"Atjaunojo\u0161s kr\u0113ms ar polinukleot\u012bdiem Rejuran Recovery Cream PDRN 0.3% - FACECORNER","isPartOf":{"@id":"https:\/\/www.facecorner.lv\/#website"},"primaryImageOfPage":{"@id":"https:\/\/www.facecorner.lv\/shop\/atjaunojoss-krems-ar-polinukleotidiem-rejuran-recovery-cream-pdrn-0-3\/#primaryimage"},"image":{"@id":"https:\/\/www.facecorner.lv\/shop\/atjaunojoss-krems-ar-polinukleotidiem-rejuran-recovery-cream-pdrn-0-3\/#primaryimage"},"thumbnailUrl":"https:\/\/www.facecorner.lv\/wp-content\/uploads\/2025\/10\/rejuran-recovery-cream-1.jpg","datePublished":"2025-10-15T11:52:04+00:00","dateModified":"2025-10-30T09:23:35+00:00","description":"Rejuran Recovery Cream ir intens\u012bvs l\u012bdzeklis \u0101das atjauno\u0161anai ar 0,3% PDRN (poli-dezoksiribonukleot\u012bdu), sp\u0113c\u012bgu sast\u0101vda\u013cu, kas ieg\u016bta no la\u0161u DNS molekul\u0101m.","breadcrumb":{"@id":"https:\/\/www.facecorner.lv\/shop\/atjaunojoss-krems-ar-polinukleotidiem-rejuran-recovery-cream-pdrn-0-3\/#breadcrumb"},"inLanguage":"en-US","potentialAction":[{"@type":"ReadAction","target":["https:\/\/www.facecorner.lv\/shop\/atjaunojoss-krems-ar-polinukleotidiem-rejuran-recovery-cream-pdrn-0-3\/"]}]},{"@type":"ImageObject","inLanguage":"en-US","@id":"https:\/\/www.facecorner.lv\/shop\/atjaunojoss-krems-ar-polinukleotidiem-rejuran-recovery-cream-pdrn-0-3\/#primaryimage","url":"https:\/\/www.facecorner.lv\/wp-content\/uploads\/2025\/10\/rejuran-recovery-cream-1.jpg","contentUrl":"https:\/\/www.facecorner.lv\/wp-content\/uploads\/2025\/10\/rejuran-recovery-cream-1.jpg","width":1080,"height":1080,"caption":"Rejuran Recovery Cream PDRN 0.3%:"},{"@type":"BreadcrumbList","@id":"https:\/\/www.facecorner.lv\/shop\/atjaunojoss-krems-ar-polinukleotidiem-rejuran-recovery-cream-pdrn-0-3\/#breadcrumb","itemListElement":[{"@type":"ListItem","position":1,"name":"Home","item":"https:\/\/www.facecorner.lv\/"},{"@type":"ListItem","position":2,"name":"Veikals","item":"https:\/\/www.facecorner.lv\/shop\/"},{"@type":"ListItem","position":3,"name":"Atjaunojo\u0161s kr\u0113ms ar polinukleot\u012bdiem Rejuran Recovery Cream PDRN 0.3%"}]},{"@type":"WebSite","@id":"https:\/\/www.facecorner.lv\/#website","url":"https:\/\/www.facecorner.lv\/","name":"Facecorner","description":"","publisher":{"@id":"https:\/\/www.facecorner.lv\/#organization"},"potentialAction":[{"@type":"SearchAction","target":{"@type":"EntryPoint","urlTemplate":"https:\/\/www.facecorner.lv\/?s={search_term_string}"},"query-input":{"@type":"PropertyValueSpecification","valueRequired":true,"valueName":"search_term_string"}}],"inLanguage":"en-US"},{"@type":"Organization","@id":"https:\/\/www.facecorner.lv\/#organization","name":"Facecorner","url":"https:\/\/www.facecorner.lv\/","logo":{"@type":"ImageObject","inLanguage":"en-US","@id":"https:\/\/www.facecorner.lv\/#\/schema\/logo\/image\/","url":"https:\/\/www.facecorner.lv\/wp-content\/uploads\/2024\/04\/fc-logo.jpg","contentUrl":"https:\/\/www.facecorner.lv\/wp-content\/uploads\/2024\/04\/fc-logo.jpg","width":174,"height":28,"caption":"Facecorner"},"image":{"@id":"https:\/\/www.facecorner.lv\/#\/schema\/logo\/image\/"},"sameAs":["https:\/\/www.facebook.com\/profile.php?id=100063824551839","https:\/\/www.instagram.com\/facecorner_shop\/"]}]},"product_price_amount":"38.00","product_price_currency":"EUR","og_availability":"out of stock","product_availability":"out of stock","product_condition":"new"},"_links":{"self":[{"href":"https:\/\/www.facecorner.lv\/en\/wp-json\/wp\/v2\/product\/25566","targetHints":{"allow":["GET"]}}],"collection":[{"href":"https:\/\/www.facecorner.lv\/en\/wp-json\/wp\/v2\/product"}],"about":[{"href":"https:\/\/www.facecorner.lv\/en\/wp-json\/wp\/v2\/types\/product"}],"replies":[{"embeddable":true,"href":"https:\/\/www.facecorner.lv\/en\/wp-json\/wp\/v2\/comments?post=25566"}],"wp:featuredmedia":[{"embeddable":true,"href":"https:\/\/www.facecorner.lv\/en\/wp-json\/wp\/v2\/media\/25567"}],"wp:attachment":[{"href":"https:\/\/www.facecorner.lv\/en\/wp-json\/wp\/v2\/media?parent=25566"}],"wp:term":[{"taxonomy":"product_brand","embeddable":true,"href":"https:\/\/www.facecorner.lv\/en\/wp-json\/wp\/v2\/product_brand?post=25566"},{"taxonomy":"product_cat","embeddable":true,"href":"https:\/\/www.facecorner.lv\/en\/wp-json\/wp\/v2\/product_cat?post=25566"},{"taxonomy":"product_tag","embeddable":true,"href":"https:\/\/www.facecorner.lv\/en\/wp-json\/wp\/v2\/product_tag?post=25566"},{"taxonomy":"berocket_brand","embeddable":true,"href":"https:\/\/www.facecorner.lv\/en\/wp-json\/wp\/v2\/berocket_brand?post=25566"}],"curies":[{"name":"wp","href":"https:\/\/api.w.org\/{rel}","templated":true}]}}