{"id":25515,"date":"2025-10-07T14:43:40","date_gmt":"2025-10-07T11:43:40","guid":{"rendered":"https:\/\/www.facecorner.lv\/?post_type=product&#038;p=25515"},"modified":"2026-04-16T16:23:55","modified_gmt":"2026-04-16T13:23:55","slug":"sungboon-editor-deep-collagen-cream-in-serum-30ml","status":"publish","type":"product","link":"https:\/\/www.facecorner.lv\/en\/shop\/sungboon-editor-deep-collagen-cream-in-serum-30ml\/","title":{"rendered":"Sungboon Editor Deep Collagen Cream in Serum 30ml"},"content":{"rendered":"<p>Atkl\u0101jiet revolucion\u0101ro pretnoveco\u0161an\u0101s kop\u0161anas l\u012bdzekli Sungboon Editor Deep Collagen Cream in Serum\u00a0 \u2014 formulu, kas apvieno dzi\u013ci ies\u016bco\u0161\u0101s seruma iedarb\u012bbu un kr\u0113ma barojo\u0161o iedarb\u012bbu.<\/p>\n<p>Pateicoties ultra zemas molekulmasas kolag\u0113nam (maz\u0101k nek\u0101 300 Da), l\u012bdzeklis ies\u016bcas dzi\u013ci \u0101das sl\u0101\u0146os un efekt\u012bvi c\u012bn\u0101s ar noveco\u0161an\u0101s paz\u012bm\u0113m.<\/p>\n<p><strong>Galven\u0101s priek\u0161roc\u012bbas:<\/strong><\/p>\n<ul>\n<li>Elast\u012bba un liftinga efekts: akt\u012bvais kolag\u0113ns un elast\u012bns atjauno \u0101das bl\u012bvumu<\/li>\n<li>Intens\u012bva mitrin\u0101\u0161ana: 8 veidu hialuronsk\u0101be saglab\u0101 mitrumu visos \u0101das sl\u0101\u0146os<\/li>\n<li>Starojo\u0161s tonis: niac\u012bnam\u012bds izl\u012bdzina sejas kr\u0101su un samazina pigment\u0101ciju.<\/li>\n<li>Gludums un atjauno\u0161an\u0101s: adenoz\u012bns un aminosk\u0101bju komplekss samazina grumbu veido\u0161anos un uzlabo \u0101das tekst\u016bru.<\/li>\n<li>Maiga formula: bez parab\u0113niem, spirta un kairino\u0161\u0101m sast\u0101vda\u013c\u0101m \u2014 piem\u0113rota pat jut\u012bgai \u0101dai.<\/li>\n<\/ul>\n<p><strong>How to use:<\/strong>: Sakratiet flakonu, lai aktiviz\u0113tu formulu.Uzkl\u0101jiet 2\u20133 pilienus uz att\u012br\u012btas sejas \u0101das.Vienm\u0113r\u012bgi izl\u012bdziniet un \u013caujiet ies\u016bkties.Lietojiet no r\u012bta un vakar\u0101, lai pan\u0101ktu maksim\u0101lu efektu.<\/p>\n<p><strong>Sast\u0101vs:<\/strong> Water, Glycerin, Propanediol, Hydrogenated Polyisobutene, Neopentyl Glycol Diheptanoate, Glycereth-26, 1,2-Hexanediol, Dicaprylyl Carbonate, Niacinamide, Butylene Glycol, Hydrolyzed Collagen Extract, Trilaureth-4 Phosphate, Hydroxyethylcellulose, Ethylhexylglycerin, Adenosine, Disodium EDTA, Sodium Acetate, Cellulose, Glycine, Anemarrhena Asphodeloides Root Extract, Serine, Glutamic Acid, Sodium Hyaluronate, Aspartic Acid, Leucine, Hydrolyzed Collagen, Soluble Collagen, Alanine, Lysine, Arginine, Tyrosine, Phenylalanine, Proline, Threonine, Valine, Isoleucine, Tocopherol, Chondrus Crispus Extract, Histidine, Cysteine, Methionine, Hydrolyzed Elastin, Hydrolyzed Hyaluronic Acid, Sodium Acetylated Hyaluronate, Hyaluronic Acid, Hydrolyzed Sodium Hyaluronate, Sodium Hyaluronate Crosspolymer, Potassium Hyaluronate<\/p>","protected":false},"excerpt":{"rendered":"<p>Atkl\u0101jiet revolucion\u0101ro pretnoveco\u0161an\u0101s kop\u0161anas l\u012bdzekli Sungboon Editor Deep Collagen Cream in Serum\u00a0 \u2014 formulu, kas apvieno dzi\u013ci ies\u016bco\u0161\u0101s seruma iedarb\u012bbu un kr\u0113ma barojo\u0161o iedarb\u012bbu.<\/p>","protected":false},"featured_media":25516,"comment_status":"open","ping_status":"closed","template":"","meta":{"site-sidebar-layout":"default","site-content-layout":"","ast-site-content-layout":"default","site-content-style":"default","site-sidebar-style":"default","ast-global-header-display":"","ast-banner-title-visibility":"","ast-main-header-display":"","ast-hfb-above-header-display":"","ast-hfb-below-header-display":"","ast-hfb-mobile-header-display":"","site-post-title":"","ast-breadcrumbs-content":"","ast-featured-img":"","footer-sml-layout":"","theme-transparent-header-meta":"default","adv-header-id-meta":"","stick-header-meta":"","header-above-stick-meta":"","header-main-stick-meta":"","header-below-stick-meta":"","astra-migrate-meta-layouts":"set","ast-page-background-enabled":"default","ast-page-background-meta":{"desktop":{"background-color":"var(--ast-global-color-4)","background-image":"","background-repeat":"repeat","background-position":"center center","background-size":"auto","background-attachment":"scroll","background-type":"","background-media":"","overlay-type":"","overlay-color":"","overlay-opacity":"","overlay-gradient":""},"tablet":{"background-color":"","background-image":"","background-repeat":"repeat","background-position":"center center","background-size":"auto","background-attachment":"scroll","background-type":"","background-media":"","overlay-type":"","overlay-color":"","overlay-opacity":"","overlay-gradient":""},"mobile":{"background-color":"","background-image":"","background-repeat":"repeat","background-position":"center center","background-size":"auto","background-attachment":"scroll","background-type":"","background-media":"","overlay-type":"","overlay-color":"","overlay-opacity":"","overlay-gradient":""}},"ast-content-background-meta":{"desktop":{"background-color":"var(--ast-global-color-5)","background-image":"","background-repeat":"repeat","background-position":"center center","background-size":"auto","background-attachment":"scroll","background-type":"","background-media":"","overlay-type":"","overlay-color":"","overlay-opacity":"","overlay-gradient":""},"tablet":{"background-color":"var(--ast-global-color-5)","background-image":"","background-repeat":"repeat","background-position":"center center","background-size":"auto","background-attachment":"scroll","background-type":"","background-media":"","overlay-type":"","overlay-color":"","overlay-opacity":"","overlay-gradient":""},"mobile":{"background-color":"var(--ast-global-color-5)","background-image":"","background-repeat":"repeat","background-position":"center center","background-size":"auto","background-attachment":"scroll","background-type":"","background-media":"","overlay-type":"","overlay-color":"","overlay-opacity":"","overlay-gradient":""}}},"product_brand":[],"product_cat":[370,371,363],"product_tag":[],"berocket_brand":[651],"class_list":{"0":"post-25515","1":"product","2":"type-product","3":"status-publish","4":"has-post-thumbnail","6":"product_cat-adas-mirdzumam","7":"product_cat-anti-age","8":"product_cat-serumi","9":"berocket_brand-sungboon-editor","10":"desktop-align-left","11":"tablet-align-left","12":"mobile-align-left","14":"first","15":"outofstock","16":"sale","17":"taxable","18":"shipping-taxable","19":"purchasable","20":"product-type-simple","21":"add-to-wishlist-before_image"},"yoast_head":"<!-- This site is optimized with the Yoast SEO plugin v27.4 - https:\/\/yoast.com\/product\/yoast-seo-wordpress\/ -->\n<title>Sungboon Editor Deep Collagen Cream in Serum 30ml - FACECORNER<\/title>\n<meta name=\"description\" content=\"Atkl\u0101jiet revolucion\u0101ro pretnoveco\u0161an\u0101s kop\u0161anas l\u012bdzekli Sungboon Editor Deep Collagen Cream in Serum\u00a0 \u2014 formulu, kas apvieno dzi\u013ci ies\u016bco\u0161\u0101s seruma iedarb\u012bbu un kr\u0113ma barojo\u0161o iedarb\u012bbu.\" \/>\n<meta name=\"robots\" content=\"index, follow, max-snippet:-1, max-image-preview:large, max-video-preview:-1\" \/>\n<link rel=\"canonical\" href=\"https:\/\/www.facecorner.lv\/en\/shop\/sungboon-editor-deep-collagen-cream-in-serum-30ml\/\" \/>\n<meta property=\"og:locale\" content=\"en_US\" \/>\n<meta property=\"og:type\" content=\"article\" \/>\n<meta property=\"og:title\" content=\"Sungboon Editor Deep Collagen Cream in Serum 30ml - FACECORNER\" \/>\n<meta property=\"og:description\" content=\"Atkl\u0101jiet revolucion\u0101ro pretnoveco\u0161an\u0101s kop\u0161anas l\u012bdzekli Sungboon Editor Deep Collagen Cream in Serum\u00a0 \u2014 formulu, kas apvieno dzi\u013ci ies\u016bco\u0161\u0101s seruma iedarb\u012bbu un kr\u0113ma barojo\u0161o iedarb\u012bbu.\" \/>\n<meta property=\"og:url\" content=\"https:\/\/www.facecorner.lv\/en\/shop\/sungboon-editor-deep-collagen-cream-in-serum-30ml\/\" \/>\n<meta property=\"og:site_name\" content=\"FACECORNER\" \/>\n<meta property=\"article:publisher\" content=\"https:\/\/www.facebook.com\/profile.php?id=100063824551839\" \/>\n<meta property=\"article:modified_time\" content=\"2026-04-16T13:23:55+00:00\" \/>\n<meta property=\"og:image\" content=\"https:\/\/www.facecorner.lv\/wp-content\/uploads\/2025\/10\/61N9pl4EocL._UF10001000_QL80_.jpg\" \/>\n\t<meta property=\"og:image:width\" content=\"1000\" \/>\n\t<meta property=\"og:image:height\" content=\"1000\" \/>\n\t<meta property=\"og:image:type\" content=\"image\/jpeg\" \/>\n<meta name=\"twitter:card\" content=\"summary_large_image\" \/>\n<meta name=\"twitter:label1\" content=\"Price\" \/>\n\t<meta name=\"twitter:data1\" content=\"&euro;20.95\" \/>\n\t<meta name=\"twitter:label2\" content=\"Availability\" \/>\n\t<meta name=\"twitter:data2\" content=\"Out of stock\" \/>\n<script type=\"application\/ld+json\" class=\"yoast-schema-graph\">{\"@context\":\"https:\\\/\\\/schema.org\",\"@graph\":[{\"@type\":\"WebPage\",\"@id\":\"https:\\\/\\\/www.facecorner.lv\\\/shop\\\/sungboon-editor-deep-collagen-cream-in-serum-30ml\\\/\",\"url\":\"https:\\\/\\\/www.facecorner.lv\\\/shop\\\/sungboon-editor-deep-collagen-cream-in-serum-30ml\\\/\",\"name\":\"Sungboon Editor Deep Collagen Cream in Serum 30ml - FACECORNER\",\"isPartOf\":{\"@id\":\"https:\\\/\\\/www.facecorner.lv\\\/#website\"},\"primaryImageOfPage\":{\"@id\":\"https:\\\/\\\/www.facecorner.lv\\\/shop\\\/sungboon-editor-deep-collagen-cream-in-serum-30ml\\\/#primaryimage\"},\"image\":{\"@id\":\"https:\\\/\\\/www.facecorner.lv\\\/shop\\\/sungboon-editor-deep-collagen-cream-in-serum-30ml\\\/#primaryimage\"},\"thumbnailUrl\":\"https:\\\/\\\/www.facecorner.lv\\\/wp-content\\\/uploads\\\/2025\\\/10\\\/61N9pl4EocL._UF10001000_QL80_.jpg\",\"datePublished\":\"2025-10-07T11:43:40+00:00\",\"dateModified\":\"2026-04-16T13:23:55+00:00\",\"description\":\"Atkl\u0101jiet revolucion\u0101ro pretnoveco\u0161an\u0101s kop\u0161anas l\u012bdzekli Sungboon Editor Deep Collagen Cream in Serum\u00a0 \u2014 formulu, kas apvieno dzi\u013ci ies\u016bco\u0161\u0101s seruma iedarb\u012bbu un kr\u0113ma barojo\u0161o iedarb\u012bbu.\",\"breadcrumb\":{\"@id\":\"https:\\\/\\\/www.facecorner.lv\\\/shop\\\/sungboon-editor-deep-collagen-cream-in-serum-30ml\\\/#breadcrumb\"},\"inLanguage\":\"en-US\",\"potentialAction\":[{\"@type\":\"ReadAction\",\"target\":[\"https:\\\/\\\/www.facecorner.lv\\\/shop\\\/sungboon-editor-deep-collagen-cream-in-serum-30ml\\\/\"]}]},{\"@type\":\"ImageObject\",\"inLanguage\":\"en-US\",\"@id\":\"https:\\\/\\\/www.facecorner.lv\\\/shop\\\/sungboon-editor-deep-collagen-cream-in-serum-30ml\\\/#primaryimage\",\"url\":\"https:\\\/\\\/www.facecorner.lv\\\/wp-content\\\/uploads\\\/2025\\\/10\\\/61N9pl4EocL._UF10001000_QL80_.jpg\",\"contentUrl\":\"https:\\\/\\\/www.facecorner.lv\\\/wp-content\\\/uploads\\\/2025\\\/10\\\/61N9pl4EocL._UF10001000_QL80_.jpg\",\"width\":1000,\"height\":1000,\"caption\":\"Sungboon Editor Deep Collagen Cream in Serum\"},{\"@type\":\"BreadcrumbList\",\"@id\":\"https:\\\/\\\/www.facecorner.lv\\\/shop\\\/sungboon-editor-deep-collagen-cream-in-serum-30ml\\\/#breadcrumb\",\"itemListElement\":[{\"@type\":\"ListItem\",\"position\":1,\"name\":\"Home\",\"item\":\"https:\\\/\\\/www.facecorner.lv\\\/\"},{\"@type\":\"ListItem\",\"position\":2,\"name\":\"Veikals\",\"item\":\"https:\\\/\\\/www.facecorner.lv\\\/shop\\\/\"},{\"@type\":\"ListItem\",\"position\":3,\"name\":\"Sungboon Editor Deep Collagen Cream in Serum 30ml\"}]},{\"@type\":\"WebSite\",\"@id\":\"https:\\\/\\\/www.facecorner.lv\\\/#website\",\"url\":\"https:\\\/\\\/www.facecorner.lv\\\/\",\"name\":\"Facecorner\",\"description\":\"\",\"publisher\":{\"@id\":\"https:\\\/\\\/www.facecorner.lv\\\/#organization\"},\"potentialAction\":[{\"@type\":\"SearchAction\",\"target\":{\"@type\":\"EntryPoint\",\"urlTemplate\":\"https:\\\/\\\/www.facecorner.lv\\\/?s={search_term_string}\"},\"query-input\":{\"@type\":\"PropertyValueSpecification\",\"valueRequired\":true,\"valueName\":\"search_term_string\"}}],\"inLanguage\":\"en-US\"},{\"@type\":\"Organization\",\"@id\":\"https:\\\/\\\/www.facecorner.lv\\\/#organization\",\"name\":\"Facecorner\",\"url\":\"https:\\\/\\\/www.facecorner.lv\\\/\",\"logo\":{\"@type\":\"ImageObject\",\"inLanguage\":\"en-US\",\"@id\":\"https:\\\/\\\/www.facecorner.lv\\\/#\\\/schema\\\/logo\\\/image\\\/\",\"url\":\"https:\\\/\\\/www.facecorner.lv\\\/wp-content\\\/uploads\\\/2024\\\/04\\\/fc-logo.jpg\",\"contentUrl\":\"https:\\\/\\\/www.facecorner.lv\\\/wp-content\\\/uploads\\\/2024\\\/04\\\/fc-logo.jpg\",\"width\":174,\"height\":28,\"caption\":\"Facecorner\"},\"image\":{\"@id\":\"https:\\\/\\\/www.facecorner.lv\\\/#\\\/schema\\\/logo\\\/image\\\/\"},\"sameAs\":[\"https:\\\/\\\/www.facebook.com\\\/profile.php?id=100063824551839\",\"https:\\\/\\\/www.instagram.com\\\/facecorner_shop\\\/\"]}]}<\/script>\n<meta property=\"product:price:amount\" content=\"20.95\" \/>\n<meta property=\"product:price:currency\" content=\"EUR\" \/>\n<meta property=\"og:availability\" content=\"out of stock\" \/>\n<meta property=\"product:availability\" content=\"out of stock\" \/>\n<meta property=\"product:condition\" content=\"new\" \/>\n<!-- \/ Yoast SEO plugin. -->","yoast_head_json":{"title":"Sungboon Editor Deep Collagen Cream in Serum 30ml - FACECORNER","description":"Atkl\u0101jiet revolucion\u0101ro pretnoveco\u0161an\u0101s kop\u0161anas l\u012bdzekli Sungboon Editor Deep Collagen Cream in Serum\u00a0 \u2014 formulu, kas apvieno dzi\u013ci ies\u016bco\u0161\u0101s seruma iedarb\u012bbu un kr\u0113ma barojo\u0161o iedarb\u012bbu.","robots":{"index":"index","follow":"follow","max-snippet":"max-snippet:-1","max-image-preview":"max-image-preview:large","max-video-preview":"max-video-preview:-1"},"canonical":"https:\/\/www.facecorner.lv\/en\/shop\/sungboon-editor-deep-collagen-cream-in-serum-30ml\/","og_locale":"en_US","og_type":"article","og_title":"Sungboon Editor Deep Collagen Cream in Serum 30ml - FACECORNER","og_description":"Atkl\u0101jiet revolucion\u0101ro pretnoveco\u0161an\u0101s kop\u0161anas l\u012bdzekli Sungboon Editor Deep Collagen Cream in Serum\u00a0 \u2014 formulu, kas apvieno dzi\u013ci ies\u016bco\u0161\u0101s seruma iedarb\u012bbu un kr\u0113ma barojo\u0161o iedarb\u012bbu.","og_url":"https:\/\/www.facecorner.lv\/en\/shop\/sungboon-editor-deep-collagen-cream-in-serum-30ml\/","og_site_name":"FACECORNER","article_publisher":"https:\/\/www.facebook.com\/profile.php?id=100063824551839","article_modified_time":"2026-04-16T13:23:55+00:00","og_image":[{"width":1000,"height":1000,"url":"https:\/\/www.facecorner.lv\/wp-content\/uploads\/2025\/10\/61N9pl4EocL._UF10001000_QL80_.jpg","type":"image\/jpeg"}],"twitter_card":"summary_large_image","twitter_misc":{"Price":"&euro;20.95","Availability":"Out of stock"},"schema":{"@context":"https:\/\/schema.org","@graph":[{"@type":"WebPage","@id":"https:\/\/www.facecorner.lv\/shop\/sungboon-editor-deep-collagen-cream-in-serum-30ml\/","url":"https:\/\/www.facecorner.lv\/shop\/sungboon-editor-deep-collagen-cream-in-serum-30ml\/","name":"Sungboon Editor Deep Collagen Cream in Serum 30ml - FACECORNER","isPartOf":{"@id":"https:\/\/www.facecorner.lv\/#website"},"primaryImageOfPage":{"@id":"https:\/\/www.facecorner.lv\/shop\/sungboon-editor-deep-collagen-cream-in-serum-30ml\/#primaryimage"},"image":{"@id":"https:\/\/www.facecorner.lv\/shop\/sungboon-editor-deep-collagen-cream-in-serum-30ml\/#primaryimage"},"thumbnailUrl":"https:\/\/www.facecorner.lv\/wp-content\/uploads\/2025\/10\/61N9pl4EocL._UF10001000_QL80_.jpg","datePublished":"2025-10-07T11:43:40+00:00","dateModified":"2026-04-16T13:23:55+00:00","description":"Atkl\u0101jiet revolucion\u0101ro pretnoveco\u0161an\u0101s kop\u0161anas l\u012bdzekli Sungboon Editor Deep Collagen Cream in Serum\u00a0 \u2014 formulu, kas apvieno dzi\u013ci ies\u016bco\u0161\u0101s seruma iedarb\u012bbu un kr\u0113ma barojo\u0161o iedarb\u012bbu.","breadcrumb":{"@id":"https:\/\/www.facecorner.lv\/shop\/sungboon-editor-deep-collagen-cream-in-serum-30ml\/#breadcrumb"},"inLanguage":"en-US","potentialAction":[{"@type":"ReadAction","target":["https:\/\/www.facecorner.lv\/shop\/sungboon-editor-deep-collagen-cream-in-serum-30ml\/"]}]},{"@type":"ImageObject","inLanguage":"en-US","@id":"https:\/\/www.facecorner.lv\/shop\/sungboon-editor-deep-collagen-cream-in-serum-30ml\/#primaryimage","url":"https:\/\/www.facecorner.lv\/wp-content\/uploads\/2025\/10\/61N9pl4EocL._UF10001000_QL80_.jpg","contentUrl":"https:\/\/www.facecorner.lv\/wp-content\/uploads\/2025\/10\/61N9pl4EocL._UF10001000_QL80_.jpg","width":1000,"height":1000,"caption":"Sungboon Editor Deep Collagen Cream in Serum"},{"@type":"BreadcrumbList","@id":"https:\/\/www.facecorner.lv\/shop\/sungboon-editor-deep-collagen-cream-in-serum-30ml\/#breadcrumb","itemListElement":[{"@type":"ListItem","position":1,"name":"Home","item":"https:\/\/www.facecorner.lv\/"},{"@type":"ListItem","position":2,"name":"Veikals","item":"https:\/\/www.facecorner.lv\/shop\/"},{"@type":"ListItem","position":3,"name":"Sungboon Editor Deep Collagen Cream in Serum 30ml"}]},{"@type":"WebSite","@id":"https:\/\/www.facecorner.lv\/#website","url":"https:\/\/www.facecorner.lv\/","name":"Facecorner","description":"","publisher":{"@id":"https:\/\/www.facecorner.lv\/#organization"},"potentialAction":[{"@type":"SearchAction","target":{"@type":"EntryPoint","urlTemplate":"https:\/\/www.facecorner.lv\/?s={search_term_string}"},"query-input":{"@type":"PropertyValueSpecification","valueRequired":true,"valueName":"search_term_string"}}],"inLanguage":"en-US"},{"@type":"Organization","@id":"https:\/\/www.facecorner.lv\/#organization","name":"Facecorner","url":"https:\/\/www.facecorner.lv\/","logo":{"@type":"ImageObject","inLanguage":"en-US","@id":"https:\/\/www.facecorner.lv\/#\/schema\/logo\/image\/","url":"https:\/\/www.facecorner.lv\/wp-content\/uploads\/2024\/04\/fc-logo.jpg","contentUrl":"https:\/\/www.facecorner.lv\/wp-content\/uploads\/2024\/04\/fc-logo.jpg","width":174,"height":28,"caption":"Facecorner"},"image":{"@id":"https:\/\/www.facecorner.lv\/#\/schema\/logo\/image\/"},"sameAs":["https:\/\/www.facebook.com\/profile.php?id=100063824551839","https:\/\/www.instagram.com\/facecorner_shop\/"]}]},"product_price_amount":"20.95","product_price_currency":"EUR","og_availability":"out of stock","product_availability":"out of stock","product_condition":"new"},"_links":{"self":[{"href":"https:\/\/www.facecorner.lv\/en\/wp-json\/wp\/v2\/product\/25515","targetHints":{"allow":["GET"]}}],"collection":[{"href":"https:\/\/www.facecorner.lv\/en\/wp-json\/wp\/v2\/product"}],"about":[{"href":"https:\/\/www.facecorner.lv\/en\/wp-json\/wp\/v2\/types\/product"}],"replies":[{"embeddable":true,"href":"https:\/\/www.facecorner.lv\/en\/wp-json\/wp\/v2\/comments?post=25515"}],"wp:featuredmedia":[{"embeddable":true,"href":"https:\/\/www.facecorner.lv\/en\/wp-json\/wp\/v2\/media\/25516"}],"wp:attachment":[{"href":"https:\/\/www.facecorner.lv\/en\/wp-json\/wp\/v2\/media?parent=25515"}],"wp:term":[{"taxonomy":"product_brand","embeddable":true,"href":"https:\/\/www.facecorner.lv\/en\/wp-json\/wp\/v2\/product_brand?post=25515"},{"taxonomy":"product_cat","embeddable":true,"href":"https:\/\/www.facecorner.lv\/en\/wp-json\/wp\/v2\/product_cat?post=25515"},{"taxonomy":"product_tag","embeddable":true,"href":"https:\/\/www.facecorner.lv\/en\/wp-json\/wp\/v2\/product_tag?post=25515"},{"taxonomy":"berocket_brand","embeddable":true,"href":"https:\/\/www.facecorner.lv\/en\/wp-json\/wp\/v2\/berocket_brand?post=25515"}],"curies":[{"name":"wp","href":"https:\/\/api.w.org\/{rel}","templated":true}]}}