{"id":25465,"date":"2025-10-03T13:28:23","date_gmt":"2025-10-03T10:28:23","guid":{"rendered":"https:\/\/www.facecorner.lv\/?post_type=product&#038;p=25465"},"modified":"2026-02-01T19:58:22","modified_gmt":"2026-02-01T16:58:22","slug":"ampula-poru-sasaurinasanai-rejuran-derma-healer-pore-tightening-ampoule-30ml","status":"publish","type":"product","link":"https:\/\/www.facecorner.lv\/en\/shop\/ampula-poru-sasaurinasanai-rejuran-derma-healer-pore-tightening-ampoule-30ml\/","title":{"rendered":"Ampula poru sa\u0161aurin\u0101\u0161anai REJURAN Derma Healer Pore Tightening Ampoule 30ml"},"content":{"rendered":"<p>REJURAN Derma Healer Pore Tightening Ampoule serums ir sp\u0113c\u012bgs prepar\u0101ts, kas paredz\u0113ts, lai iev\u0113rojami samazin\u0101tu papla\u0161in\u0101to poru redzam\u012bbu, uzlabojot \u0101das tekst\u016bru un l\u012bdzsvaru.<\/p>\n<p>PN (polideoksiribonukleot\u012bdu) un poras samazino\u0161\u0101m akt\u012bv\u0101m viel\u0101m, \u0161\u012b viegla ampula atbalsta \u0101das re\u0123ener\u0101ciju, kontrol\u0113 p\u0101rm\u0113r\u012bgu sebuma izdal\u012b\u0161anos un uzlabo raupjas vai nevienm\u0113r\u012bgas \u0101das st\u0101vokli, nodro\u0161inot svaigu, att\u012br\u012btu sejas kr\u0101su.<\/p>\n<p><strong>It is a total care mask that tightens the skin.<\/strong><br \/>\n\u2022 PN (polideoksiribonukleot\u012bds) \u2013 uzlabo \u0101das atjauno\u0161anos un iztur\u012bbu<br \/>\n\u2022 Niac\u012bnam\u012bds \u2013 izgaismo un izl\u012bdzina \u0101das toni<br \/>\n\u2022 Salicilsk\u0101be (BHA) \u2013 maigi att\u012bra poras<br \/>\n\u2022 Hamamelis ekstrakts \u2013 nomierina un sa\u0161aurina poras<br \/>\n\u2022 Panthenols (B5 vitam\u012bns) \u2013 mitrina un nomierina kairin\u0101jumu<\/p>\n<ul>\n<li>Sa\u0161aurina un samazina papla\u0161in\u0101tas poras.<\/li>\n<li>\u00a0Izl\u012bdzina \u0101das tekst\u016bru un samazina raupjumu.<\/li>\n<li>\u00a0Kontrol\u0113 sebuma izdal\u012b\u0161anos un sp\u012bdumu.<\/li>\n<li>Mitrina un stiprina \u0101das barjeru.<\/li>\n<\/ul>\n<p><strong>How to use:\u00a0<\/strong>\u0100das kop\u0161anas rut\u012bnas ampulas posm\u0101 uzkl\u0101jiet produktu uz \u0101das tekst\u016bras un viegli ieklopojiet, lai veicin\u0101tu uzs\u016bk\u0161anos.<\/p>\n<p><strong>Sast\u0101vs:<\/strong> Water, Butylene Glycol, Glycerin, Aloe Barbadensis Leaf Juice, Cucumis Sativus (Cucumber) Fruit Extract, Niacinamide, 1,2-Hexanediol, Hamamelis Virginiana (Witch Hazel) Extract, Gluconolactone, Lactic Acid, Hydrolyzed DNA, Dipropylene Glycol, Caprylic\/Capric Triglyceride, Glycolic Acid, Sodium Hydroxide, Sodium Hyaluronate, Xanthan Gum, Avena Sativa (Oat) Kernel Extract, Calendula Officinalis Extract, Propanediol, Caramel, White Willow Bark Extract, Laminaria Ochroleuca Extract, Salicylic Acid, Allantoin, Disodium EDTA, Ethylhexylglycerin, Acacia Senegal Gum, Adenosine, Pentylene Glycol, Sodium Mannose Phosphate, Mannose, Lysine, Citrus Aurantium Bergamia (Bergamot) Fruit Oil, Lavandula Angustifolia (Lavender) Oil, Proline, Copper Sulfate, Achillea Millefolium Extract, Capryloyl Salicylic Acid, Citrus Paradisi (Grapefruit) Peel Oil<\/p>\n<p>&nbsp;<\/p>","protected":false},"excerpt":{"rendered":"<p>REJURAN Derma Healer Pore Tightening Ampoule serums ir sp\u0113c\u012bgs prepar\u0101ts, kas paredz\u0113ts, lai iev\u0113rojami samazin\u0101tu papla\u0161in\u0101to poru redzam\u012bbu, uzlabojot \u0101das tekst\u016bru un l\u012bdzsvaru.<\/p>","protected":false},"featured_media":25466,"comment_status":"open","ping_status":"closed","template":"","meta":{"site-sidebar-layout":"default","site-content-layout":"","ast-site-content-layout":"default","site-content-style":"default","site-sidebar-style":"default","ast-global-header-display":"","ast-banner-title-visibility":"","ast-main-header-display":"","ast-hfb-above-header-display":"","ast-hfb-below-header-display":"","ast-hfb-mobile-header-display":"","site-post-title":"","ast-breadcrumbs-content":"","ast-featured-img":"","footer-sml-layout":"","theme-transparent-header-meta":"default","adv-header-id-meta":"","stick-header-meta":"","header-above-stick-meta":"","header-main-stick-meta":"","header-below-stick-meta":"","astra-migrate-meta-layouts":"set","ast-page-background-enabled":"default","ast-page-background-meta":{"desktop":{"background-color":"var(--ast-global-color-4)","background-image":"","background-repeat":"repeat","background-position":"center center","background-size":"auto","background-attachment":"scroll","background-type":"","background-media":"","overlay-type":"","overlay-color":"","overlay-opacity":"","overlay-gradient":""},"tablet":{"background-color":"","background-image":"","background-repeat":"repeat","background-position":"center center","background-size":"auto","background-attachment":"scroll","background-type":"","background-media":"","overlay-type":"","overlay-color":"","overlay-opacity":"","overlay-gradient":""},"mobile":{"background-color":"","background-image":"","background-repeat":"repeat","background-position":"center center","background-size":"auto","background-attachment":"scroll","background-type":"","background-media":"","overlay-type":"","overlay-color":"","overlay-opacity":"","overlay-gradient":""}},"ast-content-background-meta":{"desktop":{"background-color":"var(--ast-global-color-5)","background-image":"","background-repeat":"repeat","background-position":"center center","background-size":"auto","background-attachment":"scroll","background-type":"","background-media":"","overlay-type":"","overlay-color":"","overlay-opacity":"","overlay-gradient":""},"tablet":{"background-color":"var(--ast-global-color-5)","background-image":"","background-repeat":"repeat","background-position":"center center","background-size":"auto","background-attachment":"scroll","background-type":"","background-media":"","overlay-type":"","overlay-color":"","overlay-opacity":"","overlay-gradient":""},"mobile":{"background-color":"var(--ast-global-color-5)","background-image":"","background-repeat":"repeat","background-position":"center center","background-size":"auto","background-attachment":"scroll","background-type":"","background-media":"","overlay-type":"","overlay-color":"","overlay-opacity":"","overlay-gradient":""}}},"product_brand":[],"product_cat":[371,373,363],"product_tag":[],"berocket_brand":[639],"class_list":{"0":"post-25465","1":"product","2":"type-product","3":"status-publish","4":"has-post-thumbnail","6":"product_cat-anti-age","7":"product_cat-poras-sasaurinoss","8":"product_cat-serumi","9":"berocket_brand-rejuran","10":"desktop-align-left","11":"tablet-align-left","12":"mobile-align-left","14":"first","15":"outofstock","16":"taxable","17":"shipping-taxable","18":"purchasable","19":"product-type-simple","20":"add-to-wishlist-before_image"},"yoast_head":"<!-- This site is optimized with the Yoast SEO plugin v27.4 - https:\/\/yoast.com\/product\/yoast-seo-wordpress\/ -->\n<title>Ampula poru sa\u0161aurin\u0101\u0161anai REJURAN Derma Healer Pore Tightening Ampoule 30ml - FACECORNER<\/title>\n<meta name=\"description\" content=\"REJURAN Derma Healer Pore Tightening Ampoule serums ir sp\u0113c\u012bgs prepar\u0101ts, kas paredz\u0113ts, lai iev\u0113rojami samazin\u0101tu papla\u0161in\u0101to poru redzam\u012bbu\" \/>\n<meta name=\"robots\" content=\"index, follow, max-snippet:-1, max-image-preview:large, max-video-preview:-1\" \/>\n<link rel=\"canonical\" href=\"https:\/\/www.facecorner.lv\/en\/shop\/ampula-poru-sasaurinasanai-rejuran-derma-healer-pore-tightening-ampoule-30ml\/\" \/>\n<meta property=\"og:locale\" content=\"en_US\" \/>\n<meta property=\"og:type\" content=\"article\" \/>\n<meta property=\"og:title\" content=\"Ampula poru sa\u0161aurin\u0101\u0161anai REJURAN Derma Healer Pore Tightening Ampoule 30ml - FACECORNER\" \/>\n<meta property=\"og:description\" content=\"REJURAN Derma Healer Pore Tightening Ampoule serums ir sp\u0113c\u012bgs prepar\u0101ts, kas paredz\u0113ts, lai iev\u0113rojami samazin\u0101tu papla\u0161in\u0101to poru redzam\u012bbu\" \/>\n<meta property=\"og:url\" content=\"https:\/\/www.facecorner.lv\/en\/shop\/ampula-poru-sasaurinasanai-rejuran-derma-healer-pore-tightening-ampoule-30ml\/\" \/>\n<meta property=\"og:site_name\" content=\"FACECORNER\" \/>\n<meta property=\"article:publisher\" content=\"https:\/\/www.facebook.com\/profile.php?id=100063824551839\" \/>\n<meta property=\"article:modified_time\" content=\"2026-02-01T16:58:22+00:00\" \/>\n<meta property=\"og:image\" content=\"https:\/\/www.facecorner.lv\/wp-content\/uploads\/2025\/10\/0367c1a4-108b-46d7-8ce3-ee08e1c2b00d.webp\" \/>\n\t<meta property=\"og:image:width\" content=\"1500\" \/>\n\t<meta property=\"og:image:height\" content=\"1500\" \/>\n\t<meta property=\"og:image:type\" content=\"image\/webp\" \/>\n<meta name=\"twitter:card\" content=\"summary_large_image\" \/>\n<meta name=\"twitter:label1\" content=\"Price\" \/>\n\t<meta name=\"twitter:data1\" content=\"&euro;49.90\" \/>\n\t<meta name=\"twitter:label2\" content=\"Availability\" \/>\n\t<meta name=\"twitter:data2\" content=\"Out of stock\" \/>\n<script type=\"application\/ld+json\" class=\"yoast-schema-graph\">{\"@context\":\"https:\\\/\\\/schema.org\",\"@graph\":[{\"@type\":\"WebPage\",\"@id\":\"https:\\\/\\\/www.facecorner.lv\\\/shop\\\/ampula-poru-sasaurinasanai-rejuran-derma-healer-pore-tightening-ampoule-30ml\\\/\",\"url\":\"https:\\\/\\\/www.facecorner.lv\\\/shop\\\/ampula-poru-sasaurinasanai-rejuran-derma-healer-pore-tightening-ampoule-30ml\\\/\",\"name\":\"Ampula poru sa\u0161aurin\u0101\u0161anai REJURAN Derma Healer Pore Tightening Ampoule 30ml - FACECORNER\",\"isPartOf\":{\"@id\":\"https:\\\/\\\/www.facecorner.lv\\\/#website\"},\"primaryImageOfPage\":{\"@id\":\"https:\\\/\\\/www.facecorner.lv\\\/shop\\\/ampula-poru-sasaurinasanai-rejuran-derma-healer-pore-tightening-ampoule-30ml\\\/#primaryimage\"},\"image\":{\"@id\":\"https:\\\/\\\/www.facecorner.lv\\\/shop\\\/ampula-poru-sasaurinasanai-rejuran-derma-healer-pore-tightening-ampoule-30ml\\\/#primaryimage\"},\"thumbnailUrl\":\"https:\\\/\\\/www.facecorner.lv\\\/wp-content\\\/uploads\\\/2025\\\/10\\\/0367c1a4-108b-46d7-8ce3-ee08e1c2b00d.webp\",\"datePublished\":\"2025-10-03T10:28:23+00:00\",\"dateModified\":\"2026-02-01T16:58:22+00:00\",\"description\":\"REJURAN Derma Healer Pore Tightening Ampoule serums ir sp\u0113c\u012bgs prepar\u0101ts, kas paredz\u0113ts, lai iev\u0113rojami samazin\u0101tu papla\u0161in\u0101to poru redzam\u012bbu\",\"breadcrumb\":{\"@id\":\"https:\\\/\\\/www.facecorner.lv\\\/shop\\\/ampula-poru-sasaurinasanai-rejuran-derma-healer-pore-tightening-ampoule-30ml\\\/#breadcrumb\"},\"inLanguage\":\"en-US\",\"potentialAction\":[{\"@type\":\"ReadAction\",\"target\":[\"https:\\\/\\\/www.facecorner.lv\\\/shop\\\/ampula-poru-sasaurinasanai-rejuran-derma-healer-pore-tightening-ampoule-30ml\\\/\"]}]},{\"@type\":\"ImageObject\",\"inLanguage\":\"en-US\",\"@id\":\"https:\\\/\\\/www.facecorner.lv\\\/shop\\\/ampula-poru-sasaurinasanai-rejuran-derma-healer-pore-tightening-ampoule-30ml\\\/#primaryimage\",\"url\":\"https:\\\/\\\/www.facecorner.lv\\\/wp-content\\\/uploads\\\/2025\\\/10\\\/0367c1a4-108b-46d7-8ce3-ee08e1c2b00d.webp\",\"contentUrl\":\"https:\\\/\\\/www.facecorner.lv\\\/wp-content\\\/uploads\\\/2025\\\/10\\\/0367c1a4-108b-46d7-8ce3-ee08e1c2b00d.webp\",\"width\":1500,\"height\":1500,\"caption\":\"REJURAN Derma Healer Pore Tightening Ampoule\"},{\"@type\":\"BreadcrumbList\",\"@id\":\"https:\\\/\\\/www.facecorner.lv\\\/shop\\\/ampula-poru-sasaurinasanai-rejuran-derma-healer-pore-tightening-ampoule-30ml\\\/#breadcrumb\",\"itemListElement\":[{\"@type\":\"ListItem\",\"position\":1,\"name\":\"Home\",\"item\":\"https:\\\/\\\/www.facecorner.lv\\\/\"},{\"@type\":\"ListItem\",\"position\":2,\"name\":\"Veikals\",\"item\":\"https:\\\/\\\/www.facecorner.lv\\\/shop\\\/\"},{\"@type\":\"ListItem\",\"position\":3,\"name\":\"Ampula poru sa\u0161aurin\u0101\u0161anai REJURAN Derma Healer Pore Tightening Ampoule 30ml\"}]},{\"@type\":\"WebSite\",\"@id\":\"https:\\\/\\\/www.facecorner.lv\\\/#website\",\"url\":\"https:\\\/\\\/www.facecorner.lv\\\/\",\"name\":\"Facecorner\",\"description\":\"\",\"publisher\":{\"@id\":\"https:\\\/\\\/www.facecorner.lv\\\/#organization\"},\"potentialAction\":[{\"@type\":\"SearchAction\",\"target\":{\"@type\":\"EntryPoint\",\"urlTemplate\":\"https:\\\/\\\/www.facecorner.lv\\\/?s={search_term_string}\"},\"query-input\":{\"@type\":\"PropertyValueSpecification\",\"valueRequired\":true,\"valueName\":\"search_term_string\"}}],\"inLanguage\":\"en-US\"},{\"@type\":\"Organization\",\"@id\":\"https:\\\/\\\/www.facecorner.lv\\\/#organization\",\"name\":\"Facecorner\",\"url\":\"https:\\\/\\\/www.facecorner.lv\\\/\",\"logo\":{\"@type\":\"ImageObject\",\"inLanguage\":\"en-US\",\"@id\":\"https:\\\/\\\/www.facecorner.lv\\\/#\\\/schema\\\/logo\\\/image\\\/\",\"url\":\"https:\\\/\\\/www.facecorner.lv\\\/wp-content\\\/uploads\\\/2024\\\/04\\\/fc-logo.jpg\",\"contentUrl\":\"https:\\\/\\\/www.facecorner.lv\\\/wp-content\\\/uploads\\\/2024\\\/04\\\/fc-logo.jpg\",\"width\":174,\"height\":28,\"caption\":\"Facecorner\"},\"image\":{\"@id\":\"https:\\\/\\\/www.facecorner.lv\\\/#\\\/schema\\\/logo\\\/image\\\/\"},\"sameAs\":[\"https:\\\/\\\/www.facebook.com\\\/profile.php?id=100063824551839\",\"https:\\\/\\\/www.instagram.com\\\/facecorner_shop\\\/\"]}]}<\/script>\n<meta property=\"product:price:amount\" content=\"49.90\" \/>\n<meta property=\"product:price:currency\" content=\"EUR\" \/>\n<meta property=\"og:availability\" content=\"out of stock\" \/>\n<meta property=\"product:availability\" content=\"out of stock\" \/>\n<meta property=\"product:condition\" content=\"new\" \/>\n<!-- \/ Yoast SEO plugin. -->","yoast_head_json":{"title":"Ampula poru sa\u0161aurin\u0101\u0161anai REJURAN Derma Healer Pore Tightening Ampoule 30ml - FACECORNER","description":"REJURAN Derma Healer Pore Tightening Ampoule serums ir sp\u0113c\u012bgs prepar\u0101ts, kas paredz\u0113ts, lai iev\u0113rojami samazin\u0101tu papla\u0161in\u0101to poru redzam\u012bbu","robots":{"index":"index","follow":"follow","max-snippet":"max-snippet:-1","max-image-preview":"max-image-preview:large","max-video-preview":"max-video-preview:-1"},"canonical":"https:\/\/www.facecorner.lv\/en\/shop\/ampula-poru-sasaurinasanai-rejuran-derma-healer-pore-tightening-ampoule-30ml\/","og_locale":"en_US","og_type":"article","og_title":"Ampula poru sa\u0161aurin\u0101\u0161anai REJURAN Derma Healer Pore Tightening Ampoule 30ml - FACECORNER","og_description":"REJURAN Derma Healer Pore Tightening Ampoule serums ir sp\u0113c\u012bgs prepar\u0101ts, kas paredz\u0113ts, lai iev\u0113rojami samazin\u0101tu papla\u0161in\u0101to poru redzam\u012bbu","og_url":"https:\/\/www.facecorner.lv\/en\/shop\/ampula-poru-sasaurinasanai-rejuran-derma-healer-pore-tightening-ampoule-30ml\/","og_site_name":"FACECORNER","article_publisher":"https:\/\/www.facebook.com\/profile.php?id=100063824551839","article_modified_time":"2026-02-01T16:58:22+00:00","og_image":[{"width":1500,"height":1500,"url":"https:\/\/www.facecorner.lv\/wp-content\/uploads\/2025\/10\/0367c1a4-108b-46d7-8ce3-ee08e1c2b00d.webp","type":"image\/webp"}],"twitter_card":"summary_large_image","twitter_misc":{"Price":"&euro;49.90","Availability":"Out of stock"},"schema":{"@context":"https:\/\/schema.org","@graph":[{"@type":"WebPage","@id":"https:\/\/www.facecorner.lv\/shop\/ampula-poru-sasaurinasanai-rejuran-derma-healer-pore-tightening-ampoule-30ml\/","url":"https:\/\/www.facecorner.lv\/shop\/ampula-poru-sasaurinasanai-rejuran-derma-healer-pore-tightening-ampoule-30ml\/","name":"Ampula poru sa\u0161aurin\u0101\u0161anai REJURAN Derma Healer Pore Tightening Ampoule 30ml - FACECORNER","isPartOf":{"@id":"https:\/\/www.facecorner.lv\/#website"},"primaryImageOfPage":{"@id":"https:\/\/www.facecorner.lv\/shop\/ampula-poru-sasaurinasanai-rejuran-derma-healer-pore-tightening-ampoule-30ml\/#primaryimage"},"image":{"@id":"https:\/\/www.facecorner.lv\/shop\/ampula-poru-sasaurinasanai-rejuran-derma-healer-pore-tightening-ampoule-30ml\/#primaryimage"},"thumbnailUrl":"https:\/\/www.facecorner.lv\/wp-content\/uploads\/2025\/10\/0367c1a4-108b-46d7-8ce3-ee08e1c2b00d.webp","datePublished":"2025-10-03T10:28:23+00:00","dateModified":"2026-02-01T16:58:22+00:00","description":"REJURAN Derma Healer Pore Tightening Ampoule serums ir sp\u0113c\u012bgs prepar\u0101ts, kas paredz\u0113ts, lai iev\u0113rojami samazin\u0101tu papla\u0161in\u0101to poru redzam\u012bbu","breadcrumb":{"@id":"https:\/\/www.facecorner.lv\/shop\/ampula-poru-sasaurinasanai-rejuran-derma-healer-pore-tightening-ampoule-30ml\/#breadcrumb"},"inLanguage":"en-US","potentialAction":[{"@type":"ReadAction","target":["https:\/\/www.facecorner.lv\/shop\/ampula-poru-sasaurinasanai-rejuran-derma-healer-pore-tightening-ampoule-30ml\/"]}]},{"@type":"ImageObject","inLanguage":"en-US","@id":"https:\/\/www.facecorner.lv\/shop\/ampula-poru-sasaurinasanai-rejuran-derma-healer-pore-tightening-ampoule-30ml\/#primaryimage","url":"https:\/\/www.facecorner.lv\/wp-content\/uploads\/2025\/10\/0367c1a4-108b-46d7-8ce3-ee08e1c2b00d.webp","contentUrl":"https:\/\/www.facecorner.lv\/wp-content\/uploads\/2025\/10\/0367c1a4-108b-46d7-8ce3-ee08e1c2b00d.webp","width":1500,"height":1500,"caption":"REJURAN Derma Healer Pore Tightening Ampoule"},{"@type":"BreadcrumbList","@id":"https:\/\/www.facecorner.lv\/shop\/ampula-poru-sasaurinasanai-rejuran-derma-healer-pore-tightening-ampoule-30ml\/#breadcrumb","itemListElement":[{"@type":"ListItem","position":1,"name":"Home","item":"https:\/\/www.facecorner.lv\/"},{"@type":"ListItem","position":2,"name":"Veikals","item":"https:\/\/www.facecorner.lv\/shop\/"},{"@type":"ListItem","position":3,"name":"Ampula poru sa\u0161aurin\u0101\u0161anai REJURAN Derma Healer Pore Tightening Ampoule 30ml"}]},{"@type":"WebSite","@id":"https:\/\/www.facecorner.lv\/#website","url":"https:\/\/www.facecorner.lv\/","name":"Facecorner","description":"","publisher":{"@id":"https:\/\/www.facecorner.lv\/#organization"},"potentialAction":[{"@type":"SearchAction","target":{"@type":"EntryPoint","urlTemplate":"https:\/\/www.facecorner.lv\/?s={search_term_string}"},"query-input":{"@type":"PropertyValueSpecification","valueRequired":true,"valueName":"search_term_string"}}],"inLanguage":"en-US"},{"@type":"Organization","@id":"https:\/\/www.facecorner.lv\/#organization","name":"Facecorner","url":"https:\/\/www.facecorner.lv\/","logo":{"@type":"ImageObject","inLanguage":"en-US","@id":"https:\/\/www.facecorner.lv\/#\/schema\/logo\/image\/","url":"https:\/\/www.facecorner.lv\/wp-content\/uploads\/2024\/04\/fc-logo.jpg","contentUrl":"https:\/\/www.facecorner.lv\/wp-content\/uploads\/2024\/04\/fc-logo.jpg","width":174,"height":28,"caption":"Facecorner"},"image":{"@id":"https:\/\/www.facecorner.lv\/#\/schema\/logo\/image\/"},"sameAs":["https:\/\/www.facebook.com\/profile.php?id=100063824551839","https:\/\/www.instagram.com\/facecorner_shop\/"]}]},"product_price_amount":"49.90","product_price_currency":"EUR","og_availability":"out of stock","product_availability":"out of stock","product_condition":"new"},"_links":{"self":[{"href":"https:\/\/www.facecorner.lv\/en\/wp-json\/wp\/v2\/product\/25465","targetHints":{"allow":["GET"]}}],"collection":[{"href":"https:\/\/www.facecorner.lv\/en\/wp-json\/wp\/v2\/product"}],"about":[{"href":"https:\/\/www.facecorner.lv\/en\/wp-json\/wp\/v2\/types\/product"}],"replies":[{"embeddable":true,"href":"https:\/\/www.facecorner.lv\/en\/wp-json\/wp\/v2\/comments?post=25465"}],"wp:featuredmedia":[{"embeddable":true,"href":"https:\/\/www.facecorner.lv\/en\/wp-json\/wp\/v2\/media\/25466"}],"wp:attachment":[{"href":"https:\/\/www.facecorner.lv\/en\/wp-json\/wp\/v2\/media?parent=25465"}],"wp:term":[{"taxonomy":"product_brand","embeddable":true,"href":"https:\/\/www.facecorner.lv\/en\/wp-json\/wp\/v2\/product_brand?post=25465"},{"taxonomy":"product_cat","embeddable":true,"href":"https:\/\/www.facecorner.lv\/en\/wp-json\/wp\/v2\/product_cat?post=25465"},{"taxonomy":"product_tag","embeddable":true,"href":"https:\/\/www.facecorner.lv\/en\/wp-json\/wp\/v2\/product_tag?post=25465"},{"taxonomy":"berocket_brand","embeddable":true,"href":"https:\/\/www.facecorner.lv\/en\/wp-json\/wp\/v2\/berocket_brand?post=25465"}],"curies":[{"name":"wp","href":"https:\/\/api.w.org\/{rel}","templated":true}]}}