{"id":25459,"date":"2025-10-02T15:20:23","date_gmt":"2025-10-02T12:20:23","guid":{"rendered":"https:\/\/www.facecorner.lv\/?post_type=product&#038;p=25459"},"modified":"2026-01-07T14:28:48","modified_gmt":"2026-01-07T11:28:48","slug":"eqqualberry-hyaluron-flooding-serum-30ml","status":"publish","type":"product","link":"https:\/\/www.facecorner.lv\/en\/shop\/eqqualberry-hyaluron-flooding-serum-30ml\/","title":{"rendered":"Eqqualberry Hyaluron Flooding Serum 30ml"},"content":{"rendered":"<p>Eqqualberry Hyaluron Flooding Serum serums ir sp\u0113c\u012bgs mitruma avots noguru\u0161ai, dehidr\u0113tai un bl\u0101vai \u0101dai.<\/p>\n<p>Daudzsl\u0101\u0146u formula ar zemu un augstu molekul\u0101ro hialuronsk\u0101bi nodro\u0161ina gan t\u016bl\u012bt\u0113ju, gan ilgsto\u0161u mitrino\u0161u efektu.<\/p>\n<p><strong>It is a total care mask that tightens the skin.<\/strong><\/p>\n<ul>\n<li>Hialuronsk\u0101be ar da\u017e\u0101du molekulmasu \u2014 mitrina visus \u0101das sl\u0101\u0146us, izl\u012bdzina, padara \u0101du elast\u012bgu un stingru.<\/li>\n<li>Panthenols (provitam\u012bns B5) \u2014 nomierina, dzied\u0113 mikroboj\u0101jumus, stiprina \u0101das aizsargbarjeru.<\/li>\n<li>Betaina un alanto\u012bns \u2014 mazina kairin\u0101jumu, saglab\u0101 mitrumu, padara \u0101du maigu.<\/li>\n<li>Augu ekstrakti (vajadz\u012bbas gad\u012bjum\u0101 var nor\u0101d\u012bt konkr\u0113tus) \u2014 nodro\u0161ina papildu baro\u0161anu un antioksidantu aizsardz\u012bbu.<\/li>\n<\/ul>\n<p>&nbsp;<\/p>\n<ul>\n<li>T\u016bl\u012bt\u0113ja komforta un mitruma saj\u016bta.<\/li>\n<li>Nelielu, dehidrat\u0101cijas izrais\u012btu grumbu izl\u012bdzin\u0101\u0161ana.<\/li>\n<li>Svaigs, vesel\u012bgs tonis un maigs mirdzums.<\/li>\n<li>Nostiprin\u0101ta \u0101das aizsargbarjera.<\/li>\n<\/ul>\n<p><strong>How to use:<\/strong> Uzkl\u0101jiet 2\u20133 pilienus uz t\u012bras sejas un kakla \u0101das no r\u012bta un\/vai vakar\u0101 pirms kr\u0113ma uzkl\u0101\u0161anas.<\/p>\n<p><strong>Sast\u0101vs:\u00a0<\/strong>Aqua \/ Water \/ Eau, Butylene Glycol, Cetyl Ethylhexanoate, Xylitol, 1,2\u2011Hexanediol, Glycerin, Niacinamide, Hydrogenated Lecithin, Pentaerythrityl Tetrabehenate, Betaine, Diethoxyethyl Succinate, Ectoin, Sodium Hyaluronate, Hydroxypropyltrimonium Hyaluronate, Hydrolyzed Hyaluronic Acid, Hydrolyzed Sodium Hyaluronate, Hyaluronic Acid, Potassium Hyaluronate, Sodium Hyaluronate Crosspolymer, Sodium Acetylated Hyaluronate, Sodium hyaluronate Dimethylsilanol, Ceramide NP, Ceramide NS, Ceramide AS, Ceramide AP, Ceramide EOP, Panthenol, Squalane, Hydroxyethyl Urea, Cetearyl Alcohol, Carbomer, Butyrospermum Parkii (Shea) Butter, Tromethamine, Pentylene Glycol, Allantoin, Melia Azadirachta Leaf Extract, Methyl Diisopropyl Propionamide, Melia Azadirachta Flower Extract, Xanthan Gum, Ethylhexylglycerin, Adenosine, Coccinia Indica Fruit Extract, Disodium EDTA, Solanum Melongena (Eggplant) Fruit Extract, Aloe Barbadensis Flower Extract, Glyceryl Glucoside, Ocimum Sanctum Leaf Extract, 2,3\u2011Butanediol, Curcuma Longa (Turmeric) Root Extract, Corallina Officinalis Extract, Rubus Fruticosus (Blackberry) Fruit Extract, Vaccinium Macrocarpon (Cranberry) Fruit Extract, Vaccinium Angustifolium (Blueberry) Fruit Extract, Rubus Idaeus (Raspberry) Fruit Extract, Sambucus Nigra Fruit Extract, Maltodextrin, Hydrolyzed Gardenia Florida Extract, Glyceryl Stearate, Cholesterol, Glycine, Glutamic acid, Arginine.<\/p>","protected":false},"excerpt":{"rendered":"<p>Eqqualberry Hyaluron Flooding Serum serums ir sp\u0113c\u012bgs mitruma avots noguru\u0161ai, dehidr\u0113tai un bl\u0101vai \u0101dai.<\/p>","protected":false},"featured_media":25460,"comment_status":"open","ping_status":"closed","template":"","meta":{"site-sidebar-layout":"default","site-content-layout":"","ast-site-content-layout":"default","site-content-style":"default","site-sidebar-style":"default","ast-global-header-display":"","ast-banner-title-visibility":"","ast-main-header-display":"","ast-hfb-above-header-display":"","ast-hfb-below-header-display":"","ast-hfb-mobile-header-display":"","site-post-title":"","ast-breadcrumbs-content":"","ast-featured-img":"","footer-sml-layout":"","theme-transparent-header-meta":"default","adv-header-id-meta":"","stick-header-meta":"","header-above-stick-meta":"","header-main-stick-meta":"","header-below-stick-meta":"","astra-migrate-meta-layouts":"set","ast-page-background-enabled":"default","ast-page-background-meta":{"desktop":{"background-color":"var(--ast-global-color-4)","background-image":"","background-repeat":"repeat","background-position":"center center","background-size":"auto","background-attachment":"scroll","background-type":"","background-media":"","overlay-type":"","overlay-color":"","overlay-opacity":"","overlay-gradient":""},"tablet":{"background-color":"","background-image":"","background-repeat":"repeat","background-position":"center center","background-size":"auto","background-attachment":"scroll","background-type":"","background-media":"","overlay-type":"","overlay-color":"","overlay-opacity":"","overlay-gradient":""},"mobile":{"background-color":"","background-image":"","background-repeat":"repeat","background-position":"center center","background-size":"auto","background-attachment":"scroll","background-type":"","background-media":"","overlay-type":"","overlay-color":"","overlay-opacity":"","overlay-gradient":""}},"ast-content-background-meta":{"desktop":{"background-color":"var(--ast-global-color-5)","background-image":"","background-repeat":"repeat","background-position":"center center","background-size":"auto","background-attachment":"scroll","background-type":"","background-media":"","overlay-type":"","overlay-color":"","overlay-opacity":"","overlay-gradient":""},"tablet":{"background-color":"var(--ast-global-color-5)","background-image":"","background-repeat":"repeat","background-position":"center center","background-size":"auto","background-attachment":"scroll","background-type":"","background-media":"","overlay-type":"","overlay-color":"","overlay-opacity":"","overlay-gradient":""},"mobile":{"background-color":"var(--ast-global-color-5)","background-image":"","background-repeat":"repeat","background-position":"center center","background-size":"auto","background-attachment":"scroll","background-type":"","background-media":"","overlay-type":"","overlay-color":"","overlay-opacity":"","overlay-gradient":""}}},"product_brand":[],"product_cat":[370,371,372,363],"product_tag":[],"berocket_brand":[631],"class_list":{"0":"post-25459","1":"product","2":"type-product","3":"status-publish","4":"has-post-thumbnail","6":"product_cat-adas-mirdzumam","7":"product_cat-anti-age","8":"product_cat-jutigai-adai-serumi","9":"product_cat-serumi","10":"berocket_brand-eqqualberry","11":"desktop-align-left","12":"tablet-align-left","13":"mobile-align-left","15":"first","16":"instock","17":"taxable","18":"shipping-taxable","19":"purchasable","20":"product-type-simple","21":"add-to-wishlist-before_image"},"yoast_head":"<!-- This site is optimized with the Yoast SEO plugin v27.3 - https:\/\/yoast.com\/product\/yoast-seo-wordpress\/ -->\n<title>Eqqualberry Hyaluron Flooding Serum 30ml - FACECORNER<\/title>\n<meta name=\"description\" content=\"Eqqualberry Hyaluron Flooding Serum serums ir sp\u0113c\u012bgs mitruma avots noguru\u0161ai, dehidr\u0113tai un bl\u0101vai \u0101dai.\" \/>\n<meta name=\"robots\" content=\"index, follow, max-snippet:-1, max-image-preview:large, max-video-preview:-1\" \/>\n<link rel=\"canonical\" href=\"https:\/\/www.facecorner.lv\/en\/shop\/eqqualberry-hyaluron-flooding-serum-30ml\/\" \/>\n<meta property=\"og:locale\" content=\"en_US\" \/>\n<meta property=\"og:type\" content=\"article\" \/>\n<meta property=\"og:title\" content=\"Eqqualberry Hyaluron Flooding Serum 30ml - FACECORNER\" \/>\n<meta property=\"og:description\" content=\"Eqqualberry Hyaluron Flooding Serum serums ir sp\u0113c\u012bgs mitruma avots noguru\u0161ai, dehidr\u0113tai un bl\u0101vai \u0101dai.\" \/>\n<meta property=\"og:url\" content=\"https:\/\/www.facecorner.lv\/en\/shop\/eqqualberry-hyaluron-flooding-serum-30ml\/\" \/>\n<meta property=\"og:site_name\" content=\"FACECORNER\" \/>\n<meta property=\"article:publisher\" content=\"https:\/\/www.facebook.com\/profile.php?id=100063824551839\" \/>\n<meta property=\"article:modified_time\" content=\"2026-01-07T11:28:48+00:00\" \/>\n<meta property=\"og:image\" content=\"https:\/\/www.facecorner.lv\/wp-content\/uploads\/2025\/10\/eqqualberry-hyaltoin-flooding-serum-30ml-1693.webp\" \/>\n\t<meta property=\"og:image:width\" content=\"854\" \/>\n\t<meta property=\"og:image:height\" content=\"934\" \/>\n\t<meta property=\"og:image:type\" content=\"image\/webp\" \/>\n<meta name=\"twitter:card\" content=\"summary_large_image\" \/>\n<meta name=\"twitter:label1\" content=\"Price\" \/>\n\t<meta name=\"twitter:data1\" content=\"&euro;21.50\" \/>\n\t<meta name=\"twitter:label2\" content=\"Availability\" \/>\n\t<meta name=\"twitter:data2\" content=\"In stock\" \/>\n<script type=\"application\/ld+json\" class=\"yoast-schema-graph\">{\"@context\":\"https:\\\/\\\/schema.org\",\"@graph\":[{\"@type\":\"WebPage\",\"@id\":\"https:\\\/\\\/www.facecorner.lv\\\/shop\\\/eqqualberry-hyaluron-flooding-serum-30ml\\\/\",\"url\":\"https:\\\/\\\/www.facecorner.lv\\\/shop\\\/eqqualberry-hyaluron-flooding-serum-30ml\\\/\",\"name\":\"Eqqualberry Hyaluron Flooding Serum 30ml - FACECORNER\",\"isPartOf\":{\"@id\":\"https:\\\/\\\/www.facecorner.lv\\\/#website\"},\"primaryImageOfPage\":{\"@id\":\"https:\\\/\\\/www.facecorner.lv\\\/shop\\\/eqqualberry-hyaluron-flooding-serum-30ml\\\/#primaryimage\"},\"image\":{\"@id\":\"https:\\\/\\\/www.facecorner.lv\\\/shop\\\/eqqualberry-hyaluron-flooding-serum-30ml\\\/#primaryimage\"},\"thumbnailUrl\":\"https:\\\/\\\/www.facecorner.lv\\\/wp-content\\\/uploads\\\/2025\\\/10\\\/eqqualberry-hyaltoin-flooding-serum-30ml-1693.webp\",\"datePublished\":\"2025-10-02T12:20:23+00:00\",\"dateModified\":\"2026-01-07T11:28:48+00:00\",\"description\":\"Eqqualberry Hyaluron Flooding Serum serums ir sp\u0113c\u012bgs mitruma avots noguru\u0161ai, dehidr\u0113tai un bl\u0101vai \u0101dai.\",\"breadcrumb\":{\"@id\":\"https:\\\/\\\/www.facecorner.lv\\\/shop\\\/eqqualberry-hyaluron-flooding-serum-30ml\\\/#breadcrumb\"},\"inLanguage\":\"en-US\",\"potentialAction\":[{\"@type\":\"ReadAction\",\"target\":[\"https:\\\/\\\/www.facecorner.lv\\\/shop\\\/eqqualberry-hyaluron-flooding-serum-30ml\\\/\"]}]},{\"@type\":\"ImageObject\",\"inLanguage\":\"en-US\",\"@id\":\"https:\\\/\\\/www.facecorner.lv\\\/shop\\\/eqqualberry-hyaluron-flooding-serum-30ml\\\/#primaryimage\",\"url\":\"https:\\\/\\\/www.facecorner.lv\\\/wp-content\\\/uploads\\\/2025\\\/10\\\/eqqualberry-hyaltoin-flooding-serum-30ml-1693.webp\",\"contentUrl\":\"https:\\\/\\\/www.facecorner.lv\\\/wp-content\\\/uploads\\\/2025\\\/10\\\/eqqualberry-hyaltoin-flooding-serum-30ml-1693.webp\",\"width\":854,\"height\":934,\"caption\":\"Eqqualberry Hyaluron Flooding Serum\"},{\"@type\":\"BreadcrumbList\",\"@id\":\"https:\\\/\\\/www.facecorner.lv\\\/shop\\\/eqqualberry-hyaluron-flooding-serum-30ml\\\/#breadcrumb\",\"itemListElement\":[{\"@type\":\"ListItem\",\"position\":1,\"name\":\"Home\",\"item\":\"https:\\\/\\\/www.facecorner.lv\\\/\"},{\"@type\":\"ListItem\",\"position\":2,\"name\":\"Veikals\",\"item\":\"https:\\\/\\\/www.facecorner.lv\\\/shop\\\/\"},{\"@type\":\"ListItem\",\"position\":3,\"name\":\"Eqqualberry Hyaluron Flooding Serum 30ml\"}]},{\"@type\":\"WebSite\",\"@id\":\"https:\\\/\\\/www.facecorner.lv\\\/#website\",\"url\":\"https:\\\/\\\/www.facecorner.lv\\\/\",\"name\":\"Facecorner\",\"description\":\"\",\"publisher\":{\"@id\":\"https:\\\/\\\/www.facecorner.lv\\\/#organization\"},\"potentialAction\":[{\"@type\":\"SearchAction\",\"target\":{\"@type\":\"EntryPoint\",\"urlTemplate\":\"https:\\\/\\\/www.facecorner.lv\\\/?s={search_term_string}\"},\"query-input\":{\"@type\":\"PropertyValueSpecification\",\"valueRequired\":true,\"valueName\":\"search_term_string\"}}],\"inLanguage\":\"en-US\"},{\"@type\":\"Organization\",\"@id\":\"https:\\\/\\\/www.facecorner.lv\\\/#organization\",\"name\":\"Facecorner\",\"url\":\"https:\\\/\\\/www.facecorner.lv\\\/\",\"logo\":{\"@type\":\"ImageObject\",\"inLanguage\":\"en-US\",\"@id\":\"https:\\\/\\\/www.facecorner.lv\\\/#\\\/schema\\\/logo\\\/image\\\/\",\"url\":\"https:\\\/\\\/www.facecorner.lv\\\/wp-content\\\/uploads\\\/2024\\\/04\\\/fc-logo.jpg\",\"contentUrl\":\"https:\\\/\\\/www.facecorner.lv\\\/wp-content\\\/uploads\\\/2024\\\/04\\\/fc-logo.jpg\",\"width\":174,\"height\":28,\"caption\":\"Facecorner\"},\"image\":{\"@id\":\"https:\\\/\\\/www.facecorner.lv\\\/#\\\/schema\\\/logo\\\/image\\\/\"},\"sameAs\":[\"https:\\\/\\\/www.facebook.com\\\/profile.php?id=100063824551839\",\"https:\\\/\\\/www.instagram.com\\\/facecorner_shop\\\/\"]}]}<\/script>\n<meta property=\"product:price:amount\" content=\"21.50\" \/>\n<meta property=\"product:price:currency\" content=\"EUR\" \/>\n<meta property=\"og:availability\" content=\"instock\" \/>\n<meta property=\"product:availability\" content=\"instock\" \/>\n<meta property=\"product:condition\" content=\"new\" \/>\n<!-- \/ Yoast SEO plugin. -->","yoast_head_json":{"title":"Eqqualberry Hyaluron Flooding Serum 30ml - FACECORNER","description":"Eqqualberry Hyaluron Flooding Serum serums ir sp\u0113c\u012bgs mitruma avots noguru\u0161ai, dehidr\u0113tai un bl\u0101vai \u0101dai.","robots":{"index":"index","follow":"follow","max-snippet":"max-snippet:-1","max-image-preview":"max-image-preview:large","max-video-preview":"max-video-preview:-1"},"canonical":"https:\/\/www.facecorner.lv\/en\/shop\/eqqualberry-hyaluron-flooding-serum-30ml\/","og_locale":"en_US","og_type":"article","og_title":"Eqqualberry Hyaluron Flooding Serum 30ml - FACECORNER","og_description":"Eqqualberry Hyaluron Flooding Serum serums ir sp\u0113c\u012bgs mitruma avots noguru\u0161ai, dehidr\u0113tai un bl\u0101vai \u0101dai.","og_url":"https:\/\/www.facecorner.lv\/en\/shop\/eqqualberry-hyaluron-flooding-serum-30ml\/","og_site_name":"FACECORNER","article_publisher":"https:\/\/www.facebook.com\/profile.php?id=100063824551839","article_modified_time":"2026-01-07T11:28:48+00:00","og_image":[{"width":854,"height":934,"url":"https:\/\/www.facecorner.lv\/wp-content\/uploads\/2025\/10\/eqqualberry-hyaltoin-flooding-serum-30ml-1693.webp","type":"image\/webp"}],"twitter_card":"summary_large_image","twitter_misc":{"Price":"&euro;21.50","Availability":"In stock"},"schema":{"@context":"https:\/\/schema.org","@graph":[{"@type":"WebPage","@id":"https:\/\/www.facecorner.lv\/shop\/eqqualberry-hyaluron-flooding-serum-30ml\/","url":"https:\/\/www.facecorner.lv\/shop\/eqqualberry-hyaluron-flooding-serum-30ml\/","name":"Eqqualberry Hyaluron Flooding Serum 30ml - FACECORNER","isPartOf":{"@id":"https:\/\/www.facecorner.lv\/#website"},"primaryImageOfPage":{"@id":"https:\/\/www.facecorner.lv\/shop\/eqqualberry-hyaluron-flooding-serum-30ml\/#primaryimage"},"image":{"@id":"https:\/\/www.facecorner.lv\/shop\/eqqualberry-hyaluron-flooding-serum-30ml\/#primaryimage"},"thumbnailUrl":"https:\/\/www.facecorner.lv\/wp-content\/uploads\/2025\/10\/eqqualberry-hyaltoin-flooding-serum-30ml-1693.webp","datePublished":"2025-10-02T12:20:23+00:00","dateModified":"2026-01-07T11:28:48+00:00","description":"Eqqualberry Hyaluron Flooding Serum serums ir sp\u0113c\u012bgs mitruma avots noguru\u0161ai, dehidr\u0113tai un bl\u0101vai \u0101dai.","breadcrumb":{"@id":"https:\/\/www.facecorner.lv\/shop\/eqqualberry-hyaluron-flooding-serum-30ml\/#breadcrumb"},"inLanguage":"en-US","potentialAction":[{"@type":"ReadAction","target":["https:\/\/www.facecorner.lv\/shop\/eqqualberry-hyaluron-flooding-serum-30ml\/"]}]},{"@type":"ImageObject","inLanguage":"en-US","@id":"https:\/\/www.facecorner.lv\/shop\/eqqualberry-hyaluron-flooding-serum-30ml\/#primaryimage","url":"https:\/\/www.facecorner.lv\/wp-content\/uploads\/2025\/10\/eqqualberry-hyaltoin-flooding-serum-30ml-1693.webp","contentUrl":"https:\/\/www.facecorner.lv\/wp-content\/uploads\/2025\/10\/eqqualberry-hyaltoin-flooding-serum-30ml-1693.webp","width":854,"height":934,"caption":"Eqqualberry Hyaluron Flooding Serum"},{"@type":"BreadcrumbList","@id":"https:\/\/www.facecorner.lv\/shop\/eqqualberry-hyaluron-flooding-serum-30ml\/#breadcrumb","itemListElement":[{"@type":"ListItem","position":1,"name":"Home","item":"https:\/\/www.facecorner.lv\/"},{"@type":"ListItem","position":2,"name":"Veikals","item":"https:\/\/www.facecorner.lv\/shop\/"},{"@type":"ListItem","position":3,"name":"Eqqualberry Hyaluron Flooding Serum 30ml"}]},{"@type":"WebSite","@id":"https:\/\/www.facecorner.lv\/#website","url":"https:\/\/www.facecorner.lv\/","name":"Facecorner","description":"","publisher":{"@id":"https:\/\/www.facecorner.lv\/#organization"},"potentialAction":[{"@type":"SearchAction","target":{"@type":"EntryPoint","urlTemplate":"https:\/\/www.facecorner.lv\/?s={search_term_string}"},"query-input":{"@type":"PropertyValueSpecification","valueRequired":true,"valueName":"search_term_string"}}],"inLanguage":"en-US"},{"@type":"Organization","@id":"https:\/\/www.facecorner.lv\/#organization","name":"Facecorner","url":"https:\/\/www.facecorner.lv\/","logo":{"@type":"ImageObject","inLanguage":"en-US","@id":"https:\/\/www.facecorner.lv\/#\/schema\/logo\/image\/","url":"https:\/\/www.facecorner.lv\/wp-content\/uploads\/2024\/04\/fc-logo.jpg","contentUrl":"https:\/\/www.facecorner.lv\/wp-content\/uploads\/2024\/04\/fc-logo.jpg","width":174,"height":28,"caption":"Facecorner"},"image":{"@id":"https:\/\/www.facecorner.lv\/#\/schema\/logo\/image\/"},"sameAs":["https:\/\/www.facebook.com\/profile.php?id=100063824551839","https:\/\/www.instagram.com\/facecorner_shop\/"]}]},"product_price_amount":"21.50","product_price_currency":"EUR","og_availability":"instock","product_availability":"instock","product_condition":"new"},"_links":{"self":[{"href":"https:\/\/www.facecorner.lv\/en\/wp-json\/wp\/v2\/product\/25459","targetHints":{"allow":["GET"]}}],"collection":[{"href":"https:\/\/www.facecorner.lv\/en\/wp-json\/wp\/v2\/product"}],"about":[{"href":"https:\/\/www.facecorner.lv\/en\/wp-json\/wp\/v2\/types\/product"}],"replies":[{"embeddable":true,"href":"https:\/\/www.facecorner.lv\/en\/wp-json\/wp\/v2\/comments?post=25459"}],"wp:featuredmedia":[{"embeddable":true,"href":"https:\/\/www.facecorner.lv\/en\/wp-json\/wp\/v2\/media\/25460"}],"wp:attachment":[{"href":"https:\/\/www.facecorner.lv\/en\/wp-json\/wp\/v2\/media?parent=25459"}],"wp:term":[{"taxonomy":"product_brand","embeddable":true,"href":"https:\/\/www.facecorner.lv\/en\/wp-json\/wp\/v2\/product_brand?post=25459"},{"taxonomy":"product_cat","embeddable":true,"href":"https:\/\/www.facecorner.lv\/en\/wp-json\/wp\/v2\/product_cat?post=25459"},{"taxonomy":"product_tag","embeddable":true,"href":"https:\/\/www.facecorner.lv\/en\/wp-json\/wp\/v2\/product_tag?post=25459"},{"taxonomy":"berocket_brand","embeddable":true,"href":"https:\/\/www.facecorner.lv\/en\/wp-json\/wp\/v2\/berocket_brand?post=25459"}],"curies":[{"name":"wp","href":"https:\/\/api.w.org\/{rel}","templated":true}]}}