{"id":25457,"date":"2025-10-02T15:06:39","date_gmt":"2025-10-02T12:06:39","guid":{"rendered":"https:\/\/www.facecorner.lv\/?post_type=product&#038;p=25457"},"modified":"2025-10-11T17:26:23","modified_gmt":"2025-10-11T14:26:23","slug":"eqqualberry-nad-peptide-serum-30ml","status":"publish","type":"product","link":"https:\/\/www.facecorner.lv\/en\/shop\/eqqualberry-nad-peptide-serum-30ml\/","title":{"rendered":"Eqqualberry NAD+ Peptide Serum 30ml"},"content":{"rendered":"<p>D\u0101v\u0101jiet savai \u0101dai atjaunojo\u0161u un jaun\u012bbas sp\u0113ku ar augsti efekt\u012bvo Eqqualberry NAD+ Peptide Serum serumu. Formula apvieno modernas biotehnolo\u0123ijas un p\u0101rbaud\u012btas dermatolo\u0123iskas sast\u0101vda\u013cas, kas dzi\u013ci atjauno, stiprina un pie\u0161\u0137ir \u0101dai mirdzumu.<\/p>\n<p><strong>It is a total care mask that tightens the skin.<\/strong><\/p>\n<ul>\n<li>NAD+ (nikotinam\u012bda aden\u012bna dinukleot\u012bds) \u2014 jaun\u012bbas koenz\u012bms, kas uztur \u0161\u016bnu ener\u0123iju un pa\u0101trina \u0101das re\u0123ener\u0101ciju.<\/li>\n<li>Pept\u012bdu komplekss \u2014 stimul\u0113 kolag\u0113na un elast\u012bna ra\u017eo\u0161anu, samazina grumbu veido\u0161anos un uzlabo \u0101das elast\u012bbu.<\/li>\n<li>Hialuronsk\u0101be \u2014 dzi\u013ci mitrina un saglab\u0101 mitrumu \u0101d\u0101 visas dienas garum\u0101.<\/li>\n<li>Antioksidanti \u2014 aizsarg\u0101 \u0161\u016bnas no stresa un br\u012bvajiem radik\u0101\u013ciem, izl\u012bdzina \u0101das toni un tekst\u016bru.<\/li>\n<\/ul>\n<p><strong>Rezult\u0101ts:<\/strong><\/p>\n<ul>\n<li>Noveco\u0161an\u0101s paz\u012bmju mazin\u0101\u0161an\u0101s.<\/li>\n<li>Elast\u012bbas un tonusa uzlabo\u0161an\u0101s.<\/li>\n<li>Gluda, svaiga un mirdzo\u0161a \u0101da.<\/li>\n<li>Redzams efekts jau p\u0113c 2\u20133 lieto\u0161anas ned\u0113\u013c\u0101m*.<\/li>\n<\/ul>\n<p><strong>How to use:<\/strong> P\u0113c toniz\u0113\u0161anas uzkl\u0101jiet atbilsto\u0161u daudzumu uz \u0101das un viegli ieklopojiet, lai veicin\u0101tu uzs\u016bk\u0161anos.<\/p>\n<p><strong>Sast\u0101vs:<\/strong> Water, Butylene Glycol, Glycerin, Cetyl Ethylhexanoate, 1,2-Hexanediol, Niacinamide, Hydrogenated Lecithin, Pentaerythrityl Tetrabehenate, Betaine, Diethoxyethyl Succinate, Ceramide NP, Hydroxyethyl Urea, Panthenol, Cetearyl Alcohol, Squalane, Carbomer, Butyrospermum Parkii (Shea) Butter, Tromethamine, Xanthan Gum, Allantoin, Nicotinamide Adenine Dinucleotide, Ethylhexylglycerin, Adenosine, Disodium Edta, Nicotinamide Mononucleotide, Cyanocobalamin, 2,3-Butanediol, Dipropylene Glycol, Caprylyl Glycol, Sodium Hyaluronate, Rubus Fruticosus (Blackberry) Fruit Extract, Vaccinium Macrocarpon (Cranberry) Fruit Extract, Vaccinium Angustifolium (Blueberry) Fruit Extract, Rubus Idaeus (Raspberry) Fruit Extract, Sambucus Nigra Fruit Extract, Punica Granatum Fruit Extract, Polyglyceryl-10 Laurate, Octyldodecanol, Polyglyceryl-4 Caprate, Glyceryl Stearate, Methylpropanediol, Copper Tripeptide-1, Acetyl Hexapeptide-8, Palmitoyl Pentapeptide-4, Palmitoyl Tripeptide-1, Hydrolyzed Hyaluronic Acid, Hydrolyzed Sodium Hyaluronate, Hyaluronic Acid, Hydroxypropyltrimonium Hyaluronate, Potassium Hyaluronate, Ceramide NS, Ceramide AS, Ceramide AP, Cholesterol, Tripeptide-1, Hexapeptide-9, Pentylene Glycol, Astaxanthin, Sodium Hyaluronate Crosspolymer, Nonapeptide-1, Sodium Acetylated Hyaluronate, Soluble Collagen, Oligopeptide-32, Oligopeptide-29, Acetyl Tetrapeptide-2, Acetyl Tetrapeptide-3, Acetyl Octapeptide-3, Palmitoyl Tetrapeptide-7, Oligopeptide-6, Ceramide Eop<\/p>","protected":false},"excerpt":{"rendered":"<p>D\u0101v\u0101jiet savai \u0101dai atjaunojo\u0161u un jaun\u012bbas sp\u0113ku ar augsti efekt\u012bvo Eqqualberry NAD+ Peptide Serum serumu. Formula apvieno modernas biotehnolo\u0123ijas un p\u0101rbaud\u012btas dermatolo\u0123iskas sast\u0101vda\u013cas, kas dzi\u013ci atjauno, stiprina un pie\u0161\u0137ir \u0101dai mirdzumu. Galven\u0101s sast\u0101vda\u013cas: NAD+ (nikotinam\u012bda aden\u012bna dinukleot\u012bds) \u2014 jaun\u012bbas koenz\u012bms, kas uztur \u0161\u016bnu ener\u0123iju un pa\u0101trina \u0101das re\u0123ener\u0101ciju. Pept\u012bdu komplekss \u2014 stimul\u0113 kolag\u0113na un elast\u012bna [&hellip;]<\/p>\n","protected":false},"featured_media":25458,"comment_status":"open","ping_status":"closed","template":"","meta":{"site-sidebar-layout":"default","site-content-layout":"","ast-site-content-layout":"default","site-content-style":"default","site-sidebar-style":"default","ast-global-header-display":"","ast-banner-title-visibility":"","ast-main-header-display":"","ast-hfb-above-header-display":"","ast-hfb-below-header-display":"","ast-hfb-mobile-header-display":"","site-post-title":"","ast-breadcrumbs-content":"","ast-featured-img":"","footer-sml-layout":"","theme-transparent-header-meta":"default","adv-header-id-meta":"","stick-header-meta":"","header-above-stick-meta":"","header-main-stick-meta":"","header-below-stick-meta":"","astra-migrate-meta-layouts":"set","ast-page-background-enabled":"default","ast-page-background-meta":{"desktop":{"background-color":"var(--ast-global-color-4)","background-image":"","background-repeat":"repeat","background-position":"center center","background-size":"auto","background-attachment":"scroll","background-type":"","background-media":"","overlay-type":"","overlay-color":"","overlay-opacity":"","overlay-gradient":""},"tablet":{"background-color":"","background-image":"","background-repeat":"repeat","background-position":"center center","background-size":"auto","background-attachment":"scroll","background-type":"","background-media":"","overlay-type":"","overlay-color":"","overlay-opacity":"","overlay-gradient":""},"mobile":{"background-color":"","background-image":"","background-repeat":"repeat","background-position":"center center","background-size":"auto","background-attachment":"scroll","background-type":"","background-media":"","overlay-type":"","overlay-color":"","overlay-opacity":"","overlay-gradient":""}},"ast-content-background-meta":{"desktop":{"background-color":"var(--ast-global-color-5)","background-image":"","background-repeat":"repeat","background-position":"center center","background-size":"auto","background-attachment":"scroll","background-type":"","background-media":"","overlay-type":"","overlay-color":"","overlay-opacity":"","overlay-gradient":""},"tablet":{"background-color":"var(--ast-global-color-5)","background-image":"","background-repeat":"repeat","background-position":"center center","background-size":"auto","background-attachment":"scroll","background-type":"","background-media":"","overlay-type":"","overlay-color":"","overlay-opacity":"","overlay-gradient":""},"mobile":{"background-color":"var(--ast-global-color-5)","background-image":"","background-repeat":"repeat","background-position":"center center","background-size":"auto","background-attachment":"scroll","background-type":"","background-media":"","overlay-type":"","overlay-color":"","overlay-opacity":"","overlay-gradient":""}}},"product_brand":[],"product_cat":[370,371,363],"product_tag":[],"berocket_brand":[631],"class_list":{"0":"post-25457","1":"product","2":"type-product","3":"status-publish","4":"has-post-thumbnail","6":"product_cat-adas-mirdzumam","7":"product_cat-anti-age","8":"product_cat-serumi","9":"berocket_brand-eqqualberry","10":"desktop-align-left","11":"tablet-align-left","12":"mobile-align-left","14":"first","15":"outofstock","16":"taxable","17":"shipping-taxable","18":"purchasable","19":"product-type-simple","20":"add-to-wishlist-before_image"},"yoast_head":"<!-- This site is optimized with the Yoast SEO plugin v27.4 - https:\/\/yoast.com\/product\/yoast-seo-wordpress\/ -->\n<title>Eqqualberry NAD+ Peptide Serum 30ml - FACECORNER<\/title>\n<meta name=\"description\" content=\"D\u0101v\u0101jiet savai \u0101dai atjaunojo\u0161u un jaun\u012bbas sp\u0113ku ar augsti efekt\u012bvo Eqqualberry NAD+ Peptide Serum serumu.\" \/>\n<meta name=\"robots\" content=\"index, follow, max-snippet:-1, max-image-preview:large, max-video-preview:-1\" \/>\n<link rel=\"canonical\" href=\"https:\/\/www.facecorner.lv\/en\/shop\/eqqualberry-nad-peptide-serum-30ml\/\" \/>\n<meta property=\"og:locale\" content=\"en_US\" \/>\n<meta property=\"og:type\" content=\"article\" \/>\n<meta property=\"og:title\" content=\"Eqqualberry NAD+ Peptide Serum 30ml - FACECORNER\" \/>\n<meta property=\"og:description\" content=\"D\u0101v\u0101jiet savai \u0101dai atjaunojo\u0161u un jaun\u012bbas sp\u0113ku ar augsti efekt\u012bvo Eqqualberry NAD+ Peptide Serum serumu.\" \/>\n<meta property=\"og:url\" content=\"https:\/\/www.facecorner.lv\/en\/shop\/eqqualberry-nad-peptide-serum-30ml\/\" \/>\n<meta property=\"og:site_name\" content=\"FACECORNER\" \/>\n<meta property=\"article:publisher\" content=\"https:\/\/www.facebook.com\/profile.php?id=100063824551839\" \/>\n<meta property=\"article:modified_time\" content=\"2025-10-11T14:26:23+00:00\" \/>\n<meta property=\"og:image\" content=\"https:\/\/www.facecorner.lv\/wp-content\/uploads\/2025\/10\/61r4soAaZcL._UF10001000_QL80_.jpg\" \/>\n\t<meta property=\"og:image:width\" content=\"1000\" \/>\n\t<meta property=\"og:image:height\" content=\"1000\" \/>\n\t<meta property=\"og:image:type\" content=\"image\/jpeg\" \/>\n<meta name=\"twitter:card\" content=\"summary_large_image\" \/>\n<meta name=\"twitter:label1\" content=\"Price\" \/>\n\t<meta name=\"twitter:data1\" content=\"&euro;21.50\" \/>\n\t<meta name=\"twitter:label2\" content=\"Availability\" \/>\n\t<meta name=\"twitter:data2\" content=\"Out of stock\" \/>\n<script type=\"application\/ld+json\" class=\"yoast-schema-graph\">{\"@context\":\"https:\\\/\\\/schema.org\",\"@graph\":[{\"@type\":\"WebPage\",\"@id\":\"https:\\\/\\\/www.facecorner.lv\\\/shop\\\/eqqualberry-nad-peptide-serum-30ml\\\/\",\"url\":\"https:\\\/\\\/www.facecorner.lv\\\/shop\\\/eqqualberry-nad-peptide-serum-30ml\\\/\",\"name\":\"Eqqualberry NAD+ Peptide Serum 30ml - FACECORNER\",\"isPartOf\":{\"@id\":\"https:\\\/\\\/www.facecorner.lv\\\/#website\"},\"primaryImageOfPage\":{\"@id\":\"https:\\\/\\\/www.facecorner.lv\\\/shop\\\/eqqualberry-nad-peptide-serum-30ml\\\/#primaryimage\"},\"image\":{\"@id\":\"https:\\\/\\\/www.facecorner.lv\\\/shop\\\/eqqualberry-nad-peptide-serum-30ml\\\/#primaryimage\"},\"thumbnailUrl\":\"https:\\\/\\\/www.facecorner.lv\\\/wp-content\\\/uploads\\\/2025\\\/10\\\/61r4soAaZcL._UF10001000_QL80_.jpg\",\"datePublished\":\"2025-10-02T12:06:39+00:00\",\"dateModified\":\"2025-10-11T14:26:23+00:00\",\"description\":\"D\u0101v\u0101jiet savai \u0101dai atjaunojo\u0161u un jaun\u012bbas sp\u0113ku ar augsti efekt\u012bvo Eqqualberry NAD+ Peptide Serum serumu.\",\"breadcrumb\":{\"@id\":\"https:\\\/\\\/www.facecorner.lv\\\/shop\\\/eqqualberry-nad-peptide-serum-30ml\\\/#breadcrumb\"},\"inLanguage\":\"en-US\",\"potentialAction\":[{\"@type\":\"ReadAction\",\"target\":[\"https:\\\/\\\/www.facecorner.lv\\\/shop\\\/eqqualberry-nad-peptide-serum-30ml\\\/\"]}]},{\"@type\":\"ImageObject\",\"inLanguage\":\"en-US\",\"@id\":\"https:\\\/\\\/www.facecorner.lv\\\/shop\\\/eqqualberry-nad-peptide-serum-30ml\\\/#primaryimage\",\"url\":\"https:\\\/\\\/www.facecorner.lv\\\/wp-content\\\/uploads\\\/2025\\\/10\\\/61r4soAaZcL._UF10001000_QL80_.jpg\",\"contentUrl\":\"https:\\\/\\\/www.facecorner.lv\\\/wp-content\\\/uploads\\\/2025\\\/10\\\/61r4soAaZcL._UF10001000_QL80_.jpg\",\"width\":1000,\"height\":1000,\"caption\":\"Eqqualberry NAD+ Peptide Serum\"},{\"@type\":\"BreadcrumbList\",\"@id\":\"https:\\\/\\\/www.facecorner.lv\\\/shop\\\/eqqualberry-nad-peptide-serum-30ml\\\/#breadcrumb\",\"itemListElement\":[{\"@type\":\"ListItem\",\"position\":1,\"name\":\"Home\",\"item\":\"https:\\\/\\\/www.facecorner.lv\\\/\"},{\"@type\":\"ListItem\",\"position\":2,\"name\":\"Veikals\",\"item\":\"https:\\\/\\\/www.facecorner.lv\\\/shop\\\/\"},{\"@type\":\"ListItem\",\"position\":3,\"name\":\"Eqqualberry NAD+ Peptide Serum 30ml\"}]},{\"@type\":\"WebSite\",\"@id\":\"https:\\\/\\\/www.facecorner.lv\\\/#website\",\"url\":\"https:\\\/\\\/www.facecorner.lv\\\/\",\"name\":\"Facecorner\",\"description\":\"\",\"publisher\":{\"@id\":\"https:\\\/\\\/www.facecorner.lv\\\/#organization\"},\"potentialAction\":[{\"@type\":\"SearchAction\",\"target\":{\"@type\":\"EntryPoint\",\"urlTemplate\":\"https:\\\/\\\/www.facecorner.lv\\\/?s={search_term_string}\"},\"query-input\":{\"@type\":\"PropertyValueSpecification\",\"valueRequired\":true,\"valueName\":\"search_term_string\"}}],\"inLanguage\":\"en-US\"},{\"@type\":\"Organization\",\"@id\":\"https:\\\/\\\/www.facecorner.lv\\\/#organization\",\"name\":\"Facecorner\",\"url\":\"https:\\\/\\\/www.facecorner.lv\\\/\",\"logo\":{\"@type\":\"ImageObject\",\"inLanguage\":\"en-US\",\"@id\":\"https:\\\/\\\/www.facecorner.lv\\\/#\\\/schema\\\/logo\\\/image\\\/\",\"url\":\"https:\\\/\\\/www.facecorner.lv\\\/wp-content\\\/uploads\\\/2024\\\/04\\\/fc-logo.jpg\",\"contentUrl\":\"https:\\\/\\\/www.facecorner.lv\\\/wp-content\\\/uploads\\\/2024\\\/04\\\/fc-logo.jpg\",\"width\":174,\"height\":28,\"caption\":\"Facecorner\"},\"image\":{\"@id\":\"https:\\\/\\\/www.facecorner.lv\\\/#\\\/schema\\\/logo\\\/image\\\/\"},\"sameAs\":[\"https:\\\/\\\/www.facebook.com\\\/profile.php?id=100063824551839\",\"https:\\\/\\\/www.instagram.com\\\/facecorner_shop\\\/\"]}]}<\/script>\n<meta property=\"product:price:amount\" content=\"21.50\" \/>\n<meta property=\"product:price:currency\" content=\"EUR\" \/>\n<meta property=\"og:availability\" content=\"out of stock\" \/>\n<meta property=\"product:availability\" content=\"out of stock\" \/>\n<meta property=\"product:condition\" content=\"new\" \/>\n<!-- \/ Yoast SEO plugin. -->","yoast_head_json":{"title":"Eqqualberry NAD+ Peptide Serum 30ml - FACECORNER","description":"D\u0101v\u0101jiet savai \u0101dai atjaunojo\u0161u un jaun\u012bbas sp\u0113ku ar augsti efekt\u012bvo Eqqualberry NAD+ Peptide Serum serumu.","robots":{"index":"index","follow":"follow","max-snippet":"max-snippet:-1","max-image-preview":"max-image-preview:large","max-video-preview":"max-video-preview:-1"},"canonical":"https:\/\/www.facecorner.lv\/en\/shop\/eqqualberry-nad-peptide-serum-30ml\/","og_locale":"en_US","og_type":"article","og_title":"Eqqualberry NAD+ Peptide Serum 30ml - FACECORNER","og_description":"D\u0101v\u0101jiet savai \u0101dai atjaunojo\u0161u un jaun\u012bbas sp\u0113ku ar augsti efekt\u012bvo Eqqualberry NAD+ Peptide Serum serumu.","og_url":"https:\/\/www.facecorner.lv\/en\/shop\/eqqualberry-nad-peptide-serum-30ml\/","og_site_name":"FACECORNER","article_publisher":"https:\/\/www.facebook.com\/profile.php?id=100063824551839","article_modified_time":"2025-10-11T14:26:23+00:00","og_image":[{"width":1000,"height":1000,"url":"https:\/\/www.facecorner.lv\/wp-content\/uploads\/2025\/10\/61r4soAaZcL._UF10001000_QL80_.jpg","type":"image\/jpeg"}],"twitter_card":"summary_large_image","twitter_misc":{"Price":"&euro;21.50","Availability":"Out of stock"},"schema":{"@context":"https:\/\/schema.org","@graph":[{"@type":"WebPage","@id":"https:\/\/www.facecorner.lv\/shop\/eqqualberry-nad-peptide-serum-30ml\/","url":"https:\/\/www.facecorner.lv\/shop\/eqqualberry-nad-peptide-serum-30ml\/","name":"Eqqualberry NAD+ Peptide Serum 30ml - FACECORNER","isPartOf":{"@id":"https:\/\/www.facecorner.lv\/#website"},"primaryImageOfPage":{"@id":"https:\/\/www.facecorner.lv\/shop\/eqqualberry-nad-peptide-serum-30ml\/#primaryimage"},"image":{"@id":"https:\/\/www.facecorner.lv\/shop\/eqqualberry-nad-peptide-serum-30ml\/#primaryimage"},"thumbnailUrl":"https:\/\/www.facecorner.lv\/wp-content\/uploads\/2025\/10\/61r4soAaZcL._UF10001000_QL80_.jpg","datePublished":"2025-10-02T12:06:39+00:00","dateModified":"2025-10-11T14:26:23+00:00","description":"D\u0101v\u0101jiet savai \u0101dai atjaunojo\u0161u un jaun\u012bbas sp\u0113ku ar augsti efekt\u012bvo Eqqualberry NAD+ Peptide Serum serumu.","breadcrumb":{"@id":"https:\/\/www.facecorner.lv\/shop\/eqqualberry-nad-peptide-serum-30ml\/#breadcrumb"},"inLanguage":"en-US","potentialAction":[{"@type":"ReadAction","target":["https:\/\/www.facecorner.lv\/shop\/eqqualberry-nad-peptide-serum-30ml\/"]}]},{"@type":"ImageObject","inLanguage":"en-US","@id":"https:\/\/www.facecorner.lv\/shop\/eqqualberry-nad-peptide-serum-30ml\/#primaryimage","url":"https:\/\/www.facecorner.lv\/wp-content\/uploads\/2025\/10\/61r4soAaZcL._UF10001000_QL80_.jpg","contentUrl":"https:\/\/www.facecorner.lv\/wp-content\/uploads\/2025\/10\/61r4soAaZcL._UF10001000_QL80_.jpg","width":1000,"height":1000,"caption":"Eqqualberry NAD+ Peptide Serum"},{"@type":"BreadcrumbList","@id":"https:\/\/www.facecorner.lv\/shop\/eqqualberry-nad-peptide-serum-30ml\/#breadcrumb","itemListElement":[{"@type":"ListItem","position":1,"name":"Home","item":"https:\/\/www.facecorner.lv\/"},{"@type":"ListItem","position":2,"name":"Veikals","item":"https:\/\/www.facecorner.lv\/shop\/"},{"@type":"ListItem","position":3,"name":"Eqqualberry NAD+ Peptide Serum 30ml"}]},{"@type":"WebSite","@id":"https:\/\/www.facecorner.lv\/#website","url":"https:\/\/www.facecorner.lv\/","name":"Facecorner","description":"","publisher":{"@id":"https:\/\/www.facecorner.lv\/#organization"},"potentialAction":[{"@type":"SearchAction","target":{"@type":"EntryPoint","urlTemplate":"https:\/\/www.facecorner.lv\/?s={search_term_string}"},"query-input":{"@type":"PropertyValueSpecification","valueRequired":true,"valueName":"search_term_string"}}],"inLanguage":"en-US"},{"@type":"Organization","@id":"https:\/\/www.facecorner.lv\/#organization","name":"Facecorner","url":"https:\/\/www.facecorner.lv\/","logo":{"@type":"ImageObject","inLanguage":"en-US","@id":"https:\/\/www.facecorner.lv\/#\/schema\/logo\/image\/","url":"https:\/\/www.facecorner.lv\/wp-content\/uploads\/2024\/04\/fc-logo.jpg","contentUrl":"https:\/\/www.facecorner.lv\/wp-content\/uploads\/2024\/04\/fc-logo.jpg","width":174,"height":28,"caption":"Facecorner"},"image":{"@id":"https:\/\/www.facecorner.lv\/#\/schema\/logo\/image\/"},"sameAs":["https:\/\/www.facebook.com\/profile.php?id=100063824551839","https:\/\/www.instagram.com\/facecorner_shop\/"]}]},"product_price_amount":"21.50","product_price_currency":"EUR","og_availability":"out of stock","product_availability":"out of stock","product_condition":"new"},"_links":{"self":[{"href":"https:\/\/www.facecorner.lv\/en\/wp-json\/wp\/v2\/product\/25457","targetHints":{"allow":["GET"]}}],"collection":[{"href":"https:\/\/www.facecorner.lv\/en\/wp-json\/wp\/v2\/product"}],"about":[{"href":"https:\/\/www.facecorner.lv\/en\/wp-json\/wp\/v2\/types\/product"}],"replies":[{"embeddable":true,"href":"https:\/\/www.facecorner.lv\/en\/wp-json\/wp\/v2\/comments?post=25457"}],"wp:featuredmedia":[{"embeddable":true,"href":"https:\/\/www.facecorner.lv\/en\/wp-json\/wp\/v2\/media\/25458"}],"wp:attachment":[{"href":"https:\/\/www.facecorner.lv\/en\/wp-json\/wp\/v2\/media?parent=25457"}],"wp:term":[{"taxonomy":"product_brand","embeddable":true,"href":"https:\/\/www.facecorner.lv\/en\/wp-json\/wp\/v2\/product_brand?post=25457"},{"taxonomy":"product_cat","embeddable":true,"href":"https:\/\/www.facecorner.lv\/en\/wp-json\/wp\/v2\/product_cat?post=25457"},{"taxonomy":"product_tag","embeddable":true,"href":"https:\/\/www.facecorner.lv\/en\/wp-json\/wp\/v2\/product_tag?post=25457"},{"taxonomy":"berocket_brand","embeddable":true,"href":"https:\/\/www.facecorner.lv\/en\/wp-json\/wp\/v2\/berocket_brand?post=25457"}],"curies":[{"name":"wp","href":"https:\/\/api.w.org\/{rel}","templated":true}]}}