{"id":25446,"date":"2025-10-01T14:12:22","date_gmt":"2025-10-01T11:12:22","guid":{"rendered":"https:\/\/www.facecorner.lv\/?post_type=product&#038;p=25446"},"modified":"2025-10-01T14:13:21","modified_gmt":"2025-10-01T11:13:21","slug":"eqqualberry-aloe-pdrn-calming-serum-30ml","status":"publish","type":"product","link":"https:\/\/www.facecorner.lv\/en\/shop\/eqqualberry-aloe-pdrn-calming-serum-30ml\/","title":{"rendered":"EQQUALBERRY Aloe PDRN Calming Serum 30ml"},"content":{"rendered":"<p>EQQUALBERRY Aloe PDRN nomierino\u0161ais serums ir paredz\u0113ts jut\u012bgai, kairin\u0101tai un dehidr\u0113tai \u0101dai. Tas ir veidots ar sp\u0113c\u012bgu alvejas ekstrakta un PDRN (polideoksiribonukleot\u012bdu) kompleksu, kas paz\u012bstams ar sav\u0101m re\u0123ener\u0113jo\u0161aj\u0101m un nomierino\u0161aj\u0101m \u012bpa\u0161\u012bb\u0101m.<\/p>\n<ul>\n<li>Alveja dzi\u013ci mitrina, mazina kairin\u0101jumu un nov\u0113r\u0161 savilkuma saj\u016btu<\/li>\n<li>PDRN (atrodas la\u0161a DNS ekstrakt\u0101) aktiviz\u0113 \u0101das re\u0123ener\u0101cijas procesus, uzlabo t\u0101s strukt\u016bru un tonusu<\/li>\n<li>Viegl\u0101 g\u0113la tekst\u016bra \u0101tri ies\u016bcas un nep\u0101rslogo \u0101du<\/li>\n<li>Stiprina aizsargbarjeru un palielina \u0101das iztur\u012bbu pret \u0101r\u0113jiem kairin\u0101t\u0101jiem<\/li>\n<\/ul>\n<p>Piem\u0113rots visiem \u0101das tipiem, \u012bpa\u0161i jut\u012bgai \u0101dai, kurai ir nosliece uz aps\u0101rtumu un lob\u012b\u0161anos.<\/p>\n<p><strong>How to use:<\/strong> P\u0113c tonika uzkl\u0101jiet 1\u20132 pilienus seruma uz att\u012br\u012btas \u0101das. Viegli iemas\u0113jiet \u0101d\u0101. Lietojiet no r\u012bta un vakar\u0101 pirms kr\u0113ma uzkl\u0101\u0161anas. Lai uzlabotu rezult\u0101tu, uzkl\u0101jiet divus sl\u0101\u0146us uz stipras kairin\u0101juma zon\u0101m.<\/p>\n<p><strong>Sast\u0101vs:<\/strong> Water, Butylene Glycol, Cetyl Ethylhexanoate, 1,2-Hexanediol, Glycerin, Niacinamide, Hydrogenated Lecithin, Pentaerythrityl Tetrabehenate, Betaine, Diethoxyethyl Succinate, Hydroxyethyl Urea, Ceramide NP, Panthenol, Cetearyl Alcohol, Squalane, Carbomer, Melia Azadirachta Flower Extract, Melia Azadirachta Leaf Extract, Butyrospermum Parkii (Shea) Butter, Tromethamine, Ocimum Sanctum Leaf Extract, Allantoin, Ethylhexylglycerin, Xanthan Gum, Curcuma Longa (Turmeric) Root Extract, Adenosine, Corallina Officinalis Extract, Disodium Edta, Sodium Dna, Aloe Barbadensis Leaf Extract, Artemisia Capillaris Extract, Madecassoside, Asiaticoside, 2,3-Butanediol, Madecassic Acid, Asiatic Acid, Sodium Hyaluronate, Rubus Fruticosus (Blackberry) Fruit Extract, Vaccinium Macrocarpon (Cranberry) Fruit Extract, Vaccinium Angustifolium (Blueberry) Fruit Extract, Rubus Idaeus (Raspberry) Fruit Extract, Sambucus Nigra Fruit Extract, Centella Asiatica Extract, Glyceryl Stearate, Hydrolyzed Hyaluronic Acid, Hydrolyzed Sodium Hyaluronate, Hyaluronic Acid, Hydroxypropyltrimonium Hyaluronate, Potassium Hyaluronate, Ceramide NS, Ceramide AS, Ceramide AP, Cholesterol, Pentylene Glycol, Sodium Hyaluronate Crosspolymer, Sodium Acetylated Hyaluronate, Ceramide Eop<\/p>","protected":false},"excerpt":{"rendered":"<p>EQQUALBERRY Aloe PDRN nomierino\u0161ais serums ir paredz\u0113ts jut\u012bgai, kairin\u0101tai un dehidr\u0113tai \u0101dai. Tas ir veidots ar sp\u0113c\u012bgu alvejas ekstrakta un PDRN (polideoksiribonukleot\u012bdu) kompleksu, kas paz\u012bstams ar sav\u0101m re\u0123ener\u0113jo\u0161aj\u0101m un nomierino\u0161aj\u0101m \u012bpa\u0161\u012bb\u0101m.<\/p>","protected":false},"featured_media":25447,"comment_status":"open","ping_status":"closed","template":"","meta":{"site-sidebar-layout":"default","site-content-layout":"","ast-site-content-layout":"default","site-content-style":"default","site-sidebar-style":"default","ast-global-header-display":"","ast-banner-title-visibility":"","ast-main-header-display":"","ast-hfb-above-header-display":"","ast-hfb-below-header-display":"","ast-hfb-mobile-header-display":"","site-post-title":"","ast-breadcrumbs-content":"","ast-featured-img":"","footer-sml-layout":"","theme-transparent-header-meta":"default","adv-header-id-meta":"","stick-header-meta":"","header-above-stick-meta":"","header-main-stick-meta":"","header-below-stick-meta":"","astra-migrate-meta-layouts":"set","ast-page-background-enabled":"default","ast-page-background-meta":{"desktop":{"background-color":"var(--ast-global-color-4)","background-image":"","background-repeat":"repeat","background-position":"center center","background-size":"auto","background-attachment":"scroll","background-type":"","background-media":"","overlay-type":"","overlay-color":"","overlay-opacity":"","overlay-gradient":""},"tablet":{"background-color":"","background-image":"","background-repeat":"repeat","background-position":"center center","background-size":"auto","background-attachment":"scroll","background-type":"","background-media":"","overlay-type":"","overlay-color":"","overlay-opacity":"","overlay-gradient":""},"mobile":{"background-color":"","background-image":"","background-repeat":"repeat","background-position":"center center","background-size":"auto","background-attachment":"scroll","background-type":"","background-media":"","overlay-type":"","overlay-color":"","overlay-opacity":"","overlay-gradient":""}},"ast-content-background-meta":{"desktop":{"background-color":"var(--ast-global-color-5)","background-image":"","background-repeat":"repeat","background-position":"center center","background-size":"auto","background-attachment":"scroll","background-type":"","background-media":"","overlay-type":"","overlay-color":"","overlay-opacity":"","overlay-gradient":""},"tablet":{"background-color":"var(--ast-global-color-5)","background-image":"","background-repeat":"repeat","background-position":"center center","background-size":"auto","background-attachment":"scroll","background-type":"","background-media":"","overlay-type":"","overlay-color":"","overlay-opacity":"","overlay-gradient":""},"mobile":{"background-color":"var(--ast-global-color-5)","background-image":"","background-repeat":"repeat","background-position":"center center","background-size":"auto","background-attachment":"scroll","background-type":"","background-media":"","overlay-type":"","overlay-color":"","overlay-opacity":"","overlay-gradient":""}}},"product_brand":[],"product_cat":[652],"product_tag":[],"berocket_brand":[631],"class_list":{"0":"post-25446","1":"product","2":"type-product","3":"status-publish","4":"has-post-thumbnail","6":"product_cat-pdrn","7":"berocket_brand-eqqualberry","8":"desktop-align-left","9":"tablet-align-left","10":"mobile-align-left","12":"first","13":"instock","14":"taxable","15":"shipping-taxable","16":"purchasable","17":"product-type-simple","18":"add-to-wishlist-before_image"},"yoast_head":"<!-- This site is optimized with the Yoast SEO plugin v27.4 - https:\/\/yoast.com\/product\/yoast-seo-wordpress\/ -->\n<title>EQQUALBERRY Aloe PDRN Calming Serum 30ml - FACECORNER<\/title>\n<meta name=\"description\" content=\"EQQUALBERRY Aloe PDRN nomierino\u0161ais serums ir paredz\u0113ts jut\u012bgai, kairin\u0101tai un dehidr\u0113tai \u0101dai. Tas ir veidots ar sp\u0113c\u012bgu alvejas ekstrakta un PDRN (polideoksiribonukleot\u012bdu) kompleksu\" \/>\n<meta name=\"robots\" content=\"index, follow, max-snippet:-1, max-image-preview:large, max-video-preview:-1\" \/>\n<link rel=\"canonical\" href=\"https:\/\/www.facecorner.lv\/en\/shop\/eqqualberry-aloe-pdrn-calming-serum-30ml\/\" \/>\n<meta property=\"og:locale\" content=\"en_US\" \/>\n<meta property=\"og:type\" content=\"article\" \/>\n<meta property=\"og:title\" content=\"EQQUALBERRY Aloe PDRN Calming Serum 30ml - FACECORNER\" \/>\n<meta property=\"og:description\" content=\"EQQUALBERRY Aloe PDRN nomierino\u0161ais serums ir paredz\u0113ts jut\u012bgai, kairin\u0101tai un dehidr\u0113tai \u0101dai. Tas ir veidots ar sp\u0113c\u012bgu alvejas ekstrakta un PDRN (polideoksiribonukleot\u012bdu) kompleksu\" \/>\n<meta property=\"og:url\" content=\"https:\/\/www.facecorner.lv\/en\/shop\/eqqualberry-aloe-pdrn-calming-serum-30ml\/\" \/>\n<meta property=\"og:site_name\" content=\"FACECORNER\" \/>\n<meta property=\"article:publisher\" content=\"https:\/\/www.facebook.com\/profile.php?id=100063824551839\" \/>\n<meta property=\"article:modified_time\" content=\"2025-10-01T11:13:21+00:00\" \/>\n<meta property=\"og:image\" content=\"https:\/\/www.facecorner.lv\/wp-content\/uploads\/2025\/10\/XXL_p0221141964.webp\" \/>\n\t<meta property=\"og:image:width\" content=\"640\" \/>\n\t<meta property=\"og:image:height\" content=\"640\" \/>\n\t<meta property=\"og:image:type\" content=\"image\/webp\" \/>\n<meta name=\"twitter:card\" content=\"summary_large_image\" \/>\n<meta name=\"twitter:label1\" content=\"Price\" \/>\n\t<meta name=\"twitter:data1\" content=\"&euro;21.50\" \/>\n\t<meta name=\"twitter:label2\" content=\"Availability\" \/>\n\t<meta name=\"twitter:data2\" content=\"In stock\" \/>\n<script type=\"application\/ld+json\" class=\"yoast-schema-graph\">{\"@context\":\"https:\\\/\\\/schema.org\",\"@graph\":[{\"@type\":\"WebPage\",\"@id\":\"https:\\\/\\\/www.facecorner.lv\\\/shop\\\/eqqualberry-aloe-pdrn-calming-serum-30ml\\\/\",\"url\":\"https:\\\/\\\/www.facecorner.lv\\\/shop\\\/eqqualberry-aloe-pdrn-calming-serum-30ml\\\/\",\"name\":\"EQQUALBERRY Aloe PDRN Calming Serum 30ml - FACECORNER\",\"isPartOf\":{\"@id\":\"https:\\\/\\\/www.facecorner.lv\\\/#website\"},\"primaryImageOfPage\":{\"@id\":\"https:\\\/\\\/www.facecorner.lv\\\/shop\\\/eqqualberry-aloe-pdrn-calming-serum-30ml\\\/#primaryimage\"},\"image\":{\"@id\":\"https:\\\/\\\/www.facecorner.lv\\\/shop\\\/eqqualberry-aloe-pdrn-calming-serum-30ml\\\/#primaryimage\"},\"thumbnailUrl\":\"https:\\\/\\\/www.facecorner.lv\\\/wp-content\\\/uploads\\\/2025\\\/10\\\/XXL_p0221141964.webp\",\"datePublished\":\"2025-10-01T11:12:22+00:00\",\"dateModified\":\"2025-10-01T11:13:21+00:00\",\"description\":\"EQQUALBERRY Aloe PDRN nomierino\u0161ais serums ir paredz\u0113ts jut\u012bgai, kairin\u0101tai un dehidr\u0113tai \u0101dai. Tas ir veidots ar sp\u0113c\u012bgu alvejas ekstrakta un PDRN (polideoksiribonukleot\u012bdu) kompleksu\",\"breadcrumb\":{\"@id\":\"https:\\\/\\\/www.facecorner.lv\\\/shop\\\/eqqualberry-aloe-pdrn-calming-serum-30ml\\\/#breadcrumb\"},\"inLanguage\":\"en-US\",\"potentialAction\":[{\"@type\":\"ReadAction\",\"target\":[\"https:\\\/\\\/www.facecorner.lv\\\/shop\\\/eqqualberry-aloe-pdrn-calming-serum-30ml\\\/\"]}]},{\"@type\":\"ImageObject\",\"inLanguage\":\"en-US\",\"@id\":\"https:\\\/\\\/www.facecorner.lv\\\/shop\\\/eqqualberry-aloe-pdrn-calming-serum-30ml\\\/#primaryimage\",\"url\":\"https:\\\/\\\/www.facecorner.lv\\\/wp-content\\\/uploads\\\/2025\\\/10\\\/XXL_p0221141964.webp\",\"contentUrl\":\"https:\\\/\\\/www.facecorner.lv\\\/wp-content\\\/uploads\\\/2025\\\/10\\\/XXL_p0221141964.webp\",\"width\":640,\"height\":640,\"caption\":\"EQQUALBERRY Aloe PDRN Calming Serum\"},{\"@type\":\"BreadcrumbList\",\"@id\":\"https:\\\/\\\/www.facecorner.lv\\\/shop\\\/eqqualberry-aloe-pdrn-calming-serum-30ml\\\/#breadcrumb\",\"itemListElement\":[{\"@type\":\"ListItem\",\"position\":1,\"name\":\"Home\",\"item\":\"https:\\\/\\\/www.facecorner.lv\\\/\"},{\"@type\":\"ListItem\",\"position\":2,\"name\":\"Veikals\",\"item\":\"https:\\\/\\\/www.facecorner.lv\\\/shop\\\/\"},{\"@type\":\"ListItem\",\"position\":3,\"name\":\"EQQUALBERRY Aloe PDRN Calming Serum 30ml\"}]},{\"@type\":\"WebSite\",\"@id\":\"https:\\\/\\\/www.facecorner.lv\\\/#website\",\"url\":\"https:\\\/\\\/www.facecorner.lv\\\/\",\"name\":\"Facecorner\",\"description\":\"\",\"publisher\":{\"@id\":\"https:\\\/\\\/www.facecorner.lv\\\/#organization\"},\"potentialAction\":[{\"@type\":\"SearchAction\",\"target\":{\"@type\":\"EntryPoint\",\"urlTemplate\":\"https:\\\/\\\/www.facecorner.lv\\\/?s={search_term_string}\"},\"query-input\":{\"@type\":\"PropertyValueSpecification\",\"valueRequired\":true,\"valueName\":\"search_term_string\"}}],\"inLanguage\":\"en-US\"},{\"@type\":\"Organization\",\"@id\":\"https:\\\/\\\/www.facecorner.lv\\\/#organization\",\"name\":\"Facecorner\",\"url\":\"https:\\\/\\\/www.facecorner.lv\\\/\",\"logo\":{\"@type\":\"ImageObject\",\"inLanguage\":\"en-US\",\"@id\":\"https:\\\/\\\/www.facecorner.lv\\\/#\\\/schema\\\/logo\\\/image\\\/\",\"url\":\"https:\\\/\\\/www.facecorner.lv\\\/wp-content\\\/uploads\\\/2024\\\/04\\\/fc-logo.jpg\",\"contentUrl\":\"https:\\\/\\\/www.facecorner.lv\\\/wp-content\\\/uploads\\\/2024\\\/04\\\/fc-logo.jpg\",\"width\":174,\"height\":28,\"caption\":\"Facecorner\"},\"image\":{\"@id\":\"https:\\\/\\\/www.facecorner.lv\\\/#\\\/schema\\\/logo\\\/image\\\/\"},\"sameAs\":[\"https:\\\/\\\/www.facebook.com\\\/profile.php?id=100063824551839\",\"https:\\\/\\\/www.instagram.com\\\/facecorner_shop\\\/\"]}]}<\/script>\n<meta property=\"product:price:amount\" content=\"21.50\" \/>\n<meta property=\"product:price:currency\" content=\"EUR\" \/>\n<meta property=\"og:availability\" content=\"instock\" \/>\n<meta property=\"product:availability\" content=\"instock\" \/>\n<meta property=\"product:condition\" content=\"new\" \/>\n<!-- \/ Yoast SEO plugin. -->","yoast_head_json":{"title":"EQQUALBERRY Aloe PDRN Calming Serum 30ml - FACECORNER","description":"EQQUALBERRY Aloe PDRN nomierino\u0161ais serums ir paredz\u0113ts jut\u012bgai, kairin\u0101tai un dehidr\u0113tai \u0101dai. Tas ir veidots ar sp\u0113c\u012bgu alvejas ekstrakta un PDRN (polideoksiribonukleot\u012bdu) kompleksu","robots":{"index":"index","follow":"follow","max-snippet":"max-snippet:-1","max-image-preview":"max-image-preview:large","max-video-preview":"max-video-preview:-1"},"canonical":"https:\/\/www.facecorner.lv\/en\/shop\/eqqualberry-aloe-pdrn-calming-serum-30ml\/","og_locale":"en_US","og_type":"article","og_title":"EQQUALBERRY Aloe PDRN Calming Serum 30ml - FACECORNER","og_description":"EQQUALBERRY Aloe PDRN nomierino\u0161ais serums ir paredz\u0113ts jut\u012bgai, kairin\u0101tai un dehidr\u0113tai \u0101dai. Tas ir veidots ar sp\u0113c\u012bgu alvejas ekstrakta un PDRN (polideoksiribonukleot\u012bdu) kompleksu","og_url":"https:\/\/www.facecorner.lv\/en\/shop\/eqqualberry-aloe-pdrn-calming-serum-30ml\/","og_site_name":"FACECORNER","article_publisher":"https:\/\/www.facebook.com\/profile.php?id=100063824551839","article_modified_time":"2025-10-01T11:13:21+00:00","og_image":[{"width":640,"height":640,"url":"https:\/\/www.facecorner.lv\/wp-content\/uploads\/2025\/10\/XXL_p0221141964.webp","type":"image\/webp"}],"twitter_card":"summary_large_image","twitter_misc":{"Price":"&euro;21.50","Availability":"In stock"},"schema":{"@context":"https:\/\/schema.org","@graph":[{"@type":"WebPage","@id":"https:\/\/www.facecorner.lv\/shop\/eqqualberry-aloe-pdrn-calming-serum-30ml\/","url":"https:\/\/www.facecorner.lv\/shop\/eqqualberry-aloe-pdrn-calming-serum-30ml\/","name":"EQQUALBERRY Aloe PDRN Calming Serum 30ml - FACECORNER","isPartOf":{"@id":"https:\/\/www.facecorner.lv\/#website"},"primaryImageOfPage":{"@id":"https:\/\/www.facecorner.lv\/shop\/eqqualberry-aloe-pdrn-calming-serum-30ml\/#primaryimage"},"image":{"@id":"https:\/\/www.facecorner.lv\/shop\/eqqualberry-aloe-pdrn-calming-serum-30ml\/#primaryimage"},"thumbnailUrl":"https:\/\/www.facecorner.lv\/wp-content\/uploads\/2025\/10\/XXL_p0221141964.webp","datePublished":"2025-10-01T11:12:22+00:00","dateModified":"2025-10-01T11:13:21+00:00","description":"EQQUALBERRY Aloe PDRN nomierino\u0161ais serums ir paredz\u0113ts jut\u012bgai, kairin\u0101tai un dehidr\u0113tai \u0101dai. Tas ir veidots ar sp\u0113c\u012bgu alvejas ekstrakta un PDRN (polideoksiribonukleot\u012bdu) kompleksu","breadcrumb":{"@id":"https:\/\/www.facecorner.lv\/shop\/eqqualberry-aloe-pdrn-calming-serum-30ml\/#breadcrumb"},"inLanguage":"en-US","potentialAction":[{"@type":"ReadAction","target":["https:\/\/www.facecorner.lv\/shop\/eqqualberry-aloe-pdrn-calming-serum-30ml\/"]}]},{"@type":"ImageObject","inLanguage":"en-US","@id":"https:\/\/www.facecorner.lv\/shop\/eqqualberry-aloe-pdrn-calming-serum-30ml\/#primaryimage","url":"https:\/\/www.facecorner.lv\/wp-content\/uploads\/2025\/10\/XXL_p0221141964.webp","contentUrl":"https:\/\/www.facecorner.lv\/wp-content\/uploads\/2025\/10\/XXL_p0221141964.webp","width":640,"height":640,"caption":"EQQUALBERRY Aloe PDRN Calming Serum"},{"@type":"BreadcrumbList","@id":"https:\/\/www.facecorner.lv\/shop\/eqqualberry-aloe-pdrn-calming-serum-30ml\/#breadcrumb","itemListElement":[{"@type":"ListItem","position":1,"name":"Home","item":"https:\/\/www.facecorner.lv\/"},{"@type":"ListItem","position":2,"name":"Veikals","item":"https:\/\/www.facecorner.lv\/shop\/"},{"@type":"ListItem","position":3,"name":"EQQUALBERRY Aloe PDRN Calming Serum 30ml"}]},{"@type":"WebSite","@id":"https:\/\/www.facecorner.lv\/#website","url":"https:\/\/www.facecorner.lv\/","name":"Facecorner","description":"","publisher":{"@id":"https:\/\/www.facecorner.lv\/#organization"},"potentialAction":[{"@type":"SearchAction","target":{"@type":"EntryPoint","urlTemplate":"https:\/\/www.facecorner.lv\/?s={search_term_string}"},"query-input":{"@type":"PropertyValueSpecification","valueRequired":true,"valueName":"search_term_string"}}],"inLanguage":"en-US"},{"@type":"Organization","@id":"https:\/\/www.facecorner.lv\/#organization","name":"Facecorner","url":"https:\/\/www.facecorner.lv\/","logo":{"@type":"ImageObject","inLanguage":"en-US","@id":"https:\/\/www.facecorner.lv\/#\/schema\/logo\/image\/","url":"https:\/\/www.facecorner.lv\/wp-content\/uploads\/2024\/04\/fc-logo.jpg","contentUrl":"https:\/\/www.facecorner.lv\/wp-content\/uploads\/2024\/04\/fc-logo.jpg","width":174,"height":28,"caption":"Facecorner"},"image":{"@id":"https:\/\/www.facecorner.lv\/#\/schema\/logo\/image\/"},"sameAs":["https:\/\/www.facebook.com\/profile.php?id=100063824551839","https:\/\/www.instagram.com\/facecorner_shop\/"]}]},"product_price_amount":"21.50","product_price_currency":"EUR","og_availability":"instock","product_availability":"instock","product_condition":"new"},"_links":{"self":[{"href":"https:\/\/www.facecorner.lv\/en\/wp-json\/wp\/v2\/product\/25446","targetHints":{"allow":["GET"]}}],"collection":[{"href":"https:\/\/www.facecorner.lv\/en\/wp-json\/wp\/v2\/product"}],"about":[{"href":"https:\/\/www.facecorner.lv\/en\/wp-json\/wp\/v2\/types\/product"}],"replies":[{"embeddable":true,"href":"https:\/\/www.facecorner.lv\/en\/wp-json\/wp\/v2\/comments?post=25446"}],"wp:featuredmedia":[{"embeddable":true,"href":"https:\/\/www.facecorner.lv\/en\/wp-json\/wp\/v2\/media\/25447"}],"wp:attachment":[{"href":"https:\/\/www.facecorner.lv\/en\/wp-json\/wp\/v2\/media?parent=25446"}],"wp:term":[{"taxonomy":"product_brand","embeddable":true,"href":"https:\/\/www.facecorner.lv\/en\/wp-json\/wp\/v2\/product_brand?post=25446"},{"taxonomy":"product_cat","embeddable":true,"href":"https:\/\/www.facecorner.lv\/en\/wp-json\/wp\/v2\/product_cat?post=25446"},{"taxonomy":"product_tag","embeddable":true,"href":"https:\/\/www.facecorner.lv\/en\/wp-json\/wp\/v2\/product_tag?post=25446"},{"taxonomy":"berocket_brand","embeddable":true,"href":"https:\/\/www.facecorner.lv\/en\/wp-json\/wp\/v2\/berocket_brand?post=25446"}],"curies":[{"name":"wp","href":"https:\/\/api.w.org\/{rel}","templated":true}]}}