{"id":25443,"date":"2025-10-01T13:45:05","date_gmt":"2025-10-01T10:45:05","guid":{"rendered":"https:\/\/www.facecorner.lv\/?post_type=product&#038;p=25443"},"modified":"2026-01-07T15:46:49","modified_gmt":"2026-01-07T12:46:49","slug":"anua-peach-niacin-spread-cleansing-foam-150ml","status":"publish","type":"product","link":"https:\/\/www.facecorner.lv\/en\/shop\/anua-peach-niacin-spread-cleansing-foam-150ml\/","title":{"rendered":"Anua Peach Niacin Spread Cleansing Foam 150ml"},"content":{"rendered":"<p>Anua Peach Niacin Spread Cleansing Foam\u00a0 piena putas ir ar unik\u0101lu maigu tekst\u016bru, kas atg\u0101dina persiku biezeni, un saskaroties ar \u016bdeni p\u0101rv\u0113r\u0161as par biezu, bag\u0101t\u012bgu putu.<\/p>\n<p>T\u0101s maigi att\u012bra poras no liek\u0101 sebuma, atmiru\u0161aj\u0101m \u0161\u016bn\u0101m, kosm\u0113tikas un saules aizsargl\u012bdzek\u013cu paliek\u0101m, neradot saspringuma un sausuma saj\u016btu.<\/p>\n<p>Putas ir izstr\u0101d\u0101tas, lai atdz\u012bvin\u0101tu bl\u0101vu un noguru\u0161u \u0101du, izl\u012bdzin\u0101tu t\u0101s toni un pie\u0161\u0137irtu gludumu. Viegli s\u0101rmaina formula nodro\u0161ina atsvaidzino\u0161u rezult\u0101tu bez atliek\u0101m, atst\u0101jot \u0101du t\u012bru, mitrin\u0101tu un mirdzo\u0161u. Produkts ir dermatolo\u0123iski test\u0113ts un piem\u0113rots visiem \u0101das tipiem, ieskaitot jut\u012bgu \u0101du.<\/p>\n<ul>\n<li>Persiku ekstrakts: bag\u0101ts ar vitam\u012bniem un antioksidantiem, \u0161is komponents intens\u012bvi mitrina un baro \u0101du, pal\u012bdz uzlabot t\u0101s elast\u012bbu un pie\u0161\u0137ir vesel\u012bgu, atp\u016btu\u0161os izskatu.<\/li>\n<li>Niac\u012bnam\u012bds (B3 vitam\u012bns): sp\u0113c\u012bga akt\u012bv\u0101 sast\u0101vda\u013ca, kas paz\u012bstama ar sav\u0101m balino\u0161aj\u0101m \u012bpa\u0161\u012bb\u0101m. Tas efekt\u012bvi c\u012bn\u0101s pret \u0101das bl\u0101vumu, samazina pigmentu plankumu un pinnes p\u0113das redzam\u012bbu, k\u0101 ar\u012b regul\u0113 sebuma izdal\u012b\u0161anos un sa\u0161aurina poras.<\/li>\n<li>Laktobakt\u0113riju fermenti: probiotika, kas pal\u012bdz uztur\u0113t vesel\u012bgu \u0101das mikrobiomu, stiprina t\u0101s aizsargbarjeru un veicina mitruma saglab\u0101\u0161anu.<\/li>\n<li>Persiku kauli\u0146u pulveris: S\u012bkas dabiskas izcelsmes abraz\u012bv\u0101s da\u013ci\u0146as, kas nodro\u0161ina maigu meh\u0101nisku p\u012blingu, no\u0146emot atmiru\u0161\u0101s \u0161\u016bnas un izl\u012bdzinot \u0101das mikroreljefu.<\/li>\n<li>PHA un LHA sk\u0101bes: m\u016bsdien\u012bga paaudze sk\u0101bes, kas darbojas \u013coti delik\u0101ti. T\u0101s pal\u012bdz att\u012br\u012bt poras, c\u012bn\u012bties ar melnajiem un baltajiem punkti\u0146iem un uzlabot \u0101das tekst\u016bru, neizraisot kairin\u0101jumu.<\/li>\n<\/ul>\n<p><strong>Lieto\u0161anas veids<\/strong> :Uzkl\u0101jiet nelielu daudzumu l\u012bdzek\u013ca uz mitras plaukstas.Pievienojiet nedaudz \u016bdens un uzputiniet, l\u012bdz izveidojas bieza putas.Uzkl\u0101jiet putas uz sejas un mas\u0113jiet ar ap\u013cveida kust\u012bb\u0101m.R\u016bp\u012bgi noskalojiet ar siltu \u016bdeni.Ieteicams lietot katru dienu, no r\u012bta un vakar\u0101, k\u0101 pirmo soli j\u016bsu \u0101das kop\u0161anas proced\u016br\u0101.<\/p>\n<p><strong>Sast\u0101vs:<\/strong> Purified water, peach juice (15.7%), glycerin, potassium laurate, cellulose, potassium myristate, acrylates copolymer, 1,2-hexanediol, betaine, peach seed powder (0.5%), hydroxyacetophenone, potassium hydroxide, polyquaternium-22, lactobacillus ferment, ethylhexylglycerin, fragrance, gardenia extract, sodium phytate, dextrin, niacinamide (100 ppm), cyanocobalamin, butylene glycol, hydrogenated lecithin, centella asiatica extract, fig extract, sodium hyaluronate, glyceryl glucoside, beta-glucan, ceramide NP, kudzu root extract, pine leaf extract, elm root extract, Evening Primrose Extract, Linolenic Acid, Acrylates\/C10-30 Alkyl Acrylate Crosspolymer, Ammonium Acryloyldimethyl Taurate\/VP Copolymer, Hydroxypropyl Starch Phosphate, Capryloyl Salicylic Acid, Apricot Extract.<\/p>\n<p>&nbsp;<\/p>\n<p>&nbsp;<\/p>","protected":false},"excerpt":{"rendered":"<p>Anua Peach Niacin Spread Cleansing Foam\u00a0 piena putas ir ar unik\u0101lu maigu tekst\u016bru, kas atg\u0101dina persiku biezeni, un saskaroties ar \u016bdeni p\u0101rv\u0113r\u0161as par biezu, bag\u0101t\u012bgu putu. T\u0101s maigi att\u012bra poras no liek\u0101 sebuma, atmiru\u0161aj\u0101m \u0161\u016bn\u0101m, kosm\u0113tikas un saules aizsargl\u012bdzek\u013cu paliek\u0101m, neradot saspringuma un sausuma saj\u016btu. Putas ir izstr\u0101d\u0101tas, lai atdz\u012bvin\u0101tu bl\u0101vu un noguru\u0161u \u0101du, izl\u012bdzin\u0101tu [&hellip;]<\/p>\n","protected":false},"featured_media":25444,"comment_status":"open","ping_status":"closed","template":"","meta":{"site-sidebar-layout":"default","site-content-layout":"","ast-site-content-layout":"default","site-content-style":"default","site-sidebar-style":"default","ast-global-header-display":"","ast-banner-title-visibility":"","ast-main-header-display":"","ast-hfb-above-header-display":"","ast-hfb-below-header-display":"","ast-hfb-mobile-header-display":"","site-post-title":"","ast-breadcrumbs-content":"","ast-featured-img":"","footer-sml-layout":"","theme-transparent-header-meta":"default","adv-header-id-meta":"","stick-header-meta":"","header-above-stick-meta":"","header-main-stick-meta":"","header-below-stick-meta":"","astra-migrate-meta-layouts":"set","ast-page-background-enabled":"default","ast-page-background-meta":{"desktop":{"background-color":"var(--ast-global-color-4)","background-image":"","background-repeat":"repeat","background-position":"center center","background-size":"auto","background-attachment":"scroll","background-type":"","background-media":"","overlay-type":"","overlay-color":"","overlay-opacity":"","overlay-gradient":""},"tablet":{"background-color":"","background-image":"","background-repeat":"repeat","background-position":"center center","background-size":"auto","background-attachment":"scroll","background-type":"","background-media":"","overlay-type":"","overlay-color":"","overlay-opacity":"","overlay-gradient":""},"mobile":{"background-color":"","background-image":"","background-repeat":"repeat","background-position":"center center","background-size":"auto","background-attachment":"scroll","background-type":"","background-media":"","overlay-type":"","overlay-color":"","overlay-opacity":"","overlay-gradient":""}},"ast-content-background-meta":{"desktop":{"background-color":"var(--ast-global-color-5)","background-image":"","background-repeat":"repeat","background-position":"center center","background-size":"auto","background-attachment":"scroll","background-type":"","background-media":"","overlay-type":"","overlay-color":"","overlay-opacity":"","overlay-gradient":""},"tablet":{"background-color":"var(--ast-global-color-5)","background-image":"","background-repeat":"repeat","background-position":"center center","background-size":"auto","background-attachment":"scroll","background-type":"","background-media":"","overlay-type":"","overlay-color":"","overlay-opacity":"","overlay-gradient":""},"mobile":{"background-color":"var(--ast-global-color-5)","background-image":"","background-repeat":"repeat","background-position":"center center","background-size":"auto","background-attachment":"scroll","background-type":"","background-media":"","overlay-type":"","overlay-color":"","overlay-opacity":"","overlay-gradient":""}}},"product_brand":[],"product_cat":[310,311,312,317],"product_tag":[],"berocket_brand":[575],"class_list":{"0":"post-25443","1":"product","2":"type-product","3":"status-publish","4":"has-post-thumbnail","6":"product_cat-attirisana","7":"product_cat-jutigai-adai-attirisana","8":"product_cat-kombinetai-adai-attirisana","9":"product_cat-sausai-adai-attirisana","10":"berocket_brand-anua","11":"desktop-align-left","12":"tablet-align-left","13":"mobile-align-left","15":"first","16":"outofstock","17":"taxable","18":"shipping-taxable","19":"purchasable","20":"product-type-simple","21":"add-to-wishlist-before_image"},"yoast_head":"<!-- This site is optimized with the Yoast SEO plugin v27.4 - https:\/\/yoast.com\/product\/yoast-seo-wordpress\/ -->\n<title>Anua Peach Niacin Spread Cleansing Foam 150ml - FACECORNER<\/title>\n<meta name=\"description\" content=\"Anua Peach Niacin Spread Cleansing Foam\u00a0 piena putas ir ar unik\u0101lu maigu tekst\u016bru, kas atg\u0101dina persiku biezeni, un saskaroties ar \u016bdeni p\u0101rv\u0113r\u0161as par biezu, bag\u0101t\u012bgu putu.\" \/>\n<meta name=\"robots\" content=\"index, follow, max-snippet:-1, max-image-preview:large, max-video-preview:-1\" \/>\n<link rel=\"canonical\" href=\"https:\/\/www.facecorner.lv\/en\/shop\/anua-peach-niacin-spread-cleansing-foam-150ml\/\" \/>\n<meta property=\"og:locale\" content=\"en_US\" \/>\n<meta property=\"og:type\" content=\"article\" \/>\n<meta property=\"og:title\" content=\"Anua Peach Niacin Spread Cleansing Foam 150ml - FACECORNER\" \/>\n<meta property=\"og:description\" content=\"Anua Peach Niacin Spread Cleansing Foam\u00a0 piena putas ir ar unik\u0101lu maigu tekst\u016bru, kas atg\u0101dina persiku biezeni, un saskaroties ar \u016bdeni p\u0101rv\u0113r\u0161as par biezu, bag\u0101t\u012bgu putu.\" \/>\n<meta property=\"og:url\" content=\"https:\/\/www.facecorner.lv\/en\/shop\/anua-peach-niacin-spread-cleansing-foam-150ml\/\" \/>\n<meta property=\"og:site_name\" content=\"FACECORNER\" \/>\n<meta property=\"article:publisher\" content=\"https:\/\/www.facebook.com\/profile.php?id=100063824551839\" \/>\n<meta property=\"article:modified_time\" content=\"2026-01-07T12:46:49+00:00\" \/>\n<meta property=\"og:image\" content=\"https:\/\/www.facecorner.lv\/wp-content\/uploads\/2025\/10\/XXL_p0220908969.webp\" \/>\n\t<meta property=\"og:image:width\" content=\"640\" \/>\n\t<meta property=\"og:image:height\" content=\"640\" \/>\n\t<meta property=\"og:image:type\" content=\"image\/webp\" \/>\n<meta name=\"twitter:card\" content=\"summary_large_image\" \/>\n<meta name=\"twitter:label1\" content=\"Price\" \/>\n\t<meta name=\"twitter:data1\" content=\"&euro;19.95\" \/>\n\t<meta name=\"twitter:label2\" content=\"Availability\" \/>\n\t<meta name=\"twitter:data2\" content=\"Out of stock\" \/>\n<script type=\"application\/ld+json\" class=\"yoast-schema-graph\">{\"@context\":\"https:\\\/\\\/schema.org\",\"@graph\":[{\"@type\":\"WebPage\",\"@id\":\"https:\\\/\\\/www.facecorner.lv\\\/shop\\\/anua-peach-niacin-spread-cleansing-foam-150ml\\\/\",\"url\":\"https:\\\/\\\/www.facecorner.lv\\\/shop\\\/anua-peach-niacin-spread-cleansing-foam-150ml\\\/\",\"name\":\"Anua Peach Niacin Spread Cleansing Foam 150ml - FACECORNER\",\"isPartOf\":{\"@id\":\"https:\\\/\\\/www.facecorner.lv\\\/#website\"},\"primaryImageOfPage\":{\"@id\":\"https:\\\/\\\/www.facecorner.lv\\\/shop\\\/anua-peach-niacin-spread-cleansing-foam-150ml\\\/#primaryimage\"},\"image\":{\"@id\":\"https:\\\/\\\/www.facecorner.lv\\\/shop\\\/anua-peach-niacin-spread-cleansing-foam-150ml\\\/#primaryimage\"},\"thumbnailUrl\":\"https:\\\/\\\/www.facecorner.lv\\\/wp-content\\\/uploads\\\/2025\\\/10\\\/XXL_p0220908969.webp\",\"datePublished\":\"2025-10-01T10:45:05+00:00\",\"dateModified\":\"2026-01-07T12:46:49+00:00\",\"description\":\"Anua Peach Niacin Spread Cleansing Foam\u00a0 piena putas ir ar unik\u0101lu maigu tekst\u016bru, kas atg\u0101dina persiku biezeni, un saskaroties ar \u016bdeni p\u0101rv\u0113r\u0161as par biezu, bag\u0101t\u012bgu putu.\",\"breadcrumb\":{\"@id\":\"https:\\\/\\\/www.facecorner.lv\\\/shop\\\/anua-peach-niacin-spread-cleansing-foam-150ml\\\/#breadcrumb\"},\"inLanguage\":\"en-US\",\"potentialAction\":[{\"@type\":\"ReadAction\",\"target\":[\"https:\\\/\\\/www.facecorner.lv\\\/shop\\\/anua-peach-niacin-spread-cleansing-foam-150ml\\\/\"]}]},{\"@type\":\"ImageObject\",\"inLanguage\":\"en-US\",\"@id\":\"https:\\\/\\\/www.facecorner.lv\\\/shop\\\/anua-peach-niacin-spread-cleansing-foam-150ml\\\/#primaryimage\",\"url\":\"https:\\\/\\\/www.facecorner.lv\\\/wp-content\\\/uploads\\\/2025\\\/10\\\/XXL_p0220908969.webp\",\"contentUrl\":\"https:\\\/\\\/www.facecorner.lv\\\/wp-content\\\/uploads\\\/2025\\\/10\\\/XXL_p0220908969.webp\",\"width\":640,\"height\":640,\"caption\":\"Anua Peach Niacin Spread Cleansing Foam\"},{\"@type\":\"BreadcrumbList\",\"@id\":\"https:\\\/\\\/www.facecorner.lv\\\/shop\\\/anua-peach-niacin-spread-cleansing-foam-150ml\\\/#breadcrumb\",\"itemListElement\":[{\"@type\":\"ListItem\",\"position\":1,\"name\":\"Home\",\"item\":\"https:\\\/\\\/www.facecorner.lv\\\/\"},{\"@type\":\"ListItem\",\"position\":2,\"name\":\"Veikals\",\"item\":\"https:\\\/\\\/www.facecorner.lv\\\/shop\\\/\"},{\"@type\":\"ListItem\",\"position\":3,\"name\":\"Anua Peach Niacin Spread Cleansing Foam 150ml\"}]},{\"@type\":\"WebSite\",\"@id\":\"https:\\\/\\\/www.facecorner.lv\\\/#website\",\"url\":\"https:\\\/\\\/www.facecorner.lv\\\/\",\"name\":\"Facecorner\",\"description\":\"\",\"publisher\":{\"@id\":\"https:\\\/\\\/www.facecorner.lv\\\/#organization\"},\"potentialAction\":[{\"@type\":\"SearchAction\",\"target\":{\"@type\":\"EntryPoint\",\"urlTemplate\":\"https:\\\/\\\/www.facecorner.lv\\\/?s={search_term_string}\"},\"query-input\":{\"@type\":\"PropertyValueSpecification\",\"valueRequired\":true,\"valueName\":\"search_term_string\"}}],\"inLanguage\":\"en-US\"},{\"@type\":\"Organization\",\"@id\":\"https:\\\/\\\/www.facecorner.lv\\\/#organization\",\"name\":\"Facecorner\",\"url\":\"https:\\\/\\\/www.facecorner.lv\\\/\",\"logo\":{\"@type\":\"ImageObject\",\"inLanguage\":\"en-US\",\"@id\":\"https:\\\/\\\/www.facecorner.lv\\\/#\\\/schema\\\/logo\\\/image\\\/\",\"url\":\"https:\\\/\\\/www.facecorner.lv\\\/wp-content\\\/uploads\\\/2024\\\/04\\\/fc-logo.jpg\",\"contentUrl\":\"https:\\\/\\\/www.facecorner.lv\\\/wp-content\\\/uploads\\\/2024\\\/04\\\/fc-logo.jpg\",\"width\":174,\"height\":28,\"caption\":\"Facecorner\"},\"image\":{\"@id\":\"https:\\\/\\\/www.facecorner.lv\\\/#\\\/schema\\\/logo\\\/image\\\/\"},\"sameAs\":[\"https:\\\/\\\/www.facebook.com\\\/profile.php?id=100063824551839\",\"https:\\\/\\\/www.instagram.com\\\/facecorner_shop\\\/\"]}]}<\/script>\n<meta property=\"product:price:amount\" content=\"19.95\" \/>\n<meta property=\"product:price:currency\" content=\"EUR\" \/>\n<meta property=\"og:availability\" content=\"out of stock\" \/>\n<meta property=\"product:availability\" content=\"out of stock\" \/>\n<meta property=\"product:condition\" content=\"new\" \/>\n<!-- \/ Yoast SEO plugin. -->","yoast_head_json":{"title":"Anua Peach Niacin Spread Cleansing Foam 150ml - FACECORNER","description":"Anua Peach Niacin Spread Cleansing Foam\u00a0 piena putas ir ar unik\u0101lu maigu tekst\u016bru, kas atg\u0101dina persiku biezeni, un saskaroties ar \u016bdeni p\u0101rv\u0113r\u0161as par biezu, bag\u0101t\u012bgu putu.","robots":{"index":"index","follow":"follow","max-snippet":"max-snippet:-1","max-image-preview":"max-image-preview:large","max-video-preview":"max-video-preview:-1"},"canonical":"https:\/\/www.facecorner.lv\/en\/shop\/anua-peach-niacin-spread-cleansing-foam-150ml\/","og_locale":"en_US","og_type":"article","og_title":"Anua Peach Niacin Spread Cleansing Foam 150ml - FACECORNER","og_description":"Anua Peach Niacin Spread Cleansing Foam\u00a0 piena putas ir ar unik\u0101lu maigu tekst\u016bru, kas atg\u0101dina persiku biezeni, un saskaroties ar \u016bdeni p\u0101rv\u0113r\u0161as par biezu, bag\u0101t\u012bgu putu.","og_url":"https:\/\/www.facecorner.lv\/en\/shop\/anua-peach-niacin-spread-cleansing-foam-150ml\/","og_site_name":"FACECORNER","article_publisher":"https:\/\/www.facebook.com\/profile.php?id=100063824551839","article_modified_time":"2026-01-07T12:46:49+00:00","og_image":[{"width":640,"height":640,"url":"https:\/\/www.facecorner.lv\/wp-content\/uploads\/2025\/10\/XXL_p0220908969.webp","type":"image\/webp"}],"twitter_card":"summary_large_image","twitter_misc":{"Price":"&euro;19.95","Availability":"Out of stock"},"schema":{"@context":"https:\/\/schema.org","@graph":[{"@type":"WebPage","@id":"https:\/\/www.facecorner.lv\/shop\/anua-peach-niacin-spread-cleansing-foam-150ml\/","url":"https:\/\/www.facecorner.lv\/shop\/anua-peach-niacin-spread-cleansing-foam-150ml\/","name":"Anua Peach Niacin Spread Cleansing Foam 150ml - FACECORNER","isPartOf":{"@id":"https:\/\/www.facecorner.lv\/#website"},"primaryImageOfPage":{"@id":"https:\/\/www.facecorner.lv\/shop\/anua-peach-niacin-spread-cleansing-foam-150ml\/#primaryimage"},"image":{"@id":"https:\/\/www.facecorner.lv\/shop\/anua-peach-niacin-spread-cleansing-foam-150ml\/#primaryimage"},"thumbnailUrl":"https:\/\/www.facecorner.lv\/wp-content\/uploads\/2025\/10\/XXL_p0220908969.webp","datePublished":"2025-10-01T10:45:05+00:00","dateModified":"2026-01-07T12:46:49+00:00","description":"Anua Peach Niacin Spread Cleansing Foam\u00a0 piena putas ir ar unik\u0101lu maigu tekst\u016bru, kas atg\u0101dina persiku biezeni, un saskaroties ar \u016bdeni p\u0101rv\u0113r\u0161as par biezu, bag\u0101t\u012bgu putu.","breadcrumb":{"@id":"https:\/\/www.facecorner.lv\/shop\/anua-peach-niacin-spread-cleansing-foam-150ml\/#breadcrumb"},"inLanguage":"en-US","potentialAction":[{"@type":"ReadAction","target":["https:\/\/www.facecorner.lv\/shop\/anua-peach-niacin-spread-cleansing-foam-150ml\/"]}]},{"@type":"ImageObject","inLanguage":"en-US","@id":"https:\/\/www.facecorner.lv\/shop\/anua-peach-niacin-spread-cleansing-foam-150ml\/#primaryimage","url":"https:\/\/www.facecorner.lv\/wp-content\/uploads\/2025\/10\/XXL_p0220908969.webp","contentUrl":"https:\/\/www.facecorner.lv\/wp-content\/uploads\/2025\/10\/XXL_p0220908969.webp","width":640,"height":640,"caption":"Anua Peach Niacin Spread Cleansing Foam"},{"@type":"BreadcrumbList","@id":"https:\/\/www.facecorner.lv\/shop\/anua-peach-niacin-spread-cleansing-foam-150ml\/#breadcrumb","itemListElement":[{"@type":"ListItem","position":1,"name":"Home","item":"https:\/\/www.facecorner.lv\/"},{"@type":"ListItem","position":2,"name":"Veikals","item":"https:\/\/www.facecorner.lv\/shop\/"},{"@type":"ListItem","position":3,"name":"Anua Peach Niacin Spread Cleansing Foam 150ml"}]},{"@type":"WebSite","@id":"https:\/\/www.facecorner.lv\/#website","url":"https:\/\/www.facecorner.lv\/","name":"Facecorner","description":"","publisher":{"@id":"https:\/\/www.facecorner.lv\/#organization"},"potentialAction":[{"@type":"SearchAction","target":{"@type":"EntryPoint","urlTemplate":"https:\/\/www.facecorner.lv\/?s={search_term_string}"},"query-input":{"@type":"PropertyValueSpecification","valueRequired":true,"valueName":"search_term_string"}}],"inLanguage":"en-US"},{"@type":"Organization","@id":"https:\/\/www.facecorner.lv\/#organization","name":"Facecorner","url":"https:\/\/www.facecorner.lv\/","logo":{"@type":"ImageObject","inLanguage":"en-US","@id":"https:\/\/www.facecorner.lv\/#\/schema\/logo\/image\/","url":"https:\/\/www.facecorner.lv\/wp-content\/uploads\/2024\/04\/fc-logo.jpg","contentUrl":"https:\/\/www.facecorner.lv\/wp-content\/uploads\/2024\/04\/fc-logo.jpg","width":174,"height":28,"caption":"Facecorner"},"image":{"@id":"https:\/\/www.facecorner.lv\/#\/schema\/logo\/image\/"},"sameAs":["https:\/\/www.facebook.com\/profile.php?id=100063824551839","https:\/\/www.instagram.com\/facecorner_shop\/"]}]},"product_price_amount":"19.95","product_price_currency":"EUR","og_availability":"out of stock","product_availability":"out of stock","product_condition":"new"},"_links":{"self":[{"href":"https:\/\/www.facecorner.lv\/en\/wp-json\/wp\/v2\/product\/25443","targetHints":{"allow":["GET"]}}],"collection":[{"href":"https:\/\/www.facecorner.lv\/en\/wp-json\/wp\/v2\/product"}],"about":[{"href":"https:\/\/www.facecorner.lv\/en\/wp-json\/wp\/v2\/types\/product"}],"replies":[{"embeddable":true,"href":"https:\/\/www.facecorner.lv\/en\/wp-json\/wp\/v2\/comments?post=25443"}],"wp:featuredmedia":[{"embeddable":true,"href":"https:\/\/www.facecorner.lv\/en\/wp-json\/wp\/v2\/media\/25444"}],"wp:attachment":[{"href":"https:\/\/www.facecorner.lv\/en\/wp-json\/wp\/v2\/media?parent=25443"}],"wp:term":[{"taxonomy":"product_brand","embeddable":true,"href":"https:\/\/www.facecorner.lv\/en\/wp-json\/wp\/v2\/product_brand?post=25443"},{"taxonomy":"product_cat","embeddable":true,"href":"https:\/\/www.facecorner.lv\/en\/wp-json\/wp\/v2\/product_cat?post=25443"},{"taxonomy":"product_tag","embeddable":true,"href":"https:\/\/www.facecorner.lv\/en\/wp-json\/wp\/v2\/product_tag?post=25443"},{"taxonomy":"berocket_brand","embeddable":true,"href":"https:\/\/www.facecorner.lv\/en\/wp-json\/wp\/v2\/berocket_brand?post=25443"}],"curies":[{"name":"wp","href":"https:\/\/api.w.org\/{rel}","templated":true}]}}