{"id":25432,"date":"2025-10-01T11:47:05","date_gmt":"2025-10-01T08:47:05","guid":{"rendered":"https:\/\/www.facecorner.lv\/?post_type=product&#038;p=25432"},"modified":"2026-01-09T16:45:53","modified_gmt":"2026-01-09T13:45:53","slug":"medicube-hyaluronic-moisturizing-capsule-cream-55ml","status":"publish","type":"product","link":"https:\/\/www.facecorner.lv\/en\/shop\/medicube-hyaluronic-moisturizing-capsule-cream-55ml\/","title":{"rendered":"Medicube Hyaluronic Moisturizing Capsule Cream 55ml"},"content":{"rendered":"<p>Medicube Hyaluronic Moisturizing Capsule Cream formula, kas bag\u0101tin\u0101ta ar hialuronsk\u0101bi un mitrino\u0161\u0101m kapsul\u0101m, uzreiz pies\u0101tina \u0101du ar mitrumu, atgrie\u017eot tai gludumu, elast\u012bbu un vesel\u012bgu mirdzumu.<\/p>\n<ul>\n<li>7 veidu hialuronsk\u0101bes iek\u013c\u016bst da\u017e\u0101dos \u0101das sl\u0101\u0146os, nodro\u0161inot ilgsto\u0161u mitrin\u0101\u0161anu.<\/li>\n<li>\u00a0Kapsulas ar akt\u012bvaj\u0101m sast\u0101vda\u013c\u0101m atveras uzkl\u0101jot, saglab\u0101jot svaigumu un formulas efektivit\u0101ti.<\/li>\n<li>Nostiprina \u0101das barjeru un pal\u012bdz saglab\u0101t mitrumu visas dienas garum\u0101.<\/li>\n<li>Piem\u0113rots visiem \u0101das tipiem, ieskaitot jut\u012bgu \u0101du.<\/li>\n<\/ul>\n<p><strong>Rezult\u0101ts:<\/strong> jau p\u0113c pirm\u0101s lieto\u0161anas \u0101da k\u013c\u016bst iev\u0113rojami glud\u0101ka, elast\u012bg\u0101ka un mitrin\u0101ta.<\/p>\n<p><strong>How to use:<\/strong> Not\u012briet \u0101du \u2014 r\u016bp\u012bgi nomazg\u0101jieties un nosusiniet seju ar toniku. Ar l\u0101psti\u0146u\u00a0 uzkl\u0101jiet nelielu daudzumu kr\u0113ma.Ar maig\u0101m, plauksto\u0161\u0101m kust\u012bb\u0101m uzkl\u0101jiet uz sejas, izvairoties no zonas ap ac\u012bm.Aktiviz\u0113jiet kapsulas \u2014 uzkl\u0101jot kapsulas izk\u016bst un atbr\u012bvo akt\u012bv\u0101s sast\u0101vda\u013cas, pastiprinot efektu.Lietojiet no r\u012bta un vakar\u0101 k\u0101 p\u0113d\u0113jo kop\u0161anas posmu.<\/p>\n<p><strong>Sast\u0101vs:<\/strong> Purified Water, Niacinamide, Butylene Glycol, Methylpropanediol, Glycerin, Propanediol, 1,2-Hexanediol, Caprylic\/Capric Triglyceride, Glycereth-26, Arginine, Carbomer, Ethylhexyl Palmitate, Cetearyl Alcohol, Panthenol (5,000 ppm), Cetearyl Olivate, Sorbitan Olivate, Ammonium Acryloyldimethyltaurate\/VP Copolymer, Simethicone, Ethylhexylglycerin, Adenosine, Melia Azadirachta Leaf Extract, Polyacrylate-13, Melia Azadirachta Flower Extract, Disodium EDTA, Momordica Charantia (Bitter Melon) Fruit Extract, Polyisobutene, Hydrolyzed Sclerotium Gum, Glyceryl Stearate, Allantoin, Betaine, Aloe Vera Flower Extract, Solanum Melongena (Eggplant) Fruit Extract, Polysorbate 20, Jojoba Seed Oil, Sorbitan Isostearate, Sodium Hyaluronate (10 ppm), Ocimum Sanctum (Holy Basil) Leaf Extract, Corallina Officinalis Extract, Curcuma Longa (Turmeric) Root Extract, Squalane, Octyldodecanol, Hydrogenated Lecithin, Ceramide NP, Caprylyl Glycol.<\/p>","protected":false},"excerpt":{"rendered":"<p>Medicube Hyaluronic Moisturizing Capsule Cream formula, kas bag\u0101tin\u0101ta ar hialuronsk\u0101bi un mitrino\u0161\u0101m kapsul\u0101m, uzreiz pies\u0101tina \u0101du ar mitrumu, atgrie\u017eot tai gludumu, elast\u012bbu un vesel\u012bgu mirdzumu.<\/p>","protected":false},"featured_media":25433,"comment_status":"open","ping_status":"closed","template":"","meta":{"site-sidebar-layout":"default","site-content-layout":"","ast-site-content-layout":"default","site-content-style":"default","site-sidebar-style":"default","ast-global-header-display":"","ast-banner-title-visibility":"","ast-main-header-display":"","ast-hfb-above-header-display":"","ast-hfb-below-header-display":"","ast-hfb-mobile-header-display":"","site-post-title":"","ast-breadcrumbs-content":"","ast-featured-img":"","footer-sml-layout":"","theme-transparent-header-meta":"default","adv-header-id-meta":"","stick-header-meta":"","header-above-stick-meta":"","header-main-stick-meta":"","header-below-stick-meta":"","astra-migrate-meta-layouts":"set","ast-page-background-enabled":"default","ast-page-background-meta":{"desktop":{"background-color":"var(--ast-global-color-4)","background-image":"","background-repeat":"repeat","background-position":"center center","background-size":"auto","background-attachment":"scroll","background-type":"","background-media":"","overlay-type":"","overlay-color":"","overlay-opacity":"","overlay-gradient":""},"tablet":{"background-color":"","background-image":"","background-repeat":"repeat","background-position":"center center","background-size":"auto","background-attachment":"scroll","background-type":"","background-media":"","overlay-type":"","overlay-color":"","overlay-opacity":"","overlay-gradient":""},"mobile":{"background-color":"","background-image":"","background-repeat":"repeat","background-position":"center center","background-size":"auto","background-attachment":"scroll","background-type":"","background-media":"","overlay-type":"","overlay-color":"","overlay-opacity":"","overlay-gradient":""}},"ast-content-background-meta":{"desktop":{"background-color":"var(--ast-global-color-5)","background-image":"","background-repeat":"repeat","background-position":"center center","background-size":"auto","background-attachment":"scroll","background-type":"","background-media":"","overlay-type":"","overlay-color":"","overlay-opacity":"","overlay-gradient":""},"tablet":{"background-color":"var(--ast-global-color-5)","background-image":"","background-repeat":"repeat","background-position":"center center","background-size":"auto","background-attachment":"scroll","background-type":"","background-media":"","overlay-type":"","overlay-color":"","overlay-opacity":"","overlay-gradient":""},"mobile":{"background-color":"var(--ast-global-color-5)","background-image":"","background-repeat":"repeat","background-position":"center center","background-size":"auto","background-attachment":"scroll","background-type":"","background-media":"","overlay-type":"","overlay-color":"","overlay-opacity":"","overlay-gradient":""}}},"product_brand":[],"product_cat":[366,367,368,362],"product_tag":[],"berocket_brand":[579],"class_list":{"0":"post-25432","1":"product","2":"type-product","3":"status-publish","4":"has-post-thumbnail","6":"product_cat-mitrinoss","7":"product_cat-nomierinoss","8":"product_cat-pret-grumbam","9":"product_cat-sejas-krems","10":"berocket_brand-medicube","11":"desktop-align-left","12":"tablet-align-left","13":"mobile-align-left","15":"first","16":"outofstock","17":"taxable","18":"shipping-taxable","19":"purchasable","20":"product-type-simple","21":"add-to-wishlist-before_image"},"yoast_head":"<!-- This site is optimized with the Yoast SEO plugin v27.3 - https:\/\/yoast.com\/product\/yoast-seo-wordpress\/ -->\n<title>Medicube Hyaluronic Moisturizing Capsule Cream 55ml - FACECORNER<\/title>\n<meta name=\"description\" content=\"Medicube Hyaluronic Moisturizing Capsule Cream formula, kas bag\u0101tin\u0101ta ar hialuronsk\u0101bi un mitrino\u0161\u0101m kapsul\u0101m, uzreiz pies\u0101tina \u0101du ar mitrumu\" \/>\n<meta name=\"robots\" content=\"index, follow, max-snippet:-1, max-image-preview:large, max-video-preview:-1\" \/>\n<link rel=\"canonical\" href=\"https:\/\/www.facecorner.lv\/en\/shop\/medicube-hyaluronic-moisturizing-capsule-cream-55ml\/\" \/>\n<meta property=\"og:locale\" content=\"en_US\" \/>\n<meta property=\"og:type\" content=\"article\" \/>\n<meta property=\"og:title\" content=\"Medicube Hyaluronic Moisturizing Capsule Cream 55ml - FACECORNER\" \/>\n<meta property=\"og:description\" content=\"Medicube Hyaluronic Moisturizing Capsule Cream formula, kas bag\u0101tin\u0101ta ar hialuronsk\u0101bi un mitrino\u0161\u0101m kapsul\u0101m, uzreiz pies\u0101tina \u0101du ar mitrumu\" \/>\n<meta property=\"og:url\" content=\"https:\/\/www.facecorner.lv\/en\/shop\/medicube-hyaluronic-moisturizing-capsule-cream-55ml\/\" \/>\n<meta property=\"og:site_name\" content=\"FACECORNER\" \/>\n<meta property=\"article:publisher\" content=\"https:\/\/www.facebook.com\/profile.php?id=100063824551839\" \/>\n<meta property=\"article:modified_time\" content=\"2026-01-09T13:45:53+00:00\" \/>\n<meta property=\"og:image\" content=\"https:\/\/www.facecorner.lv\/wp-content\/uploads\/2025\/10\/S1ded7e3895cd4cc084db44955916153f7.jpg\" \/>\n\t<meta property=\"og:image:width\" content=\"1238\" \/>\n\t<meta property=\"og:image:height\" content=\"1321\" \/>\n\t<meta property=\"og:image:type\" content=\"image\/jpeg\" \/>\n<meta name=\"twitter:card\" content=\"summary_large_image\" \/>\n<meta name=\"twitter:label1\" content=\"Price\" \/>\n\t<meta name=\"twitter:data1\" content=\"&euro;34.90\" \/>\n\t<meta name=\"twitter:label2\" content=\"Availability\" \/>\n\t<meta name=\"twitter:data2\" content=\"Out of stock\" \/>\n<script type=\"application\/ld+json\" class=\"yoast-schema-graph\">{\"@context\":\"https:\\\/\\\/schema.org\",\"@graph\":[{\"@type\":\"WebPage\",\"@id\":\"https:\\\/\\\/www.facecorner.lv\\\/shop\\\/medicube-hyaluronic-moisturizing-capsule-cream-55ml\\\/\",\"url\":\"https:\\\/\\\/www.facecorner.lv\\\/shop\\\/medicube-hyaluronic-moisturizing-capsule-cream-55ml\\\/\",\"name\":\"Medicube Hyaluronic Moisturizing Capsule Cream 55ml - FACECORNER\",\"isPartOf\":{\"@id\":\"https:\\\/\\\/www.facecorner.lv\\\/#website\"},\"primaryImageOfPage\":{\"@id\":\"https:\\\/\\\/www.facecorner.lv\\\/shop\\\/medicube-hyaluronic-moisturizing-capsule-cream-55ml\\\/#primaryimage\"},\"image\":{\"@id\":\"https:\\\/\\\/www.facecorner.lv\\\/shop\\\/medicube-hyaluronic-moisturizing-capsule-cream-55ml\\\/#primaryimage\"},\"thumbnailUrl\":\"https:\\\/\\\/www.facecorner.lv\\\/wp-content\\\/uploads\\\/2025\\\/10\\\/S1ded7e3895cd4cc084db44955916153f7.jpg\",\"datePublished\":\"2025-10-01T08:47:05+00:00\",\"dateModified\":\"2026-01-09T13:45:53+00:00\",\"description\":\"Medicube Hyaluronic Moisturizing Capsule Cream formula, kas bag\u0101tin\u0101ta ar hialuronsk\u0101bi un mitrino\u0161\u0101m kapsul\u0101m, uzreiz pies\u0101tina \u0101du ar mitrumu\",\"breadcrumb\":{\"@id\":\"https:\\\/\\\/www.facecorner.lv\\\/shop\\\/medicube-hyaluronic-moisturizing-capsule-cream-55ml\\\/#breadcrumb\"},\"inLanguage\":\"en-US\",\"potentialAction\":[{\"@type\":\"ReadAction\",\"target\":[\"https:\\\/\\\/www.facecorner.lv\\\/shop\\\/medicube-hyaluronic-moisturizing-capsule-cream-55ml\\\/\"]}]},{\"@type\":\"ImageObject\",\"inLanguage\":\"en-US\",\"@id\":\"https:\\\/\\\/www.facecorner.lv\\\/shop\\\/medicube-hyaluronic-moisturizing-capsule-cream-55ml\\\/#primaryimage\",\"url\":\"https:\\\/\\\/www.facecorner.lv\\\/wp-content\\\/uploads\\\/2025\\\/10\\\/S1ded7e3895cd4cc084db44955916153f7.jpg\",\"contentUrl\":\"https:\\\/\\\/www.facecorner.lv\\\/wp-content\\\/uploads\\\/2025\\\/10\\\/S1ded7e3895cd4cc084db44955916153f7.jpg\",\"width\":1238,\"height\":1321,\"caption\":\"Medicube Hyaluronic Moisturizing Capsule Cream\"},{\"@type\":\"BreadcrumbList\",\"@id\":\"https:\\\/\\\/www.facecorner.lv\\\/shop\\\/medicube-hyaluronic-moisturizing-capsule-cream-55ml\\\/#breadcrumb\",\"itemListElement\":[{\"@type\":\"ListItem\",\"position\":1,\"name\":\"Home\",\"item\":\"https:\\\/\\\/www.facecorner.lv\\\/\"},{\"@type\":\"ListItem\",\"position\":2,\"name\":\"Veikals\",\"item\":\"https:\\\/\\\/www.facecorner.lv\\\/shop\\\/\"},{\"@type\":\"ListItem\",\"position\":3,\"name\":\"Medicube Hyaluronic Moisturizing Capsule Cream 55ml\"}]},{\"@type\":\"WebSite\",\"@id\":\"https:\\\/\\\/www.facecorner.lv\\\/#website\",\"url\":\"https:\\\/\\\/www.facecorner.lv\\\/\",\"name\":\"Facecorner\",\"description\":\"\",\"publisher\":{\"@id\":\"https:\\\/\\\/www.facecorner.lv\\\/#organization\"},\"potentialAction\":[{\"@type\":\"SearchAction\",\"target\":{\"@type\":\"EntryPoint\",\"urlTemplate\":\"https:\\\/\\\/www.facecorner.lv\\\/?s={search_term_string}\"},\"query-input\":{\"@type\":\"PropertyValueSpecification\",\"valueRequired\":true,\"valueName\":\"search_term_string\"}}],\"inLanguage\":\"en-US\"},{\"@type\":\"Organization\",\"@id\":\"https:\\\/\\\/www.facecorner.lv\\\/#organization\",\"name\":\"Facecorner\",\"url\":\"https:\\\/\\\/www.facecorner.lv\\\/\",\"logo\":{\"@type\":\"ImageObject\",\"inLanguage\":\"en-US\",\"@id\":\"https:\\\/\\\/www.facecorner.lv\\\/#\\\/schema\\\/logo\\\/image\\\/\",\"url\":\"https:\\\/\\\/www.facecorner.lv\\\/wp-content\\\/uploads\\\/2024\\\/04\\\/fc-logo.jpg\",\"contentUrl\":\"https:\\\/\\\/www.facecorner.lv\\\/wp-content\\\/uploads\\\/2024\\\/04\\\/fc-logo.jpg\",\"width\":174,\"height\":28,\"caption\":\"Facecorner\"},\"image\":{\"@id\":\"https:\\\/\\\/www.facecorner.lv\\\/#\\\/schema\\\/logo\\\/image\\\/\"},\"sameAs\":[\"https:\\\/\\\/www.facebook.com\\\/profile.php?id=100063824551839\",\"https:\\\/\\\/www.instagram.com\\\/facecorner_shop\\\/\"]}]}<\/script>\n<meta property=\"product:price:amount\" content=\"34.90\" \/>\n<meta property=\"product:price:currency\" content=\"EUR\" \/>\n<meta property=\"og:availability\" content=\"out of stock\" \/>\n<meta property=\"product:availability\" content=\"out of stock\" \/>\n<meta property=\"product:condition\" content=\"new\" \/>\n<!-- \/ Yoast SEO plugin. -->","yoast_head_json":{"title":"Medicube Hyaluronic Moisturizing Capsule Cream 55ml - FACECORNER","description":"Medicube Hyaluronic Moisturizing Capsule Cream formula, kas bag\u0101tin\u0101ta ar hialuronsk\u0101bi un mitrino\u0161\u0101m kapsul\u0101m, uzreiz pies\u0101tina \u0101du ar mitrumu","robots":{"index":"index","follow":"follow","max-snippet":"max-snippet:-1","max-image-preview":"max-image-preview:large","max-video-preview":"max-video-preview:-1"},"canonical":"https:\/\/www.facecorner.lv\/en\/shop\/medicube-hyaluronic-moisturizing-capsule-cream-55ml\/","og_locale":"en_US","og_type":"article","og_title":"Medicube Hyaluronic Moisturizing Capsule Cream 55ml - FACECORNER","og_description":"Medicube Hyaluronic Moisturizing Capsule Cream formula, kas bag\u0101tin\u0101ta ar hialuronsk\u0101bi un mitrino\u0161\u0101m kapsul\u0101m, uzreiz pies\u0101tina \u0101du ar mitrumu","og_url":"https:\/\/www.facecorner.lv\/en\/shop\/medicube-hyaluronic-moisturizing-capsule-cream-55ml\/","og_site_name":"FACECORNER","article_publisher":"https:\/\/www.facebook.com\/profile.php?id=100063824551839","article_modified_time":"2026-01-09T13:45:53+00:00","og_image":[{"width":1238,"height":1321,"url":"https:\/\/www.facecorner.lv\/wp-content\/uploads\/2025\/10\/S1ded7e3895cd4cc084db44955916153f7.jpg","type":"image\/jpeg"}],"twitter_card":"summary_large_image","twitter_misc":{"Price":"&euro;34.90","Availability":"Out of stock"},"schema":{"@context":"https:\/\/schema.org","@graph":[{"@type":"WebPage","@id":"https:\/\/www.facecorner.lv\/shop\/medicube-hyaluronic-moisturizing-capsule-cream-55ml\/","url":"https:\/\/www.facecorner.lv\/shop\/medicube-hyaluronic-moisturizing-capsule-cream-55ml\/","name":"Medicube Hyaluronic Moisturizing Capsule Cream 55ml - FACECORNER","isPartOf":{"@id":"https:\/\/www.facecorner.lv\/#website"},"primaryImageOfPage":{"@id":"https:\/\/www.facecorner.lv\/shop\/medicube-hyaluronic-moisturizing-capsule-cream-55ml\/#primaryimage"},"image":{"@id":"https:\/\/www.facecorner.lv\/shop\/medicube-hyaluronic-moisturizing-capsule-cream-55ml\/#primaryimage"},"thumbnailUrl":"https:\/\/www.facecorner.lv\/wp-content\/uploads\/2025\/10\/S1ded7e3895cd4cc084db44955916153f7.jpg","datePublished":"2025-10-01T08:47:05+00:00","dateModified":"2026-01-09T13:45:53+00:00","description":"Medicube Hyaluronic Moisturizing Capsule Cream formula, kas bag\u0101tin\u0101ta ar hialuronsk\u0101bi un mitrino\u0161\u0101m kapsul\u0101m, uzreiz pies\u0101tina \u0101du ar mitrumu","breadcrumb":{"@id":"https:\/\/www.facecorner.lv\/shop\/medicube-hyaluronic-moisturizing-capsule-cream-55ml\/#breadcrumb"},"inLanguage":"en-US","potentialAction":[{"@type":"ReadAction","target":["https:\/\/www.facecorner.lv\/shop\/medicube-hyaluronic-moisturizing-capsule-cream-55ml\/"]}]},{"@type":"ImageObject","inLanguage":"en-US","@id":"https:\/\/www.facecorner.lv\/shop\/medicube-hyaluronic-moisturizing-capsule-cream-55ml\/#primaryimage","url":"https:\/\/www.facecorner.lv\/wp-content\/uploads\/2025\/10\/S1ded7e3895cd4cc084db44955916153f7.jpg","contentUrl":"https:\/\/www.facecorner.lv\/wp-content\/uploads\/2025\/10\/S1ded7e3895cd4cc084db44955916153f7.jpg","width":1238,"height":1321,"caption":"Medicube Hyaluronic Moisturizing Capsule Cream"},{"@type":"BreadcrumbList","@id":"https:\/\/www.facecorner.lv\/shop\/medicube-hyaluronic-moisturizing-capsule-cream-55ml\/#breadcrumb","itemListElement":[{"@type":"ListItem","position":1,"name":"Home","item":"https:\/\/www.facecorner.lv\/"},{"@type":"ListItem","position":2,"name":"Veikals","item":"https:\/\/www.facecorner.lv\/shop\/"},{"@type":"ListItem","position":3,"name":"Medicube Hyaluronic Moisturizing Capsule Cream 55ml"}]},{"@type":"WebSite","@id":"https:\/\/www.facecorner.lv\/#website","url":"https:\/\/www.facecorner.lv\/","name":"Facecorner","description":"","publisher":{"@id":"https:\/\/www.facecorner.lv\/#organization"},"potentialAction":[{"@type":"SearchAction","target":{"@type":"EntryPoint","urlTemplate":"https:\/\/www.facecorner.lv\/?s={search_term_string}"},"query-input":{"@type":"PropertyValueSpecification","valueRequired":true,"valueName":"search_term_string"}}],"inLanguage":"en-US"},{"@type":"Organization","@id":"https:\/\/www.facecorner.lv\/#organization","name":"Facecorner","url":"https:\/\/www.facecorner.lv\/","logo":{"@type":"ImageObject","inLanguage":"en-US","@id":"https:\/\/www.facecorner.lv\/#\/schema\/logo\/image\/","url":"https:\/\/www.facecorner.lv\/wp-content\/uploads\/2024\/04\/fc-logo.jpg","contentUrl":"https:\/\/www.facecorner.lv\/wp-content\/uploads\/2024\/04\/fc-logo.jpg","width":174,"height":28,"caption":"Facecorner"},"image":{"@id":"https:\/\/www.facecorner.lv\/#\/schema\/logo\/image\/"},"sameAs":["https:\/\/www.facebook.com\/profile.php?id=100063824551839","https:\/\/www.instagram.com\/facecorner_shop\/"]}]},"product_price_amount":"34.90","product_price_currency":"EUR","og_availability":"out of stock","product_availability":"out of stock","product_condition":"new"},"_links":{"self":[{"href":"https:\/\/www.facecorner.lv\/en\/wp-json\/wp\/v2\/product\/25432","targetHints":{"allow":["GET"]}}],"collection":[{"href":"https:\/\/www.facecorner.lv\/en\/wp-json\/wp\/v2\/product"}],"about":[{"href":"https:\/\/www.facecorner.lv\/en\/wp-json\/wp\/v2\/types\/product"}],"replies":[{"embeddable":true,"href":"https:\/\/www.facecorner.lv\/en\/wp-json\/wp\/v2\/comments?post=25432"}],"wp:featuredmedia":[{"embeddable":true,"href":"https:\/\/www.facecorner.lv\/en\/wp-json\/wp\/v2\/media\/25433"}],"wp:attachment":[{"href":"https:\/\/www.facecorner.lv\/en\/wp-json\/wp\/v2\/media?parent=25432"}],"wp:term":[{"taxonomy":"product_brand","embeddable":true,"href":"https:\/\/www.facecorner.lv\/en\/wp-json\/wp\/v2\/product_brand?post=25432"},{"taxonomy":"product_cat","embeddable":true,"href":"https:\/\/www.facecorner.lv\/en\/wp-json\/wp\/v2\/product_cat?post=25432"},{"taxonomy":"product_tag","embeddable":true,"href":"https:\/\/www.facecorner.lv\/en\/wp-json\/wp\/v2\/product_tag?post=25432"},{"taxonomy":"berocket_brand","embeddable":true,"href":"https:\/\/www.facecorner.lv\/en\/wp-json\/wp\/v2\/berocket_brand?post=25432"}],"curies":[{"name":"wp","href":"https:\/\/api.w.org\/{rel}","templated":true}]}}