{"id":25398,"date":"2025-09-24T13:56:49","date_gmt":"2025-09-24T10:56:49","guid":{"rendered":"https:\/\/www.facecorner.lv\/?post_type=product&#038;p=25398"},"modified":"2025-12-17T11:20:18","modified_gmt":"2025-12-17T08:20:18","slug":"auduma-maska-ar-bulgaru-rozi-pret-pigmentaciju-un-adas-nepilnibam-isoi-bulgarian-rose-blemish-care-mask","status":"publish","type":"product","link":"https:\/\/www.facecorner.lv\/en\/shop\/auduma-maska-ar-bulgaru-rozi-pret-pigmentaciju-un-adas-nepilnibam-isoi-bulgarian-rose-blemish-care-mask\/","title":{"rendered":"Auduma maska ar bulg\u0101ru rozi pret pigment\u0101ciju un \u0101das nepiln\u012bb\u0101m isoi Bulgarian Rose Blemish Care Mask"},"content":{"rendered":"<p>isoi Bulgarian Rose Blemish Care Mask ir intens\u012bva auduma maska, kas pies\u0101tin\u0101ta ar augsti efekt\u012bvu esenci, kuras pamat\u0101 ir bulg\u0101ru ro\u017eu \u0113terisk\u0101 e\u013c\u013ca.<\/p>\n<p>Izstr\u0101d\u0101ta \u012bpa\u0161i, lai koptu bl\u0101vu, jut\u012bgu un problem\u0101tisku \u0101du ar pigment\u0101ciju un pinnes p\u0113d\u0101m. Nodro\u0161ina t\u016bl\u012bt\u0113ju mitrin\u0101\u0161anu, izgaismo\u0161anu un nomierino\u0161u iedarb\u012bbu.<\/p>\n<ul>\n<li>Bulg\u0101ru ro\u017eu \u0113terisk\u0101 e\u013c\u013ca \u2014 veicina \u0101das re\u0123ener\u0101ciju, izl\u012bdzina toni un pie\u0161\u0137ir mirdzumu.<\/li>\n<li>Niac\u012bnam\u012bds \u2014 izgaismo pigmentu plankumus un nov\u0113r\u0161 jaunu veido\u0161anos.<\/li>\n<li>Arbut\u012bns \u2014 maigi iedarbojas uz viet\u0101m ar p\u0113capnikas un bl\u0101vumu.<\/li>\n<li>\u0100zijas centella un kumel\u012b\u0161u ekstrakts \u2014 nomierina \u0101du, samazina aps\u0101rtumu un kairin\u0101jumu.<\/li>\n<li>Hialuronsk\u0101be \u2014 intens\u012bvi mitrina un nov\u0113r\u0161 dehidrat\u0101ciju.<\/li>\n<\/ul>\n<p><strong>How to use:\nAfter cleansing and toning, place the mask sheet on your face and let it rest for 30 minutes. <\/strong>P\u0113c sejas att\u012br\u012b\u0161anas un toniz\u0113\u0161anas uzman\u012bgi uzkl\u0101jiet masku uz sejas.Atst\u0101jiet uz 10\u201320 min\u016bt\u0113m. No\u0146emiet masku un ar maig\u0101m piesk\u0101rienu kust\u012bb\u0101m iemas\u0113jiet atliku\u0161o esenci \u0101d\u0101.Nenomazg\u0101jiet. Lietojiet 2\u20133 reizes ned\u0113\u013c\u0101 vai p\u0113c nepiecie\u0161am\u012bbas.<\/p>\n<p><strong>Sast\u0101vs<\/strong>:Water, Glycerin, Betaine, Arbutin, Alcohol, Panthenol, Angelica Keiskei Extract, Pleurotus Cystidiosus Ferment Filtrate, Rosa Damascena Flower Water, Rhus Semialata Gall Extract, Olea Europaea (Olive) Leaf Extract, Chrysanthemum Indicum Flower Extract, Sophora Japonica Bud Extract, Prunella Vulgaris Leaf Extract, Rosa Damascena Flower Oil, Euterpe Oleracea Fruit Extract, Vaccinium Angustifolium (Blueberry) Fruit Extract, Phyllanthus Emblica Fruit Extract, Vaccinium Macrocarpon (Cranberry) Fruit Extract, Rosmarinus Officinalis (Rosemary) Extract, Melaleuca Viridiflora Leaf Oil, Chamomilla Recutita (Matricaria) Flower\/Leaf Extract, Centella Asiatica Extract, Glycyrrhiza Glabra (Licorice) Root Extract, Xanthan Gum, Lavandula Angustifolia (Lavender) Oil, Scutellaria Baicalensis Root Extract, Paeonia Suffruticosa Root Extract, Linalool<\/p>","protected":false},"excerpt":{"rendered":"<p>isoi Bulgarian Rose Blemish Care Mask ir intens\u012bva auduma maska, kas pies\u0101tin\u0101ta ar augsti efekt\u012bvu esenci, kuras pamat\u0101 ir bulg\u0101ru ro\u017eu \u0113terisk\u0101 e\u013c\u013ca.<\/p>","protected":false},"featured_media":25399,"comment_status":"open","ping_status":"closed","template":"","meta":{"site-sidebar-layout":"default","site-content-layout":"","ast-site-content-layout":"default","site-content-style":"default","site-sidebar-style":"default","ast-global-header-display":"","ast-banner-title-visibility":"","ast-main-header-display":"","ast-hfb-above-header-display":"","ast-hfb-below-header-display":"","ast-hfb-mobile-header-display":"","site-post-title":"","ast-breadcrumbs-content":"","ast-featured-img":"","footer-sml-layout":"","theme-transparent-header-meta":"default","adv-header-id-meta":"","stick-header-meta":"","header-above-stick-meta":"","header-main-stick-meta":"","header-below-stick-meta":"","astra-migrate-meta-layouts":"set","ast-page-background-enabled":"default","ast-page-background-meta":{"desktop":{"background-color":"var(--ast-global-color-4)","background-image":"","background-repeat":"repeat","background-position":"center center","background-size":"auto","background-attachment":"scroll","background-type":"","background-media":"","overlay-type":"","overlay-color":"","overlay-opacity":"","overlay-gradient":""},"tablet":{"background-color":"","background-image":"","background-repeat":"repeat","background-position":"center center","background-size":"auto","background-attachment":"scroll","background-type":"","background-media":"","overlay-type":"","overlay-color":"","overlay-opacity":"","overlay-gradient":""},"mobile":{"background-color":"","background-image":"","background-repeat":"repeat","background-position":"center center","background-size":"auto","background-attachment":"scroll","background-type":"","background-media":"","overlay-type":"","overlay-color":"","overlay-opacity":"","overlay-gradient":""}},"ast-content-background-meta":{"desktop":{"background-color":"var(--ast-global-color-5)","background-image":"","background-repeat":"repeat","background-position":"center center","background-size":"auto","background-attachment":"scroll","background-type":"","background-media":"","overlay-type":"","overlay-color":"","overlay-opacity":"","overlay-gradient":""},"tablet":{"background-color":"var(--ast-global-color-5)","background-image":"","background-repeat":"repeat","background-position":"center center","background-size":"auto","background-attachment":"scroll","background-type":"","background-media":"","overlay-type":"","overlay-color":"","overlay-opacity":"","overlay-gradient":""},"mobile":{"background-color":"var(--ast-global-color-5)","background-image":"","background-repeat":"repeat","background-position":"center center","background-size":"auto","background-attachment":"scroll","background-type":"","background-media":"","overlay-type":"","overlay-color":"","overlay-opacity":"","overlay-gradient":""}}},"product_brand":[],"product_cat":[324,315],"product_tag":[],"berocket_brand":[662],"class_list":{"0":"post-25398","1":"product","2":"type-product","3":"status-publish","4":"has-post-thumbnail","6":"product_cat-auduma","7":"product_cat-maskas","8":"berocket_brand-isoi","9":"desktop-align-left","10":"tablet-align-left","11":"mobile-align-left","13":"first","14":"instock","15":"taxable","16":"shipping-taxable","17":"purchasable","18":"product-type-simple","19":"add-to-wishlist-before_image"},"yoast_head":"<!-- This site is optimized with the Yoast SEO plugin v27.4 - https:\/\/yoast.com\/product\/yoast-seo-wordpress\/ -->\n<title>Auduma maska ar bulg\u0101ru rozi pret pigment\u0101ciju un \u0101das nepiln\u012bb\u0101m isoi Bulgarian Rose Blemish Care Mask - FACECORNER<\/title>\n<meta name=\"description\" content=\"isoi Bulgarian Rose Blemish Care Mask ir intens\u012bva auduma maska, kas pies\u0101tin\u0101ta ar augsti efekt\u012bvu esenci, kuras pamat\u0101 ir bulg\u0101ru ro\u017eu \u0113terisk\u0101 e\u013c\u013ca.\" \/>\n<meta name=\"robots\" content=\"index, follow, max-snippet:-1, max-image-preview:large, max-video-preview:-1\" \/>\n<link rel=\"canonical\" href=\"https:\/\/www.facecorner.lv\/en\/shop\/auduma-maska-ar-bulgaru-rozi-pret-pigmentaciju-un-adas-nepilnibam-isoi-bulgarian-rose-blemish-care-mask\/\" \/>\n<meta property=\"og:locale\" content=\"en_US\" \/>\n<meta property=\"og:type\" content=\"article\" \/>\n<meta property=\"og:title\" content=\"Auduma maska ar bulg\u0101ru rozi pret pigment\u0101ciju un \u0101das nepiln\u012bb\u0101m isoi Bulgarian Rose Blemish Care Mask - FACECORNER\" \/>\n<meta property=\"og:description\" content=\"isoi Bulgarian Rose Blemish Care Mask ir intens\u012bva auduma maska, kas pies\u0101tin\u0101ta ar augsti efekt\u012bvu esenci, kuras pamat\u0101 ir bulg\u0101ru ro\u017eu \u0113terisk\u0101 e\u013c\u013ca.\" \/>\n<meta property=\"og:url\" content=\"https:\/\/www.facecorner.lv\/en\/shop\/auduma-maska-ar-bulgaru-rozi-pret-pigmentaciju-un-adas-nepilnibam-isoi-bulgarian-rose-blemish-care-mask\/\" \/>\n<meta property=\"og:site_name\" content=\"FACECORNER\" \/>\n<meta property=\"article:publisher\" content=\"https:\/\/www.facebook.com\/profile.php?id=100063824551839\" \/>\n<meta property=\"article:modified_time\" content=\"2025-12-17T08:20:18+00:00\" \/>\n<meta property=\"og:image\" content=\"https:\/\/www.facecorner.lv\/wp-content\/uploads\/2025\/09\/Blemish_Care_Mask_1.webp\" \/>\n\t<meta property=\"og:image:width\" content=\"1500\" \/>\n\t<meta property=\"og:image:height\" content=\"1500\" \/>\n\t<meta property=\"og:image:type\" content=\"image\/webp\" \/>\n<meta name=\"twitter:card\" content=\"summary_large_image\" \/>\n<meta name=\"twitter:label1\" content=\"Price\" \/>\n\t<meta name=\"twitter:data1\" content=\"&euro;3.90\" \/>\n\t<meta name=\"twitter:label2\" content=\"Availability\" \/>\n\t<meta name=\"twitter:data2\" content=\"In stock\" \/>\n<script type=\"application\/ld+json\" class=\"yoast-schema-graph\">{\"@context\":\"https:\\\/\\\/schema.org\",\"@graph\":[{\"@type\":\"WebPage\",\"@id\":\"https:\\\/\\\/www.facecorner.lv\\\/shop\\\/auduma-maska-ar-bulgaru-rozi-pret-pigmentaciju-un-adas-nepilnibam-isoi-bulgarian-rose-blemish-care-mask\\\/\",\"url\":\"https:\\\/\\\/www.facecorner.lv\\\/shop\\\/auduma-maska-ar-bulgaru-rozi-pret-pigmentaciju-un-adas-nepilnibam-isoi-bulgarian-rose-blemish-care-mask\\\/\",\"name\":\"Auduma maska ar bulg\u0101ru rozi pret pigment\u0101ciju un \u0101das nepiln\u012bb\u0101m isoi Bulgarian Rose Blemish Care Mask - FACECORNER\",\"isPartOf\":{\"@id\":\"https:\\\/\\\/www.facecorner.lv\\\/#website\"},\"primaryImageOfPage\":{\"@id\":\"https:\\\/\\\/www.facecorner.lv\\\/shop\\\/auduma-maska-ar-bulgaru-rozi-pret-pigmentaciju-un-adas-nepilnibam-isoi-bulgarian-rose-blemish-care-mask\\\/#primaryimage\"},\"image\":{\"@id\":\"https:\\\/\\\/www.facecorner.lv\\\/shop\\\/auduma-maska-ar-bulgaru-rozi-pret-pigmentaciju-un-adas-nepilnibam-isoi-bulgarian-rose-blemish-care-mask\\\/#primaryimage\"},\"thumbnailUrl\":\"https:\\\/\\\/www.facecorner.lv\\\/wp-content\\\/uploads\\\/2025\\\/09\\\/Blemish_Care_Mask_1.webp\",\"datePublished\":\"2025-09-24T10:56:49+00:00\",\"dateModified\":\"2025-12-17T08:20:18+00:00\",\"description\":\"isoi Bulgarian Rose Blemish Care Mask ir intens\u012bva auduma maska, kas pies\u0101tin\u0101ta ar augsti efekt\u012bvu esenci, kuras pamat\u0101 ir bulg\u0101ru ro\u017eu \u0113terisk\u0101 e\u013c\u013ca.\",\"breadcrumb\":{\"@id\":\"https:\\\/\\\/www.facecorner.lv\\\/shop\\\/auduma-maska-ar-bulgaru-rozi-pret-pigmentaciju-un-adas-nepilnibam-isoi-bulgarian-rose-blemish-care-mask\\\/#breadcrumb\"},\"inLanguage\":\"en-US\",\"potentialAction\":[{\"@type\":\"ReadAction\",\"target\":[\"https:\\\/\\\/www.facecorner.lv\\\/shop\\\/auduma-maska-ar-bulgaru-rozi-pret-pigmentaciju-un-adas-nepilnibam-isoi-bulgarian-rose-blemish-care-mask\\\/\"]}]},{\"@type\":\"ImageObject\",\"inLanguage\":\"en-US\",\"@id\":\"https:\\\/\\\/www.facecorner.lv\\\/shop\\\/auduma-maska-ar-bulgaru-rozi-pret-pigmentaciju-un-adas-nepilnibam-isoi-bulgarian-rose-blemish-care-mask\\\/#primaryimage\",\"url\":\"https:\\\/\\\/www.facecorner.lv\\\/wp-content\\\/uploads\\\/2025\\\/09\\\/Blemish_Care_Mask_1.webp\",\"contentUrl\":\"https:\\\/\\\/www.facecorner.lv\\\/wp-content\\\/uploads\\\/2025\\\/09\\\/Blemish_Care_Mask_1.webp\",\"width\":1500,\"height\":1500,\"caption\":\"isoi Bulgarian Rose Blemish Care Mask\"},{\"@type\":\"BreadcrumbList\",\"@id\":\"https:\\\/\\\/www.facecorner.lv\\\/shop\\\/auduma-maska-ar-bulgaru-rozi-pret-pigmentaciju-un-adas-nepilnibam-isoi-bulgarian-rose-blemish-care-mask\\\/#breadcrumb\",\"itemListElement\":[{\"@type\":\"ListItem\",\"position\":1,\"name\":\"Home\",\"item\":\"https:\\\/\\\/www.facecorner.lv\\\/\"},{\"@type\":\"ListItem\",\"position\":2,\"name\":\"Veikals\",\"item\":\"https:\\\/\\\/www.facecorner.lv\\\/shop\\\/\"},{\"@type\":\"ListItem\",\"position\":3,\"name\":\"Auduma maska ar bulg\u0101ru rozi pret pigment\u0101ciju un \u0101das nepiln\u012bb\u0101m isoi Bulgarian Rose Blemish Care Mask\"}]},{\"@type\":\"WebSite\",\"@id\":\"https:\\\/\\\/www.facecorner.lv\\\/#website\",\"url\":\"https:\\\/\\\/www.facecorner.lv\\\/\",\"name\":\"Facecorner\",\"description\":\"\",\"publisher\":{\"@id\":\"https:\\\/\\\/www.facecorner.lv\\\/#organization\"},\"potentialAction\":[{\"@type\":\"SearchAction\",\"target\":{\"@type\":\"EntryPoint\",\"urlTemplate\":\"https:\\\/\\\/www.facecorner.lv\\\/?s={search_term_string}\"},\"query-input\":{\"@type\":\"PropertyValueSpecification\",\"valueRequired\":true,\"valueName\":\"search_term_string\"}}],\"inLanguage\":\"en-US\"},{\"@type\":\"Organization\",\"@id\":\"https:\\\/\\\/www.facecorner.lv\\\/#organization\",\"name\":\"Facecorner\",\"url\":\"https:\\\/\\\/www.facecorner.lv\\\/\",\"logo\":{\"@type\":\"ImageObject\",\"inLanguage\":\"en-US\",\"@id\":\"https:\\\/\\\/www.facecorner.lv\\\/#\\\/schema\\\/logo\\\/image\\\/\",\"url\":\"https:\\\/\\\/www.facecorner.lv\\\/wp-content\\\/uploads\\\/2024\\\/04\\\/fc-logo.jpg\",\"contentUrl\":\"https:\\\/\\\/www.facecorner.lv\\\/wp-content\\\/uploads\\\/2024\\\/04\\\/fc-logo.jpg\",\"width\":174,\"height\":28,\"caption\":\"Facecorner\"},\"image\":{\"@id\":\"https:\\\/\\\/www.facecorner.lv\\\/#\\\/schema\\\/logo\\\/image\\\/\"},\"sameAs\":[\"https:\\\/\\\/www.facebook.com\\\/profile.php?id=100063824551839\",\"https:\\\/\\\/www.instagram.com\\\/facecorner_shop\\\/\"]}]}<\/script>\n<meta property=\"product:price:amount\" content=\"3.90\" \/>\n<meta property=\"product:price:currency\" content=\"EUR\" \/>\n<meta property=\"og:availability\" content=\"instock\" \/>\n<meta property=\"product:availability\" content=\"instock\" \/>\n<meta property=\"product:condition\" content=\"new\" \/>\n<!-- \/ Yoast SEO plugin. -->","yoast_head_json":{"title":"Auduma maska ar bulg\u0101ru rozi pret pigment\u0101ciju un \u0101das nepiln\u012bb\u0101m isoi Bulgarian Rose Blemish Care Mask - FACECORNER","description":"isoi Bulgarian Rose Blemish Care Mask ir intens\u012bva auduma maska, kas pies\u0101tin\u0101ta ar augsti efekt\u012bvu esenci, kuras pamat\u0101 ir bulg\u0101ru ro\u017eu \u0113terisk\u0101 e\u013c\u013ca.","robots":{"index":"index","follow":"follow","max-snippet":"max-snippet:-1","max-image-preview":"max-image-preview:large","max-video-preview":"max-video-preview:-1"},"canonical":"https:\/\/www.facecorner.lv\/en\/shop\/auduma-maska-ar-bulgaru-rozi-pret-pigmentaciju-un-adas-nepilnibam-isoi-bulgarian-rose-blemish-care-mask\/","og_locale":"en_US","og_type":"article","og_title":"Auduma maska ar bulg\u0101ru rozi pret pigment\u0101ciju un \u0101das nepiln\u012bb\u0101m isoi Bulgarian Rose Blemish Care Mask - FACECORNER","og_description":"isoi Bulgarian Rose Blemish Care Mask ir intens\u012bva auduma maska, kas pies\u0101tin\u0101ta ar augsti efekt\u012bvu esenci, kuras pamat\u0101 ir bulg\u0101ru ro\u017eu \u0113terisk\u0101 e\u013c\u013ca.","og_url":"https:\/\/www.facecorner.lv\/en\/shop\/auduma-maska-ar-bulgaru-rozi-pret-pigmentaciju-un-adas-nepilnibam-isoi-bulgarian-rose-blemish-care-mask\/","og_site_name":"FACECORNER","article_publisher":"https:\/\/www.facebook.com\/profile.php?id=100063824551839","article_modified_time":"2025-12-17T08:20:18+00:00","og_image":[{"width":1500,"height":1500,"url":"https:\/\/www.facecorner.lv\/wp-content\/uploads\/2025\/09\/Blemish_Care_Mask_1.webp","type":"image\/webp"}],"twitter_card":"summary_large_image","twitter_misc":{"Price":"&euro;3.90","Availability":"In stock"},"schema":{"@context":"https:\/\/schema.org","@graph":[{"@type":"WebPage","@id":"https:\/\/www.facecorner.lv\/shop\/auduma-maska-ar-bulgaru-rozi-pret-pigmentaciju-un-adas-nepilnibam-isoi-bulgarian-rose-blemish-care-mask\/","url":"https:\/\/www.facecorner.lv\/shop\/auduma-maska-ar-bulgaru-rozi-pret-pigmentaciju-un-adas-nepilnibam-isoi-bulgarian-rose-blemish-care-mask\/","name":"Auduma maska ar bulg\u0101ru rozi pret pigment\u0101ciju un \u0101das nepiln\u012bb\u0101m isoi Bulgarian Rose Blemish Care Mask - FACECORNER","isPartOf":{"@id":"https:\/\/www.facecorner.lv\/#website"},"primaryImageOfPage":{"@id":"https:\/\/www.facecorner.lv\/shop\/auduma-maska-ar-bulgaru-rozi-pret-pigmentaciju-un-adas-nepilnibam-isoi-bulgarian-rose-blemish-care-mask\/#primaryimage"},"image":{"@id":"https:\/\/www.facecorner.lv\/shop\/auduma-maska-ar-bulgaru-rozi-pret-pigmentaciju-un-adas-nepilnibam-isoi-bulgarian-rose-blemish-care-mask\/#primaryimage"},"thumbnailUrl":"https:\/\/www.facecorner.lv\/wp-content\/uploads\/2025\/09\/Blemish_Care_Mask_1.webp","datePublished":"2025-09-24T10:56:49+00:00","dateModified":"2025-12-17T08:20:18+00:00","description":"isoi Bulgarian Rose Blemish Care Mask ir intens\u012bva auduma maska, kas pies\u0101tin\u0101ta ar augsti efekt\u012bvu esenci, kuras pamat\u0101 ir bulg\u0101ru ro\u017eu \u0113terisk\u0101 e\u013c\u013ca.","breadcrumb":{"@id":"https:\/\/www.facecorner.lv\/shop\/auduma-maska-ar-bulgaru-rozi-pret-pigmentaciju-un-adas-nepilnibam-isoi-bulgarian-rose-blemish-care-mask\/#breadcrumb"},"inLanguage":"en-US","potentialAction":[{"@type":"ReadAction","target":["https:\/\/www.facecorner.lv\/shop\/auduma-maska-ar-bulgaru-rozi-pret-pigmentaciju-un-adas-nepilnibam-isoi-bulgarian-rose-blemish-care-mask\/"]}]},{"@type":"ImageObject","inLanguage":"en-US","@id":"https:\/\/www.facecorner.lv\/shop\/auduma-maska-ar-bulgaru-rozi-pret-pigmentaciju-un-adas-nepilnibam-isoi-bulgarian-rose-blemish-care-mask\/#primaryimage","url":"https:\/\/www.facecorner.lv\/wp-content\/uploads\/2025\/09\/Blemish_Care_Mask_1.webp","contentUrl":"https:\/\/www.facecorner.lv\/wp-content\/uploads\/2025\/09\/Blemish_Care_Mask_1.webp","width":1500,"height":1500,"caption":"isoi Bulgarian Rose Blemish Care Mask"},{"@type":"BreadcrumbList","@id":"https:\/\/www.facecorner.lv\/shop\/auduma-maska-ar-bulgaru-rozi-pret-pigmentaciju-un-adas-nepilnibam-isoi-bulgarian-rose-blemish-care-mask\/#breadcrumb","itemListElement":[{"@type":"ListItem","position":1,"name":"Home","item":"https:\/\/www.facecorner.lv\/"},{"@type":"ListItem","position":2,"name":"Veikals","item":"https:\/\/www.facecorner.lv\/shop\/"},{"@type":"ListItem","position":3,"name":"Auduma maska ar bulg\u0101ru rozi pret pigment\u0101ciju un \u0101das nepiln\u012bb\u0101m isoi Bulgarian Rose Blemish Care Mask"}]},{"@type":"WebSite","@id":"https:\/\/www.facecorner.lv\/#website","url":"https:\/\/www.facecorner.lv\/","name":"Facecorner","description":"","publisher":{"@id":"https:\/\/www.facecorner.lv\/#organization"},"potentialAction":[{"@type":"SearchAction","target":{"@type":"EntryPoint","urlTemplate":"https:\/\/www.facecorner.lv\/?s={search_term_string}"},"query-input":{"@type":"PropertyValueSpecification","valueRequired":true,"valueName":"search_term_string"}}],"inLanguage":"en-US"},{"@type":"Organization","@id":"https:\/\/www.facecorner.lv\/#organization","name":"Facecorner","url":"https:\/\/www.facecorner.lv\/","logo":{"@type":"ImageObject","inLanguage":"en-US","@id":"https:\/\/www.facecorner.lv\/#\/schema\/logo\/image\/","url":"https:\/\/www.facecorner.lv\/wp-content\/uploads\/2024\/04\/fc-logo.jpg","contentUrl":"https:\/\/www.facecorner.lv\/wp-content\/uploads\/2024\/04\/fc-logo.jpg","width":174,"height":28,"caption":"Facecorner"},"image":{"@id":"https:\/\/www.facecorner.lv\/#\/schema\/logo\/image\/"},"sameAs":["https:\/\/www.facebook.com\/profile.php?id=100063824551839","https:\/\/www.instagram.com\/facecorner_shop\/"]}]},"product_price_amount":"3.90","product_price_currency":"EUR","og_availability":"instock","product_availability":"instock","product_condition":"new"},"_links":{"self":[{"href":"https:\/\/www.facecorner.lv\/en\/wp-json\/wp\/v2\/product\/25398","targetHints":{"allow":["GET"]}}],"collection":[{"href":"https:\/\/www.facecorner.lv\/en\/wp-json\/wp\/v2\/product"}],"about":[{"href":"https:\/\/www.facecorner.lv\/en\/wp-json\/wp\/v2\/types\/product"}],"replies":[{"embeddable":true,"href":"https:\/\/www.facecorner.lv\/en\/wp-json\/wp\/v2\/comments?post=25398"}],"wp:featuredmedia":[{"embeddable":true,"href":"https:\/\/www.facecorner.lv\/en\/wp-json\/wp\/v2\/media\/25399"}],"wp:attachment":[{"href":"https:\/\/www.facecorner.lv\/en\/wp-json\/wp\/v2\/media?parent=25398"}],"wp:term":[{"taxonomy":"product_brand","embeddable":true,"href":"https:\/\/www.facecorner.lv\/en\/wp-json\/wp\/v2\/product_brand?post=25398"},{"taxonomy":"product_cat","embeddable":true,"href":"https:\/\/www.facecorner.lv\/en\/wp-json\/wp\/v2\/product_cat?post=25398"},{"taxonomy":"product_tag","embeddable":true,"href":"https:\/\/www.facecorner.lv\/en\/wp-json\/wp\/v2\/product_tag?post=25398"},{"taxonomy":"berocket_brand","embeddable":true,"href":"https:\/\/www.facecorner.lv\/en\/wp-json\/wp\/v2\/berocket_brand?post=25398"}],"curies":[{"name":"wp","href":"https:\/\/api.w.org\/{rel}","templated":true}]}}