{"id":25328,"date":"2025-09-22T12:53:26","date_gmt":"2025-09-22T09:53:26","guid":{"rendered":"https:\/\/www.facecorner.lv\/?post_type=product&#038;p=25328"},"modified":"2026-01-26T17:27:45","modified_gmt":"2026-01-26T14:27:45","slug":"vt-cosmetics-reti-a-cream-0-05-pretnovecosanas-krems-sejai-ar-retinolu-30ml","status":"publish","type":"product","link":"https:\/\/www.facecorner.lv\/en\/shop\/vt-cosmetics-reti-a-cream-0-05-pretnovecosanas-krems-sejai-ar-retinolu-30ml\/","title":{"rendered":"VT Cosmetics Reti-A Cream 0.05 pretnoveco\u0161an\u0101s kr\u0113ms sejai ar retinolu 30ml"},"content":{"rendered":"<p>VT Cosmetics Reti-A Cream 0.05 ir efekt\u012bvs l\u012bdzeklis uz retinola (0,05%) b\u0101zes, kas izstr\u0101d\u0101ts, lai c\u012bn\u012btos ar noveco\u0161an\u0101s paz\u012bm\u0113m, uzlabotu \u0101das tekst\u016bru un atjaunotu t\u0101s dabisko mirdzumu.<\/p>\n<p>Piem\u0113rots \u0101das kop\u0161anai, ja par\u0101d\u0101s pirm\u0101s noveco\u0161an\u0101s paz\u012bmes, \u0101da ir bl\u0101va un nevienm\u0113r\u012bga.<\/p>\n<p><strong>Galven\u0101 sast\u0101vda\u013ca:<\/strong><\/p>\n<ul>\n<li>Retinols 0,05% \u2014 vitam\u012bna A forma, kas paz\u012bstama ar sav\u0101m sp\u0113c\u012bgaj\u0101m pretnoveco\u0161an\u0101s \u012bpa\u0161\u012bb\u0101m. Veicina \u0101tr\u0101ku \u0101das \u0161\u016bnu atjauno\u0161anos, izl\u012bdzina grumbu un uzlabo \u0101das kop\u0113jo reljefu.<\/li>\n<\/ul>\n<p><strong>\u00a0KEY INGREDIENTS:<\/strong><\/p>\n<ul>\n<li>Ceram\u012bdi \u2014 nostiprina \u0101das barjeru un nov\u0113r\u0161 mitruma zudumu.<\/li>\n<li>Panthenols un alanto\u012bns \u2014 nomierina un m\u012bkstina \u0101du, samazinot kairin\u0101jumu.<\/li>\n<li>\u0100zijas centellas ekstrakti \u2014 veicina sadz\u012b\u0161anu un nostiprina \u0101du.<\/li>\n<\/ul>\n<p><strong>Priek\u0161roc\u012bbas:<\/strong><\/p>\n<ul>\n<li>Samazina grumbu un smalko l\u012bniju redzam\u012bbu.<\/li>\n<li>Palielina \u0101das elast\u012bbu un stingr\u012bbu.<\/li>\n<li>Izl\u012bdzina \u0101das toni un tekst\u016bru.<\/li>\n<li>Stimul\u0113 \u0161\u016bnu atjauno\u0161anos.<\/li>\n<li>Nep\u0101rs\u016bc \u0101du, pateicoties mitrino\u0161aj\u0101m sast\u0101vda\u013c\u0101m.<\/li>\n<\/ul>\n<p><strong>\u00a0How to use:<\/strong> Vakar\u0101 uzkl\u0101jiet nelielu daudzumu kr\u0113ma uz att\u012br\u012btas un sausas sejas \u0101das. S\u0101kum\u0101 lietojiet 2\u20133 reizes ned\u0113\u013c\u0101, pak\u0101peniski palielinot lieto\u0161anas bie\u017eumu. Dien\u0101 oblig\u0101ti lietojiet saules aizsargkr\u0113mu.<\/p>\n<p><strong>Sast\u0101vs:<\/strong> Water, glycerin, butylene glycol, pentaerythrityl tetraethylhexanoate, caprylic\/capric triglyceride, propanediol, polyglyceryl-6 stearate, 1,2-hexanediol, niacinamide, cyclohexasiloxane, cetearyl alcohol, triethylhexanoin, synthetic beeswax, glyceryl stearate, phytosteryl \/isostearyl\/ cetyl\/stearyl\/behenyl dimer dilinoleate, dimethylisocarbide, sodium polyacryloyl dimethyl taurate, polyglyceryl-6 behenate, ethylhexyl glycerin, hydroxypinacolone retinoate (0.05%), centella asiatica extract, adenosine, sodium hyaluronate, hibiscus flower extract, three colors Violet extract, lavender extract , cornflower extract, bakuchiol, polysorbate 20, retinol, hydrolyzed collagen, BHT, madecassoside, madecassic acid, asiaticoside, asiatic acid, propolis extract, BHA, disodium EDTA, fragrance<\/p>","protected":false},"excerpt":{"rendered":"<p>VT Cosmetics Reti-A Cream 0.05 ir efekt\u012bvs l\u012bdzeklis uz retinola (0,05%) b\u0101zes, kas izstr\u0101d\u0101ts, lai c\u012bn\u012btos ar noveco\u0161an\u0101s paz\u012bm\u0113m, uzlabotu \u0101das tekst\u016bru un atjaunotu t\u0101s dabisko mirdzumu.<\/p>","protected":false},"featured_media":25329,"comment_status":"open","ping_status":"closed","template":"","meta":{"site-sidebar-layout":"default","site-content-layout":"","ast-site-content-layout":"default","site-content-style":"default","site-sidebar-style":"default","ast-global-header-display":"","ast-banner-title-visibility":"","ast-main-header-display":"","ast-hfb-above-header-display":"","ast-hfb-below-header-display":"","ast-hfb-mobile-header-display":"","site-post-title":"","ast-breadcrumbs-content":"","ast-featured-img":"","footer-sml-layout":"","theme-transparent-header-meta":"default","adv-header-id-meta":"","stick-header-meta":"","header-above-stick-meta":"","header-main-stick-meta":"","header-below-stick-meta":"","astra-migrate-meta-layouts":"set","ast-page-background-enabled":"default","ast-page-background-meta":{"desktop":{"background-color":"var(--ast-global-color-4)","background-image":"","background-repeat":"repeat","background-position":"center center","background-size":"auto","background-attachment":"scroll","background-type":"","background-media":"","overlay-type":"","overlay-color":"","overlay-opacity":"","overlay-gradient":""},"tablet":{"background-color":"","background-image":"","background-repeat":"repeat","background-position":"center center","background-size":"auto","background-attachment":"scroll","background-type":"","background-media":"","overlay-type":"","overlay-color":"","overlay-opacity":"","overlay-gradient":""},"mobile":{"background-color":"","background-image":"","background-repeat":"repeat","background-position":"center center","background-size":"auto","background-attachment":"scroll","background-type":"","background-media":"","overlay-type":"","overlay-color":"","overlay-opacity":"","overlay-gradient":""}},"ast-content-background-meta":{"desktop":{"background-color":"var(--ast-global-color-5)","background-image":"","background-repeat":"repeat","background-position":"center center","background-size":"auto","background-attachment":"scroll","background-type":"","background-media":"","overlay-type":"","overlay-color":"","overlay-opacity":"","overlay-gradient":""},"tablet":{"background-color":"var(--ast-global-color-5)","background-image":"","background-repeat":"repeat","background-position":"center center","background-size":"auto","background-attachment":"scroll","background-type":"","background-media":"","overlay-type":"","overlay-color":"","overlay-opacity":"","overlay-gradient":""},"mobile":{"background-color":"var(--ast-global-color-5)","background-image":"","background-repeat":"repeat","background-position":"center center","background-size":"auto","background-attachment":"scroll","background-type":"","background-media":"","overlay-type":"","overlay-color":"","overlay-opacity":"","overlay-gradient":""}}},"product_brand":[],"product_cat":[368,362],"product_tag":[],"berocket_brand":[582],"class_list":{"0":"post-25328","1":"product","2":"type-product","3":"status-publish","4":"has-post-thumbnail","6":"product_cat-pret-grumbam","7":"product_cat-sejas-krems","8":"berocket_brand-vt","9":"desktop-align-left","10":"tablet-align-left","11":"mobile-align-left","13":"first","14":"outofstock","15":"taxable","16":"shipping-taxable","17":"purchasable","18":"product-type-simple","19":"add-to-wishlist-before_image"},"yoast_head":"<!-- This site is optimized with the Yoast SEO plugin v27.3 - https:\/\/yoast.com\/product\/yoast-seo-wordpress\/ -->\n<title>VT Cosmetics Reti-A Cream 0.05 pretnoveco\u0161an\u0101s kr\u0113ms sejai ar retinolu 30ml - FACECORNER<\/title>\n<meta name=\"description\" content=\"VT Cosmetics Reti-A Cream 0.05 ir efekt\u012bvs l\u012bdzeklis uz retinola (0,05%) b\u0101zes, kas izstr\u0101d\u0101ts, lai c\u012bn\u012btos ar noveco\u0161an\u0101s paz\u012bm\u0113m, uzlabotu \u0101das tekst\u016bru\" \/>\n<meta name=\"robots\" content=\"index, follow, max-snippet:-1, max-image-preview:large, max-video-preview:-1\" \/>\n<link rel=\"canonical\" href=\"https:\/\/www.facecorner.lv\/en\/shop\/vt-cosmetics-reti-a-cream-0-05-pretnovecosanas-krems-sejai-ar-retinolu-30ml\/\" \/>\n<meta property=\"og:locale\" content=\"en_US\" \/>\n<meta property=\"og:type\" content=\"article\" \/>\n<meta property=\"og:title\" content=\"VT Cosmetics Reti-A Cream 0.05 pretnoveco\u0161an\u0101s kr\u0113ms sejai ar retinolu 30ml - FACECORNER\" \/>\n<meta property=\"og:description\" content=\"VT Cosmetics Reti-A Cream 0.05 ir efekt\u012bvs l\u012bdzeklis uz retinola (0,05%) b\u0101zes, kas izstr\u0101d\u0101ts, lai c\u012bn\u012btos ar noveco\u0161an\u0101s paz\u012bm\u0113m, uzlabotu \u0101das tekst\u016bru\" \/>\n<meta property=\"og:url\" content=\"https:\/\/www.facecorner.lv\/en\/shop\/vt-cosmetics-reti-a-cream-0-05-pretnovecosanas-krems-sejai-ar-retinolu-30ml\/\" \/>\n<meta property=\"og:site_name\" content=\"FACECORNER\" \/>\n<meta property=\"article:publisher\" content=\"https:\/\/www.facebook.com\/profile.php?id=100063824551839\" \/>\n<meta property=\"article:modified_time\" content=\"2026-01-26T14:27:45+00:00\" \/>\n<meta property=\"og:image\" content=\"https:\/\/www.facecorner.lv\/wp-content\/uploads\/2025\/09\/su3j6fnjxotj.jpg\" \/>\n\t<meta property=\"og:image:width\" content=\"600\" \/>\n\t<meta property=\"og:image:height\" content=\"600\" \/>\n\t<meta property=\"og:image:type\" content=\"image\/jpeg\" \/>\n<meta name=\"twitter:card\" content=\"summary_large_image\" \/>\n<meta name=\"twitter:label1\" content=\"Price\" \/>\n\t<meta name=\"twitter:data1\" content=\"&euro;19.95\" \/>\n\t<meta name=\"twitter:label2\" content=\"Availability\" \/>\n\t<meta name=\"twitter:data2\" content=\"Out of stock\" \/>\n<script type=\"application\/ld+json\" class=\"yoast-schema-graph\">{\"@context\":\"https:\\\/\\\/schema.org\",\"@graph\":[{\"@type\":\"WebPage\",\"@id\":\"https:\\\/\\\/www.facecorner.lv\\\/shop\\\/vt-cosmetics-reti-a-cream-0-05-pretnovecosanas-krems-sejai-ar-retinolu-30ml\\\/\",\"url\":\"https:\\\/\\\/www.facecorner.lv\\\/shop\\\/vt-cosmetics-reti-a-cream-0-05-pretnovecosanas-krems-sejai-ar-retinolu-30ml\\\/\",\"name\":\"VT Cosmetics Reti-A Cream 0.05 pretnoveco\u0161an\u0101s kr\u0113ms sejai ar retinolu 30ml - FACECORNER\",\"isPartOf\":{\"@id\":\"https:\\\/\\\/www.facecorner.lv\\\/#website\"},\"primaryImageOfPage\":{\"@id\":\"https:\\\/\\\/www.facecorner.lv\\\/shop\\\/vt-cosmetics-reti-a-cream-0-05-pretnovecosanas-krems-sejai-ar-retinolu-30ml\\\/#primaryimage\"},\"image\":{\"@id\":\"https:\\\/\\\/www.facecorner.lv\\\/shop\\\/vt-cosmetics-reti-a-cream-0-05-pretnovecosanas-krems-sejai-ar-retinolu-30ml\\\/#primaryimage\"},\"thumbnailUrl\":\"https:\\\/\\\/www.facecorner.lv\\\/wp-content\\\/uploads\\\/2025\\\/09\\\/su3j6fnjxotj.jpg\",\"datePublished\":\"2025-09-22T09:53:26+00:00\",\"dateModified\":\"2026-01-26T14:27:45+00:00\",\"description\":\"VT Cosmetics Reti-A Cream 0.05 ir efekt\u012bvs l\u012bdzeklis uz retinola (0,05%) b\u0101zes, kas izstr\u0101d\u0101ts, lai c\u012bn\u012btos ar noveco\u0161an\u0101s paz\u012bm\u0113m, uzlabotu \u0101das tekst\u016bru\",\"breadcrumb\":{\"@id\":\"https:\\\/\\\/www.facecorner.lv\\\/shop\\\/vt-cosmetics-reti-a-cream-0-05-pretnovecosanas-krems-sejai-ar-retinolu-30ml\\\/#breadcrumb\"},\"inLanguage\":\"en-US\",\"potentialAction\":[{\"@type\":\"ReadAction\",\"target\":[\"https:\\\/\\\/www.facecorner.lv\\\/shop\\\/vt-cosmetics-reti-a-cream-0-05-pretnovecosanas-krems-sejai-ar-retinolu-30ml\\\/\"]}]},{\"@type\":\"ImageObject\",\"inLanguage\":\"en-US\",\"@id\":\"https:\\\/\\\/www.facecorner.lv\\\/shop\\\/vt-cosmetics-reti-a-cream-0-05-pretnovecosanas-krems-sejai-ar-retinolu-30ml\\\/#primaryimage\",\"url\":\"https:\\\/\\\/www.facecorner.lv\\\/wp-content\\\/uploads\\\/2025\\\/09\\\/su3j6fnjxotj.jpg\",\"contentUrl\":\"https:\\\/\\\/www.facecorner.lv\\\/wp-content\\\/uploads\\\/2025\\\/09\\\/su3j6fnjxotj.jpg\",\"width\":600,\"height\":600,\"caption\":\"VT Cosmetics Reti-A Cream 0.05\"},{\"@type\":\"BreadcrumbList\",\"@id\":\"https:\\\/\\\/www.facecorner.lv\\\/shop\\\/vt-cosmetics-reti-a-cream-0-05-pretnovecosanas-krems-sejai-ar-retinolu-30ml\\\/#breadcrumb\",\"itemListElement\":[{\"@type\":\"ListItem\",\"position\":1,\"name\":\"Home\",\"item\":\"https:\\\/\\\/www.facecorner.lv\\\/\"},{\"@type\":\"ListItem\",\"position\":2,\"name\":\"Veikals\",\"item\":\"https:\\\/\\\/www.facecorner.lv\\\/shop\\\/\"},{\"@type\":\"ListItem\",\"position\":3,\"name\":\"VT Cosmetics Reti-A Cream 0.05 pretnoveco\u0161an\u0101s kr\u0113ms sejai ar retinolu 30ml\"}]},{\"@type\":\"WebSite\",\"@id\":\"https:\\\/\\\/www.facecorner.lv\\\/#website\",\"url\":\"https:\\\/\\\/www.facecorner.lv\\\/\",\"name\":\"Facecorner\",\"description\":\"\",\"publisher\":{\"@id\":\"https:\\\/\\\/www.facecorner.lv\\\/#organization\"},\"potentialAction\":[{\"@type\":\"SearchAction\",\"target\":{\"@type\":\"EntryPoint\",\"urlTemplate\":\"https:\\\/\\\/www.facecorner.lv\\\/?s={search_term_string}\"},\"query-input\":{\"@type\":\"PropertyValueSpecification\",\"valueRequired\":true,\"valueName\":\"search_term_string\"}}],\"inLanguage\":\"en-US\"},{\"@type\":\"Organization\",\"@id\":\"https:\\\/\\\/www.facecorner.lv\\\/#organization\",\"name\":\"Facecorner\",\"url\":\"https:\\\/\\\/www.facecorner.lv\\\/\",\"logo\":{\"@type\":\"ImageObject\",\"inLanguage\":\"en-US\",\"@id\":\"https:\\\/\\\/www.facecorner.lv\\\/#\\\/schema\\\/logo\\\/image\\\/\",\"url\":\"https:\\\/\\\/www.facecorner.lv\\\/wp-content\\\/uploads\\\/2024\\\/04\\\/fc-logo.jpg\",\"contentUrl\":\"https:\\\/\\\/www.facecorner.lv\\\/wp-content\\\/uploads\\\/2024\\\/04\\\/fc-logo.jpg\",\"width\":174,\"height\":28,\"caption\":\"Facecorner\"},\"image\":{\"@id\":\"https:\\\/\\\/www.facecorner.lv\\\/#\\\/schema\\\/logo\\\/image\\\/\"},\"sameAs\":[\"https:\\\/\\\/www.facebook.com\\\/profile.php?id=100063824551839\",\"https:\\\/\\\/www.instagram.com\\\/facecorner_shop\\\/\"]}]}<\/script>\n<meta property=\"product:price:amount\" content=\"19.95\" \/>\n<meta property=\"product:price:currency\" content=\"EUR\" \/>\n<meta property=\"og:availability\" content=\"out of stock\" \/>\n<meta property=\"product:availability\" content=\"out of stock\" \/>\n<meta property=\"product:condition\" content=\"new\" \/>\n<!-- \/ Yoast SEO plugin. -->","yoast_head_json":{"title":"VT Cosmetics Reti-A Cream 0.05 pretnoveco\u0161an\u0101s kr\u0113ms sejai ar retinolu 30ml - FACECORNER","description":"VT Cosmetics Reti-A Cream 0.05 ir efekt\u012bvs l\u012bdzeklis uz retinola (0,05%) b\u0101zes, kas izstr\u0101d\u0101ts, lai c\u012bn\u012btos ar noveco\u0161an\u0101s paz\u012bm\u0113m, uzlabotu \u0101das tekst\u016bru","robots":{"index":"index","follow":"follow","max-snippet":"max-snippet:-1","max-image-preview":"max-image-preview:large","max-video-preview":"max-video-preview:-1"},"canonical":"https:\/\/www.facecorner.lv\/en\/shop\/vt-cosmetics-reti-a-cream-0-05-pretnovecosanas-krems-sejai-ar-retinolu-30ml\/","og_locale":"en_US","og_type":"article","og_title":"VT Cosmetics Reti-A Cream 0.05 pretnoveco\u0161an\u0101s kr\u0113ms sejai ar retinolu 30ml - FACECORNER","og_description":"VT Cosmetics Reti-A Cream 0.05 ir efekt\u012bvs l\u012bdzeklis uz retinola (0,05%) b\u0101zes, kas izstr\u0101d\u0101ts, lai c\u012bn\u012btos ar noveco\u0161an\u0101s paz\u012bm\u0113m, uzlabotu \u0101das tekst\u016bru","og_url":"https:\/\/www.facecorner.lv\/en\/shop\/vt-cosmetics-reti-a-cream-0-05-pretnovecosanas-krems-sejai-ar-retinolu-30ml\/","og_site_name":"FACECORNER","article_publisher":"https:\/\/www.facebook.com\/profile.php?id=100063824551839","article_modified_time":"2026-01-26T14:27:45+00:00","og_image":[{"width":600,"height":600,"url":"https:\/\/www.facecorner.lv\/wp-content\/uploads\/2025\/09\/su3j6fnjxotj.jpg","type":"image\/jpeg"}],"twitter_card":"summary_large_image","twitter_misc":{"Price":"&euro;19.95","Availability":"Out of stock"},"schema":{"@context":"https:\/\/schema.org","@graph":[{"@type":"WebPage","@id":"https:\/\/www.facecorner.lv\/shop\/vt-cosmetics-reti-a-cream-0-05-pretnovecosanas-krems-sejai-ar-retinolu-30ml\/","url":"https:\/\/www.facecorner.lv\/shop\/vt-cosmetics-reti-a-cream-0-05-pretnovecosanas-krems-sejai-ar-retinolu-30ml\/","name":"VT Cosmetics Reti-A Cream 0.05 pretnoveco\u0161an\u0101s kr\u0113ms sejai ar retinolu 30ml - FACECORNER","isPartOf":{"@id":"https:\/\/www.facecorner.lv\/#website"},"primaryImageOfPage":{"@id":"https:\/\/www.facecorner.lv\/shop\/vt-cosmetics-reti-a-cream-0-05-pretnovecosanas-krems-sejai-ar-retinolu-30ml\/#primaryimage"},"image":{"@id":"https:\/\/www.facecorner.lv\/shop\/vt-cosmetics-reti-a-cream-0-05-pretnovecosanas-krems-sejai-ar-retinolu-30ml\/#primaryimage"},"thumbnailUrl":"https:\/\/www.facecorner.lv\/wp-content\/uploads\/2025\/09\/su3j6fnjxotj.jpg","datePublished":"2025-09-22T09:53:26+00:00","dateModified":"2026-01-26T14:27:45+00:00","description":"VT Cosmetics Reti-A Cream 0.05 ir efekt\u012bvs l\u012bdzeklis uz retinola (0,05%) b\u0101zes, kas izstr\u0101d\u0101ts, lai c\u012bn\u012btos ar noveco\u0161an\u0101s paz\u012bm\u0113m, uzlabotu \u0101das tekst\u016bru","breadcrumb":{"@id":"https:\/\/www.facecorner.lv\/shop\/vt-cosmetics-reti-a-cream-0-05-pretnovecosanas-krems-sejai-ar-retinolu-30ml\/#breadcrumb"},"inLanguage":"en-US","potentialAction":[{"@type":"ReadAction","target":["https:\/\/www.facecorner.lv\/shop\/vt-cosmetics-reti-a-cream-0-05-pretnovecosanas-krems-sejai-ar-retinolu-30ml\/"]}]},{"@type":"ImageObject","inLanguage":"en-US","@id":"https:\/\/www.facecorner.lv\/shop\/vt-cosmetics-reti-a-cream-0-05-pretnovecosanas-krems-sejai-ar-retinolu-30ml\/#primaryimage","url":"https:\/\/www.facecorner.lv\/wp-content\/uploads\/2025\/09\/su3j6fnjxotj.jpg","contentUrl":"https:\/\/www.facecorner.lv\/wp-content\/uploads\/2025\/09\/su3j6fnjxotj.jpg","width":600,"height":600,"caption":"VT Cosmetics Reti-A Cream 0.05"},{"@type":"BreadcrumbList","@id":"https:\/\/www.facecorner.lv\/shop\/vt-cosmetics-reti-a-cream-0-05-pretnovecosanas-krems-sejai-ar-retinolu-30ml\/#breadcrumb","itemListElement":[{"@type":"ListItem","position":1,"name":"Home","item":"https:\/\/www.facecorner.lv\/"},{"@type":"ListItem","position":2,"name":"Veikals","item":"https:\/\/www.facecorner.lv\/shop\/"},{"@type":"ListItem","position":3,"name":"VT Cosmetics Reti-A Cream 0.05 pretnoveco\u0161an\u0101s kr\u0113ms sejai ar retinolu 30ml"}]},{"@type":"WebSite","@id":"https:\/\/www.facecorner.lv\/#website","url":"https:\/\/www.facecorner.lv\/","name":"Facecorner","description":"","publisher":{"@id":"https:\/\/www.facecorner.lv\/#organization"},"potentialAction":[{"@type":"SearchAction","target":{"@type":"EntryPoint","urlTemplate":"https:\/\/www.facecorner.lv\/?s={search_term_string}"},"query-input":{"@type":"PropertyValueSpecification","valueRequired":true,"valueName":"search_term_string"}}],"inLanguage":"en-US"},{"@type":"Organization","@id":"https:\/\/www.facecorner.lv\/#organization","name":"Facecorner","url":"https:\/\/www.facecorner.lv\/","logo":{"@type":"ImageObject","inLanguage":"en-US","@id":"https:\/\/www.facecorner.lv\/#\/schema\/logo\/image\/","url":"https:\/\/www.facecorner.lv\/wp-content\/uploads\/2024\/04\/fc-logo.jpg","contentUrl":"https:\/\/www.facecorner.lv\/wp-content\/uploads\/2024\/04\/fc-logo.jpg","width":174,"height":28,"caption":"Facecorner"},"image":{"@id":"https:\/\/www.facecorner.lv\/#\/schema\/logo\/image\/"},"sameAs":["https:\/\/www.facebook.com\/profile.php?id=100063824551839","https:\/\/www.instagram.com\/facecorner_shop\/"]}]},"product_price_amount":"19.95","product_price_currency":"EUR","og_availability":"out of stock","product_availability":"out of stock","product_condition":"new"},"_links":{"self":[{"href":"https:\/\/www.facecorner.lv\/en\/wp-json\/wp\/v2\/product\/25328","targetHints":{"allow":["GET"]}}],"collection":[{"href":"https:\/\/www.facecorner.lv\/en\/wp-json\/wp\/v2\/product"}],"about":[{"href":"https:\/\/www.facecorner.lv\/en\/wp-json\/wp\/v2\/types\/product"}],"replies":[{"embeddable":true,"href":"https:\/\/www.facecorner.lv\/en\/wp-json\/wp\/v2\/comments?post=25328"}],"wp:featuredmedia":[{"embeddable":true,"href":"https:\/\/www.facecorner.lv\/en\/wp-json\/wp\/v2\/media\/25329"}],"wp:attachment":[{"href":"https:\/\/www.facecorner.lv\/en\/wp-json\/wp\/v2\/media?parent=25328"}],"wp:term":[{"taxonomy":"product_brand","embeddable":true,"href":"https:\/\/www.facecorner.lv\/en\/wp-json\/wp\/v2\/product_brand?post=25328"},{"taxonomy":"product_cat","embeddable":true,"href":"https:\/\/www.facecorner.lv\/en\/wp-json\/wp\/v2\/product_cat?post=25328"},{"taxonomy":"product_tag","embeddable":true,"href":"https:\/\/www.facecorner.lv\/en\/wp-json\/wp\/v2\/product_tag?post=25328"},{"taxonomy":"berocket_brand","embeddable":true,"href":"https:\/\/www.facecorner.lv\/en\/wp-json\/wp\/v2\/berocket_brand?post=25328"}],"curies":[{"name":"wp","href":"https:\/\/api.w.org\/{rel}","templated":true}]}}