{"id":25325,"date":"2025-09-22T12:25:36","date_gmt":"2025-09-22T09:25:36","guid":{"rendered":"https:\/\/www.facecorner.lv\/?post_type=product&#038;p=25325"},"modified":"2026-01-16T22:09:34","modified_gmt":"2026-01-16T19:09:34","slug":"rejuall-advanced-pdrn-relief-cream-20g","status":"publish","type":"product","link":"https:\/\/www.facecorner.lv\/en\/shop\/rejuall-advanced-pdrn-relief-cream-20g\/","title":{"rendered":"Rejuall Advanced PDRN Relief Cream 20g"},"content":{"rendered":"<p>Rejuall Advanced PDRN Relief Cream ir augsti efekt\u012bvs l\u012bdzeklis uz polideoksiribonukleot\u012bda (PDRN) b\u0101zes, kas rad\u012bts, lai dzi\u013ci atjaunotu \u0101du, pastiprin\u0101tu re\u0123ener\u0101ciju un mazin\u0101tu kairin\u0101jumu.<\/p>\n<p><strong> Ide\u0101li piem\u0113rots p\u0113c dermatolo\u0123isk\u0101m proced\u016br\u0101m, k\u0101 ar\u012b ikdienas kop\u0161anai jut\u012bgai, sausai vai boj\u0101tai \u0101dai.<\/strong><\/p>\n<p><strong>It is a total care mask that tightens the skin.<\/strong><\/p>\n<ul>\n<li>PDRN (polideoksiribonukleot\u012bds) \u2014 biolo\u0123iski akt\u012bva sast\u0101vda\u013ca, kas ieg\u016bta no la\u0161u DNS, pastiprina audu re\u0123ener\u0101ciju, uzlabo \u0161\u016bnu vielmai\u0146u un veicina \u0101das atjauno\u0161anos.<\/li>\n<li>Ceram\u012bdi un pantenols \u2014 nostiprina \u0101das barjeru, mitrina un aizsarg\u0101 no \u0101r\u0113jiem kairin\u0101t\u0101jiem.<\/li>\n<li>Niac\u012bnam\u012bds \u2014 izl\u012bdzina \u0101das toni, samazina pigment\u0101ciju un palielina \u0101das elast\u012bbu.<\/li>\n<li>\u0100zijas centellas un alvejas ekstrakti \u2014 nomierina \u0101du, samazina iekaisumu un aps\u0101rtumu.<\/li>\n<\/ul>\n<p>&nbsp;<\/p>\n<ul>\n<li>Pa\u0101trina \u0101das sadz\u012b\u0161anu un re\u0123ener\u0101ciju.<\/li>\n<li>No\u0146em aps\u0101rtumu, kairin\u0101jumu un niezi.<\/li>\n<li>Uzlabo \u0101das elast\u012bbu un tonusu.<\/li>\n<li>Piem\u0113rots jut\u012bgai un rea\u0123\u0113jo\u0161ai \u0101dai.<\/li>\n<li>Lielisks l\u012bdzeklis p\u0113c l\u0101zera un kosm\u0113tisk\u0101m proced\u016br\u0101m.<\/li>\n<\/ul>\n<p><strong>How to use:\nAfter cleansing and toning, place the mask sheet on your face and let it rest for 30 minutes.<\/strong> Kremu uzkl\u0101jiet uz att\u012br\u012btas \u0101das 1\u20132 reizes dien\u0101, maigi izl\u012bdzinot pa visu sejas virsmu vai lok\u0101li uz problem\u0101tiskaj\u0101m zon\u0101m.<\/p>\n<p><strong>Sast\u0101vs:<\/strong><span style=\"font-size: 16px;\">Water, Glycerin, Butylene Glycol, Cyclopentasiloxane, Dimethicone, 1,2-Hexanediol, Niacinamide, Hydrolyzed Collagen, Cyclohexasiloxane, Sodium Hyaluronate, Acrylates\/C10-30 Alkyl Acrylate Crosspolymer, Cetearyl Olivate, Arginine, Hydroxyethyl Acrylate\/Sodium Acryloyldimethyl Taurate Copolymer, Sorbitan Olivate, Polyacrylamide, C13-14 Isoalkane, Dimethiconol, Sodium DNA (=PDRN) 1,200 ppm, Cellulose Gum, Allantoin, Laureth-7, Fragrance, Adenosine, Sorbitan Isostearate, Melia Azadirachta Leaf Extract, Melia Azadirachta Flower Extract, Panthenol, Betaine, Coccinia Indica Fruit Extract, Corallina Officinalis Extract<\/span><\/p>\n<div id=\"shopify-block-AaGVKRE9hK0ZLWWt0K__1768834845299682660\" class=\"shopify-block shopify-app-block\"><\/div>\n<div id=\"giftbox-root\"><\/div>\n<div id=\"adroll_consent_container\" class=\"adroll_consent_container\">\n<div id=\"adroll_consent_banner_container\" class=\"adroll_consent_banner_container\">\n<div id=\"adroll_consent_banner\" class=\"adroll_consent_banner\">\n<div class=\"adroll_consent_button_bar\">\n<div id=\"adroll_allow_all\" class=\"adroll_consent_button\">\n<div class=\"adroll_button_text\"><\/div>\n<\/div>\n<\/div>\n<\/div>\n<\/div>\n<\/div>","protected":false},"excerpt":{"rendered":"<p>Rejuall Advanced PDRN Relief Cream ir augsti efekt\u012bvs l\u012bdzeklis uz polideoksiribonukleot\u012bda (PDRN) b\u0101zes, kas rad\u012bts, lai dzi\u013ci atjaunotu \u0101du, pastiprin\u0101tu re\u0123ener\u0101ciju un mazin\u0101tu kairin\u0101jumu. Ide\u0101li piem\u0113rots p\u0113c dermatolo\u0123isk\u0101m proced\u016br\u0101m, k\u0101 ar\u012b ikdienas kop\u0161anai jut\u012bgai, sausai vai boj\u0101tai \u0101dai. Galven\u0101s sast\u0101vda\u013cas: PDRN (polideoksiribonukleot\u012bds) \u2014 biolo\u0123iski akt\u012bva sast\u0101vda\u013ca, kas ieg\u016bta no la\u0161u DNS, pastiprina audu re\u0123ener\u0101ciju, uzlabo [&hellip;]<\/p>\n","protected":false},"featured_media":25326,"comment_status":"open","ping_status":"closed","template":"","meta":{"site-sidebar-layout":"default","site-content-layout":"","ast-site-content-layout":"default","site-content-style":"default","site-sidebar-style":"default","ast-global-header-display":"","ast-banner-title-visibility":"","ast-main-header-display":"","ast-hfb-above-header-display":"","ast-hfb-below-header-display":"","ast-hfb-mobile-header-display":"","site-post-title":"","ast-breadcrumbs-content":"","ast-featured-img":"","footer-sml-layout":"","theme-transparent-header-meta":"default","adv-header-id-meta":"","stick-header-meta":"","header-above-stick-meta":"","header-main-stick-meta":"","header-below-stick-meta":"","astra-migrate-meta-layouts":"set","ast-page-background-enabled":"default","ast-page-background-meta":{"desktop":{"background-color":"var(--ast-global-color-4)","background-image":"","background-repeat":"repeat","background-position":"center center","background-size":"auto","background-attachment":"scroll","background-type":"","background-media":"","overlay-type":"","overlay-color":"","overlay-opacity":"","overlay-gradient":""},"tablet":{"background-color":"","background-image":"","background-repeat":"repeat","background-position":"center center","background-size":"auto","background-attachment":"scroll","background-type":"","background-media":"","overlay-type":"","overlay-color":"","overlay-opacity":"","overlay-gradient":""},"mobile":{"background-color":"","background-image":"","background-repeat":"repeat","background-position":"center center","background-size":"auto","background-attachment":"scroll","background-type":"","background-media":"","overlay-type":"","overlay-color":"","overlay-opacity":"","overlay-gradient":""}},"ast-content-background-meta":{"desktop":{"background-color":"var(--ast-global-color-5)","background-image":"","background-repeat":"repeat","background-position":"center center","background-size":"auto","background-attachment":"scroll","background-type":"","background-media":"","overlay-type":"","overlay-color":"","overlay-opacity":"","overlay-gradient":""},"tablet":{"background-color":"var(--ast-global-color-5)","background-image":"","background-repeat":"repeat","background-position":"center center","background-size":"auto","background-attachment":"scroll","background-type":"","background-media":"","overlay-type":"","overlay-color":"","overlay-opacity":"","overlay-gradient":""},"mobile":{"background-color":"var(--ast-global-color-5)","background-image":"","background-repeat":"repeat","background-position":"center center","background-size":"auto","background-attachment":"scroll","background-type":"","background-media":"","overlay-type":"","overlay-color":"","overlay-opacity":"","overlay-gradient":""}}},"product_brand":[],"product_cat":[366,367,368,362],"product_tag":[],"berocket_brand":[661],"class_list":{"0":"post-25325","1":"product","2":"type-product","3":"status-publish","4":"has-post-thumbnail","6":"product_cat-mitrinoss","7":"product_cat-nomierinoss","8":"product_cat-pret-grumbam","9":"product_cat-sejas-krems","10":"berocket_brand-rejuall","11":"desktop-align-left","12":"tablet-align-left","13":"mobile-align-left","15":"first","16":"instock","17":"taxable","18":"shipping-taxable","19":"purchasable","20":"product-type-simple","21":"add-to-wishlist-before_image"},"yoast_head":"<!-- This site is optimized with the Yoast SEO plugin v27.4 - https:\/\/yoast.com\/product\/yoast-seo-wordpress\/ -->\n<title>Rejuall Advanced PDRN Relief Cream 20g - FACECORNER<\/title>\n<meta name=\"description\" content=\"Rejuall Advanced PDRN Relief Cream ir augsti efekt\u012bvs l\u012bdzeklis uz polideoksiribonukleot\u012bda (PDRN) b\u0101zes, kas rad\u012bts, lai dzi\u013ci atjaunotu \u0101du\" \/>\n<meta name=\"robots\" content=\"index, follow, max-snippet:-1, max-image-preview:large, max-video-preview:-1\" \/>\n<link rel=\"canonical\" href=\"https:\/\/www.facecorner.lv\/en\/shop\/rejuall-advanced-pdrn-relief-cream-20g\/\" \/>\n<meta property=\"og:locale\" content=\"en_US\" \/>\n<meta property=\"og:type\" content=\"article\" \/>\n<meta property=\"og:title\" content=\"Rejuall Advanced PDRN Relief Cream 20g - FACECORNER\" \/>\n<meta property=\"og:description\" content=\"Rejuall Advanced PDRN Relief Cream ir augsti efekt\u012bvs l\u012bdzeklis uz polideoksiribonukleot\u012bda (PDRN) b\u0101zes, kas rad\u012bts, lai dzi\u013ci atjaunotu \u0101du\" \/>\n<meta property=\"og:url\" content=\"https:\/\/www.facecorner.lv\/en\/shop\/rejuall-advanced-pdrn-relief-cream-20g\/\" \/>\n<meta property=\"og:site_name\" content=\"FACECORNER\" \/>\n<meta property=\"article:publisher\" content=\"https:\/\/www.facebook.com\/profile.php?id=100063824551839\" \/>\n<meta property=\"article:modified_time\" content=\"2026-01-16T19:09:34+00:00\" \/>\n<meta property=\"og:image\" content=\"https:\/\/www.facecorner.lv\/wp-content\/uploads\/2025\/09\/s-l1200-4.jpg\" \/>\n\t<meta property=\"og:image:width\" content=\"1000\" \/>\n\t<meta property=\"og:image:height\" content=\"1000\" \/>\n\t<meta property=\"og:image:type\" content=\"image\/jpeg\" \/>\n<meta name=\"twitter:card\" content=\"summary_large_image\" \/>\n<meta name=\"twitter:label1\" content=\"Price\" \/>\n\t<meta name=\"twitter:data1\" content=\"&euro;45.00\" \/>\n\t<meta name=\"twitter:label2\" content=\"Availability\" \/>\n\t<meta name=\"twitter:data2\" content=\"In stock\" \/>\n<script type=\"application\/ld+json\" class=\"yoast-schema-graph\">{\"@context\":\"https:\\\/\\\/schema.org\",\"@graph\":[{\"@type\":\"WebPage\",\"@id\":\"https:\\\/\\\/www.facecorner.lv\\\/shop\\\/rejuall-advanced-pdrn-relief-cream-20g\\\/\",\"url\":\"https:\\\/\\\/www.facecorner.lv\\\/shop\\\/rejuall-advanced-pdrn-relief-cream-20g\\\/\",\"name\":\"Rejuall Advanced PDRN Relief Cream 20g - FACECORNER\",\"isPartOf\":{\"@id\":\"https:\\\/\\\/www.facecorner.lv\\\/#website\"},\"primaryImageOfPage\":{\"@id\":\"https:\\\/\\\/www.facecorner.lv\\\/shop\\\/rejuall-advanced-pdrn-relief-cream-20g\\\/#primaryimage\"},\"image\":{\"@id\":\"https:\\\/\\\/www.facecorner.lv\\\/shop\\\/rejuall-advanced-pdrn-relief-cream-20g\\\/#primaryimage\"},\"thumbnailUrl\":\"https:\\\/\\\/www.facecorner.lv\\\/wp-content\\\/uploads\\\/2025\\\/09\\\/s-l1200-4.jpg\",\"datePublished\":\"2025-09-22T09:25:36+00:00\",\"dateModified\":\"2026-01-16T19:09:34+00:00\",\"description\":\"Rejuall Advanced PDRN Relief Cream ir augsti efekt\u012bvs l\u012bdzeklis uz polideoksiribonukleot\u012bda (PDRN) b\u0101zes, kas rad\u012bts, lai dzi\u013ci atjaunotu \u0101du\",\"breadcrumb\":{\"@id\":\"https:\\\/\\\/www.facecorner.lv\\\/shop\\\/rejuall-advanced-pdrn-relief-cream-20g\\\/#breadcrumb\"},\"inLanguage\":\"en-US\",\"potentialAction\":[{\"@type\":\"ReadAction\",\"target\":[\"https:\\\/\\\/www.facecorner.lv\\\/shop\\\/rejuall-advanced-pdrn-relief-cream-20g\\\/\"]}]},{\"@type\":\"ImageObject\",\"inLanguage\":\"en-US\",\"@id\":\"https:\\\/\\\/www.facecorner.lv\\\/shop\\\/rejuall-advanced-pdrn-relief-cream-20g\\\/#primaryimage\",\"url\":\"https:\\\/\\\/www.facecorner.lv\\\/wp-content\\\/uploads\\\/2025\\\/09\\\/s-l1200-4.jpg\",\"contentUrl\":\"https:\\\/\\\/www.facecorner.lv\\\/wp-content\\\/uploads\\\/2025\\\/09\\\/s-l1200-4.jpg\",\"width\":1000,\"height\":1000,\"caption\":\"Rejuall Advanced PDRN Relief Cream\"},{\"@type\":\"BreadcrumbList\",\"@id\":\"https:\\\/\\\/www.facecorner.lv\\\/shop\\\/rejuall-advanced-pdrn-relief-cream-20g\\\/#breadcrumb\",\"itemListElement\":[{\"@type\":\"ListItem\",\"position\":1,\"name\":\"Home\",\"item\":\"https:\\\/\\\/www.facecorner.lv\\\/\"},{\"@type\":\"ListItem\",\"position\":2,\"name\":\"Veikals\",\"item\":\"https:\\\/\\\/www.facecorner.lv\\\/shop\\\/\"},{\"@type\":\"ListItem\",\"position\":3,\"name\":\"Rejuall Advanced PDRN Relief Cream 20g\"}]},{\"@type\":\"WebSite\",\"@id\":\"https:\\\/\\\/www.facecorner.lv\\\/#website\",\"url\":\"https:\\\/\\\/www.facecorner.lv\\\/\",\"name\":\"Facecorner\",\"description\":\"\",\"publisher\":{\"@id\":\"https:\\\/\\\/www.facecorner.lv\\\/#organization\"},\"potentialAction\":[{\"@type\":\"SearchAction\",\"target\":{\"@type\":\"EntryPoint\",\"urlTemplate\":\"https:\\\/\\\/www.facecorner.lv\\\/?s={search_term_string}\"},\"query-input\":{\"@type\":\"PropertyValueSpecification\",\"valueRequired\":true,\"valueName\":\"search_term_string\"}}],\"inLanguage\":\"en-US\"},{\"@type\":\"Organization\",\"@id\":\"https:\\\/\\\/www.facecorner.lv\\\/#organization\",\"name\":\"Facecorner\",\"url\":\"https:\\\/\\\/www.facecorner.lv\\\/\",\"logo\":{\"@type\":\"ImageObject\",\"inLanguage\":\"en-US\",\"@id\":\"https:\\\/\\\/www.facecorner.lv\\\/#\\\/schema\\\/logo\\\/image\\\/\",\"url\":\"https:\\\/\\\/www.facecorner.lv\\\/wp-content\\\/uploads\\\/2024\\\/04\\\/fc-logo.jpg\",\"contentUrl\":\"https:\\\/\\\/www.facecorner.lv\\\/wp-content\\\/uploads\\\/2024\\\/04\\\/fc-logo.jpg\",\"width\":174,\"height\":28,\"caption\":\"Facecorner\"},\"image\":{\"@id\":\"https:\\\/\\\/www.facecorner.lv\\\/#\\\/schema\\\/logo\\\/image\\\/\"},\"sameAs\":[\"https:\\\/\\\/www.facebook.com\\\/profile.php?id=100063824551839\",\"https:\\\/\\\/www.instagram.com\\\/facecorner_shop\\\/\"]}]}<\/script>\n<meta property=\"product:price:amount\" content=\"45.00\" \/>\n<meta property=\"product:price:currency\" content=\"EUR\" \/>\n<meta property=\"og:availability\" content=\"instock\" \/>\n<meta property=\"product:availability\" content=\"instock\" \/>\n<meta property=\"product:condition\" content=\"new\" \/>\n<!-- \/ Yoast SEO plugin. -->","yoast_head_json":{"title":"Rejuall Advanced PDRN Relief Cream 20g - FACECORNER","description":"Rejuall Advanced PDRN Relief Cream ir augsti efekt\u012bvs l\u012bdzeklis uz polideoksiribonukleot\u012bda (PDRN) b\u0101zes, kas rad\u012bts, lai dzi\u013ci atjaunotu \u0101du","robots":{"index":"index","follow":"follow","max-snippet":"max-snippet:-1","max-image-preview":"max-image-preview:large","max-video-preview":"max-video-preview:-1"},"canonical":"https:\/\/www.facecorner.lv\/en\/shop\/rejuall-advanced-pdrn-relief-cream-20g\/","og_locale":"en_US","og_type":"article","og_title":"Rejuall Advanced PDRN Relief Cream 20g - FACECORNER","og_description":"Rejuall Advanced PDRN Relief Cream ir augsti efekt\u012bvs l\u012bdzeklis uz polideoksiribonukleot\u012bda (PDRN) b\u0101zes, kas rad\u012bts, lai dzi\u013ci atjaunotu \u0101du","og_url":"https:\/\/www.facecorner.lv\/en\/shop\/rejuall-advanced-pdrn-relief-cream-20g\/","og_site_name":"FACECORNER","article_publisher":"https:\/\/www.facebook.com\/profile.php?id=100063824551839","article_modified_time":"2026-01-16T19:09:34+00:00","og_image":[{"width":1000,"height":1000,"url":"https:\/\/www.facecorner.lv\/wp-content\/uploads\/2025\/09\/s-l1200-4.jpg","type":"image\/jpeg"}],"twitter_card":"summary_large_image","twitter_misc":{"Price":"&euro;45.00","Availability":"In stock"},"schema":{"@context":"https:\/\/schema.org","@graph":[{"@type":"WebPage","@id":"https:\/\/www.facecorner.lv\/shop\/rejuall-advanced-pdrn-relief-cream-20g\/","url":"https:\/\/www.facecorner.lv\/shop\/rejuall-advanced-pdrn-relief-cream-20g\/","name":"Rejuall Advanced PDRN Relief Cream 20g - FACECORNER","isPartOf":{"@id":"https:\/\/www.facecorner.lv\/#website"},"primaryImageOfPage":{"@id":"https:\/\/www.facecorner.lv\/shop\/rejuall-advanced-pdrn-relief-cream-20g\/#primaryimage"},"image":{"@id":"https:\/\/www.facecorner.lv\/shop\/rejuall-advanced-pdrn-relief-cream-20g\/#primaryimage"},"thumbnailUrl":"https:\/\/www.facecorner.lv\/wp-content\/uploads\/2025\/09\/s-l1200-4.jpg","datePublished":"2025-09-22T09:25:36+00:00","dateModified":"2026-01-16T19:09:34+00:00","description":"Rejuall Advanced PDRN Relief Cream ir augsti efekt\u012bvs l\u012bdzeklis uz polideoksiribonukleot\u012bda (PDRN) b\u0101zes, kas rad\u012bts, lai dzi\u013ci atjaunotu \u0101du","breadcrumb":{"@id":"https:\/\/www.facecorner.lv\/shop\/rejuall-advanced-pdrn-relief-cream-20g\/#breadcrumb"},"inLanguage":"en-US","potentialAction":[{"@type":"ReadAction","target":["https:\/\/www.facecorner.lv\/shop\/rejuall-advanced-pdrn-relief-cream-20g\/"]}]},{"@type":"ImageObject","inLanguage":"en-US","@id":"https:\/\/www.facecorner.lv\/shop\/rejuall-advanced-pdrn-relief-cream-20g\/#primaryimage","url":"https:\/\/www.facecorner.lv\/wp-content\/uploads\/2025\/09\/s-l1200-4.jpg","contentUrl":"https:\/\/www.facecorner.lv\/wp-content\/uploads\/2025\/09\/s-l1200-4.jpg","width":1000,"height":1000,"caption":"Rejuall Advanced PDRN Relief Cream"},{"@type":"BreadcrumbList","@id":"https:\/\/www.facecorner.lv\/shop\/rejuall-advanced-pdrn-relief-cream-20g\/#breadcrumb","itemListElement":[{"@type":"ListItem","position":1,"name":"Home","item":"https:\/\/www.facecorner.lv\/"},{"@type":"ListItem","position":2,"name":"Veikals","item":"https:\/\/www.facecorner.lv\/shop\/"},{"@type":"ListItem","position":3,"name":"Rejuall Advanced PDRN Relief Cream 20g"}]},{"@type":"WebSite","@id":"https:\/\/www.facecorner.lv\/#website","url":"https:\/\/www.facecorner.lv\/","name":"Facecorner","description":"","publisher":{"@id":"https:\/\/www.facecorner.lv\/#organization"},"potentialAction":[{"@type":"SearchAction","target":{"@type":"EntryPoint","urlTemplate":"https:\/\/www.facecorner.lv\/?s={search_term_string}"},"query-input":{"@type":"PropertyValueSpecification","valueRequired":true,"valueName":"search_term_string"}}],"inLanguage":"en-US"},{"@type":"Organization","@id":"https:\/\/www.facecorner.lv\/#organization","name":"Facecorner","url":"https:\/\/www.facecorner.lv\/","logo":{"@type":"ImageObject","inLanguage":"en-US","@id":"https:\/\/www.facecorner.lv\/#\/schema\/logo\/image\/","url":"https:\/\/www.facecorner.lv\/wp-content\/uploads\/2024\/04\/fc-logo.jpg","contentUrl":"https:\/\/www.facecorner.lv\/wp-content\/uploads\/2024\/04\/fc-logo.jpg","width":174,"height":28,"caption":"Facecorner"},"image":{"@id":"https:\/\/www.facecorner.lv\/#\/schema\/logo\/image\/"},"sameAs":["https:\/\/www.facebook.com\/profile.php?id=100063824551839","https:\/\/www.instagram.com\/facecorner_shop\/"]}]},"product_price_amount":"45.00","product_price_currency":"EUR","og_availability":"instock","product_availability":"instock","product_condition":"new"},"_links":{"self":[{"href":"https:\/\/www.facecorner.lv\/en\/wp-json\/wp\/v2\/product\/25325","targetHints":{"allow":["GET"]}}],"collection":[{"href":"https:\/\/www.facecorner.lv\/en\/wp-json\/wp\/v2\/product"}],"about":[{"href":"https:\/\/www.facecorner.lv\/en\/wp-json\/wp\/v2\/types\/product"}],"replies":[{"embeddable":true,"href":"https:\/\/www.facecorner.lv\/en\/wp-json\/wp\/v2\/comments?post=25325"}],"wp:featuredmedia":[{"embeddable":true,"href":"https:\/\/www.facecorner.lv\/en\/wp-json\/wp\/v2\/media\/25326"}],"wp:attachment":[{"href":"https:\/\/www.facecorner.lv\/en\/wp-json\/wp\/v2\/media?parent=25325"}],"wp:term":[{"taxonomy":"product_brand","embeddable":true,"href":"https:\/\/www.facecorner.lv\/en\/wp-json\/wp\/v2\/product_brand?post=25325"},{"taxonomy":"product_cat","embeddable":true,"href":"https:\/\/www.facecorner.lv\/en\/wp-json\/wp\/v2\/product_cat?post=25325"},{"taxonomy":"product_tag","embeddable":true,"href":"https:\/\/www.facecorner.lv\/en\/wp-json\/wp\/v2\/product_tag?post=25325"},{"taxonomy":"berocket_brand","embeddable":true,"href":"https:\/\/www.facecorner.lv\/en\/wp-json\/wp\/v2\/berocket_brand?post=25325"}],"curies":[{"name":"wp","href":"https:\/\/api.w.org\/{rel}","templated":true}]}}