{"id":25304,"date":"2025-09-18T14:18:23","date_gmt":"2025-09-18T11:18:23","guid":{"rendered":"https:\/\/www.facecorner.lv\/?post_type=product&#038;p=25304"},"modified":"2026-01-20T15:28:24","modified_gmt":"2026-01-20T12:28:24","slug":"sungboon-editor-deep-collagen-melting-patch-33","status":"publish","type":"product","link":"https:\/\/www.facecorner.lv\/en\/shop\/sungboon-editor-deep-collagen-melting-patch-33\/","title":{"rendered":"Sungboon Editor Deep Collagen Melting Patch 3+3"},"content":{"rendered":"<h3><\/h3>\n<p>Sungboon Editor Deep Collagen Melting Patch ir inovat\u012bvi pl\u0101ksteri, kas izk\u016bst uz \u0101das un nodro\u0161ina dzi\u013cu mitrin\u0101\u0161anu, pateicoties augstajam dabisk\u0101 kolag\u0113na saturam (706,696 ppm), k\u0101 ar\u012b 12 veidu pept\u012bdiem, 4 veidu hialuronsk\u0101bei un glutationam.<\/p>\n<p>Pl\u0101ksteri ir paredz\u0113ti, lai uzlabotu \u0101das elast\u012bbu, izl\u012bdzin\u0101tu grumbu un pie\u0161\u0137irtu \u0101dai mirdzo\u0161u izskatu, k\u0101 ar\u012b ir piem\u0113roti visiem \u0101das tipiem, ieskaitot jut\u012bgu \u0101du.<\/p>\n<p><strong>Galven\u0101s priek\u0161roc\u012bbas:<\/strong><\/p>\n<ul>\n<li>K\u016bsto\u0161a formula: pl\u0101ksteri sast\u0101v no 94,8% \u012bsta kolag\u0113na un iz\u0161\u0137\u012bst saskaroties ar mitrumu, nodro\u0161inot maksim\u0101lu akt\u012bvo sast\u0101vda\u013cu uzs\u016bk\u0161anos.<\/li>\n<li>Dzi\u013ci mitrina: satur 292 Da nano-kolag\u0113nu un 4 veidu hialuronsk\u0101bi, kas dzi\u013ci mitrina sausu \u0101du.<\/li>\n<li>\u201cStikla \u0101das\u201d efekts: pal\u012bdz sasniegt mirdzo\u0161as, elast\u012bgas \u0101das efektu, pateicoties kolag\u0113nam, pept\u012bdiem un antioksidantiem.<\/li>\n<li>M\u0113r\u0137tiec\u012bga iedarb\u012bba: var uzkl\u0101t uz problem\u0101tisk\u0101m viet\u0101m, piem\u0113ram, ap ac\u012bm, uz pieres vai cit\u0101m zon\u0101m, kur\u0101m nepiecie\u0161ama mitrin\u0101\u0161ana un kop\u0161ana.<\/li>\n<\/ul>\n<p><strong>Katr\u0101 kast\u0113 ir 3 pl\u0101ksteri pieres\/kakla zonai un 3 acu pl\u0101ksteri.<\/strong><\/p>\n<p><strong>How to use:<\/strong>: Uzkl\u0101jiet pl\u0101ksteri uz t\u012bras, nedaudz mitras \u0101das.Piel\u012bm\u0113jiet pl\u0101kstera balto, ar kolag\u0113nu p\u0101rkl\u0101to pusi uz \u0101das.No\u0146emiet t\u012bkli\u0146veida pamatni un maigi iemas\u0113jiet \u0101d\u0101, l\u012bdz pl\u0101ksteris piln\u012bb\u0101 ies\u016bcies.<\/p>\n<p><strong>Sast\u0101vs: <\/strong>Collagen, Hydrolyzed Collagen, Glutathione, Sodium Hyaluronate, Propanediol, Butylene Glycol, 1,2-Hexanediol, Glycerin, Sodium Hyaluronate Crosspolymer, Hydrolyzed Glycosaminoglycans, Hyaluronic Acid, Tripeptide-1 , Pentapeptide-3 , Palmitoyl Tripeptide-5, Palmitoyl Tripeptide-1, Palmitoyl Tetrapeptide-7, Palmitoyl Pentapeptide-4 , Palmitoyl Hexapeptide-12 , Nonapeptide-1, Hydrolyzed Hyaluronic Acid , Hexapeptide-9, Dipeptide Diaminobutyroyl Benzylamide Diacetate , Copper Tripeptide-1, Acetyl Hexapeptide-8<\/p>\n<p>&nbsp;<\/p>","protected":false},"excerpt":{"rendered":"<p>Sungboon Editor Deep Collagen Melting Patch ir inovat\u012bvi pl\u0101ksteri, kas izk\u016bst uz \u0101das un nodro\u0161ina dzi\u013cu mitrin\u0101\u0161anu, pateicoties augstajam dabisk\u0101 kolag\u0113na saturam (706,696 ppm), k\u0101 ar\u012b 12 veidu pept\u012bdiem, 4 veidu hialuronsk\u0101bei un glutationam.<\/p>","protected":false},"featured_media":25305,"comment_status":"open","ping_status":"closed","template":"","meta":{"site-sidebar-layout":"default","site-content-layout":"","ast-site-content-layout":"default","site-content-style":"default","site-sidebar-style":"default","ast-global-header-display":"","ast-banner-title-visibility":"","ast-main-header-display":"","ast-hfb-above-header-display":"","ast-hfb-below-header-display":"","ast-hfb-mobile-header-display":"","site-post-title":"","ast-breadcrumbs-content":"","ast-featured-img":"","footer-sml-layout":"","theme-transparent-header-meta":"default","adv-header-id-meta":"","stick-header-meta":"","header-above-stick-meta":"","header-main-stick-meta":"","header-below-stick-meta":"","astra-migrate-meta-layouts":"set","ast-page-background-enabled":"default","ast-page-background-meta":{"desktop":{"background-color":"var(--ast-global-color-4)","background-image":"","background-repeat":"repeat","background-position":"center center","background-size":"auto","background-attachment":"scroll","background-type":"","background-media":"","overlay-type":"","overlay-color":"","overlay-opacity":"","overlay-gradient":""},"tablet":{"background-color":"","background-image":"","background-repeat":"repeat","background-position":"center center","background-size":"auto","background-attachment":"scroll","background-type":"","background-media":"","overlay-type":"","overlay-color":"","overlay-opacity":"","overlay-gradient":""},"mobile":{"background-color":"","background-image":"","background-repeat":"repeat","background-position":"center center","background-size":"auto","background-attachment":"scroll","background-type":"","background-media":"","overlay-type":"","overlay-color":"","overlay-opacity":"","overlay-gradient":""}},"ast-content-background-meta":{"desktop":{"background-color":"var(--ast-global-color-5)","background-image":"","background-repeat":"repeat","background-position":"center center","background-size":"auto","background-attachment":"scroll","background-type":"","background-media":"","overlay-type":"","overlay-color":"","overlay-opacity":"","overlay-gradient":""},"tablet":{"background-color":"var(--ast-global-color-5)","background-image":"","background-repeat":"repeat","background-position":"center center","background-size":"auto","background-attachment":"scroll","background-type":"","background-media":"","overlay-type":"","overlay-color":"","overlay-opacity":"","overlay-gradient":""},"mobile":{"background-color":"var(--ast-global-color-5)","background-image":"","background-repeat":"repeat","background-position":"center center","background-size":"auto","background-attachment":"scroll","background-type":"","background-media":"","overlay-type":"","overlay-color":"","overlay-opacity":"","overlay-gradient":""}}},"product_brand":[],"product_cat":[324,315,326,327],"product_tag":[],"berocket_brand":[651],"class_list":{"0":"post-25304","1":"product","2":"type-product","3":"status-publish","4":"has-post-thumbnail","6":"product_cat-auduma","7":"product_cat-maskas","8":"product_cat-mitrinosas","9":"product_cat-patci","10":"berocket_brand-sungboon-editor","11":"desktop-align-left","12":"tablet-align-left","13":"mobile-align-left","15":"first","16":"outofstock","17":"taxable","18":"shipping-taxable","19":"purchasable","20":"product-type-simple","21":"add-to-wishlist-before_image"},"yoast_head":"<!-- This site is optimized with the Yoast SEO plugin v27.4 - https:\/\/yoast.com\/product\/yoast-seo-wordpress\/ -->\n<title>Sungboon Editor Deep Collagen Melting Patch 3+3 - FACECORNER<\/title>\n<meta name=\"description\" content=\"Sungboon Editor Deep Collagen Melting Patch ir inovat\u012bvi pl\u0101ksteri, kas izk\u016bst uz \u0101das un nodro\u0161ina dzi\u013cu mitrin\u0101\u0161anu\" \/>\n<meta name=\"robots\" content=\"index, follow, max-snippet:-1, max-image-preview:large, max-video-preview:-1\" \/>\n<link rel=\"canonical\" href=\"https:\/\/www.facecorner.lv\/en\/shop\/sungboon-editor-deep-collagen-melting-patch-33\/\" \/>\n<meta property=\"og:locale\" content=\"en_US\" \/>\n<meta property=\"og:type\" content=\"article\" \/>\n<meta property=\"og:title\" content=\"Sungboon Editor Deep Collagen Melting Patch 3+3 - FACECORNER\" \/>\n<meta property=\"og:description\" content=\"Sungboon Editor Deep Collagen Melting Patch ir inovat\u012bvi pl\u0101ksteri, kas izk\u016bst uz \u0101das un nodro\u0161ina dzi\u013cu mitrin\u0101\u0161anu\" \/>\n<meta property=\"og:url\" content=\"https:\/\/www.facecorner.lv\/en\/shop\/sungboon-editor-deep-collagen-melting-patch-33\/\" \/>\n<meta property=\"og:site_name\" content=\"FACECORNER\" \/>\n<meta property=\"article:publisher\" content=\"https:\/\/www.facebook.com\/profile.php?id=100063824551839\" \/>\n<meta property=\"article:modified_time\" content=\"2026-01-20T12:28:24+00:00\" \/>\n<meta property=\"og:image\" content=\"https:\/\/www.facecorner.lv\/wp-content\/uploads\/2025\/09\/rus_pl_Sungboon-Editor-Deep-Collagen-Melting-Patch-RASTVORIMYE-KOLLAGENOVYE-PATCHI-DLIA-LICA-3x0-28g-3x0-46g-24708_2.webp\" \/>\n\t<meta property=\"og:image:width\" content=\"1500\" \/>\n\t<meta property=\"og:image:height\" content=\"1500\" \/>\n\t<meta property=\"og:image:type\" content=\"image\/webp\" \/>\n<meta name=\"twitter:card\" content=\"summary_large_image\" \/>\n<meta name=\"twitter:label1\" content=\"Price\" \/>\n\t<meta name=\"twitter:data1\" content=\"&euro;25.00\" \/>\n\t<meta name=\"twitter:label2\" content=\"Availability\" \/>\n\t<meta name=\"twitter:data2\" content=\"Out of stock\" \/>\n<script type=\"application\/ld+json\" class=\"yoast-schema-graph\">{\"@context\":\"https:\\\/\\\/schema.org\",\"@graph\":[{\"@type\":\"WebPage\",\"@id\":\"https:\\\/\\\/www.facecorner.lv\\\/shop\\\/sungboon-editor-deep-collagen-melting-patch-33\\\/\",\"url\":\"https:\\\/\\\/www.facecorner.lv\\\/shop\\\/sungboon-editor-deep-collagen-melting-patch-33\\\/\",\"name\":\"Sungboon Editor Deep Collagen Melting Patch 3+3 - FACECORNER\",\"isPartOf\":{\"@id\":\"https:\\\/\\\/www.facecorner.lv\\\/#website\"},\"primaryImageOfPage\":{\"@id\":\"https:\\\/\\\/www.facecorner.lv\\\/shop\\\/sungboon-editor-deep-collagen-melting-patch-33\\\/#primaryimage\"},\"image\":{\"@id\":\"https:\\\/\\\/www.facecorner.lv\\\/shop\\\/sungboon-editor-deep-collagen-melting-patch-33\\\/#primaryimage\"},\"thumbnailUrl\":\"https:\\\/\\\/www.facecorner.lv\\\/wp-content\\\/uploads\\\/2025\\\/09\\\/rus_pl_Sungboon-Editor-Deep-Collagen-Melting-Patch-RASTVORIMYE-KOLLAGENOVYE-PATCHI-DLIA-LICA-3x0-28g-3x0-46g-24708_2.webp\",\"datePublished\":\"2025-09-18T11:18:23+00:00\",\"dateModified\":\"2026-01-20T12:28:24+00:00\",\"description\":\"Sungboon Editor Deep Collagen Melting Patch ir inovat\u012bvi pl\u0101ksteri, kas izk\u016bst uz \u0101das un nodro\u0161ina dzi\u013cu mitrin\u0101\u0161anu\",\"breadcrumb\":{\"@id\":\"https:\\\/\\\/www.facecorner.lv\\\/shop\\\/sungboon-editor-deep-collagen-melting-patch-33\\\/#breadcrumb\"},\"inLanguage\":\"en-US\",\"potentialAction\":[{\"@type\":\"ReadAction\",\"target\":[\"https:\\\/\\\/www.facecorner.lv\\\/shop\\\/sungboon-editor-deep-collagen-melting-patch-33\\\/\"]}]},{\"@type\":\"ImageObject\",\"inLanguage\":\"en-US\",\"@id\":\"https:\\\/\\\/www.facecorner.lv\\\/shop\\\/sungboon-editor-deep-collagen-melting-patch-33\\\/#primaryimage\",\"url\":\"https:\\\/\\\/www.facecorner.lv\\\/wp-content\\\/uploads\\\/2025\\\/09\\\/rus_pl_Sungboon-Editor-Deep-Collagen-Melting-Patch-RASTVORIMYE-KOLLAGENOVYE-PATCHI-DLIA-LICA-3x0-28g-3x0-46g-24708_2.webp\",\"contentUrl\":\"https:\\\/\\\/www.facecorner.lv\\\/wp-content\\\/uploads\\\/2025\\\/09\\\/rus_pl_Sungboon-Editor-Deep-Collagen-Melting-Patch-RASTVORIMYE-KOLLAGENOVYE-PATCHI-DLIA-LICA-3x0-28g-3x0-46g-24708_2.webp\",\"width\":1500,\"height\":1500,\"caption\":\"Sungboon Editor Deep Collagen Melting Patch i\"},{\"@type\":\"BreadcrumbList\",\"@id\":\"https:\\\/\\\/www.facecorner.lv\\\/shop\\\/sungboon-editor-deep-collagen-melting-patch-33\\\/#breadcrumb\",\"itemListElement\":[{\"@type\":\"ListItem\",\"position\":1,\"name\":\"Home\",\"item\":\"https:\\\/\\\/www.facecorner.lv\\\/\"},{\"@type\":\"ListItem\",\"position\":2,\"name\":\"Veikals\",\"item\":\"https:\\\/\\\/www.facecorner.lv\\\/shop\\\/\"},{\"@type\":\"ListItem\",\"position\":3,\"name\":\"Sungboon Editor Deep Collagen Melting Patch 3+3\"}]},{\"@type\":\"WebSite\",\"@id\":\"https:\\\/\\\/www.facecorner.lv\\\/#website\",\"url\":\"https:\\\/\\\/www.facecorner.lv\\\/\",\"name\":\"Facecorner\",\"description\":\"\",\"publisher\":{\"@id\":\"https:\\\/\\\/www.facecorner.lv\\\/#organization\"},\"potentialAction\":[{\"@type\":\"SearchAction\",\"target\":{\"@type\":\"EntryPoint\",\"urlTemplate\":\"https:\\\/\\\/www.facecorner.lv\\\/?s={search_term_string}\"},\"query-input\":{\"@type\":\"PropertyValueSpecification\",\"valueRequired\":true,\"valueName\":\"search_term_string\"}}],\"inLanguage\":\"en-US\"},{\"@type\":\"Organization\",\"@id\":\"https:\\\/\\\/www.facecorner.lv\\\/#organization\",\"name\":\"Facecorner\",\"url\":\"https:\\\/\\\/www.facecorner.lv\\\/\",\"logo\":{\"@type\":\"ImageObject\",\"inLanguage\":\"en-US\",\"@id\":\"https:\\\/\\\/www.facecorner.lv\\\/#\\\/schema\\\/logo\\\/image\\\/\",\"url\":\"https:\\\/\\\/www.facecorner.lv\\\/wp-content\\\/uploads\\\/2024\\\/04\\\/fc-logo.jpg\",\"contentUrl\":\"https:\\\/\\\/www.facecorner.lv\\\/wp-content\\\/uploads\\\/2024\\\/04\\\/fc-logo.jpg\",\"width\":174,\"height\":28,\"caption\":\"Facecorner\"},\"image\":{\"@id\":\"https:\\\/\\\/www.facecorner.lv\\\/#\\\/schema\\\/logo\\\/image\\\/\"},\"sameAs\":[\"https:\\\/\\\/www.facebook.com\\\/profile.php?id=100063824551839\",\"https:\\\/\\\/www.instagram.com\\\/facecorner_shop\\\/\"]}]}<\/script>\n<meta property=\"product:price:amount\" content=\"25.00\" \/>\n<meta property=\"product:price:currency\" content=\"EUR\" \/>\n<meta property=\"og:availability\" content=\"out of stock\" \/>\n<meta property=\"product:availability\" content=\"out of stock\" \/>\n<meta property=\"product:condition\" content=\"new\" \/>\n<!-- \/ Yoast SEO plugin. -->","yoast_head_json":{"title":"Sungboon Editor Deep Collagen Melting Patch 3+3 - FACECORNER","description":"Sungboon Editor Deep Collagen Melting Patch ir inovat\u012bvi pl\u0101ksteri, kas izk\u016bst uz \u0101das un nodro\u0161ina dzi\u013cu mitrin\u0101\u0161anu","robots":{"index":"index","follow":"follow","max-snippet":"max-snippet:-1","max-image-preview":"max-image-preview:large","max-video-preview":"max-video-preview:-1"},"canonical":"https:\/\/www.facecorner.lv\/en\/shop\/sungboon-editor-deep-collagen-melting-patch-33\/","og_locale":"en_US","og_type":"article","og_title":"Sungboon Editor Deep Collagen Melting Patch 3+3 - FACECORNER","og_description":"Sungboon Editor Deep Collagen Melting Patch ir inovat\u012bvi pl\u0101ksteri, kas izk\u016bst uz \u0101das un nodro\u0161ina dzi\u013cu mitrin\u0101\u0161anu","og_url":"https:\/\/www.facecorner.lv\/en\/shop\/sungboon-editor-deep-collagen-melting-patch-33\/","og_site_name":"FACECORNER","article_publisher":"https:\/\/www.facebook.com\/profile.php?id=100063824551839","article_modified_time":"2026-01-20T12:28:24+00:00","og_image":[{"width":1500,"height":1500,"url":"https:\/\/www.facecorner.lv\/wp-content\/uploads\/2025\/09\/rus_pl_Sungboon-Editor-Deep-Collagen-Melting-Patch-RASTVORIMYE-KOLLAGENOVYE-PATCHI-DLIA-LICA-3x0-28g-3x0-46g-24708_2.webp","type":"image\/webp"}],"twitter_card":"summary_large_image","twitter_misc":{"Price":"&euro;25.00","Availability":"Out of stock"},"schema":{"@context":"https:\/\/schema.org","@graph":[{"@type":"WebPage","@id":"https:\/\/www.facecorner.lv\/shop\/sungboon-editor-deep-collagen-melting-patch-33\/","url":"https:\/\/www.facecorner.lv\/shop\/sungboon-editor-deep-collagen-melting-patch-33\/","name":"Sungboon Editor Deep Collagen Melting Patch 3+3 - FACECORNER","isPartOf":{"@id":"https:\/\/www.facecorner.lv\/#website"},"primaryImageOfPage":{"@id":"https:\/\/www.facecorner.lv\/shop\/sungboon-editor-deep-collagen-melting-patch-33\/#primaryimage"},"image":{"@id":"https:\/\/www.facecorner.lv\/shop\/sungboon-editor-deep-collagen-melting-patch-33\/#primaryimage"},"thumbnailUrl":"https:\/\/www.facecorner.lv\/wp-content\/uploads\/2025\/09\/rus_pl_Sungboon-Editor-Deep-Collagen-Melting-Patch-RASTVORIMYE-KOLLAGENOVYE-PATCHI-DLIA-LICA-3x0-28g-3x0-46g-24708_2.webp","datePublished":"2025-09-18T11:18:23+00:00","dateModified":"2026-01-20T12:28:24+00:00","description":"Sungboon Editor Deep Collagen Melting Patch ir inovat\u012bvi pl\u0101ksteri, kas izk\u016bst uz \u0101das un nodro\u0161ina dzi\u013cu mitrin\u0101\u0161anu","breadcrumb":{"@id":"https:\/\/www.facecorner.lv\/shop\/sungboon-editor-deep-collagen-melting-patch-33\/#breadcrumb"},"inLanguage":"en-US","potentialAction":[{"@type":"ReadAction","target":["https:\/\/www.facecorner.lv\/shop\/sungboon-editor-deep-collagen-melting-patch-33\/"]}]},{"@type":"ImageObject","inLanguage":"en-US","@id":"https:\/\/www.facecorner.lv\/shop\/sungboon-editor-deep-collagen-melting-patch-33\/#primaryimage","url":"https:\/\/www.facecorner.lv\/wp-content\/uploads\/2025\/09\/rus_pl_Sungboon-Editor-Deep-Collagen-Melting-Patch-RASTVORIMYE-KOLLAGENOVYE-PATCHI-DLIA-LICA-3x0-28g-3x0-46g-24708_2.webp","contentUrl":"https:\/\/www.facecorner.lv\/wp-content\/uploads\/2025\/09\/rus_pl_Sungboon-Editor-Deep-Collagen-Melting-Patch-RASTVORIMYE-KOLLAGENOVYE-PATCHI-DLIA-LICA-3x0-28g-3x0-46g-24708_2.webp","width":1500,"height":1500,"caption":"Sungboon Editor Deep Collagen Melting Patch i"},{"@type":"BreadcrumbList","@id":"https:\/\/www.facecorner.lv\/shop\/sungboon-editor-deep-collagen-melting-patch-33\/#breadcrumb","itemListElement":[{"@type":"ListItem","position":1,"name":"Home","item":"https:\/\/www.facecorner.lv\/"},{"@type":"ListItem","position":2,"name":"Veikals","item":"https:\/\/www.facecorner.lv\/shop\/"},{"@type":"ListItem","position":3,"name":"Sungboon Editor Deep Collagen Melting Patch 3+3"}]},{"@type":"WebSite","@id":"https:\/\/www.facecorner.lv\/#website","url":"https:\/\/www.facecorner.lv\/","name":"Facecorner","description":"","publisher":{"@id":"https:\/\/www.facecorner.lv\/#organization"},"potentialAction":[{"@type":"SearchAction","target":{"@type":"EntryPoint","urlTemplate":"https:\/\/www.facecorner.lv\/?s={search_term_string}"},"query-input":{"@type":"PropertyValueSpecification","valueRequired":true,"valueName":"search_term_string"}}],"inLanguage":"en-US"},{"@type":"Organization","@id":"https:\/\/www.facecorner.lv\/#organization","name":"Facecorner","url":"https:\/\/www.facecorner.lv\/","logo":{"@type":"ImageObject","inLanguage":"en-US","@id":"https:\/\/www.facecorner.lv\/#\/schema\/logo\/image\/","url":"https:\/\/www.facecorner.lv\/wp-content\/uploads\/2024\/04\/fc-logo.jpg","contentUrl":"https:\/\/www.facecorner.lv\/wp-content\/uploads\/2024\/04\/fc-logo.jpg","width":174,"height":28,"caption":"Facecorner"},"image":{"@id":"https:\/\/www.facecorner.lv\/#\/schema\/logo\/image\/"},"sameAs":["https:\/\/www.facebook.com\/profile.php?id=100063824551839","https:\/\/www.instagram.com\/facecorner_shop\/"]}]},"product_price_amount":"25.00","product_price_currency":"EUR","og_availability":"out of stock","product_availability":"out of stock","product_condition":"new"},"_links":{"self":[{"href":"https:\/\/www.facecorner.lv\/en\/wp-json\/wp\/v2\/product\/25304","targetHints":{"allow":["GET"]}}],"collection":[{"href":"https:\/\/www.facecorner.lv\/en\/wp-json\/wp\/v2\/product"}],"about":[{"href":"https:\/\/www.facecorner.lv\/en\/wp-json\/wp\/v2\/types\/product"}],"replies":[{"embeddable":true,"href":"https:\/\/www.facecorner.lv\/en\/wp-json\/wp\/v2\/comments?post=25304"}],"wp:featuredmedia":[{"embeddable":true,"href":"https:\/\/www.facecorner.lv\/en\/wp-json\/wp\/v2\/media\/25305"}],"wp:attachment":[{"href":"https:\/\/www.facecorner.lv\/en\/wp-json\/wp\/v2\/media?parent=25304"}],"wp:term":[{"taxonomy":"product_brand","embeddable":true,"href":"https:\/\/www.facecorner.lv\/en\/wp-json\/wp\/v2\/product_brand?post=25304"},{"taxonomy":"product_cat","embeddable":true,"href":"https:\/\/www.facecorner.lv\/en\/wp-json\/wp\/v2\/product_cat?post=25304"},{"taxonomy":"product_tag","embeddable":true,"href":"https:\/\/www.facecorner.lv\/en\/wp-json\/wp\/v2\/product_tag?post=25304"},{"taxonomy":"berocket_brand","embeddable":true,"href":"https:\/\/www.facecorner.lv\/en\/wp-json\/wp\/v2\/berocket_brand?post=25304"}],"curies":[{"name":"wp","href":"https:\/\/api.w.org\/{rel}","templated":true}]}}