{"id":25288,"date":"2025-09-16T14:25:46","date_gmt":"2025-09-16T11:25:46","guid":{"rendered":"https:\/\/www.facecorner.lv\/?post_type=product&#038;p=25288"},"modified":"2026-04-15T19:14:02","modified_gmt":"2026-04-15T16:14:02","slug":"sungboon-editor-deep-collagen-power-boosting-mask","status":"publish","type":"product","link":"https:\/\/www.facecorner.lv\/en\/shop\/sungboon-editor-deep-collagen-power-boosting-mask\/","title":{"rendered":"SUNGBOON EDITOR Deep Collagen Power Boosting Mask"},"content":{"rendered":"<p>SUNGBOON EDITOR Deep Collagen Power Boosting Mask atjaunojiet sausu\u00a0 \u0101du ar \u0161o intens\u012bvi mitrino\u0161o un pretnoveco\u0161an\u0101s \u017eelejas masku.<\/p>\n<p>Maska satur 83 % zema molekul\u0101r\u0101 svara kolag\u0113nu, kas nov\u0113r\u0161 acu grumbu un smaida l\u012bniju veido\u0161anos, vienlaikus samazinot poras. T\u0101 ir pies\u0101tin\u0101ta ar nomierino\u0161\u0101m un mitrino\u0161\u0101m sast\u0101vda\u013c\u0101m, tostarp pept\u012bdiem un hialuronsk\u0101bi.<\/p>\n<ul>\n<li>Pretgrumbu liftinga efekts (ener\u0123ijas palielin\u0101\u0161ana): kolag\u0113na palielin\u0101\u0161ana, nostiprin\u0101\u0161ana un elast\u012bba.<\/li>\n<li>Hyalu-B5 mitrino\u0161s efekts: dzi\u013ca mitrin\u0101\u0161ana, nostiprin\u0101\u0161ana, elast\u012bba un mirdzo\u0161a \u0101da.<\/li>\n<li>Niac\u012bna Vita C izgaismojo\u0161s efekts: izgaismo\u0161ana, nostiprin\u0101\u0161ana, elast\u012bba un mirdzo\u0161a \u0101da.<\/li>\n<li>Cica Teatree nomierino\u0161s efekts: nomierin\u0101\u0161ana, atv\u0113sin\u0101\u0161ana, nostiprin\u0101\u0161ana, elast\u012bba un mirdzo\u0161a \u0101da.<\/li>\n<\/ul>\n<p><strong>How to use:<\/strong> P\u0113c \u0101das sagatavo\u0161anas ar toniku uzlieciet masku uz sejas, izvairoties no l\u016bpu un acu zonas. No\u0146emiet masku p\u0113c 3-4 stund\u0101m, kad akt\u012bv\u0101s sast\u0101vda\u013cas ir uzs\u016bku\u0161\u0101s \u0101d\u0101 un k\u013cuvu\u0161as caursp\u012bd\u012bgas.<\/p>","protected":false},"excerpt":{"rendered":"<p>SUNGBOON EDITOR Deep Collagen Power Boosting Mask atjaunojiet sausu\u00a0 \u0101du ar \u0161o intens\u012bvi mitrino\u0161o un pretnoveco\u0161an\u0101s \u017eelejas masku.<\/p>","protected":false},"featured_media":25291,"comment_status":"open","ping_status":"closed","template":"","meta":{"site-sidebar-layout":"default","site-content-layout":"","ast-site-content-layout":"default","site-content-style":"default","site-sidebar-style":"default","ast-global-header-display":"","ast-banner-title-visibility":"","ast-main-header-display":"","ast-hfb-above-header-display":"","ast-hfb-below-header-display":"","ast-hfb-mobile-header-display":"","site-post-title":"","ast-breadcrumbs-content":"","ast-featured-img":"","footer-sml-layout":"","theme-transparent-header-meta":"default","adv-header-id-meta":"","stick-header-meta":"","header-above-stick-meta":"","header-main-stick-meta":"","header-below-stick-meta":"","astra-migrate-meta-layouts":"set","ast-page-background-enabled":"default","ast-page-background-meta":{"desktop":{"background-color":"var(--ast-global-color-4)","background-image":"","background-repeat":"repeat","background-position":"center center","background-size":"auto","background-attachment":"scroll","background-type":"","background-media":"","overlay-type":"","overlay-color":"","overlay-opacity":"","overlay-gradient":""},"tablet":{"background-color":"","background-image":"","background-repeat":"repeat","background-position":"center center","background-size":"auto","background-attachment":"scroll","background-type":"","background-media":"","overlay-type":"","overlay-color":"","overlay-opacity":"","overlay-gradient":""},"mobile":{"background-color":"","background-image":"","background-repeat":"repeat","background-position":"center center","background-size":"auto","background-attachment":"scroll","background-type":"","background-media":"","overlay-type":"","overlay-color":"","overlay-opacity":"","overlay-gradient":""}},"ast-content-background-meta":{"desktop":{"background-color":"var(--ast-global-color-5)","background-image":"","background-repeat":"repeat","background-position":"center center","background-size":"auto","background-attachment":"scroll","background-type":"","background-media":"","overlay-type":"","overlay-color":"","overlay-opacity":"","overlay-gradient":""},"tablet":{"background-color":"var(--ast-global-color-5)","background-image":"","background-repeat":"repeat","background-position":"center center","background-size":"auto","background-attachment":"scroll","background-type":"","background-media":"","overlay-type":"","overlay-color":"","overlay-opacity":"","overlay-gradient":""},"mobile":{"background-color":"var(--ast-global-color-5)","background-image":"","background-repeat":"repeat","background-position":"center center","background-size":"auto","background-attachment":"scroll","background-type":"","background-media":"","overlay-type":"","overlay-color":"","overlay-opacity":"","overlay-gradient":""}}},"product_brand":[],"product_cat":[325,315,326,322],"product_tag":[],"berocket_brand":[651],"class_list":{"0":"post-25288","1":"product","2":"type-product","3":"status-publish","4":"has-post-thumbnail","6":"product_cat-hidrogela","7":"product_cat-maskas","8":"product_cat-mitrinosas","9":"product_cat-nakts","10":"berocket_brand-sungboon-editor","11":"desktop-align-left","12":"tablet-align-left","13":"mobile-align-left","15":"first","16":"instock","17":"taxable","18":"shipping-taxable","19":"purchasable","20":"product-type-variable","21":"add-to-wishlist-before_image"},"yoast_head":"<!-- This site is optimized with the Yoast SEO plugin v27.4 - https:\/\/yoast.com\/product\/yoast-seo-wordpress\/ -->\n<title>SUNGBOON EDITOR Deep Collagen Power Boosting Mask - FACECORNER<\/title>\n<meta name=\"description\" content=\"SUNGBOON EDITOR Deep Collagen Power Boosting Mask atjaunojiet sausu\u00a0 \u0101du ar \u0161o intens\u012bvi mitrino\u0161o un pretnoveco\u0161an\u0101s \u017eelejas masku.\" \/>\n<meta name=\"robots\" content=\"index, follow, max-snippet:-1, max-image-preview:large, max-video-preview:-1\" \/>\n<link rel=\"canonical\" href=\"https:\/\/www.facecorner.lv\/en\/shop\/sungboon-editor-deep-collagen-power-boosting-mask\/\" \/>\n<meta property=\"og:locale\" content=\"en_US\" \/>\n<meta property=\"og:type\" content=\"article\" \/>\n<meta property=\"og:title\" content=\"SUNGBOON EDITOR Deep Collagen Power Boosting Mask - FACECORNER\" \/>\n<meta property=\"og:description\" content=\"SUNGBOON EDITOR Deep Collagen Power Boosting Mask atjaunojiet sausu\u00a0 \u0101du ar \u0161o intens\u012bvi mitrino\u0161o un pretnoveco\u0161an\u0101s \u017eelejas masku.\" \/>\n<meta property=\"og:url\" content=\"https:\/\/www.facecorner.lv\/en\/shop\/sungboon-editor-deep-collagen-power-boosting-mask\/\" \/>\n<meta property=\"og:site_name\" content=\"FACECORNER\" \/>\n<meta property=\"article:publisher\" content=\"https:\/\/www.facebook.com\/profile.php?id=100063824551839\" \/>\n<meta property=\"article:modified_time\" content=\"2026-04-15T16:14:02+00:00\" \/>\n<meta property=\"og:image\" content=\"https:\/\/www.facecorner.lv\/wp-content\/uploads\/2025\/09\/XXL_p0208334795.webp\" \/>\n\t<meta property=\"og:image:width\" content=\"640\" \/>\n\t<meta property=\"og:image:height\" content=\"640\" \/>\n\t<meta property=\"og:image:type\" content=\"image\/webp\" \/>\n<meta name=\"twitter:card\" content=\"summary_large_image\" \/>\n<meta name=\"twitter:label1\" content=\"Availability\" \/>\n\t<meta name=\"twitter:data1\" content=\"In stock\" \/>\n<script type=\"application\/ld+json\" class=\"yoast-schema-graph\">{\"@context\":\"https:\\\/\\\/schema.org\",\"@graph\":[{\"@type\":\"WebPage\",\"@id\":\"https:\\\/\\\/www.facecorner.lv\\\/shop\\\/sungboon-editor-deep-collagen-power-boosting-mask\\\/\",\"url\":\"https:\\\/\\\/www.facecorner.lv\\\/shop\\\/sungboon-editor-deep-collagen-power-boosting-mask\\\/\",\"name\":\"SUNGBOON EDITOR Deep Collagen Power Boosting Mask - FACECORNER\",\"isPartOf\":{\"@id\":\"https:\\\/\\\/www.facecorner.lv\\\/#website\"},\"primaryImageOfPage\":{\"@id\":\"https:\\\/\\\/www.facecorner.lv\\\/shop\\\/sungboon-editor-deep-collagen-power-boosting-mask\\\/#primaryimage\"},\"image\":{\"@id\":\"https:\\\/\\\/www.facecorner.lv\\\/shop\\\/sungboon-editor-deep-collagen-power-boosting-mask\\\/#primaryimage\"},\"thumbnailUrl\":\"https:\\\/\\\/www.facecorner.lv\\\/wp-content\\\/uploads\\\/2025\\\/09\\\/XXL_p0208334795.webp\",\"datePublished\":\"2025-09-16T11:25:46+00:00\",\"dateModified\":\"2026-04-15T16:14:02+00:00\",\"description\":\"SUNGBOON EDITOR Deep Collagen Power Boosting Mask atjaunojiet sausu\u00a0 \u0101du ar \u0161o intens\u012bvi mitrino\u0161o un pretnoveco\u0161an\u0101s \u017eelejas masku.\",\"breadcrumb\":{\"@id\":\"https:\\\/\\\/www.facecorner.lv\\\/shop\\\/sungboon-editor-deep-collagen-power-boosting-mask\\\/#breadcrumb\"},\"inLanguage\":\"en-US\",\"potentialAction\":[{\"@type\":\"ReadAction\",\"target\":[\"https:\\\/\\\/www.facecorner.lv\\\/shop\\\/sungboon-editor-deep-collagen-power-boosting-mask\\\/\"]}]},{\"@type\":\"ImageObject\",\"inLanguage\":\"en-US\",\"@id\":\"https:\\\/\\\/www.facecorner.lv\\\/shop\\\/sungboon-editor-deep-collagen-power-boosting-mask\\\/#primaryimage\",\"url\":\"https:\\\/\\\/www.facecorner.lv\\\/wp-content\\\/uploads\\\/2025\\\/09\\\/XXL_p0208334795.webp\",\"contentUrl\":\"https:\\\/\\\/www.facecorner.lv\\\/wp-content\\\/uploads\\\/2025\\\/09\\\/XXL_p0208334795.webp\",\"width\":640,\"height\":640,\"caption\":\"SUNGBOON EDITOR Deep Collagen Power Boosting Mask\"},{\"@type\":\"BreadcrumbList\",\"@id\":\"https:\\\/\\\/www.facecorner.lv\\\/shop\\\/sungboon-editor-deep-collagen-power-boosting-mask\\\/#breadcrumb\",\"itemListElement\":[{\"@type\":\"ListItem\",\"position\":1,\"name\":\"Home\",\"item\":\"https:\\\/\\\/www.facecorner.lv\\\/\"},{\"@type\":\"ListItem\",\"position\":2,\"name\":\"Veikals\",\"item\":\"https:\\\/\\\/www.facecorner.lv\\\/shop\\\/\"},{\"@type\":\"ListItem\",\"position\":3,\"name\":\"SUNGBOON EDITOR Deep Collagen Power Boosting Mask\"}]},{\"@type\":\"WebSite\",\"@id\":\"https:\\\/\\\/www.facecorner.lv\\\/#website\",\"url\":\"https:\\\/\\\/www.facecorner.lv\\\/\",\"name\":\"Facecorner\",\"description\":\"\",\"publisher\":{\"@id\":\"https:\\\/\\\/www.facecorner.lv\\\/#organization\"},\"potentialAction\":[{\"@type\":\"SearchAction\",\"target\":{\"@type\":\"EntryPoint\",\"urlTemplate\":\"https:\\\/\\\/www.facecorner.lv\\\/?s={search_term_string}\"},\"query-input\":{\"@type\":\"PropertyValueSpecification\",\"valueRequired\":true,\"valueName\":\"search_term_string\"}}],\"inLanguage\":\"en-US\"},{\"@type\":\"Organization\",\"@id\":\"https:\\\/\\\/www.facecorner.lv\\\/#organization\",\"name\":\"Facecorner\",\"url\":\"https:\\\/\\\/www.facecorner.lv\\\/\",\"logo\":{\"@type\":\"ImageObject\",\"inLanguage\":\"en-US\",\"@id\":\"https:\\\/\\\/www.facecorner.lv\\\/#\\\/schema\\\/logo\\\/image\\\/\",\"url\":\"https:\\\/\\\/www.facecorner.lv\\\/wp-content\\\/uploads\\\/2024\\\/04\\\/fc-logo.jpg\",\"contentUrl\":\"https:\\\/\\\/www.facecorner.lv\\\/wp-content\\\/uploads\\\/2024\\\/04\\\/fc-logo.jpg\",\"width\":174,\"height\":28,\"caption\":\"Facecorner\"},\"image\":{\"@id\":\"https:\\\/\\\/www.facecorner.lv\\\/#\\\/schema\\\/logo\\\/image\\\/\"},\"sameAs\":[\"https:\\\/\\\/www.facebook.com\\\/profile.php?id=100063824551839\",\"https:\\\/\\\/www.instagram.com\\\/facecorner_shop\\\/\"]}]}<\/script>\n<meta property=\"og:availability\" content=\"instock\" \/>\n<meta property=\"product:availability\" content=\"instock\" \/>\n<meta property=\"product:condition\" content=\"new\" \/>\n<!-- \/ Yoast SEO plugin. -->","yoast_head_json":{"title":"SUNGBOON EDITOR Deep Collagen Power Boosting Mask - FACECORNER","description":"SUNGBOON EDITOR Deep Collagen Power Boosting Mask atjaunojiet sausu\u00a0 \u0101du ar \u0161o intens\u012bvi mitrino\u0161o un pretnoveco\u0161an\u0101s \u017eelejas masku.","robots":{"index":"index","follow":"follow","max-snippet":"max-snippet:-1","max-image-preview":"max-image-preview:large","max-video-preview":"max-video-preview:-1"},"canonical":"https:\/\/www.facecorner.lv\/en\/shop\/sungboon-editor-deep-collagen-power-boosting-mask\/","og_locale":"en_US","og_type":"article","og_title":"SUNGBOON EDITOR Deep Collagen Power Boosting Mask - FACECORNER","og_description":"SUNGBOON EDITOR Deep Collagen Power Boosting Mask atjaunojiet sausu\u00a0 \u0101du ar \u0161o intens\u012bvi mitrino\u0161o un pretnoveco\u0161an\u0101s \u017eelejas masku.","og_url":"https:\/\/www.facecorner.lv\/en\/shop\/sungboon-editor-deep-collagen-power-boosting-mask\/","og_site_name":"FACECORNER","article_publisher":"https:\/\/www.facebook.com\/profile.php?id=100063824551839","article_modified_time":"2026-04-15T16:14:02+00:00","og_image":[{"width":640,"height":640,"url":"https:\/\/www.facecorner.lv\/wp-content\/uploads\/2025\/09\/XXL_p0208334795.webp","type":"image\/webp"}],"twitter_card":"summary_large_image","twitter_misc":{"Availability":"In stock"},"schema":{"@context":"https:\/\/schema.org","@graph":[{"@type":"WebPage","@id":"https:\/\/www.facecorner.lv\/shop\/sungboon-editor-deep-collagen-power-boosting-mask\/","url":"https:\/\/www.facecorner.lv\/shop\/sungboon-editor-deep-collagen-power-boosting-mask\/","name":"SUNGBOON EDITOR Deep Collagen Power Boosting Mask - FACECORNER","isPartOf":{"@id":"https:\/\/www.facecorner.lv\/#website"},"primaryImageOfPage":{"@id":"https:\/\/www.facecorner.lv\/shop\/sungboon-editor-deep-collagen-power-boosting-mask\/#primaryimage"},"image":{"@id":"https:\/\/www.facecorner.lv\/shop\/sungboon-editor-deep-collagen-power-boosting-mask\/#primaryimage"},"thumbnailUrl":"https:\/\/www.facecorner.lv\/wp-content\/uploads\/2025\/09\/XXL_p0208334795.webp","datePublished":"2025-09-16T11:25:46+00:00","dateModified":"2026-04-15T16:14:02+00:00","description":"SUNGBOON EDITOR Deep Collagen Power Boosting Mask atjaunojiet sausu\u00a0 \u0101du ar \u0161o intens\u012bvi mitrino\u0161o un pretnoveco\u0161an\u0101s \u017eelejas masku.","breadcrumb":{"@id":"https:\/\/www.facecorner.lv\/shop\/sungboon-editor-deep-collagen-power-boosting-mask\/#breadcrumb"},"inLanguage":"en-US","potentialAction":[{"@type":"ReadAction","target":["https:\/\/www.facecorner.lv\/shop\/sungboon-editor-deep-collagen-power-boosting-mask\/"]}]},{"@type":"ImageObject","inLanguage":"en-US","@id":"https:\/\/www.facecorner.lv\/shop\/sungboon-editor-deep-collagen-power-boosting-mask\/#primaryimage","url":"https:\/\/www.facecorner.lv\/wp-content\/uploads\/2025\/09\/XXL_p0208334795.webp","contentUrl":"https:\/\/www.facecorner.lv\/wp-content\/uploads\/2025\/09\/XXL_p0208334795.webp","width":640,"height":640,"caption":"SUNGBOON EDITOR Deep Collagen Power Boosting Mask"},{"@type":"BreadcrumbList","@id":"https:\/\/www.facecorner.lv\/shop\/sungboon-editor-deep-collagen-power-boosting-mask\/#breadcrumb","itemListElement":[{"@type":"ListItem","position":1,"name":"Home","item":"https:\/\/www.facecorner.lv\/"},{"@type":"ListItem","position":2,"name":"Veikals","item":"https:\/\/www.facecorner.lv\/shop\/"},{"@type":"ListItem","position":3,"name":"SUNGBOON EDITOR Deep Collagen Power Boosting Mask"}]},{"@type":"WebSite","@id":"https:\/\/www.facecorner.lv\/#website","url":"https:\/\/www.facecorner.lv\/","name":"Facecorner","description":"","publisher":{"@id":"https:\/\/www.facecorner.lv\/#organization"},"potentialAction":[{"@type":"SearchAction","target":{"@type":"EntryPoint","urlTemplate":"https:\/\/www.facecorner.lv\/?s={search_term_string}"},"query-input":{"@type":"PropertyValueSpecification","valueRequired":true,"valueName":"search_term_string"}}],"inLanguage":"en-US"},{"@type":"Organization","@id":"https:\/\/www.facecorner.lv\/#organization","name":"Facecorner","url":"https:\/\/www.facecorner.lv\/","logo":{"@type":"ImageObject","inLanguage":"en-US","@id":"https:\/\/www.facecorner.lv\/#\/schema\/logo\/image\/","url":"https:\/\/www.facecorner.lv\/wp-content\/uploads\/2024\/04\/fc-logo.jpg","contentUrl":"https:\/\/www.facecorner.lv\/wp-content\/uploads\/2024\/04\/fc-logo.jpg","width":174,"height":28,"caption":"Facecorner"},"image":{"@id":"https:\/\/www.facecorner.lv\/#\/schema\/logo\/image\/"},"sameAs":["https:\/\/www.facebook.com\/profile.php?id=100063824551839","https:\/\/www.instagram.com\/facecorner_shop\/"]}]},"og_availability":"instock","product_availability":"instock","product_condition":"new"},"_links":{"self":[{"href":"https:\/\/www.facecorner.lv\/en\/wp-json\/wp\/v2\/product\/25288","targetHints":{"allow":["GET"]}}],"collection":[{"href":"https:\/\/www.facecorner.lv\/en\/wp-json\/wp\/v2\/product"}],"about":[{"href":"https:\/\/www.facecorner.lv\/en\/wp-json\/wp\/v2\/types\/product"}],"replies":[{"embeddable":true,"href":"https:\/\/www.facecorner.lv\/en\/wp-json\/wp\/v2\/comments?post=25288"}],"wp:featuredmedia":[{"embeddable":true,"href":"https:\/\/www.facecorner.lv\/en\/wp-json\/wp\/v2\/media\/25291"}],"wp:attachment":[{"href":"https:\/\/www.facecorner.lv\/en\/wp-json\/wp\/v2\/media?parent=25288"}],"wp:term":[{"taxonomy":"product_brand","embeddable":true,"href":"https:\/\/www.facecorner.lv\/en\/wp-json\/wp\/v2\/product_brand?post=25288"},{"taxonomy":"product_cat","embeddable":true,"href":"https:\/\/www.facecorner.lv\/en\/wp-json\/wp\/v2\/product_cat?post=25288"},{"taxonomy":"product_tag","embeddable":true,"href":"https:\/\/www.facecorner.lv\/en\/wp-json\/wp\/v2\/product_tag?post=25288"},{"taxonomy":"berocket_brand","embeddable":true,"href":"https:\/\/www.facecorner.lv\/en\/wp-json\/wp\/v2\/berocket_brand?post=25288"}],"curies":[{"name":"wp","href":"https:\/\/api.w.org\/{rel}","templated":true}]}}