{"id":25279,"date":"2025-09-16T14:00:43","date_gmt":"2025-09-16T11:00:43","guid":{"rendered":"https:\/\/www.facecorner.lv\/?post_type=product&#038;p=25279"},"modified":"2025-12-30T18:42:00","modified_gmt":"2025-12-30T15:42:00","slug":"acu-krems-ar-traneksamskabi-un-retinolu-dr-melaxin-tx-retinalsome-double-effect-eye-cream-40g","status":"publish","type":"product","link":"https:\/\/www.facecorner.lv\/en\/shop\/acu-krems-ar-traneksamskabi-un-retinolu-dr-melaxin-tx-retinalsome-double-effect-eye-cream-40g\/","title":{"rendered":"Acu kr\u0113ms ar traneksamsk\u0101bi un retinolu Dr.Melaxin TX Retinalsome Double Effect Eye Cream 40g"},"content":{"rendered":"<p>Dr.Melaxin TX Retinalsome Double Effect Eye Cream acu kr\u0113ms c\u012bn\u0101s ar grumbu un zos\u0101du veido\u0161anos, uzlabo \u0101das elast\u012bbu un stingr\u012bbu, nov\u0113r\u0161 \u0101das bl\u0101vumu un tum\u0161os lokus.<\/p>\n<ul>\n<li>Tran EX-1 patent\u0113t\u0101 formula satur pept\u012bdus un 3,5 % traneksamsk\u0101bi, kas paredz\u0113ta pigment\u0101cijas nov\u0113r\u0161anai, re\u0123ener\u0101cijai, piet\u016bkumu un grumbu mazin\u0101\u0161anai.<\/li>\n<li>Unik\u0101l\u0101 formula Retinalsome 0,05% (retin\u0101ls) samazina \u0101das krunci\u0146as, padarot \u0101du zem ac\u012bm stingr\u0101ku un atp\u016btu\u0161\u0101ku.<\/li>\n<li>Niac\u012bnam\u012bds kr\u0113ma sast\u0101v\u0101 ar\u012b atbild par \u0101das izgaismo\u0161anu, k\u0101 ar\u012b pastiprina \u0101das aizsarg\u0101jo\u0161\u0101s \u012bpa\u0161\u012bbas.<\/li>\n<li>Saulespu\u0137u s\u0113klu e\u013c\u013ca bag\u0101tina \u0101du ar noder\u012bgiem mikroelementiem, mitrina un dzied\u0113 mikroboj\u0101jumus.<\/li>\n<li>Makadamijas e\u013c\u013ca pal\u012bdz atjaunot boj\u0101tos \u0101das apgabalus, stiprina \u0101das aizsargbarjeru un baro epidermu, pateicoties augstajam tauksk\u0101bju saturam.<\/li>\n<li>Sojas e\u013c\u013ca papildus baro \u0101du, pal\u0113nina noveco\u0161an\u0101s procesus.<\/li>\n<li>Adenoz\u012bns aktiviz\u0113 kolag\u0113na ra\u017eo\u0161anu, kas pal\u012bdz izl\u012bdzin\u0101t s\u012bk\u0101s grumbi\u0146as un uzlabot \u0101das elast\u012bbu.<\/li>\n<\/ul>\n<p><strong>How to use:<\/strong> Lietojiet l\u012bdzekli k\u0101 nakts kop\u0161anas l\u012bdzekli, dienas laik\u0101 uzkl\u0101jiet saules aizsargkr\u0113mu.<\/p>\n<p><strong>Sast\u0101vs<\/strong>: Water, Glycerin, Dipropylene Glycol, Octyldodecanol, 1,2-Hexanediol, Niacinamide, Pentaerythrityl Tetraisostearate, Helianthus Annuus (Sunflower) Seed Oil, Caprylyl Methicone, Cetearyl Olivate, Macadamia Ternifolia Seed Oil, Ammonium Acryloyldimethyltaurate\/VP Copolymer, Polyglyceryl-10 Behenate\/Eicosadioate, Polymethylsilsesquioxane, Hydroxyethyl Acrylate\/Sodium Acryloyldimethyl Taurate Copolymer, Sorbitan Olivate, Acrylates\/C10-30 Alkyl Acrylate Crosspolymer, Glycine Soja (Soybean) Oil, Brassica Campestris (Rapeseed) Sterols, Polyglyceryl-10 Stearate, Cholesterol, Ethylhexylglycerin, Retinal, Hydrogenated Phosphatidylcholine, Adenosine, Xanthan Gum, Sorbitan Isostearate, Tocopherol, Disodium EDTA, Bixa Orellana Seed Oil.<\/p>","protected":false},"excerpt":{"rendered":"<p>Dr.Melaxin TX Retinalsome Double Effect Eye Cream acu kr\u0113ms c\u012bn\u0101s ar grumbu un zos\u0101du veido\u0161anos, uzlabo \u0101das elast\u012bbu un stingr\u012bbu, nov\u0113r\u0161 \u0101das bl\u0101vumu un tum\u0161os lokus.<\/p>","protected":false},"featured_media":25280,"comment_status":"open","ping_status":"closed","template":"","meta":{"site-sidebar-layout":"default","site-content-layout":"","ast-site-content-layout":"default","site-content-style":"default","site-sidebar-style":"default","ast-global-header-display":"","ast-banner-title-visibility":"","ast-main-header-display":"","ast-hfb-above-header-display":"","ast-hfb-below-header-display":"","ast-hfb-mobile-header-display":"","site-post-title":"","ast-breadcrumbs-content":"","ast-featured-img":"","footer-sml-layout":"","theme-transparent-header-meta":"default","adv-header-id-meta":"","stick-header-meta":"","header-above-stick-meta":"","header-main-stick-meta":"","header-below-stick-meta":"","astra-migrate-meta-layouts":"set","ast-page-background-enabled":"default","ast-page-background-meta":{"desktop":{"background-color":"var(--ast-global-color-4)","background-image":"","background-repeat":"repeat","background-position":"center center","background-size":"auto","background-attachment":"scroll","background-type":"","background-media":"","overlay-type":"","overlay-color":"","overlay-opacity":"","overlay-gradient":""},"tablet":{"background-color":"","background-image":"","background-repeat":"repeat","background-position":"center center","background-size":"auto","background-attachment":"scroll","background-type":"","background-media":"","overlay-type":"","overlay-color":"","overlay-opacity":"","overlay-gradient":""},"mobile":{"background-color":"","background-image":"","background-repeat":"repeat","background-position":"center center","background-size":"auto","background-attachment":"scroll","background-type":"","background-media":"","overlay-type":"","overlay-color":"","overlay-opacity":"","overlay-gradient":""}},"ast-content-background-meta":{"desktop":{"background-color":"var(--ast-global-color-5)","background-image":"","background-repeat":"repeat","background-position":"center center","background-size":"auto","background-attachment":"scroll","background-type":"","background-media":"","overlay-type":"","overlay-color":"","overlay-opacity":"","overlay-gradient":""},"tablet":{"background-color":"var(--ast-global-color-5)","background-image":"","background-repeat":"repeat","background-position":"center center","background-size":"auto","background-attachment":"scroll","background-type":"","background-media":"","overlay-type":"","overlay-color":"","overlay-opacity":"","overlay-gradient":""},"mobile":{"background-color":"var(--ast-global-color-5)","background-image":"","background-repeat":"repeat","background-position":"center center","background-size":"auto","background-attachment":"scroll","background-type":"","background-media":"","overlay-type":"","overlay-color":"","overlay-opacity":"","overlay-gradient":""}}},"product_brand":[],"product_cat":[308],"product_tag":[],"berocket_brand":[653],"class_list":{"0":"post-25279","1":"product","2":"type-product","3":"status-publish","4":"has-post-thumbnail","6":"product_cat-acu-krems","7":"berocket_brand-dr-melaxin","8":"desktop-align-left","9":"tablet-align-left","10":"mobile-align-left","12":"first","13":"outofstock","14":"taxable","15":"shipping-taxable","16":"purchasable","17":"product-type-simple","18":"add-to-wishlist-before_image"},"yoast_head":"<!-- This site is optimized with the Yoast SEO plugin v27.3 - https:\/\/yoast.com\/product\/yoast-seo-wordpress\/ -->\n<title>Acu kr\u0113ms ar traneksamsk\u0101bi un retinolu Dr.Melaxin TX Retinalsome Double Effect Eye Cream 40g - FACECORNER<\/title>\n<meta name=\"description\" content=\"Dr.Melaxin TX Retinalsome Double Effect Eye Cream acu kr\u0113ms c\u012bn\u0101s ar grumbu un zos\u0101du veido\u0161anos, uzlabo \u0101das elast\u012bbu un stingr\u012bbu, nov\u0113r\u0161 \u0101das bl\u0101vumu\" \/>\n<meta name=\"robots\" content=\"index, follow, max-snippet:-1, max-image-preview:large, max-video-preview:-1\" \/>\n<link rel=\"canonical\" href=\"https:\/\/www.facecorner.lv\/en\/shop\/acu-krems-ar-traneksamskabi-un-retinolu-dr-melaxin-tx-retinalsome-double-effect-eye-cream-40g\/\" \/>\n<meta property=\"og:locale\" content=\"en_US\" \/>\n<meta property=\"og:type\" content=\"article\" \/>\n<meta property=\"og:title\" content=\"Acu kr\u0113ms ar traneksamsk\u0101bi un retinolu Dr.Melaxin TX Retinalsome Double Effect Eye Cream 40g - FACECORNER\" \/>\n<meta property=\"og:description\" content=\"Dr.Melaxin TX Retinalsome Double Effect Eye Cream acu kr\u0113ms c\u012bn\u0101s ar grumbu un zos\u0101du veido\u0161anos, uzlabo \u0101das elast\u012bbu un stingr\u012bbu, nov\u0113r\u0161 \u0101das bl\u0101vumu\" \/>\n<meta property=\"og:url\" content=\"https:\/\/www.facecorner.lv\/en\/shop\/acu-krems-ar-traneksamskabi-un-retinolu-dr-melaxin-tx-retinalsome-double-effect-eye-cream-40g\/\" \/>\n<meta property=\"og:site_name\" content=\"FACECORNER\" \/>\n<meta property=\"article:publisher\" content=\"https:\/\/www.facebook.com\/profile.php?id=100063824551839\" \/>\n<meta property=\"article:modified_time\" content=\"2025-12-30T15:42:00+00:00\" \/>\n<meta name=\"twitter:card\" content=\"summary_large_image\" \/>\n<meta name=\"twitter:label1\" content=\"Price\" \/>\n\t<meta name=\"twitter:data1\" content=\"&euro;29.42\" \/>\n\t<meta name=\"twitter:label2\" content=\"Availability\" \/>\n\t<meta name=\"twitter:data2\" content=\"Out of stock\" \/>\n<script type=\"application\/ld+json\" class=\"yoast-schema-graph\">{\"@context\":\"https:\\\/\\\/schema.org\",\"@graph\":[{\"@type\":\"WebPage\",\"@id\":\"https:\\\/\\\/www.facecorner.lv\\\/shop\\\/acu-krems-ar-traneksamskabi-un-retinolu-dr-melaxin-tx-retinalsome-double-effect-eye-cream-40g\\\/\",\"url\":\"https:\\\/\\\/www.facecorner.lv\\\/shop\\\/acu-krems-ar-traneksamskabi-un-retinolu-dr-melaxin-tx-retinalsome-double-effect-eye-cream-40g\\\/\",\"name\":\"Acu kr\u0113ms ar traneksamsk\u0101bi un retinolu Dr.Melaxin TX Retinalsome Double Effect Eye Cream 40g - FACECORNER\",\"isPartOf\":{\"@id\":\"https:\\\/\\\/www.facecorner.lv\\\/#website\"},\"primaryImageOfPage\":{\"@id\":\"https:\\\/\\\/www.facecorner.lv\\\/shop\\\/acu-krems-ar-traneksamskabi-un-retinolu-dr-melaxin-tx-retinalsome-double-effect-eye-cream-40g\\\/#primaryimage\"},\"image\":{\"@id\":\"https:\\\/\\\/www.facecorner.lv\\\/shop\\\/acu-krems-ar-traneksamskabi-un-retinolu-dr-melaxin-tx-retinalsome-double-effect-eye-cream-40g\\\/#primaryimage\"},\"thumbnailUrl\":\"https:\\\/\\\/www.facecorner.lv\\\/wp-content\\\/uploads\\\/2025\\\/09\\\/19.avif\",\"datePublished\":\"2025-09-16T11:00:43+00:00\",\"dateModified\":\"2025-12-30T15:42:00+00:00\",\"description\":\"Dr.Melaxin TX Retinalsome Double Effect Eye Cream acu kr\u0113ms c\u012bn\u0101s ar grumbu un zos\u0101du veido\u0161anos, uzlabo \u0101das elast\u012bbu un stingr\u012bbu, nov\u0113r\u0161 \u0101das bl\u0101vumu\",\"breadcrumb\":{\"@id\":\"https:\\\/\\\/www.facecorner.lv\\\/shop\\\/acu-krems-ar-traneksamskabi-un-retinolu-dr-melaxin-tx-retinalsome-double-effect-eye-cream-40g\\\/#breadcrumb\"},\"inLanguage\":\"en-US\",\"potentialAction\":[{\"@type\":\"ReadAction\",\"target\":[\"https:\\\/\\\/www.facecorner.lv\\\/shop\\\/acu-krems-ar-traneksamskabi-un-retinolu-dr-melaxin-tx-retinalsome-double-effect-eye-cream-40g\\\/\"]}]},{\"@type\":\"ImageObject\",\"inLanguage\":\"en-US\",\"@id\":\"https:\\\/\\\/www.facecorner.lv\\\/shop\\\/acu-krems-ar-traneksamskabi-un-retinolu-dr-melaxin-tx-retinalsome-double-effect-eye-cream-40g\\\/#primaryimage\",\"url\":\"https:\\\/\\\/www.facecorner.lv\\\/wp-content\\\/uploads\\\/2025\\\/09\\\/19.avif\",\"contentUrl\":\"https:\\\/\\\/www.facecorner.lv\\\/wp-content\\\/uploads\\\/2025\\\/09\\\/19.avif\",\"width\":800,\"height\":800,\"caption\":\"Dr.Melaxin TX Retinalsome Double Effect Eye Cream\"},{\"@type\":\"BreadcrumbList\",\"@id\":\"https:\\\/\\\/www.facecorner.lv\\\/shop\\\/acu-krems-ar-traneksamskabi-un-retinolu-dr-melaxin-tx-retinalsome-double-effect-eye-cream-40g\\\/#breadcrumb\",\"itemListElement\":[{\"@type\":\"ListItem\",\"position\":1,\"name\":\"Home\",\"item\":\"https:\\\/\\\/www.facecorner.lv\\\/\"},{\"@type\":\"ListItem\",\"position\":2,\"name\":\"Veikals\",\"item\":\"https:\\\/\\\/www.facecorner.lv\\\/shop\\\/\"},{\"@type\":\"ListItem\",\"position\":3,\"name\":\"Acu kr\u0113ms ar traneksamsk\u0101bi un retinolu Dr.Melaxin TX Retinalsome Double Effect Eye Cream 40g\"}]},{\"@type\":\"WebSite\",\"@id\":\"https:\\\/\\\/www.facecorner.lv\\\/#website\",\"url\":\"https:\\\/\\\/www.facecorner.lv\\\/\",\"name\":\"Facecorner\",\"description\":\"\",\"publisher\":{\"@id\":\"https:\\\/\\\/www.facecorner.lv\\\/#organization\"},\"potentialAction\":[{\"@type\":\"SearchAction\",\"target\":{\"@type\":\"EntryPoint\",\"urlTemplate\":\"https:\\\/\\\/www.facecorner.lv\\\/?s={search_term_string}\"},\"query-input\":{\"@type\":\"PropertyValueSpecification\",\"valueRequired\":true,\"valueName\":\"search_term_string\"}}],\"inLanguage\":\"en-US\"},{\"@type\":\"Organization\",\"@id\":\"https:\\\/\\\/www.facecorner.lv\\\/#organization\",\"name\":\"Facecorner\",\"url\":\"https:\\\/\\\/www.facecorner.lv\\\/\",\"logo\":{\"@type\":\"ImageObject\",\"inLanguage\":\"en-US\",\"@id\":\"https:\\\/\\\/www.facecorner.lv\\\/#\\\/schema\\\/logo\\\/image\\\/\",\"url\":\"https:\\\/\\\/www.facecorner.lv\\\/wp-content\\\/uploads\\\/2024\\\/04\\\/fc-logo.jpg\",\"contentUrl\":\"https:\\\/\\\/www.facecorner.lv\\\/wp-content\\\/uploads\\\/2024\\\/04\\\/fc-logo.jpg\",\"width\":174,\"height\":28,\"caption\":\"Facecorner\"},\"image\":{\"@id\":\"https:\\\/\\\/www.facecorner.lv\\\/#\\\/schema\\\/logo\\\/image\\\/\"},\"sameAs\":[\"https:\\\/\\\/www.facebook.com\\\/profile.php?id=100063824551839\",\"https:\\\/\\\/www.instagram.com\\\/facecorner_shop\\\/\"]}]}<\/script>\n<meta property=\"product:price:amount\" content=\"29.42\" \/>\n<meta property=\"product:price:currency\" content=\"EUR\" \/>\n<meta property=\"og:availability\" content=\"out of stock\" \/>\n<meta property=\"product:availability\" content=\"out of stock\" \/>\n<meta property=\"product:condition\" content=\"new\" \/>\n<!-- \/ Yoast SEO plugin. -->","yoast_head_json":{"title":"Acu kr\u0113ms ar traneksamsk\u0101bi un retinolu Dr.Melaxin TX Retinalsome Double Effect Eye Cream 40g - FACECORNER","description":"Dr.Melaxin TX Retinalsome Double Effect Eye Cream acu kr\u0113ms c\u012bn\u0101s ar grumbu un zos\u0101du veido\u0161anos, uzlabo \u0101das elast\u012bbu un stingr\u012bbu, nov\u0113r\u0161 \u0101das bl\u0101vumu","robots":{"index":"index","follow":"follow","max-snippet":"max-snippet:-1","max-image-preview":"max-image-preview:large","max-video-preview":"max-video-preview:-1"},"canonical":"https:\/\/www.facecorner.lv\/en\/shop\/acu-krems-ar-traneksamskabi-un-retinolu-dr-melaxin-tx-retinalsome-double-effect-eye-cream-40g\/","og_locale":"en_US","og_type":"article","og_title":"Acu kr\u0113ms ar traneksamsk\u0101bi un retinolu Dr.Melaxin TX Retinalsome Double Effect Eye Cream 40g - FACECORNER","og_description":"Dr.Melaxin TX Retinalsome Double Effect Eye Cream acu kr\u0113ms c\u012bn\u0101s ar grumbu un zos\u0101du veido\u0161anos, uzlabo \u0101das elast\u012bbu un stingr\u012bbu, nov\u0113r\u0161 \u0101das bl\u0101vumu","og_url":"https:\/\/www.facecorner.lv\/en\/shop\/acu-krems-ar-traneksamskabi-un-retinolu-dr-melaxin-tx-retinalsome-double-effect-eye-cream-40g\/","og_site_name":"FACECORNER","article_publisher":"https:\/\/www.facebook.com\/profile.php?id=100063824551839","article_modified_time":"2025-12-30T15:42:00+00:00","twitter_card":"summary_large_image","twitter_misc":{"Price":"&euro;29.42","Availability":"Out of stock"},"schema":{"@context":"https:\/\/schema.org","@graph":[{"@type":"WebPage","@id":"https:\/\/www.facecorner.lv\/shop\/acu-krems-ar-traneksamskabi-un-retinolu-dr-melaxin-tx-retinalsome-double-effect-eye-cream-40g\/","url":"https:\/\/www.facecorner.lv\/shop\/acu-krems-ar-traneksamskabi-un-retinolu-dr-melaxin-tx-retinalsome-double-effect-eye-cream-40g\/","name":"Acu kr\u0113ms ar traneksamsk\u0101bi un retinolu Dr.Melaxin TX Retinalsome Double Effect Eye Cream 40g - FACECORNER","isPartOf":{"@id":"https:\/\/www.facecorner.lv\/#website"},"primaryImageOfPage":{"@id":"https:\/\/www.facecorner.lv\/shop\/acu-krems-ar-traneksamskabi-un-retinolu-dr-melaxin-tx-retinalsome-double-effect-eye-cream-40g\/#primaryimage"},"image":{"@id":"https:\/\/www.facecorner.lv\/shop\/acu-krems-ar-traneksamskabi-un-retinolu-dr-melaxin-tx-retinalsome-double-effect-eye-cream-40g\/#primaryimage"},"thumbnailUrl":"https:\/\/www.facecorner.lv\/wp-content\/uploads\/2025\/09\/19.avif","datePublished":"2025-09-16T11:00:43+00:00","dateModified":"2025-12-30T15:42:00+00:00","description":"Dr.Melaxin TX Retinalsome Double Effect Eye Cream acu kr\u0113ms c\u012bn\u0101s ar grumbu un zos\u0101du veido\u0161anos, uzlabo \u0101das elast\u012bbu un stingr\u012bbu, nov\u0113r\u0161 \u0101das bl\u0101vumu","breadcrumb":{"@id":"https:\/\/www.facecorner.lv\/shop\/acu-krems-ar-traneksamskabi-un-retinolu-dr-melaxin-tx-retinalsome-double-effect-eye-cream-40g\/#breadcrumb"},"inLanguage":"en-US","potentialAction":[{"@type":"ReadAction","target":["https:\/\/www.facecorner.lv\/shop\/acu-krems-ar-traneksamskabi-un-retinolu-dr-melaxin-tx-retinalsome-double-effect-eye-cream-40g\/"]}]},{"@type":"ImageObject","inLanguage":"en-US","@id":"https:\/\/www.facecorner.lv\/shop\/acu-krems-ar-traneksamskabi-un-retinolu-dr-melaxin-tx-retinalsome-double-effect-eye-cream-40g\/#primaryimage","url":"https:\/\/www.facecorner.lv\/wp-content\/uploads\/2025\/09\/19.avif","contentUrl":"https:\/\/www.facecorner.lv\/wp-content\/uploads\/2025\/09\/19.avif","width":800,"height":800,"caption":"Dr.Melaxin TX Retinalsome Double Effect Eye Cream"},{"@type":"BreadcrumbList","@id":"https:\/\/www.facecorner.lv\/shop\/acu-krems-ar-traneksamskabi-un-retinolu-dr-melaxin-tx-retinalsome-double-effect-eye-cream-40g\/#breadcrumb","itemListElement":[{"@type":"ListItem","position":1,"name":"Home","item":"https:\/\/www.facecorner.lv\/"},{"@type":"ListItem","position":2,"name":"Veikals","item":"https:\/\/www.facecorner.lv\/shop\/"},{"@type":"ListItem","position":3,"name":"Acu kr\u0113ms ar traneksamsk\u0101bi un retinolu Dr.Melaxin TX Retinalsome Double Effect Eye Cream 40g"}]},{"@type":"WebSite","@id":"https:\/\/www.facecorner.lv\/#website","url":"https:\/\/www.facecorner.lv\/","name":"Facecorner","description":"","publisher":{"@id":"https:\/\/www.facecorner.lv\/#organization"},"potentialAction":[{"@type":"SearchAction","target":{"@type":"EntryPoint","urlTemplate":"https:\/\/www.facecorner.lv\/?s={search_term_string}"},"query-input":{"@type":"PropertyValueSpecification","valueRequired":true,"valueName":"search_term_string"}}],"inLanguage":"en-US"},{"@type":"Organization","@id":"https:\/\/www.facecorner.lv\/#organization","name":"Facecorner","url":"https:\/\/www.facecorner.lv\/","logo":{"@type":"ImageObject","inLanguage":"en-US","@id":"https:\/\/www.facecorner.lv\/#\/schema\/logo\/image\/","url":"https:\/\/www.facecorner.lv\/wp-content\/uploads\/2024\/04\/fc-logo.jpg","contentUrl":"https:\/\/www.facecorner.lv\/wp-content\/uploads\/2024\/04\/fc-logo.jpg","width":174,"height":28,"caption":"Facecorner"},"image":{"@id":"https:\/\/www.facecorner.lv\/#\/schema\/logo\/image\/"},"sameAs":["https:\/\/www.facebook.com\/profile.php?id=100063824551839","https:\/\/www.instagram.com\/facecorner_shop\/"]}]},"product_price_amount":"29.42","product_price_currency":"EUR","og_availability":"out of stock","product_availability":"out of stock","product_condition":"new"},"_links":{"self":[{"href":"https:\/\/www.facecorner.lv\/en\/wp-json\/wp\/v2\/product\/25279","targetHints":{"allow":["GET"]}}],"collection":[{"href":"https:\/\/www.facecorner.lv\/en\/wp-json\/wp\/v2\/product"}],"about":[{"href":"https:\/\/www.facecorner.lv\/en\/wp-json\/wp\/v2\/types\/product"}],"replies":[{"embeddable":true,"href":"https:\/\/www.facecorner.lv\/en\/wp-json\/wp\/v2\/comments?post=25279"}],"wp:featuredmedia":[{"embeddable":true,"href":"https:\/\/www.facecorner.lv\/en\/wp-json\/wp\/v2\/media\/25280"}],"wp:attachment":[{"href":"https:\/\/www.facecorner.lv\/en\/wp-json\/wp\/v2\/media?parent=25279"}],"wp:term":[{"taxonomy":"product_brand","embeddable":true,"href":"https:\/\/www.facecorner.lv\/en\/wp-json\/wp\/v2\/product_brand?post=25279"},{"taxonomy":"product_cat","embeddable":true,"href":"https:\/\/www.facecorner.lv\/en\/wp-json\/wp\/v2\/product_cat?post=25279"},{"taxonomy":"product_tag","embeddable":true,"href":"https:\/\/www.facecorner.lv\/en\/wp-json\/wp\/v2\/product_tag?post=25279"},{"taxonomy":"berocket_brand","embeddable":true,"href":"https:\/\/www.facecorner.lv\/en\/wp-json\/wp\/v2\/berocket_brand?post=25279"}],"curies":[{"name":"wp","href":"https:\/\/api.w.org\/{rel}","templated":true}]}}