{"id":25276,"date":"2025-09-16T13:40:46","date_gmt":"2025-09-16T10:40:46","guid":{"rendered":"https:\/\/www.facecorner.lv\/?post_type=product&#038;p=25276"},"modified":"2026-03-14T17:34:32","modified_gmt":"2026-03-14T14:34:32","slug":"krems-kakla-zonai-dr-melaxin-necksphalt-neck-ecm-barrier-cream-50ml","status":"publish","type":"product","link":"https:\/\/www.facecorner.lv\/en\/shop\/krems-kakla-zonai-dr-melaxin-necksphalt-neck-ecm-barrier-cream-50ml\/","title":{"rendered":"Kr\u0113ms kakla zonai Dr.Melaxin Necksphalt Neck ECM Barrier Cream 50ml"},"content":{"rendered":"<p>Dr.Melaxin Necksphalt Neck ECM Barrier Cream kas izstr\u0101d\u0101ts \u012bpa\u0161i kakla \u0101das kop\u0161anai. \u0160is l\u012bdzeklis ir paredz\u0113ts, lai stiprin\u0101tu, aizsarg\u0101tu un atjaunotu maigo \u0101du \u0161aj\u0101 zon\u0101, pal\u012bdzot c\u012bn\u012bties ar noveco\u0161an\u0101s paz\u012bm\u0113m: \u0101das elast\u012bbas zudumu, grumbu veido\u0161anos un \u0101das tonusa pazemin\u0101\u0161anos.<\/p>\n<p><strong>Galven\u0101s akt\u012bv\u0101s sast\u0101vda\u013cas un to iedarb\u012bba:<\/strong><\/p>\n<ul>\n<li>ECM\u20115 \u2014 patent\u0113ta sast\u0101vda\u013ca, kas veicina \u0101das ekstracelul\u0101r\u0101s matricas atjauno\u0161anos, uzlabo t\u0101s bl\u012bvumu, elast\u012bbu un nostiprina.<\/li>\n<li>Liposomu pept\u012bdu komplekss \u2014 liposom\u0101s iesl\u0113gtie pept\u012bdi pal\u012bdz iek\u013c\u016bt \u0101d\u0101, stimul\u0113 kolag\u0113na un elast\u012bna veido\u0161anos, samazina grumbu veido\u0161anos un uzlabo \u0101das elast\u012bbu.<\/li>\n<li>Niac\u012bnam\u012bds (B3 vitam\u012bns) \u2014 izl\u012bdzina \u0101das toni, stiprina \u0101das barjeru, pal\u012bdz nomierin\u0101t kairin\u0101jumu un palielina \u0101das aizsargsp\u0113jas.<\/li>\n<li>Adenoz\u012bns \u2014 pretnoveco\u0161an\u0101s komponents, pal\u012bdz izl\u012bdzin\u0101t smalk\u0101s l\u012bnijas, veicina \u0101das atjauno\u0161anos.<\/li>\n<\/ul>\n<p><strong>Efekti un priek\u0161roc\u012bbas:<\/strong><\/p>\n<ul>\n<li>Iev\u0113rojama kakla \u0101das elast\u012bbas uzlabo\u0161an\u0101s; saj\u016bta, ka \u0101da ir \u201epacelta\u201d.<\/li>\n<li>\u0100das bl\u012bvuma palielin\u0101\u0161an\u0101s; \u0101da k\u013c\u016bst bl\u012bv\u0101ka, maz\u0101k sagumst.<\/li>\n<li>Smalku grumbu un l\u012bniju izl\u012bdzin\u0101\u0161ana, \u201eVen\u0113ras gredzena\u201d izteikt\u012bbas mazin\u0101\u0161ana un citu vecuma izmai\u0146u mazin\u0101\u0161ana uz kakla<\/li>\n<li>Intens\u012bva mitrin\u0101\u0161ana, baro\u0161ana, \u0101das aizsargbarjeras atjauno\u0161ana.<\/li>\n<\/ul>\n<p><strong>How to use:<\/strong> Uzkl\u0101jiet nelielu daudzumu l\u012bdzek\u013ca uz \u0101das ar maig\u0101m, mas\u0113jo\u0161\u0101m kust\u012bb\u0101m.<\/p>\n<p><strong>Sast\u0101vs:<\/strong> Water, Butylene Glycol, Glycerin, Coco-Caprylate\/Caprate, 1,2-Hexanediol, Niacinamide, Propanediol, Ammonium Acryloyldimethyltaurate\/VP Copolymer, Hydroxyethyl Urea, Hydrogenated Lecithin, Acrylates\/C10-30 Alkyl Acrylate Crosspolymer, Tromethamine, Hydrogenated Olive Oil Unsaponifiables, Fragrance, Hydrogenated Polyisobutene, Coptis Japonica Root Extract, Ethylhexylglycerin, Zea Mays (Corn) Kernel Extract, Adenosine, Disodium EDTA, Gardenia Florida Fruit Extract, Hyaluronic Acid, Hydrolyzed Elastin, Hydrolyzed Hyaluronic Acid, Sodium Hyaluronate, Dextrin, Caprylic\/Capric Triglyceride, Fructan, Glucose, Polyglyceryl-10 Oleate, Anemarrhena Asphodeloides Root Extract, Sodium Ascorbyl Phosphate, Tocopherol, Copper Tripeptide-1, Palmitoyl Pentapeptide-4, Acetyl Hexapeptide-8, Palmitoyl Tripeptide-1, sh-Polypeptide-3, sh-Oligopeptide-1, sh-Oligopeptide-2<\/p>\n<p>&nbsp;<\/p>\n<p>&nbsp;<\/p>","protected":false},"excerpt":{"rendered":"<p>Dr.Melaxin Necksphalt Neck ECM Barrier Cream kas izstr\u0101d\u0101ts \u012bpa\u0161i kakla \u0101das kop\u0161anai. \u0160is l\u012bdzeklis ir paredz\u0113ts, lai stiprin\u0101tu, aizsarg\u0101tu un atjaunotu maigo \u0101du \u0161aj\u0101 zon\u0101, pal\u012bdzot c\u012bn\u012bties ar noveco\u0161an\u0101s paz\u012bm\u0113m: \u0101das elast\u012bbas zudumu, grumbu veido\u0161anos un \u0101das tonusa pazemin\u0101\u0161anos.<\/p>","protected":false},"featured_media":25277,"comment_status":"open","ping_status":"closed","template":"","meta":{"site-sidebar-layout":"default","site-content-layout":"","ast-site-content-layout":"default","site-content-style":"default","site-sidebar-style":"default","ast-global-header-display":"","ast-banner-title-visibility":"","ast-main-header-display":"","ast-hfb-above-header-display":"","ast-hfb-below-header-display":"","ast-hfb-mobile-header-display":"","site-post-title":"","ast-breadcrumbs-content":"","ast-featured-img":"","footer-sml-layout":"","theme-transparent-header-meta":"default","adv-header-id-meta":"","stick-header-meta":"","header-above-stick-meta":"","header-main-stick-meta":"","header-below-stick-meta":"","astra-migrate-meta-layouts":"set","ast-page-background-enabled":"default","ast-page-background-meta":{"desktop":{"background-color":"var(--ast-global-color-4)","background-image":"","background-repeat":"repeat","background-position":"center center","background-size":"auto","background-attachment":"scroll","background-type":"","background-media":"","overlay-type":"","overlay-color":"","overlay-opacity":"","overlay-gradient":""},"tablet":{"background-color":"","background-image":"","background-repeat":"repeat","background-position":"center center","background-size":"auto","background-attachment":"scroll","background-type":"","background-media":"","overlay-type":"","overlay-color":"","overlay-opacity":"","overlay-gradient":""},"mobile":{"background-color":"","background-image":"","background-repeat":"repeat","background-position":"center center","background-size":"auto","background-attachment":"scroll","background-type":"","background-media":"","overlay-type":"","overlay-color":"","overlay-opacity":"","overlay-gradient":""}},"ast-content-background-meta":{"desktop":{"background-color":"var(--ast-global-color-5)","background-image":"","background-repeat":"repeat","background-position":"center center","background-size":"auto","background-attachment":"scroll","background-type":"","background-media":"","overlay-type":"","overlay-color":"","overlay-opacity":"","overlay-gradient":""},"tablet":{"background-color":"var(--ast-global-color-5)","background-image":"","background-repeat":"repeat","background-position":"center center","background-size":"auto","background-attachment":"scroll","background-type":"","background-media":"","overlay-type":"","overlay-color":"","overlay-opacity":"","overlay-gradient":""},"mobile":{"background-color":"var(--ast-global-color-5)","background-image":"","background-repeat":"repeat","background-position":"center center","background-size":"auto","background-attachment":"scroll","background-type":"","background-media":"","overlay-type":"","overlay-color":"","overlay-opacity":"","overlay-gradient":""}}},"product_brand":[],"product_cat":[358,362],"product_tag":[],"berocket_brand":[653],"class_list":{"0":"post-25276","1":"product","2":"type-product","3":"status-publish","4":"has-post-thumbnail","6":"product_cat-kakla-kopsana","7":"product_cat-sejas-krems","8":"berocket_brand-dr-melaxin","9":"desktop-align-left","10":"tablet-align-left","11":"mobile-align-left","13":"first","14":"outofstock","15":"taxable","16":"shipping-taxable","17":"purchasable","18":"product-type-simple","19":"add-to-wishlist-before_image"},"yoast_head":"<!-- This site is optimized with the Yoast SEO plugin v27.4 - https:\/\/yoast.com\/product\/yoast-seo-wordpress\/ -->\n<title>Kr\u0113ms kakla zonai Dr.Melaxin Necksphalt Neck ECM Barrier Cream 50ml - FACECORNER<\/title>\n<meta name=\"description\" content=\"Dr.Melaxin Necksphalt Neck ECM Barrier Cream kas izstr\u0101d\u0101ts \u012bpa\u0161i kakla \u0101das kop\u0161anai. \u0160is l\u012bdzeklis ir paredz\u0113ts, lai stiprin\u0101tu, aizsarg\u0101tu\" \/>\n<meta name=\"robots\" content=\"index, follow, max-snippet:-1, max-image-preview:large, max-video-preview:-1\" \/>\n<link rel=\"canonical\" href=\"https:\/\/www.facecorner.lv\/en\/shop\/krems-kakla-zonai-dr-melaxin-necksphalt-neck-ecm-barrier-cream-50ml\/\" \/>\n<meta property=\"og:locale\" content=\"en_US\" \/>\n<meta property=\"og:type\" content=\"article\" \/>\n<meta property=\"og:title\" content=\"Kr\u0113ms kakla zonai Dr.Melaxin Necksphalt Neck ECM Barrier Cream 50ml - FACECORNER\" \/>\n<meta property=\"og:description\" content=\"Dr.Melaxin Necksphalt Neck ECM Barrier Cream kas izstr\u0101d\u0101ts \u012bpa\u0161i kakla \u0101das kop\u0161anai. \u0160is l\u012bdzeklis ir paredz\u0113ts, lai stiprin\u0101tu, aizsarg\u0101tu\" \/>\n<meta property=\"og:url\" content=\"https:\/\/www.facecorner.lv\/en\/shop\/krems-kakla-zonai-dr-melaxin-necksphalt-neck-ecm-barrier-cream-50ml\/\" \/>\n<meta property=\"og:site_name\" content=\"FACECORNER\" \/>\n<meta property=\"article:publisher\" content=\"https:\/\/www.facebook.com\/profile.php?id=100063824551839\" \/>\n<meta property=\"article:modified_time\" content=\"2026-03-14T14:34:32+00:00\" \/>\n<meta property=\"og:image\" content=\"https:\/\/www.facecorner.lv\/wp-content\/uploads\/2025\/09\/7205723008.jpg\" \/>\n\t<meta property=\"og:image:width\" content=\"1000\" \/>\n\t<meta property=\"og:image:height\" content=\"1000\" \/>\n\t<meta property=\"og:image:type\" content=\"image\/jpeg\" \/>\n<meta name=\"twitter:card\" content=\"summary_large_image\" \/>\n<meta name=\"twitter:label1\" content=\"Price\" \/>\n\t<meta name=\"twitter:data1\" content=\"&euro;21.90\" \/>\n\t<meta name=\"twitter:label2\" content=\"Availability\" \/>\n\t<meta name=\"twitter:data2\" content=\"Out of stock\" \/>\n<script type=\"application\/ld+json\" class=\"yoast-schema-graph\">{\"@context\":\"https:\\\/\\\/schema.org\",\"@graph\":[{\"@type\":\"WebPage\",\"@id\":\"https:\\\/\\\/www.facecorner.lv\\\/shop\\\/krems-kakla-zonai-dr-melaxin-necksphalt-neck-ecm-barrier-cream-50ml\\\/\",\"url\":\"https:\\\/\\\/www.facecorner.lv\\\/shop\\\/krems-kakla-zonai-dr-melaxin-necksphalt-neck-ecm-barrier-cream-50ml\\\/\",\"name\":\"Kr\u0113ms kakla zonai Dr.Melaxin Necksphalt Neck ECM Barrier Cream 50ml - FACECORNER\",\"isPartOf\":{\"@id\":\"https:\\\/\\\/www.facecorner.lv\\\/#website\"},\"primaryImageOfPage\":{\"@id\":\"https:\\\/\\\/www.facecorner.lv\\\/shop\\\/krems-kakla-zonai-dr-melaxin-necksphalt-neck-ecm-barrier-cream-50ml\\\/#primaryimage\"},\"image\":{\"@id\":\"https:\\\/\\\/www.facecorner.lv\\\/shop\\\/krems-kakla-zonai-dr-melaxin-necksphalt-neck-ecm-barrier-cream-50ml\\\/#primaryimage\"},\"thumbnailUrl\":\"https:\\\/\\\/www.facecorner.lv\\\/wp-content\\\/uploads\\\/2025\\\/09\\\/7205723008.jpg\",\"datePublished\":\"2025-09-16T10:40:46+00:00\",\"dateModified\":\"2026-03-14T14:34:32+00:00\",\"description\":\"Dr.Melaxin Necksphalt Neck ECM Barrier Cream kas izstr\u0101d\u0101ts \u012bpa\u0161i kakla \u0101das kop\u0161anai. \u0160is l\u012bdzeklis ir paredz\u0113ts, lai stiprin\u0101tu, aizsarg\u0101tu\",\"breadcrumb\":{\"@id\":\"https:\\\/\\\/www.facecorner.lv\\\/shop\\\/krems-kakla-zonai-dr-melaxin-necksphalt-neck-ecm-barrier-cream-50ml\\\/#breadcrumb\"},\"inLanguage\":\"en-US\",\"potentialAction\":[{\"@type\":\"ReadAction\",\"target\":[\"https:\\\/\\\/www.facecorner.lv\\\/shop\\\/krems-kakla-zonai-dr-melaxin-necksphalt-neck-ecm-barrier-cream-50ml\\\/\"]}]},{\"@type\":\"ImageObject\",\"inLanguage\":\"en-US\",\"@id\":\"https:\\\/\\\/www.facecorner.lv\\\/shop\\\/krems-kakla-zonai-dr-melaxin-necksphalt-neck-ecm-barrier-cream-50ml\\\/#primaryimage\",\"url\":\"https:\\\/\\\/www.facecorner.lv\\\/wp-content\\\/uploads\\\/2025\\\/09\\\/7205723008.jpg\",\"contentUrl\":\"https:\\\/\\\/www.facecorner.lv\\\/wp-content\\\/uploads\\\/2025\\\/09\\\/7205723008.jpg\",\"width\":1000,\"height\":1000,\"caption\":\"Dr.Melaxin Necksphalt Neck ECM Barrier Cream\"},{\"@type\":\"BreadcrumbList\",\"@id\":\"https:\\\/\\\/www.facecorner.lv\\\/shop\\\/krems-kakla-zonai-dr-melaxin-necksphalt-neck-ecm-barrier-cream-50ml\\\/#breadcrumb\",\"itemListElement\":[{\"@type\":\"ListItem\",\"position\":1,\"name\":\"Home\",\"item\":\"https:\\\/\\\/www.facecorner.lv\\\/\"},{\"@type\":\"ListItem\",\"position\":2,\"name\":\"Veikals\",\"item\":\"https:\\\/\\\/www.facecorner.lv\\\/shop\\\/\"},{\"@type\":\"ListItem\",\"position\":3,\"name\":\"Kr\u0113ms kakla zonai Dr.Melaxin Necksphalt Neck ECM Barrier Cream 50ml\"}]},{\"@type\":\"WebSite\",\"@id\":\"https:\\\/\\\/www.facecorner.lv\\\/#website\",\"url\":\"https:\\\/\\\/www.facecorner.lv\\\/\",\"name\":\"Facecorner\",\"description\":\"\",\"publisher\":{\"@id\":\"https:\\\/\\\/www.facecorner.lv\\\/#organization\"},\"potentialAction\":[{\"@type\":\"SearchAction\",\"target\":{\"@type\":\"EntryPoint\",\"urlTemplate\":\"https:\\\/\\\/www.facecorner.lv\\\/?s={search_term_string}\"},\"query-input\":{\"@type\":\"PropertyValueSpecification\",\"valueRequired\":true,\"valueName\":\"search_term_string\"}}],\"inLanguage\":\"en-US\"},{\"@type\":\"Organization\",\"@id\":\"https:\\\/\\\/www.facecorner.lv\\\/#organization\",\"name\":\"Facecorner\",\"url\":\"https:\\\/\\\/www.facecorner.lv\\\/\",\"logo\":{\"@type\":\"ImageObject\",\"inLanguage\":\"en-US\",\"@id\":\"https:\\\/\\\/www.facecorner.lv\\\/#\\\/schema\\\/logo\\\/image\\\/\",\"url\":\"https:\\\/\\\/www.facecorner.lv\\\/wp-content\\\/uploads\\\/2024\\\/04\\\/fc-logo.jpg\",\"contentUrl\":\"https:\\\/\\\/www.facecorner.lv\\\/wp-content\\\/uploads\\\/2024\\\/04\\\/fc-logo.jpg\",\"width\":174,\"height\":28,\"caption\":\"Facecorner\"},\"image\":{\"@id\":\"https:\\\/\\\/www.facecorner.lv\\\/#\\\/schema\\\/logo\\\/image\\\/\"},\"sameAs\":[\"https:\\\/\\\/www.facebook.com\\\/profile.php?id=100063824551839\",\"https:\\\/\\\/www.instagram.com\\\/facecorner_shop\\\/\"]}]}<\/script>\n<meta property=\"product:price:amount\" content=\"21.90\" \/>\n<meta property=\"product:price:currency\" content=\"EUR\" \/>\n<meta property=\"og:availability\" content=\"out of stock\" \/>\n<meta property=\"product:availability\" content=\"out of stock\" \/>\n<meta property=\"product:condition\" content=\"new\" \/>\n<!-- \/ Yoast SEO plugin. -->","yoast_head_json":{"title":"Kr\u0113ms kakla zonai Dr.Melaxin Necksphalt Neck ECM Barrier Cream 50ml - FACECORNER","description":"Dr.Melaxin Necksphalt Neck ECM Barrier Cream kas izstr\u0101d\u0101ts \u012bpa\u0161i kakla \u0101das kop\u0161anai. \u0160is l\u012bdzeklis ir paredz\u0113ts, lai stiprin\u0101tu, aizsarg\u0101tu","robots":{"index":"index","follow":"follow","max-snippet":"max-snippet:-1","max-image-preview":"max-image-preview:large","max-video-preview":"max-video-preview:-1"},"canonical":"https:\/\/www.facecorner.lv\/en\/shop\/krems-kakla-zonai-dr-melaxin-necksphalt-neck-ecm-barrier-cream-50ml\/","og_locale":"en_US","og_type":"article","og_title":"Kr\u0113ms kakla zonai Dr.Melaxin Necksphalt Neck ECM Barrier Cream 50ml - FACECORNER","og_description":"Dr.Melaxin Necksphalt Neck ECM Barrier Cream kas izstr\u0101d\u0101ts \u012bpa\u0161i kakla \u0101das kop\u0161anai. \u0160is l\u012bdzeklis ir paredz\u0113ts, lai stiprin\u0101tu, aizsarg\u0101tu","og_url":"https:\/\/www.facecorner.lv\/en\/shop\/krems-kakla-zonai-dr-melaxin-necksphalt-neck-ecm-barrier-cream-50ml\/","og_site_name":"FACECORNER","article_publisher":"https:\/\/www.facebook.com\/profile.php?id=100063824551839","article_modified_time":"2026-03-14T14:34:32+00:00","og_image":[{"width":1000,"height":1000,"url":"https:\/\/www.facecorner.lv\/wp-content\/uploads\/2025\/09\/7205723008.jpg","type":"image\/jpeg"}],"twitter_card":"summary_large_image","twitter_misc":{"Price":"&euro;21.90","Availability":"Out of stock"},"schema":{"@context":"https:\/\/schema.org","@graph":[{"@type":"WebPage","@id":"https:\/\/www.facecorner.lv\/shop\/krems-kakla-zonai-dr-melaxin-necksphalt-neck-ecm-barrier-cream-50ml\/","url":"https:\/\/www.facecorner.lv\/shop\/krems-kakla-zonai-dr-melaxin-necksphalt-neck-ecm-barrier-cream-50ml\/","name":"Kr\u0113ms kakla zonai Dr.Melaxin Necksphalt Neck ECM Barrier Cream 50ml - FACECORNER","isPartOf":{"@id":"https:\/\/www.facecorner.lv\/#website"},"primaryImageOfPage":{"@id":"https:\/\/www.facecorner.lv\/shop\/krems-kakla-zonai-dr-melaxin-necksphalt-neck-ecm-barrier-cream-50ml\/#primaryimage"},"image":{"@id":"https:\/\/www.facecorner.lv\/shop\/krems-kakla-zonai-dr-melaxin-necksphalt-neck-ecm-barrier-cream-50ml\/#primaryimage"},"thumbnailUrl":"https:\/\/www.facecorner.lv\/wp-content\/uploads\/2025\/09\/7205723008.jpg","datePublished":"2025-09-16T10:40:46+00:00","dateModified":"2026-03-14T14:34:32+00:00","description":"Dr.Melaxin Necksphalt Neck ECM Barrier Cream kas izstr\u0101d\u0101ts \u012bpa\u0161i kakla \u0101das kop\u0161anai. \u0160is l\u012bdzeklis ir paredz\u0113ts, lai stiprin\u0101tu, aizsarg\u0101tu","breadcrumb":{"@id":"https:\/\/www.facecorner.lv\/shop\/krems-kakla-zonai-dr-melaxin-necksphalt-neck-ecm-barrier-cream-50ml\/#breadcrumb"},"inLanguage":"en-US","potentialAction":[{"@type":"ReadAction","target":["https:\/\/www.facecorner.lv\/shop\/krems-kakla-zonai-dr-melaxin-necksphalt-neck-ecm-barrier-cream-50ml\/"]}]},{"@type":"ImageObject","inLanguage":"en-US","@id":"https:\/\/www.facecorner.lv\/shop\/krems-kakla-zonai-dr-melaxin-necksphalt-neck-ecm-barrier-cream-50ml\/#primaryimage","url":"https:\/\/www.facecorner.lv\/wp-content\/uploads\/2025\/09\/7205723008.jpg","contentUrl":"https:\/\/www.facecorner.lv\/wp-content\/uploads\/2025\/09\/7205723008.jpg","width":1000,"height":1000,"caption":"Dr.Melaxin Necksphalt Neck ECM Barrier Cream"},{"@type":"BreadcrumbList","@id":"https:\/\/www.facecorner.lv\/shop\/krems-kakla-zonai-dr-melaxin-necksphalt-neck-ecm-barrier-cream-50ml\/#breadcrumb","itemListElement":[{"@type":"ListItem","position":1,"name":"Home","item":"https:\/\/www.facecorner.lv\/"},{"@type":"ListItem","position":2,"name":"Veikals","item":"https:\/\/www.facecorner.lv\/shop\/"},{"@type":"ListItem","position":3,"name":"Kr\u0113ms kakla zonai Dr.Melaxin Necksphalt Neck ECM Barrier Cream 50ml"}]},{"@type":"WebSite","@id":"https:\/\/www.facecorner.lv\/#website","url":"https:\/\/www.facecorner.lv\/","name":"Facecorner","description":"","publisher":{"@id":"https:\/\/www.facecorner.lv\/#organization"},"potentialAction":[{"@type":"SearchAction","target":{"@type":"EntryPoint","urlTemplate":"https:\/\/www.facecorner.lv\/?s={search_term_string}"},"query-input":{"@type":"PropertyValueSpecification","valueRequired":true,"valueName":"search_term_string"}}],"inLanguage":"en-US"},{"@type":"Organization","@id":"https:\/\/www.facecorner.lv\/#organization","name":"Facecorner","url":"https:\/\/www.facecorner.lv\/","logo":{"@type":"ImageObject","inLanguage":"en-US","@id":"https:\/\/www.facecorner.lv\/#\/schema\/logo\/image\/","url":"https:\/\/www.facecorner.lv\/wp-content\/uploads\/2024\/04\/fc-logo.jpg","contentUrl":"https:\/\/www.facecorner.lv\/wp-content\/uploads\/2024\/04\/fc-logo.jpg","width":174,"height":28,"caption":"Facecorner"},"image":{"@id":"https:\/\/www.facecorner.lv\/#\/schema\/logo\/image\/"},"sameAs":["https:\/\/www.facebook.com\/profile.php?id=100063824551839","https:\/\/www.instagram.com\/facecorner_shop\/"]}]},"product_price_amount":"21.90","product_price_currency":"EUR","og_availability":"out of stock","product_availability":"out of stock","product_condition":"new"},"_links":{"self":[{"href":"https:\/\/www.facecorner.lv\/en\/wp-json\/wp\/v2\/product\/25276","targetHints":{"allow":["GET"]}}],"collection":[{"href":"https:\/\/www.facecorner.lv\/en\/wp-json\/wp\/v2\/product"}],"about":[{"href":"https:\/\/www.facecorner.lv\/en\/wp-json\/wp\/v2\/types\/product"}],"replies":[{"embeddable":true,"href":"https:\/\/www.facecorner.lv\/en\/wp-json\/wp\/v2\/comments?post=25276"}],"wp:featuredmedia":[{"embeddable":true,"href":"https:\/\/www.facecorner.lv\/en\/wp-json\/wp\/v2\/media\/25277"}],"wp:attachment":[{"href":"https:\/\/www.facecorner.lv\/en\/wp-json\/wp\/v2\/media?parent=25276"}],"wp:term":[{"taxonomy":"product_brand","embeddable":true,"href":"https:\/\/www.facecorner.lv\/en\/wp-json\/wp\/v2\/product_brand?post=25276"},{"taxonomy":"product_cat","embeddable":true,"href":"https:\/\/www.facecorner.lv\/en\/wp-json\/wp\/v2\/product_cat?post=25276"},{"taxonomy":"product_tag","embeddable":true,"href":"https:\/\/www.facecorner.lv\/en\/wp-json\/wp\/v2\/product_tag?post=25276"},{"taxonomy":"berocket_brand","embeddable":true,"href":"https:\/\/www.facecorner.lv\/en\/wp-json\/wp\/v2\/berocket_brand?post=25276"}],"curies":[{"name":"wp","href":"https:\/\/api.w.org\/{rel}","templated":true}]}}