{"id":25242,"date":"2025-09-11T13:00:03","date_gmt":"2025-09-11T10:00:03","guid":{"rendered":"https:\/\/www.facecorner.lv\/?post_type=product&#038;p=25242"},"modified":"2026-04-21T16:07:42","modified_gmt":"2026-04-21T13:07:42","slug":"medicube-serums-ar-mikroadatinam-pdrn-un-eksosomam-pret-grumbu-un-pigmentaciju-pdrn-pink-collagen-exosome-shot-7500-30-ml","status":"publish","type":"product","link":"https:\/\/www.facecorner.lv\/en\/shop\/medicube-serums-ar-mikroadatinam-pdrn-un-eksosomam-pret-grumbu-un-pigmentaciju-pdrn-pink-collagen-exosome-shot-7500-30-ml\/","title":{"rendered":"Medicube Serums ar mikroadati\u0146\u0101m, PDRN un eksosom\u0101m pret grumbu un pigment\u0101ciju PDRN Pink Collagen Exosome Shot 2000 30 ml"},"content":{"rendered":"<p>PDRN Pink Collagen Exosome Shot 2000\u00a0 Serums ar mikroadati\u0146\u0101m, PDRN un eksosom\u0101m akt\u012bvi iedarbojas uz pigmentu plankumiem, efekt\u012bvi tos izgaismojot, samazina dzi\u013c\u0101 melan\u012bna daudzumu, nov\u0113r\u0161ot jaunas pigment\u0101cijas par\u0101d\u012b\u0161anos, izl\u012bdzina tonis un mikroreljefa nevienm\u0113r\u012bbas un pie\u0161\u0137ir \u0101dai vesel\u012bgu mirdzumu.<\/p>\n<p>Produkts darbojas k\u0101 sp\u0113c\u012bgs pastiprin\u0101t\u0101js, palielinot akt\u012bvo sast\u0101vda\u013cu uzs\u016bk\u0161an\u0101s \u0101trumu par 475% un stimul\u0113jot kolag\u0113na ra\u017eo\u0161anu par 146% jau 30 min\u016btes p\u0113c lieto\u0161anas, nodro\u0161inot izteiktu anti-age efektu: intens\u012bvu eso\u0161o grumbu izl\u012bdzin\u0101\u0161anu un jaunu grumbu veido\u0161an\u0101s nov\u0113r\u0161anu.<\/p>\n<p>Pateicoties unik\u0101lai mikroadatu spikul\u012b\u0161u, la\u0161u PDRN un 15 miljoniem laktobakt\u0113riju eksosomu, kuru izm\u0113rs ir 25 reizes maz\u0101ks par por\u0101m, akt\u012bv\u0101s sast\u0101vda\u013cas iek\u013c\u016bst l\u012bdz 10. epidermas sl\u0101nim, nodro\u0161inot intens\u012bvu \u0161\u016bnu atjauno\u0161anos, poru sa\u0161aurin\u0101\u0161anos, kolag\u0113na un elast\u012bna ra\u017eo\u0161anas stimul\u0113\u0161anu, k\u0101 ar\u012b \u0101das barjeras stiprin\u0101\u0161anu un atjauno\u0161anu.<\/p>\n<p><strong>Rezult\u0101ts uzreiz p\u0113c 1 lieto\u0161anas reizes:<\/strong><\/p>\n<ul>\n<li>paaugstina mitruma l\u012bmeni l\u012bdz 10 epidermas sl\u0101\u0146iem par 176%<\/li>\n<li>nostiprina \u0101das epidermas barjeru par 11,78%<\/li>\n<li>atjauno dehidr\u0113tas \u0101das apjomu par 16,9%<\/li>\n<li>samazina poru iek\u0161\u0113jo diametru par 2,5% un \u0101r\u0113jo diametru par 1,6%<\/li>\n<li>izl\u012bdzina \u0101das tekst\u016bru poru zon\u0101 par 4,57%<\/li>\n<li>izl\u012bdzina \u0101das toni par 0,4% un uzlabo \u0101das mirdzumu par 24%<\/li>\n<li>uzlabo \u0101das kop\u0113jo izskatu par 47,7%<\/li>\n<li>samazina aps\u0101rtumu par 3,66%<\/li>\n<\/ul>\n<p><strong>How to use:<\/strong> Vakara kop\u0161anas proced\u016bras laik\u0101 uzkl\u0101jiet l\u012bdzekli uz t\u012bras un sausas \u0101das, izvairoties no acu un l\u016bpu zonas. Izl\u012bdziniet to ar viegliem piesk\u0101rieniem, l\u012bdz tas piln\u012bb\u0101 ies\u016bcies.<\/p>\n<p>Ieteicams lietot reizi tr\u012bs dien\u0101s vakara skaistumkop\u0161anas proced\u016br\u0101s.<\/p>\n<p><strong>Sast\u0101vs:<\/strong> Water, Butylene Glycol, Dipropylene Glycol, Glycerin, Niacinamide, Sodium Polyacrylate, 1,2-Hexanediol, Calcium Aluminum Borosilicate, Hydrolyzed Sponge, Caprylyl Glycol, Cetearyl Olivate, Phenyl Trimethicone, Sorbitan Olivate, Glyceryl Acrylate\/Acrylic Acid Copolymer, Ethylhexylglycerin, Adenosine, Disodium EDTA, PVM\/MA Copolymer, Panthenol, Lactobacillus Extracellular Vesicles, Cyanocobalamin, Sodium DNA, Milk Exosomes, Collagen Extract, Macadamia Ternifolia Seed Oil, Caprylic\/Capric Triglyceride, Alcohol, Hydrogenated Lecithin, Polysorbate 20, Retinol, Chondrus Crispus Extract, Cholesterol, Sodium Hyaluronate, Brassica Campestris (Rapeseed) Sterols, Polyglyceryl-10 Laurate, Ceteth-3, Ceteth-5, Tocopheryl Acetate, Hydrolyzed Elastin, Potassium Cetyl Phosphate, Hydroxypropyltrimonium Hyaluronate, Acetyl Tetrapeptide-5, Palmitoyl Pentapeptide-4, Sodium Acetylated Hyaluronate, Hydrolyzed Hyaluronic Acid, Palmitoyl Tripeptide-5, Hyaluronic Acid, Sodium Hyaluronate Crosspolymer, Hydrolyzed Sodium Hyaluronate, Potassium Hyaluronate.<\/p>","protected":false},"excerpt":{"rendered":"<p>PDRN Pink Collagen Exosome Shot 2000\u00a0 Serums ar mikroadati\u0146\u0101m, PDRN un eksosom\u0101m akt\u012bvi iedarbojas uz pigmentu plankumiem, efekt\u012bvi tos izgaismojot, samazina dzi\u013c\u0101 melan\u012bna daudzumu, nov\u0113r\u0161ot jaunas pigment\u0101cijas par\u0101d\u012b\u0161anos, izl\u012bdzina tonis un mikroreljefa nevienm\u0113r\u012bbas un pie\u0161\u0137ir \u0101dai vesel\u012bgu mirdzumu. Produkts darbojas k\u0101 sp\u0113c\u012bgs pastiprin\u0101t\u0101js, palielinot akt\u012bvo sast\u0101vda\u013cu uzs\u016bk\u0161an\u0101s \u0101trumu par 475% un stimul\u0113jot kolag\u0113na ra\u017eo\u0161anu par [&hellip;]<\/p>\n","protected":false},"featured_media":25243,"comment_status":"open","ping_status":"closed","template":"","meta":{"site-sidebar-layout":"default","site-content-layout":"","ast-site-content-layout":"default","site-content-style":"default","site-sidebar-style":"default","ast-global-header-display":"","ast-banner-title-visibility":"","ast-main-header-display":"","ast-hfb-above-header-display":"","ast-hfb-below-header-display":"","ast-hfb-mobile-header-display":"","site-post-title":"","ast-breadcrumbs-content":"","ast-featured-img":"","footer-sml-layout":"","theme-transparent-header-meta":"default","adv-header-id-meta":"","stick-header-meta":"","header-above-stick-meta":"","header-main-stick-meta":"","header-below-stick-meta":"","astra-migrate-meta-layouts":"set","ast-page-background-enabled":"default","ast-page-background-meta":{"desktop":{"background-color":"var(--ast-global-color-4)","background-image":"","background-repeat":"repeat","background-position":"center center","background-size":"auto","background-attachment":"scroll","background-type":"","background-media":"","overlay-type":"","overlay-color":"","overlay-opacity":"","overlay-gradient":""},"tablet":{"background-color":"","background-image":"","background-repeat":"repeat","background-position":"center center","background-size":"auto","background-attachment":"scroll","background-type":"","background-media":"","overlay-type":"","overlay-color":"","overlay-opacity":"","overlay-gradient":""},"mobile":{"background-color":"","background-image":"","background-repeat":"repeat","background-position":"center center","background-size":"auto","background-attachment":"scroll","background-type":"","background-media":"","overlay-type":"","overlay-color":"","overlay-opacity":"","overlay-gradient":""}},"ast-content-background-meta":{"desktop":{"background-color":"var(--ast-global-color-5)","background-image":"","background-repeat":"repeat","background-position":"center center","background-size":"auto","background-attachment":"scroll","background-type":"","background-media":"","overlay-type":"","overlay-color":"","overlay-opacity":"","overlay-gradient":""},"tablet":{"background-color":"var(--ast-global-color-5)","background-image":"","background-repeat":"repeat","background-position":"center center","background-size":"auto","background-attachment":"scroll","background-type":"","background-media":"","overlay-type":"","overlay-color":"","overlay-opacity":"","overlay-gradient":""},"mobile":{"background-color":"var(--ast-global-color-5)","background-image":"","background-repeat":"repeat","background-position":"center center","background-size":"auto","background-attachment":"scroll","background-type":"","background-media":"","overlay-type":"","overlay-color":"","overlay-opacity":"","overlay-gradient":""}}},"product_brand":[],"product_cat":[370,371,652,373,363],"product_tag":[],"berocket_brand":[579],"class_list":{"0":"post-25242","1":"product","2":"type-product","3":"status-publish","4":"has-post-thumbnail","6":"product_cat-adas-mirdzumam","7":"product_cat-anti-age","8":"product_cat-pdrn","9":"product_cat-poras-sasaurinoss","10":"product_cat-serumi","11":"berocket_brand-medicube","12":"desktop-align-left","13":"tablet-align-left","14":"mobile-align-left","16":"first","17":"outofstock","18":"taxable","19":"shipping-taxable","20":"purchasable","21":"product-type-simple","22":"add-to-wishlist-before_image"},"yoast_head":"<!-- This site is optimized with the Yoast SEO plugin v27.4 - https:\/\/yoast.com\/product\/yoast-seo-wordpress\/ -->\n<title>Medicube Serums ar mikroadati\u0146\u0101m, PDRN un eksosom\u0101m pret grumbu un pigment\u0101ciju PDRN Pink Collagen Exosome Shot 2000 30 ml - FACECORNER<\/title>\n<meta name=\"description\" content=\"PDRN Pink Collagen Exosome Shot 2000\u00a0 Serums ar mikroadati\u0146\u0101m, PDRN un eksosom\u0101m akt\u012bvi iedarbojas uz pigmentu plankumiem, efekt\u012bvi tos izgaismojot\" \/>\n<meta name=\"robots\" content=\"index, follow, max-snippet:-1, max-image-preview:large, max-video-preview:-1\" \/>\n<link rel=\"canonical\" href=\"https:\/\/www.facecorner.lv\/en\/shop\/medicube-serums-ar-mikroadatinam-pdrn-un-eksosomam-pret-grumbu-un-pigmentaciju-pdrn-pink-collagen-exosome-shot-7500-30-ml\/\" \/>\n<meta property=\"og:locale\" content=\"en_US\" \/>\n<meta property=\"og:type\" content=\"article\" \/>\n<meta property=\"og:title\" content=\"Medicube Serums ar mikroadati\u0146\u0101m, PDRN un eksosom\u0101m pret grumbu un pigment\u0101ciju PDRN Pink Collagen Exosome Shot 2000 30 ml - FACECORNER\" \/>\n<meta property=\"og:description\" content=\"PDRN Pink Collagen Exosome Shot 2000\u00a0 Serums ar mikroadati\u0146\u0101m, PDRN un eksosom\u0101m akt\u012bvi iedarbojas uz pigmentu plankumiem, efekt\u012bvi tos izgaismojot\" \/>\n<meta property=\"og:url\" content=\"https:\/\/www.facecorner.lv\/en\/shop\/medicube-serums-ar-mikroadatinam-pdrn-un-eksosomam-pret-grumbu-un-pigmentaciju-pdrn-pink-collagen-exosome-shot-7500-30-ml\/\" \/>\n<meta property=\"og:site_name\" content=\"FACECORNER\" \/>\n<meta property=\"article:publisher\" content=\"https:\/\/www.facebook.com\/profile.php?id=100063824551839\" \/>\n<meta property=\"article:modified_time\" content=\"2026-04-21T13:07:42+00:00\" \/>\n<meta property=\"og:image\" content=\"https:\/\/www.facecorner.lv\/wp-content\/uploads\/2025\/09\/71TcitSYXGL._UF10001000_QL80_.jpg\" \/>\n\t<meta property=\"og:image:width\" content=\"1000\" \/>\n\t<meta property=\"og:image:height\" content=\"1000\" \/>\n\t<meta property=\"og:image:type\" content=\"image\/jpeg\" \/>\n<meta name=\"twitter:card\" content=\"summary_large_image\" \/>\n<meta name=\"twitter:label1\" content=\"Price\" \/>\n\t<meta name=\"twitter:data1\" content=\"&euro;39.90\" \/>\n\t<meta name=\"twitter:label2\" content=\"Availability\" \/>\n\t<meta name=\"twitter:data2\" content=\"Out of stock\" \/>\n<script type=\"application\/ld+json\" class=\"yoast-schema-graph\">{\"@context\":\"https:\\\/\\\/schema.org\",\"@graph\":[{\"@type\":\"WebPage\",\"@id\":\"https:\\\/\\\/www.facecorner.lv\\\/shop\\\/medicube-serums-ar-mikroadatinam-pdrn-un-eksosomam-pret-grumbu-un-pigmentaciju-pdrn-pink-collagen-exosome-shot-7500-30-ml\\\/\",\"url\":\"https:\\\/\\\/www.facecorner.lv\\\/shop\\\/medicube-serums-ar-mikroadatinam-pdrn-un-eksosomam-pret-grumbu-un-pigmentaciju-pdrn-pink-collagen-exosome-shot-7500-30-ml\\\/\",\"name\":\"Medicube Serums ar mikroadati\u0146\u0101m, PDRN un eksosom\u0101m pret grumbu un pigment\u0101ciju PDRN Pink Collagen Exosome Shot 2000 30 ml - FACECORNER\",\"isPartOf\":{\"@id\":\"https:\\\/\\\/www.facecorner.lv\\\/#website\"},\"primaryImageOfPage\":{\"@id\":\"https:\\\/\\\/www.facecorner.lv\\\/shop\\\/medicube-serums-ar-mikroadatinam-pdrn-un-eksosomam-pret-grumbu-un-pigmentaciju-pdrn-pink-collagen-exosome-shot-7500-30-ml\\\/#primaryimage\"},\"image\":{\"@id\":\"https:\\\/\\\/www.facecorner.lv\\\/shop\\\/medicube-serums-ar-mikroadatinam-pdrn-un-eksosomam-pret-grumbu-un-pigmentaciju-pdrn-pink-collagen-exosome-shot-7500-30-ml\\\/#primaryimage\"},\"thumbnailUrl\":\"https:\\\/\\\/www.facecorner.lv\\\/wp-content\\\/uploads\\\/2025\\\/09\\\/71TcitSYXGL._UF10001000_QL80_.jpg\",\"datePublished\":\"2025-09-11T10:00:03+00:00\",\"dateModified\":\"2026-04-21T13:07:42+00:00\",\"description\":\"PDRN Pink Collagen Exosome Shot 2000\u00a0 Serums ar mikroadati\u0146\u0101m, PDRN un eksosom\u0101m akt\u012bvi iedarbojas uz pigmentu plankumiem, efekt\u012bvi tos izgaismojot\",\"breadcrumb\":{\"@id\":\"https:\\\/\\\/www.facecorner.lv\\\/shop\\\/medicube-serums-ar-mikroadatinam-pdrn-un-eksosomam-pret-grumbu-un-pigmentaciju-pdrn-pink-collagen-exosome-shot-7500-30-ml\\\/#breadcrumb\"},\"inLanguage\":\"en-US\",\"potentialAction\":[{\"@type\":\"ReadAction\",\"target\":[\"https:\\\/\\\/www.facecorner.lv\\\/shop\\\/medicube-serums-ar-mikroadatinam-pdrn-un-eksosomam-pret-grumbu-un-pigmentaciju-pdrn-pink-collagen-exosome-shot-7500-30-ml\\\/\"]}]},{\"@type\":\"ImageObject\",\"inLanguage\":\"en-US\",\"@id\":\"https:\\\/\\\/www.facecorner.lv\\\/shop\\\/medicube-serums-ar-mikroadatinam-pdrn-un-eksosomam-pret-grumbu-un-pigmentaciju-pdrn-pink-collagen-exosome-shot-7500-30-ml\\\/#primaryimage\",\"url\":\"https:\\\/\\\/www.facecorner.lv\\\/wp-content\\\/uploads\\\/2025\\\/09\\\/71TcitSYXGL._UF10001000_QL80_.jpg\",\"contentUrl\":\"https:\\\/\\\/www.facecorner.lv\\\/wp-content\\\/uploads\\\/2025\\\/09\\\/71TcitSYXGL._UF10001000_QL80_.jpg\",\"width\":1000,\"height\":1000,\"caption\":\"PDRN Pink Collagen Exosome Shot 7500\"},{\"@type\":\"BreadcrumbList\",\"@id\":\"https:\\\/\\\/www.facecorner.lv\\\/shop\\\/medicube-serums-ar-mikroadatinam-pdrn-un-eksosomam-pret-grumbu-un-pigmentaciju-pdrn-pink-collagen-exosome-shot-7500-30-ml\\\/#breadcrumb\",\"itemListElement\":[{\"@type\":\"ListItem\",\"position\":1,\"name\":\"Home\",\"item\":\"https:\\\/\\\/www.facecorner.lv\\\/\"},{\"@type\":\"ListItem\",\"position\":2,\"name\":\"Veikals\",\"item\":\"https:\\\/\\\/www.facecorner.lv\\\/shop\\\/\"},{\"@type\":\"ListItem\",\"position\":3,\"name\":\"Medicube Serums ar mikroadati\u0146\u0101m, PDRN un eksosom\u0101m pret grumbu un pigment\u0101ciju PDRN Pink Collagen Exosome Shot 2000 30 ml\"}]},{\"@type\":\"WebSite\",\"@id\":\"https:\\\/\\\/www.facecorner.lv\\\/#website\",\"url\":\"https:\\\/\\\/www.facecorner.lv\\\/\",\"name\":\"Facecorner\",\"description\":\"\",\"publisher\":{\"@id\":\"https:\\\/\\\/www.facecorner.lv\\\/#organization\"},\"potentialAction\":[{\"@type\":\"SearchAction\",\"target\":{\"@type\":\"EntryPoint\",\"urlTemplate\":\"https:\\\/\\\/www.facecorner.lv\\\/?s={search_term_string}\"},\"query-input\":{\"@type\":\"PropertyValueSpecification\",\"valueRequired\":true,\"valueName\":\"search_term_string\"}}],\"inLanguage\":\"en-US\"},{\"@type\":\"Organization\",\"@id\":\"https:\\\/\\\/www.facecorner.lv\\\/#organization\",\"name\":\"Facecorner\",\"url\":\"https:\\\/\\\/www.facecorner.lv\\\/\",\"logo\":{\"@type\":\"ImageObject\",\"inLanguage\":\"en-US\",\"@id\":\"https:\\\/\\\/www.facecorner.lv\\\/#\\\/schema\\\/logo\\\/image\\\/\",\"url\":\"https:\\\/\\\/www.facecorner.lv\\\/wp-content\\\/uploads\\\/2024\\\/04\\\/fc-logo.jpg\",\"contentUrl\":\"https:\\\/\\\/www.facecorner.lv\\\/wp-content\\\/uploads\\\/2024\\\/04\\\/fc-logo.jpg\",\"width\":174,\"height\":28,\"caption\":\"Facecorner\"},\"image\":{\"@id\":\"https:\\\/\\\/www.facecorner.lv\\\/#\\\/schema\\\/logo\\\/image\\\/\"},\"sameAs\":[\"https:\\\/\\\/www.facebook.com\\\/profile.php?id=100063824551839\",\"https:\\\/\\\/www.instagram.com\\\/facecorner_shop\\\/\"]}]}<\/script>\n<meta property=\"product:price:amount\" content=\"39.90\" \/>\n<meta property=\"product:price:currency\" content=\"EUR\" \/>\n<meta property=\"og:availability\" content=\"out of stock\" \/>\n<meta property=\"product:availability\" content=\"out of stock\" \/>\n<meta property=\"product:condition\" content=\"new\" \/>\n<!-- \/ Yoast SEO plugin. -->","yoast_head_json":{"title":"Medicube Serums ar mikroadati\u0146\u0101m, PDRN un eksosom\u0101m pret grumbu un pigment\u0101ciju PDRN Pink Collagen Exosome Shot 2000 30 ml - FACECORNER","description":"PDRN Pink Collagen Exosome Shot 2000\u00a0 Serums ar mikroadati\u0146\u0101m, PDRN un eksosom\u0101m akt\u012bvi iedarbojas uz pigmentu plankumiem, efekt\u012bvi tos izgaismojot","robots":{"index":"index","follow":"follow","max-snippet":"max-snippet:-1","max-image-preview":"max-image-preview:large","max-video-preview":"max-video-preview:-1"},"canonical":"https:\/\/www.facecorner.lv\/en\/shop\/medicube-serums-ar-mikroadatinam-pdrn-un-eksosomam-pret-grumbu-un-pigmentaciju-pdrn-pink-collagen-exosome-shot-7500-30-ml\/","og_locale":"en_US","og_type":"article","og_title":"Medicube Serums ar mikroadati\u0146\u0101m, PDRN un eksosom\u0101m pret grumbu un pigment\u0101ciju PDRN Pink Collagen Exosome Shot 2000 30 ml - FACECORNER","og_description":"PDRN Pink Collagen Exosome Shot 2000\u00a0 Serums ar mikroadati\u0146\u0101m, PDRN un eksosom\u0101m akt\u012bvi iedarbojas uz pigmentu plankumiem, efekt\u012bvi tos izgaismojot","og_url":"https:\/\/www.facecorner.lv\/en\/shop\/medicube-serums-ar-mikroadatinam-pdrn-un-eksosomam-pret-grumbu-un-pigmentaciju-pdrn-pink-collagen-exosome-shot-7500-30-ml\/","og_site_name":"FACECORNER","article_publisher":"https:\/\/www.facebook.com\/profile.php?id=100063824551839","article_modified_time":"2026-04-21T13:07:42+00:00","og_image":[{"width":1000,"height":1000,"url":"https:\/\/www.facecorner.lv\/wp-content\/uploads\/2025\/09\/71TcitSYXGL._UF10001000_QL80_.jpg","type":"image\/jpeg"}],"twitter_card":"summary_large_image","twitter_misc":{"Price":"&euro;39.90","Availability":"Out of stock"},"schema":{"@context":"https:\/\/schema.org","@graph":[{"@type":"WebPage","@id":"https:\/\/www.facecorner.lv\/shop\/medicube-serums-ar-mikroadatinam-pdrn-un-eksosomam-pret-grumbu-un-pigmentaciju-pdrn-pink-collagen-exosome-shot-7500-30-ml\/","url":"https:\/\/www.facecorner.lv\/shop\/medicube-serums-ar-mikroadatinam-pdrn-un-eksosomam-pret-grumbu-un-pigmentaciju-pdrn-pink-collagen-exosome-shot-7500-30-ml\/","name":"Medicube Serums ar mikroadati\u0146\u0101m, PDRN un eksosom\u0101m pret grumbu un pigment\u0101ciju PDRN Pink Collagen Exosome Shot 2000 30 ml - FACECORNER","isPartOf":{"@id":"https:\/\/www.facecorner.lv\/#website"},"primaryImageOfPage":{"@id":"https:\/\/www.facecorner.lv\/shop\/medicube-serums-ar-mikroadatinam-pdrn-un-eksosomam-pret-grumbu-un-pigmentaciju-pdrn-pink-collagen-exosome-shot-7500-30-ml\/#primaryimage"},"image":{"@id":"https:\/\/www.facecorner.lv\/shop\/medicube-serums-ar-mikroadatinam-pdrn-un-eksosomam-pret-grumbu-un-pigmentaciju-pdrn-pink-collagen-exosome-shot-7500-30-ml\/#primaryimage"},"thumbnailUrl":"https:\/\/www.facecorner.lv\/wp-content\/uploads\/2025\/09\/71TcitSYXGL._UF10001000_QL80_.jpg","datePublished":"2025-09-11T10:00:03+00:00","dateModified":"2026-04-21T13:07:42+00:00","description":"PDRN Pink Collagen Exosome Shot 2000\u00a0 Serums ar mikroadati\u0146\u0101m, PDRN un eksosom\u0101m akt\u012bvi iedarbojas uz pigmentu plankumiem, efekt\u012bvi tos izgaismojot","breadcrumb":{"@id":"https:\/\/www.facecorner.lv\/shop\/medicube-serums-ar-mikroadatinam-pdrn-un-eksosomam-pret-grumbu-un-pigmentaciju-pdrn-pink-collagen-exosome-shot-7500-30-ml\/#breadcrumb"},"inLanguage":"en-US","potentialAction":[{"@type":"ReadAction","target":["https:\/\/www.facecorner.lv\/shop\/medicube-serums-ar-mikroadatinam-pdrn-un-eksosomam-pret-grumbu-un-pigmentaciju-pdrn-pink-collagen-exosome-shot-7500-30-ml\/"]}]},{"@type":"ImageObject","inLanguage":"en-US","@id":"https:\/\/www.facecorner.lv\/shop\/medicube-serums-ar-mikroadatinam-pdrn-un-eksosomam-pret-grumbu-un-pigmentaciju-pdrn-pink-collagen-exosome-shot-7500-30-ml\/#primaryimage","url":"https:\/\/www.facecorner.lv\/wp-content\/uploads\/2025\/09\/71TcitSYXGL._UF10001000_QL80_.jpg","contentUrl":"https:\/\/www.facecorner.lv\/wp-content\/uploads\/2025\/09\/71TcitSYXGL._UF10001000_QL80_.jpg","width":1000,"height":1000,"caption":"PDRN Pink Collagen Exosome Shot 7500"},{"@type":"BreadcrumbList","@id":"https:\/\/www.facecorner.lv\/shop\/medicube-serums-ar-mikroadatinam-pdrn-un-eksosomam-pret-grumbu-un-pigmentaciju-pdrn-pink-collagen-exosome-shot-7500-30-ml\/#breadcrumb","itemListElement":[{"@type":"ListItem","position":1,"name":"Home","item":"https:\/\/www.facecorner.lv\/"},{"@type":"ListItem","position":2,"name":"Veikals","item":"https:\/\/www.facecorner.lv\/shop\/"},{"@type":"ListItem","position":3,"name":"Medicube Serums ar mikroadati\u0146\u0101m, PDRN un eksosom\u0101m pret grumbu un pigment\u0101ciju PDRN Pink Collagen Exosome Shot 2000 30 ml"}]},{"@type":"WebSite","@id":"https:\/\/www.facecorner.lv\/#website","url":"https:\/\/www.facecorner.lv\/","name":"Facecorner","description":"","publisher":{"@id":"https:\/\/www.facecorner.lv\/#organization"},"potentialAction":[{"@type":"SearchAction","target":{"@type":"EntryPoint","urlTemplate":"https:\/\/www.facecorner.lv\/?s={search_term_string}"},"query-input":{"@type":"PropertyValueSpecification","valueRequired":true,"valueName":"search_term_string"}}],"inLanguage":"en-US"},{"@type":"Organization","@id":"https:\/\/www.facecorner.lv\/#organization","name":"Facecorner","url":"https:\/\/www.facecorner.lv\/","logo":{"@type":"ImageObject","inLanguage":"en-US","@id":"https:\/\/www.facecorner.lv\/#\/schema\/logo\/image\/","url":"https:\/\/www.facecorner.lv\/wp-content\/uploads\/2024\/04\/fc-logo.jpg","contentUrl":"https:\/\/www.facecorner.lv\/wp-content\/uploads\/2024\/04\/fc-logo.jpg","width":174,"height":28,"caption":"Facecorner"},"image":{"@id":"https:\/\/www.facecorner.lv\/#\/schema\/logo\/image\/"},"sameAs":["https:\/\/www.facebook.com\/profile.php?id=100063824551839","https:\/\/www.instagram.com\/facecorner_shop\/"]}]},"product_price_amount":"39.90","product_price_currency":"EUR","og_availability":"out of stock","product_availability":"out of stock","product_condition":"new"},"_links":{"self":[{"href":"https:\/\/www.facecorner.lv\/en\/wp-json\/wp\/v2\/product\/25242","targetHints":{"allow":["GET"]}}],"collection":[{"href":"https:\/\/www.facecorner.lv\/en\/wp-json\/wp\/v2\/product"}],"about":[{"href":"https:\/\/www.facecorner.lv\/en\/wp-json\/wp\/v2\/types\/product"}],"replies":[{"embeddable":true,"href":"https:\/\/www.facecorner.lv\/en\/wp-json\/wp\/v2\/comments?post=25242"}],"wp:featuredmedia":[{"embeddable":true,"href":"https:\/\/www.facecorner.lv\/en\/wp-json\/wp\/v2\/media\/25243"}],"wp:attachment":[{"href":"https:\/\/www.facecorner.lv\/en\/wp-json\/wp\/v2\/media?parent=25242"}],"wp:term":[{"taxonomy":"product_brand","embeddable":true,"href":"https:\/\/www.facecorner.lv\/en\/wp-json\/wp\/v2\/product_brand?post=25242"},{"taxonomy":"product_cat","embeddable":true,"href":"https:\/\/www.facecorner.lv\/en\/wp-json\/wp\/v2\/product_cat?post=25242"},{"taxonomy":"product_tag","embeddable":true,"href":"https:\/\/www.facecorner.lv\/en\/wp-json\/wp\/v2\/product_tag?post=25242"},{"taxonomy":"berocket_brand","embeddable":true,"href":"https:\/\/www.facecorner.lv\/en\/wp-json\/wp\/v2\/berocket_brand?post=25242"}],"curies":[{"name":"wp","href":"https:\/\/api.w.org\/{rel}","templated":true}]}}