{"id":25220,"date":"2025-09-10T14:36:19","date_gmt":"2025-09-10T11:36:19","guid":{"rendered":"https:\/\/www.facecorner.lv\/?post_type=product&#038;p=25220"},"modified":"2025-10-06T12:12:04","modified_gmt":"2025-10-06T09:12:04","slug":"sungboon-editor-apple-peel-glow-skin-soothing-wash-off-mask-100g","status":"publish","type":"product","link":"https:\/\/www.facecorner.lv\/en\/shop\/sungboon-editor-apple-peel-glow-skin-soothing-wash-off-mask-100g\/","title":{"rendered":"Sungboon Editor Apple Peel Glow Skin Soothing Wash-Off Mask 100g"},"content":{"rendered":"<p>Sungboon Editor Apple Peel Glow Skin Soothing Wash-Off Mask\u00a0 noskalojama maska ar AHA sk\u0101b\u0113m un \u0101bolu ekstraktu, kas pie\u0161\u0137ir \u0101dai mirdzumu un maigi atjauno to.<\/p>\n<p>Tas maigi no\u0146em atmiru\u0161\u0101s \u0161\u016bnas ar AHA sk\u0101bju (glikolsk\u0101bes, piensk\u0101bes, \u0101bolsk\u0101bes u.c.) pal\u012bdz\u012bbu, izl\u012bdzina \u0101das toni un uzlabo t\u0101s tekst\u016bru.<\/p>\n<p>\u0100bolu ekstrakts, niac\u012bnam\u012bds un nomierino\u0161as sast\u0101vda\u013cas (centella, pantenols, alanto\u012bns) pal\u012bdz atjaunot \u0101du, mitrina to un pie\u0161\u0137ir vesel\u012bgu, svaigu izskatu. Piem\u0113rots pat jut\u012bgai \u0101dai \u2014 bez saspringuma un sausuma saj\u016btas.<\/p>\n<p><strong>Galven\u0101s priek\u0161roc\u012bbas:<\/strong><\/p>\n<ul>\n<li>\u00a0Maiga eksfoliaccija ar AHA sk\u0101bju pal\u012bdz\u012bbu<\/li>\n<li>Nomierino\u0161a un atjaunojo\u0161a iedarb\u012bba<\/li>\n<li>Vesel\u012bga mirdzuma un gluda \u0101da p\u0113c lieto\u0161anas<\/li>\n<li>\u00a0Intens\u012bva mitrin\u0101\u0161ana ar hialuronsk\u0101bi un skval\u0101nu<\/li>\n<li>\u00a0Piem\u0113rots visiem \u0101das tipiem, ieskaitot jut\u012bgu \u0101du<\/li>\n<\/ul>\n<p><strong>How to use: <\/strong>Uzkl\u0101jiet masku uz att\u012br\u012btas \u0101das, izvairoties no acu un l\u016bpu zonas. Atst\u0101jiet uz 10\u201315 min\u016bt\u0113m, p\u0113c tam noskalojiet ar siltu \u016bdeni. Lietojiet 1\u20132 reizes ned\u0113\u013c\u0101, lai saglab\u0101tu vesel\u012bgu \u0101das mirdzumu.<\/p>\n<p><strong>Sast\u0101vs:<\/strong> purified water , glycerin, butylene glycol, polyglycerin\u20113, ethanol, benzyl glycol, arginine, carbomer, rose of Provence flower extract, hibiscus flower extract, citric acid, C\u2081\u2082\u2011\u2081\u2083 pareth\u20119, ethylhexylglycerin, gluconolactone, mandelic acid, pentylene glycol, niacinamide, allantoin, propanediol, cyanocobalamin (\u0432\u0438\u0442\u0430\u043c\u0438\u043d B\u2081\u2082), sodium lactate, evening primrose oil, ginger extract, squalane, peppermint leaf extract, glycolic acid, hydrogenated lecithin, 1,2\u2011hexanediol, reishi mushroom stem extract, dipropylene glycol, hydrolyzed collagen, sucrose, urea, sodium citrate, cetearyl olivate, sorbitan olivate, centella asiatica extract, panthenol, Leuconostoc\/Radish Ferment Filtrate, malic acid, ceramide NP, cetearyl alcohol, tartaric acid, apple extract (500\u202fppb), cholesterol, phytosphingosine, hydrolyzed hyaluronic acid, hydrolyzed sodium hyaluronate, dimethylsilanol hyaluronate, sodium hyaluronate, hyaluronic acid, potassium hyaluronate, sodium hyaluronate crosspolymer, hydroxypropyltrimonium hyaluronate, sodium hyaluronate dimethylsilanol, sodium acetylated hyaluronate, ylang ylang flower oil.<\/p>","protected":false},"excerpt":{"rendered":"<p>Sungboon Editor Apple Peel Glow Skin Soothing Wash-Off Mask\u00a0 noskalojama maska ar AHA sk\u0101b\u0113m un \u0101bolu ekstraktu, kas pie\u0161\u0137ir \u0101dai mirdzumu un maigi atjauno to.<\/p>","protected":false},"featured_media":25221,"comment_status":"open","ping_status":"closed","template":"","meta":{"site-sidebar-layout":"default","site-content-layout":"","ast-site-content-layout":"default","site-content-style":"default","site-sidebar-style":"default","ast-global-header-display":"","ast-banner-title-visibility":"","ast-main-header-display":"","ast-hfb-above-header-display":"","ast-hfb-below-header-display":"","ast-hfb-mobile-header-display":"","site-post-title":"","ast-breadcrumbs-content":"","ast-featured-img":"","footer-sml-layout":"","theme-transparent-header-meta":"default","adv-header-id-meta":"","stick-header-meta":"","header-above-stick-meta":"","header-main-stick-meta":"","header-below-stick-meta":"","astra-migrate-meta-layouts":"set","ast-page-background-enabled":"default","ast-page-background-meta":{"desktop":{"background-color":"var(--ast-global-color-4)","background-image":"","background-repeat":"repeat","background-position":"center center","background-size":"auto","background-attachment":"scroll","background-type":"","background-media":"","overlay-type":"","overlay-color":"","overlay-opacity":"","overlay-gradient":""},"tablet":{"background-color":"","background-image":"","background-repeat":"repeat","background-position":"center center","background-size":"auto","background-attachment":"scroll","background-type":"","background-media":"","overlay-type":"","overlay-color":"","overlay-opacity":"","overlay-gradient":""},"mobile":{"background-color":"","background-image":"","background-repeat":"repeat","background-position":"center center","background-size":"auto","background-attachment":"scroll","background-type":"","background-media":"","overlay-type":"","overlay-color":"","overlay-opacity":"","overlay-gradient":""}},"ast-content-background-meta":{"desktop":{"background-color":"var(--ast-global-color-5)","background-image":"","background-repeat":"repeat","background-position":"center center","background-size":"auto","background-attachment":"scroll","background-type":"","background-media":"","overlay-type":"","overlay-color":"","overlay-opacity":"","overlay-gradient":""},"tablet":{"background-color":"var(--ast-global-color-5)","background-image":"","background-repeat":"repeat","background-position":"center center","background-size":"auto","background-attachment":"scroll","background-type":"","background-media":"","overlay-type":"","overlay-color":"","overlay-opacity":"","overlay-gradient":""},"mobile":{"background-color":"var(--ast-global-color-5)","background-image":"","background-repeat":"repeat","background-position":"center center","background-size":"auto","background-attachment":"scroll","background-type":"","background-media":"","overlay-type":"","overlay-color":"","overlay-opacity":"","overlay-gradient":""}}},"product_brand":[],"product_cat":[316,315,326],"product_tag":[],"berocket_brand":[651],"class_list":{"0":"post-25220","1":"product","2":"type-product","3":"status-publish","4":"has-post-thumbnail","6":"product_cat-attirosas","7":"product_cat-maskas","8":"product_cat-mitrinosas","9":"berocket_brand-sungboon-editor","10":"desktop-align-left","11":"tablet-align-left","12":"mobile-align-left","14":"first","15":"instock","16":"taxable","17":"shipping-taxable","18":"purchasable","19":"product-type-simple","20":"add-to-wishlist-before_image"},"yoast_head":"<!-- This site is optimized with the Yoast SEO plugin v27.4 - https:\/\/yoast.com\/product\/yoast-seo-wordpress\/ -->\n<title>Sungboon Editor Apple Peel Glow Skin Soothing Wash-Off Mask 100g - FACECORNER<\/title>\n<meta name=\"description\" content=\"Sungboon Editor Apple Peel Glow Skin Soothing Wash-Off Mask\u00a0 noskalojama maska ar AHA sk\u0101b\u0113m un \u0101bolu ekstraktu, kas pie\u0161\u0137ir \u0101dai mirdzumu\" \/>\n<meta name=\"robots\" content=\"index, follow, max-snippet:-1, max-image-preview:large, max-video-preview:-1\" \/>\n<link rel=\"canonical\" href=\"https:\/\/www.facecorner.lv\/en\/shop\/sungboon-editor-apple-peel-glow-skin-soothing-wash-off-mask-100g\/\" \/>\n<meta property=\"og:locale\" content=\"en_US\" \/>\n<meta property=\"og:type\" content=\"article\" \/>\n<meta property=\"og:title\" content=\"Sungboon Editor Apple Peel Glow Skin Soothing Wash-Off Mask 100g - FACECORNER\" \/>\n<meta property=\"og:description\" content=\"Sungboon Editor Apple Peel Glow Skin Soothing Wash-Off Mask\u00a0 noskalojama maska ar AHA sk\u0101b\u0113m un \u0101bolu ekstraktu, kas pie\u0161\u0137ir \u0101dai mirdzumu\" \/>\n<meta property=\"og:url\" content=\"https:\/\/www.facecorner.lv\/en\/shop\/sungboon-editor-apple-peel-glow-skin-soothing-wash-off-mask-100g\/\" \/>\n<meta property=\"og:site_name\" content=\"FACECORNER\" \/>\n<meta property=\"article:publisher\" content=\"https:\/\/www.facebook.com\/profile.php?id=100063824551839\" \/>\n<meta property=\"article:modified_time\" content=\"2025-10-06T09:12:04+00:00\" \/>\n<meta property=\"og:image\" content=\"https:\/\/www.facecorner.lv\/wp-content\/uploads\/2025\/09\/1_ec8d6201-f50a-4b06-b1ba-a68e598f58f5.webp\" \/>\n\t<meta property=\"og:image:width\" content=\"1024\" \/>\n\t<meta property=\"og:image:height\" content=\"1024\" \/>\n\t<meta property=\"og:image:type\" content=\"image\/webp\" \/>\n<meta name=\"twitter:card\" content=\"summary_large_image\" \/>\n<meta name=\"twitter:label1\" content=\"Price\" \/>\n\t<meta name=\"twitter:data1\" content=\"&euro;21.00\" \/>\n\t<meta name=\"twitter:label2\" content=\"Availability\" \/>\n\t<meta name=\"twitter:data2\" content=\"In stock\" \/>\n<script type=\"application\/ld+json\" class=\"yoast-schema-graph\">{\"@context\":\"https:\\\/\\\/schema.org\",\"@graph\":[{\"@type\":\"WebPage\",\"@id\":\"https:\\\/\\\/www.facecorner.lv\\\/shop\\\/sungboon-editor-apple-peel-glow-skin-soothing-wash-off-mask-100g\\\/\",\"url\":\"https:\\\/\\\/www.facecorner.lv\\\/shop\\\/sungboon-editor-apple-peel-glow-skin-soothing-wash-off-mask-100g\\\/\",\"name\":\"Sungboon Editor Apple Peel Glow Skin Soothing Wash-Off Mask 100g - FACECORNER\",\"isPartOf\":{\"@id\":\"https:\\\/\\\/www.facecorner.lv\\\/#website\"},\"primaryImageOfPage\":{\"@id\":\"https:\\\/\\\/www.facecorner.lv\\\/shop\\\/sungboon-editor-apple-peel-glow-skin-soothing-wash-off-mask-100g\\\/#primaryimage\"},\"image\":{\"@id\":\"https:\\\/\\\/www.facecorner.lv\\\/shop\\\/sungboon-editor-apple-peel-glow-skin-soothing-wash-off-mask-100g\\\/#primaryimage\"},\"thumbnailUrl\":\"https:\\\/\\\/www.facecorner.lv\\\/wp-content\\\/uploads\\\/2025\\\/09\\\/1_ec8d6201-f50a-4b06-b1ba-a68e598f58f5.webp\",\"datePublished\":\"2025-09-10T11:36:19+00:00\",\"dateModified\":\"2025-10-06T09:12:04+00:00\",\"description\":\"Sungboon Editor Apple Peel Glow Skin Soothing Wash-Off Mask\u00a0 noskalojama maska ar AHA sk\u0101b\u0113m un \u0101bolu ekstraktu, kas pie\u0161\u0137ir \u0101dai mirdzumu\",\"breadcrumb\":{\"@id\":\"https:\\\/\\\/www.facecorner.lv\\\/shop\\\/sungboon-editor-apple-peel-glow-skin-soothing-wash-off-mask-100g\\\/#breadcrumb\"},\"inLanguage\":\"en-US\",\"potentialAction\":[{\"@type\":\"ReadAction\",\"target\":[\"https:\\\/\\\/www.facecorner.lv\\\/shop\\\/sungboon-editor-apple-peel-glow-skin-soothing-wash-off-mask-100g\\\/\"]}]},{\"@type\":\"ImageObject\",\"inLanguage\":\"en-US\",\"@id\":\"https:\\\/\\\/www.facecorner.lv\\\/shop\\\/sungboon-editor-apple-peel-glow-skin-soothing-wash-off-mask-100g\\\/#primaryimage\",\"url\":\"https:\\\/\\\/www.facecorner.lv\\\/wp-content\\\/uploads\\\/2025\\\/09\\\/1_ec8d6201-f50a-4b06-b1ba-a68e598f58f5.webp\",\"contentUrl\":\"https:\\\/\\\/www.facecorner.lv\\\/wp-content\\\/uploads\\\/2025\\\/09\\\/1_ec8d6201-f50a-4b06-b1ba-a68e598f58f5.webp\",\"width\":1024,\"height\":1024,\"caption\":\"Sungboon Editor Apple Peel Glow Skin Soothing Wash-Off Mask\"},{\"@type\":\"BreadcrumbList\",\"@id\":\"https:\\\/\\\/www.facecorner.lv\\\/shop\\\/sungboon-editor-apple-peel-glow-skin-soothing-wash-off-mask-100g\\\/#breadcrumb\",\"itemListElement\":[{\"@type\":\"ListItem\",\"position\":1,\"name\":\"Home\",\"item\":\"https:\\\/\\\/www.facecorner.lv\\\/\"},{\"@type\":\"ListItem\",\"position\":2,\"name\":\"Veikals\",\"item\":\"https:\\\/\\\/www.facecorner.lv\\\/shop\\\/\"},{\"@type\":\"ListItem\",\"position\":3,\"name\":\"Sungboon Editor Apple Peel Glow Skin Soothing Wash-Off Mask 100g\"}]},{\"@type\":\"WebSite\",\"@id\":\"https:\\\/\\\/www.facecorner.lv\\\/#website\",\"url\":\"https:\\\/\\\/www.facecorner.lv\\\/\",\"name\":\"Facecorner\",\"description\":\"\",\"publisher\":{\"@id\":\"https:\\\/\\\/www.facecorner.lv\\\/#organization\"},\"potentialAction\":[{\"@type\":\"SearchAction\",\"target\":{\"@type\":\"EntryPoint\",\"urlTemplate\":\"https:\\\/\\\/www.facecorner.lv\\\/?s={search_term_string}\"},\"query-input\":{\"@type\":\"PropertyValueSpecification\",\"valueRequired\":true,\"valueName\":\"search_term_string\"}}],\"inLanguage\":\"en-US\"},{\"@type\":\"Organization\",\"@id\":\"https:\\\/\\\/www.facecorner.lv\\\/#organization\",\"name\":\"Facecorner\",\"url\":\"https:\\\/\\\/www.facecorner.lv\\\/\",\"logo\":{\"@type\":\"ImageObject\",\"inLanguage\":\"en-US\",\"@id\":\"https:\\\/\\\/www.facecorner.lv\\\/#\\\/schema\\\/logo\\\/image\\\/\",\"url\":\"https:\\\/\\\/www.facecorner.lv\\\/wp-content\\\/uploads\\\/2024\\\/04\\\/fc-logo.jpg\",\"contentUrl\":\"https:\\\/\\\/www.facecorner.lv\\\/wp-content\\\/uploads\\\/2024\\\/04\\\/fc-logo.jpg\",\"width\":174,\"height\":28,\"caption\":\"Facecorner\"},\"image\":{\"@id\":\"https:\\\/\\\/www.facecorner.lv\\\/#\\\/schema\\\/logo\\\/image\\\/\"},\"sameAs\":[\"https:\\\/\\\/www.facebook.com\\\/profile.php?id=100063824551839\",\"https:\\\/\\\/www.instagram.com\\\/facecorner_shop\\\/\"]}]}<\/script>\n<meta property=\"product:price:amount\" content=\"21.00\" \/>\n<meta property=\"product:price:currency\" content=\"EUR\" \/>\n<meta property=\"og:availability\" content=\"instock\" \/>\n<meta property=\"product:availability\" content=\"instock\" \/>\n<meta property=\"product:condition\" content=\"new\" \/>\n<!-- \/ Yoast SEO plugin. -->","yoast_head_json":{"title":"Sungboon Editor Apple Peel Glow Skin Soothing Wash-Off Mask 100g - FACECORNER","description":"Sungboon Editor Apple Peel Glow Skin Soothing Wash-Off Mask\u00a0 noskalojama maska ar AHA sk\u0101b\u0113m un \u0101bolu ekstraktu, kas pie\u0161\u0137ir \u0101dai mirdzumu","robots":{"index":"index","follow":"follow","max-snippet":"max-snippet:-1","max-image-preview":"max-image-preview:large","max-video-preview":"max-video-preview:-1"},"canonical":"https:\/\/www.facecorner.lv\/en\/shop\/sungboon-editor-apple-peel-glow-skin-soothing-wash-off-mask-100g\/","og_locale":"en_US","og_type":"article","og_title":"Sungboon Editor Apple Peel Glow Skin Soothing Wash-Off Mask 100g - FACECORNER","og_description":"Sungboon Editor Apple Peel Glow Skin Soothing Wash-Off Mask\u00a0 noskalojama maska ar AHA sk\u0101b\u0113m un \u0101bolu ekstraktu, kas pie\u0161\u0137ir \u0101dai mirdzumu","og_url":"https:\/\/www.facecorner.lv\/en\/shop\/sungboon-editor-apple-peel-glow-skin-soothing-wash-off-mask-100g\/","og_site_name":"FACECORNER","article_publisher":"https:\/\/www.facebook.com\/profile.php?id=100063824551839","article_modified_time":"2025-10-06T09:12:04+00:00","og_image":[{"width":1024,"height":1024,"url":"https:\/\/www.facecorner.lv\/wp-content\/uploads\/2025\/09\/1_ec8d6201-f50a-4b06-b1ba-a68e598f58f5.webp","type":"image\/webp"}],"twitter_card":"summary_large_image","twitter_misc":{"Price":"&euro;21.00","Availability":"In stock"},"schema":{"@context":"https:\/\/schema.org","@graph":[{"@type":"WebPage","@id":"https:\/\/www.facecorner.lv\/shop\/sungboon-editor-apple-peel-glow-skin-soothing-wash-off-mask-100g\/","url":"https:\/\/www.facecorner.lv\/shop\/sungboon-editor-apple-peel-glow-skin-soothing-wash-off-mask-100g\/","name":"Sungboon Editor Apple Peel Glow Skin Soothing Wash-Off Mask 100g - FACECORNER","isPartOf":{"@id":"https:\/\/www.facecorner.lv\/#website"},"primaryImageOfPage":{"@id":"https:\/\/www.facecorner.lv\/shop\/sungboon-editor-apple-peel-glow-skin-soothing-wash-off-mask-100g\/#primaryimage"},"image":{"@id":"https:\/\/www.facecorner.lv\/shop\/sungboon-editor-apple-peel-glow-skin-soothing-wash-off-mask-100g\/#primaryimage"},"thumbnailUrl":"https:\/\/www.facecorner.lv\/wp-content\/uploads\/2025\/09\/1_ec8d6201-f50a-4b06-b1ba-a68e598f58f5.webp","datePublished":"2025-09-10T11:36:19+00:00","dateModified":"2025-10-06T09:12:04+00:00","description":"Sungboon Editor Apple Peel Glow Skin Soothing Wash-Off Mask\u00a0 noskalojama maska ar AHA sk\u0101b\u0113m un \u0101bolu ekstraktu, kas pie\u0161\u0137ir \u0101dai mirdzumu","breadcrumb":{"@id":"https:\/\/www.facecorner.lv\/shop\/sungboon-editor-apple-peel-glow-skin-soothing-wash-off-mask-100g\/#breadcrumb"},"inLanguage":"en-US","potentialAction":[{"@type":"ReadAction","target":["https:\/\/www.facecorner.lv\/shop\/sungboon-editor-apple-peel-glow-skin-soothing-wash-off-mask-100g\/"]}]},{"@type":"ImageObject","inLanguage":"en-US","@id":"https:\/\/www.facecorner.lv\/shop\/sungboon-editor-apple-peel-glow-skin-soothing-wash-off-mask-100g\/#primaryimage","url":"https:\/\/www.facecorner.lv\/wp-content\/uploads\/2025\/09\/1_ec8d6201-f50a-4b06-b1ba-a68e598f58f5.webp","contentUrl":"https:\/\/www.facecorner.lv\/wp-content\/uploads\/2025\/09\/1_ec8d6201-f50a-4b06-b1ba-a68e598f58f5.webp","width":1024,"height":1024,"caption":"Sungboon Editor Apple Peel Glow Skin Soothing Wash-Off Mask"},{"@type":"BreadcrumbList","@id":"https:\/\/www.facecorner.lv\/shop\/sungboon-editor-apple-peel-glow-skin-soothing-wash-off-mask-100g\/#breadcrumb","itemListElement":[{"@type":"ListItem","position":1,"name":"Home","item":"https:\/\/www.facecorner.lv\/"},{"@type":"ListItem","position":2,"name":"Veikals","item":"https:\/\/www.facecorner.lv\/shop\/"},{"@type":"ListItem","position":3,"name":"Sungboon Editor Apple Peel Glow Skin Soothing Wash-Off Mask 100g"}]},{"@type":"WebSite","@id":"https:\/\/www.facecorner.lv\/#website","url":"https:\/\/www.facecorner.lv\/","name":"Facecorner","description":"","publisher":{"@id":"https:\/\/www.facecorner.lv\/#organization"},"potentialAction":[{"@type":"SearchAction","target":{"@type":"EntryPoint","urlTemplate":"https:\/\/www.facecorner.lv\/?s={search_term_string}"},"query-input":{"@type":"PropertyValueSpecification","valueRequired":true,"valueName":"search_term_string"}}],"inLanguage":"en-US"},{"@type":"Organization","@id":"https:\/\/www.facecorner.lv\/#organization","name":"Facecorner","url":"https:\/\/www.facecorner.lv\/","logo":{"@type":"ImageObject","inLanguage":"en-US","@id":"https:\/\/www.facecorner.lv\/#\/schema\/logo\/image\/","url":"https:\/\/www.facecorner.lv\/wp-content\/uploads\/2024\/04\/fc-logo.jpg","contentUrl":"https:\/\/www.facecorner.lv\/wp-content\/uploads\/2024\/04\/fc-logo.jpg","width":174,"height":28,"caption":"Facecorner"},"image":{"@id":"https:\/\/www.facecorner.lv\/#\/schema\/logo\/image\/"},"sameAs":["https:\/\/www.facebook.com\/profile.php?id=100063824551839","https:\/\/www.instagram.com\/facecorner_shop\/"]}]},"product_price_amount":"21.00","product_price_currency":"EUR","og_availability":"instock","product_availability":"instock","product_condition":"new"},"_links":{"self":[{"href":"https:\/\/www.facecorner.lv\/en\/wp-json\/wp\/v2\/product\/25220","targetHints":{"allow":["GET"]}}],"collection":[{"href":"https:\/\/www.facecorner.lv\/en\/wp-json\/wp\/v2\/product"}],"about":[{"href":"https:\/\/www.facecorner.lv\/en\/wp-json\/wp\/v2\/types\/product"}],"replies":[{"embeddable":true,"href":"https:\/\/www.facecorner.lv\/en\/wp-json\/wp\/v2\/comments?post=25220"}],"wp:featuredmedia":[{"embeddable":true,"href":"https:\/\/www.facecorner.lv\/en\/wp-json\/wp\/v2\/media\/25221"}],"wp:attachment":[{"href":"https:\/\/www.facecorner.lv\/en\/wp-json\/wp\/v2\/media?parent=25220"}],"wp:term":[{"taxonomy":"product_brand","embeddable":true,"href":"https:\/\/www.facecorner.lv\/en\/wp-json\/wp\/v2\/product_brand?post=25220"},{"taxonomy":"product_cat","embeddable":true,"href":"https:\/\/www.facecorner.lv\/en\/wp-json\/wp\/v2\/product_cat?post=25220"},{"taxonomy":"product_tag","embeddable":true,"href":"https:\/\/www.facecorner.lv\/en\/wp-json\/wp\/v2\/product_tag?post=25220"},{"taxonomy":"berocket_brand","embeddable":true,"href":"https:\/\/www.facecorner.lv\/en\/wp-json\/wp\/v2\/berocket_brand?post=25220"}],"curies":[{"name":"wp","href":"https:\/\/api.w.org\/{rel}","templated":true}]}}