{"id":25216,"date":"2025-09-10T14:25:03","date_gmt":"2025-09-10T11:25:03","guid":{"rendered":"https:\/\/www.facecorner.lv\/?post_type=product&#038;p=25216"},"modified":"2026-01-21T14:45:00","modified_gmt":"2026-01-21T11:45:00","slug":"sungboon-editor-green-tomato-pore-purifying-wash-off-mask-100g","status":"publish","type":"product","link":"https:\/\/www.facecorner.lv\/en\/shop\/sungboon-editor-green-tomato-pore-purifying-wash-off-mask-100g\/","title":{"rendered":"SUNGBOON EDITOR Green Tomato Pore Purifying Wash Off Mask  100g"},"content":{"rendered":"<p>SUNGBOON EDITOR Green Tomato Pore Purifying Wash Off Mask att\u012bro\u0161a nomazg\u0101jama maska ar za\u013cajiem tom\u0101tiem poru sa\u0161aurin\u0101\u0161anai un mat\u0113\u0161anai.<\/p>\n<p>\u0160\u012b nomazg\u0101jam\u0101 maska ar za\u013co tom\u0101tu ekstraktu efekt\u012bvi att\u012bra poras, no\u0146em lieko sebumu un izvada net\u012brumus, neiz\u017e\u016bdinot \u0101du.<\/p>\n<p>Formula ar m\u0101lu un augu ekstraktiem darbojas k\u0101 maigs detoksikators, padarot \u0101du redzami t\u012br\u0101ku, svaig\u0101ku un mat\u0113t\u0101ku jau p\u0113c pirm\u0101s lieto\u0161anas reizes.<\/p>\n<p><strong>Produkta priek\u0161roc\u012bbas:<\/strong><\/p>\n<ul>\n<li>Za\u013co tom\u0101tu ekstrakts \u2013 kontrol\u0113 sebuma izdal\u012b\u0161anos un sa\u0161aurina poras.<\/li>\n<li>Dabas sast\u0101vda\u013cas \u2013 bez agres\u012bv\u0101m sk\u0101b\u0113m un spirta.<\/li>\n<li>\u00a0Dzi\u013ca att\u012br\u012b\u0161ana + kop\u0161ana bez saspringuma saj\u016btas.<\/li>\n<li>\u00a0Uzreiz atsvaidzina un uzlabo \u0101das toni<\/li>\n<li>\u00a0Piem\u0113rots taukainai, jaukta tipa un problem\u0101tiskai \u0101dai<\/li>\n<\/ul>\n<p data-start=\"948\" data-end=\"1137\"><strong>How to use:\nAfter cleansing and toning, place the mask sheet on your face and let it rest for 30 minutes. <\/strong>Uzkl\u0101jiet masku uz t\u012bras, sausas \u0101das, izvairoties no acu un l\u016bpu zonas. Atst\u0101jiet uz 10\u201315 min\u016bt\u0113m, p\u0113c tam r\u016bp\u012bgi noskalojiet ar siltu \u016bdeni. Lietojiet 1\u20132 reizes ned\u0113\u013c\u0101.<\/p>\n<p data-start=\"948\" data-end=\"1137\"><strong>Sast\u0101vs:<\/strong> Purified water, kaolin, bentonite, methylpropanediol, glycerin, dipropylene glycol, polyglyceryl-3 methyl glucosedistearate, silica, cetearyl alcohol, green tea powder, 1,2-hexanediol, hydroxyacetophenone, caprylic\/capric<br \/>\ntriglyceride, palmitic acid, stearic acid, citric acid, ammonium acryloyldimethyl taurate\/VP copolymer, hydrolyzed<br \/>\nsponge, disodium EDTA, trehalose, tocopherol, panthenol, niacinamide, butylene lycol, centella asiatica extract, sodium<br \/>\ncitrate, propanediol, sodium hyaluronate crosspolymer, hydrolyzed glycosaminoglycan, sodium hyaluronate, Tomato extract(1,000 ppb), Benzyl Glycol, Elm Root Extract, Kudzu Root Extract, Pine Leaf Extract, Evening Primrose Flower Extract,Hydrolyzed Hyaluronic Acid, Ethylhexylglycerin, Hyaluronic Acid, Raspberry Ketone, Madecassoside, Madecassic Acid,Asiaticoside, Asiatic Acid.<\/p>","protected":false},"excerpt":{"rendered":"<p>SUNGBOON EDITOR Green Tomato Pore Purifying Wash Off Mask att\u012bro\u0161a nomazg\u0101jama maska ar za\u013cajiem tom\u0101tiem poru sa\u0161aurin\u0101\u0161anai un mat\u0113\u0161anai. \u0160\u012b nomazg\u0101jam\u0101 maska ar za\u013co tom\u0101tu ekstraktu efekt\u012bvi att\u012bra poras, no\u0146em lieko sebumu un izvada net\u012brumus, neiz\u017e\u016bdinot \u0101du. Formula ar m\u0101lu un augu ekstraktiem darbojas k\u0101 maigs detoksikators, padarot \u0101du redzami t\u012br\u0101ku, svaig\u0101ku un mat\u0113t\u0101ku jau [&hellip;]<\/p>\n","protected":false},"featured_media":25217,"comment_status":"open","ping_status":"closed","template":"","meta":{"site-sidebar-layout":"default","site-content-layout":"","ast-site-content-layout":"default","site-content-style":"default","site-sidebar-style":"default","ast-global-header-display":"","ast-banner-title-visibility":"","ast-main-header-display":"","ast-hfb-above-header-display":"","ast-hfb-below-header-display":"","ast-hfb-mobile-header-display":"","site-post-title":"","ast-breadcrumbs-content":"","ast-featured-img":"","footer-sml-layout":"","theme-transparent-header-meta":"default","adv-header-id-meta":"","stick-header-meta":"","header-above-stick-meta":"","header-main-stick-meta":"","header-below-stick-meta":"","astra-migrate-meta-layouts":"set","ast-page-background-enabled":"default","ast-page-background-meta":{"desktop":{"background-color":"var(--ast-global-color-4)","background-image":"","background-repeat":"repeat","background-position":"center center","background-size":"auto","background-attachment":"scroll","background-type":"","background-media":"","overlay-type":"","overlay-color":"","overlay-opacity":"","overlay-gradient":""},"tablet":{"background-color":"","background-image":"","background-repeat":"repeat","background-position":"center center","background-size":"auto","background-attachment":"scroll","background-type":"","background-media":"","overlay-type":"","overlay-color":"","overlay-opacity":"","overlay-gradient":""},"mobile":{"background-color":"","background-image":"","background-repeat":"repeat","background-position":"center center","background-size":"auto","background-attachment":"scroll","background-type":"","background-media":"","overlay-type":"","overlay-color":"","overlay-opacity":"","overlay-gradient":""}},"ast-content-background-meta":{"desktop":{"background-color":"var(--ast-global-color-5)","background-image":"","background-repeat":"repeat","background-position":"center center","background-size":"auto","background-attachment":"scroll","background-type":"","background-media":"","overlay-type":"","overlay-color":"","overlay-opacity":"","overlay-gradient":""},"tablet":{"background-color":"var(--ast-global-color-5)","background-image":"","background-repeat":"repeat","background-position":"center center","background-size":"auto","background-attachment":"scroll","background-type":"","background-media":"","overlay-type":"","overlay-color":"","overlay-opacity":"","overlay-gradient":""},"mobile":{"background-color":"var(--ast-global-color-5)","background-image":"","background-repeat":"repeat","background-position":"center center","background-size":"auto","background-attachment":"scroll","background-type":"","background-media":"","overlay-type":"","overlay-color":"","overlay-opacity":"","overlay-gradient":""}}},"product_brand":[],"product_cat":[316,315],"product_tag":[],"berocket_brand":[651],"class_list":{"0":"post-25216","1":"product","2":"type-product","3":"status-publish","4":"has-post-thumbnail","6":"product_cat-attirosas","7":"product_cat-maskas","8":"berocket_brand-sungboon-editor","9":"desktop-align-left","10":"tablet-align-left","11":"mobile-align-left","13":"first","14":"instock","15":"taxable","16":"shipping-taxable","17":"purchasable","18":"product-type-simple","19":"add-to-wishlist-before_image"},"yoast_head":"<!-- This site is optimized with the Yoast SEO plugin v27.4 - https:\/\/yoast.com\/product\/yoast-seo-wordpress\/ -->\n<title>SUNGBOON EDITOR Green Tomato Pore Purifying Wash Off Mask 100g - FACECORNER<\/title>\n<meta name=\"description\" content=\"SUNGBOON EDITOR Green Tomato Pore Purifying Wash Off Mask att\u012bro\u0161a nomazg\u0101jama maska ar za\u013cajiem tom\u0101tiem poru sa\u0161aurin\u0101\u0161anai un mat\u0113\u0161anai.\" \/>\n<meta name=\"robots\" content=\"index, follow, max-snippet:-1, max-image-preview:large, max-video-preview:-1\" \/>\n<link rel=\"canonical\" href=\"https:\/\/www.facecorner.lv\/en\/shop\/sungboon-editor-green-tomato-pore-purifying-wash-off-mask-100g\/\" \/>\n<meta property=\"og:locale\" content=\"en_US\" \/>\n<meta property=\"og:type\" content=\"article\" \/>\n<meta property=\"og:title\" content=\"SUNGBOON EDITOR Green Tomato Pore Purifying Wash Off Mask 100g - FACECORNER\" \/>\n<meta property=\"og:description\" content=\"SUNGBOON EDITOR Green Tomato Pore Purifying Wash Off Mask att\u012bro\u0161a nomazg\u0101jama maska ar za\u013cajiem tom\u0101tiem poru sa\u0161aurin\u0101\u0161anai un mat\u0113\u0161anai.\" \/>\n<meta property=\"og:url\" content=\"https:\/\/www.facecorner.lv\/en\/shop\/sungboon-editor-green-tomato-pore-purifying-wash-off-mask-100g\/\" \/>\n<meta property=\"og:site_name\" content=\"FACECORNER\" \/>\n<meta property=\"article:publisher\" content=\"https:\/\/www.facebook.com\/profile.php?id=100063824551839\" \/>\n<meta property=\"article:modified_time\" content=\"2026-01-21T11:45:00+00:00\" \/>\n<meta property=\"og:image\" content=\"https:\/\/www.facecorner.lv\/wp-content\/uploads\/2025\/09\/s-l1200-3.jpg\" \/>\n\t<meta property=\"og:image:width\" content=\"1000\" \/>\n\t<meta property=\"og:image:height\" content=\"1000\" \/>\n\t<meta property=\"og:image:type\" content=\"image\/jpeg\" \/>\n<meta name=\"twitter:card\" content=\"summary_large_image\" \/>\n<meta name=\"twitter:label1\" content=\"Price\" \/>\n\t<meta name=\"twitter:data1\" content=\"&euro;29.00\" \/>\n\t<meta name=\"twitter:label2\" content=\"Availability\" \/>\n\t<meta name=\"twitter:data2\" content=\"In stock\" \/>\n<script type=\"application\/ld+json\" class=\"yoast-schema-graph\">{\"@context\":\"https:\\\/\\\/schema.org\",\"@graph\":[{\"@type\":\"WebPage\",\"@id\":\"https:\\\/\\\/www.facecorner.lv\\\/shop\\\/sungboon-editor-green-tomato-pore-purifying-wash-off-mask-100g\\\/\",\"url\":\"https:\\\/\\\/www.facecorner.lv\\\/shop\\\/sungboon-editor-green-tomato-pore-purifying-wash-off-mask-100g\\\/\",\"name\":\"SUNGBOON EDITOR Green Tomato Pore Purifying Wash Off Mask 100g - FACECORNER\",\"isPartOf\":{\"@id\":\"https:\\\/\\\/www.facecorner.lv\\\/#website\"},\"primaryImageOfPage\":{\"@id\":\"https:\\\/\\\/www.facecorner.lv\\\/shop\\\/sungboon-editor-green-tomato-pore-purifying-wash-off-mask-100g\\\/#primaryimage\"},\"image\":{\"@id\":\"https:\\\/\\\/www.facecorner.lv\\\/shop\\\/sungboon-editor-green-tomato-pore-purifying-wash-off-mask-100g\\\/#primaryimage\"},\"thumbnailUrl\":\"https:\\\/\\\/www.facecorner.lv\\\/wp-content\\\/uploads\\\/2025\\\/09\\\/s-l1200-3.jpg\",\"datePublished\":\"2025-09-10T11:25:03+00:00\",\"dateModified\":\"2026-01-21T11:45:00+00:00\",\"description\":\"SUNGBOON EDITOR Green Tomato Pore Purifying Wash Off Mask att\u012bro\u0161a nomazg\u0101jama maska ar za\u013cajiem tom\u0101tiem poru sa\u0161aurin\u0101\u0161anai un mat\u0113\u0161anai.\",\"breadcrumb\":{\"@id\":\"https:\\\/\\\/www.facecorner.lv\\\/shop\\\/sungboon-editor-green-tomato-pore-purifying-wash-off-mask-100g\\\/#breadcrumb\"},\"inLanguage\":\"en-US\",\"potentialAction\":[{\"@type\":\"ReadAction\",\"target\":[\"https:\\\/\\\/www.facecorner.lv\\\/shop\\\/sungboon-editor-green-tomato-pore-purifying-wash-off-mask-100g\\\/\"]}]},{\"@type\":\"ImageObject\",\"inLanguage\":\"en-US\",\"@id\":\"https:\\\/\\\/www.facecorner.lv\\\/shop\\\/sungboon-editor-green-tomato-pore-purifying-wash-off-mask-100g\\\/#primaryimage\",\"url\":\"https:\\\/\\\/www.facecorner.lv\\\/wp-content\\\/uploads\\\/2025\\\/09\\\/s-l1200-3.jpg\",\"contentUrl\":\"https:\\\/\\\/www.facecorner.lv\\\/wp-content\\\/uploads\\\/2025\\\/09\\\/s-l1200-3.jpg\",\"width\":1000,\"height\":1000,\"caption\":\"SUNGBOON EDITOR] Green Tomato Pore Purifying Wash Off Mask\"},{\"@type\":\"BreadcrumbList\",\"@id\":\"https:\\\/\\\/www.facecorner.lv\\\/shop\\\/sungboon-editor-green-tomato-pore-purifying-wash-off-mask-100g\\\/#breadcrumb\",\"itemListElement\":[{\"@type\":\"ListItem\",\"position\":1,\"name\":\"Home\",\"item\":\"https:\\\/\\\/www.facecorner.lv\\\/\"},{\"@type\":\"ListItem\",\"position\":2,\"name\":\"Veikals\",\"item\":\"https:\\\/\\\/www.facecorner.lv\\\/shop\\\/\"},{\"@type\":\"ListItem\",\"position\":3,\"name\":\"SUNGBOON EDITOR Green Tomato Pore Purifying Wash Off Mask 100g\"}]},{\"@type\":\"WebSite\",\"@id\":\"https:\\\/\\\/www.facecorner.lv\\\/#website\",\"url\":\"https:\\\/\\\/www.facecorner.lv\\\/\",\"name\":\"Facecorner\",\"description\":\"\",\"publisher\":{\"@id\":\"https:\\\/\\\/www.facecorner.lv\\\/#organization\"},\"potentialAction\":[{\"@type\":\"SearchAction\",\"target\":{\"@type\":\"EntryPoint\",\"urlTemplate\":\"https:\\\/\\\/www.facecorner.lv\\\/?s={search_term_string}\"},\"query-input\":{\"@type\":\"PropertyValueSpecification\",\"valueRequired\":true,\"valueName\":\"search_term_string\"}}],\"inLanguage\":\"en-US\"},{\"@type\":\"Organization\",\"@id\":\"https:\\\/\\\/www.facecorner.lv\\\/#organization\",\"name\":\"Facecorner\",\"url\":\"https:\\\/\\\/www.facecorner.lv\\\/\",\"logo\":{\"@type\":\"ImageObject\",\"inLanguage\":\"en-US\",\"@id\":\"https:\\\/\\\/www.facecorner.lv\\\/#\\\/schema\\\/logo\\\/image\\\/\",\"url\":\"https:\\\/\\\/www.facecorner.lv\\\/wp-content\\\/uploads\\\/2024\\\/04\\\/fc-logo.jpg\",\"contentUrl\":\"https:\\\/\\\/www.facecorner.lv\\\/wp-content\\\/uploads\\\/2024\\\/04\\\/fc-logo.jpg\",\"width\":174,\"height\":28,\"caption\":\"Facecorner\"},\"image\":{\"@id\":\"https:\\\/\\\/www.facecorner.lv\\\/#\\\/schema\\\/logo\\\/image\\\/\"},\"sameAs\":[\"https:\\\/\\\/www.facebook.com\\\/profile.php?id=100063824551839\",\"https:\\\/\\\/www.instagram.com\\\/facecorner_shop\\\/\"]}]}<\/script>\n<meta property=\"product:price:amount\" content=\"29.00\" \/>\n<meta property=\"product:price:currency\" content=\"EUR\" \/>\n<meta property=\"og:availability\" content=\"instock\" \/>\n<meta property=\"product:availability\" content=\"instock\" \/>\n<meta property=\"product:condition\" content=\"new\" \/>\n<!-- \/ Yoast SEO plugin. -->","yoast_head_json":{"title":"SUNGBOON EDITOR Green Tomato Pore Purifying Wash Off Mask 100g - FACECORNER","description":"SUNGBOON EDITOR Green Tomato Pore Purifying Wash Off Mask att\u012bro\u0161a nomazg\u0101jama maska ar za\u013cajiem tom\u0101tiem poru sa\u0161aurin\u0101\u0161anai un mat\u0113\u0161anai.","robots":{"index":"index","follow":"follow","max-snippet":"max-snippet:-1","max-image-preview":"max-image-preview:large","max-video-preview":"max-video-preview:-1"},"canonical":"https:\/\/www.facecorner.lv\/en\/shop\/sungboon-editor-green-tomato-pore-purifying-wash-off-mask-100g\/","og_locale":"en_US","og_type":"article","og_title":"SUNGBOON EDITOR Green Tomato Pore Purifying Wash Off Mask 100g - FACECORNER","og_description":"SUNGBOON EDITOR Green Tomato Pore Purifying Wash Off Mask att\u012bro\u0161a nomazg\u0101jama maska ar za\u013cajiem tom\u0101tiem poru sa\u0161aurin\u0101\u0161anai un mat\u0113\u0161anai.","og_url":"https:\/\/www.facecorner.lv\/en\/shop\/sungboon-editor-green-tomato-pore-purifying-wash-off-mask-100g\/","og_site_name":"FACECORNER","article_publisher":"https:\/\/www.facebook.com\/profile.php?id=100063824551839","article_modified_time":"2026-01-21T11:45:00+00:00","og_image":[{"width":1000,"height":1000,"url":"https:\/\/www.facecorner.lv\/wp-content\/uploads\/2025\/09\/s-l1200-3.jpg","type":"image\/jpeg"}],"twitter_card":"summary_large_image","twitter_misc":{"Price":"&euro;29.00","Availability":"In stock"},"schema":{"@context":"https:\/\/schema.org","@graph":[{"@type":"WebPage","@id":"https:\/\/www.facecorner.lv\/shop\/sungboon-editor-green-tomato-pore-purifying-wash-off-mask-100g\/","url":"https:\/\/www.facecorner.lv\/shop\/sungboon-editor-green-tomato-pore-purifying-wash-off-mask-100g\/","name":"SUNGBOON EDITOR Green Tomato Pore Purifying Wash Off Mask 100g - FACECORNER","isPartOf":{"@id":"https:\/\/www.facecorner.lv\/#website"},"primaryImageOfPage":{"@id":"https:\/\/www.facecorner.lv\/shop\/sungboon-editor-green-tomato-pore-purifying-wash-off-mask-100g\/#primaryimage"},"image":{"@id":"https:\/\/www.facecorner.lv\/shop\/sungboon-editor-green-tomato-pore-purifying-wash-off-mask-100g\/#primaryimage"},"thumbnailUrl":"https:\/\/www.facecorner.lv\/wp-content\/uploads\/2025\/09\/s-l1200-3.jpg","datePublished":"2025-09-10T11:25:03+00:00","dateModified":"2026-01-21T11:45:00+00:00","description":"SUNGBOON EDITOR Green Tomato Pore Purifying Wash Off Mask att\u012bro\u0161a nomazg\u0101jama maska ar za\u013cajiem tom\u0101tiem poru sa\u0161aurin\u0101\u0161anai un mat\u0113\u0161anai.","breadcrumb":{"@id":"https:\/\/www.facecorner.lv\/shop\/sungboon-editor-green-tomato-pore-purifying-wash-off-mask-100g\/#breadcrumb"},"inLanguage":"en-US","potentialAction":[{"@type":"ReadAction","target":["https:\/\/www.facecorner.lv\/shop\/sungboon-editor-green-tomato-pore-purifying-wash-off-mask-100g\/"]}]},{"@type":"ImageObject","inLanguage":"en-US","@id":"https:\/\/www.facecorner.lv\/shop\/sungboon-editor-green-tomato-pore-purifying-wash-off-mask-100g\/#primaryimage","url":"https:\/\/www.facecorner.lv\/wp-content\/uploads\/2025\/09\/s-l1200-3.jpg","contentUrl":"https:\/\/www.facecorner.lv\/wp-content\/uploads\/2025\/09\/s-l1200-3.jpg","width":1000,"height":1000,"caption":"SUNGBOON EDITOR] Green Tomato Pore Purifying Wash Off Mask"},{"@type":"BreadcrumbList","@id":"https:\/\/www.facecorner.lv\/shop\/sungboon-editor-green-tomato-pore-purifying-wash-off-mask-100g\/#breadcrumb","itemListElement":[{"@type":"ListItem","position":1,"name":"Home","item":"https:\/\/www.facecorner.lv\/"},{"@type":"ListItem","position":2,"name":"Veikals","item":"https:\/\/www.facecorner.lv\/shop\/"},{"@type":"ListItem","position":3,"name":"SUNGBOON EDITOR Green Tomato Pore Purifying Wash Off Mask 100g"}]},{"@type":"WebSite","@id":"https:\/\/www.facecorner.lv\/#website","url":"https:\/\/www.facecorner.lv\/","name":"Facecorner","description":"","publisher":{"@id":"https:\/\/www.facecorner.lv\/#organization"},"potentialAction":[{"@type":"SearchAction","target":{"@type":"EntryPoint","urlTemplate":"https:\/\/www.facecorner.lv\/?s={search_term_string}"},"query-input":{"@type":"PropertyValueSpecification","valueRequired":true,"valueName":"search_term_string"}}],"inLanguage":"en-US"},{"@type":"Organization","@id":"https:\/\/www.facecorner.lv\/#organization","name":"Facecorner","url":"https:\/\/www.facecorner.lv\/","logo":{"@type":"ImageObject","inLanguage":"en-US","@id":"https:\/\/www.facecorner.lv\/#\/schema\/logo\/image\/","url":"https:\/\/www.facecorner.lv\/wp-content\/uploads\/2024\/04\/fc-logo.jpg","contentUrl":"https:\/\/www.facecorner.lv\/wp-content\/uploads\/2024\/04\/fc-logo.jpg","width":174,"height":28,"caption":"Facecorner"},"image":{"@id":"https:\/\/www.facecorner.lv\/#\/schema\/logo\/image\/"},"sameAs":["https:\/\/www.facebook.com\/profile.php?id=100063824551839","https:\/\/www.instagram.com\/facecorner_shop\/"]}]},"product_price_amount":"29.00","product_price_currency":"EUR","og_availability":"instock","product_availability":"instock","product_condition":"new"},"_links":{"self":[{"href":"https:\/\/www.facecorner.lv\/en\/wp-json\/wp\/v2\/product\/25216","targetHints":{"allow":["GET"]}}],"collection":[{"href":"https:\/\/www.facecorner.lv\/en\/wp-json\/wp\/v2\/product"}],"about":[{"href":"https:\/\/www.facecorner.lv\/en\/wp-json\/wp\/v2\/types\/product"}],"replies":[{"embeddable":true,"href":"https:\/\/www.facecorner.lv\/en\/wp-json\/wp\/v2\/comments?post=25216"}],"wp:featuredmedia":[{"embeddable":true,"href":"https:\/\/www.facecorner.lv\/en\/wp-json\/wp\/v2\/media\/25217"}],"wp:attachment":[{"href":"https:\/\/www.facecorner.lv\/en\/wp-json\/wp\/v2\/media?parent=25216"}],"wp:term":[{"taxonomy":"product_brand","embeddable":true,"href":"https:\/\/www.facecorner.lv\/en\/wp-json\/wp\/v2\/product_brand?post=25216"},{"taxonomy":"product_cat","embeddable":true,"href":"https:\/\/www.facecorner.lv\/en\/wp-json\/wp\/v2\/product_cat?post=25216"},{"taxonomy":"product_tag","embeddable":true,"href":"https:\/\/www.facecorner.lv\/en\/wp-json\/wp\/v2\/product_tag?post=25216"},{"taxonomy":"berocket_brand","embeddable":true,"href":"https:\/\/www.facecorner.lv\/en\/wp-json\/wp\/v2\/berocket_brand?post=25216"}],"curies":[{"name":"wp","href":"https:\/\/api.w.org\/{rel}","templated":true}]}}